{"id":1892,"date":"2018-05-30T09:49:22","date_gmt":"2018-05-30T07:49:22","guid":{"rendered":"https:\/\/www.terraaquatica.com\/produits\/ebb-html-4\/"},"modified":"2024-05-07T08:58:21","modified_gmt":"2024-05-07T06:58:21","slug":"ebb-html-4","status":"publish","type":"product","link":"https:\/\/www.terraaquatica.com\/de\/anbausysteme\/ebb-html-4","title":{"rendered":"EBB&#038;GROW\u00ae"},"content":{"rendered":"<p><em>Ein Terra Aquatica-System in bew\u00e4hrter Ausf\u00fchrung, das den Einstieg in die Hydroponik jetzt noch einfacher macht<\/em><\/p>\n<p>Perfekt f\u00fcr Balkone, kleinen G\u00e4rten und Indoor-Anbau : mit Ebb&amp;Grow\u00ae k\u00f6nnen Sie Pflanzen mit allen Vorteilen der Hydroponik in T\u00f6pfen anbauen.<\/p>\n<ul>\n<li>100 Liter Vorratsbeh\u00e4lterinhalt<\/li>\n<li>Extrem robuste Ausf\u00fchrung<\/li>\n<li>Nur 6,5 Watt Verbrauch<\/li>\n<li>Anbau in beliebigen T\u00f6pfen mit Kokosfaser, Bl\u00e4hton oder Erde<\/li>\n<li>H\u00f6here Ertr\u00e4ge, weniger Aufwand, keine Kabel und Schl\u00e4uche, keine aufw\u00e4ndige Technik<\/li>\n<\/ul>\n<p>Sie m\u00f6chten K\u00fcchenkr\u00e4uter und Gem\u00fcse bei Ihnen zu Hause, am Arbeitsplatz oder in der Schule hydroponisch aufziehen? Dann ist Ebb&amp;Grow\u00ae genau das Richtige f\u00fcr Sie : Das System ist mit jedem Topf, mit fast allen Substraten \u2013 am besten jedoch mit <a href=\"https:\/\/www.terraaquatica.com\/de\/substrate\/cocofiber-html-4\/\">Coco Fiber with Perlite<\/a> \u2013 einsetzbar, und Sie k\u00f6nnen Ihre Pflanzen beliebig darin anordnen. Kr\u00e4uter vorn, Tomaten und Chilischoten dahinter. Kein Problem. Diesen Monat nur Salate, n\u00e4chsten Monat nur Schnittblumen? Auch kein Problem. Unsere Hydroponiksysteme sind flexibel, aber keines ist so anpassungsf\u00e4hig wie Ebb&amp;Grow\u00ae, das sich au\u00dferdem leicht zerlegen und damit reinigen l\u00e4sst, weder \u00fcberlaufen noch undicht werden kann und in (fast) jede freie Ecke passt.<\/p>\n<p>Terra Aquatica Ebb&amp;Grow\u00ae ist ein so genanntes Fluttischsystem, bei dem eine einfache Zeitschaltuhr (nicht im Lieferumfang inbegriffen) in programmierten Zeitabst\u00e4nden eine Pumpe einschaltet, die den Tisch mit N\u00e4hrl\u00f6sung \u201eflutet\u201c, die verbrauchte Luft aus dem Wurzelbereich wegsp\u00fclt, die Wurzeln mit Wasser und Nahrung versorgt und beim Abflie\u00dfen in den Vorratsbeh\u00e4lter frische Luft an die Wurzeln l\u00e4sst. Ein Kasten reicht f\u00fcr 32 T\u00f6pfe von 15 cm Durchmesser bzw. 22 Pflanztaschen je 3,75 Liter oder jede andere Topfgr\u00f6\u00dfe, die auf einer 95 cm\u00b2 gro\u00dfe Fl\u00e4che Platz findet, und passt mit einer Bauh\u00f6he von nur 36 cm auch in Nischen mit niedriger Decke.<\/p>\n<p>Ebb&amp;Grow\u00ae-K\u00e4sten werden wie alle anderen Terra Aquatica-Pflanzsysteme im Rotationsgussverfahren aus dauerhaltbarem, UV-undurchl\u00e4ssigem 100 % Recycling-Kunststoff hergestellt und sind \u2013 branchenweit einzigartig \u2013 lebenslang garantiert*.<\/p>\n<p><span style=\"font-size: 11px;\">* Die lebenslange Garantie gilt nur f\u00fcr die von Terra Aquatica in Frankreich hergestellten Systembauteile aus Rotationsgusskunststoff bei sachgerechtem Einsatz. Zubeh\u00f6rteile, Motoren u. \u00e4. sind ausgeschlossen.<\/span><\/p>\n\n\n<p class=\"has-normal-font-size\"><strong>Montageanleitung<\/strong><\/p>\n\n\n\n<figure class=\"wp-block-embed is-type-video is-provider-youtube wp-block-embed-youtube wp-embed-aspect-16-9 wp-has-aspect-ratio\"><div class=\"wp-block-embed__wrapper\">\n<iframe title=\"Montage du Ebb &amp; Grow \u00ae Terra Aquatica\" width=\"500\" height=\"281\" src=\"https:\/\/www.youtube.com\/embed\/YfOZQcM7s0M?feature=oembed\" frameborder=\"0\" allow=\"accelerometer; autoplay; clipboard-write; encrypted-media; gyroscope; picture-in-picture; web-share\" referrerpolicy=\"strict-origin-when-cross-origin\" allowfullscreen><\/iframe>\n<\/div><\/figure>\n","protected":false},"author":3,"template":"","meta":{"_acf_changed":false},"m_thode_de_culture":[31,32],"substrat":[],"product_category":[272],"class_list":["post-1892","product","type-product","status-publish","has-post-thumbnail","hentry","m_thode_de_culture-mineral-en","m_thode_de_culture-organic-en","product_category-anbausysteme"],"acf":[],"yoast_head":"<!-- This site is optimized with the Yoast SEO plugin v27.3 - https:\/\/yoast.com\/product\/yoast-seo-wordpress\/ -->\n<title>EBB&amp;GROW\u00ae - Terra Aquatica<\/title>\n<meta name=\"robots\" content=\"index, follow, max-snippet:-1, max-image-preview:large, max-video-preview:-1\" \/>\n<link rel=\"canonical\" href=\"https:\/\/www.terraaquatica.com\/de\/anbausysteme\/ebb-html-4\/\" \/>\n<meta property=\"og:locale\" content=\"de_DE\" \/>\n<meta property=\"og:type\" content=\"article\" \/>\n<meta property=\"og:title\" content=\"EBB&amp;GROW\u00ae - Terra Aquatica\" \/>\n<meta property=\"og:description\" content=\"Ein Terra Aquatica-System in bew\u00e4hrter Ausf\u00fchrung, das den Einstieg in die Hydroponik jetzt noch einfacher macht Perfekt f\u00fcr Balkone, kleinen [&hellip;]\" \/>\n<meta property=\"og:url\" content=\"https:\/\/www.terraaquatica.com\/de\/anbausysteme\/ebb-html-4\" \/>\n<meta property=\"og:site_name\" content=\"Terra Aquatica\" \/>\n<meta property=\"article:modified_time\" content=\"2024-05-07T06:58:21+00:00\" \/>\n<meta property=\"og:image\" content=\"https:\/\/www.terraaquatica.com\/wp-content\/uploads\/2017\/11\/ebbgrow_0.png\" \/>\n\t<meta property=\"og:image:width\" content=\"720\" \/>\n\t<meta property=\"og:image:height\" content=\"720\" \/>\n\t<meta property=\"og:image:type\" content=\"image\/png\" \/>\n<meta name=\"twitter:card\" content=\"summary_large_image\" \/>\n<meta name=\"twitter:label1\" content=\"Gesch\u00e4tzte Lesezeit\" \/>\n\t<meta name=\"twitter:data1\" content=\"2\u00a0Minuten\" \/>\n<script type=\"application\/ld+json\" class=\"yoast-schema-graph\">{\"@context\":\"https:\\\/\\\/schema.org\",\"@graph\":[{\"@type\":\"WebPage\",\"@id\":\"https:\\\/\\\/www.terraaquatica.com\\\/de\\\/anbausysteme\\\/ebb-html-4\",\"url\":\"https:\\\/\\\/www.terraaquatica.com\\\/de\\\/anbausysteme\\\/ebb-html-4\",\"name\":\"EBB&GROW\u00ae - Terra Aquatica\",\"isPartOf\":{\"@id\":\"https:\\\/\\\/www.terraaquatica.com\\\/#website\"},\"primaryImageOfPage\":{\"@id\":\"https:\\\/\\\/www.terraaquatica.com\\\/de\\\/anbausysteme\\\/ebb-html-4#primaryimage\"},\"image\":{\"@id\":\"https:\\\/\\\/www.terraaquatica.com\\\/de\\\/anbausysteme\\\/ebb-html-4#primaryimage\"},\"thumbnailUrl\":\"https:\\\/\\\/www.terraaquatica.com\\\/wp-content\\\/uploads\\\/2017\\\/11\\\/ebbgrow_0.png\",\"datePublished\":\"2018-05-30T07:49:22+00:00\",\"dateModified\":\"2024-05-07T06:58:21+00:00\",\"breadcrumb\":{\"@id\":\"https:\\\/\\\/www.terraaquatica.com\\\/de\\\/anbausysteme\\\/ebb-html-4#breadcrumb\"},\"inLanguage\":\"de\",\"potentialAction\":[{\"@type\":\"ReadAction\",\"target\":[\"https:\\\/\\\/www.terraaquatica.com\\\/de\\\/anbausysteme\\\/ebb-html-4\"]}]},{\"@type\":\"ImageObject\",\"inLanguage\":\"de\",\"@id\":\"https:\\\/\\\/www.terraaquatica.com\\\/de\\\/anbausysteme\\\/ebb-html-4#primaryimage\",\"url\":\"https:\\\/\\\/www.terraaquatica.com\\\/wp-content\\\/uploads\\\/2017\\\/11\\\/ebbgrow_0.png\",\"contentUrl\":\"https:\\\/\\\/www.terraaquatica.com\\\/wp-content\\\/uploads\\\/2017\\\/11\\\/ebbgrow_0.png\",\"width\":720,\"height\":720,\"caption\":\"Ebb&Grow\"},{\"@type\":\"BreadcrumbList\",\"@id\":\"https:\\\/\\\/www.terraaquatica.com\\\/de\\\/anbausysteme\\\/ebb-html-4#breadcrumb\",\"itemListElement\":[{\"@type\":\"ListItem\",\"position\":1,\"name\":\"Accueil\",\"item\":\"https:\\\/\\\/www.terraaquatica.com\\\/de\\\/\"},{\"@type\":\"ListItem\",\"position\":2,\"name\":\"Products\",\"item\":\"https:\\\/\\\/www.terraaquatica.com\\\/de\\\/product\\\/\"},{\"@type\":\"ListItem\",\"position\":3,\"name\":\"EBB&#038;GROW\u00ae\"}]},{\"@type\":\"WebSite\",\"@id\":\"https:\\\/\\\/www.terraaquatica.com\\\/#website\",\"url\":\"https:\\\/\\\/www.terraaquatica.com\\\/\",\"name\":\"Terra Aquatica\",\"description\":\"Engrais et syst\u00e8mes de culture depuis 1995\",\"publisher\":{\"@id\":\"https:\\\/\\\/www.terraaquatica.com\\\/#organization\"},\"potentialAction\":[{\"@type\":\"SearchAction\",\"target\":{\"@type\":\"EntryPoint\",\"urlTemplate\":\"https:\\\/\\\/www.terraaquatica.com\\\/?s={search_term_string}\"},\"query-input\":{\"@type\":\"PropertyValueSpecification\",\"valueRequired\":true,\"valueName\":\"search_term_string\"}}],\"inLanguage\":\"de\"},{\"@type\":\"Organization\",\"@id\":\"https:\\\/\\\/www.terraaquatica.com\\\/#organization\",\"name\":\"Terra Aquatica\",\"url\":\"https:\\\/\\\/www.terraaquatica.com\\\/\",\"logo\":{\"@type\":\"ImageObject\",\"inLanguage\":\"de\",\"@id\":\"https:\\\/\\\/www.terraaquatica.com\\\/#\\\/schema\\\/logo\\\/image\\\/\",\"url\":\"https:\\\/\\\/www.terraaquatica.com\\\/wp-content\\\/uploads\\\/2022\\\/03\\\/favicon-transpa-big.png\",\"contentUrl\":\"https:\\\/\\\/www.terraaquatica.com\\\/wp-content\\\/uploads\\\/2022\\\/03\\\/favicon-transpa-big.png\",\"width\":512,\"height\":512,\"caption\":\"Terra Aquatica\"},\"image\":{\"@id\":\"https:\\\/\\\/www.terraaquatica.com\\\/#\\\/schema\\\/logo\\\/image\\\/\"}}]}<\/script>\n<!-- \/ Yoast SEO plugin. -->","yoast_head_json":{"title":"EBB&GROW\u00ae - Terra Aquatica","robots":{"index":"index","follow":"follow","max-snippet":"max-snippet:-1","max-image-preview":"max-image-preview:large","max-video-preview":"max-video-preview:-1"},"canonical":"https:\/\/www.terraaquatica.com\/de\/anbausysteme\/ebb-html-4\/","og_locale":"de_DE","og_type":"article","og_title":"EBB&GROW\u00ae - Terra Aquatica","og_description":"Ein Terra Aquatica-System in bew\u00e4hrter Ausf\u00fchrung, das den Einstieg in die Hydroponik jetzt noch einfacher macht Perfekt f\u00fcr Balkone, kleinen [&hellip;]","og_url":"https:\/\/www.terraaquatica.com\/de\/anbausysteme\/ebb-html-4","og_site_name":"Terra Aquatica","article_modified_time":"2024-05-07T06:58:21+00:00","og_image":[{"width":720,"height":720,"url":"https:\/\/www.terraaquatica.com\/wp-content\/uploads\/2017\/11\/ebbgrow_0.png","type":"image\/png"}],"twitter_card":"summary_large_image","twitter_misc":{"Gesch\u00e4tzte Lesezeit":"2\u00a0Minuten"},"schema":{"@context":"https:\/\/schema.org","@graph":[{"@type":"WebPage","@id":"https:\/\/www.terraaquatica.com\/de\/anbausysteme\/ebb-html-4","url":"https:\/\/www.terraaquatica.com\/de\/anbausysteme\/ebb-html-4","name":"EBB&GROW\u00ae - Terra Aquatica","isPartOf":{"@id":"https:\/\/www.terraaquatica.com\/#website"},"primaryImageOfPage":{"@id":"https:\/\/www.terraaquatica.com\/de\/anbausysteme\/ebb-html-4#primaryimage"},"image":{"@id":"https:\/\/www.terraaquatica.com\/de\/anbausysteme\/ebb-html-4#primaryimage"},"thumbnailUrl":"https:\/\/www.terraaquatica.com\/wp-content\/uploads\/2017\/11\/ebbgrow_0.png","datePublished":"2018-05-30T07:49:22+00:00","dateModified":"2024-05-07T06:58:21+00:00","breadcrumb":{"@id":"https:\/\/www.terraaquatica.com\/de\/anbausysteme\/ebb-html-4#breadcrumb"},"inLanguage":"de","potentialAction":[{"@type":"ReadAction","target":["https:\/\/www.terraaquatica.com\/de\/anbausysteme\/ebb-html-4"]}]},{"@type":"ImageObject","inLanguage":"de","@id":"https:\/\/www.terraaquatica.com\/de\/anbausysteme\/ebb-html-4#primaryimage","url":"https:\/\/www.terraaquatica.com\/wp-content\/uploads\/2017\/11\/ebbgrow_0.png","contentUrl":"https:\/\/www.terraaquatica.com\/wp-content\/uploads\/2017\/11\/ebbgrow_0.png","width":720,"height":720,"caption":"Ebb&Grow"},{"@type":"BreadcrumbList","@id":"https:\/\/www.terraaquatica.com\/de\/anbausysteme\/ebb-html-4#breadcrumb","itemListElement":[{"@type":"ListItem","position":1,"name":"Accueil","item":"https:\/\/www.terraaquatica.com\/de\/"},{"@type":"ListItem","position":2,"name":"Products","item":"https:\/\/www.terraaquatica.com\/de\/product\/"},{"@type":"ListItem","position":3,"name":"EBB&#038;GROW\u00ae"}]},{"@type":"WebSite","@id":"https:\/\/www.terraaquatica.com\/#website","url":"https:\/\/www.terraaquatica.com\/","name":"Terra Aquatica","description":"Engrais et syst\u00e8mes de culture depuis 1995","publisher":{"@id":"https:\/\/www.terraaquatica.com\/#organization"},"potentialAction":[{"@type":"SearchAction","target":{"@type":"EntryPoint","urlTemplate":"https:\/\/www.terraaquatica.com\/?s={search_term_string}"},"query-input":{"@type":"PropertyValueSpecification","valueRequired":true,"valueName":"search_term_string"}}],"inLanguage":"de"},{"@type":"Organization","@id":"https:\/\/www.terraaquatica.com\/#organization","name":"Terra Aquatica","url":"https:\/\/www.terraaquatica.com\/","logo":{"@type":"ImageObject","inLanguage":"de","@id":"https:\/\/www.terraaquatica.com\/#\/schema\/logo\/image\/","url":"https:\/\/www.terraaquatica.com\/wp-content\/uploads\/2022\/03\/favicon-transpa-big.png","contentUrl":"https:\/\/www.terraaquatica.com\/wp-content\/uploads\/2022\/03\/favicon-transpa-big.png","width":512,"height":512,"caption":"Terra Aquatica"},"image":{"@id":"https:\/\/www.terraaquatica.com\/#\/schema\/logo\/image\/"}}]}},"_links":{"self":[{"href":"https:\/\/www.terraaquatica.com\/de\/wp-json\/wp\/v2\/product\/1892","targetHints":{"allow":["GET"]}}],"collection":[{"href":"https:\/\/www.terraaquatica.com\/de\/wp-json\/wp\/v2\/product"}],"about":[{"href":"https:\/\/www.terraaquatica.com\/de\/wp-json\/wp\/v2\/types\/product"}],"author":[{"embeddable":true,"href":"https:\/\/www.terraaquatica.com\/de\/wp-json\/wp\/v2\/users\/3"}],"wp:featuredmedia":[{"embeddable":true,"href":"https:\/\/www.terraaquatica.com\/de\/wp-json\/wp\/v2\/media\/1635"}],"wp:attachment":[{"href":"https:\/\/www.terraaquatica.com\/de\/wp-json\/wp\/v2\/media?parent=1892"}],"wp:term":[{"taxonomy":"m_thode_de_culture","embeddable":true,"href":"https:\/\/www.terraaquatica.com\/de\/wp-json\/wp\/v2\/m_thode_de_culture?post=1892"},{"taxonomy":"substrat","embeddable":true,"href":"https:\/\/www.terraaquatica.com\/de\/wp-json\/wp\/v2\/substrat?post=1892"},{"taxonomy":"product_category","embeddable":true,"href":"https:\/\/www.terraaquatica.com\/de\/wp-json\/wp\/v2\/product_category?post=1892"}],"curies":[{"name":"wp","href":"https:\/\/api.w.org\/{rel}","templated":true}]}}