{"id":1895,"date":"2018-05-30T10:01:58","date_gmt":"2018-05-30T08:01:58","guid":{"rendered":"https:\/\/www.terraaquatica.com\/produits\/rainforest-html-4\/"},"modified":"2025-02-26T11:07:53","modified_gmt":"2025-02-26T10:07:53","slug":"hydrocloner-l","status":"publish","type":"product","link":"https:\/\/www.terraaquatica.com\/de\/anbausysteme\/hydrocloner-l","title":{"rendered":"HydroCloner\u00ae Spinner 72"},"content":{"rendered":"<p><em>Eine kompakt gebaute Station mit vielen Anzuchtpl\u00e4tzen.<\/em><\/p>\n<p>Der HydroCloner\u00ae Spinner 72 ist mit dem gleichen Vortex-Motor ausgestattet wie die \u00fcbrigen Modelle unserer Original\u00ad RainForest-Reihe. Er versorgt bis zu 72 Pflanzen optimal mit sauerstoffreicher N\u00e4hrl\u00f6sung und macht Abdeckungen \u00fcberfl\u00fcssig.<\/p>\n<p>Die Anzuchtstation HydroCloner\u00ae Spinner 72 kommt in den gr\u00f6\u00dften US-amerikanischen Forschungseinrichtungen \u2013 u. a. in Los Alamos und im Argonne National Laboratory- zum Einsatz, die damit im Vergleich zu anderen Systemen spektakul\u00e4re Wachstumsraten erzielt haben.<\/p>\n<ul>\n<li>Anzucht von 72 Pflanzen auf einer Bodenfl\u00e4che von nur 67 x 67 cm<\/li>\n<li>Gro\u00dfer Vorratsbeh\u00e4lter (70 Liter) sorgt f\u00fcr stabilen pH<\/li>\n<li>In Frankreich aus UV-stabilisiertem und -undurchl\u00e4ssigem 100% Recyclingkunststoff hergestellt<\/li>\n<li>Lebenslange Garantie!*<\/li>\n<\/ul>\n<p><strong>Neu!<\/strong>\u00a0Der HydroCloner 27 und der Spinner 72 kommen jetzt mit Neopren-Scheiben, der die Netzt\u00f6pfe ersetzt. Viel einfacher zu handhaben und zu reinigen, k\u00f6nnen sie immer wieder benutzt werden \u2026 und wieder!<\/p>\n<p><span style=\"font-size: 11px;\">* Die lebenslange Garantie gilt nur f\u00fcr die von Terra Aquatica in Frankreich hergestellten Systembauteile aus Rotationsgusskunststoff bei sachgerechtem Einsatz. Zubeh\u00f6rteile, Motoren u. \u00e4. sind ausgeschlossen.<\/span><\/p>\n","protected":false},"author":3,"template":"","meta":{"_acf_changed":true},"m_thode_de_culture":[31,32],"substrat":[],"product_category":[272],"class_list":["post-1895","product","type-product","status-publish","has-post-thumbnail","hentry","m_thode_de_culture-mineral-en","m_thode_de_culture-organic-en","product_category-anbausysteme"],"acf":[],"yoast_head":"<!-- This site is optimized with the Yoast SEO plugin v27.3 - https:\/\/yoast.com\/product\/yoast-seo-wordpress\/ -->\n<title>HydroCloner\u00ae Spinner 72 - Terra Aquatica<\/title>\n<meta name=\"robots\" content=\"index, follow, max-snippet:-1, max-image-preview:large, max-video-preview:-1\" \/>\n<link rel=\"canonical\" href=\"https:\/\/www.terraaquatica.com\/de\/anbausysteme\/hydrocloner-l\/\" \/>\n<meta property=\"og:locale\" content=\"de_DE\" \/>\n<meta property=\"og:type\" content=\"article\" \/>\n<meta property=\"og:title\" content=\"HydroCloner\u00ae Spinner 72 - Terra Aquatica\" \/>\n<meta property=\"og:description\" content=\"Eine kompakt gebaute Station mit vielen Anzuchtpl\u00e4tzen. Der HydroCloner\u00ae Spinner 72 ist mit dem gleichen Vortex-Motor ausgestattet wie die \u00fcbrigen [&hellip;]\" \/>\n<meta property=\"og:url\" content=\"https:\/\/www.terraaquatica.com\/de\/anbausysteme\/hydrocloner-l\" \/>\n<meta property=\"og:site_name\" content=\"Terra Aquatica\" \/>\n<meta property=\"article:modified_time\" content=\"2025-02-26T10:07:53+00:00\" \/>\n<meta property=\"og:image\" content=\"https:\/\/www.terraaquatica.com\/wp-content\/uploads\/2017\/11\/rainforest72-2017.png\" \/>\n\t<meta property=\"og:image:width\" content=\"720\" \/>\n\t<meta property=\"og:image:height\" content=\"720\" \/>\n\t<meta property=\"og:image:type\" content=\"image\/png\" \/>\n<meta name=\"twitter:card\" content=\"summary_large_image\" \/>\n<meta name=\"twitter:label1\" content=\"Gesch\u00e4tzte Lesezeit\" \/>\n\t<meta name=\"twitter:data1\" content=\"1\u00a0Minute\" \/>\n<script type=\"application\/ld+json\" class=\"yoast-schema-graph\">{\"@context\":\"https:\\\/\\\/schema.org\",\"@graph\":[{\"@type\":\"WebPage\",\"@id\":\"https:\\\/\\\/www.terraaquatica.com\\\/de\\\/anbausysteme\\\/hydrocloner-l\",\"url\":\"https:\\\/\\\/www.terraaquatica.com\\\/de\\\/anbausysteme\\\/hydrocloner-l\",\"name\":\"HydroCloner\u00ae Spinner 72 - Terra Aquatica\",\"isPartOf\":{\"@id\":\"https:\\\/\\\/www.terraaquatica.com\\\/#website\"},\"primaryImageOfPage\":{\"@id\":\"https:\\\/\\\/www.terraaquatica.com\\\/de\\\/anbausysteme\\\/hydrocloner-l#primaryimage\"},\"image\":{\"@id\":\"https:\\\/\\\/www.terraaquatica.com\\\/de\\\/anbausysteme\\\/hydrocloner-l#primaryimage\"},\"thumbnailUrl\":\"https:\\\/\\\/www.terraaquatica.com\\\/wp-content\\\/uploads\\\/2017\\\/11\\\/rainforest72-2017.png\",\"datePublished\":\"2018-05-30T08:01:58+00:00\",\"dateModified\":\"2025-02-26T10:07:53+00:00\",\"breadcrumb\":{\"@id\":\"https:\\\/\\\/www.terraaquatica.com\\\/de\\\/anbausysteme\\\/hydrocloner-l#breadcrumb\"},\"inLanguage\":\"de\",\"potentialAction\":[{\"@type\":\"ReadAction\",\"target\":[\"https:\\\/\\\/www.terraaquatica.com\\\/de\\\/anbausysteme\\\/hydrocloner-l\"]}]},{\"@type\":\"ImageObject\",\"inLanguage\":\"de\",\"@id\":\"https:\\\/\\\/www.terraaquatica.com\\\/de\\\/anbausysteme\\\/hydrocloner-l#primaryimage\",\"url\":\"https:\\\/\\\/www.terraaquatica.com\\\/wp-content\\\/uploads\\\/2017\\\/11\\\/rainforest72-2017.png\",\"contentUrl\":\"https:\\\/\\\/www.terraaquatica.com\\\/wp-content\\\/uploads\\\/2017\\\/11\\\/rainforest72-2017.png\",\"width\":720,\"height\":720,\"caption\":\"Rainforest72\"},{\"@type\":\"BreadcrumbList\",\"@id\":\"https:\\\/\\\/www.terraaquatica.com\\\/de\\\/anbausysteme\\\/hydrocloner-l#breadcrumb\",\"itemListElement\":[{\"@type\":\"ListItem\",\"position\":1,\"name\":\"Accueil\",\"item\":\"https:\\\/\\\/www.terraaquatica.com\\\/de\\\/\"},{\"@type\":\"ListItem\",\"position\":2,\"name\":\"Products\",\"item\":\"https:\\\/\\\/www.terraaquatica.com\\\/de\\\/product\\\/\"},{\"@type\":\"ListItem\",\"position\":3,\"name\":\"HydroCloner\u00ae Spinner 72\"}]},{\"@type\":\"WebSite\",\"@id\":\"https:\\\/\\\/www.terraaquatica.com\\\/#website\",\"url\":\"https:\\\/\\\/www.terraaquatica.com\\\/\",\"name\":\"Terra Aquatica\",\"description\":\"Engrais et syst\u00e8mes de culture depuis 1995\",\"publisher\":{\"@id\":\"https:\\\/\\\/www.terraaquatica.com\\\/#organization\"},\"potentialAction\":[{\"@type\":\"SearchAction\",\"target\":{\"@type\":\"EntryPoint\",\"urlTemplate\":\"https:\\\/\\\/www.terraaquatica.com\\\/?s={search_term_string}\"},\"query-input\":{\"@type\":\"PropertyValueSpecification\",\"valueRequired\":true,\"valueName\":\"search_term_string\"}}],\"inLanguage\":\"de\"},{\"@type\":\"Organization\",\"@id\":\"https:\\\/\\\/www.terraaquatica.com\\\/#organization\",\"name\":\"Terra Aquatica\",\"url\":\"https:\\\/\\\/www.terraaquatica.com\\\/\",\"logo\":{\"@type\":\"ImageObject\",\"inLanguage\":\"de\",\"@id\":\"https:\\\/\\\/www.terraaquatica.com\\\/#\\\/schema\\\/logo\\\/image\\\/\",\"url\":\"https:\\\/\\\/www.terraaquatica.com\\\/wp-content\\\/uploads\\\/2022\\\/03\\\/favicon-transpa-big.png\",\"contentUrl\":\"https:\\\/\\\/www.terraaquatica.com\\\/wp-content\\\/uploads\\\/2022\\\/03\\\/favicon-transpa-big.png\",\"width\":512,\"height\":512,\"caption\":\"Terra Aquatica\"},\"image\":{\"@id\":\"https:\\\/\\\/www.terraaquatica.com\\\/#\\\/schema\\\/logo\\\/image\\\/\"}}]}<\/script>\n<!-- \/ Yoast SEO plugin. -->","yoast_head_json":{"title":"HydroCloner\u00ae Spinner 72 - Terra Aquatica","robots":{"index":"index","follow":"follow","max-snippet":"max-snippet:-1","max-image-preview":"max-image-preview:large","max-video-preview":"max-video-preview:-1"},"canonical":"https:\/\/www.terraaquatica.com\/de\/anbausysteme\/hydrocloner-l\/","og_locale":"de_DE","og_type":"article","og_title":"HydroCloner\u00ae Spinner 72 - Terra Aquatica","og_description":"Eine kompakt gebaute Station mit vielen Anzuchtpl\u00e4tzen. Der HydroCloner\u00ae Spinner 72 ist mit dem gleichen Vortex-Motor ausgestattet wie die \u00fcbrigen [&hellip;]","og_url":"https:\/\/www.terraaquatica.com\/de\/anbausysteme\/hydrocloner-l","og_site_name":"Terra Aquatica","article_modified_time":"2025-02-26T10:07:53+00:00","og_image":[{"width":720,"height":720,"url":"https:\/\/www.terraaquatica.com\/wp-content\/uploads\/2017\/11\/rainforest72-2017.png","type":"image\/png"}],"twitter_card":"summary_large_image","twitter_misc":{"Gesch\u00e4tzte Lesezeit":"1\u00a0Minute"},"schema":{"@context":"https:\/\/schema.org","@graph":[{"@type":"WebPage","@id":"https:\/\/www.terraaquatica.com\/de\/anbausysteme\/hydrocloner-l","url":"https:\/\/www.terraaquatica.com\/de\/anbausysteme\/hydrocloner-l","name":"HydroCloner\u00ae Spinner 72 - Terra Aquatica","isPartOf":{"@id":"https:\/\/www.terraaquatica.com\/#website"},"primaryImageOfPage":{"@id":"https:\/\/www.terraaquatica.com\/de\/anbausysteme\/hydrocloner-l#primaryimage"},"image":{"@id":"https:\/\/www.terraaquatica.com\/de\/anbausysteme\/hydrocloner-l#primaryimage"},"thumbnailUrl":"https:\/\/www.terraaquatica.com\/wp-content\/uploads\/2017\/11\/rainforest72-2017.png","datePublished":"2018-05-30T08:01:58+00:00","dateModified":"2025-02-26T10:07:53+00:00","breadcrumb":{"@id":"https:\/\/www.terraaquatica.com\/de\/anbausysteme\/hydrocloner-l#breadcrumb"},"inLanguage":"de","potentialAction":[{"@type":"ReadAction","target":["https:\/\/www.terraaquatica.com\/de\/anbausysteme\/hydrocloner-l"]}]},{"@type":"ImageObject","inLanguage":"de","@id":"https:\/\/www.terraaquatica.com\/de\/anbausysteme\/hydrocloner-l#primaryimage","url":"https:\/\/www.terraaquatica.com\/wp-content\/uploads\/2017\/11\/rainforest72-2017.png","contentUrl":"https:\/\/www.terraaquatica.com\/wp-content\/uploads\/2017\/11\/rainforest72-2017.png","width":720,"height":720,"caption":"Rainforest72"},{"@type":"BreadcrumbList","@id":"https:\/\/www.terraaquatica.com\/de\/anbausysteme\/hydrocloner-l#breadcrumb","itemListElement":[{"@type":"ListItem","position":1,"name":"Accueil","item":"https:\/\/www.terraaquatica.com\/de\/"},{"@type":"ListItem","position":2,"name":"Products","item":"https:\/\/www.terraaquatica.com\/de\/product\/"},{"@type":"ListItem","position":3,"name":"HydroCloner\u00ae Spinner 72"}]},{"@type":"WebSite","@id":"https:\/\/www.terraaquatica.com\/#website","url":"https:\/\/www.terraaquatica.com\/","name":"Terra Aquatica","description":"Engrais et syst\u00e8mes de culture depuis 1995","publisher":{"@id":"https:\/\/www.terraaquatica.com\/#organization"},"potentialAction":[{"@type":"SearchAction","target":{"@type":"EntryPoint","urlTemplate":"https:\/\/www.terraaquatica.com\/?s={search_term_string}"},"query-input":{"@type":"PropertyValueSpecification","valueRequired":true,"valueName":"search_term_string"}}],"inLanguage":"de"},{"@type":"Organization","@id":"https:\/\/www.terraaquatica.com\/#organization","name":"Terra Aquatica","url":"https:\/\/www.terraaquatica.com\/","logo":{"@type":"ImageObject","inLanguage":"de","@id":"https:\/\/www.terraaquatica.com\/#\/schema\/logo\/image\/","url":"https:\/\/www.terraaquatica.com\/wp-content\/uploads\/2022\/03\/favicon-transpa-big.png","contentUrl":"https:\/\/www.terraaquatica.com\/wp-content\/uploads\/2022\/03\/favicon-transpa-big.png","width":512,"height":512,"caption":"Terra Aquatica"},"image":{"@id":"https:\/\/www.terraaquatica.com\/#\/schema\/logo\/image\/"}}]}},"_links":{"self":[{"href":"https:\/\/www.terraaquatica.com\/de\/wp-json\/wp\/v2\/product\/1895","targetHints":{"allow":["GET"]}}],"collection":[{"href":"https:\/\/www.terraaquatica.com\/de\/wp-json\/wp\/v2\/product"}],"about":[{"href":"https:\/\/www.terraaquatica.com\/de\/wp-json\/wp\/v2\/types\/product"}],"author":[{"embeddable":true,"href":"https:\/\/www.terraaquatica.com\/de\/wp-json\/wp\/v2\/users\/3"}],"wp:featuredmedia":[{"embeddable":true,"href":"https:\/\/www.terraaquatica.com\/de\/wp-json\/wp\/v2\/media\/1758"}],"wp:attachment":[{"href":"https:\/\/www.terraaquatica.com\/de\/wp-json\/wp\/v2\/media?parent=1895"}],"wp:term":[{"taxonomy":"m_thode_de_culture","embeddable":true,"href":"https:\/\/www.terraaquatica.com\/de\/wp-json\/wp\/v2\/m_thode_de_culture?post=1895"},{"taxonomy":"substrat","embeddable":true,"href":"https:\/\/www.terraaquatica.com\/de\/wp-json\/wp\/v2\/substrat?post=1895"},{"taxonomy":"product_category","embeddable":true,"href":"https:\/\/www.terraaquatica.com\/de\/wp-json\/wp\/v2\/product_category?post=1895"}],"curies":[{"name":"wp","href":"https:\/\/api.w.org\/{rel}","templated":true}]}}