{"id":1896,"date":"2018-05-30T10:06:02","date_gmt":"2018-05-30T08:06:02","guid":{"rendered":"https:\/\/www.terraaquatica.com\/produits\/cuttingboard-html-4\/"},"modified":"2025-02-25T08:29:22","modified_gmt":"2025-02-25T07:29:22","slug":"hydrocloners","status":"publish","type":"product","link":"https:\/\/www.terraaquatica.com\/de\/anbausysteme\/hydrocloners","title":{"rendered":"HydroCloner\u00ae 27"},"content":{"rendered":"<p><em>Die Ideall\u00f6sung f\u00fcr kleine Zuchtvorhaben und Pflanzensammler<\/em><\/p>\n<p>HydroCloner\u00ae 27 ist wie HydroCloner\u00ae Spinner 72 die ideale L\u00f6sung, um aus Stecklingen gesunde Jungpflanzen mit kr\u00e4ftigen Wurzeln zu ziehen, die sich sp\u00e4ter problemlos in ein anderes Medium \u2013 Hydroponik oder auch Erde \u2013 umpflanzen lassen, sowie f\u00fcr kleine Anbauvorhaben und Pflanzensammler.<\/p>\n<p><strong>Neu!<\/strong> Der HydroCloner 27 und der Spinner 72 kommen jetzt mit Neopren-Scheiben, der die Netzt\u00f6pfe ersetzt. Viel einfacher zu handhaben und zu reinigen, k\u00f6nnen sie immer wieder benutzt werden &#8230; und wieder!<\/p>\n<p><span style=\"font-size: 11px;\">* Die lebenslange Garantie gilt nur f\u00fcr die von Terra Aquatica in Frankreich hergestellten Systembauteile aus Rotationsgusskunststoff bei sachgerechtem Einsatz. Zubeh\u00f6rteile, Motoren u. \u00e4. sind ausgeschlossen.<\/span><\/p>\n","protected":false},"author":3,"template":"","meta":{"_acf_changed":true},"m_thode_de_culture":[31,32],"substrat":[],"product_category":[272],"class_list":["post-1896","product","type-product","status-publish","has-post-thumbnail","hentry","m_thode_de_culture-mineral-en","m_thode_de_culture-organic-en","product_category-anbausysteme"],"acf":[],"yoast_head":"<!-- This site is optimized with the Yoast SEO plugin v27.3 - https:\/\/yoast.com\/product\/yoast-seo-wordpress\/ -->\n<title>HydroCloner\u00ae 27 - Terra Aquatica<\/title>\n<meta name=\"robots\" content=\"index, follow, max-snippet:-1, max-image-preview:large, max-video-preview:-1\" \/>\n<link rel=\"canonical\" href=\"https:\/\/www.terraaquatica.com\/de\/anbausysteme\/hydrocloners\/\" \/>\n<meta property=\"og:locale\" content=\"de_DE\" \/>\n<meta property=\"og:type\" content=\"article\" \/>\n<meta property=\"og:title\" content=\"HydroCloner\u00ae 27 - Terra Aquatica\" \/>\n<meta property=\"og:description\" content=\"Die Ideall\u00f6sung f\u00fcr kleine Zuchtvorhaben und Pflanzensammler HydroCloner\u00ae 27 ist wie HydroCloner\u00ae Spinner 72 die ideale L\u00f6sung, um aus Stecklingen [&hellip;]\" \/>\n<meta property=\"og:url\" content=\"https:\/\/www.terraaquatica.com\/de\/anbausysteme\/hydrocloners\" \/>\n<meta property=\"og:site_name\" content=\"Terra Aquatica\" \/>\n<meta property=\"article:modified_time\" content=\"2025-02-25T07:29:22+00:00\" \/>\n<meta property=\"og:image\" content=\"https:\/\/www.terraaquatica.com\/wp-content\/uploads\/2018\/03\/cutting_board-2018_1.png\" \/>\n\t<meta property=\"og:image:width\" content=\"720\" \/>\n\t<meta property=\"og:image:height\" content=\"720\" \/>\n\t<meta property=\"og:image:type\" content=\"image\/png\" \/>\n<meta name=\"twitter:card\" content=\"summary_large_image\" \/>\n<meta name=\"twitter:label1\" content=\"Gesch\u00e4tzte Lesezeit\" \/>\n\t<meta name=\"twitter:data1\" content=\"1\u00a0Minute\" \/>\n<script type=\"application\/ld+json\" class=\"yoast-schema-graph\">{\"@context\":\"https:\\\/\\\/schema.org\",\"@graph\":[{\"@type\":\"WebPage\",\"@id\":\"https:\\\/\\\/www.terraaquatica.com\\\/de\\\/anbausysteme\\\/hydrocloners\",\"url\":\"https:\\\/\\\/www.terraaquatica.com\\\/de\\\/anbausysteme\\\/hydrocloners\",\"name\":\"HydroCloner\u00ae 27 - Terra Aquatica\",\"isPartOf\":{\"@id\":\"https:\\\/\\\/www.terraaquatica.com\\\/#website\"},\"primaryImageOfPage\":{\"@id\":\"https:\\\/\\\/www.terraaquatica.com\\\/de\\\/anbausysteme\\\/hydrocloners#primaryimage\"},\"image\":{\"@id\":\"https:\\\/\\\/www.terraaquatica.com\\\/de\\\/anbausysteme\\\/hydrocloners#primaryimage\"},\"thumbnailUrl\":\"https:\\\/\\\/www.terraaquatica.com\\\/wp-content\\\/uploads\\\/2018\\\/03\\\/cutting_board-2018_1.png\",\"datePublished\":\"2018-05-30T08:06:02+00:00\",\"dateModified\":\"2025-02-25T07:29:22+00:00\",\"breadcrumb\":{\"@id\":\"https:\\\/\\\/www.terraaquatica.com\\\/de\\\/anbausysteme\\\/hydrocloners#breadcrumb\"},\"inLanguage\":\"de\",\"potentialAction\":[{\"@type\":\"ReadAction\",\"target\":[\"https:\\\/\\\/www.terraaquatica.com\\\/de\\\/anbausysteme\\\/hydrocloners\"]}]},{\"@type\":\"ImageObject\",\"inLanguage\":\"de\",\"@id\":\"https:\\\/\\\/www.terraaquatica.com\\\/de\\\/anbausysteme\\\/hydrocloners#primaryimage\",\"url\":\"https:\\\/\\\/www.terraaquatica.com\\\/wp-content\\\/uploads\\\/2018\\\/03\\\/cutting_board-2018_1.png\",\"contentUrl\":\"https:\\\/\\\/www.terraaquatica.com\\\/wp-content\\\/uploads\\\/2018\\\/03\\\/cutting_board-2018_1.png\",\"width\":720,\"height\":720,\"caption\":\"cutting_board-2018\"},{\"@type\":\"BreadcrumbList\",\"@id\":\"https:\\\/\\\/www.terraaquatica.com\\\/de\\\/anbausysteme\\\/hydrocloners#breadcrumb\",\"itemListElement\":[{\"@type\":\"ListItem\",\"position\":1,\"name\":\"Accueil\",\"item\":\"https:\\\/\\\/www.terraaquatica.com\\\/de\\\/\"},{\"@type\":\"ListItem\",\"position\":2,\"name\":\"Products\",\"item\":\"https:\\\/\\\/www.terraaquatica.com\\\/de\\\/product\\\/\"},{\"@type\":\"ListItem\",\"position\":3,\"name\":\"HydroCloner\u00ae 27\"}]},{\"@type\":\"WebSite\",\"@id\":\"https:\\\/\\\/www.terraaquatica.com\\\/#website\",\"url\":\"https:\\\/\\\/www.terraaquatica.com\\\/\",\"name\":\"Terra Aquatica\",\"description\":\"Engrais et syst\u00e8mes de culture depuis 1995\",\"publisher\":{\"@id\":\"https:\\\/\\\/www.terraaquatica.com\\\/#organization\"},\"potentialAction\":[{\"@type\":\"SearchAction\",\"target\":{\"@type\":\"EntryPoint\",\"urlTemplate\":\"https:\\\/\\\/www.terraaquatica.com\\\/?s={search_term_string}\"},\"query-input\":{\"@type\":\"PropertyValueSpecification\",\"valueRequired\":true,\"valueName\":\"search_term_string\"}}],\"inLanguage\":\"de\"},{\"@type\":\"Organization\",\"@id\":\"https:\\\/\\\/www.terraaquatica.com\\\/#organization\",\"name\":\"Terra Aquatica\",\"url\":\"https:\\\/\\\/www.terraaquatica.com\\\/\",\"logo\":{\"@type\":\"ImageObject\",\"inLanguage\":\"de\",\"@id\":\"https:\\\/\\\/www.terraaquatica.com\\\/#\\\/schema\\\/logo\\\/image\\\/\",\"url\":\"https:\\\/\\\/www.terraaquatica.com\\\/wp-content\\\/uploads\\\/2022\\\/03\\\/favicon-transpa-big.png\",\"contentUrl\":\"https:\\\/\\\/www.terraaquatica.com\\\/wp-content\\\/uploads\\\/2022\\\/03\\\/favicon-transpa-big.png\",\"width\":512,\"height\":512,\"caption\":\"Terra Aquatica\"},\"image\":{\"@id\":\"https:\\\/\\\/www.terraaquatica.com\\\/#\\\/schema\\\/logo\\\/image\\\/\"}}]}<\/script>\n<!-- \/ Yoast SEO plugin. -->","yoast_head_json":{"title":"HydroCloner\u00ae 27 - Terra Aquatica","robots":{"index":"index","follow":"follow","max-snippet":"max-snippet:-1","max-image-preview":"max-image-preview:large","max-video-preview":"max-video-preview:-1"},"canonical":"https:\/\/www.terraaquatica.com\/de\/anbausysteme\/hydrocloners\/","og_locale":"de_DE","og_type":"article","og_title":"HydroCloner\u00ae 27 - Terra Aquatica","og_description":"Die Ideall\u00f6sung f\u00fcr kleine Zuchtvorhaben und Pflanzensammler HydroCloner\u00ae 27 ist wie HydroCloner\u00ae Spinner 72 die ideale L\u00f6sung, um aus Stecklingen [&hellip;]","og_url":"https:\/\/www.terraaquatica.com\/de\/anbausysteme\/hydrocloners","og_site_name":"Terra Aquatica","article_modified_time":"2025-02-25T07:29:22+00:00","og_image":[{"width":720,"height":720,"url":"https:\/\/www.terraaquatica.com\/wp-content\/uploads\/2018\/03\/cutting_board-2018_1.png","type":"image\/png"}],"twitter_card":"summary_large_image","twitter_misc":{"Gesch\u00e4tzte Lesezeit":"1\u00a0Minute"},"schema":{"@context":"https:\/\/schema.org","@graph":[{"@type":"WebPage","@id":"https:\/\/www.terraaquatica.com\/de\/anbausysteme\/hydrocloners","url":"https:\/\/www.terraaquatica.com\/de\/anbausysteme\/hydrocloners","name":"HydroCloner\u00ae 27 - Terra Aquatica","isPartOf":{"@id":"https:\/\/www.terraaquatica.com\/#website"},"primaryImageOfPage":{"@id":"https:\/\/www.terraaquatica.com\/de\/anbausysteme\/hydrocloners#primaryimage"},"image":{"@id":"https:\/\/www.terraaquatica.com\/de\/anbausysteme\/hydrocloners#primaryimage"},"thumbnailUrl":"https:\/\/www.terraaquatica.com\/wp-content\/uploads\/2018\/03\/cutting_board-2018_1.png","datePublished":"2018-05-30T08:06:02+00:00","dateModified":"2025-02-25T07:29:22+00:00","breadcrumb":{"@id":"https:\/\/www.terraaquatica.com\/de\/anbausysteme\/hydrocloners#breadcrumb"},"inLanguage":"de","potentialAction":[{"@type":"ReadAction","target":["https:\/\/www.terraaquatica.com\/de\/anbausysteme\/hydrocloners"]}]},{"@type":"ImageObject","inLanguage":"de","@id":"https:\/\/www.terraaquatica.com\/de\/anbausysteme\/hydrocloners#primaryimage","url":"https:\/\/www.terraaquatica.com\/wp-content\/uploads\/2018\/03\/cutting_board-2018_1.png","contentUrl":"https:\/\/www.terraaquatica.com\/wp-content\/uploads\/2018\/03\/cutting_board-2018_1.png","width":720,"height":720,"caption":"cutting_board-2018"},{"@type":"BreadcrumbList","@id":"https:\/\/www.terraaquatica.com\/de\/anbausysteme\/hydrocloners#breadcrumb","itemListElement":[{"@type":"ListItem","position":1,"name":"Accueil","item":"https:\/\/www.terraaquatica.com\/de\/"},{"@type":"ListItem","position":2,"name":"Products","item":"https:\/\/www.terraaquatica.com\/de\/product\/"},{"@type":"ListItem","position":3,"name":"HydroCloner\u00ae 27"}]},{"@type":"WebSite","@id":"https:\/\/www.terraaquatica.com\/#website","url":"https:\/\/www.terraaquatica.com\/","name":"Terra Aquatica","description":"Engrais et syst\u00e8mes de culture depuis 1995","publisher":{"@id":"https:\/\/www.terraaquatica.com\/#organization"},"potentialAction":[{"@type":"SearchAction","target":{"@type":"EntryPoint","urlTemplate":"https:\/\/www.terraaquatica.com\/?s={search_term_string}"},"query-input":{"@type":"PropertyValueSpecification","valueRequired":true,"valueName":"search_term_string"}}],"inLanguage":"de"},{"@type":"Organization","@id":"https:\/\/www.terraaquatica.com\/#organization","name":"Terra Aquatica","url":"https:\/\/www.terraaquatica.com\/","logo":{"@type":"ImageObject","inLanguage":"de","@id":"https:\/\/www.terraaquatica.com\/#\/schema\/logo\/image\/","url":"https:\/\/www.terraaquatica.com\/wp-content\/uploads\/2022\/03\/favicon-transpa-big.png","contentUrl":"https:\/\/www.terraaquatica.com\/wp-content\/uploads\/2022\/03\/favicon-transpa-big.png","width":512,"height":512,"caption":"Terra Aquatica"},"image":{"@id":"https:\/\/www.terraaquatica.com\/#\/schema\/logo\/image\/"}}]}},"_links":{"self":[{"href":"https:\/\/www.terraaquatica.com\/de\/wp-json\/wp\/v2\/product\/1896","targetHints":{"allow":["GET"]}}],"collection":[{"href":"https:\/\/www.terraaquatica.com\/de\/wp-json\/wp\/v2\/product"}],"about":[{"href":"https:\/\/www.terraaquatica.com\/de\/wp-json\/wp\/v2\/types\/product"}],"author":[{"embeddable":true,"href":"https:\/\/www.terraaquatica.com\/de\/wp-json\/wp\/v2\/users\/3"}],"wp:featuredmedia":[{"embeddable":true,"href":"https:\/\/www.terraaquatica.com\/de\/wp-json\/wp\/v2\/media\/1760"}],"wp:attachment":[{"href":"https:\/\/www.terraaquatica.com\/de\/wp-json\/wp\/v2\/media?parent=1896"}],"wp:term":[{"taxonomy":"m_thode_de_culture","embeddable":true,"href":"https:\/\/www.terraaquatica.com\/de\/wp-json\/wp\/v2\/m_thode_de_culture?post=1896"},{"taxonomy":"substrat","embeddable":true,"href":"https:\/\/www.terraaquatica.com\/de\/wp-json\/wp\/v2\/substrat?post=1896"},{"taxonomy":"product_category","embeddable":true,"href":"https:\/\/www.terraaquatica.com\/de\/wp-json\/wp\/v2\/product_category?post=1896"}],"curies":[{"name":"wp","href":"https:\/\/api.w.org\/{rel}","templated":true}]}}