{"id":1897,"date":"2018-05-30T10:12:35","date_gmt":"2018-05-30T08:12:35","guid":{"rendered":"https:\/\/www.terraaquatica.com\/produits\/cocofiber-html-4\/"},"modified":"2023-09-14T15:19:20","modified_gmt":"2023-09-14T13:19:20","slug":"cocofiber-html-4","status":"publish","type":"product","link":"https:\/\/www.terraaquatica.com\/de\/substrate\/cocofiber-html-4","title":{"rendered":"Coco Fiber &#038; Coco Fiber mit perlite"},"content":{"rendered":"<p><em>Hochwertige, hochreine Substrate aus nachhaltig bewirtschafteten organischen Ressourcen : praktisch wie Erde, aber noch ertragreicher<\/em><\/p>\n<p>Mit unseren aus erstklassiger Kokosfaser hergestellten Coco Fiber-Produkten bieten wir Ihnen konkurrenzlos reine, leichtgewichtige und leistungsstarke Kokossubstrate, die ohne vorheriges Sp\u00fclen direkt vom Sack in den Pflanztopf gef\u00fcllt werden k\u00f6nnen. Sie sind garantiert frei von Krankheitserregern und Unkraut und in folgenden Mischungen erh\u00e4ltlich :<\/p>\n<ul>\n<li>Coco Fiber &#8211; 100 % reine Kokosfaser<\/li>\n<li>Coco Fiber with perlite &#8211; Kokosfaser-Perlit-Mischung (75:25)<\/li>\n<\/ul>\n<p>Optimale Entw\u00e4sserung und Sauerstoffversorgung der Wurzeln machen Coco Fiber with perlite zum idealen Substrat f\u00fcr unser Ebb&amp;Grow-System, f\u00fcr T\u00f6pfe mit eigener Bew\u00e4sserung und f\u00fcr Tropfersysteme und sind auch als Erdersatz f\u00fcr Anbausysteme geeignet, die von Hand gegossen werden. Coco Fiber kann bei Bedarf bis zu dreimal wiederverwendet werden und ist besonders bei stark tonhaltiger Erde der ideale Bodenverbesserer f\u00fcr den Garten- oder Feldanbau.<\/p>\n","protected":false},"author":3,"template":"","meta":{"_acf_changed":false},"m_thode_de_culture":[31,32],"substrat":[],"product_category":[273],"class_list":["post-1897","product","type-product","status-publish","has-post-thumbnail","hentry","m_thode_de_culture-mineral-en","m_thode_de_culture-organic-en","product_category-substrate"],"acf":[],"yoast_head":"<!-- This site is optimized with the Yoast SEO plugin v27.3 - https:\/\/yoast.com\/product\/yoast-seo-wordpress\/ -->\n<title>Coco Fiber &amp; Coco Fiber mit perlite - Terra Aquatica<\/title>\n<meta name=\"robots\" content=\"index, follow, max-snippet:-1, max-image-preview:large, max-video-preview:-1\" \/>\n<link rel=\"canonical\" href=\"https:\/\/www.terraaquatica.com\/de\/substrate\/cocofiber-html-4\/\" \/>\n<meta property=\"og:locale\" content=\"de_DE\" \/>\n<meta property=\"og:type\" content=\"article\" \/>\n<meta property=\"og:title\" content=\"Coco Fiber &amp; Coco Fiber mit perlite - Terra Aquatica\" \/>\n<meta property=\"og:description\" content=\"Hochwertige, hochreine Substrate aus nachhaltig bewirtschafteten organischen Ressourcen : praktisch wie Erde, aber noch ertragreicher Mit unseren aus erstklassiger Kokosfaser [&hellip;]\" \/>\n<meta property=\"og:url\" content=\"https:\/\/www.terraaquatica.com\/de\/substrate\/cocofiber-html-4\" \/>\n<meta property=\"og:site_name\" content=\"Terra Aquatica\" \/>\n<meta property=\"article:modified_time\" content=\"2023-09-14T13:19:20+00:00\" \/>\n<meta property=\"og:image\" content=\"https:\/\/www.terraaquatica.com\/wp-content\/uploads\/2020\/11\/montagecoco.jpg\" \/>\n\t<meta property=\"og:image:width\" content=\"547\" \/>\n\t<meta property=\"og:image:height\" content=\"800\" \/>\n\t<meta property=\"og:image:type\" content=\"image\/jpeg\" \/>\n<meta name=\"twitter:card\" content=\"summary_large_image\" \/>\n<meta name=\"twitter:label1\" content=\"Gesch\u00e4tzte Lesezeit\" \/>\n\t<meta name=\"twitter:data1\" content=\"1\u00a0Minute\" \/>\n<script type=\"application\/ld+json\" class=\"yoast-schema-graph\">{\"@context\":\"https:\\\/\\\/schema.org\",\"@graph\":[{\"@type\":\"WebPage\",\"@id\":\"https:\\\/\\\/www.terraaquatica.com\\\/de\\\/substrate\\\/cocofiber-html-4\",\"url\":\"https:\\\/\\\/www.terraaquatica.com\\\/de\\\/substrate\\\/cocofiber-html-4\",\"name\":\"Coco Fiber & Coco Fiber mit perlite - Terra Aquatica\",\"isPartOf\":{\"@id\":\"https:\\\/\\\/www.terraaquatica.com\\\/#website\"},\"primaryImageOfPage\":{\"@id\":\"https:\\\/\\\/www.terraaquatica.com\\\/de\\\/substrate\\\/cocofiber-html-4#primaryimage\"},\"image\":{\"@id\":\"https:\\\/\\\/www.terraaquatica.com\\\/de\\\/substrate\\\/cocofiber-html-4#primaryimage\"},\"thumbnailUrl\":\"https:\\\/\\\/www.terraaquatica.com\\\/wp-content\\\/uploads\\\/2020\\\/11\\\/montagecoco.jpg\",\"datePublished\":\"2018-05-30T08:12:35+00:00\",\"dateModified\":\"2023-09-14T13:19:20+00:00\",\"breadcrumb\":{\"@id\":\"https:\\\/\\\/www.terraaquatica.com\\\/de\\\/substrate\\\/cocofiber-html-4#breadcrumb\"},\"inLanguage\":\"de\",\"potentialAction\":[{\"@type\":\"ReadAction\",\"target\":[\"https:\\\/\\\/www.terraaquatica.com\\\/de\\\/substrate\\\/cocofiber-html-4\"]}]},{\"@type\":\"ImageObject\",\"inLanguage\":\"de\",\"@id\":\"https:\\\/\\\/www.terraaquatica.com\\\/de\\\/substrate\\\/cocofiber-html-4#primaryimage\",\"url\":\"https:\\\/\\\/www.terraaquatica.com\\\/wp-content\\\/uploads\\\/2020\\\/11\\\/montagecoco.jpg\",\"contentUrl\":\"https:\\\/\\\/www.terraaquatica.com\\\/wp-content\\\/uploads\\\/2020\\\/11\\\/montagecoco.jpg\",\"width\":547,\"height\":800,\"caption\":\"COCO FIBER & COCO FIBER WITH PERLITE\"},{\"@type\":\"BreadcrumbList\",\"@id\":\"https:\\\/\\\/www.terraaquatica.com\\\/de\\\/substrate\\\/cocofiber-html-4#breadcrumb\",\"itemListElement\":[{\"@type\":\"ListItem\",\"position\":1,\"name\":\"Accueil\",\"item\":\"https:\\\/\\\/www.terraaquatica.com\\\/de\\\/\"},{\"@type\":\"ListItem\",\"position\":2,\"name\":\"Products\",\"item\":\"https:\\\/\\\/www.terraaquatica.com\\\/de\\\/product\\\/\"},{\"@type\":\"ListItem\",\"position\":3,\"name\":\"Coco Fiber &#038; Coco Fiber mit perlite\"}]},{\"@type\":\"WebSite\",\"@id\":\"https:\\\/\\\/www.terraaquatica.com\\\/#website\",\"url\":\"https:\\\/\\\/www.terraaquatica.com\\\/\",\"name\":\"Terra Aquatica\",\"description\":\"Engrais et syst\u00e8mes de culture depuis 1995\",\"publisher\":{\"@id\":\"https:\\\/\\\/www.terraaquatica.com\\\/#organization\"},\"potentialAction\":[{\"@type\":\"SearchAction\",\"target\":{\"@type\":\"EntryPoint\",\"urlTemplate\":\"https:\\\/\\\/www.terraaquatica.com\\\/?s={search_term_string}\"},\"query-input\":{\"@type\":\"PropertyValueSpecification\",\"valueRequired\":true,\"valueName\":\"search_term_string\"}}],\"inLanguage\":\"de\"},{\"@type\":\"Organization\",\"@id\":\"https:\\\/\\\/www.terraaquatica.com\\\/#organization\",\"name\":\"Terra Aquatica\",\"url\":\"https:\\\/\\\/www.terraaquatica.com\\\/\",\"logo\":{\"@type\":\"ImageObject\",\"inLanguage\":\"de\",\"@id\":\"https:\\\/\\\/www.terraaquatica.com\\\/#\\\/schema\\\/logo\\\/image\\\/\",\"url\":\"https:\\\/\\\/www.terraaquatica.com\\\/wp-content\\\/uploads\\\/2022\\\/03\\\/favicon-transpa-big.png\",\"contentUrl\":\"https:\\\/\\\/www.terraaquatica.com\\\/wp-content\\\/uploads\\\/2022\\\/03\\\/favicon-transpa-big.png\",\"width\":512,\"height\":512,\"caption\":\"Terra Aquatica\"},\"image\":{\"@id\":\"https:\\\/\\\/www.terraaquatica.com\\\/#\\\/schema\\\/logo\\\/image\\\/\"}}]}<\/script>\n<!-- \/ Yoast SEO plugin. -->","yoast_head_json":{"title":"Coco Fiber & Coco Fiber mit perlite - Terra Aquatica","robots":{"index":"index","follow":"follow","max-snippet":"max-snippet:-1","max-image-preview":"max-image-preview:large","max-video-preview":"max-video-preview:-1"},"canonical":"https:\/\/www.terraaquatica.com\/de\/substrate\/cocofiber-html-4\/","og_locale":"de_DE","og_type":"article","og_title":"Coco Fiber & Coco Fiber mit perlite - Terra Aquatica","og_description":"Hochwertige, hochreine Substrate aus nachhaltig bewirtschafteten organischen Ressourcen : praktisch wie Erde, aber noch ertragreicher Mit unseren aus erstklassiger Kokosfaser [&hellip;]","og_url":"https:\/\/www.terraaquatica.com\/de\/substrate\/cocofiber-html-4","og_site_name":"Terra Aquatica","article_modified_time":"2023-09-14T13:19:20+00:00","og_image":[{"width":547,"height":800,"url":"https:\/\/www.terraaquatica.com\/wp-content\/uploads\/2020\/11\/montagecoco.jpg","type":"image\/jpeg"}],"twitter_card":"summary_large_image","twitter_misc":{"Gesch\u00e4tzte Lesezeit":"1\u00a0Minute"},"schema":{"@context":"https:\/\/schema.org","@graph":[{"@type":"WebPage","@id":"https:\/\/www.terraaquatica.com\/de\/substrate\/cocofiber-html-4","url":"https:\/\/www.terraaquatica.com\/de\/substrate\/cocofiber-html-4","name":"Coco Fiber & Coco Fiber mit perlite - Terra Aquatica","isPartOf":{"@id":"https:\/\/www.terraaquatica.com\/#website"},"primaryImageOfPage":{"@id":"https:\/\/www.terraaquatica.com\/de\/substrate\/cocofiber-html-4#primaryimage"},"image":{"@id":"https:\/\/www.terraaquatica.com\/de\/substrate\/cocofiber-html-4#primaryimage"},"thumbnailUrl":"https:\/\/www.terraaquatica.com\/wp-content\/uploads\/2020\/11\/montagecoco.jpg","datePublished":"2018-05-30T08:12:35+00:00","dateModified":"2023-09-14T13:19:20+00:00","breadcrumb":{"@id":"https:\/\/www.terraaquatica.com\/de\/substrate\/cocofiber-html-4#breadcrumb"},"inLanguage":"de","potentialAction":[{"@type":"ReadAction","target":["https:\/\/www.terraaquatica.com\/de\/substrate\/cocofiber-html-4"]}]},{"@type":"ImageObject","inLanguage":"de","@id":"https:\/\/www.terraaquatica.com\/de\/substrate\/cocofiber-html-4#primaryimage","url":"https:\/\/www.terraaquatica.com\/wp-content\/uploads\/2020\/11\/montagecoco.jpg","contentUrl":"https:\/\/www.terraaquatica.com\/wp-content\/uploads\/2020\/11\/montagecoco.jpg","width":547,"height":800,"caption":"COCO FIBER & COCO FIBER WITH PERLITE"},{"@type":"BreadcrumbList","@id":"https:\/\/www.terraaquatica.com\/de\/substrate\/cocofiber-html-4#breadcrumb","itemListElement":[{"@type":"ListItem","position":1,"name":"Accueil","item":"https:\/\/www.terraaquatica.com\/de\/"},{"@type":"ListItem","position":2,"name":"Products","item":"https:\/\/www.terraaquatica.com\/de\/product\/"},{"@type":"ListItem","position":3,"name":"Coco Fiber &#038; Coco Fiber mit perlite"}]},{"@type":"WebSite","@id":"https:\/\/www.terraaquatica.com\/#website","url":"https:\/\/www.terraaquatica.com\/","name":"Terra Aquatica","description":"Engrais et syst\u00e8mes de culture depuis 1995","publisher":{"@id":"https:\/\/www.terraaquatica.com\/#organization"},"potentialAction":[{"@type":"SearchAction","target":{"@type":"EntryPoint","urlTemplate":"https:\/\/www.terraaquatica.com\/?s={search_term_string}"},"query-input":{"@type":"PropertyValueSpecification","valueRequired":true,"valueName":"search_term_string"}}],"inLanguage":"de"},{"@type":"Organization","@id":"https:\/\/www.terraaquatica.com\/#organization","name":"Terra Aquatica","url":"https:\/\/www.terraaquatica.com\/","logo":{"@type":"ImageObject","inLanguage":"de","@id":"https:\/\/www.terraaquatica.com\/#\/schema\/logo\/image\/","url":"https:\/\/www.terraaquatica.com\/wp-content\/uploads\/2022\/03\/favicon-transpa-big.png","contentUrl":"https:\/\/www.terraaquatica.com\/wp-content\/uploads\/2022\/03\/favicon-transpa-big.png","width":512,"height":512,"caption":"Terra Aquatica"},"image":{"@id":"https:\/\/www.terraaquatica.com\/#\/schema\/logo\/image\/"}}]}},"_links":{"self":[{"href":"https:\/\/www.terraaquatica.com\/de\/wp-json\/wp\/v2\/product\/1897","targetHints":{"allow":["GET"]}}],"collection":[{"href":"https:\/\/www.terraaquatica.com\/de\/wp-json\/wp\/v2\/product"}],"about":[{"href":"https:\/\/www.terraaquatica.com\/de\/wp-json\/wp\/v2\/types\/product"}],"author":[{"embeddable":true,"href":"https:\/\/www.terraaquatica.com\/de\/wp-json\/wp\/v2\/users\/3"}],"wp:featuredmedia":[{"embeddable":true,"href":"https:\/\/www.terraaquatica.com\/de\/wp-json\/wp\/v2\/media\/1765"}],"wp:attachment":[{"href":"https:\/\/www.terraaquatica.com\/de\/wp-json\/wp\/v2\/media?parent=1897"}],"wp:term":[{"taxonomy":"m_thode_de_culture","embeddable":true,"href":"https:\/\/www.terraaquatica.com\/de\/wp-json\/wp\/v2\/m_thode_de_culture?post=1897"},{"taxonomy":"substrat","embeddable":true,"href":"https:\/\/www.terraaquatica.com\/de\/wp-json\/wp\/v2\/substrat?post=1897"},{"taxonomy":"product_category","embeddable":true,"href":"https:\/\/www.terraaquatica.com\/de\/wp-json\/wp\/v2\/product_category?post=1897"}],"curies":[{"name":"wp","href":"https:\/\/api.w.org\/{rel}","templated":true}]}}