{"id":2024,"date":"2019-03-04T12:26:21","date_gmt":"2019-03-04T11:26:21","guid":{"rendered":"https:\/\/www.terraaquatica.com\/produits\/organic-soil-light-mix-3\/"},"modified":"2023-09-14T15:28:23","modified_gmt":"2023-09-14T13:28:23","slug":"organic-soil-light-mix-3","status":"publish","type":"product","link":"https:\/\/www.terraaquatica.com\/de\/substrate\/organic-soil-light-mix-3","title":{"rendered":"T.A Organic soil light-mix"},"content":{"rendered":"<p><span class=\"fontstyle0\">Der Torfabbau zerst\u00f6rt eines unserer kostbarsten \u00d6kosysteme sowie wichtige Kohlenstoffreserven.<br \/>\nDie Torfmoore beherbergen seltene und gef\u00e4hrdete Spezies. Gleichzeitig filtern sie unsere Luft und unser Wasser ; es ist an der Zeit, eine Alternative zu den bisherigen Substraten zu finden : wir haben es nun getan! T.A. Organic soil light-mix bietet dem Profig\u00e4rtner und auch Hobbyz\u00fcchter :<\/span><\/p>\n<ul>\n<li><span class=\"fontstyle3\">die Vorteile eines Substrats ohne die\u00a0<\/span>Umweltauswirkungen des Torfabbaus.<\/li>\n<li><span class=\"fontstyle3\">eine optimale Wasser- und Sauerstoffretention.<\/span><\/li>\n<li><span class=\"fontstyle3\"><span class=\"fontstyle3\">eine minimale Bodenschrumpfung zwischen den\u00a0<\/span><\/span>Bew\u00e4sserungen.<\/li>\n<\/ul>\n<p><span class=\"fontstyle0\">T.A. Organic soil light-mix ist ein qualitativ hochwertiges Substratgemisch f\u00fcr S\u00e4mlinge, Stecklinge und Topfkulturen, sowie zur Bodenverbesserung.<br \/>\nT.A. Organic soil light-mix besteht aus kompostierten Pinienrinden, Holzfasern sowie Kokosfasern. Er ist reich an effektiven Mikroorganismen.<br \/>\nEr ist besonders empfehlenswert f\u00fcr den Bioanbau, aber auch f\u00fcr den Anbau mit Minerald\u00fcnger.<br \/>\nDurch seine leichte und luftige Struktur, dank der darin enthaltenen Kokosfaser und Perlite, handelt es sich um ein wirklich hochwertiges Substrat f\u00fcr Indoor- und OutdoorKultur.<br \/>\nUnd nicht zuletzt : zum Zweck der Erhaltung der Moore als Lebensraum enth\u00e4lt T.A. Organic soil light-mix keinen Torf.<\/span><\/p>\n","protected":false},"author":3,"template":"","meta":{"_acf_changed":false},"m_thode_de_culture":[31,32],"substrat":[],"product_category":[273],"class_list":["post-2024","product","type-product","status-publish","has-post-thumbnail","hentry","m_thode_de_culture-mineral-en","m_thode_de_culture-organic-en","product_category-substrate"],"acf":[],"yoast_head":"<!-- This site is optimized with the Yoast SEO plugin v27.3 - https:\/\/yoast.com\/product\/yoast-seo-wordpress\/ -->\n<title>T.A Organic soil light-mix - Terra Aquatica<\/title>\n<meta name=\"robots\" content=\"index, follow, max-snippet:-1, max-image-preview:large, max-video-preview:-1\" \/>\n<link rel=\"canonical\" href=\"https:\/\/www.terraaquatica.com\/de\/substrate\/organic-soil-light-mix-3\/\" \/>\n<meta property=\"og:locale\" content=\"de_DE\" \/>\n<meta property=\"og:type\" content=\"article\" \/>\n<meta property=\"og:title\" content=\"T.A Organic soil light-mix - Terra Aquatica\" \/>\n<meta property=\"og:description\" content=\"Der Torfabbau zerst\u00f6rt eines unserer kostbarsten \u00d6kosysteme sowie wichtige Kohlenstoffreserven. Die Torfmoore beherbergen seltene und gef\u00e4hrdete Spezies. Gleichzeitig filtern sie [&hellip;]\" \/>\n<meta property=\"og:url\" content=\"https:\/\/www.terraaquatica.com\/de\/substrate\/organic-soil-light-mix-3\" \/>\n<meta property=\"og:site_name\" content=\"Terra Aquatica\" \/>\n<meta property=\"article:modified_time\" content=\"2023-09-14T13:28:23+00:00\" \/>\n<meta property=\"og:image\" content=\"https:\/\/www.terraaquatica.com\/wp-content\/uploads\/2020\/05\/soil_v2_1.png\" \/>\n\t<meta property=\"og:image:width\" content=\"634\" \/>\n\t<meta property=\"og:image:height\" content=\"1158\" \/>\n\t<meta property=\"og:image:type\" content=\"image\/png\" \/>\n<meta name=\"twitter:card\" content=\"summary_large_image\" \/>\n<meta name=\"twitter:label1\" content=\"Gesch\u00e4tzte Lesezeit\" \/>\n\t<meta name=\"twitter:data1\" content=\"1\u00a0Minute\" \/>\n<script type=\"application\/ld+json\" class=\"yoast-schema-graph\">{\"@context\":\"https:\\\/\\\/schema.org\",\"@graph\":[{\"@type\":\"WebPage\",\"@id\":\"https:\\\/\\\/www.terraaquatica.com\\\/de\\\/substrate\\\/organic-soil-light-mix-3\",\"url\":\"https:\\\/\\\/www.terraaquatica.com\\\/de\\\/substrate\\\/organic-soil-light-mix-3\",\"name\":\"T.A Organic soil light-mix - Terra Aquatica\",\"isPartOf\":{\"@id\":\"https:\\\/\\\/www.terraaquatica.com\\\/#website\"},\"primaryImageOfPage\":{\"@id\":\"https:\\\/\\\/www.terraaquatica.com\\\/de\\\/substrate\\\/organic-soil-light-mix-3#primaryimage\"},\"image\":{\"@id\":\"https:\\\/\\\/www.terraaquatica.com\\\/de\\\/substrate\\\/organic-soil-light-mix-3#primaryimage\"},\"thumbnailUrl\":\"https:\\\/\\\/www.terraaquatica.com\\\/wp-content\\\/uploads\\\/2020\\\/05\\\/soil_v2_1.png\",\"datePublished\":\"2019-03-04T11:26:21+00:00\",\"dateModified\":\"2023-09-14T13:28:23+00:00\",\"breadcrumb\":{\"@id\":\"https:\\\/\\\/www.terraaquatica.com\\\/de\\\/substrate\\\/organic-soil-light-mix-3#breadcrumb\"},\"inLanguage\":\"de\",\"potentialAction\":[{\"@type\":\"ReadAction\",\"target\":[\"https:\\\/\\\/www.terraaquatica.com\\\/de\\\/substrate\\\/organic-soil-light-mix-3\"]}]},{\"@type\":\"ImageObject\",\"inLanguage\":\"de\",\"@id\":\"https:\\\/\\\/www.terraaquatica.com\\\/de\\\/substrate\\\/organic-soil-light-mix-3#primaryimage\",\"url\":\"https:\\\/\\\/www.terraaquatica.com\\\/wp-content\\\/uploads\\\/2020\\\/05\\\/soil_v2_1.png\",\"contentUrl\":\"https:\\\/\\\/www.terraaquatica.com\\\/wp-content\\\/uploads\\\/2020\\\/05\\\/soil_v2_1.png\",\"width\":634,\"height\":1158,\"caption\":\"soil_v2\"},{\"@type\":\"BreadcrumbList\",\"@id\":\"https:\\\/\\\/www.terraaquatica.com\\\/de\\\/substrate\\\/organic-soil-light-mix-3#breadcrumb\",\"itemListElement\":[{\"@type\":\"ListItem\",\"position\":1,\"name\":\"Accueil\",\"item\":\"https:\\\/\\\/www.terraaquatica.com\\\/de\\\/\"},{\"@type\":\"ListItem\",\"position\":2,\"name\":\"Products\",\"item\":\"https:\\\/\\\/www.terraaquatica.com\\\/de\\\/product\\\/\"},{\"@type\":\"ListItem\",\"position\":3,\"name\":\"T.A Organic soil light-mix\"}]},{\"@type\":\"WebSite\",\"@id\":\"https:\\\/\\\/www.terraaquatica.com\\\/#website\",\"url\":\"https:\\\/\\\/www.terraaquatica.com\\\/\",\"name\":\"Terra Aquatica\",\"description\":\"Engrais et syst\u00e8mes de culture depuis 1995\",\"publisher\":{\"@id\":\"https:\\\/\\\/www.terraaquatica.com\\\/#organization\"},\"potentialAction\":[{\"@type\":\"SearchAction\",\"target\":{\"@type\":\"EntryPoint\",\"urlTemplate\":\"https:\\\/\\\/www.terraaquatica.com\\\/?s={search_term_string}\"},\"query-input\":{\"@type\":\"PropertyValueSpecification\",\"valueRequired\":true,\"valueName\":\"search_term_string\"}}],\"inLanguage\":\"de\"},{\"@type\":\"Organization\",\"@id\":\"https:\\\/\\\/www.terraaquatica.com\\\/#organization\",\"name\":\"Terra Aquatica\",\"url\":\"https:\\\/\\\/www.terraaquatica.com\\\/\",\"logo\":{\"@type\":\"ImageObject\",\"inLanguage\":\"de\",\"@id\":\"https:\\\/\\\/www.terraaquatica.com\\\/#\\\/schema\\\/logo\\\/image\\\/\",\"url\":\"https:\\\/\\\/www.terraaquatica.com\\\/wp-content\\\/uploads\\\/2022\\\/03\\\/favicon-transpa-big.png\",\"contentUrl\":\"https:\\\/\\\/www.terraaquatica.com\\\/wp-content\\\/uploads\\\/2022\\\/03\\\/favicon-transpa-big.png\",\"width\":512,\"height\":512,\"caption\":\"Terra Aquatica\"},\"image\":{\"@id\":\"https:\\\/\\\/www.terraaquatica.com\\\/#\\\/schema\\\/logo\\\/image\\\/\"}}]}<\/script>\n<!-- \/ Yoast SEO plugin. -->","yoast_head_json":{"title":"T.A Organic soil light-mix - Terra Aquatica","robots":{"index":"index","follow":"follow","max-snippet":"max-snippet:-1","max-image-preview":"max-image-preview:large","max-video-preview":"max-video-preview:-1"},"canonical":"https:\/\/www.terraaquatica.com\/de\/substrate\/organic-soil-light-mix-3\/","og_locale":"de_DE","og_type":"article","og_title":"T.A Organic soil light-mix - Terra Aquatica","og_description":"Der Torfabbau zerst\u00f6rt eines unserer kostbarsten \u00d6kosysteme sowie wichtige Kohlenstoffreserven. Die Torfmoore beherbergen seltene und gef\u00e4hrdete Spezies. Gleichzeitig filtern sie [&hellip;]","og_url":"https:\/\/www.terraaquatica.com\/de\/substrate\/organic-soil-light-mix-3","og_site_name":"Terra Aquatica","article_modified_time":"2023-09-14T13:28:23+00:00","og_image":[{"width":634,"height":1158,"url":"https:\/\/www.terraaquatica.com\/wp-content\/uploads\/2020\/05\/soil_v2_1.png","type":"image\/png"}],"twitter_card":"summary_large_image","twitter_misc":{"Gesch\u00e4tzte Lesezeit":"1\u00a0Minute"},"schema":{"@context":"https:\/\/schema.org","@graph":[{"@type":"WebPage","@id":"https:\/\/www.terraaquatica.com\/de\/substrate\/organic-soil-light-mix-3","url":"https:\/\/www.terraaquatica.com\/de\/substrate\/organic-soil-light-mix-3","name":"T.A Organic soil light-mix - Terra Aquatica","isPartOf":{"@id":"https:\/\/www.terraaquatica.com\/#website"},"primaryImageOfPage":{"@id":"https:\/\/www.terraaquatica.com\/de\/substrate\/organic-soil-light-mix-3#primaryimage"},"image":{"@id":"https:\/\/www.terraaquatica.com\/de\/substrate\/organic-soil-light-mix-3#primaryimage"},"thumbnailUrl":"https:\/\/www.terraaquatica.com\/wp-content\/uploads\/2020\/05\/soil_v2_1.png","datePublished":"2019-03-04T11:26:21+00:00","dateModified":"2023-09-14T13:28:23+00:00","breadcrumb":{"@id":"https:\/\/www.terraaquatica.com\/de\/substrate\/organic-soil-light-mix-3#breadcrumb"},"inLanguage":"de","potentialAction":[{"@type":"ReadAction","target":["https:\/\/www.terraaquatica.com\/de\/substrate\/organic-soil-light-mix-3"]}]},{"@type":"ImageObject","inLanguage":"de","@id":"https:\/\/www.terraaquatica.com\/de\/substrate\/organic-soil-light-mix-3#primaryimage","url":"https:\/\/www.terraaquatica.com\/wp-content\/uploads\/2020\/05\/soil_v2_1.png","contentUrl":"https:\/\/www.terraaquatica.com\/wp-content\/uploads\/2020\/05\/soil_v2_1.png","width":634,"height":1158,"caption":"soil_v2"},{"@type":"BreadcrumbList","@id":"https:\/\/www.terraaquatica.com\/de\/substrate\/organic-soil-light-mix-3#breadcrumb","itemListElement":[{"@type":"ListItem","position":1,"name":"Accueil","item":"https:\/\/www.terraaquatica.com\/de\/"},{"@type":"ListItem","position":2,"name":"Products","item":"https:\/\/www.terraaquatica.com\/de\/product\/"},{"@type":"ListItem","position":3,"name":"T.A Organic soil light-mix"}]},{"@type":"WebSite","@id":"https:\/\/www.terraaquatica.com\/#website","url":"https:\/\/www.terraaquatica.com\/","name":"Terra Aquatica","description":"Engrais et syst\u00e8mes de culture depuis 1995","publisher":{"@id":"https:\/\/www.terraaquatica.com\/#organization"},"potentialAction":[{"@type":"SearchAction","target":{"@type":"EntryPoint","urlTemplate":"https:\/\/www.terraaquatica.com\/?s={search_term_string}"},"query-input":{"@type":"PropertyValueSpecification","valueRequired":true,"valueName":"search_term_string"}}],"inLanguage":"de"},{"@type":"Organization","@id":"https:\/\/www.terraaquatica.com\/#organization","name":"Terra Aquatica","url":"https:\/\/www.terraaquatica.com\/","logo":{"@type":"ImageObject","inLanguage":"de","@id":"https:\/\/www.terraaquatica.com\/#\/schema\/logo\/image\/","url":"https:\/\/www.terraaquatica.com\/wp-content\/uploads\/2022\/03\/favicon-transpa-big.png","contentUrl":"https:\/\/www.terraaquatica.com\/wp-content\/uploads\/2022\/03\/favicon-transpa-big.png","width":512,"height":512,"caption":"Terra Aquatica"},"image":{"@id":"https:\/\/www.terraaquatica.com\/#\/schema\/logo\/image\/"}}]}},"_links":{"self":[{"href":"https:\/\/www.terraaquatica.com\/de\/wp-json\/wp\/v2\/product\/2024","targetHints":{"allow":["GET"]}}],"collection":[{"href":"https:\/\/www.terraaquatica.com\/de\/wp-json\/wp\/v2\/product"}],"about":[{"href":"https:\/\/www.terraaquatica.com\/de\/wp-json\/wp\/v2\/types\/product"}],"author":[{"embeddable":true,"href":"https:\/\/www.terraaquatica.com\/de\/wp-json\/wp\/v2\/users\/3"}],"wp:featuredmedia":[{"embeddable":true,"href":"https:\/\/www.terraaquatica.com\/de\/wp-json\/wp\/v2\/media\/2022"}],"wp:attachment":[{"href":"https:\/\/www.terraaquatica.com\/de\/wp-json\/wp\/v2\/media?parent=2024"}],"wp:term":[{"taxonomy":"m_thode_de_culture","embeddable":true,"href":"https:\/\/www.terraaquatica.com\/de\/wp-json\/wp\/v2\/m_thode_de_culture?post=2024"},{"taxonomy":"substrat","embeddable":true,"href":"https:\/\/www.terraaquatica.com\/de\/wp-json\/wp\/v2\/substrat?post=2024"},{"taxonomy":"product_category","embeddable":true,"href":"https:\/\/www.terraaquatica.com\/de\/wp-json\/wp\/v2\/product_category?post=2024"}],"curies":[{"name":"wp","href":"https:\/\/api.w.org\/{rel}","templated":true}]}}