{"id":26417,"date":"2026-01-29T19:00:05","date_gmt":"2026-01-29T18:00:05","guid":{"rendered":"https:\/\/www.terraaquatica.com\/uncategorized\/azologic"},"modified":"2026-03-23T11:01:03","modified_gmt":"2026-03-23T10:01:03","slug":"azologic","status":"publish","type":"product","link":"https:\/\/www.terraaquatica.com\/de\/nutzliche-mikroorganismen\/azologic","title":{"rendered":"AzoLogic"},"content":{"rendered":"\n<p><em>Neu im Jahr 2026! AzoLogic\u00ae ist ein mikrobiologisches Impfmittel, das die Wurzelentwicklung anregt und die N\u00e4hrstoffverwertung der Pflanzen verbessert.<\/em><\/p>\n\n\n\n<p>Es wurde aus Azospirillum sp. entwickelt, einem Bakterium, das zur Gruppe der PGPR (Plant Growth-Promoting Rhizobacteria) geh\u00f6rt und f\u00fcr seine biostimulierende Wirkung bekannt ist, und unterst\u00fctzt Nutzpflanzen in allen wichtigen Entwicklungsphasen.<\/p>\n\n\n\n<ul class=\"wp-block-list\">\n<li>Verbesserte Wurzelentwicklung.<\/li>\n\n\n\n<li>Als nat\u00fcrlicher Stimulator der Wurzelarchitektur f\u00f6rdert AzoLogic\u00ae eine schnelle und gleichm\u00e4\u00dfige Etablierung der Pflanzen.<\/li>\n\n\n\n<li>Ein dichteres Wurzelsystem erm\u00f6glicht eine bessere Durchdringung des Bodens und eine optimierte Aufnahme der verf\u00fcgbaren N\u00e4hrstoffe.<\/li>\n\n\n\n<li>Optimierte N\u00e4hrstoffeffizienz.<\/li>\n\n\n\n<li>Verbesserte Verwertung von Stickstoff und N\u00e4hrstoffen, die bereits im Wachstumsmedium vorhanden sind.<\/li>\n<\/ul>\n\n\n\n<p><strong>Die wichtigsten Vorteile:<\/strong><\/p>\n\n\n\n<ul class=\"wp-block-list\">\n<li>F\u00f6rdert die mikrobielle Aktivit\u00e4t im Boden<\/li>\n\n\n\n<li>Verbessert die biologische Fruchtbarkeit<\/li>\n\n\n\n<li>St\u00e4rkt die Widerstandsf\u00e4higkeit der Pflanzen gegen\u00fcber abiotischem Stress<\/li>\n\n\n\n<li>Geeignet f\u00fcr den Einsatz im \u00f6kologischen Landbau (EU 2018\/848, 2021\/1165)<\/li>\n<\/ul>\n\n\n\n<p><\/p>\n","protected":false},"author":801,"template":"","meta":{"_acf_changed":true},"m_thode_de_culture":[31,32],"substrat":[302,299,300,301],"product_category":[270],"class_list":["post-26417","product","type-product","status-publish","hentry","m_thode_de_culture-mineral-en","m_thode_de_culture-organic-en","substrat-bioponics","substrat-coco","substrat-hydro","substrat-soil","product_category-nutzliche-mikroorganismen"],"acf":[],"yoast_head":"<!-- This site is optimized with the Yoast SEO plugin v27.3 - https:\/\/yoast.com\/product\/yoast-seo-wordpress\/ -->\n<title>AzoLogic - Terra Aquatica<\/title>\n<meta name=\"robots\" content=\"index, follow, max-snippet:-1, max-image-preview:large, max-video-preview:-1\" \/>\n<link rel=\"canonical\" href=\"https:\/\/www.terraaquatica.com\/de\/nutzliche-mikroorganismen\/azologic\/\" \/>\n<meta property=\"og:locale\" content=\"de_DE\" \/>\n<meta property=\"og:type\" content=\"article\" \/>\n<meta property=\"og:title\" content=\"AzoLogic - Terra Aquatica\" \/>\n<meta property=\"og:description\" content=\"Neu im Jahr 2026! AzoLogic\u00ae ist ein mikrobiologisches Impfmittel, das die Wurzelentwicklung anregt und die N\u00e4hrstoffverwertung der Pflanzen verbessert. Es [&hellip;]\" \/>\n<meta property=\"og:url\" content=\"https:\/\/www.terraaquatica.com\/de\/nutzliche-mikroorganismen\/azologic\" \/>\n<meta property=\"og:site_name\" content=\"Terra Aquatica\" \/>\n<meta property=\"article:modified_time\" content=\"2026-03-23T10:01:03+00:00\" \/>\n<meta name=\"twitter:card\" content=\"summary_large_image\" \/>\n<meta name=\"twitter:label1\" content=\"Gesch\u00e4tzte Lesezeit\" \/>\n\t<meta name=\"twitter:data1\" content=\"1\u00a0Minute\" \/>\n<script type=\"application\/ld+json\" class=\"yoast-schema-graph\">{\"@context\":\"https:\\\/\\\/schema.org\",\"@graph\":[{\"@type\":\"WebPage\",\"@id\":\"https:\\\/\\\/www.terraaquatica.com\\\/de\\\/nutzliche-mikroorganismen\\\/azologic\",\"url\":\"https:\\\/\\\/www.terraaquatica.com\\\/de\\\/nutzliche-mikroorganismen\\\/azologic\",\"name\":\"AzoLogic - Terra Aquatica\",\"isPartOf\":{\"@id\":\"https:\\\/\\\/www.terraaquatica.com\\\/#website\"},\"datePublished\":\"2026-01-29T18:00:05+00:00\",\"dateModified\":\"2026-03-23T10:01:03+00:00\",\"breadcrumb\":{\"@id\":\"https:\\\/\\\/www.terraaquatica.com\\\/de\\\/nutzliche-mikroorganismen\\\/azologic#breadcrumb\"},\"inLanguage\":\"de\",\"potentialAction\":[{\"@type\":\"ReadAction\",\"target\":[\"https:\\\/\\\/www.terraaquatica.com\\\/de\\\/nutzliche-mikroorganismen\\\/azologic\"]}]},{\"@type\":\"BreadcrumbList\",\"@id\":\"https:\\\/\\\/www.terraaquatica.com\\\/de\\\/nutzliche-mikroorganismen\\\/azologic#breadcrumb\",\"itemListElement\":[{\"@type\":\"ListItem\",\"position\":1,\"name\":\"Accueil\",\"item\":\"https:\\\/\\\/www.terraaquatica.com\\\/de\\\/\"},{\"@type\":\"ListItem\",\"position\":2,\"name\":\"Products\",\"item\":\"https:\\\/\\\/www.terraaquatica.com\\\/de\\\/product\\\/\"},{\"@type\":\"ListItem\",\"position\":3,\"name\":\"AzoLogic\"}]},{\"@type\":\"WebSite\",\"@id\":\"https:\\\/\\\/www.terraaquatica.com\\\/#website\",\"url\":\"https:\\\/\\\/www.terraaquatica.com\\\/\",\"name\":\"Terra Aquatica\",\"description\":\"Engrais et syst\u00e8mes de culture depuis 1995\",\"publisher\":{\"@id\":\"https:\\\/\\\/www.terraaquatica.com\\\/#organization\"},\"potentialAction\":[{\"@type\":\"SearchAction\",\"target\":{\"@type\":\"EntryPoint\",\"urlTemplate\":\"https:\\\/\\\/www.terraaquatica.com\\\/?s={search_term_string}\"},\"query-input\":{\"@type\":\"PropertyValueSpecification\",\"valueRequired\":true,\"valueName\":\"search_term_string\"}}],\"inLanguage\":\"de\"},{\"@type\":\"Organization\",\"@id\":\"https:\\\/\\\/www.terraaquatica.com\\\/#organization\",\"name\":\"Terra Aquatica\",\"url\":\"https:\\\/\\\/www.terraaquatica.com\\\/\",\"logo\":{\"@type\":\"ImageObject\",\"inLanguage\":\"de\",\"@id\":\"https:\\\/\\\/www.terraaquatica.com\\\/#\\\/schema\\\/logo\\\/image\\\/\",\"url\":\"https:\\\/\\\/www.terraaquatica.com\\\/wp-content\\\/uploads\\\/2022\\\/03\\\/favicon-transpa-big.png\",\"contentUrl\":\"https:\\\/\\\/www.terraaquatica.com\\\/wp-content\\\/uploads\\\/2022\\\/03\\\/favicon-transpa-big.png\",\"width\":512,\"height\":512,\"caption\":\"Terra Aquatica\"},\"image\":{\"@id\":\"https:\\\/\\\/www.terraaquatica.com\\\/#\\\/schema\\\/logo\\\/image\\\/\"}}]}<\/script>\n<!-- \/ Yoast SEO plugin. -->","yoast_head_json":{"title":"AzoLogic - Terra Aquatica","robots":{"index":"index","follow":"follow","max-snippet":"max-snippet:-1","max-image-preview":"max-image-preview:large","max-video-preview":"max-video-preview:-1"},"canonical":"https:\/\/www.terraaquatica.com\/de\/nutzliche-mikroorganismen\/azologic\/","og_locale":"de_DE","og_type":"article","og_title":"AzoLogic - Terra Aquatica","og_description":"Neu im Jahr 2026! AzoLogic\u00ae ist ein mikrobiologisches Impfmittel, das die Wurzelentwicklung anregt und die N\u00e4hrstoffverwertung der Pflanzen verbessert. Es [&hellip;]","og_url":"https:\/\/www.terraaquatica.com\/de\/nutzliche-mikroorganismen\/azologic","og_site_name":"Terra Aquatica","article_modified_time":"2026-03-23T10:01:03+00:00","twitter_card":"summary_large_image","twitter_misc":{"Gesch\u00e4tzte Lesezeit":"1\u00a0Minute"},"schema":{"@context":"https:\/\/schema.org","@graph":[{"@type":"WebPage","@id":"https:\/\/www.terraaquatica.com\/de\/nutzliche-mikroorganismen\/azologic","url":"https:\/\/www.terraaquatica.com\/de\/nutzliche-mikroorganismen\/azologic","name":"AzoLogic - Terra Aquatica","isPartOf":{"@id":"https:\/\/www.terraaquatica.com\/#website"},"datePublished":"2026-01-29T18:00:05+00:00","dateModified":"2026-03-23T10:01:03+00:00","breadcrumb":{"@id":"https:\/\/www.terraaquatica.com\/de\/nutzliche-mikroorganismen\/azologic#breadcrumb"},"inLanguage":"de","potentialAction":[{"@type":"ReadAction","target":["https:\/\/www.terraaquatica.com\/de\/nutzliche-mikroorganismen\/azologic"]}]},{"@type":"BreadcrumbList","@id":"https:\/\/www.terraaquatica.com\/de\/nutzliche-mikroorganismen\/azologic#breadcrumb","itemListElement":[{"@type":"ListItem","position":1,"name":"Accueil","item":"https:\/\/www.terraaquatica.com\/de\/"},{"@type":"ListItem","position":2,"name":"Products","item":"https:\/\/www.terraaquatica.com\/de\/product\/"},{"@type":"ListItem","position":3,"name":"AzoLogic"}]},{"@type":"WebSite","@id":"https:\/\/www.terraaquatica.com\/#website","url":"https:\/\/www.terraaquatica.com\/","name":"Terra Aquatica","description":"Engrais et syst\u00e8mes de culture depuis 1995","publisher":{"@id":"https:\/\/www.terraaquatica.com\/#organization"},"potentialAction":[{"@type":"SearchAction","target":{"@type":"EntryPoint","urlTemplate":"https:\/\/www.terraaquatica.com\/?s={search_term_string}"},"query-input":{"@type":"PropertyValueSpecification","valueRequired":true,"valueName":"search_term_string"}}],"inLanguage":"de"},{"@type":"Organization","@id":"https:\/\/www.terraaquatica.com\/#organization","name":"Terra Aquatica","url":"https:\/\/www.terraaquatica.com\/","logo":{"@type":"ImageObject","inLanguage":"de","@id":"https:\/\/www.terraaquatica.com\/#\/schema\/logo\/image\/","url":"https:\/\/www.terraaquatica.com\/wp-content\/uploads\/2022\/03\/favicon-transpa-big.png","contentUrl":"https:\/\/www.terraaquatica.com\/wp-content\/uploads\/2022\/03\/favicon-transpa-big.png","width":512,"height":512,"caption":"Terra Aquatica"},"image":{"@id":"https:\/\/www.terraaquatica.com\/#\/schema\/logo\/image\/"}}]}},"_links":{"self":[{"href":"https:\/\/www.terraaquatica.com\/de\/wp-json\/wp\/v2\/product\/26417","targetHints":{"allow":["GET"]}}],"collection":[{"href":"https:\/\/www.terraaquatica.com\/de\/wp-json\/wp\/v2\/product"}],"about":[{"href":"https:\/\/www.terraaquatica.com\/de\/wp-json\/wp\/v2\/types\/product"}],"author":[{"embeddable":true,"href":"https:\/\/www.terraaquatica.com\/de\/wp-json\/wp\/v2\/users\/801"}],"wp:attachment":[{"href":"https:\/\/www.terraaquatica.com\/de\/wp-json\/wp\/v2\/media?parent=26417"}],"wp:term":[{"taxonomy":"m_thode_de_culture","embeddable":true,"href":"https:\/\/www.terraaquatica.com\/de\/wp-json\/wp\/v2\/m_thode_de_culture?post=26417"},{"taxonomy":"substrat","embeddable":true,"href":"https:\/\/www.terraaquatica.com\/de\/wp-json\/wp\/v2\/substrat?post=26417"},{"taxonomy":"product_category","embeddable":true,"href":"https:\/\/www.terraaquatica.com\/de\/wp-json\/wp\/v2\/product_category?post=26417"}],"curies":[{"name":"wp","href":"https:\/\/api.w.org\/{rel}","templated":true}]}}