{"id":11163,"date":"2022-01-17T11:24:25","date_gmt":"2022-01-17T10:24:25","guid":{"rendered":"https:\/\/www.terraaquatica.com\/?page_id=11163"},"modified":"2022-01-17T11:24:25","modified_gmt":"2022-01-17T10:24:25","slug":"politica-de-cookies","status":"publish","type":"page","link":"https:\/\/www.terraaquatica.com\/es\/politica-de-cookies\/","title":{"rendered":"Pol\u00edtica de cookies"},"content":{"rendered":"\n<h2 class=\"wp-block-heading\">\u00bfQu\u00e9 son las cookies?<\/h2>\n\n\n\n<p>Una &#8220;cookie&#8221; es un peque\u00f1o archivo de texto que se almacena en su ordenador, tableta o tel\u00e9fono cuando visita un sitio web. Una cookie contendr\u00e1 alguna informaci\u00f3n an\u00f3nima como un identificador \u00fanico y el nombre del sitio y algunos d\u00edgitos y n\u00fameros.<\/p>\n\n\n\n<p>Algunas cookies se eliminan cuando se cierra el navegador. Estas se conocen como cookies de sesi\u00f3n. Otras permanecen en su dispositivo hasta que caducan o las borra de su cach\u00e9. Se denominan cookies persistentes y nos permiten recordar cosas sobre usted como visitante recurrente.<\/p>\n\n\n\n<p>Para saber m\u00e1s sobre las cookies, incluyendo c\u00f3mo ver qu\u00e9 cookies se han instalado y c\u00f3mo gestionarlas y eliminarlas, visite <a href=\"https:\/\/www.allaboutcookies.org\/\" target=\"_blank\" rel=\"noreferrer noopener\">www.allaboutcookies.org<\/a><\/p>\n\n\n\n<h2 class=\"wp-block-heading\">Qu\u00e9 hacer si no quiere que se instalen cookies<\/h2>\n\n\n\n<p>Algunas personas consideran que la idea de que un sitio web almacene informaci\u00f3n en su ordenador o dispositivo m\u00f3vil es un poco intrusiva, especialmente cuando esta informaci\u00f3n es almacenada y utilizada por un tercero sin que ellos lo sepan. Aunque en general es bastante inofensivo, es posible que usted no quiera, por ejemplo, ver publicidad dirigida a sus intereses. Si lo prefiere, es posible bloquear algunas o todas las cookies o incluso eliminar las que ya se han instalado; pero debe ser consciente de que podr\u00eda perder algunas funciones de ese sitio web.<\/p>\n\n\n\n<h2 class=\"wp-block-heading\">C\u00f3mo utilizamos las cookies<\/h2>\n\n\n\n<p>En este sitio, se utilizan cookies persistentes. Las cookies persistentes se utilizan para rastrear el comportamiento de los visitantes a medida que se desplazan por un sitio, y estos datos se utilizan para tratar de entender lo que la gente hace y lo que no le gusta de un sitio para poder mejorarlo. Esta pr\u00e1ctica se conoce como an\u00e1lisis web. Desde que Google empez\u00f3 a proporcionar su propia tecnolog\u00eda de an\u00e1lisis de forma gratuita a los propietarios de sitios web, casi todos los sitios web utilizan alguna forma de ella, aunque tambi\u00e9n hay servicios de pago que compiten con los de Google.<\/p>\n\n\n\n<p>Las cookies anal\u00edticas son probablemente la forma m\u00e1s com\u00fan de cookies persistentes en uso hoy en d\u00eda.<\/p>\n","protected":false},"excerpt":{"rendered":"<p>\u00bfQu\u00e9 son las cookies? Una &#8220;cookie&#8221; es un peque\u00f1o archivo de texto que se almacena en su ordenador, tableta o [&hellip;]<\/p>\n","protected":false},"author":1,"featured_media":0,"parent":0,"menu_order":0,"comment_status":"closed","ping_status":"closed","template":"","meta":{"_acf_changed":false,"footnotes":""},"class_list":["post-11163","page","type-page","status-publish","hentry"],"acf":[],"yoast_head":"<!-- This site is optimized with the Yoast SEO plugin v27.3 - https:\/\/yoast.com\/product\/yoast-seo-wordpress\/ -->\n<title>Pol\u00edtica de cookies - Terra Aquatica<\/title>\n<meta name=\"robots\" content=\"index, follow, max-snippet:-1, max-image-preview:large, max-video-preview:-1\" \/>\n<link rel=\"canonical\" href=\"https:\/\/www.terraaquatica.com\/es\/politica-de-cookies\/\" \/>\n<meta property=\"og:locale\" content=\"es_ES\" \/>\n<meta property=\"og:type\" content=\"article\" \/>\n<meta property=\"og:title\" content=\"Pol\u00edtica de cookies - Terra Aquatica\" \/>\n<meta property=\"og:description\" content=\"\u00bfQu\u00e9 son las cookies? Una &#8220;cookie&#8221; es un peque\u00f1o archivo de texto que se almacena en su ordenador, tableta o [&hellip;]\" \/>\n<meta property=\"og:url\" content=\"https:\/\/www.terraaquatica.com\/es\/politica-de-cookies\/\" \/>\n<meta property=\"og:site_name\" content=\"Terra Aquatica\" \/>\n<meta name=\"twitter:card\" content=\"summary_large_image\" \/>\n<meta name=\"twitter:label1\" content=\"Tiempo de lectura\" \/>\n\t<meta name=\"twitter:data1\" content=\"2 minutos\" \/>\n<script type=\"application\/ld+json\" class=\"yoast-schema-graph\">{\"@context\":\"https:\\\/\\\/schema.org\",\"@graph\":[{\"@type\":\"WebPage\",\"@id\":\"https:\\\/\\\/www.terraaquatica.com\\\/es\\\/politica-de-cookies\\\/\",\"url\":\"https:\\\/\\\/www.terraaquatica.com\\\/es\\\/politica-de-cookies\\\/\",\"name\":\"Pol\u00edtica de cookies - Terra Aquatica\",\"isPartOf\":{\"@id\":\"https:\\\/\\\/www.terraaquatica.com\\\/#website\"},\"datePublished\":\"2022-01-17T10:24:25+00:00\",\"breadcrumb\":{\"@id\":\"https:\\\/\\\/www.terraaquatica.com\\\/es\\\/politica-de-cookies\\\/#breadcrumb\"},\"inLanguage\":\"es\",\"potentialAction\":[{\"@type\":\"ReadAction\",\"target\":[\"https:\\\/\\\/www.terraaquatica.com\\\/es\\\/politica-de-cookies\\\/\"]}]},{\"@type\":\"BreadcrumbList\",\"@id\":\"https:\\\/\\\/www.terraaquatica.com\\\/es\\\/politica-de-cookies\\\/#breadcrumb\",\"itemListElement\":[{\"@type\":\"ListItem\",\"position\":1,\"name\":\"Accueil\",\"item\":\"https:\\\/\\\/www.terraaquatica.com\\\/es\\\/\"},{\"@type\":\"ListItem\",\"position\":2,\"name\":\"Pol\u00edtica de cookies\"}]},{\"@type\":\"WebSite\",\"@id\":\"https:\\\/\\\/www.terraaquatica.com\\\/#website\",\"url\":\"https:\\\/\\\/www.terraaquatica.com\\\/\",\"name\":\"Terra Aquatica\",\"description\":\"Engrais et syst\u00e8mes de culture depuis 1995\",\"publisher\":{\"@id\":\"https:\\\/\\\/www.terraaquatica.com\\\/#organization\"},\"potentialAction\":[{\"@type\":\"SearchAction\",\"target\":{\"@type\":\"EntryPoint\",\"urlTemplate\":\"https:\\\/\\\/www.terraaquatica.com\\\/?s={search_term_string}\"},\"query-input\":{\"@type\":\"PropertyValueSpecification\",\"valueRequired\":true,\"valueName\":\"search_term_string\"}}],\"inLanguage\":\"es\"},{\"@type\":\"Organization\",\"@id\":\"https:\\\/\\\/www.terraaquatica.com\\\/#organization\",\"name\":\"Terra Aquatica\",\"url\":\"https:\\\/\\\/www.terraaquatica.com\\\/\",\"logo\":{\"@type\":\"ImageObject\",\"inLanguage\":\"es\",\"@id\":\"https:\\\/\\\/www.terraaquatica.com\\\/#\\\/schema\\\/logo\\\/image\\\/\",\"url\":\"https:\\\/\\\/www.terraaquatica.com\\\/wp-content\\\/uploads\\\/2022\\\/03\\\/favicon-transpa-big.png\",\"contentUrl\":\"https:\\\/\\\/www.terraaquatica.com\\\/wp-content\\\/uploads\\\/2022\\\/03\\\/favicon-transpa-big.png\",\"width\":512,\"height\":512,\"caption\":\"Terra Aquatica\"},\"image\":{\"@id\":\"https:\\\/\\\/www.terraaquatica.com\\\/#\\\/schema\\\/logo\\\/image\\\/\"}}]}<\/script>\n<!-- \/ Yoast SEO plugin. -->","yoast_head_json":{"title":"Pol\u00edtica de cookies - Terra Aquatica","robots":{"index":"index","follow":"follow","max-snippet":"max-snippet:-1","max-image-preview":"max-image-preview:large","max-video-preview":"max-video-preview:-1"},"canonical":"https:\/\/www.terraaquatica.com\/es\/politica-de-cookies\/","og_locale":"es_ES","og_type":"article","og_title":"Pol\u00edtica de cookies - Terra Aquatica","og_description":"\u00bfQu\u00e9 son las cookies? Una &#8220;cookie&#8221; es un peque\u00f1o archivo de texto que se almacena en su ordenador, tableta o [&hellip;]","og_url":"https:\/\/www.terraaquatica.com\/es\/politica-de-cookies\/","og_site_name":"Terra Aquatica","twitter_card":"summary_large_image","twitter_misc":{"Tiempo de lectura":"2 minutos"},"schema":{"@context":"https:\/\/schema.org","@graph":[{"@type":"WebPage","@id":"https:\/\/www.terraaquatica.com\/es\/politica-de-cookies\/","url":"https:\/\/www.terraaquatica.com\/es\/politica-de-cookies\/","name":"Pol\u00edtica de cookies - Terra Aquatica","isPartOf":{"@id":"https:\/\/www.terraaquatica.com\/#website"},"datePublished":"2022-01-17T10:24:25+00:00","breadcrumb":{"@id":"https:\/\/www.terraaquatica.com\/es\/politica-de-cookies\/#breadcrumb"},"inLanguage":"es","potentialAction":[{"@type":"ReadAction","target":["https:\/\/www.terraaquatica.com\/es\/politica-de-cookies\/"]}]},{"@type":"BreadcrumbList","@id":"https:\/\/www.terraaquatica.com\/es\/politica-de-cookies\/#breadcrumb","itemListElement":[{"@type":"ListItem","position":1,"name":"Accueil","item":"https:\/\/www.terraaquatica.com\/es\/"},{"@type":"ListItem","position":2,"name":"Pol\u00edtica de cookies"}]},{"@type":"WebSite","@id":"https:\/\/www.terraaquatica.com\/#website","url":"https:\/\/www.terraaquatica.com\/","name":"Terra Aquatica","description":"Engrais et syst\u00e8mes de culture depuis 1995","publisher":{"@id":"https:\/\/www.terraaquatica.com\/#organization"},"potentialAction":[{"@type":"SearchAction","target":{"@type":"EntryPoint","urlTemplate":"https:\/\/www.terraaquatica.com\/?s={search_term_string}"},"query-input":{"@type":"PropertyValueSpecification","valueRequired":true,"valueName":"search_term_string"}}],"inLanguage":"es"},{"@type":"Organization","@id":"https:\/\/www.terraaquatica.com\/#organization","name":"Terra Aquatica","url":"https:\/\/www.terraaquatica.com\/","logo":{"@type":"ImageObject","inLanguage":"es","@id":"https:\/\/www.terraaquatica.com\/#\/schema\/logo\/image\/","url":"https:\/\/www.terraaquatica.com\/wp-content\/uploads\/2022\/03\/favicon-transpa-big.png","contentUrl":"https:\/\/www.terraaquatica.com\/wp-content\/uploads\/2022\/03\/favicon-transpa-big.png","width":512,"height":512,"caption":"Terra Aquatica"},"image":{"@id":"https:\/\/www.terraaquatica.com\/#\/schema\/logo\/image\/"}}]}},"_links":{"self":[{"href":"https:\/\/www.terraaquatica.com\/es\/wp-json\/wp\/v2\/pages\/11163","targetHints":{"allow":["GET"]}}],"collection":[{"href":"https:\/\/www.terraaquatica.com\/es\/wp-json\/wp\/v2\/pages"}],"about":[{"href":"https:\/\/www.terraaquatica.com\/es\/wp-json\/wp\/v2\/types\/page"}],"author":[{"embeddable":true,"href":"https:\/\/www.terraaquatica.com\/es\/wp-json\/wp\/v2\/users\/1"}],"replies":[{"embeddable":true,"href":"https:\/\/www.terraaquatica.com\/es\/wp-json\/wp\/v2\/comments?post=11163"}],"version-history":[{"count":1,"href":"https:\/\/www.terraaquatica.com\/es\/wp-json\/wp\/v2\/pages\/11163\/revisions"}],"predecessor-version":[{"id":11164,"href":"https:\/\/www.terraaquatica.com\/es\/wp-json\/wp\/v2\/pages\/11163\/revisions\/11164"}],"wp:attachment":[{"href":"https:\/\/www.terraaquatica.com\/es\/wp-json\/wp\/v2\/media?parent=11163"}],"curies":[{"name":"wp","href":"https:\/\/api.w.org\/{rel}","templated":true}]}}