{"id":180,"date":"2018-03-26T11:32:30","date_gmt":"2018-03-26T09:32:30","guid":{"rendered":"https:\/\/www.terraaquatica.com\/la-historia-ghe\/"},"modified":"2022-01-28T23:15:36","modified_gmt":"2022-01-28T22:15:36","slug":"la-historia-ghe","status":"publish","type":"page","link":"https:\/\/www.terraaquatica.com\/es\/la-historia-ghe\/","title":{"rendered":"La Historia Terra Aquatica"},"content":{"rendered":"\n<figure class=\"wp-block-image size-full is-style-default\"><img fetchpriority=\"high\" decoding=\"async\" width=\"497\" height=\"378\" src=\"https:\/\/www.terraaquatica.com\/wp-content\/uploads\/2022\/01\/GHE-william.jpg\" alt=\"\" class=\"wp-image-12035\" srcset=\"https:\/\/www.terraaquatica.com\/wp-content\/uploads\/2022\/01\/GHE-william.jpg 497w, https:\/\/www.terraaquatica.com\/wp-content\/uploads\/2022\/01\/GHE-william-300x228.jpg 300w\" sizes=\"(max-width: 497px) 100vw, 497px\" \/><figcaption>\u00a0<br><em>Lawrence Brooke, William Texier y Noucetta Kehdi,<br>cofundadores de Terra Aquatica.<\/em><\/figcaption><\/figure>\n\n\n<p><!--more-->En 1994 William Texier y Noucetta (Marie) Kehdi fundaron en Francia la compa\u00f1\u00eda Terra Aquatica a ra\u00edz del reconocimiento internacional que les brind\u00f3 su granja hidrop\u00f3nica, la White Owl WaterFarm, donde obtuvieron cosechas que fueron degustadas en restaurantes galardonados con la Estrella Michelin en la Bah\u00eda de San Francisco a comienzos de los a\u00f1os 90.<\/p>\n<p>William fue innovador desde un comienzo, desarrollando nuevos productos y sistemas que combinaban el poder de la tecnolog\u00eda hidrop\u00f3nica con las cualidades y la sensibilidad ecol\u00f3gica de los m\u00e9todos org\u00e1nico-ecol\u00f3gicos, que a d\u00eda de hoy han cobrado tanta importancia. Juntos, Noucetta y William, fueron pioneros en nuevos m\u00e9todos de agricultura moderna al utilizar \u00fanicamente los compuestos m\u00e1s puros para fertilizantes \u2013 muchos de ellos de calidad alimentaria \u2013 combin\u00e1ndolos con los ingredientes org\u00e1nico-ecol\u00f3gicos de mayor pureza disponibles.<\/p>\n<p><strong>TECNOLOG\u00cdA<\/strong><\/p>\n<p>Los nuevos productos exclusivos de la agricultura moderna dieron lugar a una nueva forma de pensamiento sobre las soluciones nutritivas. William y Noucetta, sabiendo que toda vida es simbi\u00f3tica, formularon productos que han hecho posible soluciones nutritivas vivas. Se trata de un nuevo estadio de tecnolog\u00eda agr\u00edcola donde las plantas y su entorno se integran cuidadosamente en un sistema de vida hol\u00edstico.<\/p>\n<p>Esto es m\u00e1s que un sistema hidrop\u00f3nico y m\u00e1s que un concepto org\u00e1nico o ecol\u00f3gico, es un h\u00edbrido que re\u00fane lo mejor de ambos mundos: los pesticidas no son necesarios cuando las plantas comparten el medio ambiente con organismos beneficiosos que las protegen y defienden. Los ingredientes qu\u00edmicos agresivos utilizados por la mayor\u00eda de los agricultores comerciales modernos no deben utilizarse en un sistema vivo. S\u00f3lo los ingredientes puros y compatibles y los nuevos m\u00e9todos de formulaci\u00f3n permitir\u00e1n un sistema vivo de cultivo simbi\u00f3tico. Para describir y explicar este nuevo m\u00e9todo de cultivo, William y Noucetta acu\u00f1aron el t\u00e9rmino &#8220;Biop\u00f3nico&#8221;, un concepto que ahora se est\u00e1 explorando en todo el mundo y un campo en el que Terra Aquatica sigue siendo l\u00edder.<\/p>\n<p><strong>LAS NECESIDADES DEL PRODUCTOR<\/strong><\/p>\n<p>Hoy en d\u00eda, los productos Terra Aquatica se encuentran a la base de cultivos saludables que proporcionan alimentos, medicinas y flores en todo el mundo. En Terra Aquatica, sus productos est\u00e1n concebidos para satisfacer las necesidades espec\u00edficas de los productores en todo tipo de entornos en los que se cultivan plantas para necesidades personales y locales.<\/p>\n<p>El principal criterio que preside a la elaboraci\u00f3n de los productos exclusivos de Terra Aquatica es el de crear compuestos sanos, ambientalmente cuidadosos y sostenibles para los productores. Todos ellos son formulados en funci\u00f3n de las caracter\u00edsticas locales, donde el agua, la luz, la temperatura, la humedad y las condiciones naturales crean microambientes \u00fanicos que van desde los desiertos del Oriente Medio hasta los bosques del \u00c1rtico, en Siberia.<\/p>\n<p>Cada entorno espec\u00edfico crea un mercado \u00fanico con necesidades muy distintas que dependen del cliente y de las plantas.<\/p>\n<p>Terra Aquatica est\u00e1 a la vanguardia de la agricultura moderna. Respetados y conocidos en c\u00edrculos acad\u00e9micos de todo el mundo, William y Noucetta viajan y ense\u00f1an de manera intensa. Han escrito y publicado numerosos art\u00edculos y libros que hoy forman parte del cursus para estudiantes de agricultura en todo el mundo. Actualmente el libro de William, Hydroponics for Everybody (Hidropon\u00eda para todos), est\u00e1 disponible en 7 idiomas y brinda a los productores abundante informaci\u00f3n y conocimientos acerca de c\u00f3mo cultivar plantas destinadas a cubrir necesidades personales y familiares.<\/p>\n<p><em>Lawrence Brooke<\/em><\/p>\n\n\n<figure class=\"wp-block-embed is-type-video is-provider-youtube wp-block-embed-youtube wp-embed-aspect-16-9 wp-has-aspect-ratio\"><div class=\"wp-block-embed__wrapper\">\n<iframe title=\"\u00a1 Lanzamiento oficial de Terra Aquatica ! \ud83d\ude80\" width=\"500\" height=\"281\" src=\"https:\/\/www.youtube.com\/embed\/2DhB4UzU3t4?feature=oembed\" frameborder=\"0\" allow=\"accelerometer; autoplay; clipboard-write; encrypted-media; gyroscope; picture-in-picture; web-share\" referrerpolicy=\"strict-origin-when-cross-origin\" allowfullscreen><\/iframe>\n<\/div><\/figure>\n","protected":false},"excerpt":{"rendered":"","protected":false},"author":3,"featured_media":149,"parent":0,"menu_order":0,"comment_status":"closed","ping_status":"closed","template":"","meta":{"_acf_changed":false,"footnotes":""},"class_list":["post-180","page","type-page","status-publish","has-post-thumbnail","hentry"],"acf":[],"yoast_head":"<!-- This site is optimized with the Yoast SEO plugin v27.3 - https:\/\/yoast.com\/product\/yoast-seo-wordpress\/ -->\n<title>La Historia Terra Aquatica - Terra Aquatica<\/title>\n<meta name=\"robots\" content=\"index, follow, max-snippet:-1, max-image-preview:large, max-video-preview:-1\" \/>\n<link rel=\"canonical\" href=\"https:\/\/www.terraaquatica.com\/es\/la-historia-ghe\/\" \/>\n<meta property=\"og:locale\" content=\"es_ES\" \/>\n<meta property=\"og:type\" content=\"article\" \/>\n<meta property=\"og:title\" content=\"La Historia Terra Aquatica - Terra Aquatica\" \/>\n<meta property=\"og:url\" content=\"https:\/\/www.terraaquatica.com\/es\/la-historia-ghe\/\" \/>\n<meta property=\"og:site_name\" content=\"Terra Aquatica\" \/>\n<meta property=\"article:modified_time\" content=\"2022-01-28T22:15:36+00:00\" \/>\n<meta property=\"og:image\" content=\"https:\/\/www.terraaquatica.com\/wp-content\/uploads\/2017\/07\/william-noucetta-larry.jpg\" \/>\n\t<meta property=\"og:image:width\" content=\"1600\" \/>\n\t<meta property=\"og:image:height\" content=\"1200\" \/>\n\t<meta property=\"og:image:type\" content=\"image\/jpeg\" \/>\n<meta name=\"twitter:card\" content=\"summary_large_image\" \/>\n<meta name=\"twitter:label1\" content=\"Tiempo de lectura\" \/>\n\t<meta name=\"twitter:data1\" content=\"4 minutos\" \/>\n<script type=\"application\/ld+json\" class=\"yoast-schema-graph\">{\"@context\":\"https:\\\/\\\/schema.org\",\"@graph\":[{\"@type\":\"WebPage\",\"@id\":\"https:\\\/\\\/www.terraaquatica.com\\\/es\\\/la-historia-ghe\\\/\",\"url\":\"https:\\\/\\\/www.terraaquatica.com\\\/es\\\/la-historia-ghe\\\/\",\"name\":\"La Historia Terra Aquatica - Terra Aquatica\",\"isPartOf\":{\"@id\":\"https:\\\/\\\/www.terraaquatica.com\\\/#website\"},\"primaryImageOfPage\":{\"@id\":\"https:\\\/\\\/www.terraaquatica.com\\\/es\\\/la-historia-ghe\\\/#primaryimage\"},\"image\":{\"@id\":\"https:\\\/\\\/www.terraaquatica.com\\\/es\\\/la-historia-ghe\\\/#primaryimage\"},\"thumbnailUrl\":\"https:\\\/\\\/www.terraaquatica.com\\\/wp-content\\\/uploads\\\/2017\\\/07\\\/william-noucetta-larry.jpg\",\"datePublished\":\"2018-03-26T09:32:30+00:00\",\"dateModified\":\"2022-01-28T22:15:36+00:00\",\"breadcrumb\":{\"@id\":\"https:\\\/\\\/www.terraaquatica.com\\\/es\\\/la-historia-ghe\\\/#breadcrumb\"},\"inLanguage\":\"es\",\"potentialAction\":[{\"@type\":\"ReadAction\",\"target\":[\"https:\\\/\\\/www.terraaquatica.com\\\/es\\\/la-historia-ghe\\\/\"]}]},{\"@type\":\"ImageObject\",\"inLanguage\":\"es\",\"@id\":\"https:\\\/\\\/www.terraaquatica.com\\\/es\\\/la-historia-ghe\\\/#primaryimage\",\"url\":\"https:\\\/\\\/www.terraaquatica.com\\\/wp-content\\\/uploads\\\/2017\\\/07\\\/william-noucetta-larry.jpg\",\"contentUrl\":\"https:\\\/\\\/www.terraaquatica.com\\\/wp-content\\\/uploads\\\/2017\\\/07\\\/william-noucetta-larry.jpg\",\"width\":1600,\"height\":1200},{\"@type\":\"BreadcrumbList\",\"@id\":\"https:\\\/\\\/www.terraaquatica.com\\\/es\\\/la-historia-ghe\\\/#breadcrumb\",\"itemListElement\":[{\"@type\":\"ListItem\",\"position\":1,\"name\":\"Accueil\",\"item\":\"https:\\\/\\\/www.terraaquatica.com\\\/es\\\/\"},{\"@type\":\"ListItem\",\"position\":2,\"name\":\"La Historia Terra Aquatica\"}]},{\"@type\":\"WebSite\",\"@id\":\"https:\\\/\\\/www.terraaquatica.com\\\/#website\",\"url\":\"https:\\\/\\\/www.terraaquatica.com\\\/\",\"name\":\"Terra Aquatica\",\"description\":\"Engrais et syst\u00e8mes de culture depuis 1995\",\"publisher\":{\"@id\":\"https:\\\/\\\/www.terraaquatica.com\\\/#organization\"},\"potentialAction\":[{\"@type\":\"SearchAction\",\"target\":{\"@type\":\"EntryPoint\",\"urlTemplate\":\"https:\\\/\\\/www.terraaquatica.com\\\/?s={search_term_string}\"},\"query-input\":{\"@type\":\"PropertyValueSpecification\",\"valueRequired\":true,\"valueName\":\"search_term_string\"}}],\"inLanguage\":\"es\"},{\"@type\":\"Organization\",\"@id\":\"https:\\\/\\\/www.terraaquatica.com\\\/#organization\",\"name\":\"Terra Aquatica\",\"url\":\"https:\\\/\\\/www.terraaquatica.com\\\/\",\"logo\":{\"@type\":\"ImageObject\",\"inLanguage\":\"es\",\"@id\":\"https:\\\/\\\/www.terraaquatica.com\\\/#\\\/schema\\\/logo\\\/image\\\/\",\"url\":\"https:\\\/\\\/www.terraaquatica.com\\\/wp-content\\\/uploads\\\/2022\\\/03\\\/favicon-transpa-big.png\",\"contentUrl\":\"https:\\\/\\\/www.terraaquatica.com\\\/wp-content\\\/uploads\\\/2022\\\/03\\\/favicon-transpa-big.png\",\"width\":512,\"height\":512,\"caption\":\"Terra Aquatica\"},\"image\":{\"@id\":\"https:\\\/\\\/www.terraaquatica.com\\\/#\\\/schema\\\/logo\\\/image\\\/\"}}]}<\/script>\n<!-- \/ Yoast SEO plugin. -->","yoast_head_json":{"title":"La Historia Terra Aquatica - Terra Aquatica","robots":{"index":"index","follow":"follow","max-snippet":"max-snippet:-1","max-image-preview":"max-image-preview:large","max-video-preview":"max-video-preview:-1"},"canonical":"https:\/\/www.terraaquatica.com\/es\/la-historia-ghe\/","og_locale":"es_ES","og_type":"article","og_title":"La Historia Terra Aquatica - Terra Aquatica","og_url":"https:\/\/www.terraaquatica.com\/es\/la-historia-ghe\/","og_site_name":"Terra Aquatica","article_modified_time":"2022-01-28T22:15:36+00:00","og_image":[{"width":1600,"height":1200,"url":"https:\/\/www.terraaquatica.com\/wp-content\/uploads\/2017\/07\/william-noucetta-larry.jpg","type":"image\/jpeg"}],"twitter_card":"summary_large_image","twitter_misc":{"Tiempo de lectura":"4 minutos"},"schema":{"@context":"https:\/\/schema.org","@graph":[{"@type":"WebPage","@id":"https:\/\/www.terraaquatica.com\/es\/la-historia-ghe\/","url":"https:\/\/www.terraaquatica.com\/es\/la-historia-ghe\/","name":"La Historia Terra Aquatica - Terra Aquatica","isPartOf":{"@id":"https:\/\/www.terraaquatica.com\/#website"},"primaryImageOfPage":{"@id":"https:\/\/www.terraaquatica.com\/es\/la-historia-ghe\/#primaryimage"},"image":{"@id":"https:\/\/www.terraaquatica.com\/es\/la-historia-ghe\/#primaryimage"},"thumbnailUrl":"https:\/\/www.terraaquatica.com\/wp-content\/uploads\/2017\/07\/william-noucetta-larry.jpg","datePublished":"2018-03-26T09:32:30+00:00","dateModified":"2022-01-28T22:15:36+00:00","breadcrumb":{"@id":"https:\/\/www.terraaquatica.com\/es\/la-historia-ghe\/#breadcrumb"},"inLanguage":"es","potentialAction":[{"@type":"ReadAction","target":["https:\/\/www.terraaquatica.com\/es\/la-historia-ghe\/"]}]},{"@type":"ImageObject","inLanguage":"es","@id":"https:\/\/www.terraaquatica.com\/es\/la-historia-ghe\/#primaryimage","url":"https:\/\/www.terraaquatica.com\/wp-content\/uploads\/2017\/07\/william-noucetta-larry.jpg","contentUrl":"https:\/\/www.terraaquatica.com\/wp-content\/uploads\/2017\/07\/william-noucetta-larry.jpg","width":1600,"height":1200},{"@type":"BreadcrumbList","@id":"https:\/\/www.terraaquatica.com\/es\/la-historia-ghe\/#breadcrumb","itemListElement":[{"@type":"ListItem","position":1,"name":"Accueil","item":"https:\/\/www.terraaquatica.com\/es\/"},{"@type":"ListItem","position":2,"name":"La Historia Terra Aquatica"}]},{"@type":"WebSite","@id":"https:\/\/www.terraaquatica.com\/#website","url":"https:\/\/www.terraaquatica.com\/","name":"Terra Aquatica","description":"Engrais et syst\u00e8mes de culture depuis 1995","publisher":{"@id":"https:\/\/www.terraaquatica.com\/#organization"},"potentialAction":[{"@type":"SearchAction","target":{"@type":"EntryPoint","urlTemplate":"https:\/\/www.terraaquatica.com\/?s={search_term_string}"},"query-input":{"@type":"PropertyValueSpecification","valueRequired":true,"valueName":"search_term_string"}}],"inLanguage":"es"},{"@type":"Organization","@id":"https:\/\/www.terraaquatica.com\/#organization","name":"Terra Aquatica","url":"https:\/\/www.terraaquatica.com\/","logo":{"@type":"ImageObject","inLanguage":"es","@id":"https:\/\/www.terraaquatica.com\/#\/schema\/logo\/image\/","url":"https:\/\/www.terraaquatica.com\/wp-content\/uploads\/2022\/03\/favicon-transpa-big.png","contentUrl":"https:\/\/www.terraaquatica.com\/wp-content\/uploads\/2022\/03\/favicon-transpa-big.png","width":512,"height":512,"caption":"Terra Aquatica"},"image":{"@id":"https:\/\/www.terraaquatica.com\/#\/schema\/logo\/image\/"}}]}},"_links":{"self":[{"href":"https:\/\/www.terraaquatica.com\/es\/wp-json\/wp\/v2\/pages\/180","targetHints":{"allow":["GET"]}}],"collection":[{"href":"https:\/\/www.terraaquatica.com\/es\/wp-json\/wp\/v2\/pages"}],"about":[{"href":"https:\/\/www.terraaquatica.com\/es\/wp-json\/wp\/v2\/types\/page"}],"author":[{"embeddable":true,"href":"https:\/\/www.terraaquatica.com\/es\/wp-json\/wp\/v2\/users\/3"}],"replies":[{"embeddable":true,"href":"https:\/\/www.terraaquatica.com\/es\/wp-json\/wp\/v2\/comments?post=180"}],"version-history":[{"count":2,"href":"https:\/\/www.terraaquatica.com\/es\/wp-json\/wp\/v2\/pages\/180\/revisions"}],"predecessor-version":[{"id":12048,"href":"https:\/\/www.terraaquatica.com\/es\/wp-json\/wp\/v2\/pages\/180\/revisions\/12048"}],"wp:featuredmedia":[{"embeddable":true,"href":"https:\/\/www.terraaquatica.com\/es\/wp-json\/wp\/v2\/media\/149"}],"wp:attachment":[{"href":"https:\/\/www.terraaquatica.com\/es\/wp-json\/wp\/v2\/media?parent=180"}],"curies":[{"name":"wp","href":"https:\/\/api.w.org\/{rel}","templated":true}]}}