{"id":204,"date":"2018-05-24T09:07:11","date_gmt":"2018-05-24T07:07:11","guid":{"rendered":"https:\/\/www.terraaquatica.com\/datos-personales\/"},"modified":"2022-02-03T20:47:24","modified_gmt":"2022-02-03T19:47:24","slug":"datos-personales","status":"publish","type":"page","link":"https:\/\/www.terraaquatica.com\/es\/datos-personales\/","title":{"rendered":"Datos personales"},"content":{"rendered":"<p><strong><span style=\"font-size:16px;\">Terra Aquatica fait de la protection des donn\u00e9es personnelles une priorit\u00e9 depuis toujours. Nos principes de protection sont conformes au r\u00e8glement g\u00e9n\u00e9ral sur la protection des donn\u00e9es (RGPD) ainsi qu&#8217;\u00e0 la loi Informatique et Libert\u00e9s.<\/span><\/strong><\/p>\n<h2>\n\tCollecte, traitement et utilisation des donn\u00e9es personnelles<\/h2>\n<p>Vous pouvez visiter notre site sans donner d\u2019indications sur votre personne. Nous prenons uniquement connaissance du nom de votre fournisseur d\u2019acc\u00e8s Internet, du site Web depuis lequel vous nous visitez ainsi que des pages que vous visitez chez nous. Les donn\u00e9es sont uniquement exploit\u00e9es pour am\u00e9liorer notre offre, elles ne permettent en aucun cas d\u2019identifier votre personne. Les donn\u00e9es personnelles sont uniquement collect\u00e9es si vous nous les communiquez dans le cadre d&#8217;une demande de contact ou dans le cadre de l&#8217;ouverture d&#8217;un compte client. Nous n\u2019utilisons les donn\u00e9es que vous nous communiquez que pour ex\u00e9cuter et traiter votre demande. Vos donn\u00e9es ne sont transmises \u00e0 aucune autre soci\u00e9t\u00e9. Si vous vous inscrivez \u00e0 la Newsletter, votre adresse e-mail sera utilis\u00e9e \u00e0 des fins publicitaires propres jusqu\u2019\u00e0 ce que vous vous d\u00e9sinscriviez de la Newsletter. Vous pouvez vous d\u00e9sinscrire de la Newsletter \u00e0 tout instant en cliquant sur le lien de d\u00e9sinscription inscrit dans chaque e-mail.&nbsp; Si nous obtenons votre adresse e-mail dans le cadre de la vente d\u2019une marchandise ou d\u2019un service et que vous ne vous y \u00eates pas oppos\u00e9, nous nous r\u00e9servons le droit de vous envoyer r\u00e9guli\u00e8rement par e-mail des offres relatives \u00e0 des produits issus de votre gamme similaires \u00e0 ceux que vous avez d\u00e9j\u00e0 achet\u00e9s. Vous pouvez r\u00e9voquer \u00e0 tout moment l\u2019utilisation de votre adresse e-mail en nous envoyant un message.<\/p>\n<h3>\n\tS&#8217;abonner \u00e0 la newsletter<\/h3>\n<p>Vous souhaitez rester au courant de l&#8217;actualit\u00e9 ? Nous d\u00e9veloppons constamment notre gamme de produits et nos services. Abonnez-vous maintenant \u00e0 notre newsletter et soyez au courant de toutes les actualit\u00e9s. Vous pouvez \u00e0 tout moment vous d\u00e9sabonner de notre newsletter en cliquant sur le lien de d\u00e9sabonnement.<\/p>\n<h2>\n\tCertificat SSL \/ Transfert de donn\u00e9es crypt\u00e9es<\/h2>\n<p>Vos donn\u00e9es cit\u00e9es ci-apr\u00e8s sont transmises de mani\u00e8re crypt\u00e9e, afin d&#8217;\u00e9viter toute utilisation frauduleuse par un tiers. SSL (Secure Socket Layer) est une technologie de s\u00e9curit\u00e9 qui garantit que vos donn\u00e9es personnelles, vos donn\u00e9es de connexion sont transmises par internet de mani\u00e8re s\u00fbre.<\/p>\n<h2>\n\tGoogle Analytics<\/h2>\n<p>Ce site utilise Google Analytics, un service d\u2019analyse de site Internet fourni par Google Inc. (\u00ab Google \u00bb). Google Analytics utilise des \u00ab cookies \u00bb qui sont des fichiers texte stock\u00e9s sur votre ordinateur gr\u00e2ce auxquels il est possible d&#8217;analyser votre navigation sur le site Internet. Les informations qui sont g\u00e9n\u00e9r\u00e9es par les cookies concernant votre utilisation du site sont en g\u00e9n\u00e9ral transmises \u00e0 un serveur de Google situ\u00e9 aux \u00c9tats-Unis o\u00f9 elles sont enregistr\u00e9es. L&#8217;adresse IP transmise par votre navigateur dans le cadre de Google Analytics ne sera pas mise en relation avec les autres donn\u00e9es de Google. Nous avons par ailleurs ajout\u00e9 sur ce site Internet le code \u00ab anonymizeIP \u00bb \u00e0 Google Analytics. Ceci garantit le masquage de votre adresse IP de sorte que toutes les donn\u00e9es sont collect\u00e9es de fa\u00e7on anonyme. L&#8217;adresse IP int\u00e9grale peut exceptionnellement \u00eatre transmise sur un serveur de Google aux \u00c9tats-Unis et y \u00eatre raccourcie l\u00e0-bas. Nous utilisons Google Analytics ainsi que les fonctionnalit\u00e9s de Universal Analytics. Universal Analytics nous permet d\u2019analyser l\u2019activit\u00e9 de nos utilisateurs sur nos sites quel que soit le m\u00e9dium utilis\u00e9 (par ex. en cas d\u2019acc\u00e8s \u00e0 l\u2019aide d\u2019un ordinateur portable ou plus tard d\u2019une tablette). Ceci est rendu possible par l\u2019attribution \u00e0 chacun de nos utilisateurs d\u2019un num\u00e9ro d\u2019identification anonyme et unique. L\u2019affectation de ce num\u00e9ro d\u2019identification intervient lors de la cr\u00e9ation de votre compte utilisateur ou lorsque vous vous connectez \u00e0 votre compte. Cependant, aucune donn\u00e9e personnelle ne sera transmise \u00e0 Google. Le fait que Universal Analytics ajoute des fonctionnalit\u00e9s suppl\u00e9mentaires \u00e0 Google Analytics, ne signifie cependant pas que les mesures de protection des donn\u00e9es telles que l\u2019anonymisation des adresses IP ou les modules des navigateurs Internet seront compromises. \u00c0 la demande de l&#8217;administrateur de ce site Internet, Google utilisera cette information afin d&#8217;analyser votre utilisation du site Internet, de rassembler des rapports sur les activit\u00e9s du site Internet et de fournir d&#8217;autres services li\u00e9s \u00e0 l&#8217;activit\u00e9 du site et \u00e0 l&#8217;utilisation d&#8217;Internet vis-\u00e0-vis de l&#8217;op\u00e9rateur du site Internet. Vous pouvez d\u00e9sactiver la sauvegarde des cookies par un r\u00e9glage appropri\u00e9 dans votre navigateur. Nous vous signalons toutefois que vous ne pourrez peut-\u00eatre pas utiliser dans ce cas toutes les fonctionnalit\u00e9s de ce site Internet. En outre, vous pouvez emp\u00eacher la saisie des donn\u00e9es g\u00e9n\u00e9r\u00e9es par le cookie et relatives \u00e0 votre utilisation du site Internet (y compris votre adresse IP) ainsi que le traitement de ces donn\u00e9es par Google en t\u00e9l\u00e9chargeant et installant le plugin pour navigateur disponible au lien suivant : <a href=\"https:\/\/tools.google.com\/dlpage\/gaoptout?hl=fr\" target=\"_blank\" rel=\"noopener\">https:\/\/tools.google.com\/dlpage\/gaoptout?hl=fr<\/a>.<\/p>\n<h2>\n\tGestion des cookies<\/h2>\n<p>Terra Aquatica utilise des cookies n\u00e9cessaires au bon fonctionnement du site, de mesure d\u2019audience (Google Analytics), de gestion de publicit\u00e9s (Google Adwords), et donne acc\u00e8s dans ses pages \u00e0 des cookies de partage sociaux (Twitter, Facebook, Google+). Vous pouvez g\u00e9rer directement dans vos navigateurs le param\u00e9trage de vos cookies. Vous trouverez sur le site de la Cnil les informations n\u00e9cessaires pour cela : <a href=\"https:\/\/www.cnil.fr\/fr\/cookies-les-outils-pour-les-maitriser\" target=\"_blank\" rel=\"noopener\">https:\/\/www.cnil.fr\/fr\/cookies-les-outils-pour-les-maitriser<\/a>.<\/p>\n<h2>\n\tDur\u00e9e de conservation des donn\u00e9es collect\u00e9es<\/h2>\n<p>Nous conservons vos informations personnelles afin de vous permettre d&#8217;utiliser en continu nos services, pour une dur\u00e9e n\u00e9cessaire \u00e0 la r\u00e9alisation d&#8217;obligations l\u00e9gales comme par exemple des obligations fiscales ou comptables, ou pour toute autre dur\u00e9e qui aura pu vous \u00eatre communiqu\u00e9e.<\/p>\n<h2>\n\tRenseignements sur les donn\u00e9es personnelles et demandes de modifications<\/h2>\n<p>Conform\u00e9ment au r\u00e8glement sur la protection des donn\u00e9es, vous avez le droit de conna\u00eetre la nature des informations enregistr\u00e9es \u00e0 votre sujet ainsi que le droit le cas \u00e9ch\u00e9ant \u00e0 la rectification, au blocage ou \u00e0 l&#8217;annulation de ces donn\u00e9es.&nbsp; Vous pouvez envoyer \u00e0 tout moment les demandes de renseignements, d&#8217;annulation et de rectification de vos donn\u00e9es personnelles, ainsi que toutes vos remarques \u00e0 notre responsable de la protection des donn\u00e9es :<\/p>\n<p>Jean-Baptiste SERS<br \/>\nResonsable de la protection des donn\u00e9es (DPO)<br \/>\nE-mail : <a href=\"mailto:dpo@eurohydro.com?subject=Protection%20des%20donn%C3%A9es\">dpo@eurohydro.com<\/a><\/p>\n","protected":false},"excerpt":{"rendered":"<p>Terra Aquatica fait de la protection des donn\u00e9es personnelles une priorit\u00e9 depuis toujours. Nos principes de protection sont conformes au [&hellip;]<\/p>\n","protected":false},"author":3,"featured_media":0,"parent":0,"menu_order":0,"comment_status":"closed","ping_status":"closed","template":"","meta":{"_acf_changed":false,"footnotes":""},"class_list":["post-204","page","type-page","status-publish","hentry"],"acf":[],"yoast_head":"<!-- This site is optimized with the Yoast SEO plugin v27.3 - https:\/\/yoast.com\/product\/yoast-seo-wordpress\/ -->\n<title>Datos personales - Terra Aquatica<\/title>\n<meta name=\"robots\" content=\"index, follow, max-snippet:-1, max-image-preview:large, max-video-preview:-1\" \/>\n<link rel=\"canonical\" href=\"https:\/\/www.terraaquatica.com\/es\/datos-personales\/\" \/>\n<meta property=\"og:locale\" content=\"es_ES\" \/>\n<meta property=\"og:type\" content=\"article\" \/>\n<meta property=\"og:title\" content=\"Datos personales - Terra Aquatica\" \/>\n<meta property=\"og:description\" content=\"Terra Aquatica fait de la protection des donn\u00e9es personnelles une priorit\u00e9 depuis toujours. Nos principes de protection sont conformes au [&hellip;]\" \/>\n<meta property=\"og:url\" content=\"https:\/\/www.terraaquatica.com\/es\/datos-personales\/\" \/>\n<meta property=\"og:site_name\" content=\"Terra Aquatica\" \/>\n<meta property=\"article:modified_time\" content=\"2022-02-03T19:47:24+00:00\" \/>\n<meta name=\"twitter:card\" content=\"summary_large_image\" \/>\n<meta name=\"twitter:label1\" content=\"Tiempo de lectura\" \/>\n\t<meta name=\"twitter:data1\" content=\"5 minutos\" \/>\n<script type=\"application\/ld+json\" class=\"yoast-schema-graph\">{\"@context\":\"https:\\\/\\\/schema.org\",\"@graph\":[{\"@type\":\"WebPage\",\"@id\":\"https:\\\/\\\/www.terraaquatica.com\\\/es\\\/datos-personales\\\/\",\"url\":\"https:\\\/\\\/www.terraaquatica.com\\\/es\\\/datos-personales\\\/\",\"name\":\"Datos personales - Terra Aquatica\",\"isPartOf\":{\"@id\":\"https:\\\/\\\/www.terraaquatica.com\\\/#website\"},\"datePublished\":\"2018-05-24T07:07:11+00:00\",\"dateModified\":\"2022-02-03T19:47:24+00:00\",\"breadcrumb\":{\"@id\":\"https:\\\/\\\/www.terraaquatica.com\\\/es\\\/datos-personales\\\/#breadcrumb\"},\"inLanguage\":\"es\",\"potentialAction\":[{\"@type\":\"ReadAction\",\"target\":[\"https:\\\/\\\/www.terraaquatica.com\\\/es\\\/datos-personales\\\/\"]}]},{\"@type\":\"BreadcrumbList\",\"@id\":\"https:\\\/\\\/www.terraaquatica.com\\\/es\\\/datos-personales\\\/#breadcrumb\",\"itemListElement\":[{\"@type\":\"ListItem\",\"position\":1,\"name\":\"Accueil\",\"item\":\"https:\\\/\\\/www.terraaquatica.com\\\/es\\\/\"},{\"@type\":\"ListItem\",\"position\":2,\"name\":\"Datos personales\"}]},{\"@type\":\"WebSite\",\"@id\":\"https:\\\/\\\/www.terraaquatica.com\\\/#website\",\"url\":\"https:\\\/\\\/www.terraaquatica.com\\\/\",\"name\":\"Terra Aquatica\",\"description\":\"Engrais et syst\u00e8mes de culture depuis 1995\",\"publisher\":{\"@id\":\"https:\\\/\\\/www.terraaquatica.com\\\/#organization\"},\"potentialAction\":[{\"@type\":\"SearchAction\",\"target\":{\"@type\":\"EntryPoint\",\"urlTemplate\":\"https:\\\/\\\/www.terraaquatica.com\\\/?s={search_term_string}\"},\"query-input\":{\"@type\":\"PropertyValueSpecification\",\"valueRequired\":true,\"valueName\":\"search_term_string\"}}],\"inLanguage\":\"es\"},{\"@type\":\"Organization\",\"@id\":\"https:\\\/\\\/www.terraaquatica.com\\\/#organization\",\"name\":\"Terra Aquatica\",\"url\":\"https:\\\/\\\/www.terraaquatica.com\\\/\",\"logo\":{\"@type\":\"ImageObject\",\"inLanguage\":\"es\",\"@id\":\"https:\\\/\\\/www.terraaquatica.com\\\/#\\\/schema\\\/logo\\\/image\\\/\",\"url\":\"https:\\\/\\\/www.terraaquatica.com\\\/wp-content\\\/uploads\\\/2022\\\/03\\\/favicon-transpa-big.png\",\"contentUrl\":\"https:\\\/\\\/www.terraaquatica.com\\\/wp-content\\\/uploads\\\/2022\\\/03\\\/favicon-transpa-big.png\",\"width\":512,\"height\":512,\"caption\":\"Terra Aquatica\"},\"image\":{\"@id\":\"https:\\\/\\\/www.terraaquatica.com\\\/#\\\/schema\\\/logo\\\/image\\\/\"}}]}<\/script>\n<!-- \/ Yoast SEO plugin. -->","yoast_head_json":{"title":"Datos personales - Terra Aquatica","robots":{"index":"index","follow":"follow","max-snippet":"max-snippet:-1","max-image-preview":"max-image-preview:large","max-video-preview":"max-video-preview:-1"},"canonical":"https:\/\/www.terraaquatica.com\/es\/datos-personales\/","og_locale":"es_ES","og_type":"article","og_title":"Datos personales - Terra Aquatica","og_description":"Terra Aquatica fait de la protection des donn\u00e9es personnelles une priorit\u00e9 depuis toujours. Nos principes de protection sont conformes au [&hellip;]","og_url":"https:\/\/www.terraaquatica.com\/es\/datos-personales\/","og_site_name":"Terra Aquatica","article_modified_time":"2022-02-03T19:47:24+00:00","twitter_card":"summary_large_image","twitter_misc":{"Tiempo de lectura":"5 minutos"},"schema":{"@context":"https:\/\/schema.org","@graph":[{"@type":"WebPage","@id":"https:\/\/www.terraaquatica.com\/es\/datos-personales\/","url":"https:\/\/www.terraaquatica.com\/es\/datos-personales\/","name":"Datos personales - Terra Aquatica","isPartOf":{"@id":"https:\/\/www.terraaquatica.com\/#website"},"datePublished":"2018-05-24T07:07:11+00:00","dateModified":"2022-02-03T19:47:24+00:00","breadcrumb":{"@id":"https:\/\/www.terraaquatica.com\/es\/datos-personales\/#breadcrumb"},"inLanguage":"es","potentialAction":[{"@type":"ReadAction","target":["https:\/\/www.terraaquatica.com\/es\/datos-personales\/"]}]},{"@type":"BreadcrumbList","@id":"https:\/\/www.terraaquatica.com\/es\/datos-personales\/#breadcrumb","itemListElement":[{"@type":"ListItem","position":1,"name":"Accueil","item":"https:\/\/www.terraaquatica.com\/es\/"},{"@type":"ListItem","position":2,"name":"Datos personales"}]},{"@type":"WebSite","@id":"https:\/\/www.terraaquatica.com\/#website","url":"https:\/\/www.terraaquatica.com\/","name":"Terra Aquatica","description":"Engrais et syst\u00e8mes de culture depuis 1995","publisher":{"@id":"https:\/\/www.terraaquatica.com\/#organization"},"potentialAction":[{"@type":"SearchAction","target":{"@type":"EntryPoint","urlTemplate":"https:\/\/www.terraaquatica.com\/?s={search_term_string}"},"query-input":{"@type":"PropertyValueSpecification","valueRequired":true,"valueName":"search_term_string"}}],"inLanguage":"es"},{"@type":"Organization","@id":"https:\/\/www.terraaquatica.com\/#organization","name":"Terra Aquatica","url":"https:\/\/www.terraaquatica.com\/","logo":{"@type":"ImageObject","inLanguage":"es","@id":"https:\/\/www.terraaquatica.com\/#\/schema\/logo\/image\/","url":"https:\/\/www.terraaquatica.com\/wp-content\/uploads\/2022\/03\/favicon-transpa-big.png","contentUrl":"https:\/\/www.terraaquatica.com\/wp-content\/uploads\/2022\/03\/favicon-transpa-big.png","width":512,"height":512,"caption":"Terra Aquatica"},"image":{"@id":"https:\/\/www.terraaquatica.com\/#\/schema\/logo\/image\/"}}]}},"_links":{"self":[{"href":"https:\/\/www.terraaquatica.com\/es\/wp-json\/wp\/v2\/pages\/204","targetHints":{"allow":["GET"]}}],"collection":[{"href":"https:\/\/www.terraaquatica.com\/es\/wp-json\/wp\/v2\/pages"}],"about":[{"href":"https:\/\/www.terraaquatica.com\/es\/wp-json\/wp\/v2\/types\/page"}],"author":[{"embeddable":true,"href":"https:\/\/www.terraaquatica.com\/es\/wp-json\/wp\/v2\/users\/3"}],"replies":[{"embeddable":true,"href":"https:\/\/www.terraaquatica.com\/es\/wp-json\/wp\/v2\/comments?post=204"}],"version-history":[{"count":1,"href":"https:\/\/www.terraaquatica.com\/es\/wp-json\/wp\/v2\/pages\/204\/revisions"}],"predecessor-version":[{"id":12410,"href":"https:\/\/www.terraaquatica.com\/es\/wp-json\/wp\/v2\/pages\/204\/revisions\/12410"}],"wp:attachment":[{"href":"https:\/\/www.terraaquatica.com\/es\/wp-json\/wp\/v2\/media?parent=204"}],"curies":[{"name":"wp","href":"https:\/\/api.w.org\/{rel}","templated":true}]}}