{"id":14697,"date":"2023-03-07T10:20:36","date_gmt":"2023-03-07T09:20:36","guid":{"rendered":"\/uncategorized\/"},"modified":"2024-02-06T11:31:43","modified_gmt":"2024-02-06T10:31:43","slug":"hyperbloom","status":"publish","type":"product","link":"https:\/\/www.terraaquatica.com\/es\/fertilizantes-especificos-suplementos-nutricionales\/hyperbloom","title":{"rendered":"<strong>HyperBloom\u00ae<\/strong>\u00a0"},"content":{"rendered":"\n<p>HyperBloom\u00ae es un abono enriquecido con f\u00f3sforo, potasio y azufre, lo que acelera el proceso de maduraci\u00f3n de sus plantas y favorece la floraci\u00f3n y la fructificaci\u00f3n.&nbsp;<\/p>\n\n\n\n<p>Gracias a la variedad de sus fuentes de materias activas, se asimila m\u00e1s f\u00e1cilmente y se adapta a todos los tipos y entornos de cultivo, hidrop\u00f3nico y en tierra.&nbsp;<\/p>\n\n\n\n<p>\u00a1 Un producto a\u00fan m\u00e1s concentrado para un mayor ahorro !<\/p>\n\n\n\n<p>C\u00f3mo funciona HyperBloom\u00ae:<\/p>\n\n\n\n<ul class=\"wp-block-list\">\n<li>Acompa\u00f1a suavemente a la planta a medida que se acerca al final de su periodo de floraci\u00f3n.<\/li>\n\n\n\n<li>Proporciona a la planta los minerales que necesita.&nbsp;<\/li>\n\n\n\n<li>HyperBloom\u00ae optimiza y mejora el rendimiento y los sabores de la cosecha. &nbsp;<\/li>\n\n\n\n<li>Aumenta la producci\u00f3n de aceites esenciales y principios activos en la \u00faltima fase de fructificaci\u00f3n\/floraci\u00f3n.<\/li>\n<\/ul>\n\n\n\n<p>En interior, puede armonizar el final del ciclo de crecimiento acelerando la maduraci\u00f3n de plantas perezosas o variedades tard\u00edas.<\/p>\n","protected":false},"author":710,"template":"","meta":{"_acf_changed":false},"m_thode_de_culture":[31],"substrat":[299,300,301],"product_category":[276],"class_list":["post-14697","product","type-product","status-publish","hentry","m_thode_de_culture-mineral-en","substrat-coco","substrat-hydro","substrat-soil","product_category-fertilizantes-especificos-suplementos-nutricionales"],"acf":[],"yoast_head":"<!-- This site is optimized with the Yoast SEO plugin v27.3 - https:\/\/yoast.com\/product\/yoast-seo-wordpress\/ -->\n<title>HyperBloom\u00ae\u00a0 - Terra Aquatica<\/title>\n<meta name=\"robots\" content=\"index, follow, max-snippet:-1, max-image-preview:large, max-video-preview:-1\" \/>\n<link rel=\"canonical\" href=\"https:\/\/www.terraaquatica.com\/es\/fertilizantes-especificos-suplementos-nutricionales\/hyperbloom\/\" \/>\n<meta property=\"og:locale\" content=\"es_ES\" \/>\n<meta property=\"og:type\" content=\"article\" \/>\n<meta property=\"og:title\" content=\"HyperBloom\u00ae\u00a0 - Terra Aquatica\" \/>\n<meta property=\"og:description\" content=\"HyperBloom\u00ae es un abono enriquecido con f\u00f3sforo, potasio y azufre, lo que acelera el proceso de maduraci\u00f3n de sus plantas [&hellip;]\" \/>\n<meta property=\"og:url\" content=\"https:\/\/www.terraaquatica.com\/es\/fertilizantes-especificos-suplementos-nutricionales\/hyperbloom\" \/>\n<meta property=\"og:site_name\" content=\"Terra Aquatica\" \/>\n<meta property=\"article:modified_time\" content=\"2024-02-06T10:31:43+00:00\" \/>\n<meta name=\"twitter:card\" content=\"summary_large_image\" \/>\n<meta name=\"twitter:label1\" content=\"Tiempo de lectura\" \/>\n\t<meta name=\"twitter:data1\" content=\"1 minuto\" \/>\n<script type=\"application\/ld+json\" class=\"yoast-schema-graph\">{\"@context\":\"https:\\\/\\\/schema.org\",\"@graph\":[{\"@type\":\"WebPage\",\"@id\":\"https:\\\/\\\/www.terraaquatica.com\\\/es\\\/fertilizantes-especificos-suplementos-nutricionales\\\/hyperbloom\",\"url\":\"https:\\\/\\\/www.terraaquatica.com\\\/es\\\/fertilizantes-especificos-suplementos-nutricionales\\\/hyperbloom\",\"name\":\"HyperBloom\u00ae\u00a0 - Terra Aquatica\",\"isPartOf\":{\"@id\":\"https:\\\/\\\/www.terraaquatica.com\\\/#website\"},\"datePublished\":\"2023-03-07T09:20:36+00:00\",\"dateModified\":\"2024-02-06T10:31:43+00:00\",\"breadcrumb\":{\"@id\":\"https:\\\/\\\/www.terraaquatica.com\\\/es\\\/fertilizantes-especificos-suplementos-nutricionales\\\/hyperbloom#breadcrumb\"},\"inLanguage\":\"es\",\"potentialAction\":[{\"@type\":\"ReadAction\",\"target\":[\"https:\\\/\\\/www.terraaquatica.com\\\/es\\\/fertilizantes-especificos-suplementos-nutricionales\\\/hyperbloom\"]}]},{\"@type\":\"BreadcrumbList\",\"@id\":\"https:\\\/\\\/www.terraaquatica.com\\\/es\\\/fertilizantes-especificos-suplementos-nutricionales\\\/hyperbloom#breadcrumb\",\"itemListElement\":[{\"@type\":\"ListItem\",\"position\":1,\"name\":\"Accueil\",\"item\":\"https:\\\/\\\/www.terraaquatica.com\\\/es\\\/\"},{\"@type\":\"ListItem\",\"position\":2,\"name\":\"Products\",\"item\":\"https:\\\/\\\/www.terraaquatica.com\\\/es\\\/product\\\/\"},{\"@type\":\"ListItem\",\"position\":3,\"name\":\"HyperBloom\u00ae\u00a0\"}]},{\"@type\":\"WebSite\",\"@id\":\"https:\\\/\\\/www.terraaquatica.com\\\/#website\",\"url\":\"https:\\\/\\\/www.terraaquatica.com\\\/\",\"name\":\"Terra Aquatica\",\"description\":\"Engrais et syst\u00e8mes de culture depuis 1995\",\"publisher\":{\"@id\":\"https:\\\/\\\/www.terraaquatica.com\\\/#organization\"},\"potentialAction\":[{\"@type\":\"SearchAction\",\"target\":{\"@type\":\"EntryPoint\",\"urlTemplate\":\"https:\\\/\\\/www.terraaquatica.com\\\/?s={search_term_string}\"},\"query-input\":{\"@type\":\"PropertyValueSpecification\",\"valueRequired\":true,\"valueName\":\"search_term_string\"}}],\"inLanguage\":\"es\"},{\"@type\":\"Organization\",\"@id\":\"https:\\\/\\\/www.terraaquatica.com\\\/#organization\",\"name\":\"Terra Aquatica\",\"url\":\"https:\\\/\\\/www.terraaquatica.com\\\/\",\"logo\":{\"@type\":\"ImageObject\",\"inLanguage\":\"es\",\"@id\":\"https:\\\/\\\/www.terraaquatica.com\\\/#\\\/schema\\\/logo\\\/image\\\/\",\"url\":\"https:\\\/\\\/www.terraaquatica.com\\\/wp-content\\\/uploads\\\/2022\\\/03\\\/favicon-transpa-big.png\",\"contentUrl\":\"https:\\\/\\\/www.terraaquatica.com\\\/wp-content\\\/uploads\\\/2022\\\/03\\\/favicon-transpa-big.png\",\"width\":512,\"height\":512,\"caption\":\"Terra Aquatica\"},\"image\":{\"@id\":\"https:\\\/\\\/www.terraaquatica.com\\\/#\\\/schema\\\/logo\\\/image\\\/\"}}]}<\/script>\n<!-- \/ Yoast SEO plugin. -->","yoast_head_json":{"title":"HyperBloom\u00ae\u00a0 - Terra Aquatica","robots":{"index":"index","follow":"follow","max-snippet":"max-snippet:-1","max-image-preview":"max-image-preview:large","max-video-preview":"max-video-preview:-1"},"canonical":"https:\/\/www.terraaquatica.com\/es\/fertilizantes-especificos-suplementos-nutricionales\/hyperbloom\/","og_locale":"es_ES","og_type":"article","og_title":"HyperBloom\u00ae\u00a0 - Terra Aquatica","og_description":"HyperBloom\u00ae es un abono enriquecido con f\u00f3sforo, potasio y azufre, lo que acelera el proceso de maduraci\u00f3n de sus plantas [&hellip;]","og_url":"https:\/\/www.terraaquatica.com\/es\/fertilizantes-especificos-suplementos-nutricionales\/hyperbloom","og_site_name":"Terra Aquatica","article_modified_time":"2024-02-06T10:31:43+00:00","twitter_card":"summary_large_image","twitter_misc":{"Tiempo de lectura":"1 minuto"},"schema":{"@context":"https:\/\/schema.org","@graph":[{"@type":"WebPage","@id":"https:\/\/www.terraaquatica.com\/es\/fertilizantes-especificos-suplementos-nutricionales\/hyperbloom","url":"https:\/\/www.terraaquatica.com\/es\/fertilizantes-especificos-suplementos-nutricionales\/hyperbloom","name":"HyperBloom\u00ae\u00a0 - Terra Aquatica","isPartOf":{"@id":"https:\/\/www.terraaquatica.com\/#website"},"datePublished":"2023-03-07T09:20:36+00:00","dateModified":"2024-02-06T10:31:43+00:00","breadcrumb":{"@id":"https:\/\/www.terraaquatica.com\/es\/fertilizantes-especificos-suplementos-nutricionales\/hyperbloom#breadcrumb"},"inLanguage":"es","potentialAction":[{"@type":"ReadAction","target":["https:\/\/www.terraaquatica.com\/es\/fertilizantes-especificos-suplementos-nutricionales\/hyperbloom"]}]},{"@type":"BreadcrumbList","@id":"https:\/\/www.terraaquatica.com\/es\/fertilizantes-especificos-suplementos-nutricionales\/hyperbloom#breadcrumb","itemListElement":[{"@type":"ListItem","position":1,"name":"Accueil","item":"https:\/\/www.terraaquatica.com\/es\/"},{"@type":"ListItem","position":2,"name":"Products","item":"https:\/\/www.terraaquatica.com\/es\/product\/"},{"@type":"ListItem","position":3,"name":"HyperBloom\u00ae\u00a0"}]},{"@type":"WebSite","@id":"https:\/\/www.terraaquatica.com\/#website","url":"https:\/\/www.terraaquatica.com\/","name":"Terra Aquatica","description":"Engrais et syst\u00e8mes de culture depuis 1995","publisher":{"@id":"https:\/\/www.terraaquatica.com\/#organization"},"potentialAction":[{"@type":"SearchAction","target":{"@type":"EntryPoint","urlTemplate":"https:\/\/www.terraaquatica.com\/?s={search_term_string}"},"query-input":{"@type":"PropertyValueSpecification","valueRequired":true,"valueName":"search_term_string"}}],"inLanguage":"es"},{"@type":"Organization","@id":"https:\/\/www.terraaquatica.com\/#organization","name":"Terra Aquatica","url":"https:\/\/www.terraaquatica.com\/","logo":{"@type":"ImageObject","inLanguage":"es","@id":"https:\/\/www.terraaquatica.com\/#\/schema\/logo\/image\/","url":"https:\/\/www.terraaquatica.com\/wp-content\/uploads\/2022\/03\/favicon-transpa-big.png","contentUrl":"https:\/\/www.terraaquatica.com\/wp-content\/uploads\/2022\/03\/favicon-transpa-big.png","width":512,"height":512,"caption":"Terra Aquatica"},"image":{"@id":"https:\/\/www.terraaquatica.com\/#\/schema\/logo\/image\/"}}]}},"_links":{"self":[{"href":"https:\/\/www.terraaquatica.com\/es\/wp-json\/wp\/v2\/product\/14697","targetHints":{"allow":["GET"]}}],"collection":[{"href":"https:\/\/www.terraaquatica.com\/es\/wp-json\/wp\/v2\/product"}],"about":[{"href":"https:\/\/www.terraaquatica.com\/es\/wp-json\/wp\/v2\/types\/product"}],"author":[{"embeddable":true,"href":"https:\/\/www.terraaquatica.com\/es\/wp-json\/wp\/v2\/users\/710"}],"wp:attachment":[{"href":"https:\/\/www.terraaquatica.com\/es\/wp-json\/wp\/v2\/media?parent=14697"}],"wp:term":[{"taxonomy":"m_thode_de_culture","embeddable":true,"href":"https:\/\/www.terraaquatica.com\/es\/wp-json\/wp\/v2\/m_thode_de_culture?post=14697"},{"taxonomy":"substrat","embeddable":true,"href":"https:\/\/www.terraaquatica.com\/es\/wp-json\/wp\/v2\/substrat?post=14697"},{"taxonomy":"product_category","embeddable":true,"href":"https:\/\/www.terraaquatica.com\/es\/wp-json\/wp\/v2\/product_category?post=14697"}],"curies":[{"name":"wp","href":"https:\/\/api.w.org\/{rel}","templated":true}]}}