{"id":14968,"date":"2023-05-25T15:48:16","date_gmt":"2023-05-25T13:48:16","guid":{"rendered":"\/uncategorized\/"},"modified":"2023-09-21T08:33:26","modified_gmt":"2023-09-21T06:33:26","slug":"streptologic","status":"publish","type":"product","link":"https:\/\/www.terraaquatica.com\/es\/microorganismos-beneficiosos\/streptologic","title":{"rendered":"StreptoLogic\u00ae"},"content":{"rendered":"\n<p>La protecci\u00f3n de las ra\u00edces contra los pat\u00f3genos es una cuesti\u00f3n importante para todos los cultivadores, ya sea en tierra o en hidropon\u00eda. Dado el infinito cuidado que los cultivadores ponen en el desarrollo de los sistemas radiculares, es natural que quieran asegurar su inversi\u00f3n. Pythium, Fusarium, Verticillium y otros pat\u00f3genos bacterianos y f\u00fangicos pueden causar da\u00f1os irreparables en los sistemas hidrop\u00f3nicos, sobre todo en \u00e9pocas de calor, cuando el aire caliente favorece la propagaci\u00f3n de mohos y que los da\u00f1os pueden aparecer de la noche a la ma\u00f1ana.<\/p>\n\n\n\n<p>Existen &#8220;soluciones&#8221; en el mercado, como los esterilizadores UV y los fungicidas disponibles en jardiner\u00edas, pero todas estas opciones presentan inconvenientes: coste, complejidad de uso, resultados dudosos, toxicidad de los fungicidas para las personas y el medio ambiente.<\/p>\n\n\n\n<p>StreptoLogic es m\u00e1s f\u00e1cil de usar y menos costoso. No requiere biofiltro, ya que las bacterias se adhieren directamente a las ra\u00edces.<\/p>\n\n\n\n<p>Es un bioestimulante que utilizar\u00e1 los recursos de la naturaleza para producir fitohormonas, fijar el hierro y estimular el sistema radicular. Tambi\u00e9n har\u00e1 que la planta sea m\u00e1s resistente frente a los ataques de hongos y bacterias pat\u00f3genas que proliferan m\u00e1s r\u00e1pidamente en climas c\u00e1lidos.<\/p>\n\n\n\n<p><em>StreptoLogic es apto para su uso en agricultura ecol\u00f3gica seg\u00fan el Reglamento de la UE 2018\/848 2021 1165.<\/em><\/p>\n","protected":false},"author":710,"template":"","meta":{"_acf_changed":false},"m_thode_de_culture":[31,32],"substrat":[302,299,300,301],"product_category":[283],"class_list":["post-14968","product","type-product","status-publish","hentry","m_thode_de_culture-mineral-en","m_thode_de_culture-organic-en","substrat-bioponics","substrat-coco","substrat-hydro","substrat-soil","product_category-microorganismos-beneficiosos"],"acf":[],"yoast_head":"<!-- This site is optimized with the Yoast SEO plugin v27.3 - https:\/\/yoast.com\/product\/yoast-seo-wordpress\/ -->\n<title>StreptoLogic\u00ae - Terra Aquatica<\/title>\n<meta name=\"robots\" content=\"index, follow, max-snippet:-1, max-image-preview:large, max-video-preview:-1\" \/>\n<link rel=\"canonical\" href=\"https:\/\/www.terraaquatica.com\/es\/microorganismos-beneficiosos\/streptologic\/\" \/>\n<meta property=\"og:locale\" content=\"es_ES\" \/>\n<meta property=\"og:type\" content=\"article\" \/>\n<meta property=\"og:title\" content=\"StreptoLogic\u00ae - Terra Aquatica\" \/>\n<meta property=\"og:description\" content=\"La protecci\u00f3n de las ra\u00edces contra los pat\u00f3genos es una cuesti\u00f3n importante para todos los cultivadores, ya sea en tierra [&hellip;]\" \/>\n<meta property=\"og:url\" content=\"https:\/\/www.terraaquatica.com\/es\/microorganismos-beneficiosos\/streptologic\" \/>\n<meta property=\"og:site_name\" content=\"Terra Aquatica\" \/>\n<meta property=\"article:modified_time\" content=\"2023-09-21T06:33:26+00:00\" \/>\n<meta name=\"twitter:card\" content=\"summary_large_image\" \/>\n<meta name=\"twitter:label1\" content=\"Tiempo de lectura\" \/>\n\t<meta name=\"twitter:data1\" content=\"1 minuto\" \/>\n<script type=\"application\/ld+json\" class=\"yoast-schema-graph\">{\"@context\":\"https:\\\/\\\/schema.org\",\"@graph\":[{\"@type\":\"WebPage\",\"@id\":\"https:\\\/\\\/www.terraaquatica.com\\\/es\\\/microorganismos-beneficiosos\\\/streptologic\",\"url\":\"https:\\\/\\\/www.terraaquatica.com\\\/es\\\/microorganismos-beneficiosos\\\/streptologic\",\"name\":\"StreptoLogic\u00ae - Terra Aquatica\",\"isPartOf\":{\"@id\":\"https:\\\/\\\/www.terraaquatica.com\\\/#website\"},\"datePublished\":\"2023-05-25T13:48:16+00:00\",\"dateModified\":\"2023-09-21T06:33:26+00:00\",\"breadcrumb\":{\"@id\":\"https:\\\/\\\/www.terraaquatica.com\\\/es\\\/microorganismos-beneficiosos\\\/streptologic#breadcrumb\"},\"inLanguage\":\"es\",\"potentialAction\":[{\"@type\":\"ReadAction\",\"target\":[\"https:\\\/\\\/www.terraaquatica.com\\\/es\\\/microorganismos-beneficiosos\\\/streptologic\"]}]},{\"@type\":\"BreadcrumbList\",\"@id\":\"https:\\\/\\\/www.terraaquatica.com\\\/es\\\/microorganismos-beneficiosos\\\/streptologic#breadcrumb\",\"itemListElement\":[{\"@type\":\"ListItem\",\"position\":1,\"name\":\"Accueil\",\"item\":\"https:\\\/\\\/www.terraaquatica.com\\\/es\\\/\"},{\"@type\":\"ListItem\",\"position\":2,\"name\":\"Products\",\"item\":\"https:\\\/\\\/www.terraaquatica.com\\\/es\\\/product\\\/\"},{\"@type\":\"ListItem\",\"position\":3,\"name\":\"StreptoLogic\u00ae\"}]},{\"@type\":\"WebSite\",\"@id\":\"https:\\\/\\\/www.terraaquatica.com\\\/#website\",\"url\":\"https:\\\/\\\/www.terraaquatica.com\\\/\",\"name\":\"Terra Aquatica\",\"description\":\"Engrais et syst\u00e8mes de culture depuis 1995\",\"publisher\":{\"@id\":\"https:\\\/\\\/www.terraaquatica.com\\\/#organization\"},\"potentialAction\":[{\"@type\":\"SearchAction\",\"target\":{\"@type\":\"EntryPoint\",\"urlTemplate\":\"https:\\\/\\\/www.terraaquatica.com\\\/?s={search_term_string}\"},\"query-input\":{\"@type\":\"PropertyValueSpecification\",\"valueRequired\":true,\"valueName\":\"search_term_string\"}}],\"inLanguage\":\"es\"},{\"@type\":\"Organization\",\"@id\":\"https:\\\/\\\/www.terraaquatica.com\\\/#organization\",\"name\":\"Terra Aquatica\",\"url\":\"https:\\\/\\\/www.terraaquatica.com\\\/\",\"logo\":{\"@type\":\"ImageObject\",\"inLanguage\":\"es\",\"@id\":\"https:\\\/\\\/www.terraaquatica.com\\\/#\\\/schema\\\/logo\\\/image\\\/\",\"url\":\"https:\\\/\\\/www.terraaquatica.com\\\/wp-content\\\/uploads\\\/2022\\\/03\\\/favicon-transpa-big.png\",\"contentUrl\":\"https:\\\/\\\/www.terraaquatica.com\\\/wp-content\\\/uploads\\\/2022\\\/03\\\/favicon-transpa-big.png\",\"width\":512,\"height\":512,\"caption\":\"Terra Aquatica\"},\"image\":{\"@id\":\"https:\\\/\\\/www.terraaquatica.com\\\/#\\\/schema\\\/logo\\\/image\\\/\"}}]}<\/script>\n<!-- \/ Yoast SEO plugin. -->","yoast_head_json":{"title":"StreptoLogic\u00ae - Terra Aquatica","robots":{"index":"index","follow":"follow","max-snippet":"max-snippet:-1","max-image-preview":"max-image-preview:large","max-video-preview":"max-video-preview:-1"},"canonical":"https:\/\/www.terraaquatica.com\/es\/microorganismos-beneficiosos\/streptologic\/","og_locale":"es_ES","og_type":"article","og_title":"StreptoLogic\u00ae - Terra Aquatica","og_description":"La protecci\u00f3n de las ra\u00edces contra los pat\u00f3genos es una cuesti\u00f3n importante para todos los cultivadores, ya sea en tierra [&hellip;]","og_url":"https:\/\/www.terraaquatica.com\/es\/microorganismos-beneficiosos\/streptologic","og_site_name":"Terra Aquatica","article_modified_time":"2023-09-21T06:33:26+00:00","twitter_card":"summary_large_image","twitter_misc":{"Tiempo de lectura":"1 minuto"},"schema":{"@context":"https:\/\/schema.org","@graph":[{"@type":"WebPage","@id":"https:\/\/www.terraaquatica.com\/es\/microorganismos-beneficiosos\/streptologic","url":"https:\/\/www.terraaquatica.com\/es\/microorganismos-beneficiosos\/streptologic","name":"StreptoLogic\u00ae - Terra Aquatica","isPartOf":{"@id":"https:\/\/www.terraaquatica.com\/#website"},"datePublished":"2023-05-25T13:48:16+00:00","dateModified":"2023-09-21T06:33:26+00:00","breadcrumb":{"@id":"https:\/\/www.terraaquatica.com\/es\/microorganismos-beneficiosos\/streptologic#breadcrumb"},"inLanguage":"es","potentialAction":[{"@type":"ReadAction","target":["https:\/\/www.terraaquatica.com\/es\/microorganismos-beneficiosos\/streptologic"]}]},{"@type":"BreadcrumbList","@id":"https:\/\/www.terraaquatica.com\/es\/microorganismos-beneficiosos\/streptologic#breadcrumb","itemListElement":[{"@type":"ListItem","position":1,"name":"Accueil","item":"https:\/\/www.terraaquatica.com\/es\/"},{"@type":"ListItem","position":2,"name":"Products","item":"https:\/\/www.terraaquatica.com\/es\/product\/"},{"@type":"ListItem","position":3,"name":"StreptoLogic\u00ae"}]},{"@type":"WebSite","@id":"https:\/\/www.terraaquatica.com\/#website","url":"https:\/\/www.terraaquatica.com\/","name":"Terra Aquatica","description":"Engrais et syst\u00e8mes de culture depuis 1995","publisher":{"@id":"https:\/\/www.terraaquatica.com\/#organization"},"potentialAction":[{"@type":"SearchAction","target":{"@type":"EntryPoint","urlTemplate":"https:\/\/www.terraaquatica.com\/?s={search_term_string}"},"query-input":{"@type":"PropertyValueSpecification","valueRequired":true,"valueName":"search_term_string"}}],"inLanguage":"es"},{"@type":"Organization","@id":"https:\/\/www.terraaquatica.com\/#organization","name":"Terra Aquatica","url":"https:\/\/www.terraaquatica.com\/","logo":{"@type":"ImageObject","inLanguage":"es","@id":"https:\/\/www.terraaquatica.com\/#\/schema\/logo\/image\/","url":"https:\/\/www.terraaquatica.com\/wp-content\/uploads\/2022\/03\/favicon-transpa-big.png","contentUrl":"https:\/\/www.terraaquatica.com\/wp-content\/uploads\/2022\/03\/favicon-transpa-big.png","width":512,"height":512,"caption":"Terra Aquatica"},"image":{"@id":"https:\/\/www.terraaquatica.com\/#\/schema\/logo\/image\/"}}]}},"_links":{"self":[{"href":"https:\/\/www.terraaquatica.com\/es\/wp-json\/wp\/v2\/product\/14968","targetHints":{"allow":["GET"]}}],"collection":[{"href":"https:\/\/www.terraaquatica.com\/es\/wp-json\/wp\/v2\/product"}],"about":[{"href":"https:\/\/www.terraaquatica.com\/es\/wp-json\/wp\/v2\/types\/product"}],"author":[{"embeddable":true,"href":"https:\/\/www.terraaquatica.com\/es\/wp-json\/wp\/v2\/users\/710"}],"wp:attachment":[{"href":"https:\/\/www.terraaquatica.com\/es\/wp-json\/wp\/v2\/media?parent=14968"}],"wp:term":[{"taxonomy":"m_thode_de_culture","embeddable":true,"href":"https:\/\/www.terraaquatica.com\/es\/wp-json\/wp\/v2\/m_thode_de_culture?post=14968"},{"taxonomy":"substrat","embeddable":true,"href":"https:\/\/www.terraaquatica.com\/es\/wp-json\/wp\/v2\/substrat?post=14968"},{"taxonomy":"product_category","embeddable":true,"href":"https:\/\/www.terraaquatica.com\/es\/wp-json\/wp\/v2\/product_category?post=14968"}],"curies":[{"name":"wp","href":"https:\/\/api.w.org\/{rel}","templated":true}]}}