{"id":1634,"date":"2017-07-05T13:34:15","date_gmt":"2017-07-05T11:34:15","guid":{"rendered":"https:\/\/www.terraaquatica.com\/produits\/ebb-html\/"},"modified":"2024-05-07T08:59:10","modified_gmt":"2024-05-07T06:59:10","slug":"ebb-html","status":"publish","type":"product","link":"https:\/\/www.terraaquatica.com\/es\/sistemas-cultivo\/ebb-html","title":{"rendered":"EBB&#038;GROW\u00ae"},"content":{"rendered":"<p><em>Perfecto para balcones, jardines peque\u00f1os y uso en interior, Ebb&amp;Grow\u00ae le permite cultivar plantas en macetas, pero con las ventajas a\u00f1adidas que supone la capacidad del dep\u00f3sito hidrop\u00f3nico de 100L.<\/em><\/p>\n<ul>\n<li>Una estructura superrobusta<\/li>\n<li>Consumo de energ\u00eda de s\u00f3lo 6.5 vatios\/hora<\/li>\n<li>Cultivo en cualquier tipo de maceta con coco, bolas de arcilla o tierra<\/li>\n<li>Consiga una mayor productividad, m\u00e1s f\u00e1cilmente, sin cables, tubos, ni sistemas complicados<\/li>\n<\/ul>\n<p>\u00bfQuiere cultivar hierbas arom\u00e1ticas y vegetales en el hogar, en el trabajo o en la escuela, pero no se anima a causa de la complejidad de los sistemas? Ebb&amp;Grow\u00ae supone poder utilizar cualquier tipo de recipiente que desee, casi cualquier sustrato (aunque nosotros recomendamos <a href=\"https:\/\/www.terraaquatica.com\/es\/sustratos\/cocofiber-html-2\/\">Coco Fiber with Perlite<\/a>) y permite mover las plantas a voluntad. \u00bfQuiere plantar hierbas en primera l\u00ednea y tomates y guindillas detr\u00e1s? \u00bfQuiere plantar todas las ensaladas del mes y despu\u00e9s cortar las flores de las macetas? No hay problema. Todos nuestros sistemas hidrop\u00f3nicos son flexibles pero Ebb&amp;Grow\u00ae es realmente el sistema m\u00e1s adaptable que jam\u00e1s hayamos producido, sin riesgo de fugas o desbordamientos, de f\u00e1cil desmontaje y limpieza, puede ser instalado en cualquier lugar donde haya espacio disponible.<\/p>\n<p>Terra Aquatica Ebb&amp;Grow\u00ae es un sistema de \u201cdrenaje e inundaci\u00f3n\u201d: un simple temporizador (no incluido) pone en marcha una bomba intermitentemente para llevar la soluci\u00f3n nutritiva a la bandeja de cultivo, donde expulsa el aire viciado de las ra\u00edces de las plantas, las riega y las alimenta, luego aporta aire fresco a medida que el agua vuelve a bajar al dep\u00f3sito.<\/p>\n<p>El sistema puede contener hasta treinta y dos macetas pl\u00e1sticas de 15 cm, veintid\u00f3s macetas de tela de 1 gal\u00f3n (3,75 L) o tantas macetas de mayor tama\u00f1o como pueda alojar en 95 cm2 de superficie de cultivo. Adem\u00e1s, con una altura de s\u00f3lo 36 cm, los techos bajos no suponen un problema.<\/p>\n<p>Fabricados con el mismo pl\u00e1stico de alta durabilidad, 100% reciclado, que bloquea los rayos UV, como ocurre con todos los sistemas fabricados por Terra Aquatica, las piezas de pl\u00e1stico rotomoldeado de Ebb&amp;Grow\u00ae est\u00e1n garantizadas de por vida* y son \u00fanicas en la industria hidrop\u00f3nica.<\/p>\n<p><em style=\"font-size: 11px;\">*La garant\u00eda de por vida cubre \u00fanicamente un uso razonable y se aplica a los sistemas en pl\u00e1stico rotomoldeado fabricados en Francia por Terra Aquatica, excluyendo elementos auxiliares, motores, etc<\/em><\/p>\n\n\n<p class=\"has-normal-font-size\"><strong>Instrucciones de montaje<\/strong><\/p>\n\n\n\n<figure class=\"wp-block-embed is-type-video is-provider-youtube wp-block-embed-youtube wp-embed-aspect-16-9 wp-has-aspect-ratio\"><div class=\"wp-block-embed__wrapper\">\n<iframe title=\"Montage du Ebb &amp; Grow \u00ae Terra Aquatica\" width=\"500\" height=\"281\" src=\"https:\/\/www.youtube.com\/embed\/YfOZQcM7s0M?feature=oembed\" frameborder=\"0\" allow=\"accelerometer; autoplay; clipboard-write; encrypted-media; gyroscope; picture-in-picture; web-share\" referrerpolicy=\"strict-origin-when-cross-origin\" allowfullscreen><\/iframe>\n<\/div><\/figure>\n","protected":false},"author":3,"template":"","meta":{"_acf_changed":false},"m_thode_de_culture":[31,32],"substrat":[],"product_category":[285],"class_list":["post-1634","product","type-product","status-publish","has-post-thumbnail","hentry","m_thode_de_culture-mineral-en","m_thode_de_culture-organic-en","product_category-sistemas-cultivo"],"acf":[],"yoast_head":"<!-- This site is optimized with the Yoast SEO plugin v27.3 - https:\/\/yoast.com\/product\/yoast-seo-wordpress\/ -->\n<title>EBB&amp;GROW\u00ae - Terra Aquatica<\/title>\n<meta name=\"robots\" content=\"index, follow, max-snippet:-1, max-image-preview:large, max-video-preview:-1\" \/>\n<link rel=\"canonical\" href=\"https:\/\/www.terraaquatica.com\/es\/sistemas-cultivo\/ebb-html\/\" \/>\n<meta property=\"og:locale\" content=\"es_ES\" \/>\n<meta property=\"og:type\" content=\"article\" \/>\n<meta property=\"og:title\" content=\"EBB&amp;GROW\u00ae - Terra Aquatica\" \/>\n<meta property=\"og:description\" content=\"Perfecto para balcones, jardines peque\u00f1os y uso en interior, Ebb&amp;Grow\u00ae le permite cultivar plantas en macetas, pero con las ventajas [&hellip;]\" \/>\n<meta property=\"og:url\" content=\"https:\/\/www.terraaquatica.com\/es\/sistemas-cultivo\/ebb-html\" \/>\n<meta property=\"og:site_name\" content=\"Terra Aquatica\" \/>\n<meta property=\"article:modified_time\" content=\"2024-05-07T06:59:10+00:00\" \/>\n<meta property=\"og:image\" content=\"https:\/\/www.terraaquatica.com\/wp-content\/uploads\/2017\/11\/ebbgrow_0.png\" \/>\n\t<meta property=\"og:image:width\" content=\"720\" \/>\n\t<meta property=\"og:image:height\" content=\"720\" \/>\n\t<meta property=\"og:image:type\" content=\"image\/png\" \/>\n<meta name=\"twitter:card\" content=\"summary_large_image\" \/>\n<meta name=\"twitter:label1\" content=\"Tiempo de lectura\" \/>\n\t<meta name=\"twitter:data1\" content=\"2 minutos\" \/>\n<script type=\"application\/ld+json\" class=\"yoast-schema-graph\">{\"@context\":\"https:\\\/\\\/schema.org\",\"@graph\":[{\"@type\":\"WebPage\",\"@id\":\"https:\\\/\\\/www.terraaquatica.com\\\/es\\\/sistemas-cultivo\\\/ebb-html\",\"url\":\"https:\\\/\\\/www.terraaquatica.com\\\/es\\\/sistemas-cultivo\\\/ebb-html\",\"name\":\"EBB&GROW\u00ae - Terra Aquatica\",\"isPartOf\":{\"@id\":\"https:\\\/\\\/www.terraaquatica.com\\\/#website\"},\"primaryImageOfPage\":{\"@id\":\"https:\\\/\\\/www.terraaquatica.com\\\/es\\\/sistemas-cultivo\\\/ebb-html#primaryimage\"},\"image\":{\"@id\":\"https:\\\/\\\/www.terraaquatica.com\\\/es\\\/sistemas-cultivo\\\/ebb-html#primaryimage\"},\"thumbnailUrl\":\"https:\\\/\\\/www.terraaquatica.com\\\/wp-content\\\/uploads\\\/2017\\\/11\\\/ebbgrow_0.png\",\"datePublished\":\"2017-07-05T11:34:15+00:00\",\"dateModified\":\"2024-05-07T06:59:10+00:00\",\"breadcrumb\":{\"@id\":\"https:\\\/\\\/www.terraaquatica.com\\\/es\\\/sistemas-cultivo\\\/ebb-html#breadcrumb\"},\"inLanguage\":\"es\",\"potentialAction\":[{\"@type\":\"ReadAction\",\"target\":[\"https:\\\/\\\/www.terraaquatica.com\\\/es\\\/sistemas-cultivo\\\/ebb-html\"]}]},{\"@type\":\"ImageObject\",\"inLanguage\":\"es\",\"@id\":\"https:\\\/\\\/www.terraaquatica.com\\\/es\\\/sistemas-cultivo\\\/ebb-html#primaryimage\",\"url\":\"https:\\\/\\\/www.terraaquatica.com\\\/wp-content\\\/uploads\\\/2017\\\/11\\\/ebbgrow_0.png\",\"contentUrl\":\"https:\\\/\\\/www.terraaquatica.com\\\/wp-content\\\/uploads\\\/2017\\\/11\\\/ebbgrow_0.png\",\"width\":720,\"height\":720,\"caption\":\"Ebb&Grow\"},{\"@type\":\"BreadcrumbList\",\"@id\":\"https:\\\/\\\/www.terraaquatica.com\\\/es\\\/sistemas-cultivo\\\/ebb-html#breadcrumb\",\"itemListElement\":[{\"@type\":\"ListItem\",\"position\":1,\"name\":\"Accueil\",\"item\":\"https:\\\/\\\/www.terraaquatica.com\\\/es\\\/\"},{\"@type\":\"ListItem\",\"position\":2,\"name\":\"Products\",\"item\":\"https:\\\/\\\/www.terraaquatica.com\\\/es\\\/product\\\/\"},{\"@type\":\"ListItem\",\"position\":3,\"name\":\"EBB&#038;GROW\u00ae\"}]},{\"@type\":\"WebSite\",\"@id\":\"https:\\\/\\\/www.terraaquatica.com\\\/#website\",\"url\":\"https:\\\/\\\/www.terraaquatica.com\\\/\",\"name\":\"Terra Aquatica\",\"description\":\"Engrais et syst\u00e8mes de culture depuis 1995\",\"publisher\":{\"@id\":\"https:\\\/\\\/www.terraaquatica.com\\\/#organization\"},\"potentialAction\":[{\"@type\":\"SearchAction\",\"target\":{\"@type\":\"EntryPoint\",\"urlTemplate\":\"https:\\\/\\\/www.terraaquatica.com\\\/?s={search_term_string}\"},\"query-input\":{\"@type\":\"PropertyValueSpecification\",\"valueRequired\":true,\"valueName\":\"search_term_string\"}}],\"inLanguage\":\"es\"},{\"@type\":\"Organization\",\"@id\":\"https:\\\/\\\/www.terraaquatica.com\\\/#organization\",\"name\":\"Terra Aquatica\",\"url\":\"https:\\\/\\\/www.terraaquatica.com\\\/\",\"logo\":{\"@type\":\"ImageObject\",\"inLanguage\":\"es\",\"@id\":\"https:\\\/\\\/www.terraaquatica.com\\\/#\\\/schema\\\/logo\\\/image\\\/\",\"url\":\"https:\\\/\\\/www.terraaquatica.com\\\/wp-content\\\/uploads\\\/2022\\\/03\\\/favicon-transpa-big.png\",\"contentUrl\":\"https:\\\/\\\/www.terraaquatica.com\\\/wp-content\\\/uploads\\\/2022\\\/03\\\/favicon-transpa-big.png\",\"width\":512,\"height\":512,\"caption\":\"Terra Aquatica\"},\"image\":{\"@id\":\"https:\\\/\\\/www.terraaquatica.com\\\/#\\\/schema\\\/logo\\\/image\\\/\"}}]}<\/script>\n<!-- \/ Yoast SEO plugin. -->","yoast_head_json":{"title":"EBB&GROW\u00ae - Terra Aquatica","robots":{"index":"index","follow":"follow","max-snippet":"max-snippet:-1","max-image-preview":"max-image-preview:large","max-video-preview":"max-video-preview:-1"},"canonical":"https:\/\/www.terraaquatica.com\/es\/sistemas-cultivo\/ebb-html\/","og_locale":"es_ES","og_type":"article","og_title":"EBB&GROW\u00ae - Terra Aquatica","og_description":"Perfecto para balcones, jardines peque\u00f1os y uso en interior, Ebb&amp;Grow\u00ae le permite cultivar plantas en macetas, pero con las ventajas [&hellip;]","og_url":"https:\/\/www.terraaquatica.com\/es\/sistemas-cultivo\/ebb-html","og_site_name":"Terra Aquatica","article_modified_time":"2024-05-07T06:59:10+00:00","og_image":[{"width":720,"height":720,"url":"https:\/\/www.terraaquatica.com\/wp-content\/uploads\/2017\/11\/ebbgrow_0.png","type":"image\/png"}],"twitter_card":"summary_large_image","twitter_misc":{"Tiempo de lectura":"2 minutos"},"schema":{"@context":"https:\/\/schema.org","@graph":[{"@type":"WebPage","@id":"https:\/\/www.terraaquatica.com\/es\/sistemas-cultivo\/ebb-html","url":"https:\/\/www.terraaquatica.com\/es\/sistemas-cultivo\/ebb-html","name":"EBB&GROW\u00ae - Terra Aquatica","isPartOf":{"@id":"https:\/\/www.terraaquatica.com\/#website"},"primaryImageOfPage":{"@id":"https:\/\/www.terraaquatica.com\/es\/sistemas-cultivo\/ebb-html#primaryimage"},"image":{"@id":"https:\/\/www.terraaquatica.com\/es\/sistemas-cultivo\/ebb-html#primaryimage"},"thumbnailUrl":"https:\/\/www.terraaquatica.com\/wp-content\/uploads\/2017\/11\/ebbgrow_0.png","datePublished":"2017-07-05T11:34:15+00:00","dateModified":"2024-05-07T06:59:10+00:00","breadcrumb":{"@id":"https:\/\/www.terraaquatica.com\/es\/sistemas-cultivo\/ebb-html#breadcrumb"},"inLanguage":"es","potentialAction":[{"@type":"ReadAction","target":["https:\/\/www.terraaquatica.com\/es\/sistemas-cultivo\/ebb-html"]}]},{"@type":"ImageObject","inLanguage":"es","@id":"https:\/\/www.terraaquatica.com\/es\/sistemas-cultivo\/ebb-html#primaryimage","url":"https:\/\/www.terraaquatica.com\/wp-content\/uploads\/2017\/11\/ebbgrow_0.png","contentUrl":"https:\/\/www.terraaquatica.com\/wp-content\/uploads\/2017\/11\/ebbgrow_0.png","width":720,"height":720,"caption":"Ebb&Grow"},{"@type":"BreadcrumbList","@id":"https:\/\/www.terraaquatica.com\/es\/sistemas-cultivo\/ebb-html#breadcrumb","itemListElement":[{"@type":"ListItem","position":1,"name":"Accueil","item":"https:\/\/www.terraaquatica.com\/es\/"},{"@type":"ListItem","position":2,"name":"Products","item":"https:\/\/www.terraaquatica.com\/es\/product\/"},{"@type":"ListItem","position":3,"name":"EBB&#038;GROW\u00ae"}]},{"@type":"WebSite","@id":"https:\/\/www.terraaquatica.com\/#website","url":"https:\/\/www.terraaquatica.com\/","name":"Terra Aquatica","description":"Engrais et syst\u00e8mes de culture depuis 1995","publisher":{"@id":"https:\/\/www.terraaquatica.com\/#organization"},"potentialAction":[{"@type":"SearchAction","target":{"@type":"EntryPoint","urlTemplate":"https:\/\/www.terraaquatica.com\/?s={search_term_string}"},"query-input":{"@type":"PropertyValueSpecification","valueRequired":true,"valueName":"search_term_string"}}],"inLanguage":"es"},{"@type":"Organization","@id":"https:\/\/www.terraaquatica.com\/#organization","name":"Terra Aquatica","url":"https:\/\/www.terraaquatica.com\/","logo":{"@type":"ImageObject","inLanguage":"es","@id":"https:\/\/www.terraaquatica.com\/#\/schema\/logo\/image\/","url":"https:\/\/www.terraaquatica.com\/wp-content\/uploads\/2022\/03\/favicon-transpa-big.png","contentUrl":"https:\/\/www.terraaquatica.com\/wp-content\/uploads\/2022\/03\/favicon-transpa-big.png","width":512,"height":512,"caption":"Terra Aquatica"},"image":{"@id":"https:\/\/www.terraaquatica.com\/#\/schema\/logo\/image\/"}}]}},"_links":{"self":[{"href":"https:\/\/www.terraaquatica.com\/es\/wp-json\/wp\/v2\/product\/1634","targetHints":{"allow":["GET"]}}],"collection":[{"href":"https:\/\/www.terraaquatica.com\/es\/wp-json\/wp\/v2\/product"}],"about":[{"href":"https:\/\/www.terraaquatica.com\/es\/wp-json\/wp\/v2\/types\/product"}],"author":[{"embeddable":true,"href":"https:\/\/www.terraaquatica.com\/es\/wp-json\/wp\/v2\/users\/3"}],"wp:featuredmedia":[{"embeddable":true,"href":"https:\/\/www.terraaquatica.com\/es\/wp-json\/wp\/v2\/media\/1635"}],"wp:attachment":[{"href":"https:\/\/www.terraaquatica.com\/es\/wp-json\/wp\/v2\/media?parent=1634"}],"wp:term":[{"taxonomy":"m_thode_de_culture","embeddable":true,"href":"https:\/\/www.terraaquatica.com\/es\/wp-json\/wp\/v2\/m_thode_de_culture?post=1634"},{"taxonomy":"substrat","embeddable":true,"href":"https:\/\/www.terraaquatica.com\/es\/wp-json\/wp\/v2\/substrat?post=1634"},{"taxonomy":"product_category","embeddable":true,"href":"https:\/\/www.terraaquatica.com\/es\/wp-json\/wp\/v2\/product_category?post=1634"}],"curies":[{"name":"wp","href":"https:\/\/api.w.org\/{rel}","templated":true}]}}