{"id":1670,"date":"2017-07-25T11:38:38","date_gmt":"2017-07-25T09:38:38","guid":{"rendered":"https:\/\/www.terraaquatica.com\/produits\/trikologic\/"},"modified":"2023-09-21T08:32:43","modified_gmt":"2023-09-21T06:32:43","slug":"trikologic","status":"publish","type":"product","link":"https:\/\/www.terraaquatica.com\/es\/microorganismos-beneficiosos\/trikologic","title":{"rendered":"TrikoLogic\u00ae"},"content":{"rendered":"<p><em>Parte vital del cultivo ecol\u00f3gico y arma secreta de cualquier jardinero comercial<\/em><\/p>\n<p>TrikoLogic\u00ae es nuestra marca para Trichoderma harzianum : el primer inoculante microbiano beneficioso en estandarizarse dentro de la industria comercial de invernaderos.<\/p>\n<p>El Trichoderma vive en la tierra, en el coco y en otros sustratos similares descomponiendo materia org\u00e1nica y liberando minerales. Este proceso de descomposici\u00f3n y emisi\u00f3n de nutrientes es fundamental para la jardiner\u00eda ecol\u00f3gica, la hidropon\u00eda ecol\u00f3gica y la <a tabindex=\"-1\" href=\"https:\/\/www.terraaquatica.com\/es\/que-es-la-bioponia\/\">biopon\u00eda<\/a>. A medida que crece y establece colonias, el Trichoderma emite a su vez toda una serie de componentes estimulantes del crecimiento vegetal y sustancias que inhiben o eliminan los agentes pat\u00f3genos del suelo, que de otra manera podr\u00edan da\u00f1ar sus plantas; as\u00ed lo han demostrado las investigaciones m\u00e1s recientes.<\/p>\n<p>Es este abanico de beneficios, especialmente para plantas j\u00f3venes, lo que ha llevado al Trichoderma a convertirse en un est\u00e1ndar para la industria.<\/p>\n<p>Como el resto de productos Terra Aquatica, nuestra marca de Trichoderma es de la m\u00e1s alta calidad. Todas las cepas y cultivos son diferentes y algunos son notoriamente menos viables que otros. Estamos orgullosos de poder decir que nuestros productos a base de microorganismos beneficiosos, bacterias y hongos, est\u00e1n entre los de mayor calidad en el mercado.<\/p>\n<p><em>TrikoLogic\u00ae cumple con la directiva europea 2008\/113\/CE sobre agricultura ecol\u00f3gica. Registrado bajo el nombre BBA Nr LS 004987-65-00.<\/em><\/p>\n","protected":false},"author":3,"template":"","meta":{"_acf_changed":false},"m_thode_de_culture":[31,32],"substrat":[302,299,300,301],"product_category":[283],"class_list":["post-1670","product","type-product","status-publish","has-post-thumbnail","hentry","m_thode_de_culture-mineral-en","m_thode_de_culture-organic-en","substrat-bioponics","substrat-coco","substrat-hydro","substrat-soil","product_category-microorganismos-beneficiosos"],"acf":[],"yoast_head":"<!-- This site is optimized with the Yoast SEO plugin v27.3 - https:\/\/yoast.com\/product\/yoast-seo-wordpress\/ -->\n<title>TrikoLogic\u00ae - Terra Aquatica<\/title>\n<meta name=\"robots\" content=\"index, follow, max-snippet:-1, max-image-preview:large, max-video-preview:-1\" \/>\n<link rel=\"canonical\" href=\"https:\/\/www.terraaquatica.com\/es\/microorganismos-beneficiosos\/trikologic\/\" \/>\n<meta property=\"og:locale\" content=\"es_ES\" \/>\n<meta property=\"og:type\" content=\"article\" \/>\n<meta property=\"og:title\" content=\"TrikoLogic\u00ae - Terra Aquatica\" \/>\n<meta property=\"og:description\" content=\"Parte vital del cultivo ecol\u00f3gico y arma secreta de cualquier jardinero comercial TrikoLogic\u00ae es nuestra marca para Trichoderma harzianum : [&hellip;]\" \/>\n<meta property=\"og:url\" content=\"https:\/\/www.terraaquatica.com\/es\/microorganismos-beneficiosos\/trikologic\" \/>\n<meta property=\"og:site_name\" content=\"Terra Aquatica\" \/>\n<meta property=\"article:modified_time\" content=\"2023-09-21T06:32:43+00:00\" \/>\n<meta property=\"og:image\" content=\"https:\/\/www.terraaquatica.com\/wp-content\/uploads\/2019\/04\/trikologic-250g_0.jpg\" \/>\n\t<meta property=\"og:image:width\" content=\"720\" \/>\n\t<meta property=\"og:image:height\" content=\"720\" \/>\n\t<meta property=\"og:image:type\" content=\"image\/jpeg\" \/>\n<meta name=\"twitter:card\" content=\"summary_large_image\" \/>\n<meta name=\"twitter:label1\" content=\"Tiempo de lectura\" \/>\n\t<meta name=\"twitter:data1\" content=\"1 minuto\" \/>\n<script type=\"application\/ld+json\" class=\"yoast-schema-graph\">{\"@context\":\"https:\\\/\\\/schema.org\",\"@graph\":[{\"@type\":\"WebPage\",\"@id\":\"https:\\\/\\\/www.terraaquatica.com\\\/es\\\/microorganismos-beneficiosos\\\/trikologic\",\"url\":\"https:\\\/\\\/www.terraaquatica.com\\\/es\\\/microorganismos-beneficiosos\\\/trikologic\",\"name\":\"TrikoLogic\u00ae - Terra Aquatica\",\"isPartOf\":{\"@id\":\"https:\\\/\\\/www.terraaquatica.com\\\/#website\"},\"primaryImageOfPage\":{\"@id\":\"https:\\\/\\\/www.terraaquatica.com\\\/es\\\/microorganismos-beneficiosos\\\/trikologic#primaryimage\"},\"image\":{\"@id\":\"https:\\\/\\\/www.terraaquatica.com\\\/es\\\/microorganismos-beneficiosos\\\/trikologic#primaryimage\"},\"thumbnailUrl\":\"https:\\\/\\\/www.terraaquatica.com\\\/wp-content\\\/uploads\\\/2019\\\/04\\\/trikologic-250g_0.jpg\",\"datePublished\":\"2017-07-25T09:38:38+00:00\",\"dateModified\":\"2023-09-21T06:32:43+00:00\",\"breadcrumb\":{\"@id\":\"https:\\\/\\\/www.terraaquatica.com\\\/es\\\/microorganismos-beneficiosos\\\/trikologic#breadcrumb\"},\"inLanguage\":\"es\",\"potentialAction\":[{\"@type\":\"ReadAction\",\"target\":[\"https:\\\/\\\/www.terraaquatica.com\\\/es\\\/microorganismos-beneficiosos\\\/trikologic\"]}]},{\"@type\":\"ImageObject\",\"inLanguage\":\"es\",\"@id\":\"https:\\\/\\\/www.terraaquatica.com\\\/es\\\/microorganismos-beneficiosos\\\/trikologic#primaryimage\",\"url\":\"https:\\\/\\\/www.terraaquatica.com\\\/wp-content\\\/uploads\\\/2019\\\/04\\\/trikologic-250g_0.jpg\",\"contentUrl\":\"https:\\\/\\\/www.terraaquatica.com\\\/wp-content\\\/uploads\\\/2019\\\/04\\\/trikologic-250g_0.jpg\",\"width\":720,\"height\":720,\"caption\":\"Trikologic 250 Gr\"},{\"@type\":\"BreadcrumbList\",\"@id\":\"https:\\\/\\\/www.terraaquatica.com\\\/es\\\/microorganismos-beneficiosos\\\/trikologic#breadcrumb\",\"itemListElement\":[{\"@type\":\"ListItem\",\"position\":1,\"name\":\"Accueil\",\"item\":\"https:\\\/\\\/www.terraaquatica.com\\\/es\\\/\"},{\"@type\":\"ListItem\",\"position\":2,\"name\":\"Products\",\"item\":\"https:\\\/\\\/www.terraaquatica.com\\\/es\\\/product\\\/\"},{\"@type\":\"ListItem\",\"position\":3,\"name\":\"TrikoLogic\u00ae\"}]},{\"@type\":\"WebSite\",\"@id\":\"https:\\\/\\\/www.terraaquatica.com\\\/#website\",\"url\":\"https:\\\/\\\/www.terraaquatica.com\\\/\",\"name\":\"Terra Aquatica\",\"description\":\"Engrais et syst\u00e8mes de culture depuis 1995\",\"publisher\":{\"@id\":\"https:\\\/\\\/www.terraaquatica.com\\\/#organization\"},\"potentialAction\":[{\"@type\":\"SearchAction\",\"target\":{\"@type\":\"EntryPoint\",\"urlTemplate\":\"https:\\\/\\\/www.terraaquatica.com\\\/?s={search_term_string}\"},\"query-input\":{\"@type\":\"PropertyValueSpecification\",\"valueRequired\":true,\"valueName\":\"search_term_string\"}}],\"inLanguage\":\"es\"},{\"@type\":\"Organization\",\"@id\":\"https:\\\/\\\/www.terraaquatica.com\\\/#organization\",\"name\":\"Terra Aquatica\",\"url\":\"https:\\\/\\\/www.terraaquatica.com\\\/\",\"logo\":{\"@type\":\"ImageObject\",\"inLanguage\":\"es\",\"@id\":\"https:\\\/\\\/www.terraaquatica.com\\\/#\\\/schema\\\/logo\\\/image\\\/\",\"url\":\"https:\\\/\\\/www.terraaquatica.com\\\/wp-content\\\/uploads\\\/2022\\\/03\\\/favicon-transpa-big.png\",\"contentUrl\":\"https:\\\/\\\/www.terraaquatica.com\\\/wp-content\\\/uploads\\\/2022\\\/03\\\/favicon-transpa-big.png\",\"width\":512,\"height\":512,\"caption\":\"Terra Aquatica\"},\"image\":{\"@id\":\"https:\\\/\\\/www.terraaquatica.com\\\/#\\\/schema\\\/logo\\\/image\\\/\"}}]}<\/script>\n<!-- \/ Yoast SEO plugin. -->","yoast_head_json":{"title":"TrikoLogic\u00ae - Terra Aquatica","robots":{"index":"index","follow":"follow","max-snippet":"max-snippet:-1","max-image-preview":"max-image-preview:large","max-video-preview":"max-video-preview:-1"},"canonical":"https:\/\/www.terraaquatica.com\/es\/microorganismos-beneficiosos\/trikologic\/","og_locale":"es_ES","og_type":"article","og_title":"TrikoLogic\u00ae - Terra Aquatica","og_description":"Parte vital del cultivo ecol\u00f3gico y arma secreta de cualquier jardinero comercial TrikoLogic\u00ae es nuestra marca para Trichoderma harzianum : [&hellip;]","og_url":"https:\/\/www.terraaquatica.com\/es\/microorganismos-beneficiosos\/trikologic","og_site_name":"Terra Aquatica","article_modified_time":"2023-09-21T06:32:43+00:00","og_image":[{"width":720,"height":720,"url":"https:\/\/www.terraaquatica.com\/wp-content\/uploads\/2019\/04\/trikologic-250g_0.jpg","type":"image\/jpeg"}],"twitter_card":"summary_large_image","twitter_misc":{"Tiempo de lectura":"1 minuto"},"schema":{"@context":"https:\/\/schema.org","@graph":[{"@type":"WebPage","@id":"https:\/\/www.terraaquatica.com\/es\/microorganismos-beneficiosos\/trikologic","url":"https:\/\/www.terraaquatica.com\/es\/microorganismos-beneficiosos\/trikologic","name":"TrikoLogic\u00ae - Terra Aquatica","isPartOf":{"@id":"https:\/\/www.terraaquatica.com\/#website"},"primaryImageOfPage":{"@id":"https:\/\/www.terraaquatica.com\/es\/microorganismos-beneficiosos\/trikologic#primaryimage"},"image":{"@id":"https:\/\/www.terraaquatica.com\/es\/microorganismos-beneficiosos\/trikologic#primaryimage"},"thumbnailUrl":"https:\/\/www.terraaquatica.com\/wp-content\/uploads\/2019\/04\/trikologic-250g_0.jpg","datePublished":"2017-07-25T09:38:38+00:00","dateModified":"2023-09-21T06:32:43+00:00","breadcrumb":{"@id":"https:\/\/www.terraaquatica.com\/es\/microorganismos-beneficiosos\/trikologic#breadcrumb"},"inLanguage":"es","potentialAction":[{"@type":"ReadAction","target":["https:\/\/www.terraaquatica.com\/es\/microorganismos-beneficiosos\/trikologic"]}]},{"@type":"ImageObject","inLanguage":"es","@id":"https:\/\/www.terraaquatica.com\/es\/microorganismos-beneficiosos\/trikologic#primaryimage","url":"https:\/\/www.terraaquatica.com\/wp-content\/uploads\/2019\/04\/trikologic-250g_0.jpg","contentUrl":"https:\/\/www.terraaquatica.com\/wp-content\/uploads\/2019\/04\/trikologic-250g_0.jpg","width":720,"height":720,"caption":"Trikologic 250 Gr"},{"@type":"BreadcrumbList","@id":"https:\/\/www.terraaquatica.com\/es\/microorganismos-beneficiosos\/trikologic#breadcrumb","itemListElement":[{"@type":"ListItem","position":1,"name":"Accueil","item":"https:\/\/www.terraaquatica.com\/es\/"},{"@type":"ListItem","position":2,"name":"Products","item":"https:\/\/www.terraaquatica.com\/es\/product\/"},{"@type":"ListItem","position":3,"name":"TrikoLogic\u00ae"}]},{"@type":"WebSite","@id":"https:\/\/www.terraaquatica.com\/#website","url":"https:\/\/www.terraaquatica.com\/","name":"Terra Aquatica","description":"Engrais et syst\u00e8mes de culture depuis 1995","publisher":{"@id":"https:\/\/www.terraaquatica.com\/#organization"},"potentialAction":[{"@type":"SearchAction","target":{"@type":"EntryPoint","urlTemplate":"https:\/\/www.terraaquatica.com\/?s={search_term_string}"},"query-input":{"@type":"PropertyValueSpecification","valueRequired":true,"valueName":"search_term_string"}}],"inLanguage":"es"},{"@type":"Organization","@id":"https:\/\/www.terraaquatica.com\/#organization","name":"Terra Aquatica","url":"https:\/\/www.terraaquatica.com\/","logo":{"@type":"ImageObject","inLanguage":"es","@id":"https:\/\/www.terraaquatica.com\/#\/schema\/logo\/image\/","url":"https:\/\/www.terraaquatica.com\/wp-content\/uploads\/2022\/03\/favicon-transpa-big.png","contentUrl":"https:\/\/www.terraaquatica.com\/wp-content\/uploads\/2022\/03\/favicon-transpa-big.png","width":512,"height":512,"caption":"Terra Aquatica"},"image":{"@id":"https:\/\/www.terraaquatica.com\/#\/schema\/logo\/image\/"}}]}},"_links":{"self":[{"href":"https:\/\/www.terraaquatica.com\/es\/wp-json\/wp\/v2\/product\/1670","targetHints":{"allow":["GET"]}}],"collection":[{"href":"https:\/\/www.terraaquatica.com\/es\/wp-json\/wp\/v2\/product"}],"about":[{"href":"https:\/\/www.terraaquatica.com\/es\/wp-json\/wp\/v2\/types\/product"}],"author":[{"embeddable":true,"href":"https:\/\/www.terraaquatica.com\/es\/wp-json\/wp\/v2\/users\/3"}],"wp:featuredmedia":[{"embeddable":true,"href":"https:\/\/www.terraaquatica.com\/es\/wp-json\/wp\/v2\/media\/1671"}],"wp:attachment":[{"href":"https:\/\/www.terraaquatica.com\/es\/wp-json\/wp\/v2\/media?parent=1670"}],"wp:term":[{"taxonomy":"m_thode_de_culture","embeddable":true,"href":"https:\/\/www.terraaquatica.com\/es\/wp-json\/wp\/v2\/m_thode_de_culture?post=1670"},{"taxonomy":"substrat","embeddable":true,"href":"https:\/\/www.terraaquatica.com\/es\/wp-json\/wp\/v2\/substrat?post=1670"},{"taxonomy":"product_category","embeddable":true,"href":"https:\/\/www.terraaquatica.com\/es\/wp-json\/wp\/v2\/product_category?post=1670"}],"curies":[{"name":"wp","href":"https:\/\/api.w.org\/{rel}","templated":true}]}}