{"id":1788,"date":"2022-01-26T12:20:00","date_gmt":"2022-01-26T11:20:00","guid":{"rendered":"https:\/\/www.terraaquatica.com\/produits\/tripart-2\/"},"modified":"2023-09-21T08:30:28","modified_gmt":"2023-09-21T06:30:28","slug":"tripart-2","status":"publish","type":"product","link":"https:\/\/www.terraaquatica.com\/es\/solucion-de-abonos-minerales-completos-es\/tripart-2","title":{"rendered":"TRIPART\u00ae"},"content":{"rendered":"<p><a href=\"http:\/\/www.terraaquatica.com\/\" target=\"_blank\" rel=\"noopener\"><img decoding=\"async\" class=\" size-full wp-image-1616\" style=\"float: left; opacity: 0.9; width: 250px; height: 250px;\" src=\"https:\/\/www.terraaquatica.com\/wp-content\/uploads\/2017\/06\/colerette.png\" alt=\"\"><\/a><em>Sistema de nutrientes &#8220;Building Block&#8221; con 3 componentes : Terra Aquatica TriPart\u00ae te ofrece el mejor equilibrio posible entre concentraci\u00f3n y flexibilidad.<\/em><\/p>\n<p>\u00a1Por qu\u00e9 comprar nutrientes para el crecimiento, para la floraci\u00f3n, un CalMag y un PK cuando puede <strong>cultivar de principio a fin s\u00f3lo con tres botellas de productos!<\/strong><\/p>\n<p>Los nutrientes de TriPart\u00ae le permiten satisfacer a la perfecci\u00f3n las cambiantes necesidades de sus plantas variando la mezcla al ritmo del progreso de las mismas: m\u00e1s TriPart\u00ae Grow durante su crecimiento, y m\u00e1s TriPart\u00ae Bloom cuando se encuentran en la fase de floraci\u00f3n y fructificaci\u00f3n; un dise\u00f1o simple e incre\u00edblemente efectivo.<\/p>\n<p>Siendo un producto utilizado por universidades de gran prestigio y laboratorios de investigaci\u00f3n, incluyendo a la NASA, TriPart\u00ae es un sistema en constante evoluci\u00f3n, que vamos actualizando a la par que los descubrimientos cient\u00edficos m\u00e1s recientes salen a la luz, y que mejoramos a trav\u00e9s de un exhaustivo an\u00e1lisis interno y en conjunto con nuestros asociados en la horticultura profesional (inf\u00f3rmese en profundidad sobre nuestra pericia en investigaci\u00f3n y producci\u00f3n de alimentos en el mundo real consultando <a href=\"https:\/\/www.terraaquatica.com\/fr\/les-projets\/\" target=\"_blank\" rel=\"noopener\">este link<\/a>).<\/p>\n<p>Muchos nutrientes pretenden incluir todo lo que sus plantas necesitan para crecer saludablemente. Sin embargo, a diferencia de la mayor\u00eda de los competidores, TriPart\u00ae no incluye \u00fanicamente los nutrientes primarios y secundarios necesarios para una nutrici\u00f3n b\u00e1sica, sino que incorpora, adem\u00e1s, todo un abanico de micro y sub-micronutrientes \u2013 tambi\u00e9n purificamos todos los elementos posibles para asegurar una m\u00e1xima absorci\u00f3n y estabilidad. Esta es la raz\u00f3n por la cual TriPart\u00ae muestra unos resultados tan fiables e impresionantes en mercados especializados donde la mejora del sabor, aroma, potencia y producci\u00f3n de aceites esenciales es vital.<\/p>\n<p>TriPart\u00ae est\u00e1 disponible con formulaciones para agua dura o blanda de TriPart\u00ae Micro, con el fin de asegurar que los niveles de calcio permanecen \u00f3ptimos en la soluci\u00f3n nutritiva, evitando de esta manera los problemas de bloqueo o de deficiencia que los nutrientes corrientes pueden provocar.<\/p>\n<p><strong>TriPart\u00ae Micro<\/strong>: Disponible en composici\u00f3n para agua dura o blanda, TriPart\u00ae Micro es la base del sistema de \u201cbloque de componentes\u201d, que provee los micro y sub-micronutrientes y algunos macronutrientes complementarios. Utilice TriPart\u00ae&nbsp;Micro siguiendo las instrucciones durante todo el proceso de crecimiento y floraci\u00f3n.<\/p>\n<p><strong>TriPart\u00ae Grow<\/strong>: Estimula el crecimiento estructural y vegetativo, fortalece las ra\u00edces y proporciona la mayor\u00eda del nitr\u00f3geno, potasio y minerales secundarios de TriPart\u00ae. Util\u00edcelo en mayor cantidad durante el crecimiento, y en menor medida durante la etapa de floraci\u00f3n.<\/p>\n<p><strong>TriPart\u00ae Bloom<\/strong>: Proporciona los aportes en f\u00f3sforo y potasio que sus plantas necesitan para incrementar su salud y la formaci\u00f3n de ra\u00edces durante el crecimiento, y ayuda a sacarle el mayor partido a su potencial gen\u00e9tico en el per\u00edodo de floraci\u00f3n y fructificaci\u00f3n. Util\u00edcelo en menor cantidad durante el crecimiento, y en mayor medida durante la etapa de floraci\u00f3n.<\/p>\n","protected":false},"author":3,"template":"","meta":{"_acf_changed":false},"m_thode_de_culture":[31],"substrat":[299,300,301],"product_category":[275],"class_list":["post-1788","product","type-product","status-publish","has-post-thumbnail","hentry","m_thode_de_culture-mineral-en","substrat-coco","substrat-hydro","substrat-soil","product_category-solucion-de-abonos-minerales-completos-es"],"acf":[],"yoast_head":"<!-- This site is optimized with the Yoast SEO plugin v27.3 - https:\/\/yoast.com\/product\/yoast-seo-wordpress\/ -->\n<title>TRIPART\u00ae - Terra Aquatica<\/title>\n<meta name=\"robots\" content=\"index, follow, max-snippet:-1, max-image-preview:large, max-video-preview:-1\" \/>\n<link rel=\"canonical\" href=\"https:\/\/www.terraaquatica.com\/es\/solucion-de-abonos-minerales-completos-es\/tripart-2\/\" \/>\n<meta property=\"og:locale\" content=\"es_ES\" \/>\n<meta property=\"og:type\" content=\"article\" \/>\n<meta property=\"og:title\" content=\"TRIPART\u00ae - Terra Aquatica\" \/>\n<meta property=\"og:description\" content=\"Sistema de nutrientes &#8220;Building Block&#8221; con 3 componentes : Terra Aquatica TriPart\u00ae te ofrece el mejor equilibrio posible entre concentraci\u00f3n [&hellip;]\" \/>\n<meta property=\"og:url\" content=\"https:\/\/www.terraaquatica.com\/es\/solucion-de-abonos-minerales-completos-es\/tripart-2\" \/>\n<meta property=\"og:site_name\" content=\"Terra Aquatica\" \/>\n<meta property=\"article:modified_time\" content=\"2023-09-21T06:30:28+00:00\" \/>\n<meta property=\"og:image\" content=\"https:\/\/www.terraaquatica.com\/wp-content\/uploads\/2020\/03\/tripart-3-bottles-720_2.jpg\" \/>\n\t<meta property=\"og:image:width\" content=\"720\" \/>\n\t<meta property=\"og:image:height\" content=\"720\" \/>\n\t<meta property=\"og:image:type\" content=\"image\/jpeg\" \/>\n<meta name=\"twitter:card\" content=\"summary_large_image\" \/>\n<meta name=\"twitter:label1\" content=\"Tiempo de lectura\" \/>\n\t<meta name=\"twitter:data1\" content=\"3 minutos\" \/>\n<script type=\"application\/ld+json\" class=\"yoast-schema-graph\">{\"@context\":\"https:\\\/\\\/schema.org\",\"@graph\":[{\"@type\":\"WebPage\",\"@id\":\"https:\\\/\\\/www.terraaquatica.com\\\/es\\\/solucion-de-abonos-minerales-completos-es\\\/tripart-2\",\"url\":\"https:\\\/\\\/www.terraaquatica.com\\\/es\\\/solucion-de-abonos-minerales-completos-es\\\/tripart-2\",\"name\":\"TRIPART\u00ae - Terra Aquatica\",\"isPartOf\":{\"@id\":\"https:\\\/\\\/www.terraaquatica.com\\\/#website\"},\"primaryImageOfPage\":{\"@id\":\"https:\\\/\\\/www.terraaquatica.com\\\/es\\\/solucion-de-abonos-minerales-completos-es\\\/tripart-2#primaryimage\"},\"image\":{\"@id\":\"https:\\\/\\\/www.terraaquatica.com\\\/es\\\/solucion-de-abonos-minerales-completos-es\\\/tripart-2#primaryimage\"},\"thumbnailUrl\":\"https:\\\/\\\/www.terraaquatica.com\\\/wp-content\\\/uploads\\\/2020\\\/03\\\/tripart-3-bottles-720_2.jpg\",\"datePublished\":\"2022-01-26T11:20:00+00:00\",\"dateModified\":\"2023-09-21T06:30:28+00:00\",\"breadcrumb\":{\"@id\":\"https:\\\/\\\/www.terraaquatica.com\\\/es\\\/solucion-de-abonos-minerales-completos-es\\\/tripart-2#breadcrumb\"},\"inLanguage\":\"es\",\"potentialAction\":[{\"@type\":\"ReadAction\",\"target\":[\"https:\\\/\\\/www.terraaquatica.com\\\/es\\\/solucion-de-abonos-minerales-completos-es\\\/tripart-2\"]}]},{\"@type\":\"ImageObject\",\"inLanguage\":\"es\",\"@id\":\"https:\\\/\\\/www.terraaquatica.com\\\/es\\\/solucion-de-abonos-minerales-completos-es\\\/tripart-2#primaryimage\",\"url\":\"https:\\\/\\\/www.terraaquatica.com\\\/wp-content\\\/uploads\\\/2020\\\/03\\\/tripart-3-bottles-720_2.jpg\",\"contentUrl\":\"https:\\\/\\\/www.terraaquatica.com\\\/wp-content\\\/uploads\\\/2020\\\/03\\\/tripart-3-bottles-720_2.jpg\",\"width\":720,\"height\":720,\"caption\":\"TriPart\u00ae Grow - Bloom - Micro\"},{\"@type\":\"BreadcrumbList\",\"@id\":\"https:\\\/\\\/www.terraaquatica.com\\\/es\\\/solucion-de-abonos-minerales-completos-es\\\/tripart-2#breadcrumb\",\"itemListElement\":[{\"@type\":\"ListItem\",\"position\":1,\"name\":\"Accueil\",\"item\":\"https:\\\/\\\/www.terraaquatica.com\\\/es\\\/\"},{\"@type\":\"ListItem\",\"position\":2,\"name\":\"Products\",\"item\":\"https:\\\/\\\/www.terraaquatica.com\\\/es\\\/product\\\/\"},{\"@type\":\"ListItem\",\"position\":3,\"name\":\"TRIPART\u00ae\"}]},{\"@type\":\"WebSite\",\"@id\":\"https:\\\/\\\/www.terraaquatica.com\\\/#website\",\"url\":\"https:\\\/\\\/www.terraaquatica.com\\\/\",\"name\":\"Terra Aquatica\",\"description\":\"Engrais et syst\u00e8mes de culture depuis 1995\",\"publisher\":{\"@id\":\"https:\\\/\\\/www.terraaquatica.com\\\/#organization\"},\"potentialAction\":[{\"@type\":\"SearchAction\",\"target\":{\"@type\":\"EntryPoint\",\"urlTemplate\":\"https:\\\/\\\/www.terraaquatica.com\\\/?s={search_term_string}\"},\"query-input\":{\"@type\":\"PropertyValueSpecification\",\"valueRequired\":true,\"valueName\":\"search_term_string\"}}],\"inLanguage\":\"es\"},{\"@type\":\"Organization\",\"@id\":\"https:\\\/\\\/www.terraaquatica.com\\\/#organization\",\"name\":\"Terra Aquatica\",\"url\":\"https:\\\/\\\/www.terraaquatica.com\\\/\",\"logo\":{\"@type\":\"ImageObject\",\"inLanguage\":\"es\",\"@id\":\"https:\\\/\\\/www.terraaquatica.com\\\/#\\\/schema\\\/logo\\\/image\\\/\",\"url\":\"https:\\\/\\\/www.terraaquatica.com\\\/wp-content\\\/uploads\\\/2022\\\/03\\\/favicon-transpa-big.png\",\"contentUrl\":\"https:\\\/\\\/www.terraaquatica.com\\\/wp-content\\\/uploads\\\/2022\\\/03\\\/favicon-transpa-big.png\",\"width\":512,\"height\":512,\"caption\":\"Terra Aquatica\"},\"image\":{\"@id\":\"https:\\\/\\\/www.terraaquatica.com\\\/#\\\/schema\\\/logo\\\/image\\\/\"}}]}<\/script>\n<!-- \/ Yoast SEO plugin. -->","yoast_head_json":{"title":"TRIPART\u00ae - Terra Aquatica","robots":{"index":"index","follow":"follow","max-snippet":"max-snippet:-1","max-image-preview":"max-image-preview:large","max-video-preview":"max-video-preview:-1"},"canonical":"https:\/\/www.terraaquatica.com\/es\/solucion-de-abonos-minerales-completos-es\/tripart-2\/","og_locale":"es_ES","og_type":"article","og_title":"TRIPART\u00ae - Terra Aquatica","og_description":"Sistema de nutrientes &#8220;Building Block&#8221; con 3 componentes : Terra Aquatica TriPart\u00ae te ofrece el mejor equilibrio posible entre concentraci\u00f3n [&hellip;]","og_url":"https:\/\/www.terraaquatica.com\/es\/solucion-de-abonos-minerales-completos-es\/tripart-2","og_site_name":"Terra Aquatica","article_modified_time":"2023-09-21T06:30:28+00:00","og_image":[{"width":720,"height":720,"url":"https:\/\/www.terraaquatica.com\/wp-content\/uploads\/2020\/03\/tripart-3-bottles-720_2.jpg","type":"image\/jpeg"}],"twitter_card":"summary_large_image","twitter_misc":{"Tiempo de lectura":"3 minutos"},"schema":{"@context":"https:\/\/schema.org","@graph":[{"@type":"WebPage","@id":"https:\/\/www.terraaquatica.com\/es\/solucion-de-abonos-minerales-completos-es\/tripart-2","url":"https:\/\/www.terraaquatica.com\/es\/solucion-de-abonos-minerales-completos-es\/tripart-2","name":"TRIPART\u00ae - Terra Aquatica","isPartOf":{"@id":"https:\/\/www.terraaquatica.com\/#website"},"primaryImageOfPage":{"@id":"https:\/\/www.terraaquatica.com\/es\/solucion-de-abonos-minerales-completos-es\/tripart-2#primaryimage"},"image":{"@id":"https:\/\/www.terraaquatica.com\/es\/solucion-de-abonos-minerales-completos-es\/tripart-2#primaryimage"},"thumbnailUrl":"https:\/\/www.terraaquatica.com\/wp-content\/uploads\/2020\/03\/tripart-3-bottles-720_2.jpg","datePublished":"2022-01-26T11:20:00+00:00","dateModified":"2023-09-21T06:30:28+00:00","breadcrumb":{"@id":"https:\/\/www.terraaquatica.com\/es\/solucion-de-abonos-minerales-completos-es\/tripart-2#breadcrumb"},"inLanguage":"es","potentialAction":[{"@type":"ReadAction","target":["https:\/\/www.terraaquatica.com\/es\/solucion-de-abonos-minerales-completos-es\/tripart-2"]}]},{"@type":"ImageObject","inLanguage":"es","@id":"https:\/\/www.terraaquatica.com\/es\/solucion-de-abonos-minerales-completos-es\/tripart-2#primaryimage","url":"https:\/\/www.terraaquatica.com\/wp-content\/uploads\/2020\/03\/tripart-3-bottles-720_2.jpg","contentUrl":"https:\/\/www.terraaquatica.com\/wp-content\/uploads\/2020\/03\/tripart-3-bottles-720_2.jpg","width":720,"height":720,"caption":"TriPart\u00ae Grow - Bloom - Micro"},{"@type":"BreadcrumbList","@id":"https:\/\/www.terraaquatica.com\/es\/solucion-de-abonos-minerales-completos-es\/tripart-2#breadcrumb","itemListElement":[{"@type":"ListItem","position":1,"name":"Accueil","item":"https:\/\/www.terraaquatica.com\/es\/"},{"@type":"ListItem","position":2,"name":"Products","item":"https:\/\/www.terraaquatica.com\/es\/product\/"},{"@type":"ListItem","position":3,"name":"TRIPART\u00ae"}]},{"@type":"WebSite","@id":"https:\/\/www.terraaquatica.com\/#website","url":"https:\/\/www.terraaquatica.com\/","name":"Terra Aquatica","description":"Engrais et syst\u00e8mes de culture depuis 1995","publisher":{"@id":"https:\/\/www.terraaquatica.com\/#organization"},"potentialAction":[{"@type":"SearchAction","target":{"@type":"EntryPoint","urlTemplate":"https:\/\/www.terraaquatica.com\/?s={search_term_string}"},"query-input":{"@type":"PropertyValueSpecification","valueRequired":true,"valueName":"search_term_string"}}],"inLanguage":"es"},{"@type":"Organization","@id":"https:\/\/www.terraaquatica.com\/#organization","name":"Terra Aquatica","url":"https:\/\/www.terraaquatica.com\/","logo":{"@type":"ImageObject","inLanguage":"es","@id":"https:\/\/www.terraaquatica.com\/#\/schema\/logo\/image\/","url":"https:\/\/www.terraaquatica.com\/wp-content\/uploads\/2022\/03\/favicon-transpa-big.png","contentUrl":"https:\/\/www.terraaquatica.com\/wp-content\/uploads\/2022\/03\/favicon-transpa-big.png","width":512,"height":512,"caption":"Terra Aquatica"},"image":{"@id":"https:\/\/www.terraaquatica.com\/#\/schema\/logo\/image\/"}}]}},"_links":{"self":[{"href":"https:\/\/www.terraaquatica.com\/es\/wp-json\/wp\/v2\/product\/1788","targetHints":{"allow":["GET"]}}],"collection":[{"href":"https:\/\/www.terraaquatica.com\/es\/wp-json\/wp\/v2\/product"}],"about":[{"href":"https:\/\/www.terraaquatica.com\/es\/wp-json\/wp\/v2\/types\/product"}],"author":[{"embeddable":true,"href":"https:\/\/www.terraaquatica.com\/es\/wp-json\/wp\/v2\/users\/3"}],"wp:featuredmedia":[{"embeddable":true,"href":"https:\/\/www.terraaquatica.com\/es\/wp-json\/wp\/v2\/media\/1618"}],"wp:attachment":[{"href":"https:\/\/www.terraaquatica.com\/es\/wp-json\/wp\/v2\/media?parent=1788"}],"wp:term":[{"taxonomy":"m_thode_de_culture","embeddable":true,"href":"https:\/\/www.terraaquatica.com\/es\/wp-json\/wp\/v2\/m_thode_de_culture?post=1788"},{"taxonomy":"substrat","embeddable":true,"href":"https:\/\/www.terraaquatica.com\/es\/wp-json\/wp\/v2\/substrat?post=1788"},{"taxonomy":"product_category","embeddable":true,"href":"https:\/\/www.terraaquatica.com\/es\/wp-json\/wp\/v2\/product_category?post=1788"}],"curies":[{"name":"wp","href":"https:\/\/api.w.org\/{rel}","templated":true}]}}