{"id":1789,"date":"2018-03-26T14:43:39","date_gmt":"2018-03-26T12:43:39","guid":{"rendered":"https:\/\/www.terraaquatica.com\/produits\/dualpart-2\/"},"modified":"2025-06-05T17:48:56","modified_gmt":"2025-06-05T15:48:56","slug":"dualpart-2","status":"publish","type":"product","link":"https:\/\/www.terraaquatica.com\/es\/solucion-de-abonos-minerales-completos-es\/dualpart-2","title":{"rendered":"DUALPART\u00ae"},"content":{"rendered":"<p><a href=\"http:\/\/www.terraaquatica.com\/\" target=\"_blank\" rel=\"noopener\"><img decoding=\"async\" class=\" alignleft size-full wp-image-1616\" style=\"opacity: 0.9; float: left; width: 250px; height: 250px;\" src=\"https:\/\/www.terraaquatica.com\/wp-content\/uploads\/2017\/06\/colerette.png\" alt=\"\"><\/a><em>Lo \u00faltimo en nutrientes en 2 partes: inspirado por el \u00e9xito de ventas de TriPart\u00ae, DualPart\u00ae ofrece el mejor equilibrio entre rendimiento y facilidad de uso \u2013 adem\u00e1s de algunos beneficios \u00fanicos\u2026<\/em><\/p>\n<p>DualPart\u00ae no es un nutriente mineral &#8220;cl\u00e1sico&#8221; : con el objetivo de crear una versi\u00f3n de TriPart\u00ae simplificada que tuviera la misma fuerza, General Hydroponics y el qu\u00edmico de la NASA Cal Hermann crearon esta poderosa f\u00f3rmula en 2 partes, agregando durante el proceso varios beneficios importantes para plantas de crecimiento r\u00e1pido con marcadas diferencias entre las necesidades de desarrollo y floraci\u00f3n :<\/p>\n<ul>\n<li>DualPart\u00ae utiliza diversos tipos de minerales para que sus plantas tengan siempre acceso a los elementos que necesitan en la forma adecuada durante el crecimiento y la floraci\u00f3n.<\/li>\n<li>La f\u00f3rmula incluye activadores ecol\u00f3gicos que mejoran la salud general de la planta, su resistencia a los agentes pat\u00f3genos y la absorci\u00f3n de nutrientes.<\/li>\n<li>DualPart\u00ae act\u00faa para reducir la longitud de los entrenudos \u2013 \u00a1sin PGRs (reguladores del crecimiento vegetal)! En Terra Aquatica utilizamos exclusivamente ingredientes de la mayor pureza; esta pr\u00e1ctica, en combinaci\u00f3n con los m\u00e9todos de composici\u00f3n de nutrientes que hemos desarrollado a lo largo de una extensa investigaci\u00f3n, nos permite lograr un crecimiento espectacular y una reducci\u00f3n del estiramiento de los entrenudos sin utilizar aditivos potencialmente nocivos como los reguladores sint\u00e9ticos del crecimiento vegetal.<\/li>\n<\/ul>\n<p>Y cuando decimos \u201cen 2 partes\u201d queremos decir justamente<br \/>\neso : a diferencia de la mayor\u00eda de nutrientes en 2 partes \u201cA+B\u201d, que utilizan 2 partes para el crecimiento y dos para la floraci\u00f3n, con DualPart\u00ae utilizar\u00e1 \u00fanicamente dos botes desde el principio hasta el final.<\/p>\n<p>Con DualPart\u00ae comience empleando cantidades iguales de Grow (crecimiento) y Bloom (floraci\u00f3n) mientras las semillas echan ra\u00edces o durante el desarrollo temprano; en la fase del crecimiento vegetativo utilice Grow en mayor proporci\u00f3n y, finalmente, durante la floraci\u00f3n y fructificaci\u00f3n, agregue una dosis mayor de Bloom que de Grow. As\u00ed de sencillo.<\/p>\n<div><\/div>\n","protected":false},"author":3,"template":"","meta":{"_acf_changed":true},"m_thode_de_culture":[31],"substrat":[299,300,301],"product_category":[275],"class_list":["post-1789","product","type-product","status-publish","has-post-thumbnail","hentry","m_thode_de_culture-mineral-en","substrat-coco","substrat-hydro","substrat-soil","product_category-solucion-de-abonos-minerales-completos-es"],"acf":[],"yoast_head":"<!-- This site is optimized with the Yoast SEO plugin v27.3 - https:\/\/yoast.com\/product\/yoast-seo-wordpress\/ -->\n<title>DUALPART\u00ae - Terra Aquatica<\/title>\n<meta name=\"robots\" content=\"index, follow, max-snippet:-1, max-image-preview:large, max-video-preview:-1\" \/>\n<link rel=\"canonical\" href=\"https:\/\/www.terraaquatica.com\/es\/solucion-de-abonos-minerales-completos-es\/dualpart-2\/\" \/>\n<meta property=\"og:locale\" content=\"es_ES\" \/>\n<meta property=\"og:type\" content=\"article\" \/>\n<meta property=\"og:title\" content=\"DUALPART\u00ae - Terra Aquatica\" \/>\n<meta property=\"og:description\" content=\"Lo \u00faltimo en nutrientes en 2 partes: inspirado por el \u00e9xito de ventas de TriPart\u00ae, DualPart\u00ae ofrece el mejor equilibrio [&hellip;]\" \/>\n<meta property=\"og:url\" content=\"https:\/\/www.terraaquatica.com\/es\/solucion-de-abonos-minerales-completos-es\/dualpart-2\" \/>\n<meta property=\"og:site_name\" content=\"Terra Aquatica\" \/>\n<meta property=\"article:modified_time\" content=\"2025-06-05T15:48:56+00:00\" \/>\n<meta property=\"og:image\" content=\"https:\/\/www.terraaquatica.com\/wp-content\/uploads\/2020\/03\/dualpart-bloom-et-grow_1l-fond-blanc-720.jpg\" \/>\n\t<meta property=\"og:image:width\" content=\"720\" \/>\n\t<meta property=\"og:image:height\" content=\"720\" \/>\n\t<meta property=\"og:image:type\" content=\"image\/jpeg\" \/>\n<meta name=\"twitter:card\" content=\"summary_large_image\" \/>\n<meta name=\"twitter:label1\" content=\"Tiempo de lectura\" \/>\n\t<meta name=\"twitter:data1\" content=\"2 minutos\" \/>\n<script type=\"application\/ld+json\" class=\"yoast-schema-graph\">{\"@context\":\"https:\\\/\\\/schema.org\",\"@graph\":[{\"@type\":\"WebPage\",\"@id\":\"https:\\\/\\\/www.terraaquatica.com\\\/es\\\/solucion-de-abonos-minerales-completos-es\\\/dualpart-2\",\"url\":\"https:\\\/\\\/www.terraaquatica.com\\\/es\\\/solucion-de-abonos-minerales-completos-es\\\/dualpart-2\",\"name\":\"DUALPART\u00ae - Terra Aquatica\",\"isPartOf\":{\"@id\":\"https:\\\/\\\/www.terraaquatica.com\\\/#website\"},\"primaryImageOfPage\":{\"@id\":\"https:\\\/\\\/www.terraaquatica.com\\\/es\\\/solucion-de-abonos-minerales-completos-es\\\/dualpart-2#primaryimage\"},\"image\":{\"@id\":\"https:\\\/\\\/www.terraaquatica.com\\\/es\\\/solucion-de-abonos-minerales-completos-es\\\/dualpart-2#primaryimage\"},\"thumbnailUrl\":\"https:\\\/\\\/www.terraaquatica.com\\\/wp-content\\\/uploads\\\/2020\\\/03\\\/dualpart-bloom-et-grow_1l-fond-blanc-720.jpg\",\"datePublished\":\"2018-03-26T12:43:39+00:00\",\"dateModified\":\"2025-06-05T15:48:56+00:00\",\"breadcrumb\":{\"@id\":\"https:\\\/\\\/www.terraaquatica.com\\\/es\\\/solucion-de-abonos-minerales-completos-es\\\/dualpart-2#breadcrumb\"},\"inLanguage\":\"es\",\"potentialAction\":[{\"@type\":\"ReadAction\",\"target\":[\"https:\\\/\\\/www.terraaquatica.com\\\/es\\\/solucion-de-abonos-minerales-completos-es\\\/dualpart-2\"]}]},{\"@type\":\"ImageObject\",\"inLanguage\":\"es\",\"@id\":\"https:\\\/\\\/www.terraaquatica.com\\\/es\\\/solucion-de-abonos-minerales-completos-es\\\/dualpart-2#primaryimage\",\"url\":\"https:\\\/\\\/www.terraaquatica.com\\\/wp-content\\\/uploads\\\/2020\\\/03\\\/dualpart-bloom-et-grow_1l-fond-blanc-720.jpg\",\"contentUrl\":\"https:\\\/\\\/www.terraaquatica.com\\\/wp-content\\\/uploads\\\/2020\\\/03\\\/dualpart-bloom-et-grow_1l-fond-blanc-720.jpg\",\"width\":720,\"height\":720,\"caption\":\"DualPart Grow - Bloom 1L\"},{\"@type\":\"BreadcrumbList\",\"@id\":\"https:\\\/\\\/www.terraaquatica.com\\\/es\\\/solucion-de-abonos-minerales-completos-es\\\/dualpart-2#breadcrumb\",\"itemListElement\":[{\"@type\":\"ListItem\",\"position\":1,\"name\":\"Accueil\",\"item\":\"https:\\\/\\\/www.terraaquatica.com\\\/es\\\/\"},{\"@type\":\"ListItem\",\"position\":2,\"name\":\"Products\",\"item\":\"https:\\\/\\\/www.terraaquatica.com\\\/es\\\/product\\\/\"},{\"@type\":\"ListItem\",\"position\":3,\"name\":\"DUALPART\u00ae\"}]},{\"@type\":\"WebSite\",\"@id\":\"https:\\\/\\\/www.terraaquatica.com\\\/#website\",\"url\":\"https:\\\/\\\/www.terraaquatica.com\\\/\",\"name\":\"Terra Aquatica\",\"description\":\"Engrais et syst\u00e8mes de culture depuis 1995\",\"publisher\":{\"@id\":\"https:\\\/\\\/www.terraaquatica.com\\\/#organization\"},\"potentialAction\":[{\"@type\":\"SearchAction\",\"target\":{\"@type\":\"EntryPoint\",\"urlTemplate\":\"https:\\\/\\\/www.terraaquatica.com\\\/?s={search_term_string}\"},\"query-input\":{\"@type\":\"PropertyValueSpecification\",\"valueRequired\":true,\"valueName\":\"search_term_string\"}}],\"inLanguage\":\"es\"},{\"@type\":\"Organization\",\"@id\":\"https:\\\/\\\/www.terraaquatica.com\\\/#organization\",\"name\":\"Terra Aquatica\",\"url\":\"https:\\\/\\\/www.terraaquatica.com\\\/\",\"logo\":{\"@type\":\"ImageObject\",\"inLanguage\":\"es\",\"@id\":\"https:\\\/\\\/www.terraaquatica.com\\\/#\\\/schema\\\/logo\\\/image\\\/\",\"url\":\"https:\\\/\\\/www.terraaquatica.com\\\/wp-content\\\/uploads\\\/2022\\\/03\\\/favicon-transpa-big.png\",\"contentUrl\":\"https:\\\/\\\/www.terraaquatica.com\\\/wp-content\\\/uploads\\\/2022\\\/03\\\/favicon-transpa-big.png\",\"width\":512,\"height\":512,\"caption\":\"Terra Aquatica\"},\"image\":{\"@id\":\"https:\\\/\\\/www.terraaquatica.com\\\/#\\\/schema\\\/logo\\\/image\\\/\"}}]}<\/script>\n<!-- \/ Yoast SEO plugin. -->","yoast_head_json":{"title":"DUALPART\u00ae - Terra Aquatica","robots":{"index":"index","follow":"follow","max-snippet":"max-snippet:-1","max-image-preview":"max-image-preview:large","max-video-preview":"max-video-preview:-1"},"canonical":"https:\/\/www.terraaquatica.com\/es\/solucion-de-abonos-minerales-completos-es\/dualpart-2\/","og_locale":"es_ES","og_type":"article","og_title":"DUALPART\u00ae - Terra Aquatica","og_description":"Lo \u00faltimo en nutrientes en 2 partes: inspirado por el \u00e9xito de ventas de TriPart\u00ae, DualPart\u00ae ofrece el mejor equilibrio [&hellip;]","og_url":"https:\/\/www.terraaquatica.com\/es\/solucion-de-abonos-minerales-completos-es\/dualpart-2","og_site_name":"Terra Aquatica","article_modified_time":"2025-06-05T15:48:56+00:00","og_image":[{"width":720,"height":720,"url":"https:\/\/www.terraaquatica.com\/wp-content\/uploads\/2020\/03\/dualpart-bloom-et-grow_1l-fond-blanc-720.jpg","type":"image\/jpeg"}],"twitter_card":"summary_large_image","twitter_misc":{"Tiempo de lectura":"2 minutos"},"schema":{"@context":"https:\/\/schema.org","@graph":[{"@type":"WebPage","@id":"https:\/\/www.terraaquatica.com\/es\/solucion-de-abonos-minerales-completos-es\/dualpart-2","url":"https:\/\/www.terraaquatica.com\/es\/solucion-de-abonos-minerales-completos-es\/dualpart-2","name":"DUALPART\u00ae - Terra Aquatica","isPartOf":{"@id":"https:\/\/www.terraaquatica.com\/#website"},"primaryImageOfPage":{"@id":"https:\/\/www.terraaquatica.com\/es\/solucion-de-abonos-minerales-completos-es\/dualpart-2#primaryimage"},"image":{"@id":"https:\/\/www.terraaquatica.com\/es\/solucion-de-abonos-minerales-completos-es\/dualpart-2#primaryimage"},"thumbnailUrl":"https:\/\/www.terraaquatica.com\/wp-content\/uploads\/2020\/03\/dualpart-bloom-et-grow_1l-fond-blanc-720.jpg","datePublished":"2018-03-26T12:43:39+00:00","dateModified":"2025-06-05T15:48:56+00:00","breadcrumb":{"@id":"https:\/\/www.terraaquatica.com\/es\/solucion-de-abonos-minerales-completos-es\/dualpart-2#breadcrumb"},"inLanguage":"es","potentialAction":[{"@type":"ReadAction","target":["https:\/\/www.terraaquatica.com\/es\/solucion-de-abonos-minerales-completos-es\/dualpart-2"]}]},{"@type":"ImageObject","inLanguage":"es","@id":"https:\/\/www.terraaquatica.com\/es\/solucion-de-abonos-minerales-completos-es\/dualpart-2#primaryimage","url":"https:\/\/www.terraaquatica.com\/wp-content\/uploads\/2020\/03\/dualpart-bloom-et-grow_1l-fond-blanc-720.jpg","contentUrl":"https:\/\/www.terraaquatica.com\/wp-content\/uploads\/2020\/03\/dualpart-bloom-et-grow_1l-fond-blanc-720.jpg","width":720,"height":720,"caption":"DualPart Grow - Bloom 1L"},{"@type":"BreadcrumbList","@id":"https:\/\/www.terraaquatica.com\/es\/solucion-de-abonos-minerales-completos-es\/dualpart-2#breadcrumb","itemListElement":[{"@type":"ListItem","position":1,"name":"Accueil","item":"https:\/\/www.terraaquatica.com\/es\/"},{"@type":"ListItem","position":2,"name":"Products","item":"https:\/\/www.terraaquatica.com\/es\/product\/"},{"@type":"ListItem","position":3,"name":"DUALPART\u00ae"}]},{"@type":"WebSite","@id":"https:\/\/www.terraaquatica.com\/#website","url":"https:\/\/www.terraaquatica.com\/","name":"Terra Aquatica","description":"Engrais et syst\u00e8mes de culture depuis 1995","publisher":{"@id":"https:\/\/www.terraaquatica.com\/#organization"},"potentialAction":[{"@type":"SearchAction","target":{"@type":"EntryPoint","urlTemplate":"https:\/\/www.terraaquatica.com\/?s={search_term_string}"},"query-input":{"@type":"PropertyValueSpecification","valueRequired":true,"valueName":"search_term_string"}}],"inLanguage":"es"},{"@type":"Organization","@id":"https:\/\/www.terraaquatica.com\/#organization","name":"Terra Aquatica","url":"https:\/\/www.terraaquatica.com\/","logo":{"@type":"ImageObject","inLanguage":"es","@id":"https:\/\/www.terraaquatica.com\/#\/schema\/logo\/image\/","url":"https:\/\/www.terraaquatica.com\/wp-content\/uploads\/2022\/03\/favicon-transpa-big.png","contentUrl":"https:\/\/www.terraaquatica.com\/wp-content\/uploads\/2022\/03\/favicon-transpa-big.png","width":512,"height":512,"caption":"Terra Aquatica"},"image":{"@id":"https:\/\/www.terraaquatica.com\/#\/schema\/logo\/image\/"}}]}},"_links":{"self":[{"href":"https:\/\/www.terraaquatica.com\/es\/wp-json\/wp\/v2\/product\/1789","targetHints":{"allow":["GET"]}}],"collection":[{"href":"https:\/\/www.terraaquatica.com\/es\/wp-json\/wp\/v2\/product"}],"about":[{"href":"https:\/\/www.terraaquatica.com\/es\/wp-json\/wp\/v2\/types\/product"}],"author":[{"embeddable":true,"href":"https:\/\/www.terraaquatica.com\/es\/wp-json\/wp\/v2\/users\/3"}],"wp:featuredmedia":[{"embeddable":true,"href":"https:\/\/www.terraaquatica.com\/es\/wp-json\/wp\/v2\/media\/1646"}],"wp:attachment":[{"href":"https:\/\/www.terraaquatica.com\/es\/wp-json\/wp\/v2\/media?parent=1789"}],"wp:term":[{"taxonomy":"m_thode_de_culture","embeddable":true,"href":"https:\/\/www.terraaquatica.com\/es\/wp-json\/wp\/v2\/m_thode_de_culture?post=1789"},{"taxonomy":"substrat","embeddable":true,"href":"https:\/\/www.terraaquatica.com\/es\/wp-json\/wp\/v2\/substrat?post=1789"},{"taxonomy":"product_category","embeddable":true,"href":"https:\/\/www.terraaquatica.com\/es\/wp-json\/wp\/v2\/product_category?post=1789"}],"curies":[{"name":"wp","href":"https:\/\/api.w.org\/{rel}","templated":true}]}}