{"id":1790,"date":"2018-03-26T14:54:19","date_gmt":"2018-03-26T12:54:19","guid":{"rendered":"https:\/\/www.terraaquatica.com\/produits\/floracoco-html\/"},"modified":"2023-09-21T08:38:50","modified_gmt":"2023-09-21T06:38:50","slug":"dualpart-coco","status":"publish","type":"product","link":"https:\/\/www.terraaquatica.com\/es\/solucion-de-abonos-minerales-completos-es\/dualpart-coco","title":{"rendered":"DualPart\u00ae Coco"},"content":{"rendered":"<p><a href=\"http:\/\/www.terraaquatica.com\/\" target=\"_blank\" rel=\"noopener\"><img decoding=\"async\" class=\" alignleft size-full wp-image-1616\" style=\"opacity: 0.9; float: left; width: 250px; height: 250px;\" src=\"https:\/\/www.terraaquatica.com\/wp-content\/uploads\/2017\/06\/colerette.png\" alt=\"\"><\/a>A diferencia de otras marcas l\u00edderes, Terra Aquatica DualPart\u00ae Coco no necesita aditivos para cumplir con su trabajo exitosamente desde la semilla hasta la floraci\u00f3n: otros nutrientes en 2 partes espec\u00edficos para coco requieren adem\u00e1s CalMag y potenciadores del PK, as\u00ed como dos botes de nutrientes para el crecimiento y dos para la floraci\u00f3n. Con DualPart\u00ae Coco no es as\u00ed : \u00a1dos botes son todo lo que necesitar\u00e1!<\/p>\n<p>DualPart\u00ae Coco es excepcionalmente rica en calcio y magnesio, pero tambi\u00e9n incluye toda la gama de los otros elementos que las plantas necesitan para un crecimiento saludable y vigoroso, seguido de una floraci\u00f3n y fructificaci\u00f3n abundantes. Esto incluye oligoelementos, que dan al producto final todo el aroma y sabor que su planta es capaz de desarrollar.<\/p>\n<p>Como habitualmente se hace con la mayor\u00eda de nuestros nutrientes, utilice tanto DualPart\u00ae Coco Grow como Bloom a lo largo del ciclo vital de sus plantas; solamente debe variar la proporci\u00f3n entre ambos productos a medida que sus plantas progresan : no es necesario adquirir un segundo bote a la hora de pasar del crecimiento a la floraci\u00f3n.<\/p>\n<div><\/div>\n","protected":false},"author":3,"template":"","meta":{"_acf_changed":false},"m_thode_de_culture":[31],"substrat":[299],"product_category":[275],"class_list":["post-1790","product","type-product","status-publish","has-post-thumbnail","hentry","m_thode_de_culture-mineral-en","substrat-coco","product_category-solucion-de-abonos-minerales-completos-es"],"acf":[],"yoast_head":"<!-- This site is optimized with the Yoast SEO plugin v27.3 - https:\/\/yoast.com\/product\/yoast-seo-wordpress\/ -->\n<title>DualPart\u00ae Coco - Terra Aquatica<\/title>\n<meta name=\"robots\" content=\"index, follow, max-snippet:-1, max-image-preview:large, max-video-preview:-1\" \/>\n<link rel=\"canonical\" href=\"https:\/\/www.terraaquatica.com\/es\/solucion-de-abonos-minerales-completos-es\/dualpart-coco\/\" \/>\n<meta property=\"og:locale\" content=\"es_ES\" \/>\n<meta property=\"og:type\" content=\"article\" \/>\n<meta property=\"og:title\" content=\"DualPart\u00ae Coco - Terra Aquatica\" \/>\n<meta property=\"og:description\" content=\"A diferencia de otras marcas l\u00edderes, Terra Aquatica DualPart\u00ae Coco no necesita aditivos para cumplir con su trabajo exitosamente desde [&hellip;]\" \/>\n<meta property=\"og:url\" content=\"https:\/\/www.terraaquatica.com\/es\/solucion-de-abonos-minerales-completos-es\/dualpart-coco\" \/>\n<meta property=\"og:site_name\" content=\"Terra Aquatica\" \/>\n<meta property=\"article:modified_time\" content=\"2023-09-21T06:38:50+00:00\" \/>\n<meta property=\"og:image\" content=\"https:\/\/www.terraaquatica.com\/wp-content\/uploads\/2020\/03\/dualpart-coco-grow-et-bloom_1l-fond-blanc-720.jpg\" \/>\n\t<meta property=\"og:image:width\" content=\"720\" \/>\n\t<meta property=\"og:image:height\" content=\"720\" \/>\n\t<meta property=\"og:image:type\" content=\"image\/jpeg\" \/>\n<meta name=\"twitter:card\" content=\"summary_large_image\" \/>\n<meta name=\"twitter:label1\" content=\"Tiempo de lectura\" \/>\n\t<meta name=\"twitter:data1\" content=\"1 minuto\" \/>\n<script type=\"application\/ld+json\" class=\"yoast-schema-graph\">{\"@context\":\"https:\\\/\\\/schema.org\",\"@graph\":[{\"@type\":\"WebPage\",\"@id\":\"https:\\\/\\\/www.terraaquatica.com\\\/es\\\/solucion-de-abonos-minerales-completos-es\\\/dualpart-coco\",\"url\":\"https:\\\/\\\/www.terraaquatica.com\\\/es\\\/solucion-de-abonos-minerales-completos-es\\\/dualpart-coco\",\"name\":\"DualPart\u00ae Coco - Terra Aquatica\",\"isPartOf\":{\"@id\":\"https:\\\/\\\/www.terraaquatica.com\\\/#website\"},\"primaryImageOfPage\":{\"@id\":\"https:\\\/\\\/www.terraaquatica.com\\\/es\\\/solucion-de-abonos-minerales-completos-es\\\/dualpart-coco#primaryimage\"},\"image\":{\"@id\":\"https:\\\/\\\/www.terraaquatica.com\\\/es\\\/solucion-de-abonos-minerales-completos-es\\\/dualpart-coco#primaryimage\"},\"thumbnailUrl\":\"https:\\\/\\\/www.terraaquatica.com\\\/wp-content\\\/uploads\\\/2020\\\/03\\\/dualpart-coco-grow-et-bloom_1l-fond-blanc-720.jpg\",\"datePublished\":\"2018-03-26T12:54:19+00:00\",\"dateModified\":\"2023-09-21T06:38:50+00:00\",\"breadcrumb\":{\"@id\":\"https:\\\/\\\/www.terraaquatica.com\\\/es\\\/solucion-de-abonos-minerales-completos-es\\\/dualpart-coco#breadcrumb\"},\"inLanguage\":\"es\",\"potentialAction\":[{\"@type\":\"ReadAction\",\"target\":[\"https:\\\/\\\/www.terraaquatica.com\\\/es\\\/solucion-de-abonos-minerales-completos-es\\\/dualpart-coco\"]}]},{\"@type\":\"ImageObject\",\"inLanguage\":\"es\",\"@id\":\"https:\\\/\\\/www.terraaquatica.com\\\/es\\\/solucion-de-abonos-minerales-completos-es\\\/dualpart-coco#primaryimage\",\"url\":\"https:\\\/\\\/www.terraaquatica.com\\\/wp-content\\\/uploads\\\/2020\\\/03\\\/dualpart-coco-grow-et-bloom_1l-fond-blanc-720.jpg\",\"contentUrl\":\"https:\\\/\\\/www.terraaquatica.com\\\/wp-content\\\/uploads\\\/2020\\\/03\\\/dualpart-coco-grow-et-bloom_1l-fond-blanc-720.jpg\",\"width\":720,\"height\":720,\"caption\":\"DualPart\u00ae Coco Grow - Bloom\"},{\"@type\":\"BreadcrumbList\",\"@id\":\"https:\\\/\\\/www.terraaquatica.com\\\/es\\\/solucion-de-abonos-minerales-completos-es\\\/dualpart-coco#breadcrumb\",\"itemListElement\":[{\"@type\":\"ListItem\",\"position\":1,\"name\":\"Accueil\",\"item\":\"https:\\\/\\\/www.terraaquatica.com\\\/es\\\/\"},{\"@type\":\"ListItem\",\"position\":2,\"name\":\"Products\",\"item\":\"https:\\\/\\\/www.terraaquatica.com\\\/es\\\/product\\\/\"},{\"@type\":\"ListItem\",\"position\":3,\"name\":\"DualPart\u00ae Coco\"}]},{\"@type\":\"WebSite\",\"@id\":\"https:\\\/\\\/www.terraaquatica.com\\\/#website\",\"url\":\"https:\\\/\\\/www.terraaquatica.com\\\/\",\"name\":\"Terra Aquatica\",\"description\":\"Engrais et syst\u00e8mes de culture depuis 1995\",\"publisher\":{\"@id\":\"https:\\\/\\\/www.terraaquatica.com\\\/#organization\"},\"potentialAction\":[{\"@type\":\"SearchAction\",\"target\":{\"@type\":\"EntryPoint\",\"urlTemplate\":\"https:\\\/\\\/www.terraaquatica.com\\\/?s={search_term_string}\"},\"query-input\":{\"@type\":\"PropertyValueSpecification\",\"valueRequired\":true,\"valueName\":\"search_term_string\"}}],\"inLanguage\":\"es\"},{\"@type\":\"Organization\",\"@id\":\"https:\\\/\\\/www.terraaquatica.com\\\/#organization\",\"name\":\"Terra Aquatica\",\"url\":\"https:\\\/\\\/www.terraaquatica.com\\\/\",\"logo\":{\"@type\":\"ImageObject\",\"inLanguage\":\"es\",\"@id\":\"https:\\\/\\\/www.terraaquatica.com\\\/#\\\/schema\\\/logo\\\/image\\\/\",\"url\":\"https:\\\/\\\/www.terraaquatica.com\\\/wp-content\\\/uploads\\\/2022\\\/03\\\/favicon-transpa-big.png\",\"contentUrl\":\"https:\\\/\\\/www.terraaquatica.com\\\/wp-content\\\/uploads\\\/2022\\\/03\\\/favicon-transpa-big.png\",\"width\":512,\"height\":512,\"caption\":\"Terra Aquatica\"},\"image\":{\"@id\":\"https:\\\/\\\/www.terraaquatica.com\\\/#\\\/schema\\\/logo\\\/image\\\/\"}}]}<\/script>\n<!-- \/ Yoast SEO plugin. -->","yoast_head_json":{"title":"DualPart\u00ae Coco - Terra Aquatica","robots":{"index":"index","follow":"follow","max-snippet":"max-snippet:-1","max-image-preview":"max-image-preview:large","max-video-preview":"max-video-preview:-1"},"canonical":"https:\/\/www.terraaquatica.com\/es\/solucion-de-abonos-minerales-completos-es\/dualpart-coco\/","og_locale":"es_ES","og_type":"article","og_title":"DualPart\u00ae Coco - Terra Aquatica","og_description":"A diferencia de otras marcas l\u00edderes, Terra Aquatica DualPart\u00ae Coco no necesita aditivos para cumplir con su trabajo exitosamente desde [&hellip;]","og_url":"https:\/\/www.terraaquatica.com\/es\/solucion-de-abonos-minerales-completos-es\/dualpart-coco","og_site_name":"Terra Aquatica","article_modified_time":"2023-09-21T06:38:50+00:00","og_image":[{"width":720,"height":720,"url":"https:\/\/www.terraaquatica.com\/wp-content\/uploads\/2020\/03\/dualpart-coco-grow-et-bloom_1l-fond-blanc-720.jpg","type":"image\/jpeg"}],"twitter_card":"summary_large_image","twitter_misc":{"Tiempo de lectura":"1 minuto"},"schema":{"@context":"https:\/\/schema.org","@graph":[{"@type":"WebPage","@id":"https:\/\/www.terraaquatica.com\/es\/solucion-de-abonos-minerales-completos-es\/dualpart-coco","url":"https:\/\/www.terraaquatica.com\/es\/solucion-de-abonos-minerales-completos-es\/dualpart-coco","name":"DualPart\u00ae Coco - Terra Aquatica","isPartOf":{"@id":"https:\/\/www.terraaquatica.com\/#website"},"primaryImageOfPage":{"@id":"https:\/\/www.terraaquatica.com\/es\/solucion-de-abonos-minerales-completos-es\/dualpart-coco#primaryimage"},"image":{"@id":"https:\/\/www.terraaquatica.com\/es\/solucion-de-abonos-minerales-completos-es\/dualpart-coco#primaryimage"},"thumbnailUrl":"https:\/\/www.terraaquatica.com\/wp-content\/uploads\/2020\/03\/dualpart-coco-grow-et-bloom_1l-fond-blanc-720.jpg","datePublished":"2018-03-26T12:54:19+00:00","dateModified":"2023-09-21T06:38:50+00:00","breadcrumb":{"@id":"https:\/\/www.terraaquatica.com\/es\/solucion-de-abonos-minerales-completos-es\/dualpart-coco#breadcrumb"},"inLanguage":"es","potentialAction":[{"@type":"ReadAction","target":["https:\/\/www.terraaquatica.com\/es\/solucion-de-abonos-minerales-completos-es\/dualpart-coco"]}]},{"@type":"ImageObject","inLanguage":"es","@id":"https:\/\/www.terraaquatica.com\/es\/solucion-de-abonos-minerales-completos-es\/dualpart-coco#primaryimage","url":"https:\/\/www.terraaquatica.com\/wp-content\/uploads\/2020\/03\/dualpart-coco-grow-et-bloom_1l-fond-blanc-720.jpg","contentUrl":"https:\/\/www.terraaquatica.com\/wp-content\/uploads\/2020\/03\/dualpart-coco-grow-et-bloom_1l-fond-blanc-720.jpg","width":720,"height":720,"caption":"DualPart\u00ae Coco Grow - Bloom"},{"@type":"BreadcrumbList","@id":"https:\/\/www.terraaquatica.com\/es\/solucion-de-abonos-minerales-completos-es\/dualpart-coco#breadcrumb","itemListElement":[{"@type":"ListItem","position":1,"name":"Accueil","item":"https:\/\/www.terraaquatica.com\/es\/"},{"@type":"ListItem","position":2,"name":"Products","item":"https:\/\/www.terraaquatica.com\/es\/product\/"},{"@type":"ListItem","position":3,"name":"DualPart\u00ae Coco"}]},{"@type":"WebSite","@id":"https:\/\/www.terraaquatica.com\/#website","url":"https:\/\/www.terraaquatica.com\/","name":"Terra Aquatica","description":"Engrais et syst\u00e8mes de culture depuis 1995","publisher":{"@id":"https:\/\/www.terraaquatica.com\/#organization"},"potentialAction":[{"@type":"SearchAction","target":{"@type":"EntryPoint","urlTemplate":"https:\/\/www.terraaquatica.com\/?s={search_term_string}"},"query-input":{"@type":"PropertyValueSpecification","valueRequired":true,"valueName":"search_term_string"}}],"inLanguage":"es"},{"@type":"Organization","@id":"https:\/\/www.terraaquatica.com\/#organization","name":"Terra Aquatica","url":"https:\/\/www.terraaquatica.com\/","logo":{"@type":"ImageObject","inLanguage":"es","@id":"https:\/\/www.terraaquatica.com\/#\/schema\/logo\/image\/","url":"https:\/\/www.terraaquatica.com\/wp-content\/uploads\/2022\/03\/favicon-transpa-big.png","contentUrl":"https:\/\/www.terraaquatica.com\/wp-content\/uploads\/2022\/03\/favicon-transpa-big.png","width":512,"height":512,"caption":"Terra Aquatica"},"image":{"@id":"https:\/\/www.terraaquatica.com\/#\/schema\/logo\/image\/"}}]}},"_links":{"self":[{"href":"https:\/\/www.terraaquatica.com\/es\/wp-json\/wp\/v2\/product\/1790","targetHints":{"allow":["GET"]}}],"collection":[{"href":"https:\/\/www.terraaquatica.com\/es\/wp-json\/wp\/v2\/product"}],"about":[{"href":"https:\/\/www.terraaquatica.com\/es\/wp-json\/wp\/v2\/types\/product"}],"author":[{"embeddable":true,"href":"https:\/\/www.terraaquatica.com\/es\/wp-json\/wp\/v2\/users\/3"}],"wp:featuredmedia":[{"embeddable":true,"href":"https:\/\/www.terraaquatica.com\/es\/wp-json\/wp\/v2\/media\/1777"}],"wp:attachment":[{"href":"https:\/\/www.terraaquatica.com\/es\/wp-json\/wp\/v2\/media?parent=1790"}],"wp:term":[{"taxonomy":"m_thode_de_culture","embeddable":true,"href":"https:\/\/www.terraaquatica.com\/es\/wp-json\/wp\/v2\/m_thode_de_culture?post=1790"},{"taxonomy":"substrat","embeddable":true,"href":"https:\/\/www.terraaquatica.com\/es\/wp-json\/wp\/v2\/substrat?post=1790"},{"taxonomy":"product_category","embeddable":true,"href":"https:\/\/www.terraaquatica.com\/es\/wp-json\/wp\/v2\/product_category?post=1790"}],"curies":[{"name":"wp","href":"https:\/\/api.w.org\/{rel}","templated":true}]}}