{"id":1791,"date":"2018-03-26T15:17:12","date_gmt":"2018-03-26T13:17:12","guid":{"rendered":"https:\/\/www.terraaquatica.com\/produits\/novamax-html-2\/"},"modified":"2023-08-03T16:34:20","modified_gmt":"2023-08-03T14:34:20","slug":"novamax","status":"publish","type":"product","link":"https:\/\/www.terraaquatica.com\/es\/solucion-de-abonos-minerales-completos-es\/novamax","title":{"rendered":"NovaMax\u00ae"},"content":{"rendered":"<p><em>El nutriente l\u00edquido en 1 parte m\u00e1s altamente concentrado disponible en el mercado.<\/em><\/p>\n<p>NovaMax\u00ae representa un paso adelante en la tecnolog\u00eda de fertilizantes, ofreciendo a los usuarios la potencia de un concentrado seco y la facilidad que supone uno l\u00edquido con una VERDADERA f\u00f3rmula en 1 parte : un bote para el crecimiento y otro para la floraci\u00f3n. No es necesario ning\u00fan otro aditivo como CalMag, PK u oligoelementos para asegurar un crecimiento saludable.<\/p>\n<p>Concentramos nuestra exclusiva f\u00f3rmula de minerales altamente purificados y de aditivos naturales, incluyendo extractos h\u00famicos, utilizando tecnolog\u00eda patentada : con tan s\u00f3lo una peque\u00f1a cantidad de NovaMax\u00ae puede usted abarcar mucho y funciona a la perfecci\u00f3n con cualquier tipo de planta.<\/p>\n","protected":false},"author":3,"template":"","meta":{"_acf_changed":false},"m_thode_de_culture":[31],"substrat":[299,300,301],"product_category":[275],"class_list":["post-1791","product","type-product","status-publish","has-post-thumbnail","hentry","m_thode_de_culture-mineral-en","substrat-coco","substrat-hydro","substrat-soil","product_category-solucion-de-abonos-minerales-completos-es"],"acf":[],"yoast_head":"<!-- This site is optimized with the Yoast SEO plugin v27.3 - https:\/\/yoast.com\/product\/yoast-seo-wordpress\/ -->\n<title>NovaMax\u00ae - Terra Aquatica<\/title>\n<meta name=\"robots\" content=\"index, follow, max-snippet:-1, max-image-preview:large, max-video-preview:-1\" \/>\n<link rel=\"canonical\" href=\"https:\/\/www.terraaquatica.com\/es\/solucion-de-abonos-minerales-completos-es\/novamax\/\" \/>\n<meta property=\"og:locale\" content=\"es_ES\" \/>\n<meta property=\"og:type\" content=\"article\" \/>\n<meta property=\"og:title\" content=\"NovaMax\u00ae - Terra Aquatica\" \/>\n<meta property=\"og:description\" content=\"El nutriente l\u00edquido en 1 parte m\u00e1s altamente concentrado disponible en el mercado. NovaMax\u00ae representa un paso adelante en la [&hellip;]\" \/>\n<meta property=\"og:url\" content=\"https:\/\/www.terraaquatica.com\/es\/solucion-de-abonos-minerales-completos-es\/novamax\" \/>\n<meta property=\"og:site_name\" content=\"Terra Aquatica\" \/>\n<meta property=\"article:modified_time\" content=\"2023-08-03T14:34:20+00:00\" \/>\n<meta property=\"og:image\" content=\"https:\/\/www.terraaquatica.com\/wp-content\/uploads\/2020\/10\/novamax-1l.jpg\" \/>\n\t<meta property=\"og:image:width\" content=\"657\" \/>\n\t<meta property=\"og:image:height\" content=\"800\" \/>\n\t<meta property=\"og:image:type\" content=\"image\/jpeg\" \/>\n<meta name=\"twitter:card\" content=\"summary_large_image\" \/>\n<meta name=\"twitter:label1\" content=\"Tiempo de lectura\" \/>\n\t<meta name=\"twitter:data1\" content=\"1 minuto\" \/>\n<script type=\"application\/ld+json\" class=\"yoast-schema-graph\">{\"@context\":\"https:\\\/\\\/schema.org\",\"@graph\":[{\"@type\":\"WebPage\",\"@id\":\"https:\\\/\\\/www.terraaquatica.com\\\/es\\\/solucion-de-abonos-minerales-completos-es\\\/novamax\",\"url\":\"https:\\\/\\\/www.terraaquatica.com\\\/es\\\/solucion-de-abonos-minerales-completos-es\\\/novamax\",\"name\":\"NovaMax\u00ae - Terra Aquatica\",\"isPartOf\":{\"@id\":\"https:\\\/\\\/www.terraaquatica.com\\\/#website\"},\"primaryImageOfPage\":{\"@id\":\"https:\\\/\\\/www.terraaquatica.com\\\/es\\\/solucion-de-abonos-minerales-completos-es\\\/novamax#primaryimage\"},\"image\":{\"@id\":\"https:\\\/\\\/www.terraaquatica.com\\\/es\\\/solucion-de-abonos-minerales-completos-es\\\/novamax#primaryimage\"},\"thumbnailUrl\":\"https:\\\/\\\/www.terraaquatica.com\\\/wp-content\\\/uploads\\\/2020\\\/10\\\/novamax-1l.jpg\",\"datePublished\":\"2018-03-26T13:17:12+00:00\",\"dateModified\":\"2023-08-03T14:34:20+00:00\",\"breadcrumb\":{\"@id\":\"https:\\\/\\\/www.terraaquatica.com\\\/es\\\/solucion-de-abonos-minerales-completos-es\\\/novamax#breadcrumb\"},\"inLanguage\":\"es\",\"potentialAction\":[{\"@type\":\"ReadAction\",\"target\":[\"https:\\\/\\\/www.terraaquatica.com\\\/es\\\/solucion-de-abonos-minerales-completos-es\\\/novamax\"]}]},{\"@type\":\"ImageObject\",\"inLanguage\":\"es\",\"@id\":\"https:\\\/\\\/www.terraaquatica.com\\\/es\\\/solucion-de-abonos-minerales-completos-es\\\/novamax#primaryimage\",\"url\":\"https:\\\/\\\/www.terraaquatica.com\\\/wp-content\\\/uploads\\\/2020\\\/10\\\/novamax-1l.jpg\",\"contentUrl\":\"https:\\\/\\\/www.terraaquatica.com\\\/wp-content\\\/uploads\\\/2020\\\/10\\\/novamax-1l.jpg\",\"width\":657,\"height\":800,\"caption\":\"novamax-1l\"},{\"@type\":\"BreadcrumbList\",\"@id\":\"https:\\\/\\\/www.terraaquatica.com\\\/es\\\/solucion-de-abonos-minerales-completos-es\\\/novamax#breadcrumb\",\"itemListElement\":[{\"@type\":\"ListItem\",\"position\":1,\"name\":\"Accueil\",\"item\":\"https:\\\/\\\/www.terraaquatica.com\\\/es\\\/\"},{\"@type\":\"ListItem\",\"position\":2,\"name\":\"Products\",\"item\":\"https:\\\/\\\/www.terraaquatica.com\\\/es\\\/product\\\/\"},{\"@type\":\"ListItem\",\"position\":3,\"name\":\"NovaMax\u00ae\"}]},{\"@type\":\"WebSite\",\"@id\":\"https:\\\/\\\/www.terraaquatica.com\\\/#website\",\"url\":\"https:\\\/\\\/www.terraaquatica.com\\\/\",\"name\":\"Terra Aquatica\",\"description\":\"Engrais et syst\u00e8mes de culture depuis 1995\",\"publisher\":{\"@id\":\"https:\\\/\\\/www.terraaquatica.com\\\/#organization\"},\"potentialAction\":[{\"@type\":\"SearchAction\",\"target\":{\"@type\":\"EntryPoint\",\"urlTemplate\":\"https:\\\/\\\/www.terraaquatica.com\\\/?s={search_term_string}\"},\"query-input\":{\"@type\":\"PropertyValueSpecification\",\"valueRequired\":true,\"valueName\":\"search_term_string\"}}],\"inLanguage\":\"es\"},{\"@type\":\"Organization\",\"@id\":\"https:\\\/\\\/www.terraaquatica.com\\\/#organization\",\"name\":\"Terra Aquatica\",\"url\":\"https:\\\/\\\/www.terraaquatica.com\\\/\",\"logo\":{\"@type\":\"ImageObject\",\"inLanguage\":\"es\",\"@id\":\"https:\\\/\\\/www.terraaquatica.com\\\/#\\\/schema\\\/logo\\\/image\\\/\",\"url\":\"https:\\\/\\\/www.terraaquatica.com\\\/wp-content\\\/uploads\\\/2022\\\/03\\\/favicon-transpa-big.png\",\"contentUrl\":\"https:\\\/\\\/www.terraaquatica.com\\\/wp-content\\\/uploads\\\/2022\\\/03\\\/favicon-transpa-big.png\",\"width\":512,\"height\":512,\"caption\":\"Terra Aquatica\"},\"image\":{\"@id\":\"https:\\\/\\\/www.terraaquatica.com\\\/#\\\/schema\\\/logo\\\/image\\\/\"}}]}<\/script>\n<!-- \/ Yoast SEO plugin. -->","yoast_head_json":{"title":"NovaMax\u00ae - Terra Aquatica","robots":{"index":"index","follow":"follow","max-snippet":"max-snippet:-1","max-image-preview":"max-image-preview:large","max-video-preview":"max-video-preview:-1"},"canonical":"https:\/\/www.terraaquatica.com\/es\/solucion-de-abonos-minerales-completos-es\/novamax\/","og_locale":"es_ES","og_type":"article","og_title":"NovaMax\u00ae - Terra Aquatica","og_description":"El nutriente l\u00edquido en 1 parte m\u00e1s altamente concentrado disponible en el mercado. NovaMax\u00ae representa un paso adelante en la [&hellip;]","og_url":"https:\/\/www.terraaquatica.com\/es\/solucion-de-abonos-minerales-completos-es\/novamax","og_site_name":"Terra Aquatica","article_modified_time":"2023-08-03T14:34:20+00:00","og_image":[{"width":657,"height":800,"url":"https:\/\/www.terraaquatica.com\/wp-content\/uploads\/2020\/10\/novamax-1l.jpg","type":"image\/jpeg"}],"twitter_card":"summary_large_image","twitter_misc":{"Tiempo de lectura":"1 minuto"},"schema":{"@context":"https:\/\/schema.org","@graph":[{"@type":"WebPage","@id":"https:\/\/www.terraaquatica.com\/es\/solucion-de-abonos-minerales-completos-es\/novamax","url":"https:\/\/www.terraaquatica.com\/es\/solucion-de-abonos-minerales-completos-es\/novamax","name":"NovaMax\u00ae - Terra Aquatica","isPartOf":{"@id":"https:\/\/www.terraaquatica.com\/#website"},"primaryImageOfPage":{"@id":"https:\/\/www.terraaquatica.com\/es\/solucion-de-abonos-minerales-completos-es\/novamax#primaryimage"},"image":{"@id":"https:\/\/www.terraaquatica.com\/es\/solucion-de-abonos-minerales-completos-es\/novamax#primaryimage"},"thumbnailUrl":"https:\/\/www.terraaquatica.com\/wp-content\/uploads\/2020\/10\/novamax-1l.jpg","datePublished":"2018-03-26T13:17:12+00:00","dateModified":"2023-08-03T14:34:20+00:00","breadcrumb":{"@id":"https:\/\/www.terraaquatica.com\/es\/solucion-de-abonos-minerales-completos-es\/novamax#breadcrumb"},"inLanguage":"es","potentialAction":[{"@type":"ReadAction","target":["https:\/\/www.terraaquatica.com\/es\/solucion-de-abonos-minerales-completos-es\/novamax"]}]},{"@type":"ImageObject","inLanguage":"es","@id":"https:\/\/www.terraaquatica.com\/es\/solucion-de-abonos-minerales-completos-es\/novamax#primaryimage","url":"https:\/\/www.terraaquatica.com\/wp-content\/uploads\/2020\/10\/novamax-1l.jpg","contentUrl":"https:\/\/www.terraaquatica.com\/wp-content\/uploads\/2020\/10\/novamax-1l.jpg","width":657,"height":800,"caption":"novamax-1l"},{"@type":"BreadcrumbList","@id":"https:\/\/www.terraaquatica.com\/es\/solucion-de-abonos-minerales-completos-es\/novamax#breadcrumb","itemListElement":[{"@type":"ListItem","position":1,"name":"Accueil","item":"https:\/\/www.terraaquatica.com\/es\/"},{"@type":"ListItem","position":2,"name":"Products","item":"https:\/\/www.terraaquatica.com\/es\/product\/"},{"@type":"ListItem","position":3,"name":"NovaMax\u00ae"}]},{"@type":"WebSite","@id":"https:\/\/www.terraaquatica.com\/#website","url":"https:\/\/www.terraaquatica.com\/","name":"Terra Aquatica","description":"Engrais et syst\u00e8mes de culture depuis 1995","publisher":{"@id":"https:\/\/www.terraaquatica.com\/#organization"},"potentialAction":[{"@type":"SearchAction","target":{"@type":"EntryPoint","urlTemplate":"https:\/\/www.terraaquatica.com\/?s={search_term_string}"},"query-input":{"@type":"PropertyValueSpecification","valueRequired":true,"valueName":"search_term_string"}}],"inLanguage":"es"},{"@type":"Organization","@id":"https:\/\/www.terraaquatica.com\/#organization","name":"Terra Aquatica","url":"https:\/\/www.terraaquatica.com\/","logo":{"@type":"ImageObject","inLanguage":"es","@id":"https:\/\/www.terraaquatica.com\/#\/schema\/logo\/image\/","url":"https:\/\/www.terraaquatica.com\/wp-content\/uploads\/2022\/03\/favicon-transpa-big.png","contentUrl":"https:\/\/www.terraaquatica.com\/wp-content\/uploads\/2022\/03\/favicon-transpa-big.png","width":512,"height":512,"caption":"Terra Aquatica"},"image":{"@id":"https:\/\/www.terraaquatica.com\/#\/schema\/logo\/image\/"}}]}},"_links":{"self":[{"href":"https:\/\/www.terraaquatica.com\/es\/wp-json\/wp\/v2\/product\/1791","targetHints":{"allow":["GET"]}}],"collection":[{"href":"https:\/\/www.terraaquatica.com\/es\/wp-json\/wp\/v2\/product"}],"about":[{"href":"https:\/\/www.terraaquatica.com\/es\/wp-json\/wp\/v2\/types\/product"}],"author":[{"embeddable":true,"href":"https:\/\/www.terraaquatica.com\/es\/wp-json\/wp\/v2\/users\/3"}],"wp:featuredmedia":[{"embeddable":true,"href":"https:\/\/www.terraaquatica.com\/es\/wp-json\/wp\/v2\/media\/1613"}],"wp:attachment":[{"href":"https:\/\/www.terraaquatica.com\/es\/wp-json\/wp\/v2\/media?parent=1791"}],"wp:term":[{"taxonomy":"m_thode_de_culture","embeddable":true,"href":"https:\/\/www.terraaquatica.com\/es\/wp-json\/wp\/v2\/m_thode_de_culture?post=1791"},{"taxonomy":"substrat","embeddable":true,"href":"https:\/\/www.terraaquatica.com\/es\/wp-json\/wp\/v2\/substrat?post=1791"},{"taxonomy":"product_category","embeddable":true,"href":"https:\/\/www.terraaquatica.com\/es\/wp-json\/wp\/v2\/product_category?post=1791"}],"curies":[{"name":"wp","href":"https:\/\/api.w.org\/{rel}","templated":true}]}}