{"id":1794,"date":"2018-03-26T17:14:13","date_gmt":"2018-03-26T15:14:13","guid":{"rendered":"https:\/\/www.terraaquatica.com\/produits\/ripen-html\/"},"modified":"2023-09-25T15:53:24","modified_gmt":"2023-09-25T13:53:24","slug":"finalpart","status":"publish","type":"product","link":"https:\/\/www.terraaquatica.com\/es\/fertilizantes-especificos-suplementos-nutricionales\/finalpart","title":{"rendered":"FINALPART\u00ae"},"content":{"rendered":"<p><a href=\"http:\/\/www.terraaquatica.com\/\" target=\"_blank\" rel=\"noopener\"><img decoding=\"async\" class=\" alignleft size-full wp-image-1616\" alt=\"\" src=\"https:\/\/www.terraaquatica.com\/wp-content\/uploads\/2017\/06\/colerette.png\" style=\"opacity: 0.9; float: left; width: 250px; height: 250px;\"><\/a><em>La mejor opci\u00f3n para finalizar el ciclo de un cultivo \u2013 \u00a1FinalPart\u00ae es nuestro producto m\u00e1s vendido por una buena raz\u00f3n!<\/em><\/p>\n<p>FinalPart\u00ae es un nutriente completo estimulante de la floraci\u00f3n tard\u00eda que no requiere potenciadores adicionales. Aumenta la floraci\u00f3n y producci\u00f3n de principios activos, eliminando el exceso de nutrientes.<\/p>\n<p>FinalPart\u00ae interviene de 3 maneras:<\/p>\n<p>Env\u00eda a la planta una poderosa se\u00f1al para que \u00e9sta perciba que est\u00e1 llegando al t\u00e9rmino de su vida, lo que acelera el proceso de maduraci\u00f3n.<\/p>\n<p>Obliga a la planta a fortalecer sus defensas, provocando un aumento en la producci\u00f3n de aceites esenciales y de principios activos.<\/p>\n<p>Proporciona a la planta las sales minerales complementarias que necesita bajo una forma f\u00e1cil de asimilar: en caso de una acumulaci\u00f3n previa de nitrato o de microelementos, FinalPart\u00ae ayuda a la planta a metabolizar los residuos, de manera que su sabor mejora.<\/p>\n<p>Como \u201csoluci\u00f3n de forzado\u201d puede utilizar FinalPart\u00ae siempre que necesite controlar o mejorar el proceso de maduraci\u00f3n de sus cultivos y tambi\u00e9n para maximizar el rendimiento y la intensidad del sabor en la fase final del ciclo de floraci\u00f3n\/fructificaci\u00f3n de cualquier flor o planta anual.<\/p>\n<p>En cultivos de exterior, FinalPart\u00ae le permite cosechar r\u00e1pidamente su cultivo antes de que se vea deteriorado por un clima fr\u00edo y h\u00famedo. En interiores, FinalPart\u00ae le permite asimismo organizar el final del ciclo de crecimiento acelerando el proceso de maduraci\u00f3n de las plantas o variedades m\u00e1s lentas. Y en caso de una grave plaga de hongos o insectos, FinalPart\u00ae puede acelerar el ciclo natural de las plantas y ayudarle a salvar parte de una cosecha que, de otro modo, se perder\u00eda por completo.<\/p>\n<div>\n\t&nbsp;<\/div>\n\n\n<div data-wp-interactive=\"core\/file\" class=\"wp-block-file\"><object data-wp-bind--hidden=\"!state.hasPdfPreview\" hidden class=\"wp-block-file__embed\" data=\"https:\/\/www.terraaquatica.com\/wp-content\/uploads\/2023\/09\/FinalPart-UserGuide-6pages-A5-SP-2022.pdf\" type=\"application\/pdf\" style=\"width:100%;height:600px\" aria-label=\"Incrustado de FinalPart-UserGuide-6pages-A5-SP-2022.\"><\/object><a id=\"wp-block-file--media-90ba4d46-5739-4a04-bc79-54ba1dee844f\" href=\"https:\/\/www.terraaquatica.com\/wp-content\/uploads\/2023\/09\/FinalPart-UserGuide-6pages-A5-SP-2022.pdf\">FinalPart-UserGuide-6pages-A5-SP-2022<\/a><a href=\"https:\/\/www.terraaquatica.com\/wp-content\/uploads\/2023\/09\/FinalPart-UserGuide-6pages-A5-SP-2022.pdf\" class=\"wp-block-file__button wp-element-button\" download aria-describedby=\"wp-block-file--media-90ba4d46-5739-4a04-bc79-54ba1dee844f\">Download<\/a><\/div>\n","protected":false},"author":3,"template":"","meta":{"_acf_changed":false},"m_thode_de_culture":[31],"substrat":[299,300,301],"product_category":[276],"class_list":["post-1794","product","type-product","status-publish","has-post-thumbnail","hentry","m_thode_de_culture-mineral-en","substrat-coco","substrat-hydro","substrat-soil","product_category-fertilizantes-especificos-suplementos-nutricionales"],"acf":[],"yoast_head":"<!-- This site is optimized with the Yoast SEO plugin v27.3 - https:\/\/yoast.com\/product\/yoast-seo-wordpress\/ -->\n<title>FINALPART\u00ae - Terra Aquatica<\/title>\n<meta name=\"robots\" content=\"index, follow, max-snippet:-1, max-image-preview:large, max-video-preview:-1\" \/>\n<link rel=\"canonical\" href=\"https:\/\/www.terraaquatica.com\/es\/fertilizantes-especificos-suplementos-nutricionales\/finalpart\/\" \/>\n<meta property=\"og:locale\" content=\"es_ES\" \/>\n<meta property=\"og:type\" content=\"article\" \/>\n<meta property=\"og:title\" content=\"FINALPART\u00ae - Terra Aquatica\" \/>\n<meta property=\"og:description\" content=\"La mejor opci\u00f3n para finalizar el ciclo de un cultivo \u2013 \u00a1FinalPart\u00ae es nuestro producto m\u00e1s vendido por una buena [&hellip;]\" \/>\n<meta property=\"og:url\" content=\"https:\/\/www.terraaquatica.com\/es\/fertilizantes-especificos-suplementos-nutricionales\/finalpart\" \/>\n<meta property=\"og:site_name\" content=\"Terra Aquatica\" \/>\n<meta property=\"article:modified_time\" content=\"2023-09-25T13:53:24+00:00\" \/>\n<meta property=\"og:image\" content=\"https:\/\/www.terraaquatica.com\/wp-content\/uploads\/2020\/03\/finalpart-1l-ripen-720.jpg\" \/>\n\t<meta property=\"og:image:width\" content=\"720\" \/>\n\t<meta property=\"og:image:height\" content=\"720\" \/>\n\t<meta property=\"og:image:type\" content=\"image\/jpeg\" \/>\n<meta name=\"twitter:card\" content=\"summary_large_image\" \/>\n<meta name=\"twitter:label1\" content=\"Tiempo de lectura\" \/>\n\t<meta name=\"twitter:data1\" content=\"2 minutos\" \/>\n<script type=\"application\/ld+json\" class=\"yoast-schema-graph\">{\"@context\":\"https:\\\/\\\/schema.org\",\"@graph\":[{\"@type\":\"WebPage\",\"@id\":\"https:\\\/\\\/www.terraaquatica.com\\\/es\\\/fertilizantes-especificos-suplementos-nutricionales\\\/finalpart\",\"url\":\"https:\\\/\\\/www.terraaquatica.com\\\/es\\\/fertilizantes-especificos-suplementos-nutricionales\\\/finalpart\",\"name\":\"FINALPART\u00ae - Terra Aquatica\",\"isPartOf\":{\"@id\":\"https:\\\/\\\/www.terraaquatica.com\\\/#website\"},\"primaryImageOfPage\":{\"@id\":\"https:\\\/\\\/www.terraaquatica.com\\\/es\\\/fertilizantes-especificos-suplementos-nutricionales\\\/finalpart#primaryimage\"},\"image\":{\"@id\":\"https:\\\/\\\/www.terraaquatica.com\\\/es\\\/fertilizantes-especificos-suplementos-nutricionales\\\/finalpart#primaryimage\"},\"thumbnailUrl\":\"https:\\\/\\\/www.terraaquatica.com\\\/wp-content\\\/uploads\\\/2020\\\/03\\\/finalpart-1l-ripen-720.jpg\",\"datePublished\":\"2018-03-26T15:14:13+00:00\",\"dateModified\":\"2023-09-25T13:53:24+00:00\",\"breadcrumb\":{\"@id\":\"https:\\\/\\\/www.terraaquatica.com\\\/es\\\/fertilizantes-especificos-suplementos-nutricionales\\\/finalpart#breadcrumb\"},\"inLanguage\":\"es\",\"potentialAction\":[{\"@type\":\"ReadAction\",\"target\":[\"https:\\\/\\\/www.terraaquatica.com\\\/es\\\/fertilizantes-especificos-suplementos-nutricionales\\\/finalpart\"]}]},{\"@type\":\"ImageObject\",\"inLanguage\":\"es\",\"@id\":\"https:\\\/\\\/www.terraaquatica.com\\\/es\\\/fertilizantes-especificos-suplementos-nutricionales\\\/finalpart#primaryimage\",\"url\":\"https:\\\/\\\/www.terraaquatica.com\\\/wp-content\\\/uploads\\\/2020\\\/03\\\/finalpart-1l-ripen-720.jpg\",\"contentUrl\":\"https:\\\/\\\/www.terraaquatica.com\\\/wp-content\\\/uploads\\\/2020\\\/03\\\/finalpart-1l-ripen-720.jpg\",\"width\":720,\"height\":720,\"caption\":\"FinalPart 1L\"},{\"@type\":\"BreadcrumbList\",\"@id\":\"https:\\\/\\\/www.terraaquatica.com\\\/es\\\/fertilizantes-especificos-suplementos-nutricionales\\\/finalpart#breadcrumb\",\"itemListElement\":[{\"@type\":\"ListItem\",\"position\":1,\"name\":\"Accueil\",\"item\":\"https:\\\/\\\/www.terraaquatica.com\\\/es\\\/\"},{\"@type\":\"ListItem\",\"position\":2,\"name\":\"Products\",\"item\":\"https:\\\/\\\/www.terraaquatica.com\\\/es\\\/product\\\/\"},{\"@type\":\"ListItem\",\"position\":3,\"name\":\"FINALPART\u00ae\"}]},{\"@type\":\"WebSite\",\"@id\":\"https:\\\/\\\/www.terraaquatica.com\\\/#website\",\"url\":\"https:\\\/\\\/www.terraaquatica.com\\\/\",\"name\":\"Terra Aquatica\",\"description\":\"Engrais et syst\u00e8mes de culture depuis 1995\",\"publisher\":{\"@id\":\"https:\\\/\\\/www.terraaquatica.com\\\/#organization\"},\"potentialAction\":[{\"@type\":\"SearchAction\",\"target\":{\"@type\":\"EntryPoint\",\"urlTemplate\":\"https:\\\/\\\/www.terraaquatica.com\\\/?s={search_term_string}\"},\"query-input\":{\"@type\":\"PropertyValueSpecification\",\"valueRequired\":true,\"valueName\":\"search_term_string\"}}],\"inLanguage\":\"es\"},{\"@type\":\"Organization\",\"@id\":\"https:\\\/\\\/www.terraaquatica.com\\\/#organization\",\"name\":\"Terra Aquatica\",\"url\":\"https:\\\/\\\/www.terraaquatica.com\\\/\",\"logo\":{\"@type\":\"ImageObject\",\"inLanguage\":\"es\",\"@id\":\"https:\\\/\\\/www.terraaquatica.com\\\/#\\\/schema\\\/logo\\\/image\\\/\",\"url\":\"https:\\\/\\\/www.terraaquatica.com\\\/wp-content\\\/uploads\\\/2022\\\/03\\\/favicon-transpa-big.png\",\"contentUrl\":\"https:\\\/\\\/www.terraaquatica.com\\\/wp-content\\\/uploads\\\/2022\\\/03\\\/favicon-transpa-big.png\",\"width\":512,\"height\":512,\"caption\":\"Terra Aquatica\"},\"image\":{\"@id\":\"https:\\\/\\\/www.terraaquatica.com\\\/#\\\/schema\\\/logo\\\/image\\\/\"}}]}<\/script>\n<!-- \/ Yoast SEO plugin. -->","yoast_head_json":{"title":"FINALPART\u00ae - Terra Aquatica","robots":{"index":"index","follow":"follow","max-snippet":"max-snippet:-1","max-image-preview":"max-image-preview:large","max-video-preview":"max-video-preview:-1"},"canonical":"https:\/\/www.terraaquatica.com\/es\/fertilizantes-especificos-suplementos-nutricionales\/finalpart\/","og_locale":"es_ES","og_type":"article","og_title":"FINALPART\u00ae - Terra Aquatica","og_description":"La mejor opci\u00f3n para finalizar el ciclo de un cultivo \u2013 \u00a1FinalPart\u00ae es nuestro producto m\u00e1s vendido por una buena [&hellip;]","og_url":"https:\/\/www.terraaquatica.com\/es\/fertilizantes-especificos-suplementos-nutricionales\/finalpart","og_site_name":"Terra Aquatica","article_modified_time":"2023-09-25T13:53:24+00:00","og_image":[{"width":720,"height":720,"url":"https:\/\/www.terraaquatica.com\/wp-content\/uploads\/2020\/03\/finalpart-1l-ripen-720.jpg","type":"image\/jpeg"}],"twitter_card":"summary_large_image","twitter_misc":{"Tiempo de lectura":"2 minutos"},"schema":{"@context":"https:\/\/schema.org","@graph":[{"@type":"WebPage","@id":"https:\/\/www.terraaquatica.com\/es\/fertilizantes-especificos-suplementos-nutricionales\/finalpart","url":"https:\/\/www.terraaquatica.com\/es\/fertilizantes-especificos-suplementos-nutricionales\/finalpart","name":"FINALPART\u00ae - Terra Aquatica","isPartOf":{"@id":"https:\/\/www.terraaquatica.com\/#website"},"primaryImageOfPage":{"@id":"https:\/\/www.terraaquatica.com\/es\/fertilizantes-especificos-suplementos-nutricionales\/finalpart#primaryimage"},"image":{"@id":"https:\/\/www.terraaquatica.com\/es\/fertilizantes-especificos-suplementos-nutricionales\/finalpart#primaryimage"},"thumbnailUrl":"https:\/\/www.terraaquatica.com\/wp-content\/uploads\/2020\/03\/finalpart-1l-ripen-720.jpg","datePublished":"2018-03-26T15:14:13+00:00","dateModified":"2023-09-25T13:53:24+00:00","breadcrumb":{"@id":"https:\/\/www.terraaquatica.com\/es\/fertilizantes-especificos-suplementos-nutricionales\/finalpart#breadcrumb"},"inLanguage":"es","potentialAction":[{"@type":"ReadAction","target":["https:\/\/www.terraaquatica.com\/es\/fertilizantes-especificos-suplementos-nutricionales\/finalpart"]}]},{"@type":"ImageObject","inLanguage":"es","@id":"https:\/\/www.terraaquatica.com\/es\/fertilizantes-especificos-suplementos-nutricionales\/finalpart#primaryimage","url":"https:\/\/www.terraaquatica.com\/wp-content\/uploads\/2020\/03\/finalpart-1l-ripen-720.jpg","contentUrl":"https:\/\/www.terraaquatica.com\/wp-content\/uploads\/2020\/03\/finalpart-1l-ripen-720.jpg","width":720,"height":720,"caption":"FinalPart 1L"},{"@type":"BreadcrumbList","@id":"https:\/\/www.terraaquatica.com\/es\/fertilizantes-especificos-suplementos-nutricionales\/finalpart#breadcrumb","itemListElement":[{"@type":"ListItem","position":1,"name":"Accueil","item":"https:\/\/www.terraaquatica.com\/es\/"},{"@type":"ListItem","position":2,"name":"Products","item":"https:\/\/www.terraaquatica.com\/es\/product\/"},{"@type":"ListItem","position":3,"name":"FINALPART\u00ae"}]},{"@type":"WebSite","@id":"https:\/\/www.terraaquatica.com\/#website","url":"https:\/\/www.terraaquatica.com\/","name":"Terra Aquatica","description":"Engrais et syst\u00e8mes de culture depuis 1995","publisher":{"@id":"https:\/\/www.terraaquatica.com\/#organization"},"potentialAction":[{"@type":"SearchAction","target":{"@type":"EntryPoint","urlTemplate":"https:\/\/www.terraaquatica.com\/?s={search_term_string}"},"query-input":{"@type":"PropertyValueSpecification","valueRequired":true,"valueName":"search_term_string"}}],"inLanguage":"es"},{"@type":"Organization","@id":"https:\/\/www.terraaquatica.com\/#organization","name":"Terra Aquatica","url":"https:\/\/www.terraaquatica.com\/","logo":{"@type":"ImageObject","inLanguage":"es","@id":"https:\/\/www.terraaquatica.com\/#\/schema\/logo\/image\/","url":"https:\/\/www.terraaquatica.com\/wp-content\/uploads\/2022\/03\/favicon-transpa-big.png","contentUrl":"https:\/\/www.terraaquatica.com\/wp-content\/uploads\/2022\/03\/favicon-transpa-big.png","width":512,"height":512,"caption":"Terra Aquatica"},"image":{"@id":"https:\/\/www.terraaquatica.com\/#\/schema\/logo\/image\/"}}]}},"_links":{"self":[{"href":"https:\/\/www.terraaquatica.com\/es\/wp-json\/wp\/v2\/product\/1794","targetHints":{"allow":["GET"]}}],"collection":[{"href":"https:\/\/www.terraaquatica.com\/es\/wp-json\/wp\/v2\/product"}],"about":[{"href":"https:\/\/www.terraaquatica.com\/es\/wp-json\/wp\/v2\/types\/product"}],"author":[{"embeddable":true,"href":"https:\/\/www.terraaquatica.com\/es\/wp-json\/wp\/v2\/users\/3"}],"wp:featuredmedia":[{"embeddable":true,"href":"https:\/\/www.terraaquatica.com\/es\/wp-json\/wp\/v2\/media\/1665"}],"wp:attachment":[{"href":"https:\/\/www.terraaquatica.com\/es\/wp-json\/wp\/v2\/media?parent=1794"}],"wp:term":[{"taxonomy":"m_thode_de_culture","embeddable":true,"href":"https:\/\/www.terraaquatica.com\/es\/wp-json\/wp\/v2\/m_thode_de_culture?post=1794"},{"taxonomy":"substrat","embeddable":true,"href":"https:\/\/www.terraaquatica.com\/es\/wp-json\/wp\/v2\/substrat?post=1794"},{"taxonomy":"product_category","embeddable":true,"href":"https:\/\/www.terraaquatica.com\/es\/wp-json\/wp\/v2\/product_category?post=1794"}],"curies":[{"name":"wp","href":"https:\/\/api.w.org\/{rel}","templated":true}]}}