{"id":1796,"date":"2018-04-10T14:27:38","date_gmt":"2018-04-10T12:27:38","guid":{"rendered":"https:\/\/www.terraaquatica.com\/produits\/essentials-html\/"},"modified":"2023-08-03T15:17:52","modified_gmt":"2023-08-03T13:17:52","slug":"oligo-spectrum","status":"publish","type":"product","link":"https:\/\/www.terraaquatica.com\/es\/fertilizantes-especificos-suplementos-nutricionales\/oligo-spectrum","title":{"rendered":"OLIGO SPECTRUM"},"content":{"rendered":"<p><a href=\"http:\/\/www.terraaquatica.com\/\" target=\"_blank\" rel=\"noopener\"><img decoding=\"async\" class=\" alignleft size-full wp-image-1616\" style=\"opacity: 0.9; float: left; width: 250px; height: 250px;\" src=\"https:\/\/www.terraaquatica.com\/wp-content\/uploads\/2017\/06\/colerette.png\" alt=\"\"><\/a><em>\u00bfNo utiliza los nutrientes de Terra Aquatica pero necesita micronutrientes de calidad? \u00bfEst\u00e1 buscando maneras de equilibrar la nutrici\u00f3n en acuapon\u00eda? Nosotros tenemos la soluci\u00f3n\u2026<\/em><\/p>\n<p>Terra Aquatica Oligo Spectrum es un producto \u00fanico: una gama completa de micronutrientes concentrados en forma de quelatos, adem\u00e1s de sub-microelementos y un amortiguador ecol\u00f3gico. Se utiliza como complemento a la soluci\u00f3n nutritiva para cultivos en suelo o en agua, as\u00ed como pulverizador foliar en aquellas situaciones donde a\u00f1adir metales al agua podr\u00eda causar problemas, por ejemplo, en acuapon\u00eda.<\/p>\n<p>Mientras los elementos primarios y secundarios est\u00e1n siempre incluidos en los nutrientes para plantas, algunos micro y sub-micronutrientes no lo est\u00e1n, pese a las pruebas de laboratorio que demuestran una importante mejora general en la salud de las plantas y su resistencia a las plagas cuando estos elementos est\u00e1n a\u00f1adidos. Si utiliza los nutrientes de Terra Aquatica ya tiene ese espectro cubierto, pero, si no lo est\u00e1 haciendo as\u00ed, Oligo Spectrum le proporciona una manera eficaz de complementar su r\u00e9gimen actual.<\/p>\n<p>Todos los elementos incluidos en Terra Aquatica Oligo Spectrum cumplen con las regulaciones europeas sobre agricultura ecol\u00f3gica y, as\u00ed como el resto de nuestros nutrientes, todos los elementos de Oligo Spectrum est\u00e1n quelatados para proporcionar estabilidad y unos resultados \u00f3ptimos.<\/p>\n<div><\/div>\n","protected":false},"author":3,"template":"","meta":{"_acf_changed":false},"m_thode_de_culture":[31,32],"substrat":[299,300,301,303],"product_category":[276],"class_list":["post-1796","product","type-product","status-publish","has-post-thumbnail","hentry","m_thode_de_culture-mineral-en","m_thode_de_culture-organic-en","substrat-coco","substrat-hydro","substrat-soil","substrat-spray","product_category-fertilizantes-especificos-suplementos-nutricionales"],"acf":[],"yoast_head":"<!-- This site is optimized with the Yoast SEO plugin v27.3 - https:\/\/yoast.com\/product\/yoast-seo-wordpress\/ -->\n<title>OLIGO SPECTRUM - Terra Aquatica<\/title>\n<meta name=\"robots\" content=\"index, follow, max-snippet:-1, max-image-preview:large, max-video-preview:-1\" \/>\n<link rel=\"canonical\" href=\"https:\/\/www.terraaquatica.com\/es\/fertilizantes-especificos-suplementos-nutricionales\/oligo-spectrum\/\" \/>\n<meta property=\"og:locale\" content=\"es_ES\" \/>\n<meta property=\"og:type\" content=\"article\" \/>\n<meta property=\"og:title\" content=\"OLIGO SPECTRUM - Terra Aquatica\" \/>\n<meta property=\"og:description\" content=\"\u00bfNo utiliza los nutrientes de Terra Aquatica pero necesita micronutrientes de calidad? \u00bfEst\u00e1 buscando maneras de equilibrar la nutrici\u00f3n en [&hellip;]\" \/>\n<meta property=\"og:url\" content=\"https:\/\/www.terraaquatica.com\/es\/fertilizantes-especificos-suplementos-nutricionales\/oligo-spectrum\" \/>\n<meta property=\"og:site_name\" content=\"Terra Aquatica\" \/>\n<meta property=\"article:modified_time\" content=\"2023-08-03T13:17:52+00:00\" \/>\n<meta property=\"og:image\" content=\"https:\/\/www.terraaquatica.com\/wp-content\/uploads\/2020\/03\/oligo-spectrum-1l-essentials-720.jpg\" \/>\n\t<meta property=\"og:image:width\" content=\"720\" \/>\n\t<meta property=\"og:image:height\" content=\"720\" \/>\n\t<meta property=\"og:image:type\" content=\"image\/jpeg\" \/>\n<meta name=\"twitter:card\" content=\"summary_large_image\" \/>\n<meta name=\"twitter:label1\" content=\"Tiempo de lectura\" \/>\n\t<meta name=\"twitter:data1\" content=\"2 minutos\" \/>\n<script type=\"application\/ld+json\" class=\"yoast-schema-graph\">{\"@context\":\"https:\\\/\\\/schema.org\",\"@graph\":[{\"@type\":\"WebPage\",\"@id\":\"https:\\\/\\\/www.terraaquatica.com\\\/es\\\/fertilizantes-especificos-suplementos-nutricionales\\\/oligo-spectrum\",\"url\":\"https:\\\/\\\/www.terraaquatica.com\\\/es\\\/fertilizantes-especificos-suplementos-nutricionales\\\/oligo-spectrum\",\"name\":\"OLIGO SPECTRUM - Terra Aquatica\",\"isPartOf\":{\"@id\":\"https:\\\/\\\/www.terraaquatica.com\\\/#website\"},\"primaryImageOfPage\":{\"@id\":\"https:\\\/\\\/www.terraaquatica.com\\\/es\\\/fertilizantes-especificos-suplementos-nutricionales\\\/oligo-spectrum#primaryimage\"},\"image\":{\"@id\":\"https:\\\/\\\/www.terraaquatica.com\\\/es\\\/fertilizantes-especificos-suplementos-nutricionales\\\/oligo-spectrum#primaryimage\"},\"thumbnailUrl\":\"https:\\\/\\\/www.terraaquatica.com\\\/wp-content\\\/uploads\\\/2020\\\/03\\\/oligo-spectrum-1l-essentials-720.jpg\",\"datePublished\":\"2018-04-10T12:27:38+00:00\",\"dateModified\":\"2023-08-03T13:17:52+00:00\",\"breadcrumb\":{\"@id\":\"https:\\\/\\\/www.terraaquatica.com\\\/es\\\/fertilizantes-especificos-suplementos-nutricionales\\\/oligo-spectrum#breadcrumb\"},\"inLanguage\":\"es\",\"potentialAction\":[{\"@type\":\"ReadAction\",\"target\":[\"https:\\\/\\\/www.terraaquatica.com\\\/es\\\/fertilizantes-especificos-suplementos-nutricionales\\\/oligo-spectrum\"]}]},{\"@type\":\"ImageObject\",\"inLanguage\":\"es\",\"@id\":\"https:\\\/\\\/www.terraaquatica.com\\\/es\\\/fertilizantes-especificos-suplementos-nutricionales\\\/oligo-spectrum#primaryimage\",\"url\":\"https:\\\/\\\/www.terraaquatica.com\\\/wp-content\\\/uploads\\\/2020\\\/03\\\/oligo-spectrum-1l-essentials-720.jpg\",\"contentUrl\":\"https:\\\/\\\/www.terraaquatica.com\\\/wp-content\\\/uploads\\\/2020\\\/03\\\/oligo-spectrum-1l-essentials-720.jpg\",\"width\":720,\"height\":720,\"caption\":\"Oligo Spectrum 1L\"},{\"@type\":\"BreadcrumbList\",\"@id\":\"https:\\\/\\\/www.terraaquatica.com\\\/es\\\/fertilizantes-especificos-suplementos-nutricionales\\\/oligo-spectrum#breadcrumb\",\"itemListElement\":[{\"@type\":\"ListItem\",\"position\":1,\"name\":\"Accueil\",\"item\":\"https:\\\/\\\/www.terraaquatica.com\\\/es\\\/\"},{\"@type\":\"ListItem\",\"position\":2,\"name\":\"Products\",\"item\":\"https:\\\/\\\/www.terraaquatica.com\\\/es\\\/product\\\/\"},{\"@type\":\"ListItem\",\"position\":3,\"name\":\"OLIGO SPECTRUM\"}]},{\"@type\":\"WebSite\",\"@id\":\"https:\\\/\\\/www.terraaquatica.com\\\/#website\",\"url\":\"https:\\\/\\\/www.terraaquatica.com\\\/\",\"name\":\"Terra Aquatica\",\"description\":\"Engrais et syst\u00e8mes de culture depuis 1995\",\"publisher\":{\"@id\":\"https:\\\/\\\/www.terraaquatica.com\\\/#organization\"},\"potentialAction\":[{\"@type\":\"SearchAction\",\"target\":{\"@type\":\"EntryPoint\",\"urlTemplate\":\"https:\\\/\\\/www.terraaquatica.com\\\/?s={search_term_string}\"},\"query-input\":{\"@type\":\"PropertyValueSpecification\",\"valueRequired\":true,\"valueName\":\"search_term_string\"}}],\"inLanguage\":\"es\"},{\"@type\":\"Organization\",\"@id\":\"https:\\\/\\\/www.terraaquatica.com\\\/#organization\",\"name\":\"Terra Aquatica\",\"url\":\"https:\\\/\\\/www.terraaquatica.com\\\/\",\"logo\":{\"@type\":\"ImageObject\",\"inLanguage\":\"es\",\"@id\":\"https:\\\/\\\/www.terraaquatica.com\\\/#\\\/schema\\\/logo\\\/image\\\/\",\"url\":\"https:\\\/\\\/www.terraaquatica.com\\\/wp-content\\\/uploads\\\/2022\\\/03\\\/favicon-transpa-big.png\",\"contentUrl\":\"https:\\\/\\\/www.terraaquatica.com\\\/wp-content\\\/uploads\\\/2022\\\/03\\\/favicon-transpa-big.png\",\"width\":512,\"height\":512,\"caption\":\"Terra Aquatica\"},\"image\":{\"@id\":\"https:\\\/\\\/www.terraaquatica.com\\\/#\\\/schema\\\/logo\\\/image\\\/\"}}]}<\/script>\n<!-- \/ Yoast SEO plugin. -->","yoast_head_json":{"title":"OLIGO SPECTRUM - Terra Aquatica","robots":{"index":"index","follow":"follow","max-snippet":"max-snippet:-1","max-image-preview":"max-image-preview:large","max-video-preview":"max-video-preview:-1"},"canonical":"https:\/\/www.terraaquatica.com\/es\/fertilizantes-especificos-suplementos-nutricionales\/oligo-spectrum\/","og_locale":"es_ES","og_type":"article","og_title":"OLIGO SPECTRUM - Terra Aquatica","og_description":"\u00bfNo utiliza los nutrientes de Terra Aquatica pero necesita micronutrientes de calidad? \u00bfEst\u00e1 buscando maneras de equilibrar la nutrici\u00f3n en [&hellip;]","og_url":"https:\/\/www.terraaquatica.com\/es\/fertilizantes-especificos-suplementos-nutricionales\/oligo-spectrum","og_site_name":"Terra Aquatica","article_modified_time":"2023-08-03T13:17:52+00:00","og_image":[{"width":720,"height":720,"url":"https:\/\/www.terraaquatica.com\/wp-content\/uploads\/2020\/03\/oligo-spectrum-1l-essentials-720.jpg","type":"image\/jpeg"}],"twitter_card":"summary_large_image","twitter_misc":{"Tiempo de lectura":"2 minutos"},"schema":{"@context":"https:\/\/schema.org","@graph":[{"@type":"WebPage","@id":"https:\/\/www.terraaquatica.com\/es\/fertilizantes-especificos-suplementos-nutricionales\/oligo-spectrum","url":"https:\/\/www.terraaquatica.com\/es\/fertilizantes-especificos-suplementos-nutricionales\/oligo-spectrum","name":"OLIGO SPECTRUM - Terra Aquatica","isPartOf":{"@id":"https:\/\/www.terraaquatica.com\/#website"},"primaryImageOfPage":{"@id":"https:\/\/www.terraaquatica.com\/es\/fertilizantes-especificos-suplementos-nutricionales\/oligo-spectrum#primaryimage"},"image":{"@id":"https:\/\/www.terraaquatica.com\/es\/fertilizantes-especificos-suplementos-nutricionales\/oligo-spectrum#primaryimage"},"thumbnailUrl":"https:\/\/www.terraaquatica.com\/wp-content\/uploads\/2020\/03\/oligo-spectrum-1l-essentials-720.jpg","datePublished":"2018-04-10T12:27:38+00:00","dateModified":"2023-08-03T13:17:52+00:00","breadcrumb":{"@id":"https:\/\/www.terraaquatica.com\/es\/fertilizantes-especificos-suplementos-nutricionales\/oligo-spectrum#breadcrumb"},"inLanguage":"es","potentialAction":[{"@type":"ReadAction","target":["https:\/\/www.terraaquatica.com\/es\/fertilizantes-especificos-suplementos-nutricionales\/oligo-spectrum"]}]},{"@type":"ImageObject","inLanguage":"es","@id":"https:\/\/www.terraaquatica.com\/es\/fertilizantes-especificos-suplementos-nutricionales\/oligo-spectrum#primaryimage","url":"https:\/\/www.terraaquatica.com\/wp-content\/uploads\/2020\/03\/oligo-spectrum-1l-essentials-720.jpg","contentUrl":"https:\/\/www.terraaquatica.com\/wp-content\/uploads\/2020\/03\/oligo-spectrum-1l-essentials-720.jpg","width":720,"height":720,"caption":"Oligo Spectrum 1L"},{"@type":"BreadcrumbList","@id":"https:\/\/www.terraaquatica.com\/es\/fertilizantes-especificos-suplementos-nutricionales\/oligo-spectrum#breadcrumb","itemListElement":[{"@type":"ListItem","position":1,"name":"Accueil","item":"https:\/\/www.terraaquatica.com\/es\/"},{"@type":"ListItem","position":2,"name":"Products","item":"https:\/\/www.terraaquatica.com\/es\/product\/"},{"@type":"ListItem","position":3,"name":"OLIGO SPECTRUM"}]},{"@type":"WebSite","@id":"https:\/\/www.terraaquatica.com\/#website","url":"https:\/\/www.terraaquatica.com\/","name":"Terra Aquatica","description":"Engrais et syst\u00e8mes de culture depuis 1995","publisher":{"@id":"https:\/\/www.terraaquatica.com\/#organization"},"potentialAction":[{"@type":"SearchAction","target":{"@type":"EntryPoint","urlTemplate":"https:\/\/www.terraaquatica.com\/?s={search_term_string}"},"query-input":{"@type":"PropertyValueSpecification","valueRequired":true,"valueName":"search_term_string"}}],"inLanguage":"es"},{"@type":"Organization","@id":"https:\/\/www.terraaquatica.com\/#organization","name":"Terra Aquatica","url":"https:\/\/www.terraaquatica.com\/","logo":{"@type":"ImageObject","inLanguage":"es","@id":"https:\/\/www.terraaquatica.com\/#\/schema\/logo\/image\/","url":"https:\/\/www.terraaquatica.com\/wp-content\/uploads\/2022\/03\/favicon-transpa-big.png","contentUrl":"https:\/\/www.terraaquatica.com\/wp-content\/uploads\/2022\/03\/favicon-transpa-big.png","width":512,"height":512,"caption":"Terra Aquatica"},"image":{"@id":"https:\/\/www.terraaquatica.com\/#\/schema\/logo\/image\/"}}]}},"_links":{"self":[{"href":"https:\/\/www.terraaquatica.com\/es\/wp-json\/wp\/v2\/product\/1796","targetHints":{"allow":["GET"]}}],"collection":[{"href":"https:\/\/www.terraaquatica.com\/es\/wp-json\/wp\/v2\/product"}],"about":[{"href":"https:\/\/www.terraaquatica.com\/es\/wp-json\/wp\/v2\/types\/product"}],"author":[{"embeddable":true,"href":"https:\/\/www.terraaquatica.com\/es\/wp-json\/wp\/v2\/users\/3"}],"wp:featuredmedia":[{"embeddable":true,"href":"https:\/\/www.terraaquatica.com\/es\/wp-json\/wp\/v2\/media\/1725"}],"wp:attachment":[{"href":"https:\/\/www.terraaquatica.com\/es\/wp-json\/wp\/v2\/media?parent=1796"}],"wp:term":[{"taxonomy":"m_thode_de_culture","embeddable":true,"href":"https:\/\/www.terraaquatica.com\/es\/wp-json\/wp\/v2\/m_thode_de_culture?post=1796"},{"taxonomy":"substrat","embeddable":true,"href":"https:\/\/www.terraaquatica.com\/es\/wp-json\/wp\/v2\/substrat?post=1796"},{"taxonomy":"product_category","embeddable":true,"href":"https:\/\/www.terraaquatica.com\/es\/wp-json\/wp\/v2\/product_category?post=1796"}],"curies":[{"name":"wp","href":"https:\/\/api.w.org\/{rel}","templated":true}]}}