{"id":1797,"date":"2018-04-10T14:53:10","date_gmt":"2018-04-10T12:53:10","guid":{"rendered":"https:\/\/www.terraaquatica.com\/produits\/calcium-magnesium-supplement-2\/"},"modified":"2024-10-01T12:15:21","modified_gmt":"2024-10-01T10:15:21","slug":"calcium-magnesium-supplement-2","status":"publish","type":"product","link":"https:\/\/www.terraaquatica.com\/es\/fertilizantes-especificos-suplementos-nutricionales\/calcium-magnesium-supplement-2","title":{"rendered":"CALCIUM MAGNESIUM SUPPLEMENT"},"content":{"rendered":"<p>La correcta disponibilidad de calcio y magnesio es vital a la hora de optimizar la nutrici\u00f3n de las plantas de crecimiento r\u00e1pido. Ayuda a prevenir las deficiencias de nutrientes secundarios, refuerza el crecimiento y la fructificaci\u00f3n, previene la podredumbre apical de los frutos y las quemaduras en la punta de las hojas en muchos cultivos especialmente intensivos como los de tomate o de lechuga.<\/p>\n<p>El Terra Aquatica Suplemento de Calcio y Magnesio proporciona calcio y magnesio concentrados en una forma altamente biodisponible, limpia y soluble, evitando as\u00ed la formaci\u00f3n de obstrucciones. Es compatible con la mayor\u00eda de los reg\u00edmenes de nutrientes.<\/p>\n<p>El Terra Aquatica Suplemento de Calcio y Magnesio tambi\u00e9n es \u00fatil a la hora de contrarrestar la retenci\u00f3n de calcio que se produce en los cultivos en fibra de coco con nutrientes ecol\u00f3gicos o al expandirse los cubos de fibra de coco comprimida.<\/p>\n","protected":false},"author":3,"template":"","meta":{"_acf_changed":true},"m_thode_de_culture":[31,32],"substrat":[299,300,301],"product_category":[276],"class_list":["post-1797","product","type-product","status-publish","has-post-thumbnail","hentry","m_thode_de_culture-mineral-en","m_thode_de_culture-organic-en","substrat-coco","substrat-hydro","substrat-soil","product_category-fertilizantes-especificos-suplementos-nutricionales"],"acf":[],"yoast_head":"<!-- This site is optimized with the Yoast SEO plugin v27.3 - https:\/\/yoast.com\/product\/yoast-seo-wordpress\/ -->\n<title>CALCIUM MAGNESIUM SUPPLEMENT - Terra Aquatica<\/title>\n<meta name=\"robots\" content=\"index, follow, max-snippet:-1, max-image-preview:large, max-video-preview:-1\" \/>\n<link rel=\"canonical\" href=\"https:\/\/www.terraaquatica.com\/es\/fertilizantes-especificos-suplementos-nutricionales\/calcium-magnesium-supplement-2\/\" \/>\n<meta property=\"og:locale\" content=\"es_ES\" \/>\n<meta property=\"og:type\" content=\"article\" \/>\n<meta property=\"og:title\" content=\"CALCIUM MAGNESIUM SUPPLEMENT - Terra Aquatica\" \/>\n<meta property=\"og:description\" content=\"La correcta disponibilidad de calcio y magnesio es vital a la hora de optimizar la nutrici\u00f3n de las plantas de [&hellip;]\" \/>\n<meta property=\"og:url\" content=\"https:\/\/www.terraaquatica.com\/es\/fertilizantes-especificos-suplementos-nutricionales\/calcium-magnesium-supplement-2\" \/>\n<meta property=\"og:site_name\" content=\"Terra Aquatica\" \/>\n<meta property=\"article:modified_time\" content=\"2024-10-01T10:15:21+00:00\" \/>\n<meta property=\"og:image\" content=\"https:\/\/www.terraaquatica.com\/wp-content\/uploads\/2020\/03\/calmag-1l-fond-blanc-720_1.jpg\" \/>\n\t<meta property=\"og:image:width\" content=\"720\" \/>\n\t<meta property=\"og:image:height\" content=\"720\" \/>\n\t<meta property=\"og:image:type\" content=\"image\/jpeg\" \/>\n<meta name=\"twitter:card\" content=\"summary_large_image\" \/>\n<meta name=\"twitter:label1\" content=\"Tiempo de lectura\" \/>\n\t<meta name=\"twitter:data1\" content=\"1 minuto\" \/>\n<script type=\"application\/ld+json\" class=\"yoast-schema-graph\">{\"@context\":\"https:\\\/\\\/schema.org\",\"@graph\":[{\"@type\":\"WebPage\",\"@id\":\"https:\\\/\\\/www.terraaquatica.com\\\/es\\\/fertilizantes-especificos-suplementos-nutricionales\\\/calcium-magnesium-supplement-2\",\"url\":\"https:\\\/\\\/www.terraaquatica.com\\\/es\\\/fertilizantes-especificos-suplementos-nutricionales\\\/calcium-magnesium-supplement-2\",\"name\":\"CALCIUM MAGNESIUM SUPPLEMENT - Terra Aquatica\",\"isPartOf\":{\"@id\":\"https:\\\/\\\/www.terraaquatica.com\\\/#website\"},\"primaryImageOfPage\":{\"@id\":\"https:\\\/\\\/www.terraaquatica.com\\\/es\\\/fertilizantes-especificos-suplementos-nutricionales\\\/calcium-magnesium-supplement-2#primaryimage\"},\"image\":{\"@id\":\"https:\\\/\\\/www.terraaquatica.com\\\/es\\\/fertilizantes-especificos-suplementos-nutricionales\\\/calcium-magnesium-supplement-2#primaryimage\"},\"thumbnailUrl\":\"https:\\\/\\\/www.terraaquatica.com\\\/wp-content\\\/uploads\\\/2020\\\/03\\\/calmag-1l-fond-blanc-720_1.jpg\",\"datePublished\":\"2018-04-10T12:53:10+00:00\",\"dateModified\":\"2024-10-01T10:15:21+00:00\",\"breadcrumb\":{\"@id\":\"https:\\\/\\\/www.terraaquatica.com\\\/es\\\/fertilizantes-especificos-suplementos-nutricionales\\\/calcium-magnesium-supplement-2#breadcrumb\"},\"inLanguage\":\"es\",\"potentialAction\":[{\"@type\":\"ReadAction\",\"target\":[\"https:\\\/\\\/www.terraaquatica.com\\\/es\\\/fertilizantes-especificos-suplementos-nutricionales\\\/calcium-magnesium-supplement-2\"]}]},{\"@type\":\"ImageObject\",\"inLanguage\":\"es\",\"@id\":\"https:\\\/\\\/www.terraaquatica.com\\\/es\\\/fertilizantes-especificos-suplementos-nutricionales\\\/calcium-magnesium-supplement-2#primaryimage\",\"url\":\"https:\\\/\\\/www.terraaquatica.com\\\/wp-content\\\/uploads\\\/2020\\\/03\\\/calmag-1l-fond-blanc-720_1.jpg\",\"contentUrl\":\"https:\\\/\\\/www.terraaquatica.com\\\/wp-content\\\/uploads\\\/2020\\\/03\\\/calmag-1l-fond-blanc-720_1.jpg\",\"width\":720,\"height\":720,\"caption\":\"Calcium Magnesium Supplement 1L\"},{\"@type\":\"BreadcrumbList\",\"@id\":\"https:\\\/\\\/www.terraaquatica.com\\\/es\\\/fertilizantes-especificos-suplementos-nutricionales\\\/calcium-magnesium-supplement-2#breadcrumb\",\"itemListElement\":[{\"@type\":\"ListItem\",\"position\":1,\"name\":\"Accueil\",\"item\":\"https:\\\/\\\/www.terraaquatica.com\\\/es\\\/\"},{\"@type\":\"ListItem\",\"position\":2,\"name\":\"Products\",\"item\":\"https:\\\/\\\/www.terraaquatica.com\\\/es\\\/product\\\/\"},{\"@type\":\"ListItem\",\"position\":3,\"name\":\"CALCIUM MAGNESIUM SUPPLEMENT\"}]},{\"@type\":\"WebSite\",\"@id\":\"https:\\\/\\\/www.terraaquatica.com\\\/#website\",\"url\":\"https:\\\/\\\/www.terraaquatica.com\\\/\",\"name\":\"Terra Aquatica\",\"description\":\"Engrais et syst\u00e8mes de culture depuis 1995\",\"publisher\":{\"@id\":\"https:\\\/\\\/www.terraaquatica.com\\\/#organization\"},\"potentialAction\":[{\"@type\":\"SearchAction\",\"target\":{\"@type\":\"EntryPoint\",\"urlTemplate\":\"https:\\\/\\\/www.terraaquatica.com\\\/?s={search_term_string}\"},\"query-input\":{\"@type\":\"PropertyValueSpecification\",\"valueRequired\":true,\"valueName\":\"search_term_string\"}}],\"inLanguage\":\"es\"},{\"@type\":\"Organization\",\"@id\":\"https:\\\/\\\/www.terraaquatica.com\\\/#organization\",\"name\":\"Terra Aquatica\",\"url\":\"https:\\\/\\\/www.terraaquatica.com\\\/\",\"logo\":{\"@type\":\"ImageObject\",\"inLanguage\":\"es\",\"@id\":\"https:\\\/\\\/www.terraaquatica.com\\\/#\\\/schema\\\/logo\\\/image\\\/\",\"url\":\"https:\\\/\\\/www.terraaquatica.com\\\/wp-content\\\/uploads\\\/2022\\\/03\\\/favicon-transpa-big.png\",\"contentUrl\":\"https:\\\/\\\/www.terraaquatica.com\\\/wp-content\\\/uploads\\\/2022\\\/03\\\/favicon-transpa-big.png\",\"width\":512,\"height\":512,\"caption\":\"Terra Aquatica\"},\"image\":{\"@id\":\"https:\\\/\\\/www.terraaquatica.com\\\/#\\\/schema\\\/logo\\\/image\\\/\"}}]}<\/script>\n<!-- \/ Yoast SEO plugin. -->","yoast_head_json":{"title":"CALCIUM MAGNESIUM SUPPLEMENT - Terra Aquatica","robots":{"index":"index","follow":"follow","max-snippet":"max-snippet:-1","max-image-preview":"max-image-preview:large","max-video-preview":"max-video-preview:-1"},"canonical":"https:\/\/www.terraaquatica.com\/es\/fertilizantes-especificos-suplementos-nutricionales\/calcium-magnesium-supplement-2\/","og_locale":"es_ES","og_type":"article","og_title":"CALCIUM MAGNESIUM SUPPLEMENT - Terra Aquatica","og_description":"La correcta disponibilidad de calcio y magnesio es vital a la hora de optimizar la nutrici\u00f3n de las plantas de [&hellip;]","og_url":"https:\/\/www.terraaquatica.com\/es\/fertilizantes-especificos-suplementos-nutricionales\/calcium-magnesium-supplement-2","og_site_name":"Terra Aquatica","article_modified_time":"2024-10-01T10:15:21+00:00","og_image":[{"width":720,"height":720,"url":"https:\/\/www.terraaquatica.com\/wp-content\/uploads\/2020\/03\/calmag-1l-fond-blanc-720_1.jpg","type":"image\/jpeg"}],"twitter_card":"summary_large_image","twitter_misc":{"Tiempo de lectura":"1 minuto"},"schema":{"@context":"https:\/\/schema.org","@graph":[{"@type":"WebPage","@id":"https:\/\/www.terraaquatica.com\/es\/fertilizantes-especificos-suplementos-nutricionales\/calcium-magnesium-supplement-2","url":"https:\/\/www.terraaquatica.com\/es\/fertilizantes-especificos-suplementos-nutricionales\/calcium-magnesium-supplement-2","name":"CALCIUM MAGNESIUM SUPPLEMENT - Terra Aquatica","isPartOf":{"@id":"https:\/\/www.terraaquatica.com\/#website"},"primaryImageOfPage":{"@id":"https:\/\/www.terraaquatica.com\/es\/fertilizantes-especificos-suplementos-nutricionales\/calcium-magnesium-supplement-2#primaryimage"},"image":{"@id":"https:\/\/www.terraaquatica.com\/es\/fertilizantes-especificos-suplementos-nutricionales\/calcium-magnesium-supplement-2#primaryimage"},"thumbnailUrl":"https:\/\/www.terraaquatica.com\/wp-content\/uploads\/2020\/03\/calmag-1l-fond-blanc-720_1.jpg","datePublished":"2018-04-10T12:53:10+00:00","dateModified":"2024-10-01T10:15:21+00:00","breadcrumb":{"@id":"https:\/\/www.terraaquatica.com\/es\/fertilizantes-especificos-suplementos-nutricionales\/calcium-magnesium-supplement-2#breadcrumb"},"inLanguage":"es","potentialAction":[{"@type":"ReadAction","target":["https:\/\/www.terraaquatica.com\/es\/fertilizantes-especificos-suplementos-nutricionales\/calcium-magnesium-supplement-2"]}]},{"@type":"ImageObject","inLanguage":"es","@id":"https:\/\/www.terraaquatica.com\/es\/fertilizantes-especificos-suplementos-nutricionales\/calcium-magnesium-supplement-2#primaryimage","url":"https:\/\/www.terraaquatica.com\/wp-content\/uploads\/2020\/03\/calmag-1l-fond-blanc-720_1.jpg","contentUrl":"https:\/\/www.terraaquatica.com\/wp-content\/uploads\/2020\/03\/calmag-1l-fond-blanc-720_1.jpg","width":720,"height":720,"caption":"Calcium Magnesium Supplement 1L"},{"@type":"BreadcrumbList","@id":"https:\/\/www.terraaquatica.com\/es\/fertilizantes-especificos-suplementos-nutricionales\/calcium-magnesium-supplement-2#breadcrumb","itemListElement":[{"@type":"ListItem","position":1,"name":"Accueil","item":"https:\/\/www.terraaquatica.com\/es\/"},{"@type":"ListItem","position":2,"name":"Products","item":"https:\/\/www.terraaquatica.com\/es\/product\/"},{"@type":"ListItem","position":3,"name":"CALCIUM MAGNESIUM SUPPLEMENT"}]},{"@type":"WebSite","@id":"https:\/\/www.terraaquatica.com\/#website","url":"https:\/\/www.terraaquatica.com\/","name":"Terra Aquatica","description":"Engrais et syst\u00e8mes de culture depuis 1995","publisher":{"@id":"https:\/\/www.terraaquatica.com\/#organization"},"potentialAction":[{"@type":"SearchAction","target":{"@type":"EntryPoint","urlTemplate":"https:\/\/www.terraaquatica.com\/?s={search_term_string}"},"query-input":{"@type":"PropertyValueSpecification","valueRequired":true,"valueName":"search_term_string"}}],"inLanguage":"es"},{"@type":"Organization","@id":"https:\/\/www.terraaquatica.com\/#organization","name":"Terra Aquatica","url":"https:\/\/www.terraaquatica.com\/","logo":{"@type":"ImageObject","inLanguage":"es","@id":"https:\/\/www.terraaquatica.com\/#\/schema\/logo\/image\/","url":"https:\/\/www.terraaquatica.com\/wp-content\/uploads\/2022\/03\/favicon-transpa-big.png","contentUrl":"https:\/\/www.terraaquatica.com\/wp-content\/uploads\/2022\/03\/favicon-transpa-big.png","width":512,"height":512,"caption":"Terra Aquatica"},"image":{"@id":"https:\/\/www.terraaquatica.com\/#\/schema\/logo\/image\/"}}]}},"_links":{"self":[{"href":"https:\/\/www.terraaquatica.com\/es\/wp-json\/wp\/v2\/product\/1797","targetHints":{"allow":["GET"]}}],"collection":[{"href":"https:\/\/www.terraaquatica.com\/es\/wp-json\/wp\/v2\/product"}],"about":[{"href":"https:\/\/www.terraaquatica.com\/es\/wp-json\/wp\/v2\/types\/product"}],"author":[{"embeddable":true,"href":"https:\/\/www.terraaquatica.com\/es\/wp-json\/wp\/v2\/users\/3"}],"wp:featuredmedia":[{"embeddable":true,"href":"https:\/\/www.terraaquatica.com\/es\/wp-json\/wp\/v2\/media\/1772"}],"wp:attachment":[{"href":"https:\/\/www.terraaquatica.com\/es\/wp-json\/wp\/v2\/media?parent=1797"}],"wp:term":[{"taxonomy":"m_thode_de_culture","embeddable":true,"href":"https:\/\/www.terraaquatica.com\/es\/wp-json\/wp\/v2\/m_thode_de_culture?post=1797"},{"taxonomy":"substrat","embeddable":true,"href":"https:\/\/www.terraaquatica.com\/es\/wp-json\/wp\/v2\/substrat?post=1797"},{"taxonomy":"product_category","embeddable":true,"href":"https:\/\/www.terraaquatica.com\/es\/wp-json\/wp\/v2\/product_category?post=1797"}],"curies":[{"name":"wp","href":"https:\/\/api.w.org\/{rel}","templated":true}]}}