{"id":1801,"date":"2018-04-10T15:33:49","date_gmt":"2018-04-10T13:33:49","guid":{"rendered":"https:\/\/www.terraaquatica.com\/produits\/fulvic-2\/"},"modified":"2024-09-10T11:35:53","modified_gmt":"2024-09-10T09:35:53","slug":"fulvic-2","status":"publish","type":"product","link":"https:\/\/www.terraaquatica.com\/es\/bioestimulante-organico-universal\/fulvic-2","title":{"rendered":"Fulvic"},"content":{"rendered":"<p><em>El mayor impulso que podr\u00eda darle a sus plantes despu\u00e9s de los nutrientes es un \u00e1cido f\u00falvico de alta calidad, y Fulvic es el mejor del mundo.<\/em><\/p>\n<p>Los humatos solubles contienen una gran cantidad de componentes que promueven el crecimiento natural de la planta, adem\u00e1s de ingredientes que mejoran los nutrientes. Entre \u00e9stos, el \u00e1cido f\u00falvico contiene las sustancias que hacen realmente el trabajo pesado al permitir que los minerales sean m\u00e1s f\u00e1cilmente absorbidos por las plantas, lo que aumenta la eficacia de los nutrientes.<\/p>\n<p>Hemos analizado y testeado muchas fuentes diferentes de leonardita provenientes de todo el mundo para que nuestro \u00e1cido f\u00falvico patentado, con el pH ajustado, d\u00e9 los m\u00e1ximos beneficios agron\u00f3micos:<\/p>\n<ul>\n<li>\n\t\tMejor desarrollo de las ra\u00edces<\/li>\n<li>\n\t\tCosechas m\u00e1s tempranas<\/li>\n<li>\n\t\tPlantas m\u00e1s saludables y con mayor resistencia frente a enfermedades<\/li>\n<li>\n\t\tMejor calidad de sabor y fragancia<\/li>\n<li>\n\t\tAumento en la producci\u00f3n de aceites esenciales<\/li>\n<li>\n\t\tRendimientos significantemente superiores<\/li>\n<\/ul>\n<p>No importa la concentraci\u00f3n que un producto afirme tener, pues es la calidad y la composici\u00f3n del \u00e1cido f\u00falvico lo que cuenta \u2013 y es esta la raz\u00f3n por la que Fulvic supera a la competencia.<\/p>\n","protected":false},"author":3,"template":"","meta":{"_acf_changed":true},"m_thode_de_culture":[31,32],"substrat":[302,299,300,301,303],"product_category":[282],"class_list":["post-1801","product","type-product","status-publish","has-post-thumbnail","hentry","m_thode_de_culture-mineral-en","m_thode_de_culture-organic-en","substrat-bioponics","substrat-coco","substrat-hydro","substrat-soil","substrat-spray","product_category-bioestimulante-organico-universal"],"acf":[],"yoast_head":"<!-- This site is optimized with the Yoast SEO plugin v27.3 - https:\/\/yoast.com\/product\/yoast-seo-wordpress\/ -->\n<title>Fulvic - Terra Aquatica<\/title>\n<meta name=\"robots\" content=\"index, follow, max-snippet:-1, max-image-preview:large, max-video-preview:-1\" \/>\n<link rel=\"canonical\" href=\"https:\/\/www.terraaquatica.com\/es\/bioestimulante-organico-universal\/fulvic-2\/\" \/>\n<meta property=\"og:locale\" content=\"es_ES\" \/>\n<meta property=\"og:type\" content=\"article\" \/>\n<meta property=\"og:title\" content=\"Fulvic - Terra Aquatica\" \/>\n<meta property=\"og:description\" content=\"El mayor impulso que podr\u00eda darle a sus plantes despu\u00e9s de los nutrientes es un \u00e1cido f\u00falvico de alta calidad, [&hellip;]\" \/>\n<meta property=\"og:url\" content=\"https:\/\/www.terraaquatica.com\/es\/bioestimulante-organico-universal\/fulvic-2\" \/>\n<meta property=\"og:site_name\" content=\"Terra Aquatica\" \/>\n<meta property=\"article:modified_time\" content=\"2024-09-10T09:35:53+00:00\" \/>\n<meta property=\"og:image\" content=\"https:\/\/www.terraaquatica.com\/wp-content\/uploads\/2019\/03\/fulvic-1l.jpg\" \/>\n\t<meta property=\"og:image:width\" content=\"720\" \/>\n\t<meta property=\"og:image:height\" content=\"720\" \/>\n\t<meta property=\"og:image:type\" content=\"image\/jpeg\" \/>\n<meta name=\"twitter:card\" content=\"summary_large_image\" \/>\n<meta name=\"twitter:label1\" content=\"Tiempo de lectura\" \/>\n\t<meta name=\"twitter:data1\" content=\"1 minuto\" \/>\n<script type=\"application\/ld+json\" class=\"yoast-schema-graph\">{\"@context\":\"https:\\\/\\\/schema.org\",\"@graph\":[{\"@type\":\"WebPage\",\"@id\":\"https:\\\/\\\/www.terraaquatica.com\\\/es\\\/bioestimulante-organico-universal\\\/fulvic-2\",\"url\":\"https:\\\/\\\/www.terraaquatica.com\\\/es\\\/bioestimulante-organico-universal\\\/fulvic-2\",\"name\":\"Fulvic - Terra Aquatica\",\"isPartOf\":{\"@id\":\"https:\\\/\\\/www.terraaquatica.com\\\/#website\"},\"primaryImageOfPage\":{\"@id\":\"https:\\\/\\\/www.terraaquatica.com\\\/es\\\/bioestimulante-organico-universal\\\/fulvic-2#primaryimage\"},\"image\":{\"@id\":\"https:\\\/\\\/www.terraaquatica.com\\\/es\\\/bioestimulante-organico-universal\\\/fulvic-2#primaryimage\"},\"thumbnailUrl\":\"https:\\\/\\\/www.terraaquatica.com\\\/wp-content\\\/uploads\\\/2019\\\/03\\\/fulvic-1l.jpg\",\"datePublished\":\"2018-04-10T13:33:49+00:00\",\"dateModified\":\"2024-09-10T09:35:53+00:00\",\"breadcrumb\":{\"@id\":\"https:\\\/\\\/www.terraaquatica.com\\\/es\\\/bioestimulante-organico-universal\\\/fulvic-2#breadcrumb\"},\"inLanguage\":\"es\",\"potentialAction\":[{\"@type\":\"ReadAction\",\"target\":[\"https:\\\/\\\/www.terraaquatica.com\\\/es\\\/bioestimulante-organico-universal\\\/fulvic-2\"]}]},{\"@type\":\"ImageObject\",\"inLanguage\":\"es\",\"@id\":\"https:\\\/\\\/www.terraaquatica.com\\\/es\\\/bioestimulante-organico-universal\\\/fulvic-2#primaryimage\",\"url\":\"https:\\\/\\\/www.terraaquatica.com\\\/wp-content\\\/uploads\\\/2019\\\/03\\\/fulvic-1l.jpg\",\"contentUrl\":\"https:\\\/\\\/www.terraaquatica.com\\\/wp-content\\\/uploads\\\/2019\\\/03\\\/fulvic-1l.jpg\",\"width\":720,\"height\":720,\"caption\":\"Fulvic\"},{\"@type\":\"BreadcrumbList\",\"@id\":\"https:\\\/\\\/www.terraaquatica.com\\\/es\\\/bioestimulante-organico-universal\\\/fulvic-2#breadcrumb\",\"itemListElement\":[{\"@type\":\"ListItem\",\"position\":1,\"name\":\"Accueil\",\"item\":\"https:\\\/\\\/www.terraaquatica.com\\\/es\\\/\"},{\"@type\":\"ListItem\",\"position\":2,\"name\":\"Products\",\"item\":\"https:\\\/\\\/www.terraaquatica.com\\\/es\\\/product\\\/\"},{\"@type\":\"ListItem\",\"position\":3,\"name\":\"Fulvic\"}]},{\"@type\":\"WebSite\",\"@id\":\"https:\\\/\\\/www.terraaquatica.com\\\/#website\",\"url\":\"https:\\\/\\\/www.terraaquatica.com\\\/\",\"name\":\"Terra Aquatica\",\"description\":\"Engrais et syst\u00e8mes de culture depuis 1995\",\"publisher\":{\"@id\":\"https:\\\/\\\/www.terraaquatica.com\\\/#organization\"},\"potentialAction\":[{\"@type\":\"SearchAction\",\"target\":{\"@type\":\"EntryPoint\",\"urlTemplate\":\"https:\\\/\\\/www.terraaquatica.com\\\/?s={search_term_string}\"},\"query-input\":{\"@type\":\"PropertyValueSpecification\",\"valueRequired\":true,\"valueName\":\"search_term_string\"}}],\"inLanguage\":\"es\"},{\"@type\":\"Organization\",\"@id\":\"https:\\\/\\\/www.terraaquatica.com\\\/#organization\",\"name\":\"Terra Aquatica\",\"url\":\"https:\\\/\\\/www.terraaquatica.com\\\/\",\"logo\":{\"@type\":\"ImageObject\",\"inLanguage\":\"es\",\"@id\":\"https:\\\/\\\/www.terraaquatica.com\\\/#\\\/schema\\\/logo\\\/image\\\/\",\"url\":\"https:\\\/\\\/www.terraaquatica.com\\\/wp-content\\\/uploads\\\/2022\\\/03\\\/favicon-transpa-big.png\",\"contentUrl\":\"https:\\\/\\\/www.terraaquatica.com\\\/wp-content\\\/uploads\\\/2022\\\/03\\\/favicon-transpa-big.png\",\"width\":512,\"height\":512,\"caption\":\"Terra Aquatica\"},\"image\":{\"@id\":\"https:\\\/\\\/www.terraaquatica.com\\\/#\\\/schema\\\/logo\\\/image\\\/\"}}]}<\/script>\n<!-- \/ Yoast SEO plugin. -->","yoast_head_json":{"title":"Fulvic - Terra Aquatica","robots":{"index":"index","follow":"follow","max-snippet":"max-snippet:-1","max-image-preview":"max-image-preview:large","max-video-preview":"max-video-preview:-1"},"canonical":"https:\/\/www.terraaquatica.com\/es\/bioestimulante-organico-universal\/fulvic-2\/","og_locale":"es_ES","og_type":"article","og_title":"Fulvic - Terra Aquatica","og_description":"El mayor impulso que podr\u00eda darle a sus plantes despu\u00e9s de los nutrientes es un \u00e1cido f\u00falvico de alta calidad, [&hellip;]","og_url":"https:\/\/www.terraaquatica.com\/es\/bioestimulante-organico-universal\/fulvic-2","og_site_name":"Terra Aquatica","article_modified_time":"2024-09-10T09:35:53+00:00","og_image":[{"width":720,"height":720,"url":"https:\/\/www.terraaquatica.com\/wp-content\/uploads\/2019\/03\/fulvic-1l.jpg","type":"image\/jpeg"}],"twitter_card":"summary_large_image","twitter_misc":{"Tiempo de lectura":"1 minuto"},"schema":{"@context":"https:\/\/schema.org","@graph":[{"@type":"WebPage","@id":"https:\/\/www.terraaquatica.com\/es\/bioestimulante-organico-universal\/fulvic-2","url":"https:\/\/www.terraaquatica.com\/es\/bioestimulante-organico-universal\/fulvic-2","name":"Fulvic - Terra Aquatica","isPartOf":{"@id":"https:\/\/www.terraaquatica.com\/#website"},"primaryImageOfPage":{"@id":"https:\/\/www.terraaquatica.com\/es\/bioestimulante-organico-universal\/fulvic-2#primaryimage"},"image":{"@id":"https:\/\/www.terraaquatica.com\/es\/bioestimulante-organico-universal\/fulvic-2#primaryimage"},"thumbnailUrl":"https:\/\/www.terraaquatica.com\/wp-content\/uploads\/2019\/03\/fulvic-1l.jpg","datePublished":"2018-04-10T13:33:49+00:00","dateModified":"2024-09-10T09:35:53+00:00","breadcrumb":{"@id":"https:\/\/www.terraaquatica.com\/es\/bioestimulante-organico-universal\/fulvic-2#breadcrumb"},"inLanguage":"es","potentialAction":[{"@type":"ReadAction","target":["https:\/\/www.terraaquatica.com\/es\/bioestimulante-organico-universal\/fulvic-2"]}]},{"@type":"ImageObject","inLanguage":"es","@id":"https:\/\/www.terraaquatica.com\/es\/bioestimulante-organico-universal\/fulvic-2#primaryimage","url":"https:\/\/www.terraaquatica.com\/wp-content\/uploads\/2019\/03\/fulvic-1l.jpg","contentUrl":"https:\/\/www.terraaquatica.com\/wp-content\/uploads\/2019\/03\/fulvic-1l.jpg","width":720,"height":720,"caption":"Fulvic"},{"@type":"BreadcrumbList","@id":"https:\/\/www.terraaquatica.com\/es\/bioestimulante-organico-universal\/fulvic-2#breadcrumb","itemListElement":[{"@type":"ListItem","position":1,"name":"Accueil","item":"https:\/\/www.terraaquatica.com\/es\/"},{"@type":"ListItem","position":2,"name":"Products","item":"https:\/\/www.terraaquatica.com\/es\/product\/"},{"@type":"ListItem","position":3,"name":"Fulvic"}]},{"@type":"WebSite","@id":"https:\/\/www.terraaquatica.com\/#website","url":"https:\/\/www.terraaquatica.com\/","name":"Terra Aquatica","description":"Engrais et syst\u00e8mes de culture depuis 1995","publisher":{"@id":"https:\/\/www.terraaquatica.com\/#organization"},"potentialAction":[{"@type":"SearchAction","target":{"@type":"EntryPoint","urlTemplate":"https:\/\/www.terraaquatica.com\/?s={search_term_string}"},"query-input":{"@type":"PropertyValueSpecification","valueRequired":true,"valueName":"search_term_string"}}],"inLanguage":"es"},{"@type":"Organization","@id":"https:\/\/www.terraaquatica.com\/#organization","name":"Terra Aquatica","url":"https:\/\/www.terraaquatica.com\/","logo":{"@type":"ImageObject","inLanguage":"es","@id":"https:\/\/www.terraaquatica.com\/#\/schema\/logo\/image\/","url":"https:\/\/www.terraaquatica.com\/wp-content\/uploads\/2022\/03\/favicon-transpa-big.png","contentUrl":"https:\/\/www.terraaquatica.com\/wp-content\/uploads\/2022\/03\/favicon-transpa-big.png","width":512,"height":512,"caption":"Terra Aquatica"},"image":{"@id":"https:\/\/www.terraaquatica.com\/#\/schema\/logo\/image\/"}}]}},"_links":{"self":[{"href":"https:\/\/www.terraaquatica.com\/es\/wp-json\/wp\/v2\/product\/1801","targetHints":{"allow":["GET"]}}],"collection":[{"href":"https:\/\/www.terraaquatica.com\/es\/wp-json\/wp\/v2\/product"}],"about":[{"href":"https:\/\/www.terraaquatica.com\/es\/wp-json\/wp\/v2\/types\/product"}],"author":[{"embeddable":true,"href":"https:\/\/www.terraaquatica.com\/es\/wp-json\/wp\/v2\/users\/3"}],"wp:featuredmedia":[{"embeddable":true,"href":"https:\/\/www.terraaquatica.com\/es\/wp-json\/wp\/v2\/media\/1720"}],"wp:attachment":[{"href":"https:\/\/www.terraaquatica.com\/es\/wp-json\/wp\/v2\/media?parent=1801"}],"wp:term":[{"taxonomy":"m_thode_de_culture","embeddable":true,"href":"https:\/\/www.terraaquatica.com\/es\/wp-json\/wp\/v2\/m_thode_de_culture?post=1801"},{"taxonomy":"substrat","embeddable":true,"href":"https:\/\/www.terraaquatica.com\/es\/wp-json\/wp\/v2\/substrat?post=1801"},{"taxonomy":"product_category","embeddable":true,"href":"https:\/\/www.terraaquatica.com\/es\/wp-json\/wp\/v2\/product_category?post=1801"}],"curies":[{"name":"wp","href":"https:\/\/api.w.org\/{rel}","templated":true}]}}