{"id":1803,"date":"2018-04-11T08:55:17","date_gmt":"2018-04-11T06:55:17","guid":{"rendered":"https:\/\/www.terraaquatica.com\/produits\/regul_ph-html-2\/"},"modified":"2023-09-21T08:40:15","modified_gmt":"2023-09-21T06:40:15","slug":"regul_ph-html-2","status":"publish","type":"product","link":"https:\/\/www.terraaquatica.com\/es\/gestion-ph\/regul_ph-html-2","title":{"rendered":"Control del pH"},"content":{"rendered":"<p><a href=\"http:\/\/www.terraaquatica.com\/\" target=\"_blank\" rel=\"noopener\"><img decoding=\"async\" class=\" alignleft size-full wp-image-1616\" style=\"opacity: 0.9; float: left; width: 250px; height: 250px;\" src=\"https:\/\/www.terraaquatica.com\/wp-content\/uploads\/2017\/06\/colerette.png\" alt=\"\"><\/a>No existe ning\u00fan valor ideal del pH. Los valores m\u00e1s altos facilitan la absorci\u00f3n del cati\u00f3n y los niveles m\u00e1s bajos ayudan a la absorci\u00f3n de los aniones: cualquier ajuste del pH es todo un asunto delicado. El valor medio seguro recomendado es habitualmente de 5.5 a 6.5. Nuestra recomendaci\u00f3n es permanecer en el nivel bajo de 5.5 a 6.2.<\/p>\n<h2><strong>pH-<\/strong><\/h2>\n<p><strong>Control y amortiguaci\u00f3n premium del pH para hidropon\u00eda, coco y suelo.<\/strong><\/p>\n<p><em>No se trata de un simple \u00e1cido: Terra Aquatica pH- supone una contribuci\u00f3n real a la estabilidad de la soluci\u00f3n nutritiva<\/em><\/p>\n<p>Para producir el Terra Aquatica pH-, hemos combinado cuidadosamente tres \u00e1cidos usados habitualmente por separado en hidropon\u00eda; con ello podemos ofrecerle todos los beneficios de cada uno de ellos evitando sus desventajas.<\/p>\n<p>Terra Aquatica pH- utiliza los \u00e1cidos n\u00edtrico y fosf\u00f3rico para realizar el arduo trabajo inicial de modificar el pH del agua y la mezcla de ambos \u00e1cidos supone la nula alteraci\u00f3n de las proporciones NK durante el crecimiento y la floraci\u00f3n, adem\u00e1s evita cualquier residuo en la superficie de su recipiente al usar \u00e1cido fosf\u00f3rico s\u00f3lo en \u00e1reas de agua dura. Despu\u00e9s, con sus caracter\u00edsticas especiales, el \u00e1cido c\u00edtrico ecol\u00f3gico toma el control para amortiguar los cambios del pH a lo largo del tiempo, manteniendo as\u00ed su soluci\u00f3n nutritiva m\u00e1s estable y ayudando a manejar el exceso de calcio en zonas de agua dura.<\/p>\n<h2><strong>pH+<\/strong><\/h2>\n<p><strong>Control premium del pH y fuente de s\u00edlice para hidropon\u00eda, coco y suelo.<\/strong><\/p>\n<p><em>Controle el pH y potencie al mismo tiempo los niveles de s\u00edlice<\/em><\/p>\n<p>Aunque elevar los niveles del pH puede resultar descabellado para los cultivadores en agua dura, es un verdadero problema cuando se trata de agua blanda o de osmosis inversa. Terra Aquatica pH+ permite ese ajuste y ofrece una buena fuente de silicato disponible \u2013 la cual suele ser escasa en hidropon\u00eda \u2013, gracias a su solubilidad realmente baja. Unos niveles adecuados de silicato contribuyen en gran medida a la salud de la planta y por ello, siempre que podemos, lo incluimos en nuestros productos.<\/p>\n<h2><strong>pH- Powder<\/strong><\/h2>\n<p><strong>Soluci\u00f3n \u00fanica en polvo para el control del pH en hidropon\u00eda, coco y suelo.<\/strong><\/p>\n<p><em>El \u00fanico polvo disponible actualmente en el mercado para ajustar el pH<\/em><\/p>\n<p>Un producto \u00fanico en el sector: mientras que Terra Aquatica pH- Powder es inerte cuando se encuentra en estado seco, al mezclarlo con agua se convierte en un potente \u00e1cido.<\/p>\n<p>La regulaci\u00f3n del pH es una pr\u00e1ctica esencial para todos los productores: hace que las sales minerales sean accesibles y estabiliza los quelatos, pero para aquellas tiendas de jardiner\u00eda que proponen env\u00edos por correo, expedir \u00e1cidos l\u00edquidos puede resultar arriesgado ya que a veces est\u00e1 restringido por las autoridades postales. Con Terra Aquatica pH- Powder estos problemas quedan resueltos, haciendo que el env\u00edo y el transporte sean mucho m\u00e1s f\u00e1ciles.<\/p>\n<p>Adem\u00e1s de ajustar la regulaci\u00f3n del pH, Terra Aquatica pH- Powder puede utilizarse (altamente concentrado) para limpiar y desinfectar conductos y sistemas; en una concentraci\u00f3n baja, util\u00edcelo como pulverizador foliar para limpiar los residuos de pesticidas depositados en las hojas. Por \u00faltimo, tambi\u00e9n da un impulso nutritivo a las plantas al proporcionar lo siguiente:<\/p>\n<ul>\n<li>Nitratos, que mantiene el crecimiento sin poner en riesgo la floraci\u00f3n<\/li>\n<li>Fosfatos para una floraci\u00f3n intensa, la salud de las ra\u00edces, un follaje espeso y un crecimiento armonioso<\/li>\n<\/ul>\n<div><\/div>\n","protected":false},"author":3,"template":"","meta":{"_acf_changed":false},"m_thode_de_culture":[31,32],"substrat":[299,300,301],"product_category":[278],"class_list":["post-1803","product","type-product","status-publish","has-post-thumbnail","hentry","m_thode_de_culture-mineral-en","m_thode_de_culture-organic-en","substrat-coco","substrat-hydro","substrat-soil","product_category-gestion-ph"],"acf":[],"yoast_head":"<!-- This site is optimized with the Yoast SEO plugin v27.3 - https:\/\/yoast.com\/product\/yoast-seo-wordpress\/ -->\n<title>Control del pH - Terra Aquatica<\/title>\n<meta name=\"robots\" content=\"index, follow, max-snippet:-1, max-image-preview:large, max-video-preview:-1\" \/>\n<link rel=\"canonical\" href=\"https:\/\/www.terraaquatica.com\/es\/gestion-ph\/regul_ph-html-2\/\" \/>\n<meta property=\"og:locale\" content=\"es_ES\" \/>\n<meta property=\"og:type\" content=\"article\" \/>\n<meta property=\"og:title\" content=\"Control del pH - Terra Aquatica\" \/>\n<meta property=\"og:description\" content=\"No existe ning\u00fan valor ideal del pH. Los valores m\u00e1s altos facilitan la absorci\u00f3n del cati\u00f3n y los niveles m\u00e1s [&hellip;]\" \/>\n<meta property=\"og:url\" content=\"https:\/\/www.terraaquatica.com\/es\/gestion-ph\/regul_ph-html-2\" \/>\n<meta property=\"og:site_name\" content=\"Terra Aquatica\" \/>\n<meta property=\"article:modified_time\" content=\"2023-09-21T06:40:15+00:00\" \/>\n<meta property=\"og:image\" content=\"https:\/\/www.terraaquatica.com\/wp-content\/uploads\/2020\/02\/ph-duo.jpg\" \/>\n\t<meta property=\"og:image:width\" content=\"720\" \/>\n\t<meta property=\"og:image:height\" content=\"720\" \/>\n\t<meta property=\"og:image:type\" content=\"image\/jpeg\" \/>\n<meta name=\"twitter:card\" content=\"summary_large_image\" \/>\n<meta name=\"twitter:label1\" content=\"Tiempo de lectura\" \/>\n\t<meta name=\"twitter:data1\" content=\"3 minutos\" \/>\n<script type=\"application\/ld+json\" class=\"yoast-schema-graph\">{\"@context\":\"https:\\\/\\\/schema.org\",\"@graph\":[{\"@type\":\"WebPage\",\"@id\":\"https:\\\/\\\/www.terraaquatica.com\\\/es\\\/gestion-ph\\\/regul_ph-html-2\",\"url\":\"https:\\\/\\\/www.terraaquatica.com\\\/es\\\/gestion-ph\\\/regul_ph-html-2\",\"name\":\"Control del pH - Terra Aquatica\",\"isPartOf\":{\"@id\":\"https:\\\/\\\/www.terraaquatica.com\\\/#website\"},\"primaryImageOfPage\":{\"@id\":\"https:\\\/\\\/www.terraaquatica.com\\\/es\\\/gestion-ph\\\/regul_ph-html-2#primaryimage\"},\"image\":{\"@id\":\"https:\\\/\\\/www.terraaquatica.com\\\/es\\\/gestion-ph\\\/regul_ph-html-2#primaryimage\"},\"thumbnailUrl\":\"https:\\\/\\\/www.terraaquatica.com\\\/wp-content\\\/uploads\\\/2020\\\/02\\\/ph-duo.jpg\",\"datePublished\":\"2018-04-11T06:55:17+00:00\",\"dateModified\":\"2023-09-21T06:40:15+00:00\",\"breadcrumb\":{\"@id\":\"https:\\\/\\\/www.terraaquatica.com\\\/es\\\/gestion-ph\\\/regul_ph-html-2#breadcrumb\"},\"inLanguage\":\"es\",\"potentialAction\":[{\"@type\":\"ReadAction\",\"target\":[\"https:\\\/\\\/www.terraaquatica.com\\\/es\\\/gestion-ph\\\/regul_ph-html-2\"]}]},{\"@type\":\"ImageObject\",\"inLanguage\":\"es\",\"@id\":\"https:\\\/\\\/www.terraaquatica.com\\\/es\\\/gestion-ph\\\/regul_ph-html-2#primaryimage\",\"url\":\"https:\\\/\\\/www.terraaquatica.com\\\/wp-content\\\/uploads\\\/2020\\\/02\\\/ph-duo.jpg\",\"contentUrl\":\"https:\\\/\\\/www.terraaquatica.com\\\/wp-content\\\/uploads\\\/2020\\\/02\\\/ph-duo.jpg\",\"width\":720,\"height\":720,\"caption\":\"pH - - pH + 1L\"},{\"@type\":\"BreadcrumbList\",\"@id\":\"https:\\\/\\\/www.terraaquatica.com\\\/es\\\/gestion-ph\\\/regul_ph-html-2#breadcrumb\",\"itemListElement\":[{\"@type\":\"ListItem\",\"position\":1,\"name\":\"Accueil\",\"item\":\"https:\\\/\\\/www.terraaquatica.com\\\/es\\\/\"},{\"@type\":\"ListItem\",\"position\":2,\"name\":\"Products\",\"item\":\"https:\\\/\\\/www.terraaquatica.com\\\/es\\\/product\\\/\"},{\"@type\":\"ListItem\",\"position\":3,\"name\":\"Control del pH\"}]},{\"@type\":\"WebSite\",\"@id\":\"https:\\\/\\\/www.terraaquatica.com\\\/#website\",\"url\":\"https:\\\/\\\/www.terraaquatica.com\\\/\",\"name\":\"Terra Aquatica\",\"description\":\"Engrais et syst\u00e8mes de culture depuis 1995\",\"publisher\":{\"@id\":\"https:\\\/\\\/www.terraaquatica.com\\\/#organization\"},\"potentialAction\":[{\"@type\":\"SearchAction\",\"target\":{\"@type\":\"EntryPoint\",\"urlTemplate\":\"https:\\\/\\\/www.terraaquatica.com\\\/?s={search_term_string}\"},\"query-input\":{\"@type\":\"PropertyValueSpecification\",\"valueRequired\":true,\"valueName\":\"search_term_string\"}}],\"inLanguage\":\"es\"},{\"@type\":\"Organization\",\"@id\":\"https:\\\/\\\/www.terraaquatica.com\\\/#organization\",\"name\":\"Terra Aquatica\",\"url\":\"https:\\\/\\\/www.terraaquatica.com\\\/\",\"logo\":{\"@type\":\"ImageObject\",\"inLanguage\":\"es\",\"@id\":\"https:\\\/\\\/www.terraaquatica.com\\\/#\\\/schema\\\/logo\\\/image\\\/\",\"url\":\"https:\\\/\\\/www.terraaquatica.com\\\/wp-content\\\/uploads\\\/2022\\\/03\\\/favicon-transpa-big.png\",\"contentUrl\":\"https:\\\/\\\/www.terraaquatica.com\\\/wp-content\\\/uploads\\\/2022\\\/03\\\/favicon-transpa-big.png\",\"width\":512,\"height\":512,\"caption\":\"Terra Aquatica\"},\"image\":{\"@id\":\"https:\\\/\\\/www.terraaquatica.com\\\/#\\\/schema\\\/logo\\\/image\\\/\"}}]}<\/script>\n<!-- \/ Yoast SEO plugin. -->","yoast_head_json":{"title":"Control del pH - Terra Aquatica","robots":{"index":"index","follow":"follow","max-snippet":"max-snippet:-1","max-image-preview":"max-image-preview:large","max-video-preview":"max-video-preview:-1"},"canonical":"https:\/\/www.terraaquatica.com\/es\/gestion-ph\/regul_ph-html-2\/","og_locale":"es_ES","og_type":"article","og_title":"Control del pH - Terra Aquatica","og_description":"No existe ning\u00fan valor ideal del pH. Los valores m\u00e1s altos facilitan la absorci\u00f3n del cati\u00f3n y los niveles m\u00e1s [&hellip;]","og_url":"https:\/\/www.terraaquatica.com\/es\/gestion-ph\/regul_ph-html-2","og_site_name":"Terra Aquatica","article_modified_time":"2023-09-21T06:40:15+00:00","og_image":[{"width":720,"height":720,"url":"https:\/\/www.terraaquatica.com\/wp-content\/uploads\/2020\/02\/ph-duo.jpg","type":"image\/jpeg"}],"twitter_card":"summary_large_image","twitter_misc":{"Tiempo de lectura":"3 minutos"},"schema":{"@context":"https:\/\/schema.org","@graph":[{"@type":"WebPage","@id":"https:\/\/www.terraaquatica.com\/es\/gestion-ph\/regul_ph-html-2","url":"https:\/\/www.terraaquatica.com\/es\/gestion-ph\/regul_ph-html-2","name":"Control del pH - Terra Aquatica","isPartOf":{"@id":"https:\/\/www.terraaquatica.com\/#website"},"primaryImageOfPage":{"@id":"https:\/\/www.terraaquatica.com\/es\/gestion-ph\/regul_ph-html-2#primaryimage"},"image":{"@id":"https:\/\/www.terraaquatica.com\/es\/gestion-ph\/regul_ph-html-2#primaryimage"},"thumbnailUrl":"https:\/\/www.terraaquatica.com\/wp-content\/uploads\/2020\/02\/ph-duo.jpg","datePublished":"2018-04-11T06:55:17+00:00","dateModified":"2023-09-21T06:40:15+00:00","breadcrumb":{"@id":"https:\/\/www.terraaquatica.com\/es\/gestion-ph\/regul_ph-html-2#breadcrumb"},"inLanguage":"es","potentialAction":[{"@type":"ReadAction","target":["https:\/\/www.terraaquatica.com\/es\/gestion-ph\/regul_ph-html-2"]}]},{"@type":"ImageObject","inLanguage":"es","@id":"https:\/\/www.terraaquatica.com\/es\/gestion-ph\/regul_ph-html-2#primaryimage","url":"https:\/\/www.terraaquatica.com\/wp-content\/uploads\/2020\/02\/ph-duo.jpg","contentUrl":"https:\/\/www.terraaquatica.com\/wp-content\/uploads\/2020\/02\/ph-duo.jpg","width":720,"height":720,"caption":"pH - - pH + 1L"},{"@type":"BreadcrumbList","@id":"https:\/\/www.terraaquatica.com\/es\/gestion-ph\/regul_ph-html-2#breadcrumb","itemListElement":[{"@type":"ListItem","position":1,"name":"Accueil","item":"https:\/\/www.terraaquatica.com\/es\/"},{"@type":"ListItem","position":2,"name":"Products","item":"https:\/\/www.terraaquatica.com\/es\/product\/"},{"@type":"ListItem","position":3,"name":"Control del pH"}]},{"@type":"WebSite","@id":"https:\/\/www.terraaquatica.com\/#website","url":"https:\/\/www.terraaquatica.com\/","name":"Terra Aquatica","description":"Engrais et syst\u00e8mes de culture depuis 1995","publisher":{"@id":"https:\/\/www.terraaquatica.com\/#organization"},"potentialAction":[{"@type":"SearchAction","target":{"@type":"EntryPoint","urlTemplate":"https:\/\/www.terraaquatica.com\/?s={search_term_string}"},"query-input":{"@type":"PropertyValueSpecification","valueRequired":true,"valueName":"search_term_string"}}],"inLanguage":"es"},{"@type":"Organization","@id":"https:\/\/www.terraaquatica.com\/#organization","name":"Terra Aquatica","url":"https:\/\/www.terraaquatica.com\/","logo":{"@type":"ImageObject","inLanguage":"es","@id":"https:\/\/www.terraaquatica.com\/#\/schema\/logo\/image\/","url":"https:\/\/www.terraaquatica.com\/wp-content\/uploads\/2022\/03\/favicon-transpa-big.png","contentUrl":"https:\/\/www.terraaquatica.com\/wp-content\/uploads\/2022\/03\/favicon-transpa-big.png","width":512,"height":512,"caption":"Terra Aquatica"},"image":{"@id":"https:\/\/www.terraaquatica.com\/#\/schema\/logo\/image\/"}}]}},"_links":{"self":[{"href":"https:\/\/www.terraaquatica.com\/es\/wp-json\/wp\/v2\/product\/1803","targetHints":{"allow":["GET"]}}],"collection":[{"href":"https:\/\/www.terraaquatica.com\/es\/wp-json\/wp\/v2\/product"}],"about":[{"href":"https:\/\/www.terraaquatica.com\/es\/wp-json\/wp\/v2\/types\/product"}],"author":[{"embeddable":true,"href":"https:\/\/www.terraaquatica.com\/es\/wp-json\/wp\/v2\/users\/3"}],"wp:featuredmedia":[{"embeddable":true,"href":"https:\/\/www.terraaquatica.com\/es\/wp-json\/wp\/v2\/media\/1733"}],"wp:attachment":[{"href":"https:\/\/www.terraaquatica.com\/es\/wp-json\/wp\/v2\/media?parent=1803"}],"wp:term":[{"taxonomy":"m_thode_de_culture","embeddable":true,"href":"https:\/\/www.terraaquatica.com\/es\/wp-json\/wp\/v2\/m_thode_de_culture?post=1803"},{"taxonomy":"substrat","embeddable":true,"href":"https:\/\/www.terraaquatica.com\/es\/wp-json\/wp\/v2\/substrat?post=1803"},{"taxonomy":"product_category","embeddable":true,"href":"https:\/\/www.terraaquatica.com\/es\/wp-json\/wp\/v2\/product_category?post=1803"}],"curies":[{"name":"wp","href":"https:\/\/api.w.org\/{rel}","templated":true}]}}