{"id":1805,"date":"2018-04-11T10:21:44","date_gmt":"2018-04-11T08:21:44","guid":{"rendered":"https:\/\/www.terraaquatica.com\/produits\/pro-organic-2\/"},"modified":"2025-03-06T10:27:09","modified_gmt":"2025-03-06T09:27:09","slug":"pro-organic-2","status":"publish","type":"product","link":"https:\/\/www.terraaquatica.com\/es\/abono-organico-completo\/pro-organic-2","title":{"rendered":"Pro Organic"},"content":{"rendered":"<p><em>El primer y \u00fanico nutriente ecol\u00f3gico\u00a0completo certificado para todos los sustratos<\/em><\/p>\n<p>Con unos inicios que datan de 2004, Pro Organic se ha mantenido comercialmente en todo el mundo durante estos a\u00f1os. Pro Organic es una manera pr\u00e1ctica e incre\u00edblemente efectiva de alimentar a sus plantas de manera ecol\u00f3gica, tanto para jardineros aficionados como para los profesionales.<\/p>\n<p>Las f\u00f3rmulas de Pro Organic est\u00e1n dise\u00f1adas espec\u00edficamente para cubrir todas las necesidades de sus plantas durante su crecimiento, floraci\u00f3n y fructificaci\u00f3n.<\/p>\n<p>Basamos nuestras f\u00f3rmulas en principios ecol\u00f3gicos que respetan el medioambiente mientras se provee a las plantas de una nutrici\u00f3n equilibrada y efectiva. Pro Organic mejora activamente el entorno de las ra\u00edces al alimentar microorganismos que conviven en armon\u00eda con su planta. Esto proporciona la nutrici\u00f3n y el medioambiente esenciales para un crecimiento vegetativo \u00f3ptimo, as\u00ed como una floraci\u00f3n y una fructificaci\u00f3n abundantes.<\/p>\n<p>Pro Organic es ideal para cualquier tipo de planta y funcionar\u00e1 de maravilla como producto independiente: cuando hablamos de una composici\u00f3n \u201ccompleta\u201d queremos decir exactamente eso, que Vd. no necesitar\u00e1 elementos adicionales para obtener un cultivo exitoso y abundante en la mayor\u00eda de los tipos de agua*.<\/p>\n<p>Pro Organic es perfectamente soluble y bien adaptado a sistemas de riego autom\u00e1tico y por goteo, o de riego manual en la jardiner\u00eda convencional. Tambi\u00e9n es el \u00fanico nutriente certificado para biopon\u00eda (hidropon\u00eda de recirculaci\u00f3n con ra\u00edces desnudas). Consulte\u00a0la tabla de dosificaci\u00f3n biop\u00f3nica.<\/p>\n<p>Para mejorar a\u00fan m\u00e1s los resultados y para darle a los jardineros m\u00e1s flexibilidad a la hora de optimizar sus cultivos, la l\u00ednea de productos organicos Terra Aquatica tambi\u00e9n incluye todo un abanico de aditivos ecol\u00f3gicos complementarios. Tambi\u00e9n vendemos los microorganismos beneficiosos de alta calidad que necesita para hacer funcionar la jardiner\u00eda ecol\u00f3gica cuando no se cuenta con un suelo rico en micronutrientes.<\/p>\n<p>\u00a0<\/p>\n<p><strong>Utilizable en agricultura ecol\u00f3gica seg\u00fan los reglamentos (UE) N\u00b02018\/848 y 2021\/1165.<\/strong><\/p>\n<p>* Si cultiva en agua blanda o en fibra de coco, es posible que necesite a\u00f1adir calcio: nosotros recomendamos utilizar\u00a0Terra Aquatica Suplemento de Calcio Magnesio<\/p>\n\n\n<div data-wp-interactive=\"core\/file\" class=\"wp-block-file\"><object data-wp-bind--hidden=\"!state.hasPdfPreview\" hidden class=\"wp-block-file__embed\" data=\"https:\/\/www.terraaquatica.com\/wp-content\/uploads\/2018\/05\/ProOrganic-SP.pdf\" type=\"application\/pdf\" style=\"width:100%;height:600px\" aria-label=\"Incrustado de ProOrganic-SP.\"><\/object><a id=\"wp-block-file--media-b452769c-20a7-4762-987c-06a86216e89b\" href=\"https:\/\/www.terraaquatica.com\/wp-content\/uploads\/2018\/05\/ProOrganic-SP.pdf\">ProOrganic-SP<\/a><a href=\"https:\/\/www.terraaquatica.com\/wp-content\/uploads\/2018\/05\/ProOrganic-SP.pdf\" class=\"wp-block-file__button wp-element-button\" download aria-describedby=\"wp-block-file--media-b452769c-20a7-4762-987c-06a86216e89b\">Download<\/a><\/div>\n","protected":false},"author":3,"template":"","meta":{"_acf_changed":true},"m_thode_de_culture":[32],"substrat":[302,299,300,301],"product_category":[279],"class_list":["post-1805","product","type-product","status-publish","has-post-thumbnail","hentry","m_thode_de_culture-organic-en","substrat-bioponics","substrat-coco","substrat-hydro","substrat-soil","product_category-abono-organico-completo"],"acf":[],"yoast_head":"<!-- This site is optimized with the Yoast SEO plugin v27.3 - https:\/\/yoast.com\/product\/yoast-seo-wordpress\/ -->\n<title>Pro Organic - Terra Aquatica<\/title>\n<meta name=\"robots\" content=\"index, follow, max-snippet:-1, max-image-preview:large, max-video-preview:-1\" \/>\n<link rel=\"canonical\" href=\"https:\/\/www.terraaquatica.com\/es\/abono-organico-completo\/pro-organic-2\/\" \/>\n<meta property=\"og:locale\" content=\"es_ES\" \/>\n<meta property=\"og:type\" content=\"article\" \/>\n<meta property=\"og:title\" content=\"Pro Organic - Terra Aquatica\" \/>\n<meta property=\"og:description\" content=\"El primer y \u00fanico nutriente ecol\u00f3gico\u00a0completo certificado para todos los sustratos Con unos inicios que datan de 2004, Pro Organic [&hellip;]\" \/>\n<meta property=\"og:url\" content=\"https:\/\/www.terraaquatica.com\/es\/abono-organico-completo\/pro-organic-2\" \/>\n<meta property=\"og:site_name\" content=\"Terra Aquatica\" \/>\n<meta property=\"article:modified_time\" content=\"2025-03-06T09:27:09+00:00\" \/>\n<meta property=\"og:image\" content=\"https:\/\/www.terraaquatica.com\/wp-content\/uploads\/2019\/03\/pro-organic.png\" \/>\n\t<meta property=\"og:image:width\" content=\"720\" \/>\n\t<meta property=\"og:image:height\" content=\"720\" \/>\n\t<meta property=\"og:image:type\" content=\"image\/png\" \/>\n<meta name=\"twitter:card\" content=\"summary_large_image\" \/>\n<meta name=\"twitter:label1\" content=\"Tiempo de lectura\" \/>\n\t<meta name=\"twitter:data1\" content=\"2 minutos\" \/>\n<script type=\"application\/ld+json\" class=\"yoast-schema-graph\">{\"@context\":\"https:\\\/\\\/schema.org\",\"@graph\":[{\"@type\":\"WebPage\",\"@id\":\"https:\\\/\\\/www.terraaquatica.com\\\/es\\\/abono-organico-completo\\\/pro-organic-2\",\"url\":\"https:\\\/\\\/www.terraaquatica.com\\\/es\\\/abono-organico-completo\\\/pro-organic-2\",\"name\":\"Pro Organic - Terra Aquatica\",\"isPartOf\":{\"@id\":\"https:\\\/\\\/www.terraaquatica.com\\\/#website\"},\"primaryImageOfPage\":{\"@id\":\"https:\\\/\\\/www.terraaquatica.com\\\/es\\\/abono-organico-completo\\\/pro-organic-2#primaryimage\"},\"image\":{\"@id\":\"https:\\\/\\\/www.terraaquatica.com\\\/es\\\/abono-organico-completo\\\/pro-organic-2#primaryimage\"},\"thumbnailUrl\":\"https:\\\/\\\/www.terraaquatica.com\\\/wp-content\\\/uploads\\\/2019\\\/03\\\/pro-organic.png\",\"datePublished\":\"2018-04-11T08:21:44+00:00\",\"dateModified\":\"2025-03-06T09:27:09+00:00\",\"breadcrumb\":{\"@id\":\"https:\\\/\\\/www.terraaquatica.com\\\/es\\\/abono-organico-completo\\\/pro-organic-2#breadcrumb\"},\"inLanguage\":\"es\",\"potentialAction\":[{\"@type\":\"ReadAction\",\"target\":[\"https:\\\/\\\/www.terraaquatica.com\\\/es\\\/abono-organico-completo\\\/pro-organic-2\"]}]},{\"@type\":\"ImageObject\",\"inLanguage\":\"es\",\"@id\":\"https:\\\/\\\/www.terraaquatica.com\\\/es\\\/abono-organico-completo\\\/pro-organic-2#primaryimage\",\"url\":\"https:\\\/\\\/www.terraaquatica.com\\\/wp-content\\\/uploads\\\/2019\\\/03\\\/pro-organic.png\",\"contentUrl\":\"https:\\\/\\\/www.terraaquatica.com\\\/wp-content\\\/uploads\\\/2019\\\/03\\\/pro-organic.png\",\"width\":720,\"height\":720,\"caption\":\"Pro Organic\"},{\"@type\":\"BreadcrumbList\",\"@id\":\"https:\\\/\\\/www.terraaquatica.com\\\/es\\\/abono-organico-completo\\\/pro-organic-2#breadcrumb\",\"itemListElement\":[{\"@type\":\"ListItem\",\"position\":1,\"name\":\"Accueil\",\"item\":\"https:\\\/\\\/www.terraaquatica.com\\\/es\\\/\"},{\"@type\":\"ListItem\",\"position\":2,\"name\":\"Products\",\"item\":\"https:\\\/\\\/www.terraaquatica.com\\\/es\\\/product\\\/\"},{\"@type\":\"ListItem\",\"position\":3,\"name\":\"Pro Organic\"}]},{\"@type\":\"WebSite\",\"@id\":\"https:\\\/\\\/www.terraaquatica.com\\\/#website\",\"url\":\"https:\\\/\\\/www.terraaquatica.com\\\/\",\"name\":\"Terra Aquatica\",\"description\":\"Engrais et syst\u00e8mes de culture depuis 1995\",\"publisher\":{\"@id\":\"https:\\\/\\\/www.terraaquatica.com\\\/#organization\"},\"potentialAction\":[{\"@type\":\"SearchAction\",\"target\":{\"@type\":\"EntryPoint\",\"urlTemplate\":\"https:\\\/\\\/www.terraaquatica.com\\\/?s={search_term_string}\"},\"query-input\":{\"@type\":\"PropertyValueSpecification\",\"valueRequired\":true,\"valueName\":\"search_term_string\"}}],\"inLanguage\":\"es\"},{\"@type\":\"Organization\",\"@id\":\"https:\\\/\\\/www.terraaquatica.com\\\/#organization\",\"name\":\"Terra Aquatica\",\"url\":\"https:\\\/\\\/www.terraaquatica.com\\\/\",\"logo\":{\"@type\":\"ImageObject\",\"inLanguage\":\"es\",\"@id\":\"https:\\\/\\\/www.terraaquatica.com\\\/#\\\/schema\\\/logo\\\/image\\\/\",\"url\":\"https:\\\/\\\/www.terraaquatica.com\\\/wp-content\\\/uploads\\\/2022\\\/03\\\/favicon-transpa-big.png\",\"contentUrl\":\"https:\\\/\\\/www.terraaquatica.com\\\/wp-content\\\/uploads\\\/2022\\\/03\\\/favicon-transpa-big.png\",\"width\":512,\"height\":512,\"caption\":\"Terra Aquatica\"},\"image\":{\"@id\":\"https:\\\/\\\/www.terraaquatica.com\\\/#\\\/schema\\\/logo\\\/image\\\/\"}}]}<\/script>\n<!-- \/ Yoast SEO plugin. -->","yoast_head_json":{"title":"Pro Organic - Terra Aquatica","robots":{"index":"index","follow":"follow","max-snippet":"max-snippet:-1","max-image-preview":"max-image-preview:large","max-video-preview":"max-video-preview:-1"},"canonical":"https:\/\/www.terraaquatica.com\/es\/abono-organico-completo\/pro-organic-2\/","og_locale":"es_ES","og_type":"article","og_title":"Pro Organic - Terra Aquatica","og_description":"El primer y \u00fanico nutriente ecol\u00f3gico\u00a0completo certificado para todos los sustratos Con unos inicios que datan de 2004, Pro Organic [&hellip;]","og_url":"https:\/\/www.terraaquatica.com\/es\/abono-organico-completo\/pro-organic-2","og_site_name":"Terra Aquatica","article_modified_time":"2025-03-06T09:27:09+00:00","og_image":[{"width":720,"height":720,"url":"https:\/\/www.terraaquatica.com\/wp-content\/uploads\/2019\/03\/pro-organic.png","type":"image\/png"}],"twitter_card":"summary_large_image","twitter_misc":{"Tiempo de lectura":"2 minutos"},"schema":{"@context":"https:\/\/schema.org","@graph":[{"@type":"WebPage","@id":"https:\/\/www.terraaquatica.com\/es\/abono-organico-completo\/pro-organic-2","url":"https:\/\/www.terraaquatica.com\/es\/abono-organico-completo\/pro-organic-2","name":"Pro Organic - Terra Aquatica","isPartOf":{"@id":"https:\/\/www.terraaquatica.com\/#website"},"primaryImageOfPage":{"@id":"https:\/\/www.terraaquatica.com\/es\/abono-organico-completo\/pro-organic-2#primaryimage"},"image":{"@id":"https:\/\/www.terraaquatica.com\/es\/abono-organico-completo\/pro-organic-2#primaryimage"},"thumbnailUrl":"https:\/\/www.terraaquatica.com\/wp-content\/uploads\/2019\/03\/pro-organic.png","datePublished":"2018-04-11T08:21:44+00:00","dateModified":"2025-03-06T09:27:09+00:00","breadcrumb":{"@id":"https:\/\/www.terraaquatica.com\/es\/abono-organico-completo\/pro-organic-2#breadcrumb"},"inLanguage":"es","potentialAction":[{"@type":"ReadAction","target":["https:\/\/www.terraaquatica.com\/es\/abono-organico-completo\/pro-organic-2"]}]},{"@type":"ImageObject","inLanguage":"es","@id":"https:\/\/www.terraaquatica.com\/es\/abono-organico-completo\/pro-organic-2#primaryimage","url":"https:\/\/www.terraaquatica.com\/wp-content\/uploads\/2019\/03\/pro-organic.png","contentUrl":"https:\/\/www.terraaquatica.com\/wp-content\/uploads\/2019\/03\/pro-organic.png","width":720,"height":720,"caption":"Pro Organic"},{"@type":"BreadcrumbList","@id":"https:\/\/www.terraaquatica.com\/es\/abono-organico-completo\/pro-organic-2#breadcrumb","itemListElement":[{"@type":"ListItem","position":1,"name":"Accueil","item":"https:\/\/www.terraaquatica.com\/es\/"},{"@type":"ListItem","position":2,"name":"Products","item":"https:\/\/www.terraaquatica.com\/es\/product\/"},{"@type":"ListItem","position":3,"name":"Pro Organic"}]},{"@type":"WebSite","@id":"https:\/\/www.terraaquatica.com\/#website","url":"https:\/\/www.terraaquatica.com\/","name":"Terra Aquatica","description":"Engrais et syst\u00e8mes de culture depuis 1995","publisher":{"@id":"https:\/\/www.terraaquatica.com\/#organization"},"potentialAction":[{"@type":"SearchAction","target":{"@type":"EntryPoint","urlTemplate":"https:\/\/www.terraaquatica.com\/?s={search_term_string}"},"query-input":{"@type":"PropertyValueSpecification","valueRequired":true,"valueName":"search_term_string"}}],"inLanguage":"es"},{"@type":"Organization","@id":"https:\/\/www.terraaquatica.com\/#organization","name":"Terra Aquatica","url":"https:\/\/www.terraaquatica.com\/","logo":{"@type":"ImageObject","inLanguage":"es","@id":"https:\/\/www.terraaquatica.com\/#\/schema\/logo\/image\/","url":"https:\/\/www.terraaquatica.com\/wp-content\/uploads\/2022\/03\/favicon-transpa-big.png","contentUrl":"https:\/\/www.terraaquatica.com\/wp-content\/uploads\/2022\/03\/favicon-transpa-big.png","width":512,"height":512,"caption":"Terra Aquatica"},"image":{"@id":"https:\/\/www.terraaquatica.com\/#\/schema\/logo\/image\/"}}]}},"_links":{"self":[{"href":"https:\/\/www.terraaquatica.com\/es\/wp-json\/wp\/v2\/product\/1805","targetHints":{"allow":["GET"]}}],"collection":[{"href":"https:\/\/www.terraaquatica.com\/es\/wp-json\/wp\/v2\/product"}],"about":[{"href":"https:\/\/www.terraaquatica.com\/es\/wp-json\/wp\/v2\/types\/product"}],"author":[{"embeddable":true,"href":"https:\/\/www.terraaquatica.com\/es\/wp-json\/wp\/v2\/users\/3"}],"wp:featuredmedia":[{"embeddable":true,"href":"https:\/\/www.terraaquatica.com\/es\/wp-json\/wp\/v2\/media\/1674"}],"wp:attachment":[{"href":"https:\/\/www.terraaquatica.com\/es\/wp-json\/wp\/v2\/media?parent=1805"}],"wp:term":[{"taxonomy":"m_thode_de_culture","embeddable":true,"href":"https:\/\/www.terraaquatica.com\/es\/wp-json\/wp\/v2\/m_thode_de_culture?post=1805"},{"taxonomy":"substrat","embeddable":true,"href":"https:\/\/www.terraaquatica.com\/es\/wp-json\/wp\/v2\/substrat?post=1805"},{"taxonomy":"product_category","embeddable":true,"href":"https:\/\/www.terraaquatica.com\/es\/wp-json\/wp\/v2\/product_category?post=1805"}],"curies":[{"name":"wp","href":"https:\/\/api.w.org\/{rel}","templated":true}]}}