{"id":1807,"date":"2018-04-11T11:37:50","date_gmt":"2018-04-11T09:37:50","guid":{"rendered":"https:\/\/www.terraaquatica.com\/produits\/seaweed-2\/"},"modified":"2024-11-25T10:28:04","modified_gmt":"2024-11-25T09:28:04","slug":"seaweed-2","status":"publish","type":"product","link":"https:\/\/www.terraaquatica.com\/es\/bioestimulante-organico-universal\/seaweed-2","title":{"rendered":"Seaweed"},"content":{"rendered":"<p><em>Activador poderoso de la prefloraci\u00f3n proveniente de la fuente m\u00e1s pura de todo el planeta<\/em><\/p>\n<p>Seaweed es un potenciador 100% natural de las plantas y del suelo que fomenta el crecimiento prol\u00edfico de las ra\u00edces y del follaje, incrementa la cantidad de floraciones y produce flores y frutos m\u00e1s grandes.<\/p>\n<p>Las algas marinas fomentan un crecimiento vigoroso y saludable en sinergia con cualquier r\u00e9gimen de alimentaci\u00f3n, tanto en suelos, en coco o en hidropon\u00eda.<\/p>\n<p>Vegetales marinos de diversos tipos han sido reconocidos desde hace tiempo como poderosos potenciadores para las plantas y como agentes que alivian el estr\u00e9s, pero existe una especie en concreto, la Ascophyllum nodosum, que resalta en eficacia sobre las dem\u00e1s. Por ello, para integrar tantos elementos activos como sea posible en Seaweed, incluyendo nitr\u00f3geno ecol\u00f3gico de alta calidad, hemos prensado en fr\u00edo el Ascophyllum de las aguas m\u00e1s puras del planeta sin agregar ninguna otra sustancia.<\/p>\n<p>Seaweed es particularmente eficaz como un activador\/potenciador de la prefloraci\u00f3n.<\/p>\n<p><span data-teams=\"true\"><strong>Informaci\u00f3n especial:<\/strong> Para nuestras Seaweed, hemos elegido una nueva fuente de materia prima m\u00e1s concentrada. Es diferente de la versi\u00f3n anterior. Cuidadosamente seleccionada y probada, \u00a1es (a\u00fan) m\u00e1s eficaz!<\/span><\/p>\n","protected":false},"author":3,"template":"","meta":{"_acf_changed":true},"m_thode_de_culture":[31,32],"substrat":[302,299,300,301,303],"product_category":[282],"class_list":["post-1807","product","type-product","status-publish","has-post-thumbnail","hentry","m_thode_de_culture-mineral-en","m_thode_de_culture-organic-en","substrat-bioponics","substrat-coco","substrat-hydro","substrat-soil","substrat-spray","product_category-bioestimulante-organico-universal"],"acf":[],"yoast_head":"<!-- This site is optimized with the Yoast SEO plugin v27.3 - https:\/\/yoast.com\/product\/yoast-seo-wordpress\/ -->\n<title>Seaweed - Terra Aquatica<\/title>\n<meta name=\"robots\" content=\"index, follow, max-snippet:-1, max-image-preview:large, max-video-preview:-1\" \/>\n<link rel=\"canonical\" href=\"https:\/\/www.terraaquatica.com\/es\/bioestimulante-organico-universal\/seaweed-2\/\" \/>\n<meta property=\"og:locale\" content=\"es_ES\" \/>\n<meta property=\"og:type\" content=\"article\" \/>\n<meta property=\"og:title\" content=\"Seaweed - Terra Aquatica\" \/>\n<meta property=\"og:description\" content=\"Activador poderoso de la prefloraci\u00f3n proveniente de la fuente m\u00e1s pura de todo el planeta Seaweed es un potenciador 100% [&hellip;]\" \/>\n<meta property=\"og:url\" content=\"https:\/\/www.terraaquatica.com\/es\/bioestimulante-organico-universal\/seaweed-2\" \/>\n<meta property=\"og:site_name\" content=\"Terra Aquatica\" \/>\n<meta property=\"article:modified_time\" content=\"2024-11-25T09:28:04+00:00\" \/>\n<meta property=\"og:image\" content=\"https:\/\/www.terraaquatica.com\/wp-content\/uploads\/2019\/03\/seaweed-1l.jpg\" \/>\n\t<meta property=\"og:image:width\" content=\"720\" \/>\n\t<meta property=\"og:image:height\" content=\"720\" \/>\n\t<meta property=\"og:image:type\" content=\"image\/jpeg\" \/>\n<meta name=\"twitter:card\" content=\"summary_large_image\" \/>\n<meta name=\"twitter:label1\" content=\"Tiempo de lectura\" \/>\n\t<meta name=\"twitter:data1\" content=\"1 minuto\" \/>\n<script type=\"application\/ld+json\" class=\"yoast-schema-graph\">{\"@context\":\"https:\\\/\\\/schema.org\",\"@graph\":[{\"@type\":\"WebPage\",\"@id\":\"https:\\\/\\\/www.terraaquatica.com\\\/es\\\/bioestimulante-organico-universal\\\/seaweed-2\",\"url\":\"https:\\\/\\\/www.terraaquatica.com\\\/es\\\/bioestimulante-organico-universal\\\/seaweed-2\",\"name\":\"Seaweed - Terra Aquatica\",\"isPartOf\":{\"@id\":\"https:\\\/\\\/www.terraaquatica.com\\\/#website\"},\"primaryImageOfPage\":{\"@id\":\"https:\\\/\\\/www.terraaquatica.com\\\/es\\\/bioestimulante-organico-universal\\\/seaweed-2#primaryimage\"},\"image\":{\"@id\":\"https:\\\/\\\/www.terraaquatica.com\\\/es\\\/bioestimulante-organico-universal\\\/seaweed-2#primaryimage\"},\"thumbnailUrl\":\"https:\\\/\\\/www.terraaquatica.com\\\/wp-content\\\/uploads\\\/2019\\\/03\\\/seaweed-1l.jpg\",\"datePublished\":\"2018-04-11T09:37:50+00:00\",\"dateModified\":\"2024-11-25T09:28:04+00:00\",\"breadcrumb\":{\"@id\":\"https:\\\/\\\/www.terraaquatica.com\\\/es\\\/bioestimulante-organico-universal\\\/seaweed-2#breadcrumb\"},\"inLanguage\":\"es\",\"potentialAction\":[{\"@type\":\"ReadAction\",\"target\":[\"https:\\\/\\\/www.terraaquatica.com\\\/es\\\/bioestimulante-organico-universal\\\/seaweed-2\"]}]},{\"@type\":\"ImageObject\",\"inLanguage\":\"es\",\"@id\":\"https:\\\/\\\/www.terraaquatica.com\\\/es\\\/bioestimulante-organico-universal\\\/seaweed-2#primaryimage\",\"url\":\"https:\\\/\\\/www.terraaquatica.com\\\/wp-content\\\/uploads\\\/2019\\\/03\\\/seaweed-1l.jpg\",\"contentUrl\":\"https:\\\/\\\/www.terraaquatica.com\\\/wp-content\\\/uploads\\\/2019\\\/03\\\/seaweed-1l.jpg\",\"width\":720,\"height\":720,\"caption\":\"Seaweed\"},{\"@type\":\"BreadcrumbList\",\"@id\":\"https:\\\/\\\/www.terraaquatica.com\\\/es\\\/bioestimulante-organico-universal\\\/seaweed-2#breadcrumb\",\"itemListElement\":[{\"@type\":\"ListItem\",\"position\":1,\"name\":\"Accueil\",\"item\":\"https:\\\/\\\/www.terraaquatica.com\\\/es\\\/\"},{\"@type\":\"ListItem\",\"position\":2,\"name\":\"Products\",\"item\":\"https:\\\/\\\/www.terraaquatica.com\\\/es\\\/product\\\/\"},{\"@type\":\"ListItem\",\"position\":3,\"name\":\"Seaweed\"}]},{\"@type\":\"WebSite\",\"@id\":\"https:\\\/\\\/www.terraaquatica.com\\\/#website\",\"url\":\"https:\\\/\\\/www.terraaquatica.com\\\/\",\"name\":\"Terra Aquatica\",\"description\":\"Engrais et syst\u00e8mes de culture depuis 1995\",\"publisher\":{\"@id\":\"https:\\\/\\\/www.terraaquatica.com\\\/#organization\"},\"potentialAction\":[{\"@type\":\"SearchAction\",\"target\":{\"@type\":\"EntryPoint\",\"urlTemplate\":\"https:\\\/\\\/www.terraaquatica.com\\\/?s={search_term_string}\"},\"query-input\":{\"@type\":\"PropertyValueSpecification\",\"valueRequired\":true,\"valueName\":\"search_term_string\"}}],\"inLanguage\":\"es\"},{\"@type\":\"Organization\",\"@id\":\"https:\\\/\\\/www.terraaquatica.com\\\/#organization\",\"name\":\"Terra Aquatica\",\"url\":\"https:\\\/\\\/www.terraaquatica.com\\\/\",\"logo\":{\"@type\":\"ImageObject\",\"inLanguage\":\"es\",\"@id\":\"https:\\\/\\\/www.terraaquatica.com\\\/#\\\/schema\\\/logo\\\/image\\\/\",\"url\":\"https:\\\/\\\/www.terraaquatica.com\\\/wp-content\\\/uploads\\\/2022\\\/03\\\/favicon-transpa-big.png\",\"contentUrl\":\"https:\\\/\\\/www.terraaquatica.com\\\/wp-content\\\/uploads\\\/2022\\\/03\\\/favicon-transpa-big.png\",\"width\":512,\"height\":512,\"caption\":\"Terra Aquatica\"},\"image\":{\"@id\":\"https:\\\/\\\/www.terraaquatica.com\\\/#\\\/schema\\\/logo\\\/image\\\/\"}}]}<\/script>\n<!-- \/ Yoast SEO plugin. -->","yoast_head_json":{"title":"Seaweed - Terra Aquatica","robots":{"index":"index","follow":"follow","max-snippet":"max-snippet:-1","max-image-preview":"max-image-preview:large","max-video-preview":"max-video-preview:-1"},"canonical":"https:\/\/www.terraaquatica.com\/es\/bioestimulante-organico-universal\/seaweed-2\/","og_locale":"es_ES","og_type":"article","og_title":"Seaweed - Terra Aquatica","og_description":"Activador poderoso de la prefloraci\u00f3n proveniente de la fuente m\u00e1s pura de todo el planeta Seaweed es un potenciador 100% [&hellip;]","og_url":"https:\/\/www.terraaquatica.com\/es\/bioestimulante-organico-universal\/seaweed-2","og_site_name":"Terra Aquatica","article_modified_time":"2024-11-25T09:28:04+00:00","og_image":[{"width":720,"height":720,"url":"https:\/\/www.terraaquatica.com\/wp-content\/uploads\/2019\/03\/seaweed-1l.jpg","type":"image\/jpeg"}],"twitter_card":"summary_large_image","twitter_misc":{"Tiempo de lectura":"1 minuto"},"schema":{"@context":"https:\/\/schema.org","@graph":[{"@type":"WebPage","@id":"https:\/\/www.terraaquatica.com\/es\/bioestimulante-organico-universal\/seaweed-2","url":"https:\/\/www.terraaquatica.com\/es\/bioestimulante-organico-universal\/seaweed-2","name":"Seaweed - Terra Aquatica","isPartOf":{"@id":"https:\/\/www.terraaquatica.com\/#website"},"primaryImageOfPage":{"@id":"https:\/\/www.terraaquatica.com\/es\/bioestimulante-organico-universal\/seaweed-2#primaryimage"},"image":{"@id":"https:\/\/www.terraaquatica.com\/es\/bioestimulante-organico-universal\/seaweed-2#primaryimage"},"thumbnailUrl":"https:\/\/www.terraaquatica.com\/wp-content\/uploads\/2019\/03\/seaweed-1l.jpg","datePublished":"2018-04-11T09:37:50+00:00","dateModified":"2024-11-25T09:28:04+00:00","breadcrumb":{"@id":"https:\/\/www.terraaquatica.com\/es\/bioestimulante-organico-universal\/seaweed-2#breadcrumb"},"inLanguage":"es","potentialAction":[{"@type":"ReadAction","target":["https:\/\/www.terraaquatica.com\/es\/bioestimulante-organico-universal\/seaweed-2"]}]},{"@type":"ImageObject","inLanguage":"es","@id":"https:\/\/www.terraaquatica.com\/es\/bioestimulante-organico-universal\/seaweed-2#primaryimage","url":"https:\/\/www.terraaquatica.com\/wp-content\/uploads\/2019\/03\/seaweed-1l.jpg","contentUrl":"https:\/\/www.terraaquatica.com\/wp-content\/uploads\/2019\/03\/seaweed-1l.jpg","width":720,"height":720,"caption":"Seaweed"},{"@type":"BreadcrumbList","@id":"https:\/\/www.terraaquatica.com\/es\/bioestimulante-organico-universal\/seaweed-2#breadcrumb","itemListElement":[{"@type":"ListItem","position":1,"name":"Accueil","item":"https:\/\/www.terraaquatica.com\/es\/"},{"@type":"ListItem","position":2,"name":"Products","item":"https:\/\/www.terraaquatica.com\/es\/product\/"},{"@type":"ListItem","position":3,"name":"Seaweed"}]},{"@type":"WebSite","@id":"https:\/\/www.terraaquatica.com\/#website","url":"https:\/\/www.terraaquatica.com\/","name":"Terra Aquatica","description":"Engrais et syst\u00e8mes de culture depuis 1995","publisher":{"@id":"https:\/\/www.terraaquatica.com\/#organization"},"potentialAction":[{"@type":"SearchAction","target":{"@type":"EntryPoint","urlTemplate":"https:\/\/www.terraaquatica.com\/?s={search_term_string}"},"query-input":{"@type":"PropertyValueSpecification","valueRequired":true,"valueName":"search_term_string"}}],"inLanguage":"es"},{"@type":"Organization","@id":"https:\/\/www.terraaquatica.com\/#organization","name":"Terra Aquatica","url":"https:\/\/www.terraaquatica.com\/","logo":{"@type":"ImageObject","inLanguage":"es","@id":"https:\/\/www.terraaquatica.com\/#\/schema\/logo\/image\/","url":"https:\/\/www.terraaquatica.com\/wp-content\/uploads\/2022\/03\/favicon-transpa-big.png","contentUrl":"https:\/\/www.terraaquatica.com\/wp-content\/uploads\/2022\/03\/favicon-transpa-big.png","width":512,"height":512,"caption":"Terra Aquatica"},"image":{"@id":"https:\/\/www.terraaquatica.com\/#\/schema\/logo\/image\/"}}]}},"_links":{"self":[{"href":"https:\/\/www.terraaquatica.com\/es\/wp-json\/wp\/v2\/product\/1807","targetHints":{"allow":["GET"]}}],"collection":[{"href":"https:\/\/www.terraaquatica.com\/es\/wp-json\/wp\/v2\/product"}],"about":[{"href":"https:\/\/www.terraaquatica.com\/es\/wp-json\/wp\/v2\/types\/product"}],"author":[{"embeddable":true,"href":"https:\/\/www.terraaquatica.com\/es\/wp-json\/wp\/v2\/users\/3"}],"wp:featuredmedia":[{"embeddable":true,"href":"https:\/\/www.terraaquatica.com\/es\/wp-json\/wp\/v2\/media\/1691"}],"wp:attachment":[{"href":"https:\/\/www.terraaquatica.com\/es\/wp-json\/wp\/v2\/media?parent=1807"}],"wp:term":[{"taxonomy":"m_thode_de_culture","embeddable":true,"href":"https:\/\/www.terraaquatica.com\/es\/wp-json\/wp\/v2\/m_thode_de_culture?post=1807"},{"taxonomy":"substrat","embeddable":true,"href":"https:\/\/www.terraaquatica.com\/es\/wp-json\/wp\/v2\/substrat?post=1807"},{"taxonomy":"product_category","embeddable":true,"href":"https:\/\/www.terraaquatica.com\/es\/wp-json\/wp\/v2\/product_category?post=1807"}],"curies":[{"name":"wp","href":"https:\/\/api.w.org\/{rel}","templated":true}]}}