{"id":1809,"date":"2018-04-11T11:52:05","date_gmt":"2018-04-11T09:52:05","guid":{"rendered":"https:\/\/www.terraaquatica.com\/produits\/urtimax-2\/"},"modified":"2024-09-10T11:26:03","modified_gmt":"2024-09-10T09:26:03","slug":"urtimax-2","status":"publish","type":"product","link":"https:\/\/www.terraaquatica.com\/es\/bioestimulante-organico-universal\/urtimax-2","title":{"rendered":"Urtimax\u00ae"},"content":{"rendered":"<p><em>Tratamiento para la clorosis, fuente org\u00e1nica de s\u00edlice, t\u00f3nico general para la salud y repelente de plagas: \u00a1Urtimax\u00ae es un componente polivalente ecol\u00f3gico!<\/em><\/p>\n<p>Urtimax<em>\u00ae<\/em> estimula el crecimiento de las plantas, combate la clorosis de las hojas y las deficiencias minerales, fortaleciendo as\u00ed la resistencia ante las plagas.<\/p>\n<p>Urtimax<em>\u00ae<\/em> es una infusi\u00f3n de ortiga de alta calidad como aquellas que los jardineros llevan usando cientos si no miles de a\u00f1os. Creada a partir de la fermentaci\u00f3n de ortigas en agua, Urtimax<em>\u00ae<\/em> ofrece una protecci\u00f3n y nutrici\u00f3n excepcionales para sus plantas.<\/p>\n<p>Las ortigas son especialmente ricas en s\u00edlice y en hierro, tambi\u00e9n contienen altos niveles de nitr\u00f3geno, potasio, magnesio, microelementos, enzimas y oligoelementos, y como ocurre con la emulsi\u00f3n de Laminariales o algas Kelp. La infusi\u00f3n de ortigas tambi\u00e9n estimula el sistema inmunol\u00f3gico de la planta, mejorando su resistencia ante enfermedades o ataques de insectos.<\/p>\n","protected":false},"author":3,"template":"","meta":{"_acf_changed":true},"m_thode_de_culture":[31,32],"substrat":[302,299,300,301,303],"product_category":[282],"class_list":["post-1809","product","type-product","status-publish","has-post-thumbnail","hentry","m_thode_de_culture-mineral-en","m_thode_de_culture-organic-en","substrat-bioponics","substrat-coco","substrat-hydro","substrat-soil","substrat-spray","product_category-bioestimulante-organico-universal"],"acf":[],"yoast_head":"<!-- This site is optimized with the Yoast SEO plugin v27.3 - https:\/\/yoast.com\/product\/yoast-seo-wordpress\/ -->\n<title>Urtimax\u00ae - Terra Aquatica<\/title>\n<meta name=\"robots\" content=\"index, follow, max-snippet:-1, max-image-preview:large, max-video-preview:-1\" \/>\n<link rel=\"canonical\" href=\"https:\/\/www.terraaquatica.com\/es\/bioestimulante-organico-universal\/urtimax-2\/\" \/>\n<meta property=\"og:locale\" content=\"es_ES\" \/>\n<meta property=\"og:type\" content=\"article\" \/>\n<meta property=\"og:title\" content=\"Urtimax\u00ae - Terra Aquatica\" \/>\n<meta property=\"og:description\" content=\"Tratamiento para la clorosis, fuente org\u00e1nica de s\u00edlice, t\u00f3nico general para la salud y repelente de plagas: \u00a1Urtimax\u00ae es un [&hellip;]\" \/>\n<meta property=\"og:url\" content=\"https:\/\/www.terraaquatica.com\/es\/bioestimulante-organico-universal\/urtimax-2\" \/>\n<meta property=\"og:site_name\" content=\"Terra Aquatica\" \/>\n<meta property=\"article:modified_time\" content=\"2024-09-10T09:26:03+00:00\" \/>\n<meta property=\"og:image\" content=\"https:\/\/www.terraaquatica.com\/wp-content\/uploads\/2019\/03\/urtimax-1l.jpg\" \/>\n\t<meta property=\"og:image:width\" content=\"720\" \/>\n\t<meta property=\"og:image:height\" content=\"720\" \/>\n\t<meta property=\"og:image:type\" content=\"image\/jpeg\" \/>\n<meta name=\"twitter:card\" content=\"summary_large_image\" \/>\n<meta name=\"twitter:label1\" content=\"Tiempo de lectura\" \/>\n\t<meta name=\"twitter:data1\" content=\"1 minuto\" \/>\n<script type=\"application\/ld+json\" class=\"yoast-schema-graph\">{\"@context\":\"https:\\\/\\\/schema.org\",\"@graph\":[{\"@type\":\"WebPage\",\"@id\":\"https:\\\/\\\/www.terraaquatica.com\\\/es\\\/bioestimulante-organico-universal\\\/urtimax-2\",\"url\":\"https:\\\/\\\/www.terraaquatica.com\\\/es\\\/bioestimulante-organico-universal\\\/urtimax-2\",\"name\":\"Urtimax\u00ae - Terra Aquatica\",\"isPartOf\":{\"@id\":\"https:\\\/\\\/www.terraaquatica.com\\\/#website\"},\"primaryImageOfPage\":{\"@id\":\"https:\\\/\\\/www.terraaquatica.com\\\/es\\\/bioestimulante-organico-universal\\\/urtimax-2#primaryimage\"},\"image\":{\"@id\":\"https:\\\/\\\/www.terraaquatica.com\\\/es\\\/bioestimulante-organico-universal\\\/urtimax-2#primaryimage\"},\"thumbnailUrl\":\"https:\\\/\\\/www.terraaquatica.com\\\/wp-content\\\/uploads\\\/2019\\\/03\\\/urtimax-1l.jpg\",\"datePublished\":\"2018-04-11T09:52:05+00:00\",\"dateModified\":\"2024-09-10T09:26:03+00:00\",\"breadcrumb\":{\"@id\":\"https:\\\/\\\/www.terraaquatica.com\\\/es\\\/bioestimulante-organico-universal\\\/urtimax-2#breadcrumb\"},\"inLanguage\":\"es\",\"potentialAction\":[{\"@type\":\"ReadAction\",\"target\":[\"https:\\\/\\\/www.terraaquatica.com\\\/es\\\/bioestimulante-organico-universal\\\/urtimax-2\"]}]},{\"@type\":\"ImageObject\",\"inLanguage\":\"es\",\"@id\":\"https:\\\/\\\/www.terraaquatica.com\\\/es\\\/bioestimulante-organico-universal\\\/urtimax-2#primaryimage\",\"url\":\"https:\\\/\\\/www.terraaquatica.com\\\/wp-content\\\/uploads\\\/2019\\\/03\\\/urtimax-1l.jpg\",\"contentUrl\":\"https:\\\/\\\/www.terraaquatica.com\\\/wp-content\\\/uploads\\\/2019\\\/03\\\/urtimax-1l.jpg\",\"width\":720,\"height\":720,\"caption\":\"Urtimax\"},{\"@type\":\"BreadcrumbList\",\"@id\":\"https:\\\/\\\/www.terraaquatica.com\\\/es\\\/bioestimulante-organico-universal\\\/urtimax-2#breadcrumb\",\"itemListElement\":[{\"@type\":\"ListItem\",\"position\":1,\"name\":\"Accueil\",\"item\":\"https:\\\/\\\/www.terraaquatica.com\\\/es\\\/\"},{\"@type\":\"ListItem\",\"position\":2,\"name\":\"Products\",\"item\":\"https:\\\/\\\/www.terraaquatica.com\\\/es\\\/product\\\/\"},{\"@type\":\"ListItem\",\"position\":3,\"name\":\"Urtimax\u00ae\"}]},{\"@type\":\"WebSite\",\"@id\":\"https:\\\/\\\/www.terraaquatica.com\\\/#website\",\"url\":\"https:\\\/\\\/www.terraaquatica.com\\\/\",\"name\":\"Terra Aquatica\",\"description\":\"Engrais et syst\u00e8mes de culture depuis 1995\",\"publisher\":{\"@id\":\"https:\\\/\\\/www.terraaquatica.com\\\/#organization\"},\"potentialAction\":[{\"@type\":\"SearchAction\",\"target\":{\"@type\":\"EntryPoint\",\"urlTemplate\":\"https:\\\/\\\/www.terraaquatica.com\\\/?s={search_term_string}\"},\"query-input\":{\"@type\":\"PropertyValueSpecification\",\"valueRequired\":true,\"valueName\":\"search_term_string\"}}],\"inLanguage\":\"es\"},{\"@type\":\"Organization\",\"@id\":\"https:\\\/\\\/www.terraaquatica.com\\\/#organization\",\"name\":\"Terra Aquatica\",\"url\":\"https:\\\/\\\/www.terraaquatica.com\\\/\",\"logo\":{\"@type\":\"ImageObject\",\"inLanguage\":\"es\",\"@id\":\"https:\\\/\\\/www.terraaquatica.com\\\/#\\\/schema\\\/logo\\\/image\\\/\",\"url\":\"https:\\\/\\\/www.terraaquatica.com\\\/wp-content\\\/uploads\\\/2022\\\/03\\\/favicon-transpa-big.png\",\"contentUrl\":\"https:\\\/\\\/www.terraaquatica.com\\\/wp-content\\\/uploads\\\/2022\\\/03\\\/favicon-transpa-big.png\",\"width\":512,\"height\":512,\"caption\":\"Terra Aquatica\"},\"image\":{\"@id\":\"https:\\\/\\\/www.terraaquatica.com\\\/#\\\/schema\\\/logo\\\/image\\\/\"}}]}<\/script>\n<!-- \/ Yoast SEO plugin. -->","yoast_head_json":{"title":"Urtimax\u00ae - Terra Aquatica","robots":{"index":"index","follow":"follow","max-snippet":"max-snippet:-1","max-image-preview":"max-image-preview:large","max-video-preview":"max-video-preview:-1"},"canonical":"https:\/\/www.terraaquatica.com\/es\/bioestimulante-organico-universal\/urtimax-2\/","og_locale":"es_ES","og_type":"article","og_title":"Urtimax\u00ae - Terra Aquatica","og_description":"Tratamiento para la clorosis, fuente org\u00e1nica de s\u00edlice, t\u00f3nico general para la salud y repelente de plagas: \u00a1Urtimax\u00ae es un [&hellip;]","og_url":"https:\/\/www.terraaquatica.com\/es\/bioestimulante-organico-universal\/urtimax-2","og_site_name":"Terra Aquatica","article_modified_time":"2024-09-10T09:26:03+00:00","og_image":[{"width":720,"height":720,"url":"https:\/\/www.terraaquatica.com\/wp-content\/uploads\/2019\/03\/urtimax-1l.jpg","type":"image\/jpeg"}],"twitter_card":"summary_large_image","twitter_misc":{"Tiempo de lectura":"1 minuto"},"schema":{"@context":"https:\/\/schema.org","@graph":[{"@type":"WebPage","@id":"https:\/\/www.terraaquatica.com\/es\/bioestimulante-organico-universal\/urtimax-2","url":"https:\/\/www.terraaquatica.com\/es\/bioestimulante-organico-universal\/urtimax-2","name":"Urtimax\u00ae - Terra Aquatica","isPartOf":{"@id":"https:\/\/www.terraaquatica.com\/#website"},"primaryImageOfPage":{"@id":"https:\/\/www.terraaquatica.com\/es\/bioestimulante-organico-universal\/urtimax-2#primaryimage"},"image":{"@id":"https:\/\/www.terraaquatica.com\/es\/bioestimulante-organico-universal\/urtimax-2#primaryimage"},"thumbnailUrl":"https:\/\/www.terraaquatica.com\/wp-content\/uploads\/2019\/03\/urtimax-1l.jpg","datePublished":"2018-04-11T09:52:05+00:00","dateModified":"2024-09-10T09:26:03+00:00","breadcrumb":{"@id":"https:\/\/www.terraaquatica.com\/es\/bioestimulante-organico-universal\/urtimax-2#breadcrumb"},"inLanguage":"es","potentialAction":[{"@type":"ReadAction","target":["https:\/\/www.terraaquatica.com\/es\/bioestimulante-organico-universal\/urtimax-2"]}]},{"@type":"ImageObject","inLanguage":"es","@id":"https:\/\/www.terraaquatica.com\/es\/bioestimulante-organico-universal\/urtimax-2#primaryimage","url":"https:\/\/www.terraaquatica.com\/wp-content\/uploads\/2019\/03\/urtimax-1l.jpg","contentUrl":"https:\/\/www.terraaquatica.com\/wp-content\/uploads\/2019\/03\/urtimax-1l.jpg","width":720,"height":720,"caption":"Urtimax"},{"@type":"BreadcrumbList","@id":"https:\/\/www.terraaquatica.com\/es\/bioestimulante-organico-universal\/urtimax-2#breadcrumb","itemListElement":[{"@type":"ListItem","position":1,"name":"Accueil","item":"https:\/\/www.terraaquatica.com\/es\/"},{"@type":"ListItem","position":2,"name":"Products","item":"https:\/\/www.terraaquatica.com\/es\/product\/"},{"@type":"ListItem","position":3,"name":"Urtimax\u00ae"}]},{"@type":"WebSite","@id":"https:\/\/www.terraaquatica.com\/#website","url":"https:\/\/www.terraaquatica.com\/","name":"Terra Aquatica","description":"Engrais et syst\u00e8mes de culture depuis 1995","publisher":{"@id":"https:\/\/www.terraaquatica.com\/#organization"},"potentialAction":[{"@type":"SearchAction","target":{"@type":"EntryPoint","urlTemplate":"https:\/\/www.terraaquatica.com\/?s={search_term_string}"},"query-input":{"@type":"PropertyValueSpecification","valueRequired":true,"valueName":"search_term_string"}}],"inLanguage":"es"},{"@type":"Organization","@id":"https:\/\/www.terraaquatica.com\/#organization","name":"Terra Aquatica","url":"https:\/\/www.terraaquatica.com\/","logo":{"@type":"ImageObject","inLanguage":"es","@id":"https:\/\/www.terraaquatica.com\/#\/schema\/logo\/image\/","url":"https:\/\/www.terraaquatica.com\/wp-content\/uploads\/2022\/03\/favicon-transpa-big.png","contentUrl":"https:\/\/www.terraaquatica.com\/wp-content\/uploads\/2022\/03\/favicon-transpa-big.png","width":512,"height":512,"caption":"Terra Aquatica"},"image":{"@id":"https:\/\/www.terraaquatica.com\/#\/schema\/logo\/image\/"}}]}},"_links":{"self":[{"href":"https:\/\/www.terraaquatica.com\/es\/wp-json\/wp\/v2\/product\/1809","targetHints":{"allow":["GET"]}}],"collection":[{"href":"https:\/\/www.terraaquatica.com\/es\/wp-json\/wp\/v2\/product"}],"about":[{"href":"https:\/\/www.terraaquatica.com\/es\/wp-json\/wp\/v2\/types\/product"}],"author":[{"embeddable":true,"href":"https:\/\/www.terraaquatica.com\/es\/wp-json\/wp\/v2\/users\/3"}],"wp:featuredmedia":[{"embeddable":true,"href":"https:\/\/www.terraaquatica.com\/es\/wp-json\/wp\/v2\/media\/1695"}],"wp:attachment":[{"href":"https:\/\/www.terraaquatica.com\/es\/wp-json\/wp\/v2\/media?parent=1809"}],"wp:term":[{"taxonomy":"m_thode_de_culture","embeddable":true,"href":"https:\/\/www.terraaquatica.com\/es\/wp-json\/wp\/v2\/m_thode_de_culture?post=1809"},{"taxonomy":"substrat","embeddable":true,"href":"https:\/\/www.terraaquatica.com\/es\/wp-json\/wp\/v2\/substrat?post=1809"},{"taxonomy":"product_category","embeddable":true,"href":"https:\/\/www.terraaquatica.com\/es\/wp-json\/wp\/v2\/product_category?post=1809"}],"curies":[{"name":"wp","href":"https:\/\/api.w.org\/{rel}","templated":true}]}}