{"id":1811,"date":"2018-04-11T14:30:52","date_gmt":"2018-04-11T12:30:52","guid":{"rendered":"https:\/\/www.terraaquatica.com\/produits\/waterfarm-html-2\/"},"modified":"2024-04-30T10:40:47","modified_gmt":"2024-04-30T08:40:47","slug":"cultimate-s-l-solar","status":"publish","type":"product","link":"https:\/\/www.terraaquatica.com\/es\/sistemas-cultivo\/cultimate-s-l-solar","title":{"rendered":"CultiMate\u00ae S, L, Solar"},"content":{"rendered":"<p>La unida dom\u00e9stica ORIGINAL para hidropon\u00eda. Muchas veces ha sido copiada, jam\u00e1s igualada.<\/p>\n<p>Inventado hace m\u00e1s de 30 a\u00f1os en California por el fundador de GH USA, Lawrence Brooke y a\u00fan hoy nuestro sistema dom\u00e9stico hidrop\u00f3nico m\u00e1s vendido, el CultiMate\u00ae L \u2013 y su versi\u00f3n m\u00e1s peque\u00f1a CultiMate\u00ae S \u2013 han hecho crecer por todo el mundo miles de plantas felices, sanas y a veces enormes.<\/p>\n<p>CultiMate\u00ae S, L, Solar debe su longevidad y \u00e9xito a la combinaci\u00f3n de rendimiento y facilidad de uso que presenta su sistema. R\u00e1pido de montar en cualquier espacio, desde invernaderos hasta cocinas y balcones, CultiMate\u00ae S, L, Solar pueden utilizarse para cultivar plantas arom\u00e1ticas y decorativas de todos los tama\u00f1os, desde albahaca y otras hierbas hasta \u00e1rboles peque\u00f1os.<\/p>\n<p>Ambos sistemas funcionan utilizando el aire para extraer la soluci\u00f3n nutritiva del dep\u00f3sito y dej\u00e1ndola escurrirse a trav\u00e9s del sustrato de bolas de arcilla sobre las ra\u00edces. Este dise\u00f1o simple y fiable es incre\u00edblemente efectivo a la hora de suministrarle a las plantas una soluci\u00f3n nutritiva bien oxigenada \u2013 justamente lo que se necesita para un crecimiento y una floraci\u00f3n \u00f3ptimos \u2013 y la presentaci\u00f3n en 2 partes permite un f\u00e1cil acceso al dep\u00f3sito y a las ra\u00edces, lo que en muchos otros sistemas resulta dif\u00edcil o imposible.<\/p>\n<p>Ahora, en la versi\u00f3n 3, que cuenta con una serie de mejoras en el dise\u00f1o de sus componentes, CultiMate\u00ae S, L, Solar son:<\/p>\n<ul>\n<li>Rotomoldeados en Francia a partir de un pl\u00e1stico reciclado extremadamente resistente y duradero.<\/li>\n<li>Protectores de las ra\u00edces frente a los rayos UV y a la luz<\/li>\n<li>Vers\u00e1tiles, adaptables y extensibles.<\/li>\n<li>Consumo de electricidad muy bajo: menos de 2 Vatios.<\/li>\n<\/ul>\n<p><span style=\"font-size: 11px;\"><em>La garant\u00eda de por vida cubre \u00fanicamente un uso razonable y se aplica a los sistemas en pl\u00e1stico rotomoldeado fabricados en Francia por Terra Aquatica, excluyendo elementos auxiliares, motores, etc<\/em><\/span><\/p>\n\n\n<p class=\"has-normal-font-size\"><strong>Tutorial de montaje<\/strong><\/p>\n\n\n\n<figure class=\"wp-block-embed is-type-video is-provider-youtube wp-block-embed-youtube wp-embed-aspect-16-9 wp-has-aspect-ratio\"><div class=\"wp-block-embed__wrapper\">\n<iframe title=\"Montage du syst\u00e8me hydroponique Cultimate de Terra Aquatica\" width=\"500\" height=\"281\" src=\"https:\/\/www.youtube.com\/embed\/vzqPRxoBgv8?feature=oembed\" frameborder=\"0\" allow=\"accelerometer; autoplay; clipboard-write; encrypted-media; gyroscope; picture-in-picture; web-share\" referrerpolicy=\"strict-origin-when-cross-origin\" allowfullscreen><\/iframe>\n<\/div><\/figure>\n","protected":false},"author":3,"template":"","meta":{"_acf_changed":false},"m_thode_de_culture":[31,32],"substrat":[],"product_category":[285],"class_list":["post-1811","product","type-product","status-publish","has-post-thumbnail","hentry","m_thode_de_culture-mineral-en","m_thode_de_culture-organic-en","product_category-sistemas-cultivo"],"acf":[],"yoast_head":"<!-- This site is optimized with the Yoast SEO plugin v27.3 - https:\/\/yoast.com\/product\/yoast-seo-wordpress\/ -->\n<title>CultiMate\u00ae S, L, Solar - Terra Aquatica<\/title>\n<meta name=\"robots\" content=\"index, follow, max-snippet:-1, max-image-preview:large, max-video-preview:-1\" \/>\n<link rel=\"canonical\" href=\"https:\/\/www.terraaquatica.com\/es\/sistemas-cultivo\/cultimate-s-l-solar\/\" \/>\n<meta property=\"og:locale\" content=\"es_ES\" \/>\n<meta property=\"og:type\" content=\"article\" \/>\n<meta property=\"og:title\" content=\"CultiMate\u00ae S, L, Solar - Terra Aquatica\" \/>\n<meta property=\"og:description\" content=\"La unida dom\u00e9stica ORIGINAL para hidropon\u00eda. Muchas veces ha sido copiada, jam\u00e1s igualada. Inventado hace m\u00e1s de 30 a\u00f1os en [&hellip;]\" \/>\n<meta property=\"og:url\" content=\"https:\/\/www.terraaquatica.com\/es\/sistemas-cultivo\/cultimate-s-l-solar\" \/>\n<meta property=\"og:site_name\" content=\"Terra Aquatica\" \/>\n<meta property=\"article:modified_time\" content=\"2024-04-30T08:40:47+00:00\" \/>\n<meta property=\"og:image\" content=\"https:\/\/www.terraaquatica.com\/wp-content\/uploads\/2017\/11\/aquafarm-2017_0.png\" \/>\n\t<meta property=\"og:image:width\" content=\"720\" \/>\n\t<meta property=\"og:image:height\" content=\"720\" \/>\n\t<meta property=\"og:image:type\" content=\"image\/png\" \/>\n<meta name=\"twitter:card\" content=\"summary_large_image\" \/>\n<meta name=\"twitter:label1\" content=\"Tiempo de lectura\" \/>\n\t<meta name=\"twitter:data1\" content=\"2 minutos\" \/>\n<script type=\"application\/ld+json\" class=\"yoast-schema-graph\">{\"@context\":\"https:\\\/\\\/schema.org\",\"@graph\":[{\"@type\":\"WebPage\",\"@id\":\"https:\\\/\\\/www.terraaquatica.com\\\/es\\\/sistemas-cultivo\\\/cultimate-s-l-solar\",\"url\":\"https:\\\/\\\/www.terraaquatica.com\\\/es\\\/sistemas-cultivo\\\/cultimate-s-l-solar\",\"name\":\"CultiMate\u00ae S, L, Solar - Terra Aquatica\",\"isPartOf\":{\"@id\":\"https:\\\/\\\/www.terraaquatica.com\\\/#website\"},\"primaryImageOfPage\":{\"@id\":\"https:\\\/\\\/www.terraaquatica.com\\\/es\\\/sistemas-cultivo\\\/cultimate-s-l-solar#primaryimage\"},\"image\":{\"@id\":\"https:\\\/\\\/www.terraaquatica.com\\\/es\\\/sistemas-cultivo\\\/cultimate-s-l-solar#primaryimage\"},\"thumbnailUrl\":\"https:\\\/\\\/www.terraaquatica.com\\\/wp-content\\\/uploads\\\/2017\\\/11\\\/aquafarm-2017_0.png\",\"datePublished\":\"2018-04-11T12:30:52+00:00\",\"dateModified\":\"2024-04-30T08:40:47+00:00\",\"breadcrumb\":{\"@id\":\"https:\\\/\\\/www.terraaquatica.com\\\/es\\\/sistemas-cultivo\\\/cultimate-s-l-solar#breadcrumb\"},\"inLanguage\":\"es\",\"potentialAction\":[{\"@type\":\"ReadAction\",\"target\":[\"https:\\\/\\\/www.terraaquatica.com\\\/es\\\/sistemas-cultivo\\\/cultimate-s-l-solar\"]}]},{\"@type\":\"ImageObject\",\"inLanguage\":\"es\",\"@id\":\"https:\\\/\\\/www.terraaquatica.com\\\/es\\\/sistemas-cultivo\\\/cultimate-s-l-solar#primaryimage\",\"url\":\"https:\\\/\\\/www.terraaquatica.com\\\/wp-content\\\/uploads\\\/2017\\\/11\\\/aquafarm-2017_0.png\",\"contentUrl\":\"https:\\\/\\\/www.terraaquatica.com\\\/wp-content\\\/uploads\\\/2017\\\/11\\\/aquafarm-2017_0.png\",\"width\":720,\"height\":720,\"caption\":\"AquaFarm\"},{\"@type\":\"BreadcrumbList\",\"@id\":\"https:\\\/\\\/www.terraaquatica.com\\\/es\\\/sistemas-cultivo\\\/cultimate-s-l-solar#breadcrumb\",\"itemListElement\":[{\"@type\":\"ListItem\",\"position\":1,\"name\":\"Accueil\",\"item\":\"https:\\\/\\\/www.terraaquatica.com\\\/es\\\/\"},{\"@type\":\"ListItem\",\"position\":2,\"name\":\"Products\",\"item\":\"https:\\\/\\\/www.terraaquatica.com\\\/es\\\/product\\\/\"},{\"@type\":\"ListItem\",\"position\":3,\"name\":\"CultiMate\u00ae S, L, Solar\"}]},{\"@type\":\"WebSite\",\"@id\":\"https:\\\/\\\/www.terraaquatica.com\\\/#website\",\"url\":\"https:\\\/\\\/www.terraaquatica.com\\\/\",\"name\":\"Terra Aquatica\",\"description\":\"Engrais et syst\u00e8mes de culture depuis 1995\",\"publisher\":{\"@id\":\"https:\\\/\\\/www.terraaquatica.com\\\/#organization\"},\"potentialAction\":[{\"@type\":\"SearchAction\",\"target\":{\"@type\":\"EntryPoint\",\"urlTemplate\":\"https:\\\/\\\/www.terraaquatica.com\\\/?s={search_term_string}\"},\"query-input\":{\"@type\":\"PropertyValueSpecification\",\"valueRequired\":true,\"valueName\":\"search_term_string\"}}],\"inLanguage\":\"es\"},{\"@type\":\"Organization\",\"@id\":\"https:\\\/\\\/www.terraaquatica.com\\\/#organization\",\"name\":\"Terra Aquatica\",\"url\":\"https:\\\/\\\/www.terraaquatica.com\\\/\",\"logo\":{\"@type\":\"ImageObject\",\"inLanguage\":\"es\",\"@id\":\"https:\\\/\\\/www.terraaquatica.com\\\/#\\\/schema\\\/logo\\\/image\\\/\",\"url\":\"https:\\\/\\\/www.terraaquatica.com\\\/wp-content\\\/uploads\\\/2022\\\/03\\\/favicon-transpa-big.png\",\"contentUrl\":\"https:\\\/\\\/www.terraaquatica.com\\\/wp-content\\\/uploads\\\/2022\\\/03\\\/favicon-transpa-big.png\",\"width\":512,\"height\":512,\"caption\":\"Terra Aquatica\"},\"image\":{\"@id\":\"https:\\\/\\\/www.terraaquatica.com\\\/#\\\/schema\\\/logo\\\/image\\\/\"}}]}<\/script>\n<!-- \/ Yoast SEO plugin. -->","yoast_head_json":{"title":"CultiMate\u00ae S, L, Solar - Terra Aquatica","robots":{"index":"index","follow":"follow","max-snippet":"max-snippet:-1","max-image-preview":"max-image-preview:large","max-video-preview":"max-video-preview:-1"},"canonical":"https:\/\/www.terraaquatica.com\/es\/sistemas-cultivo\/cultimate-s-l-solar\/","og_locale":"es_ES","og_type":"article","og_title":"CultiMate\u00ae S, L, Solar - Terra Aquatica","og_description":"La unida dom\u00e9stica ORIGINAL para hidropon\u00eda. Muchas veces ha sido copiada, jam\u00e1s igualada. Inventado hace m\u00e1s de 30 a\u00f1os en [&hellip;]","og_url":"https:\/\/www.terraaquatica.com\/es\/sistemas-cultivo\/cultimate-s-l-solar","og_site_name":"Terra Aquatica","article_modified_time":"2024-04-30T08:40:47+00:00","og_image":[{"width":720,"height":720,"url":"https:\/\/www.terraaquatica.com\/wp-content\/uploads\/2017\/11\/aquafarm-2017_0.png","type":"image\/png"}],"twitter_card":"summary_large_image","twitter_misc":{"Tiempo de lectura":"2 minutos"},"schema":{"@context":"https:\/\/schema.org","@graph":[{"@type":"WebPage","@id":"https:\/\/www.terraaquatica.com\/es\/sistemas-cultivo\/cultimate-s-l-solar","url":"https:\/\/www.terraaquatica.com\/es\/sistemas-cultivo\/cultimate-s-l-solar","name":"CultiMate\u00ae S, L, Solar - Terra Aquatica","isPartOf":{"@id":"https:\/\/www.terraaquatica.com\/#website"},"primaryImageOfPage":{"@id":"https:\/\/www.terraaquatica.com\/es\/sistemas-cultivo\/cultimate-s-l-solar#primaryimage"},"image":{"@id":"https:\/\/www.terraaquatica.com\/es\/sistemas-cultivo\/cultimate-s-l-solar#primaryimage"},"thumbnailUrl":"https:\/\/www.terraaquatica.com\/wp-content\/uploads\/2017\/11\/aquafarm-2017_0.png","datePublished":"2018-04-11T12:30:52+00:00","dateModified":"2024-04-30T08:40:47+00:00","breadcrumb":{"@id":"https:\/\/www.terraaquatica.com\/es\/sistemas-cultivo\/cultimate-s-l-solar#breadcrumb"},"inLanguage":"es","potentialAction":[{"@type":"ReadAction","target":["https:\/\/www.terraaquatica.com\/es\/sistemas-cultivo\/cultimate-s-l-solar"]}]},{"@type":"ImageObject","inLanguage":"es","@id":"https:\/\/www.terraaquatica.com\/es\/sistemas-cultivo\/cultimate-s-l-solar#primaryimage","url":"https:\/\/www.terraaquatica.com\/wp-content\/uploads\/2017\/11\/aquafarm-2017_0.png","contentUrl":"https:\/\/www.terraaquatica.com\/wp-content\/uploads\/2017\/11\/aquafarm-2017_0.png","width":720,"height":720,"caption":"AquaFarm"},{"@type":"BreadcrumbList","@id":"https:\/\/www.terraaquatica.com\/es\/sistemas-cultivo\/cultimate-s-l-solar#breadcrumb","itemListElement":[{"@type":"ListItem","position":1,"name":"Accueil","item":"https:\/\/www.terraaquatica.com\/es\/"},{"@type":"ListItem","position":2,"name":"Products","item":"https:\/\/www.terraaquatica.com\/es\/product\/"},{"@type":"ListItem","position":3,"name":"CultiMate\u00ae S, L, Solar"}]},{"@type":"WebSite","@id":"https:\/\/www.terraaquatica.com\/#website","url":"https:\/\/www.terraaquatica.com\/","name":"Terra Aquatica","description":"Engrais et syst\u00e8mes de culture depuis 1995","publisher":{"@id":"https:\/\/www.terraaquatica.com\/#organization"},"potentialAction":[{"@type":"SearchAction","target":{"@type":"EntryPoint","urlTemplate":"https:\/\/www.terraaquatica.com\/?s={search_term_string}"},"query-input":{"@type":"PropertyValueSpecification","valueRequired":true,"valueName":"search_term_string"}}],"inLanguage":"es"},{"@type":"Organization","@id":"https:\/\/www.terraaquatica.com\/#organization","name":"Terra Aquatica","url":"https:\/\/www.terraaquatica.com\/","logo":{"@type":"ImageObject","inLanguage":"es","@id":"https:\/\/www.terraaquatica.com\/#\/schema\/logo\/image\/","url":"https:\/\/www.terraaquatica.com\/wp-content\/uploads\/2022\/03\/favicon-transpa-big.png","contentUrl":"https:\/\/www.terraaquatica.com\/wp-content\/uploads\/2022\/03\/favicon-transpa-big.png","width":512,"height":512,"caption":"Terra Aquatica"},"image":{"@id":"https:\/\/www.terraaquatica.com\/#\/schema\/logo\/image\/"}}]}},"_links":{"self":[{"href":"https:\/\/www.terraaquatica.com\/es\/wp-json\/wp\/v2\/product\/1811","targetHints":{"allow":["GET"]}}],"collection":[{"href":"https:\/\/www.terraaquatica.com\/es\/wp-json\/wp\/v2\/product"}],"about":[{"href":"https:\/\/www.terraaquatica.com\/es\/wp-json\/wp\/v2\/types\/product"}],"author":[{"embeddable":true,"href":"https:\/\/www.terraaquatica.com\/es\/wp-json\/wp\/v2\/users\/3"}],"wp:featuredmedia":[{"embeddable":true,"href":"https:\/\/www.terraaquatica.com\/es\/wp-json\/wp\/v2\/media\/1744"}],"wp:attachment":[{"href":"https:\/\/www.terraaquatica.com\/es\/wp-json\/wp\/v2\/media?parent=1811"}],"wp:term":[{"taxonomy":"m_thode_de_culture","embeddable":true,"href":"https:\/\/www.terraaquatica.com\/es\/wp-json\/wp\/v2\/m_thode_de_culture?post=1811"},{"taxonomy":"substrat","embeddable":true,"href":"https:\/\/www.terraaquatica.com\/es\/wp-json\/wp\/v2\/substrat?post=1811"},{"taxonomy":"product_category","embeddable":true,"href":"https:\/\/www.terraaquatica.com\/es\/wp-json\/wp\/v2\/product_category?post=1811"}],"curies":[{"name":"wp","href":"https:\/\/api.w.org\/{rel}","templated":true}]}}