{"id":1813,"date":"2018-04-11T15:47:19","date_gmt":"2018-04-11T13:47:19","guid":{"rendered":"https:\/\/www.terraaquatica.com\/produits\/waterpack-acs-html-2\/"},"modified":"2025-04-08T14:29:27","modified_gmt":"2025-04-08T12:29:27","slug":"waterpack-acs-html-2","status":"publish","type":"product","link":"https:\/\/www.terraaquatica.com\/es\/sistemas-cultivo\/waterpack-acs-html-2","title":{"rendered":"CultiMate\u00ae 4-pack"},"content":{"rendered":"<p><em>Sistema de recirculaci\u00f3n ampliable, altamente eficiente y f\u00e1cil de usar<\/em><\/p>\n<p>El sistema CultiMate\u00ae le permite instalar un sistema hidrop\u00f3nico adecuado en espacios peque\u00f1os y dimensionarlos seg\u00fan sus necesidades. \u00a1Todo el sistema funciona con una bomba de aire y nuestro innovador dise\u00f1o de conector en T permite que la soluci\u00f3n nutritiva circule \u00edntegramente en solo treinta minutos!<\/p>\n<p>Fabricado con el mismo pl\u00e1stico de alta calidad que nuestras CultiMate\u00ae (granjas acu\u00e1ticas), l\u00edderes en el mercado, y con el mismo dep\u00f3sito de 45L de f\u00e1cil acceso, el CultiMate\u00ae 4-pack tiene un dep\u00f3sito con tapa abatible para un f\u00e1cil llenado y vaciado, as\u00ed como un acceso directo a la soluci\u00f3n nutritiva.<\/p>\n<ul>\n<li>Rotomoldeados en Francia a partir de un pl\u00e1stico reciclado extremadamente resistente y duradero.<\/li>\n<li>Protectores de las ra\u00edces frente a los rayos UV y a la luz<\/li>\n<li>Vers\u00e1tiles, adaptables y extensibles.<\/li>\n<\/ul>\n<p>El CultiMate\u00ae 4-pack viene de serie con 4 unidades CultiMate\u00ae S y brinda mejores resultados con una planta por maceta. Las piezas de extensi\u00f3n est\u00e1n disponibles para agregar m\u00e1s CultiMate\u00ae si lo desea. Tambi\u00e9n puede usar el CultiMate\u00ae Controller con otras marcas de macetas.<\/p>\n<p><em style=\"font-size: 11px;\">La garant\u00eda de por vida cubre \u00fanicamente un uso razonable y se aplica a los sistemas en pl\u00e1stico rotomoldeado fabricados en Francia por Terra Aquatica, excluyendo elementos auxiliares, motores, etc<\/em><\/p>\n\n\n<p class=\"has-normal-font-size\"><strong>Tutorial de montaje<\/strong><\/p>\n\n\n\n<figure class=\"wp-block-embed is-type-video is-provider-youtube wp-block-embed-youtube wp-embed-aspect-16-9 wp-has-aspect-ratio\"><div class=\"wp-block-embed__wrapper\">\n<iframe title=\"Montage du syst\u00e8me hydroponique CultiMate 4 packs\" width=\"500\" height=\"281\" src=\"https:\/\/www.youtube.com\/embed\/n1kAcfLW9YQ?feature=oembed\" frameborder=\"0\" allow=\"accelerometer; autoplay; clipboard-write; encrypted-media; gyroscope; picture-in-picture; web-share\" referrerpolicy=\"strict-origin-when-cross-origin\" allowfullscreen><\/iframe>\n<\/div><\/figure>\n","protected":false},"author":3,"template":"","meta":{"_acf_changed":false},"m_thode_de_culture":[31,32],"substrat":[],"product_category":[285],"class_list":["post-1813","product","type-product","status-publish","has-post-thumbnail","hentry","m_thode_de_culture-mineral-en","m_thode_de_culture-organic-en","product_category-sistemas-cultivo"],"acf":[],"yoast_head":"<!-- This site is optimized with the Yoast SEO plugin v27.3 - https:\/\/yoast.com\/product\/yoast-seo-wordpress\/ -->\n<title>CultiMate\u00ae 4-pack - Terra Aquatica<\/title>\n<meta name=\"robots\" content=\"index, follow, max-snippet:-1, max-image-preview:large, max-video-preview:-1\" \/>\n<link rel=\"canonical\" href=\"https:\/\/www.terraaquatica.com\/es\/sistemas-cultivo\/waterpack-acs-html-2\/\" \/>\n<meta property=\"og:locale\" content=\"es_ES\" \/>\n<meta property=\"og:type\" content=\"article\" \/>\n<meta property=\"og:title\" content=\"CultiMate\u00ae 4-pack - Terra Aquatica\" \/>\n<meta property=\"og:description\" content=\"Sistema de recirculaci\u00f3n ampliable, altamente eficiente y f\u00e1cil de usar El sistema CultiMate\u00ae le permite instalar un sistema hidrop\u00f3nico adecuado [&hellip;]\" \/>\n<meta property=\"og:url\" content=\"https:\/\/www.terraaquatica.com\/es\/sistemas-cultivo\/waterpack-acs-html-2\" \/>\n<meta property=\"og:site_name\" content=\"Terra Aquatica\" \/>\n<meta property=\"article:modified_time\" content=\"2025-04-08T12:29:27+00:00\" \/>\n<meta property=\"og:image\" content=\"https:\/\/www.terraaquatica.com\/wp-content\/uploads\/2017\/11\/waterpack-v3_0.png\" \/>\n\t<meta property=\"og:image:width\" content=\"720\" \/>\n\t<meta property=\"og:image:height\" content=\"720\" \/>\n\t<meta property=\"og:image:type\" content=\"image\/png\" \/>\n<meta name=\"twitter:card\" content=\"summary_large_image\" \/>\n<meta name=\"twitter:label1\" content=\"Tiempo de lectura\" \/>\n\t<meta name=\"twitter:data1\" content=\"1 minuto\" \/>\n<script type=\"application\/ld+json\" class=\"yoast-schema-graph\">{\"@context\":\"https:\\\/\\\/schema.org\",\"@graph\":[{\"@type\":\"WebPage\",\"@id\":\"https:\\\/\\\/www.terraaquatica.com\\\/es\\\/sistemas-cultivo\\\/waterpack-acs-html-2\",\"url\":\"https:\\\/\\\/www.terraaquatica.com\\\/es\\\/sistemas-cultivo\\\/waterpack-acs-html-2\",\"name\":\"CultiMate\u00ae 4-pack - Terra Aquatica\",\"isPartOf\":{\"@id\":\"https:\\\/\\\/www.terraaquatica.com\\\/#website\"},\"primaryImageOfPage\":{\"@id\":\"https:\\\/\\\/www.terraaquatica.com\\\/es\\\/sistemas-cultivo\\\/waterpack-acs-html-2#primaryimage\"},\"image\":{\"@id\":\"https:\\\/\\\/www.terraaquatica.com\\\/es\\\/sistemas-cultivo\\\/waterpack-acs-html-2#primaryimage\"},\"thumbnailUrl\":\"https:\\\/\\\/www.terraaquatica.com\\\/wp-content\\\/uploads\\\/2017\\\/11\\\/waterpack-v3_0.png\",\"datePublished\":\"2018-04-11T13:47:19+00:00\",\"dateModified\":\"2025-04-08T12:29:27+00:00\",\"breadcrumb\":{\"@id\":\"https:\\\/\\\/www.terraaquatica.com\\\/es\\\/sistemas-cultivo\\\/waterpack-acs-html-2#breadcrumb\"},\"inLanguage\":\"es\",\"potentialAction\":[{\"@type\":\"ReadAction\",\"target\":[\"https:\\\/\\\/www.terraaquatica.com\\\/es\\\/sistemas-cultivo\\\/waterpack-acs-html-2\"]}]},{\"@type\":\"ImageObject\",\"inLanguage\":\"es\",\"@id\":\"https:\\\/\\\/www.terraaquatica.com\\\/es\\\/sistemas-cultivo\\\/waterpack-acs-html-2#primaryimage\",\"url\":\"https:\\\/\\\/www.terraaquatica.com\\\/wp-content\\\/uploads\\\/2017\\\/11\\\/waterpack-v3_0.png\",\"contentUrl\":\"https:\\\/\\\/www.terraaquatica.com\\\/wp-content\\\/uploads\\\/2017\\\/11\\\/waterpack-v3_0.png\",\"width\":720,\"height\":720,\"caption\":\"waterpack\"},{\"@type\":\"BreadcrumbList\",\"@id\":\"https:\\\/\\\/www.terraaquatica.com\\\/es\\\/sistemas-cultivo\\\/waterpack-acs-html-2#breadcrumb\",\"itemListElement\":[{\"@type\":\"ListItem\",\"position\":1,\"name\":\"Accueil\",\"item\":\"https:\\\/\\\/www.terraaquatica.com\\\/es\\\/\"},{\"@type\":\"ListItem\",\"position\":2,\"name\":\"Products\",\"item\":\"https:\\\/\\\/www.terraaquatica.com\\\/es\\\/product\\\/\"},{\"@type\":\"ListItem\",\"position\":3,\"name\":\"CultiMate\u00ae 4-pack\"}]},{\"@type\":\"WebSite\",\"@id\":\"https:\\\/\\\/www.terraaquatica.com\\\/#website\",\"url\":\"https:\\\/\\\/www.terraaquatica.com\\\/\",\"name\":\"Terra Aquatica\",\"description\":\"Engrais et syst\u00e8mes de culture depuis 1995\",\"publisher\":{\"@id\":\"https:\\\/\\\/www.terraaquatica.com\\\/#organization\"},\"potentialAction\":[{\"@type\":\"SearchAction\",\"target\":{\"@type\":\"EntryPoint\",\"urlTemplate\":\"https:\\\/\\\/www.terraaquatica.com\\\/?s={search_term_string}\"},\"query-input\":{\"@type\":\"PropertyValueSpecification\",\"valueRequired\":true,\"valueName\":\"search_term_string\"}}],\"inLanguage\":\"es\"},{\"@type\":\"Organization\",\"@id\":\"https:\\\/\\\/www.terraaquatica.com\\\/#organization\",\"name\":\"Terra Aquatica\",\"url\":\"https:\\\/\\\/www.terraaquatica.com\\\/\",\"logo\":{\"@type\":\"ImageObject\",\"inLanguage\":\"es\",\"@id\":\"https:\\\/\\\/www.terraaquatica.com\\\/#\\\/schema\\\/logo\\\/image\\\/\",\"url\":\"https:\\\/\\\/www.terraaquatica.com\\\/wp-content\\\/uploads\\\/2022\\\/03\\\/favicon-transpa-big.png\",\"contentUrl\":\"https:\\\/\\\/www.terraaquatica.com\\\/wp-content\\\/uploads\\\/2022\\\/03\\\/favicon-transpa-big.png\",\"width\":512,\"height\":512,\"caption\":\"Terra Aquatica\"},\"image\":{\"@id\":\"https:\\\/\\\/www.terraaquatica.com\\\/#\\\/schema\\\/logo\\\/image\\\/\"}}]}<\/script>\n<!-- \/ Yoast SEO plugin. -->","yoast_head_json":{"title":"CultiMate\u00ae 4-pack - Terra Aquatica","robots":{"index":"index","follow":"follow","max-snippet":"max-snippet:-1","max-image-preview":"max-image-preview:large","max-video-preview":"max-video-preview:-1"},"canonical":"https:\/\/www.terraaquatica.com\/es\/sistemas-cultivo\/waterpack-acs-html-2\/","og_locale":"es_ES","og_type":"article","og_title":"CultiMate\u00ae 4-pack - Terra Aquatica","og_description":"Sistema de recirculaci\u00f3n ampliable, altamente eficiente y f\u00e1cil de usar El sistema CultiMate\u00ae le permite instalar un sistema hidrop\u00f3nico adecuado [&hellip;]","og_url":"https:\/\/www.terraaquatica.com\/es\/sistemas-cultivo\/waterpack-acs-html-2","og_site_name":"Terra Aquatica","article_modified_time":"2025-04-08T12:29:27+00:00","og_image":[{"width":720,"height":720,"url":"https:\/\/www.terraaquatica.com\/wp-content\/uploads\/2017\/11\/waterpack-v3_0.png","type":"image\/png"}],"twitter_card":"summary_large_image","twitter_misc":{"Tiempo de lectura":"1 minuto"},"schema":{"@context":"https:\/\/schema.org","@graph":[{"@type":"WebPage","@id":"https:\/\/www.terraaquatica.com\/es\/sistemas-cultivo\/waterpack-acs-html-2","url":"https:\/\/www.terraaquatica.com\/es\/sistemas-cultivo\/waterpack-acs-html-2","name":"CultiMate\u00ae 4-pack - Terra Aquatica","isPartOf":{"@id":"https:\/\/www.terraaquatica.com\/#website"},"primaryImageOfPage":{"@id":"https:\/\/www.terraaquatica.com\/es\/sistemas-cultivo\/waterpack-acs-html-2#primaryimage"},"image":{"@id":"https:\/\/www.terraaquatica.com\/es\/sistemas-cultivo\/waterpack-acs-html-2#primaryimage"},"thumbnailUrl":"https:\/\/www.terraaquatica.com\/wp-content\/uploads\/2017\/11\/waterpack-v3_0.png","datePublished":"2018-04-11T13:47:19+00:00","dateModified":"2025-04-08T12:29:27+00:00","breadcrumb":{"@id":"https:\/\/www.terraaquatica.com\/es\/sistemas-cultivo\/waterpack-acs-html-2#breadcrumb"},"inLanguage":"es","potentialAction":[{"@type":"ReadAction","target":["https:\/\/www.terraaquatica.com\/es\/sistemas-cultivo\/waterpack-acs-html-2"]}]},{"@type":"ImageObject","inLanguage":"es","@id":"https:\/\/www.terraaquatica.com\/es\/sistemas-cultivo\/waterpack-acs-html-2#primaryimage","url":"https:\/\/www.terraaquatica.com\/wp-content\/uploads\/2017\/11\/waterpack-v3_0.png","contentUrl":"https:\/\/www.terraaquatica.com\/wp-content\/uploads\/2017\/11\/waterpack-v3_0.png","width":720,"height":720,"caption":"waterpack"},{"@type":"BreadcrumbList","@id":"https:\/\/www.terraaquatica.com\/es\/sistemas-cultivo\/waterpack-acs-html-2#breadcrumb","itemListElement":[{"@type":"ListItem","position":1,"name":"Accueil","item":"https:\/\/www.terraaquatica.com\/es\/"},{"@type":"ListItem","position":2,"name":"Products","item":"https:\/\/www.terraaquatica.com\/es\/product\/"},{"@type":"ListItem","position":3,"name":"CultiMate\u00ae 4-pack"}]},{"@type":"WebSite","@id":"https:\/\/www.terraaquatica.com\/#website","url":"https:\/\/www.terraaquatica.com\/","name":"Terra Aquatica","description":"Engrais et syst\u00e8mes de culture depuis 1995","publisher":{"@id":"https:\/\/www.terraaquatica.com\/#organization"},"potentialAction":[{"@type":"SearchAction","target":{"@type":"EntryPoint","urlTemplate":"https:\/\/www.terraaquatica.com\/?s={search_term_string}"},"query-input":{"@type":"PropertyValueSpecification","valueRequired":true,"valueName":"search_term_string"}}],"inLanguage":"es"},{"@type":"Organization","@id":"https:\/\/www.terraaquatica.com\/#organization","name":"Terra Aquatica","url":"https:\/\/www.terraaquatica.com\/","logo":{"@type":"ImageObject","inLanguage":"es","@id":"https:\/\/www.terraaquatica.com\/#\/schema\/logo\/image\/","url":"https:\/\/www.terraaquatica.com\/wp-content\/uploads\/2022\/03\/favicon-transpa-big.png","contentUrl":"https:\/\/www.terraaquatica.com\/wp-content\/uploads\/2022\/03\/favicon-transpa-big.png","width":512,"height":512,"caption":"Terra Aquatica"},"image":{"@id":"https:\/\/www.terraaquatica.com\/#\/schema\/logo\/image\/"}}]}},"_links":{"self":[{"href":"https:\/\/www.terraaquatica.com\/es\/wp-json\/wp\/v2\/product\/1813","targetHints":{"allow":["GET"]}}],"collection":[{"href":"https:\/\/www.terraaquatica.com\/es\/wp-json\/wp\/v2\/product"}],"about":[{"href":"https:\/\/www.terraaquatica.com\/es\/wp-json\/wp\/v2\/types\/product"}],"author":[{"embeddable":true,"href":"https:\/\/www.terraaquatica.com\/es\/wp-json\/wp\/v2\/users\/3"}],"wp:featuredmedia":[{"embeddable":true,"href":"https:\/\/www.terraaquatica.com\/es\/wp-json\/wp\/v2\/media\/1747"}],"wp:attachment":[{"href":"https:\/\/www.terraaquatica.com\/es\/wp-json\/wp\/v2\/media?parent=1813"}],"wp:term":[{"taxonomy":"m_thode_de_culture","embeddable":true,"href":"https:\/\/www.terraaquatica.com\/es\/wp-json\/wp\/v2\/m_thode_de_culture?post=1813"},{"taxonomy":"substrat","embeddable":true,"href":"https:\/\/www.terraaquatica.com\/es\/wp-json\/wp\/v2\/substrat?post=1813"},{"taxonomy":"product_category","embeddable":true,"href":"https:\/\/www.terraaquatica.com\/es\/wp-json\/wp\/v2\/product_category?post=1813"}],"curies":[{"name":"wp","href":"https:\/\/api.w.org\/{rel}","templated":true}]}}