{"id":1815,"date":"2018-04-11T16:33:12","date_gmt":"2018-04-11T14:33:12","guid":{"rendered":"https:\/\/www.terraaquatica.com\/produits\/growstream-html-2\/"},"modified":"2025-10-27T15:00:19","modified_gmt":"2025-10-27T14:00:19","slug":"growstream-html-2","status":"publish","type":"product","link":"https:\/\/www.terraaquatica.com\/es\/sistemas-cultivo\/growstream-html-2","title":{"rendered":"GrowStream\u00ae"},"content":{"rendered":"<p class=\"Paragraphestandard\">Basado en la misma tecnolog\u00eda que nuestro Aeroflo, probablemente el sistema hidrop\u00f3nico m\u00e1s eficiente del mercado, pero combinado con una serie de mejoras, lo que hace de \u00e9l un sistema m\u00e1s f\u00e1cil de utilizar para los usuarios, pero sin comprometer su calidad. El nuevo sistema tiene una tapa desmontable y \u00e1ngulos redondeados para una limpieza m\u00e1s sencilla, doble pared tanto en el canal como en la tapa para un mejor aislamiento, la l\u00ednea de riego est\u00e1 localizada dentro de la c\u00e1mara para evitar cualquier fuga de agua. El tama\u00f1o ha aumentado ligeramente en comparaci\u00f3n con el AeroFlo para generar m\u00e1s volumen para las ra\u00edces y m\u00e1s capacidad de agua, lo que lo convierte en un sistema adaptado para cultivar plantas grandes. Se trata de un sistema vers\u00e1til en el que puede elegir cultivar tanto plantas grandes como peque\u00f1as, siendo el \u00fanico sistema del mercado adaptado para cultivar plantas grandes y no solo lechugas y plantas arom\u00e1ticas.<\/p>\n<p>Con una capacidad de 10 a 120 plantas por unidad y con un n\u00famero ilimitado de modelos disponibles a medida, los sistemas GrowStream\u00ae son realmente la forma m\u00e1s flexible de producir mediante hidropon\u00eda. Tomando como principio la distribuci\u00f3n \u00f3ptima de un agua rica en ox\u00edgeno a lo largo de la unidad, el concepto GrowStream\u00ae ofrece las ventajas de lo que se conoce como &#8220;Aeropon\u00eda&#8221;, sin las desventajas de un calentamiento del agua y de una extrema sensibilidad a las fluctuaciones del pH.<\/p>\n<p>Los sistemas GrowStream\u00ae se ejecutan desde una simple bomba de agua en el dep\u00f3sito que eleva el agua hasta la canaleta de cultivo, donde es inyectada a intervalos cuidadosamente calculados. Despu\u00e9s, la soluci\u00f3n nutritiva vuelve a descender por la pendiente, oxigenando perfectamente el dep\u00f3sito de nutrientes: sin controladores complejos ni m\u00faltiples bombas de aire, los sistemas GrowStream\u00ae son incre\u00edblemente f\u00e1ciles de instalar y de hacer funcionar, lo que le permitir\u00e1 concentrarse en el cuidado de la planta y no en el mantenimiento del sistema.<\/p>\n<p>Estas ventajas, adem\u00e1s del incre\u00edble rendimiento de las plantas en el sistema, son la raz\u00f3n por la cual GrowStream\u00ae es nuestro producto comercial m\u00e1s vendido en todo el mundo y el sistema elegido por nuestros socios comerciales, <a href=\"http:\/\/www.lessourciers.com\" target=\"_blank\" rel=\"noopener\">Les Sourciers<\/a>,&nbsp;<a href=\"https:\/\/aeromate.fr\/\" target=\"_blank\" rel=\"noopener\">Aeromates<\/a>, Hydroleb, entre otros.<\/p>\n","protected":false},"author":3,"template":"","meta":{"_acf_changed":true},"m_thode_de_culture":[31,32],"substrat":[],"product_category":[285],"class_list":["post-1815","product","type-product","status-publish","has-post-thumbnail","hentry","m_thode_de_culture-mineral-en","m_thode_de_culture-organic-en","product_category-sistemas-cultivo"],"acf":[],"yoast_head":"<!-- This site is optimized with the Yoast SEO plugin v27.3 - https:\/\/yoast.com\/product\/yoast-seo-wordpress\/ -->\n<title>GrowStream\u00ae - Terra Aquatica<\/title>\n<meta name=\"robots\" content=\"index, follow, max-snippet:-1, max-image-preview:large, max-video-preview:-1\" \/>\n<link rel=\"canonical\" href=\"https:\/\/www.terraaquatica.com\/es\/sistemas-cultivo\/growstream-html-2\/\" \/>\n<meta property=\"og:locale\" content=\"es_ES\" \/>\n<meta property=\"og:type\" content=\"article\" \/>\n<meta property=\"og:title\" content=\"GrowStream\u00ae - Terra Aquatica\" \/>\n<meta property=\"og:description\" content=\"Basado en la misma tecnolog\u00eda que nuestro Aeroflo, probablemente el sistema hidrop\u00f3nico m\u00e1s eficiente del mercado, pero combinado con una [&hellip;]\" \/>\n<meta property=\"og:url\" content=\"https:\/\/www.terraaquatica.com\/es\/sistemas-cultivo\/growstream-html-2\" \/>\n<meta property=\"og:site_name\" content=\"Terra Aquatica\" \/>\n<meta property=\"article:modified_time\" content=\"2025-10-27T14:00:19+00:00\" \/>\n<meta property=\"og:image\" content=\"https:\/\/www.terraaquatica.com\/wp-content\/uploads\/2020\/12\/gs40-scaled.jpg\" \/>\n\t<meta property=\"og:image:width\" content=\"2560\" \/>\n\t<meta property=\"og:image:height\" content=\"1920\" \/>\n\t<meta property=\"og:image:type\" content=\"image\/jpeg\" \/>\n<meta name=\"twitter:card\" content=\"summary_large_image\" \/>\n<meta name=\"twitter:label1\" content=\"Tiempo de lectura\" \/>\n\t<meta name=\"twitter:data1\" content=\"2 minutos\" \/>\n<script type=\"application\/ld+json\" class=\"yoast-schema-graph\">{\"@context\":\"https:\\\/\\\/schema.org\",\"@graph\":[{\"@type\":\"WebPage\",\"@id\":\"https:\\\/\\\/www.terraaquatica.com\\\/es\\\/sistemas-cultivo\\\/growstream-html-2\",\"url\":\"https:\\\/\\\/www.terraaquatica.com\\\/es\\\/sistemas-cultivo\\\/growstream-html-2\",\"name\":\"GrowStream\u00ae - Terra Aquatica\",\"isPartOf\":{\"@id\":\"https:\\\/\\\/www.terraaquatica.com\\\/#website\"},\"primaryImageOfPage\":{\"@id\":\"https:\\\/\\\/www.terraaquatica.com\\\/es\\\/sistemas-cultivo\\\/growstream-html-2#primaryimage\"},\"image\":{\"@id\":\"https:\\\/\\\/www.terraaquatica.com\\\/es\\\/sistemas-cultivo\\\/growstream-html-2#primaryimage\"},\"thumbnailUrl\":\"https:\\\/\\\/www.terraaquatica.com\\\/wp-content\\\/uploads\\\/2020\\\/12\\\/gs40-scaled.jpg\",\"datePublished\":\"2018-04-11T14:33:12+00:00\",\"dateModified\":\"2025-10-27T14:00:19+00:00\",\"breadcrumb\":{\"@id\":\"https:\\\/\\\/www.terraaquatica.com\\\/es\\\/sistemas-cultivo\\\/growstream-html-2#breadcrumb\"},\"inLanguage\":\"es\",\"potentialAction\":[{\"@type\":\"ReadAction\",\"target\":[\"https:\\\/\\\/www.terraaquatica.com\\\/es\\\/sistemas-cultivo\\\/growstream-html-2\"]}]},{\"@type\":\"ImageObject\",\"inLanguage\":\"es\",\"@id\":\"https:\\\/\\\/www.terraaquatica.com\\\/es\\\/sistemas-cultivo\\\/growstream-html-2#primaryimage\",\"url\":\"https:\\\/\\\/www.terraaquatica.com\\\/wp-content\\\/uploads\\\/2020\\\/12\\\/gs40-scaled.jpg\",\"contentUrl\":\"https:\\\/\\\/www.terraaquatica.com\\\/wp-content\\\/uploads\\\/2020\\\/12\\\/gs40-scaled.jpg\",\"width\":2560,\"height\":1920,\"caption\":\"GrowStream 40\"},{\"@type\":\"BreadcrumbList\",\"@id\":\"https:\\\/\\\/www.terraaquatica.com\\\/es\\\/sistemas-cultivo\\\/growstream-html-2#breadcrumb\",\"itemListElement\":[{\"@type\":\"ListItem\",\"position\":1,\"name\":\"Accueil\",\"item\":\"https:\\\/\\\/www.terraaquatica.com\\\/es\\\/\"},{\"@type\":\"ListItem\",\"position\":2,\"name\":\"Products\",\"item\":\"https:\\\/\\\/www.terraaquatica.com\\\/es\\\/product\\\/\"},{\"@type\":\"ListItem\",\"position\":3,\"name\":\"GrowStream\u00ae\"}]},{\"@type\":\"WebSite\",\"@id\":\"https:\\\/\\\/www.terraaquatica.com\\\/#website\",\"url\":\"https:\\\/\\\/www.terraaquatica.com\\\/\",\"name\":\"Terra Aquatica\",\"description\":\"Engrais et syst\u00e8mes de culture depuis 1995\",\"publisher\":{\"@id\":\"https:\\\/\\\/www.terraaquatica.com\\\/#organization\"},\"potentialAction\":[{\"@type\":\"SearchAction\",\"target\":{\"@type\":\"EntryPoint\",\"urlTemplate\":\"https:\\\/\\\/www.terraaquatica.com\\\/?s={search_term_string}\"},\"query-input\":{\"@type\":\"PropertyValueSpecification\",\"valueRequired\":true,\"valueName\":\"search_term_string\"}}],\"inLanguage\":\"es\"},{\"@type\":\"Organization\",\"@id\":\"https:\\\/\\\/www.terraaquatica.com\\\/#organization\",\"name\":\"Terra Aquatica\",\"url\":\"https:\\\/\\\/www.terraaquatica.com\\\/\",\"logo\":{\"@type\":\"ImageObject\",\"inLanguage\":\"es\",\"@id\":\"https:\\\/\\\/www.terraaquatica.com\\\/#\\\/schema\\\/logo\\\/image\\\/\",\"url\":\"https:\\\/\\\/www.terraaquatica.com\\\/wp-content\\\/uploads\\\/2022\\\/03\\\/favicon-transpa-big.png\",\"contentUrl\":\"https:\\\/\\\/www.terraaquatica.com\\\/wp-content\\\/uploads\\\/2022\\\/03\\\/favicon-transpa-big.png\",\"width\":512,\"height\":512,\"caption\":\"Terra Aquatica\"},\"image\":{\"@id\":\"https:\\\/\\\/www.terraaquatica.com\\\/#\\\/schema\\\/logo\\\/image\\\/\"}}]}<\/script>\n<!-- \/ Yoast SEO plugin. -->","yoast_head_json":{"title":"GrowStream\u00ae - Terra Aquatica","robots":{"index":"index","follow":"follow","max-snippet":"max-snippet:-1","max-image-preview":"max-image-preview:large","max-video-preview":"max-video-preview:-1"},"canonical":"https:\/\/www.terraaquatica.com\/es\/sistemas-cultivo\/growstream-html-2\/","og_locale":"es_ES","og_type":"article","og_title":"GrowStream\u00ae - Terra Aquatica","og_description":"Basado en la misma tecnolog\u00eda que nuestro Aeroflo, probablemente el sistema hidrop\u00f3nico m\u00e1s eficiente del mercado, pero combinado con una [&hellip;]","og_url":"https:\/\/www.terraaquatica.com\/es\/sistemas-cultivo\/growstream-html-2","og_site_name":"Terra Aquatica","article_modified_time":"2025-10-27T14:00:19+00:00","og_image":[{"width":2560,"height":1920,"url":"https:\/\/www.terraaquatica.com\/wp-content\/uploads\/2020\/12\/gs40-scaled.jpg","type":"image\/jpeg"}],"twitter_card":"summary_large_image","twitter_misc":{"Tiempo de lectura":"2 minutos"},"schema":{"@context":"https:\/\/schema.org","@graph":[{"@type":"WebPage","@id":"https:\/\/www.terraaquatica.com\/es\/sistemas-cultivo\/growstream-html-2","url":"https:\/\/www.terraaquatica.com\/es\/sistemas-cultivo\/growstream-html-2","name":"GrowStream\u00ae - Terra Aquatica","isPartOf":{"@id":"https:\/\/www.terraaquatica.com\/#website"},"primaryImageOfPage":{"@id":"https:\/\/www.terraaquatica.com\/es\/sistemas-cultivo\/growstream-html-2#primaryimage"},"image":{"@id":"https:\/\/www.terraaquatica.com\/es\/sistemas-cultivo\/growstream-html-2#primaryimage"},"thumbnailUrl":"https:\/\/www.terraaquatica.com\/wp-content\/uploads\/2020\/12\/gs40-scaled.jpg","datePublished":"2018-04-11T14:33:12+00:00","dateModified":"2025-10-27T14:00:19+00:00","breadcrumb":{"@id":"https:\/\/www.terraaquatica.com\/es\/sistemas-cultivo\/growstream-html-2#breadcrumb"},"inLanguage":"es","potentialAction":[{"@type":"ReadAction","target":["https:\/\/www.terraaquatica.com\/es\/sistemas-cultivo\/growstream-html-2"]}]},{"@type":"ImageObject","inLanguage":"es","@id":"https:\/\/www.terraaquatica.com\/es\/sistemas-cultivo\/growstream-html-2#primaryimage","url":"https:\/\/www.terraaquatica.com\/wp-content\/uploads\/2020\/12\/gs40-scaled.jpg","contentUrl":"https:\/\/www.terraaquatica.com\/wp-content\/uploads\/2020\/12\/gs40-scaled.jpg","width":2560,"height":1920,"caption":"GrowStream 40"},{"@type":"BreadcrumbList","@id":"https:\/\/www.terraaquatica.com\/es\/sistemas-cultivo\/growstream-html-2#breadcrumb","itemListElement":[{"@type":"ListItem","position":1,"name":"Accueil","item":"https:\/\/www.terraaquatica.com\/es\/"},{"@type":"ListItem","position":2,"name":"Products","item":"https:\/\/www.terraaquatica.com\/es\/product\/"},{"@type":"ListItem","position":3,"name":"GrowStream\u00ae"}]},{"@type":"WebSite","@id":"https:\/\/www.terraaquatica.com\/#website","url":"https:\/\/www.terraaquatica.com\/","name":"Terra Aquatica","description":"Engrais et syst\u00e8mes de culture depuis 1995","publisher":{"@id":"https:\/\/www.terraaquatica.com\/#organization"},"potentialAction":[{"@type":"SearchAction","target":{"@type":"EntryPoint","urlTemplate":"https:\/\/www.terraaquatica.com\/?s={search_term_string}"},"query-input":{"@type":"PropertyValueSpecification","valueRequired":true,"valueName":"search_term_string"}}],"inLanguage":"es"},{"@type":"Organization","@id":"https:\/\/www.terraaquatica.com\/#organization","name":"Terra Aquatica","url":"https:\/\/www.terraaquatica.com\/","logo":{"@type":"ImageObject","inLanguage":"es","@id":"https:\/\/www.terraaquatica.com\/#\/schema\/logo\/image\/","url":"https:\/\/www.terraaquatica.com\/wp-content\/uploads\/2022\/03\/favicon-transpa-big.png","contentUrl":"https:\/\/www.terraaquatica.com\/wp-content\/uploads\/2022\/03\/favicon-transpa-big.png","width":512,"height":512,"caption":"Terra Aquatica"},"image":{"@id":"https:\/\/www.terraaquatica.com\/#\/schema\/logo\/image\/"}}]}},"_links":{"self":[{"href":"https:\/\/www.terraaquatica.com\/es\/wp-json\/wp\/v2\/product\/1815","targetHints":{"allow":["GET"]}}],"collection":[{"href":"https:\/\/www.terraaquatica.com\/es\/wp-json\/wp\/v2\/product"}],"about":[{"href":"https:\/\/www.terraaquatica.com\/es\/wp-json\/wp\/v2\/types\/product"}],"author":[{"embeddable":true,"href":"https:\/\/www.terraaquatica.com\/es\/wp-json\/wp\/v2\/users\/3"}],"wp:featuredmedia":[{"embeddable":true,"href":"https:\/\/www.terraaquatica.com\/es\/wp-json\/wp\/v2\/media\/1639"}],"wp:attachment":[{"href":"https:\/\/www.terraaquatica.com\/es\/wp-json\/wp\/v2\/media?parent=1815"}],"wp:term":[{"taxonomy":"m_thode_de_culture","embeddable":true,"href":"https:\/\/www.terraaquatica.com\/es\/wp-json\/wp\/v2\/m_thode_de_culture?post=1815"},{"taxonomy":"substrat","embeddable":true,"href":"https:\/\/www.terraaquatica.com\/es\/wp-json\/wp\/v2\/substrat?post=1815"},{"taxonomy":"product_category","embeddable":true,"href":"https:\/\/www.terraaquatica.com\/es\/wp-json\/wp\/v2\/product_category?post=1815"}],"curies":[{"name":"wp","href":"https:\/\/api.w.org\/{rel}","templated":true}]}}