{"id":2020,"date":"2018-12-12T08:28:38","date_gmt":"2018-12-12T07:28:38","guid":{"rendered":"https:\/\/www.terraaquatica.com\/produits\/silicate-7\/"},"modified":"2024-10-17T17:04:03","modified_gmt":"2024-10-17T15:04:03","slug":"silicate-7","status":"publish","type":"product","link":"https:\/\/www.terraaquatica.com\/es\/bioestimulante-organico-universal\/silicate-7","title":{"rendered":"Silicate"},"content":{"rendered":"<p>El silicato es un elemento esencial para las plantas, especialmente cuando crecen con agua como sustrato. El nuevo Silicate contiene antiguos dep\u00f3sitos de materia org\u00e1nica biol\u00f3gicamente transformada, adem\u00e1s de arcilla de \u00e1cido sil\u00edcico formada naturalmente.<\/p>\n<p>Los coloides naturales de Silicate mejoran la capacidad de intercambio cati\u00f3nico de soluciones nutritivas, mejorando la disponibilidad de nutrientes para sus plantas.<\/p>\n<p>Silicate estabiliza el pH y los niveles de conductividad, lo que reduce las condiciones de estr\u00e9s de la planta y estimula un crecimiento m\u00e1s r\u00e1pido.<\/p>\n<p>Silicate tambi\u00e9n protege contra la toxicidad de los metales.<\/p>\n<p>Por \u00faltimo, Silicate contiene m\u00e1s de 60 minerales que a\u00f1aden m\u00e1s microelementos nutritivos para que las plantas prosperen.<\/p>\n<p>Proveniente de antiguos yacimientos, el nuevoSilicate es muy similar a la f\u00f3rmula anterior, con mejoras notables :<\/p>\n<ul>\n<li>Es m\u00e1s rico en silicato<\/li>\n<li>El tama\u00f1o de las part\u00edculas es menor : lo cual permite una mejor solubilidad.<\/li>\n<li>Incorpora m\u00e1s carbonatos para una mejor estabilidad del pH.<\/li>\n<li>Proporciona calcio a las plantas.<\/li>\n<\/ul>\n","protected":false},"author":3,"template":"","meta":{"_acf_changed":true},"m_thode_de_culture":[31,32],"substrat":[302,299,300,301,303],"product_category":[282],"class_list":["post-2020","product","type-product","status-publish","has-post-thumbnail","hentry","m_thode_de_culture-mineral-en","m_thode_de_culture-organic-en","substrat-bioponics","substrat-coco","substrat-hydro","substrat-soil","substrat-spray","product_category-bioestimulante-organico-universal"],"acf":[],"yoast_head":"<!-- This site is optimized with the Yoast SEO plugin v27.3 - https:\/\/yoast.com\/product\/yoast-seo-wordpress\/ -->\n<title>Silicate - Terra Aquatica<\/title>\n<meta name=\"robots\" content=\"index, follow, max-snippet:-1, max-image-preview:large, max-video-preview:-1\" \/>\n<link rel=\"canonical\" href=\"https:\/\/www.terraaquatica.com\/es\/bioestimulante-organico-universal\/silicate-7\/\" \/>\n<meta property=\"og:locale\" content=\"es_ES\" \/>\n<meta property=\"og:type\" content=\"article\" \/>\n<meta property=\"og:title\" content=\"Silicate - Terra Aquatica\" \/>\n<meta property=\"og:description\" content=\"El silicato es un elemento esencial para las plantas, especialmente cuando crecen con agua como sustrato. El nuevo Silicate contiene [&hellip;]\" \/>\n<meta property=\"og:url\" content=\"https:\/\/www.terraaquatica.com\/es\/bioestimulante-organico-universal\/silicate-7\" \/>\n<meta property=\"og:site_name\" content=\"Terra Aquatica\" \/>\n<meta property=\"article:modified_time\" content=\"2024-10-17T15:04:03+00:00\" \/>\n<meta property=\"og:image\" content=\"https:\/\/www.terraaquatica.com\/wp-content\/uploads\/2019\/03\/silicate-1l.jpg\" \/>\n\t<meta property=\"og:image:width\" content=\"720\" \/>\n\t<meta property=\"og:image:height\" content=\"720\" \/>\n\t<meta property=\"og:image:type\" content=\"image\/jpeg\" \/>\n<meta name=\"twitter:card\" content=\"summary_large_image\" \/>\n<meta name=\"twitter:label1\" content=\"Tiempo de lectura\" \/>\n\t<meta name=\"twitter:data1\" content=\"1 minuto\" \/>\n<script type=\"application\/ld+json\" class=\"yoast-schema-graph\">{\"@context\":\"https:\\\/\\\/schema.org\",\"@graph\":[{\"@type\":\"WebPage\",\"@id\":\"https:\\\/\\\/www.terraaquatica.com\\\/es\\\/bioestimulante-organico-universal\\\/silicate-7\",\"url\":\"https:\\\/\\\/www.terraaquatica.com\\\/es\\\/bioestimulante-organico-universal\\\/silicate-7\",\"name\":\"Silicate - Terra Aquatica\",\"isPartOf\":{\"@id\":\"https:\\\/\\\/www.terraaquatica.com\\\/#website\"},\"primaryImageOfPage\":{\"@id\":\"https:\\\/\\\/www.terraaquatica.com\\\/es\\\/bioestimulante-organico-universal\\\/silicate-7#primaryimage\"},\"image\":{\"@id\":\"https:\\\/\\\/www.terraaquatica.com\\\/es\\\/bioestimulante-organico-universal\\\/silicate-7#primaryimage\"},\"thumbnailUrl\":\"https:\\\/\\\/www.terraaquatica.com\\\/wp-content\\\/uploads\\\/2019\\\/03\\\/silicate-1l.jpg\",\"datePublished\":\"2018-12-12T07:28:38+00:00\",\"dateModified\":\"2024-10-17T15:04:03+00:00\",\"breadcrumb\":{\"@id\":\"https:\\\/\\\/www.terraaquatica.com\\\/es\\\/bioestimulante-organico-universal\\\/silicate-7#breadcrumb\"},\"inLanguage\":\"es\",\"potentialAction\":[{\"@type\":\"ReadAction\",\"target\":[\"https:\\\/\\\/www.terraaquatica.com\\\/es\\\/bioestimulante-organico-universal\\\/silicate-7\"]}]},{\"@type\":\"ImageObject\",\"inLanguage\":\"es\",\"@id\":\"https:\\\/\\\/www.terraaquatica.com\\\/es\\\/bioestimulante-organico-universal\\\/silicate-7#primaryimage\",\"url\":\"https:\\\/\\\/www.terraaquatica.com\\\/wp-content\\\/uploads\\\/2019\\\/03\\\/silicate-1l.jpg\",\"contentUrl\":\"https:\\\/\\\/www.terraaquatica.com\\\/wp-content\\\/uploads\\\/2019\\\/03\\\/silicate-1l.jpg\",\"width\":720,\"height\":720,\"caption\":\"Silicate\"},{\"@type\":\"BreadcrumbList\",\"@id\":\"https:\\\/\\\/www.terraaquatica.com\\\/es\\\/bioestimulante-organico-universal\\\/silicate-7#breadcrumb\",\"itemListElement\":[{\"@type\":\"ListItem\",\"position\":1,\"name\":\"Accueil\",\"item\":\"https:\\\/\\\/www.terraaquatica.com\\\/es\\\/\"},{\"@type\":\"ListItem\",\"position\":2,\"name\":\"Products\",\"item\":\"https:\\\/\\\/www.terraaquatica.com\\\/es\\\/product\\\/\"},{\"@type\":\"ListItem\",\"position\":3,\"name\":\"Silicate\"}]},{\"@type\":\"WebSite\",\"@id\":\"https:\\\/\\\/www.terraaquatica.com\\\/#website\",\"url\":\"https:\\\/\\\/www.terraaquatica.com\\\/\",\"name\":\"Terra Aquatica\",\"description\":\"Engrais et syst\u00e8mes de culture depuis 1995\",\"publisher\":{\"@id\":\"https:\\\/\\\/www.terraaquatica.com\\\/#organization\"},\"potentialAction\":[{\"@type\":\"SearchAction\",\"target\":{\"@type\":\"EntryPoint\",\"urlTemplate\":\"https:\\\/\\\/www.terraaquatica.com\\\/?s={search_term_string}\"},\"query-input\":{\"@type\":\"PropertyValueSpecification\",\"valueRequired\":true,\"valueName\":\"search_term_string\"}}],\"inLanguage\":\"es\"},{\"@type\":\"Organization\",\"@id\":\"https:\\\/\\\/www.terraaquatica.com\\\/#organization\",\"name\":\"Terra Aquatica\",\"url\":\"https:\\\/\\\/www.terraaquatica.com\\\/\",\"logo\":{\"@type\":\"ImageObject\",\"inLanguage\":\"es\",\"@id\":\"https:\\\/\\\/www.terraaquatica.com\\\/#\\\/schema\\\/logo\\\/image\\\/\",\"url\":\"https:\\\/\\\/www.terraaquatica.com\\\/wp-content\\\/uploads\\\/2022\\\/03\\\/favicon-transpa-big.png\",\"contentUrl\":\"https:\\\/\\\/www.terraaquatica.com\\\/wp-content\\\/uploads\\\/2022\\\/03\\\/favicon-transpa-big.png\",\"width\":512,\"height\":512,\"caption\":\"Terra Aquatica\"},\"image\":{\"@id\":\"https:\\\/\\\/www.terraaquatica.com\\\/#\\\/schema\\\/logo\\\/image\\\/\"}}]}<\/script>\n<!-- \/ Yoast SEO plugin. -->","yoast_head_json":{"title":"Silicate - Terra Aquatica","robots":{"index":"index","follow":"follow","max-snippet":"max-snippet:-1","max-image-preview":"max-image-preview:large","max-video-preview":"max-video-preview:-1"},"canonical":"https:\/\/www.terraaquatica.com\/es\/bioestimulante-organico-universal\/silicate-7\/","og_locale":"es_ES","og_type":"article","og_title":"Silicate - Terra Aquatica","og_description":"El silicato es un elemento esencial para las plantas, especialmente cuando crecen con agua como sustrato. El nuevo Silicate contiene [&hellip;]","og_url":"https:\/\/www.terraaquatica.com\/es\/bioestimulante-organico-universal\/silicate-7","og_site_name":"Terra Aquatica","article_modified_time":"2024-10-17T15:04:03+00:00","og_image":[{"width":720,"height":720,"url":"https:\/\/www.terraaquatica.com\/wp-content\/uploads\/2019\/03\/silicate-1l.jpg","type":"image\/jpeg"}],"twitter_card":"summary_large_image","twitter_misc":{"Tiempo de lectura":"1 minuto"},"schema":{"@context":"https:\/\/schema.org","@graph":[{"@type":"WebPage","@id":"https:\/\/www.terraaquatica.com\/es\/bioestimulante-organico-universal\/silicate-7","url":"https:\/\/www.terraaquatica.com\/es\/bioestimulante-organico-universal\/silicate-7","name":"Silicate - Terra Aquatica","isPartOf":{"@id":"https:\/\/www.terraaquatica.com\/#website"},"primaryImageOfPage":{"@id":"https:\/\/www.terraaquatica.com\/es\/bioestimulante-organico-universal\/silicate-7#primaryimage"},"image":{"@id":"https:\/\/www.terraaquatica.com\/es\/bioestimulante-organico-universal\/silicate-7#primaryimage"},"thumbnailUrl":"https:\/\/www.terraaquatica.com\/wp-content\/uploads\/2019\/03\/silicate-1l.jpg","datePublished":"2018-12-12T07:28:38+00:00","dateModified":"2024-10-17T15:04:03+00:00","breadcrumb":{"@id":"https:\/\/www.terraaquatica.com\/es\/bioestimulante-organico-universal\/silicate-7#breadcrumb"},"inLanguage":"es","potentialAction":[{"@type":"ReadAction","target":["https:\/\/www.terraaquatica.com\/es\/bioestimulante-organico-universal\/silicate-7"]}]},{"@type":"ImageObject","inLanguage":"es","@id":"https:\/\/www.terraaquatica.com\/es\/bioestimulante-organico-universal\/silicate-7#primaryimage","url":"https:\/\/www.terraaquatica.com\/wp-content\/uploads\/2019\/03\/silicate-1l.jpg","contentUrl":"https:\/\/www.terraaquatica.com\/wp-content\/uploads\/2019\/03\/silicate-1l.jpg","width":720,"height":720,"caption":"Silicate"},{"@type":"BreadcrumbList","@id":"https:\/\/www.terraaquatica.com\/es\/bioestimulante-organico-universal\/silicate-7#breadcrumb","itemListElement":[{"@type":"ListItem","position":1,"name":"Accueil","item":"https:\/\/www.terraaquatica.com\/es\/"},{"@type":"ListItem","position":2,"name":"Products","item":"https:\/\/www.terraaquatica.com\/es\/product\/"},{"@type":"ListItem","position":3,"name":"Silicate"}]},{"@type":"WebSite","@id":"https:\/\/www.terraaquatica.com\/#website","url":"https:\/\/www.terraaquatica.com\/","name":"Terra Aquatica","description":"Engrais et syst\u00e8mes de culture depuis 1995","publisher":{"@id":"https:\/\/www.terraaquatica.com\/#organization"},"potentialAction":[{"@type":"SearchAction","target":{"@type":"EntryPoint","urlTemplate":"https:\/\/www.terraaquatica.com\/?s={search_term_string}"},"query-input":{"@type":"PropertyValueSpecification","valueRequired":true,"valueName":"search_term_string"}}],"inLanguage":"es"},{"@type":"Organization","@id":"https:\/\/www.terraaquatica.com\/#organization","name":"Terra Aquatica","url":"https:\/\/www.terraaquatica.com\/","logo":{"@type":"ImageObject","inLanguage":"es","@id":"https:\/\/www.terraaquatica.com\/#\/schema\/logo\/image\/","url":"https:\/\/www.terraaquatica.com\/wp-content\/uploads\/2022\/03\/favicon-transpa-big.png","contentUrl":"https:\/\/www.terraaquatica.com\/wp-content\/uploads\/2022\/03\/favicon-transpa-big.png","width":512,"height":512,"caption":"Terra Aquatica"},"image":{"@id":"https:\/\/www.terraaquatica.com\/#\/schema\/logo\/image\/"}}]}},"_links":{"self":[{"href":"https:\/\/www.terraaquatica.com\/es\/wp-json\/wp\/v2\/product\/2020","targetHints":{"allow":["GET"]}}],"collection":[{"href":"https:\/\/www.terraaquatica.com\/es\/wp-json\/wp\/v2\/product"}],"about":[{"href":"https:\/\/www.terraaquatica.com\/es\/wp-json\/wp\/v2\/types\/product"}],"author":[{"embeddable":true,"href":"https:\/\/www.terraaquatica.com\/es\/wp-json\/wp\/v2\/users\/3"}],"wp:featuredmedia":[{"embeddable":true,"href":"https:\/\/www.terraaquatica.com\/es\/wp-json\/wp\/v2\/media\/2013"}],"wp:attachment":[{"href":"https:\/\/www.terraaquatica.com\/es\/wp-json\/wp\/v2\/media?parent=2020"}],"wp:term":[{"taxonomy":"m_thode_de_culture","embeddable":true,"href":"https:\/\/www.terraaquatica.com\/es\/wp-json\/wp\/v2\/m_thode_de_culture?post=2020"},{"taxonomy":"substrat","embeddable":true,"href":"https:\/\/www.terraaquatica.com\/es\/wp-json\/wp\/v2\/substrat?post=2020"},{"taxonomy":"product_category","embeddable":true,"href":"https:\/\/www.terraaquatica.com\/es\/wp-json\/wp\/v2\/product_category?post=2020"}],"curies":[{"name":"wp","href":"https:\/\/api.w.org\/{rel}","templated":true}]}}