{"id":26420,"date":"2026-01-29T19:00:05","date_gmt":"2026-01-29T18:00:05","guid":{"rendered":"https:\/\/www.terraaquatica.com\/uncategorized\/azologic"},"modified":"2026-03-23T11:13:51","modified_gmt":"2026-03-23T10:13:51","slug":"azologic","status":"publish","type":"product","link":"https:\/\/www.terraaquatica.com\/es\/microorganismos-beneficiosos\/azologic","title":{"rendered":"AzoLogic"},"content":{"rendered":"\n<p><em>\u00a1Novedad en 2026! AzoLogic\u00ae es un inoculante microbiol\u00f3gico dise\u00f1ado para estimular el desarrollo radicular y mejorar la eficiencia nutricional de los cultivos.<\/em><\/p>\n\n\n\n<p>Formulado a partir de Azospirillum sp., una bacteria perteneciente al grupo de las PGPR (bacterias rizobi\u00f3ticas promotoras del crecimiento vegetal) y conocida por sus efectos bioestimulantes, favorece el desarrollo de los cultivos en todas las etapas clave de su crecimiento.<\/p>\n\n\n\n<ul class=\"wp-block-list\">\n<li>Mejora de la din\u00e1mica radicular.<\/li>\n\n\n\n<li>AzoLogic\u00ae, un estimulador natural de la arquitectura radicular, favorece un enraizamiento r\u00e1pido y uniforme de los cultivos.<\/li>\n\n\n\n<li>Un sistema radicular m\u00e1s denso permite una mejor exploraci\u00f3n del suelo y una absorci\u00f3n optimizada de los recursos disponibles.<\/li>\n\n\n\n<li>Eficiencia nutricional optimizada.<\/li>\n\n\n\n<li>Mejora de la utilizaci\u00f3n del nitr\u00f3geno y los nutrientes ya presentes en el sustrato de cultivo.<\/li>\n<\/ul>\n\n\n\n<p><strong>Ventajas principales:<\/strong><\/p>\n\n\n\n<ul class=\"wp-block-list\">\n<li>Potencia la actividad microbiana del suelo<\/li>\n\n\n\n<li>Mejora la fertilidad biol\u00f3gica<\/li>\n\n\n\n<li>Refuerza la resistencia de los cultivos al estr\u00e9s abi\u00f3tico<\/li>\n\n\n\n<li>Apto para su uso en agricultura ecol\u00f3gica (UE 2018\/848, 2021\/1165)<\/li>\n<\/ul>\n\n\n\n<p><\/p>\n","protected":false},"author":801,"template":"","meta":{"_acf_changed":true},"m_thode_de_culture":[31,32],"substrat":[302,299,300,301],"product_category":[283],"class_list":["post-26420","product","type-product","status-publish","hentry","m_thode_de_culture-mineral-en","m_thode_de_culture-organic-en","substrat-bioponics","substrat-coco","substrat-hydro","substrat-soil","product_category-microorganismos-beneficiosos"],"acf":[],"yoast_head":"<!-- This site is optimized with the Yoast SEO plugin v27.3 - https:\/\/yoast.com\/product\/yoast-seo-wordpress\/ -->\n<title>AzoLogic - Terra Aquatica<\/title>\n<meta name=\"robots\" content=\"index, follow, max-snippet:-1, max-image-preview:large, max-video-preview:-1\" \/>\n<link rel=\"canonical\" href=\"https:\/\/www.terraaquatica.com\/es\/microorganismos-beneficiosos\/azologic\/\" \/>\n<meta property=\"og:locale\" content=\"es_ES\" \/>\n<meta property=\"og:type\" content=\"article\" \/>\n<meta property=\"og:title\" content=\"AzoLogic - Terra Aquatica\" \/>\n<meta property=\"og:description\" content=\"\u00a1Novedad en 2026! AzoLogic\u00ae es un inoculante microbiol\u00f3gico dise\u00f1ado para estimular el desarrollo radicular y mejorar la eficiencia nutricional de [&hellip;]\" \/>\n<meta property=\"og:url\" content=\"https:\/\/www.terraaquatica.com\/es\/microorganismos-beneficiosos\/azologic\" \/>\n<meta property=\"og:site_name\" content=\"Terra Aquatica\" \/>\n<meta property=\"article:modified_time\" content=\"2026-03-23T10:13:51+00:00\" \/>\n<meta name=\"twitter:card\" content=\"summary_large_image\" \/>\n<meta name=\"twitter:label1\" content=\"Tiempo de lectura\" \/>\n\t<meta name=\"twitter:data1\" content=\"1 minuto\" \/>\n<script type=\"application\/ld+json\" class=\"yoast-schema-graph\">{\"@context\":\"https:\\\/\\\/schema.org\",\"@graph\":[{\"@type\":\"WebPage\",\"@id\":\"https:\\\/\\\/www.terraaquatica.com\\\/es\\\/microorganismos-beneficiosos\\\/azologic\",\"url\":\"https:\\\/\\\/www.terraaquatica.com\\\/es\\\/microorganismos-beneficiosos\\\/azologic\",\"name\":\"AzoLogic - Terra Aquatica\",\"isPartOf\":{\"@id\":\"https:\\\/\\\/www.terraaquatica.com\\\/#website\"},\"datePublished\":\"2026-01-29T18:00:05+00:00\",\"dateModified\":\"2026-03-23T10:13:51+00:00\",\"breadcrumb\":{\"@id\":\"https:\\\/\\\/www.terraaquatica.com\\\/es\\\/microorganismos-beneficiosos\\\/azologic#breadcrumb\"},\"inLanguage\":\"es\",\"potentialAction\":[{\"@type\":\"ReadAction\",\"target\":[\"https:\\\/\\\/www.terraaquatica.com\\\/es\\\/microorganismos-beneficiosos\\\/azologic\"]}]},{\"@type\":\"BreadcrumbList\",\"@id\":\"https:\\\/\\\/www.terraaquatica.com\\\/es\\\/microorganismos-beneficiosos\\\/azologic#breadcrumb\",\"itemListElement\":[{\"@type\":\"ListItem\",\"position\":1,\"name\":\"Accueil\",\"item\":\"https:\\\/\\\/www.terraaquatica.com\\\/es\\\/\"},{\"@type\":\"ListItem\",\"position\":2,\"name\":\"Products\",\"item\":\"https:\\\/\\\/www.terraaquatica.com\\\/es\\\/product\\\/\"},{\"@type\":\"ListItem\",\"position\":3,\"name\":\"AzoLogic\"}]},{\"@type\":\"WebSite\",\"@id\":\"https:\\\/\\\/www.terraaquatica.com\\\/#website\",\"url\":\"https:\\\/\\\/www.terraaquatica.com\\\/\",\"name\":\"Terra Aquatica\",\"description\":\"Engrais et syst\u00e8mes de culture depuis 1995\",\"publisher\":{\"@id\":\"https:\\\/\\\/www.terraaquatica.com\\\/#organization\"},\"potentialAction\":[{\"@type\":\"SearchAction\",\"target\":{\"@type\":\"EntryPoint\",\"urlTemplate\":\"https:\\\/\\\/www.terraaquatica.com\\\/?s={search_term_string}\"},\"query-input\":{\"@type\":\"PropertyValueSpecification\",\"valueRequired\":true,\"valueName\":\"search_term_string\"}}],\"inLanguage\":\"es\"},{\"@type\":\"Organization\",\"@id\":\"https:\\\/\\\/www.terraaquatica.com\\\/#organization\",\"name\":\"Terra Aquatica\",\"url\":\"https:\\\/\\\/www.terraaquatica.com\\\/\",\"logo\":{\"@type\":\"ImageObject\",\"inLanguage\":\"es\",\"@id\":\"https:\\\/\\\/www.terraaquatica.com\\\/#\\\/schema\\\/logo\\\/image\\\/\",\"url\":\"https:\\\/\\\/www.terraaquatica.com\\\/wp-content\\\/uploads\\\/2022\\\/03\\\/favicon-transpa-big.png\",\"contentUrl\":\"https:\\\/\\\/www.terraaquatica.com\\\/wp-content\\\/uploads\\\/2022\\\/03\\\/favicon-transpa-big.png\",\"width\":512,\"height\":512,\"caption\":\"Terra Aquatica\"},\"image\":{\"@id\":\"https:\\\/\\\/www.terraaquatica.com\\\/#\\\/schema\\\/logo\\\/image\\\/\"}}]}<\/script>\n<!-- \/ Yoast SEO plugin. -->","yoast_head_json":{"title":"AzoLogic - Terra Aquatica","robots":{"index":"index","follow":"follow","max-snippet":"max-snippet:-1","max-image-preview":"max-image-preview:large","max-video-preview":"max-video-preview:-1"},"canonical":"https:\/\/www.terraaquatica.com\/es\/microorganismos-beneficiosos\/azologic\/","og_locale":"es_ES","og_type":"article","og_title":"AzoLogic - Terra Aquatica","og_description":"\u00a1Novedad en 2026! AzoLogic\u00ae es un inoculante microbiol\u00f3gico dise\u00f1ado para estimular el desarrollo radicular y mejorar la eficiencia nutricional de [&hellip;]","og_url":"https:\/\/www.terraaquatica.com\/es\/microorganismos-beneficiosos\/azologic","og_site_name":"Terra Aquatica","article_modified_time":"2026-03-23T10:13:51+00:00","twitter_card":"summary_large_image","twitter_misc":{"Tiempo de lectura":"1 minuto"},"schema":{"@context":"https:\/\/schema.org","@graph":[{"@type":"WebPage","@id":"https:\/\/www.terraaquatica.com\/es\/microorganismos-beneficiosos\/azologic","url":"https:\/\/www.terraaquatica.com\/es\/microorganismos-beneficiosos\/azologic","name":"AzoLogic - Terra Aquatica","isPartOf":{"@id":"https:\/\/www.terraaquatica.com\/#website"},"datePublished":"2026-01-29T18:00:05+00:00","dateModified":"2026-03-23T10:13:51+00:00","breadcrumb":{"@id":"https:\/\/www.terraaquatica.com\/es\/microorganismos-beneficiosos\/azologic#breadcrumb"},"inLanguage":"es","potentialAction":[{"@type":"ReadAction","target":["https:\/\/www.terraaquatica.com\/es\/microorganismos-beneficiosos\/azologic"]}]},{"@type":"BreadcrumbList","@id":"https:\/\/www.terraaquatica.com\/es\/microorganismos-beneficiosos\/azologic#breadcrumb","itemListElement":[{"@type":"ListItem","position":1,"name":"Accueil","item":"https:\/\/www.terraaquatica.com\/es\/"},{"@type":"ListItem","position":2,"name":"Products","item":"https:\/\/www.terraaquatica.com\/es\/product\/"},{"@type":"ListItem","position":3,"name":"AzoLogic"}]},{"@type":"WebSite","@id":"https:\/\/www.terraaquatica.com\/#website","url":"https:\/\/www.terraaquatica.com\/","name":"Terra Aquatica","description":"Engrais et syst\u00e8mes de culture depuis 1995","publisher":{"@id":"https:\/\/www.terraaquatica.com\/#organization"},"potentialAction":[{"@type":"SearchAction","target":{"@type":"EntryPoint","urlTemplate":"https:\/\/www.terraaquatica.com\/?s={search_term_string}"},"query-input":{"@type":"PropertyValueSpecification","valueRequired":true,"valueName":"search_term_string"}}],"inLanguage":"es"},{"@type":"Organization","@id":"https:\/\/www.terraaquatica.com\/#organization","name":"Terra Aquatica","url":"https:\/\/www.terraaquatica.com\/","logo":{"@type":"ImageObject","inLanguage":"es","@id":"https:\/\/www.terraaquatica.com\/#\/schema\/logo\/image\/","url":"https:\/\/www.terraaquatica.com\/wp-content\/uploads\/2022\/03\/favicon-transpa-big.png","contentUrl":"https:\/\/www.terraaquatica.com\/wp-content\/uploads\/2022\/03\/favicon-transpa-big.png","width":512,"height":512,"caption":"Terra Aquatica"},"image":{"@id":"https:\/\/www.terraaquatica.com\/#\/schema\/logo\/image\/"}}]}},"_links":{"self":[{"href":"https:\/\/www.terraaquatica.com\/es\/wp-json\/wp\/v2\/product\/26420","targetHints":{"allow":["GET"]}}],"collection":[{"href":"https:\/\/www.terraaquatica.com\/es\/wp-json\/wp\/v2\/product"}],"about":[{"href":"https:\/\/www.terraaquatica.com\/es\/wp-json\/wp\/v2\/types\/product"}],"author":[{"embeddable":true,"href":"https:\/\/www.terraaquatica.com\/es\/wp-json\/wp\/v2\/users\/801"}],"wp:attachment":[{"href":"https:\/\/www.terraaquatica.com\/es\/wp-json\/wp\/v2\/media?parent=26420"}],"wp:term":[{"taxonomy":"m_thode_de_culture","embeddable":true,"href":"https:\/\/www.terraaquatica.com\/es\/wp-json\/wp\/v2\/m_thode_de_culture?post=26420"},{"taxonomy":"substrat","embeddable":true,"href":"https:\/\/www.terraaquatica.com\/es\/wp-json\/wp\/v2\/substrat?post=26420"},{"taxonomy":"product_category","embeddable":true,"href":"https:\/\/www.terraaquatica.com\/es\/wp-json\/wp\/v2\/product_category?post=26420"}],"curies":[{"name":"wp","href":"https:\/\/api.w.org\/{rel}","templated":true}]}}