{"id":11149,"date":"2022-01-17T11:11:47","date_gmt":"2022-01-17T10:11:47","guid":{"rendered":"https:\/\/www.terraaquatica.com\/?page_id=11149"},"modified":"2022-01-17T11:30:11","modified_gmt":"2022-01-17T10:30:11","slug":"politique-en-matiere-de-cookies","status":"publish","type":"page","link":"https:\/\/www.terraaquatica.com\/fr\/politique-en-matiere-de-cookies\/","title":{"rendered":"Politique en mati\u00e8re de cookies"},"content":{"rendered":"<h2>Les cookies &#8211; qu&#8217;est-ce que c&#8217;est ?<\/h2>\n<p>Un &#8220;cookie&#8221; est un petit fichier texte qui est stock\u00e9 sur votre ordinateur, tablette ou t\u00e9l\u00e9phone lorsque vous visitez un site web. Un cookie contiendra certaines informations anonymes telles qu&#8217;un identifiant unique et le nom du site et quelques chiffres et nombres.<\/p>\n<p>Certains cookies sont supprim\u00e9s lorsque vous fermez votre navigateur. Ils sont connus sous le nom de cookies de session. D&#8217;autres restent sur votre appareil jusqu&#8217;\u00e0 ce qu&#8217;ils expirent ou que vous les supprimiez de votre cache. Il s&#8217;agit de cookies persistants, qui nous permettent de nous souvenir de certaines choses vous concernant en tant que visiteur r\u00e9current.<\/p>\n<p>Pour en savoir plus sur les cookies, y compris sur la mani\u00e8re de voir quels cookies ont \u00e9t\u00e9 install\u00e9s et sur la mani\u00e8re de les g\u00e9rer et de les supprimer, visitez le site suivant <a href=\"https:\/\/www.allaboutcookies.org\/\">www.allaboutcookies.org<\/a><\/p>\n<h2>Que faire si vous ne voulez pas que des cookies soient install\u00e9s ?<\/h2>\n<p>Certaines personnes trouvent un peu intrusive l&#8217;id\u00e9e qu&#8217;un site web stocke des informations sur leur ordinateur ou leur appareil mobile, en particulier lorsque ces informations sont stock\u00e9es et utilis\u00e9es par un tiers \u00e0 leur insu. Bien que cela soit g\u00e9n\u00e9ralement inoffensif, il se peut que vous ne souhaitiez pas, par exemple, voir des publicit\u00e9s cibl\u00e9es en fonction de vos int\u00e9r\u00eats. Si vous le pr\u00e9f\u00e9rez, il est possible de bloquer une partie ou la totalit\u00e9 des cookies, voire de supprimer les cookies d\u00e9j\u00e0 install\u00e9s ; mais vous devez savoir que vous risquez de perdre certaines fonctions de ce site web.<\/p>\n<h2>Comment nous utilisons les cookies<\/h2>\n<p>Des cookies persistants sont utilis\u00e9s sur ce site. Les cookies persistants sont utilis\u00e9s pour suivre le comportement des visiteurs lorsqu&#8217;ils se d\u00e9placent sur un site, et ces donn\u00e9es sont utilis\u00e9es pour essayer de comprendre ce que les gens aiment et n&#8217;aiment pas sur un site afin de pouvoir l&#8217;am\u00e9liorer. Cette pratique est connue sous le nom de &#8220;Web Analytics&#8221;. Depuis que Google a commenc\u00e9 \u00e0 fournir gratuitement sa propre technologie d&#8217;analyse aux propri\u00e9taires de sites web, presque tous les sites web en utilisent une forme ou une autre, bien qu&#8217;il existe \u00e9galement des services payants qui rivalisent avec ceux de Google.<\/p>\n<p>Les cookies analytiques sont probablement la forme la plus courante de cookies persistants utilis\u00e9s aujourd&#8217;hui.<\/p>\n","protected":false},"excerpt":{"rendered":"<p>Les cookies &#8211; qu&#8217;est-ce que c&#8217;est ? Un &#8220;cookie&#8221; est un petit fichier texte qui est stock\u00e9 sur votre ordinateur, [&hellip;]<\/p>\n","protected":false},"author":1,"featured_media":0,"parent":0,"menu_order":0,"comment_status":"closed","ping_status":"closed","template":"","meta":{"_acf_changed":false,"footnotes":""},"class_list":["post-11149","page","type-page","status-publish","hentry"],"acf":[],"yoast_head":"<!-- This site is optimized with the Yoast SEO plugin v27.3 - https:\/\/yoast.com\/product\/yoast-seo-wordpress\/ -->\n<title>Politique en mati\u00e8re de cookies - Terra Aquatica<\/title>\n<meta name=\"robots\" content=\"index, follow, max-snippet:-1, max-image-preview:large, max-video-preview:-1\" \/>\n<link rel=\"canonical\" href=\"https:\/\/www.terraaquatica.com\/fr\/politique-en-matiere-de-cookies\/\" \/>\n<meta property=\"og:locale\" content=\"fr_FR\" \/>\n<meta property=\"og:type\" content=\"article\" \/>\n<meta property=\"og:title\" content=\"Politique en mati\u00e8re de cookies - Terra Aquatica\" \/>\n<meta property=\"og:description\" content=\"Les cookies &#8211; qu&#8217;est-ce que c&#8217;est ? Un &#8220;cookie&#8221; est un petit fichier texte qui est stock\u00e9 sur votre ordinateur, [&hellip;]\" \/>\n<meta property=\"og:url\" content=\"https:\/\/www.terraaquatica.com\/fr\/politique-en-matiere-de-cookies\/\" \/>\n<meta property=\"og:site_name\" content=\"Terra Aquatica\" \/>\n<meta property=\"article:modified_time\" content=\"2022-01-17T10:30:11+00:00\" \/>\n<meta name=\"twitter:card\" content=\"summary_large_image\" \/>\n<meta name=\"twitter:label1\" content=\"Dur\u00e9e de lecture estim\u00e9e\" \/>\n\t<meta name=\"twitter:data1\" content=\"2 minutes\" \/>\n<script type=\"application\/ld+json\" class=\"yoast-schema-graph\">{\"@context\":\"https:\\\/\\\/schema.org\",\"@graph\":[{\"@type\":\"WebPage\",\"@id\":\"https:\\\/\\\/www.terraaquatica.com\\\/fr\\\/politique-en-matiere-de-cookies\\\/\",\"url\":\"https:\\\/\\\/www.terraaquatica.com\\\/fr\\\/politique-en-matiere-de-cookies\\\/\",\"name\":\"Politique en mati\u00e8re de cookies - Terra Aquatica\",\"isPartOf\":{\"@id\":\"https:\\\/\\\/www.terraaquatica.com\\\/#website\"},\"datePublished\":\"2022-01-17T10:11:47+00:00\",\"dateModified\":\"2022-01-17T10:30:11+00:00\",\"breadcrumb\":{\"@id\":\"https:\\\/\\\/www.terraaquatica.com\\\/fr\\\/politique-en-matiere-de-cookies\\\/#breadcrumb\"},\"inLanguage\":\"fr-FR\",\"potentialAction\":[{\"@type\":\"ReadAction\",\"target\":[\"https:\\\/\\\/www.terraaquatica.com\\\/fr\\\/politique-en-matiere-de-cookies\\\/\"]}]},{\"@type\":\"BreadcrumbList\",\"@id\":\"https:\\\/\\\/www.terraaquatica.com\\\/fr\\\/politique-en-matiere-de-cookies\\\/#breadcrumb\",\"itemListElement\":[{\"@type\":\"ListItem\",\"position\":1,\"name\":\"Accueil\",\"item\":\"https:\\\/\\\/www.terraaquatica.com\\\/fr\\\/\"},{\"@type\":\"ListItem\",\"position\":2,\"name\":\"Politique en mati\u00e8re de cookies\"}]},{\"@type\":\"WebSite\",\"@id\":\"https:\\\/\\\/www.terraaquatica.com\\\/#website\",\"url\":\"https:\\\/\\\/www.terraaquatica.com\\\/\",\"name\":\"Terra Aquatica\",\"description\":\"Engrais et syst\u00e8mes de culture depuis 1995\",\"publisher\":{\"@id\":\"https:\\\/\\\/www.terraaquatica.com\\\/#organization\"},\"potentialAction\":[{\"@type\":\"SearchAction\",\"target\":{\"@type\":\"EntryPoint\",\"urlTemplate\":\"https:\\\/\\\/www.terraaquatica.com\\\/?s={search_term_string}\"},\"query-input\":{\"@type\":\"PropertyValueSpecification\",\"valueRequired\":true,\"valueName\":\"search_term_string\"}}],\"inLanguage\":\"fr-FR\"},{\"@type\":\"Organization\",\"@id\":\"https:\\\/\\\/www.terraaquatica.com\\\/#organization\",\"name\":\"Terra Aquatica\",\"url\":\"https:\\\/\\\/www.terraaquatica.com\\\/\",\"logo\":{\"@type\":\"ImageObject\",\"inLanguage\":\"fr-FR\",\"@id\":\"https:\\\/\\\/www.terraaquatica.com\\\/#\\\/schema\\\/logo\\\/image\\\/\",\"url\":\"https:\\\/\\\/www.terraaquatica.com\\\/wp-content\\\/uploads\\\/2022\\\/03\\\/favicon-transpa-big.png\",\"contentUrl\":\"https:\\\/\\\/www.terraaquatica.com\\\/wp-content\\\/uploads\\\/2022\\\/03\\\/favicon-transpa-big.png\",\"width\":512,\"height\":512,\"caption\":\"Terra Aquatica\"},\"image\":{\"@id\":\"https:\\\/\\\/www.terraaquatica.com\\\/#\\\/schema\\\/logo\\\/image\\\/\"}}]}<\/script>\n<!-- \/ Yoast SEO plugin. -->","yoast_head_json":{"title":"Politique en mati\u00e8re de cookies - Terra Aquatica","robots":{"index":"index","follow":"follow","max-snippet":"max-snippet:-1","max-image-preview":"max-image-preview:large","max-video-preview":"max-video-preview:-1"},"canonical":"https:\/\/www.terraaquatica.com\/fr\/politique-en-matiere-de-cookies\/","og_locale":"fr_FR","og_type":"article","og_title":"Politique en mati\u00e8re de cookies - Terra Aquatica","og_description":"Les cookies &#8211; qu&#8217;est-ce que c&#8217;est ? Un &#8220;cookie&#8221; est un petit fichier texte qui est stock\u00e9 sur votre ordinateur, [&hellip;]","og_url":"https:\/\/www.terraaquatica.com\/fr\/politique-en-matiere-de-cookies\/","og_site_name":"Terra Aquatica","article_modified_time":"2022-01-17T10:30:11+00:00","twitter_card":"summary_large_image","twitter_misc":{"Dur\u00e9e de lecture estim\u00e9e":"2 minutes"},"schema":{"@context":"https:\/\/schema.org","@graph":[{"@type":"WebPage","@id":"https:\/\/www.terraaquatica.com\/fr\/politique-en-matiere-de-cookies\/","url":"https:\/\/www.terraaquatica.com\/fr\/politique-en-matiere-de-cookies\/","name":"Politique en mati\u00e8re de cookies - Terra Aquatica","isPartOf":{"@id":"https:\/\/www.terraaquatica.com\/#website"},"datePublished":"2022-01-17T10:11:47+00:00","dateModified":"2022-01-17T10:30:11+00:00","breadcrumb":{"@id":"https:\/\/www.terraaquatica.com\/fr\/politique-en-matiere-de-cookies\/#breadcrumb"},"inLanguage":"fr-FR","potentialAction":[{"@type":"ReadAction","target":["https:\/\/www.terraaquatica.com\/fr\/politique-en-matiere-de-cookies\/"]}]},{"@type":"BreadcrumbList","@id":"https:\/\/www.terraaquatica.com\/fr\/politique-en-matiere-de-cookies\/#breadcrumb","itemListElement":[{"@type":"ListItem","position":1,"name":"Accueil","item":"https:\/\/www.terraaquatica.com\/fr\/"},{"@type":"ListItem","position":2,"name":"Politique en mati\u00e8re de cookies"}]},{"@type":"WebSite","@id":"https:\/\/www.terraaquatica.com\/#website","url":"https:\/\/www.terraaquatica.com\/","name":"Terra Aquatica","description":"Engrais et syst\u00e8mes de culture depuis 1995","publisher":{"@id":"https:\/\/www.terraaquatica.com\/#organization"},"potentialAction":[{"@type":"SearchAction","target":{"@type":"EntryPoint","urlTemplate":"https:\/\/www.terraaquatica.com\/?s={search_term_string}"},"query-input":{"@type":"PropertyValueSpecification","valueRequired":true,"valueName":"search_term_string"}}],"inLanguage":"fr-FR"},{"@type":"Organization","@id":"https:\/\/www.terraaquatica.com\/#organization","name":"Terra Aquatica","url":"https:\/\/www.terraaquatica.com\/","logo":{"@type":"ImageObject","inLanguage":"fr-FR","@id":"https:\/\/www.terraaquatica.com\/#\/schema\/logo\/image\/","url":"https:\/\/www.terraaquatica.com\/wp-content\/uploads\/2022\/03\/favicon-transpa-big.png","contentUrl":"https:\/\/www.terraaquatica.com\/wp-content\/uploads\/2022\/03\/favicon-transpa-big.png","width":512,"height":512,"caption":"Terra Aquatica"},"image":{"@id":"https:\/\/www.terraaquatica.com\/#\/schema\/logo\/image\/"}}]}},"_links":{"self":[{"href":"https:\/\/www.terraaquatica.com\/fr\/wp-json\/wp\/v2\/pages\/11149","targetHints":{"allow":["GET"]}}],"collection":[{"href":"https:\/\/www.terraaquatica.com\/fr\/wp-json\/wp\/v2\/pages"}],"about":[{"href":"https:\/\/www.terraaquatica.com\/fr\/wp-json\/wp\/v2\/types\/page"}],"author":[{"embeddable":true,"href":"https:\/\/www.terraaquatica.com\/fr\/wp-json\/wp\/v2\/users\/1"}],"replies":[{"embeddable":true,"href":"https:\/\/www.terraaquatica.com\/fr\/wp-json\/wp\/v2\/comments?post=11149"}],"version-history":[{"count":3,"href":"https:\/\/www.terraaquatica.com\/fr\/wp-json\/wp\/v2\/pages\/11149\/revisions"}],"predecessor-version":[{"id":11170,"href":"https:\/\/www.terraaquatica.com\/fr\/wp-json\/wp\/v2\/pages\/11149\/revisions\/11170"}],"wp:attachment":[{"href":"https:\/\/www.terraaquatica.com\/fr\/wp-json\/wp\/v2\/media?parent=11149"}],"curies":[{"name":"wp","href":"https:\/\/api.w.org\/{rel}","templated":true}]}}