{"id":151,"date":"2017-07-13T13:37:10","date_gmt":"2017-07-13T11:37:10","guid":{"rendered":"https:\/\/www.terraaquatica.com\/company-html\/"},"modified":"2022-01-28T23:06:52","modified_gmt":"2022-01-28T22:06:52","slug":"company-html","status":"publish","type":"page","link":"https:\/\/www.terraaquatica.com\/fr\/company-html\/","title":{"rendered":"A propos de Terra Aquatica"},"content":{"rendered":"\n<figure class=\"wp-block-image size-full is-style-default\"><img fetchpriority=\"high\" decoding=\"async\" width=\"497\" height=\"378\" src=\"https:\/\/www.terraaquatica.com\/wp-content\/uploads\/2022\/01\/GHE-william.jpg\" alt=\"\" class=\"wp-image-12031\" srcset=\"https:\/\/www.terraaquatica.com\/wp-content\/uploads\/2022\/01\/GHE-william.jpg 497w, https:\/\/www.terraaquatica.com\/wp-content\/uploads\/2022\/01\/GHE-william-300x228.jpg 300w\" sizes=\"(max-width: 497px) 100vw, 497px\" \/><figcaption><em>Lawrence Brooke aux c\u00f4t\u00e9s de William Texier et Noucetta Kehdi,<br>co-fondateurs de Terra Aquatica.<\/em><\/figcaption><\/figure>\n\n\n<p><!--more--><\/p>\n<p>William Texier et Noucetta (Marie) Kehdi fondent Terra Aquatica en France en 1994 sous une autre marque, forts de la reconnaissance internationale que leur a procur\u00e9e la White Owl WaterFarm, leur ferme hydroponique dont les produits \u00e9taient servis dans les restaurants \u00e9toil\u00e9s Michelin de la r\u00e9gion de San Francisco au d\u00e9but des ann\u00e9es 1990.<\/p>\n<p>D\u00e8s le d\u00e9but, William innove : il met au point des techniques et des produits novateurs alliant la puissance de la technologie hydroponique aux qualit\u00e9s et \u00e0 l\u2019approche \u00e9cologique des m\u00e9thodes bio devenues essentielles aujourd\u2019hui. Ensemble, William et Noucetta se font les pionniers de m\u00e9thodes modernes d&#8217;agriculture qui ne font appel qu\u2019aux plus purs engrais \u2013 dont une bonne partie de qualit\u00e9 alimentaire \u2013 qu\u2019ils associent aux ingr\u00e9dients bio les plus purs du march\u00e9.<\/p>\n<p><strong>LA TECHNOLOGIE<\/strong><\/p>\n<p>L\u2019apparition de produits nouveaux uniques en agriculture moderne permet de porter un \u0153il neuf sur les solutions nutritives. Tenant compte, dans la formulation de leurs produits, du fait que toute forme de vie est symbiotique, William et Noucetta placent la vie au c\u0153ur des solutions nutritives qu\u2019ils cr\u00e9ent. Ceci constitue une approche technologique nouvelle en agriculture, dans laquelle les plantes et leur environnement sont soigneusement int\u00e9gr\u00e9s dans un \u00e9cosyst\u00e8me holistique.<\/p>\n<p>Cette d\u00e9marche va au-del\u00e0 de l\u2019hydroponie et au-del\u00e0 du bio, puisqu\u2019il s\u2019agit d\u2019une approche hybride, qui associe le meilleur des deux mondes : les pesticides ne sont pas n\u00e9cessaires lorsque l\u2019environnement de culture met les plantes en pr\u00e9sence d\u2019organismes b\u00e9n\u00e9fiques qui les prot\u00e8gent et les d\u00e9fendent. Les substances chimiques agressives g\u00e9n\u00e9ralement utilis\u00e9es en agriculture commerciale moderne n\u2019ont pas leur place dans les \u00e9cosyst\u00e8mes. Seuls le recours \u00e0 des m\u00e9thodes de formulation et des ingr\u00e9dients purs et compatibles peuvent cr\u00e9er un \u00e9cosyst\u00e8me de culture symbiotique. Pour d\u00e9crire et expliquer cette nouvelle m\u00e9thode de culture, William et Noucetta cr\u00e9ent la \u00ab Bioponie \u00bb, un concept auquel s\u2019int\u00e9ressent maintenant des cultivateurs du monde entier, et un domaine dans lequel Terra Aquatica reste leader.<\/p>\n<p><strong>LES BESOINS DES CULTIVATEURS<\/strong><\/p>\n<p>Aujourd\u2019hui les produits Terra Aquatica nourrissent des cultures saines qui fournissent les populations du monde entier en alimentation, m\u00e9dicaments et fleurs coup\u00e9es. Chez Terra Aquatica, les produits sont formul\u00e9s pour r\u00e9pondre aux besoins des cultivateurs qui travaillent dans tous types d\u2019environnements, pour leurs besoins personnels et pour r\u00e9pondre \u00e0 la demande locale.<\/p>\n<p>Par leur sp\u00e9cificit\u00e9, les produits Terra Aquatica sont avant tout con\u00e7us pour fournir aux cultivateurs des produits sains, durables et respectueux de l&#8217;environnement. Tous nos produits sont formul\u00e9s en ad\u00e9quation avec les param\u00e8tres locaux en termes d\u2019eau, de lumi\u00e8re, de temp\u00e9rature, d\u2019humidit\u00e9 et autres facteurs naturels qui rendent unique chaque microenvironnement, des d\u00e9serts du Moyen-Orient aux for\u00eats arctiques de Sib\u00e9rie.<\/p>\n<p>Chaque environnement sp\u00e9cifique constitue un march\u00e9 unique, avec des clients et des plantes dont les besoins varient du tout au tout.<\/p>\n<p>Terra Aquatica est au premier rang de l&#8217;agriculture moderne. Respect\u00e9s et reconnus dans les sph\u00e8res acad\u00e9miques internationales, William et Noucetta parcourent le monde pour enseigner. Ils sont les auteurs de nombreux livres et articles qui figurent aujourd\u2019hui parmi les documents de r\u00e9f\u00e9rence utilis\u00e9s par les \u00e9tudiants agronomes du monde entier. Le livre \u00e9crit par William, L\u2019hydroponie pour tous, est disponible dans 7 langues. Il offre aux cultivateurs de tous poils une foule d\u2019informations et de connaissances sur la fa\u00e7on de faire pousser des plantes pour leurs besoins personnels et ceux de leurs familles.<\/p>\n<p>Lawrence Brooke<\/p>\n\n\n<figure class=\"wp-block-embed is-type-video is-provider-youtube wp-block-embed-youtube wp-embed-aspect-16-9 wp-has-aspect-ratio\"><div class=\"wp-block-embed__wrapper\">\n<iframe title=\"Lancement officiel Terra Aquatica ! \ud83d\ude80\" width=\"500\" height=\"281\" src=\"https:\/\/www.youtube.com\/embed\/KATIrCYzDEE?feature=oembed\" frameborder=\"0\" allow=\"accelerometer; autoplay; clipboard-write; encrypted-media; gyroscope; picture-in-picture; web-share\" referrerpolicy=\"strict-origin-when-cross-origin\" allowfullscreen><\/iframe>\n<\/div><\/figure>\n","protected":false},"excerpt":{"rendered":"","protected":false},"author":3,"featured_media":149,"parent":0,"menu_order":0,"comment_status":"closed","ping_status":"closed","template":"","meta":{"_acf_changed":false,"footnotes":""},"class_list":["post-151","page","type-page","status-publish","has-post-thumbnail","hentry"],"acf":[],"yoast_head":"<!-- This site is optimized with the Yoast SEO plugin v27.3 - https:\/\/yoast.com\/product\/yoast-seo-wordpress\/ -->\n<title>A propos de Terra Aquatica - Terra Aquatica<\/title>\n<meta name=\"robots\" content=\"index, follow, max-snippet:-1, max-image-preview:large, max-video-preview:-1\" \/>\n<link rel=\"canonical\" href=\"https:\/\/www.terraaquatica.com\/fr\/company-html\/\" \/>\n<meta property=\"og:locale\" content=\"fr_FR\" \/>\n<meta property=\"og:type\" content=\"article\" \/>\n<meta property=\"og:title\" content=\"A propos de Terra Aquatica - Terra Aquatica\" \/>\n<meta property=\"og:url\" content=\"https:\/\/www.terraaquatica.com\/fr\/company-html\/\" \/>\n<meta property=\"og:site_name\" content=\"Terra Aquatica\" \/>\n<meta property=\"article:modified_time\" content=\"2022-01-28T22:06:52+00:00\" \/>\n<meta property=\"og:image\" content=\"https:\/\/www.terraaquatica.com\/wp-content\/uploads\/2017\/07\/william-noucetta-larry.jpg\" \/>\n\t<meta property=\"og:image:width\" content=\"1600\" \/>\n\t<meta property=\"og:image:height\" content=\"1200\" \/>\n\t<meta property=\"og:image:type\" content=\"image\/jpeg\" \/>\n<meta name=\"twitter:card\" content=\"summary_large_image\" \/>\n<meta name=\"twitter:label1\" content=\"Dur\u00e9e de lecture estim\u00e9e\" \/>\n\t<meta name=\"twitter:data1\" content=\"4 minutes\" \/>\n<script type=\"application\/ld+json\" class=\"yoast-schema-graph\">{\"@context\":\"https:\\\/\\\/schema.org\",\"@graph\":[{\"@type\":\"WebPage\",\"@id\":\"https:\\\/\\\/www.terraaquatica.com\\\/fr\\\/company-html\\\/\",\"url\":\"https:\\\/\\\/www.terraaquatica.com\\\/fr\\\/company-html\\\/\",\"name\":\"A propos de Terra Aquatica - Terra Aquatica\",\"isPartOf\":{\"@id\":\"https:\\\/\\\/www.terraaquatica.com\\\/#website\"},\"primaryImageOfPage\":{\"@id\":\"https:\\\/\\\/www.terraaquatica.com\\\/fr\\\/company-html\\\/#primaryimage\"},\"image\":{\"@id\":\"https:\\\/\\\/www.terraaquatica.com\\\/fr\\\/company-html\\\/#primaryimage\"},\"thumbnailUrl\":\"https:\\\/\\\/www.terraaquatica.com\\\/wp-content\\\/uploads\\\/2017\\\/07\\\/william-noucetta-larry.jpg\",\"datePublished\":\"2017-07-13T11:37:10+00:00\",\"dateModified\":\"2022-01-28T22:06:52+00:00\",\"breadcrumb\":{\"@id\":\"https:\\\/\\\/www.terraaquatica.com\\\/fr\\\/company-html\\\/#breadcrumb\"},\"inLanguage\":\"fr-FR\",\"potentialAction\":[{\"@type\":\"ReadAction\",\"target\":[\"https:\\\/\\\/www.terraaquatica.com\\\/fr\\\/company-html\\\/\"]}]},{\"@type\":\"ImageObject\",\"inLanguage\":\"fr-FR\",\"@id\":\"https:\\\/\\\/www.terraaquatica.com\\\/fr\\\/company-html\\\/#primaryimage\",\"url\":\"https:\\\/\\\/www.terraaquatica.com\\\/wp-content\\\/uploads\\\/2017\\\/07\\\/william-noucetta-larry.jpg\",\"contentUrl\":\"https:\\\/\\\/www.terraaquatica.com\\\/wp-content\\\/uploads\\\/2017\\\/07\\\/william-noucetta-larry.jpg\",\"width\":1600,\"height\":1200},{\"@type\":\"BreadcrumbList\",\"@id\":\"https:\\\/\\\/www.terraaquatica.com\\\/fr\\\/company-html\\\/#breadcrumb\",\"itemListElement\":[{\"@type\":\"ListItem\",\"position\":1,\"name\":\"Accueil\",\"item\":\"https:\\\/\\\/www.terraaquatica.com\\\/fr\\\/\"},{\"@type\":\"ListItem\",\"position\":2,\"name\":\"A propos de Terra Aquatica\"}]},{\"@type\":\"WebSite\",\"@id\":\"https:\\\/\\\/www.terraaquatica.com\\\/#website\",\"url\":\"https:\\\/\\\/www.terraaquatica.com\\\/\",\"name\":\"Terra Aquatica\",\"description\":\"Engrais et syst\u00e8mes de culture depuis 1995\",\"publisher\":{\"@id\":\"https:\\\/\\\/www.terraaquatica.com\\\/#organization\"},\"potentialAction\":[{\"@type\":\"SearchAction\",\"target\":{\"@type\":\"EntryPoint\",\"urlTemplate\":\"https:\\\/\\\/www.terraaquatica.com\\\/?s={search_term_string}\"},\"query-input\":{\"@type\":\"PropertyValueSpecification\",\"valueRequired\":true,\"valueName\":\"search_term_string\"}}],\"inLanguage\":\"fr-FR\"},{\"@type\":\"Organization\",\"@id\":\"https:\\\/\\\/www.terraaquatica.com\\\/#organization\",\"name\":\"Terra Aquatica\",\"url\":\"https:\\\/\\\/www.terraaquatica.com\\\/\",\"logo\":{\"@type\":\"ImageObject\",\"inLanguage\":\"fr-FR\",\"@id\":\"https:\\\/\\\/www.terraaquatica.com\\\/#\\\/schema\\\/logo\\\/image\\\/\",\"url\":\"https:\\\/\\\/www.terraaquatica.com\\\/wp-content\\\/uploads\\\/2022\\\/03\\\/favicon-transpa-big.png\",\"contentUrl\":\"https:\\\/\\\/www.terraaquatica.com\\\/wp-content\\\/uploads\\\/2022\\\/03\\\/favicon-transpa-big.png\",\"width\":512,\"height\":512,\"caption\":\"Terra Aquatica\"},\"image\":{\"@id\":\"https:\\\/\\\/www.terraaquatica.com\\\/#\\\/schema\\\/logo\\\/image\\\/\"}}]}<\/script>\n<!-- \/ Yoast SEO plugin. -->","yoast_head_json":{"title":"A propos de Terra Aquatica - Terra Aquatica","robots":{"index":"index","follow":"follow","max-snippet":"max-snippet:-1","max-image-preview":"max-image-preview:large","max-video-preview":"max-video-preview:-1"},"canonical":"https:\/\/www.terraaquatica.com\/fr\/company-html\/","og_locale":"fr_FR","og_type":"article","og_title":"A propos de Terra Aquatica - Terra Aquatica","og_url":"https:\/\/www.terraaquatica.com\/fr\/company-html\/","og_site_name":"Terra Aquatica","article_modified_time":"2022-01-28T22:06:52+00:00","og_image":[{"width":1600,"height":1200,"url":"https:\/\/www.terraaquatica.com\/wp-content\/uploads\/2017\/07\/william-noucetta-larry.jpg","type":"image\/jpeg"}],"twitter_card":"summary_large_image","twitter_misc":{"Dur\u00e9e de lecture estim\u00e9e":"4 minutes"},"schema":{"@context":"https:\/\/schema.org","@graph":[{"@type":"WebPage","@id":"https:\/\/www.terraaquatica.com\/fr\/company-html\/","url":"https:\/\/www.terraaquatica.com\/fr\/company-html\/","name":"A propos de Terra Aquatica - Terra Aquatica","isPartOf":{"@id":"https:\/\/www.terraaquatica.com\/#website"},"primaryImageOfPage":{"@id":"https:\/\/www.terraaquatica.com\/fr\/company-html\/#primaryimage"},"image":{"@id":"https:\/\/www.terraaquatica.com\/fr\/company-html\/#primaryimage"},"thumbnailUrl":"https:\/\/www.terraaquatica.com\/wp-content\/uploads\/2017\/07\/william-noucetta-larry.jpg","datePublished":"2017-07-13T11:37:10+00:00","dateModified":"2022-01-28T22:06:52+00:00","breadcrumb":{"@id":"https:\/\/www.terraaquatica.com\/fr\/company-html\/#breadcrumb"},"inLanguage":"fr-FR","potentialAction":[{"@type":"ReadAction","target":["https:\/\/www.terraaquatica.com\/fr\/company-html\/"]}]},{"@type":"ImageObject","inLanguage":"fr-FR","@id":"https:\/\/www.terraaquatica.com\/fr\/company-html\/#primaryimage","url":"https:\/\/www.terraaquatica.com\/wp-content\/uploads\/2017\/07\/william-noucetta-larry.jpg","contentUrl":"https:\/\/www.terraaquatica.com\/wp-content\/uploads\/2017\/07\/william-noucetta-larry.jpg","width":1600,"height":1200},{"@type":"BreadcrumbList","@id":"https:\/\/www.terraaquatica.com\/fr\/company-html\/#breadcrumb","itemListElement":[{"@type":"ListItem","position":1,"name":"Accueil","item":"https:\/\/www.terraaquatica.com\/fr\/"},{"@type":"ListItem","position":2,"name":"A propos de Terra Aquatica"}]},{"@type":"WebSite","@id":"https:\/\/www.terraaquatica.com\/#website","url":"https:\/\/www.terraaquatica.com\/","name":"Terra Aquatica","description":"Engrais et syst\u00e8mes de culture depuis 1995","publisher":{"@id":"https:\/\/www.terraaquatica.com\/#organization"},"potentialAction":[{"@type":"SearchAction","target":{"@type":"EntryPoint","urlTemplate":"https:\/\/www.terraaquatica.com\/?s={search_term_string}"},"query-input":{"@type":"PropertyValueSpecification","valueRequired":true,"valueName":"search_term_string"}}],"inLanguage":"fr-FR"},{"@type":"Organization","@id":"https:\/\/www.terraaquatica.com\/#organization","name":"Terra Aquatica","url":"https:\/\/www.terraaquatica.com\/","logo":{"@type":"ImageObject","inLanguage":"fr-FR","@id":"https:\/\/www.terraaquatica.com\/#\/schema\/logo\/image\/","url":"https:\/\/www.terraaquatica.com\/wp-content\/uploads\/2022\/03\/favicon-transpa-big.png","contentUrl":"https:\/\/www.terraaquatica.com\/wp-content\/uploads\/2022\/03\/favicon-transpa-big.png","width":512,"height":512,"caption":"Terra Aquatica"},"image":{"@id":"https:\/\/www.terraaquatica.com\/#\/schema\/logo\/image\/"}}]}},"_links":{"self":[{"href":"https:\/\/www.terraaquatica.com\/fr\/wp-json\/wp\/v2\/pages\/151","targetHints":{"allow":["GET"]}}],"collection":[{"href":"https:\/\/www.terraaquatica.com\/fr\/wp-json\/wp\/v2\/pages"}],"about":[{"href":"https:\/\/www.terraaquatica.com\/fr\/wp-json\/wp\/v2\/types\/page"}],"author":[{"embeddable":true,"href":"https:\/\/www.terraaquatica.com\/fr\/wp-json\/wp\/v2\/users\/3"}],"replies":[{"embeddable":true,"href":"https:\/\/www.terraaquatica.com\/fr\/wp-json\/wp\/v2\/comments?post=151"}],"version-history":[{"count":2,"href":"https:\/\/www.terraaquatica.com\/fr\/wp-json\/wp\/v2\/pages\/151\/revisions"}],"predecessor-version":[{"id":12039,"href":"https:\/\/www.terraaquatica.com\/fr\/wp-json\/wp\/v2\/pages\/151\/revisions\/12039"}],"wp:featuredmedia":[{"embeddable":true,"href":"https:\/\/www.terraaquatica.com\/fr\/wp-json\/wp\/v2\/media\/149"}],"wp:attachment":[{"href":"https:\/\/www.terraaquatica.com\/fr\/wp-json\/wp\/v2\/media?parent=151"}],"curies":[{"name":"wp","href":"https:\/\/api.w.org\/{rel}","templated":true}]}}