{"id":290,"date":"2019-09-25T10:59:19","date_gmt":"2019-09-25T08:59:19","guid":{"rendered":"https:\/\/www.terraaquatica.com\/ghe-ta-proshop-fr\/"},"modified":"2019-09-25T10:59:19","modified_gmt":"2019-09-25T08:59:19","slug":"ghe-ta-proshop-fr","status":"publish","type":"page","link":"https:\/\/www.terraaquatica.com\/fr\/ghe-ta-proshop-fr\/","title":{"rendered":"Terra Aquatica-T.A. ProShop"},"content":{"rendered":"<p>\n\t&nbsp;<\/p>\n<p><!--more--><\/p>\n<p>\n\t<span style=\"font-size: 24px;\"><strong>Terra Aquatica &#8211; T.A. Pro shop s&#8217;engage \u00e0:<\/strong><\/span><\/p>\n<p>\n\t<img fetchpriority=\"high\" decoding=\"async\" width=\"321\" height=\"237\" class=\" alignright size-full wp-image-288\" alt=\"\" src=\"https:\/\/www.terraaquatica.com\/wp-content\/uploads\/2019\/07\/stamp-proshop.png\" style=\"width: 321px; height: 237px; float: right; margin-top: 1px; margin-bottom: 1px;\" srcset=\"https:\/\/www.terraaquatica.com\/wp-content\/uploads\/2019\/07\/stamp-proshop.png 321w, https:\/\/www.terraaquatica.com\/wp-content\/uploads\/2019\/07\/stamp-proshop-300x221.png 300w\" sizes=\"(max-width: 321px) 100vw, 321px\" \/><\/p>\n<p>\n\t1. Proposer au minimun une des gammes compl\u00e8te de Terra Aquatica &#8211; T.A. et de rendre facilement accessible ces produits aussi bien en magasin qu&#8217;en ligne: TriPart\u00ae, Fulvic, FinalPart\u00ae, FlashClean\u00ae,&nbsp;Boosters&nbsp;et Silicate, un&nbsp;substrat&nbsp;et un systeme.<\/p>\n<p>\n\t<br \/>\n\t2. Etre form\u00e9 specifiquement aux produits Terra Aquatica &#8211; T.A. propos\u00e9s.<\/p>\n<p>\n\t<br \/>\n\t3. Avoir une solide connaissance de l&#8217;int\u00e9gralit\u00e9 de la gamme Terra Aquatica-T.A. et pouvoir l&#8217;obtenir sur commande.<\/p>\n<p>\n\t<br \/>\n\t4. Pouvoir soumettre directement \u00e0 Terra Aquatica-T.A. toutes questions \u00e0 laquelle nous ne pouvons pas r\u00e9pondre, y compris&nbsp;pour les professionnels.<\/p>\n<p>\n\t<em>Si vous \u00eates interess\u00e9 pour devenir Pro Shop merci de <a href=\"https:\/\/www.eurohydro.com\/fr\/contact\">nous contacter<\/a><\/p>\n<p>\t<a href=\"https:\/\/www.eurohydro.com\/fr\/wheretobuy.php\"><strong><span style=\"font-size: 14px;\">Retour \u00e0 la liste de nos revendeurs<\/span><\/strong><\/a><\/em><\/p>\n","protected":false},"excerpt":{"rendered":"<p>&nbsp;<\/p>\n","protected":false},"author":139,"featured_media":288,"parent":0,"menu_order":0,"comment_status":"closed","ping_status":"closed","template":"","meta":{"_acf_changed":false,"footnotes":""},"class_list":["post-290","page","type-page","status-publish","has-post-thumbnail","hentry"],"acf":[],"yoast_head":"<!-- This site is optimized with the Yoast SEO plugin v27.3 - https:\/\/yoast.com\/product\/yoast-seo-wordpress\/ -->\n<title>Terra Aquatica-T.A. ProShop - Terra Aquatica<\/title>\n<meta name=\"robots\" content=\"index, follow, max-snippet:-1, max-image-preview:large, max-video-preview:-1\" \/>\n<link rel=\"canonical\" href=\"https:\/\/www.terraaquatica.com\/fr\/ghe-ta-proshop-fr\/\" \/>\n<meta property=\"og:locale\" content=\"fr_FR\" \/>\n<meta property=\"og:type\" content=\"article\" \/>\n<meta property=\"og:title\" content=\"Terra Aquatica-T.A. ProShop - Terra Aquatica\" \/>\n<meta property=\"og:description\" content=\"&nbsp;\" \/>\n<meta property=\"og:url\" content=\"https:\/\/www.terraaquatica.com\/fr\/ghe-ta-proshop-fr\/\" \/>\n<meta property=\"og:site_name\" content=\"Terra Aquatica\" \/>\n<meta property=\"og:image\" content=\"https:\/\/www.terraaquatica.com\/wp-content\/uploads\/2019\/07\/stamp-proshop.png\" \/>\n\t<meta property=\"og:image:width\" content=\"321\" \/>\n\t<meta property=\"og:image:height\" content=\"237\" \/>\n\t<meta property=\"og:image:type\" content=\"image\/png\" \/>\n<meta name=\"twitter:card\" content=\"summary_large_image\" \/>\n<meta name=\"twitter:label1\" content=\"Dur\u00e9e de lecture estim\u00e9e\" \/>\n\t<meta name=\"twitter:data1\" content=\"1 minute\" \/>\n<script type=\"application\/ld+json\" class=\"yoast-schema-graph\">{\"@context\":\"https:\\\/\\\/schema.org\",\"@graph\":[{\"@type\":\"WebPage\",\"@id\":\"https:\\\/\\\/www.terraaquatica.com\\\/fr\\\/ghe-ta-proshop-fr\\\/\",\"url\":\"https:\\\/\\\/www.terraaquatica.com\\\/fr\\\/ghe-ta-proshop-fr\\\/\",\"name\":\"Terra Aquatica-T.A. ProShop - Terra Aquatica\",\"isPartOf\":{\"@id\":\"https:\\\/\\\/www.terraaquatica.com\\\/#website\"},\"primaryImageOfPage\":{\"@id\":\"https:\\\/\\\/www.terraaquatica.com\\\/fr\\\/ghe-ta-proshop-fr\\\/#primaryimage\"},\"image\":{\"@id\":\"https:\\\/\\\/www.terraaquatica.com\\\/fr\\\/ghe-ta-proshop-fr\\\/#primaryimage\"},\"thumbnailUrl\":\"https:\\\/\\\/www.terraaquatica.com\\\/wp-content\\\/uploads\\\/2019\\\/07\\\/stamp-proshop.png\",\"datePublished\":\"2019-09-25T08:59:19+00:00\",\"breadcrumb\":{\"@id\":\"https:\\\/\\\/www.terraaquatica.com\\\/fr\\\/ghe-ta-proshop-fr\\\/#breadcrumb\"},\"inLanguage\":\"fr-FR\",\"potentialAction\":[{\"@type\":\"ReadAction\",\"target\":[\"https:\\\/\\\/www.terraaquatica.com\\\/fr\\\/ghe-ta-proshop-fr\\\/\"]}]},{\"@type\":\"ImageObject\",\"inLanguage\":\"fr-FR\",\"@id\":\"https:\\\/\\\/www.terraaquatica.com\\\/fr\\\/ghe-ta-proshop-fr\\\/#primaryimage\",\"url\":\"https:\\\/\\\/www.terraaquatica.com\\\/wp-content\\\/uploads\\\/2019\\\/07\\\/stamp-proshop.png\",\"contentUrl\":\"https:\\\/\\\/www.terraaquatica.com\\\/wp-content\\\/uploads\\\/2019\\\/07\\\/stamp-proshop.png\",\"width\":321,\"height\":237},{\"@type\":\"BreadcrumbList\",\"@id\":\"https:\\\/\\\/www.terraaquatica.com\\\/fr\\\/ghe-ta-proshop-fr\\\/#breadcrumb\",\"itemListElement\":[{\"@type\":\"ListItem\",\"position\":1,\"name\":\"Accueil\",\"item\":\"https:\\\/\\\/www.terraaquatica.com\\\/fr\\\/\"},{\"@type\":\"ListItem\",\"position\":2,\"name\":\"Terra Aquatica-T.A. ProShop\"}]},{\"@type\":\"WebSite\",\"@id\":\"https:\\\/\\\/www.terraaquatica.com\\\/#website\",\"url\":\"https:\\\/\\\/www.terraaquatica.com\\\/\",\"name\":\"Terra Aquatica\",\"description\":\"Engrais et syst\u00e8mes de culture depuis 1995\",\"publisher\":{\"@id\":\"https:\\\/\\\/www.terraaquatica.com\\\/#organization\"},\"potentialAction\":[{\"@type\":\"SearchAction\",\"target\":{\"@type\":\"EntryPoint\",\"urlTemplate\":\"https:\\\/\\\/www.terraaquatica.com\\\/?s={search_term_string}\"},\"query-input\":{\"@type\":\"PropertyValueSpecification\",\"valueRequired\":true,\"valueName\":\"search_term_string\"}}],\"inLanguage\":\"fr-FR\"},{\"@type\":\"Organization\",\"@id\":\"https:\\\/\\\/www.terraaquatica.com\\\/#organization\",\"name\":\"Terra Aquatica\",\"url\":\"https:\\\/\\\/www.terraaquatica.com\\\/\",\"logo\":{\"@type\":\"ImageObject\",\"inLanguage\":\"fr-FR\",\"@id\":\"https:\\\/\\\/www.terraaquatica.com\\\/#\\\/schema\\\/logo\\\/image\\\/\",\"url\":\"https:\\\/\\\/www.terraaquatica.com\\\/wp-content\\\/uploads\\\/2022\\\/03\\\/favicon-transpa-big.png\",\"contentUrl\":\"https:\\\/\\\/www.terraaquatica.com\\\/wp-content\\\/uploads\\\/2022\\\/03\\\/favicon-transpa-big.png\",\"width\":512,\"height\":512,\"caption\":\"Terra Aquatica\"},\"image\":{\"@id\":\"https:\\\/\\\/www.terraaquatica.com\\\/#\\\/schema\\\/logo\\\/image\\\/\"}}]}<\/script>\n<!-- \/ Yoast SEO plugin. -->","yoast_head_json":{"title":"Terra Aquatica-T.A. ProShop - Terra Aquatica","robots":{"index":"index","follow":"follow","max-snippet":"max-snippet:-1","max-image-preview":"max-image-preview:large","max-video-preview":"max-video-preview:-1"},"canonical":"https:\/\/www.terraaquatica.com\/fr\/ghe-ta-proshop-fr\/","og_locale":"fr_FR","og_type":"article","og_title":"Terra Aquatica-T.A. ProShop - Terra Aquatica","og_description":"&nbsp;","og_url":"https:\/\/www.terraaquatica.com\/fr\/ghe-ta-proshop-fr\/","og_site_name":"Terra Aquatica","og_image":[{"width":321,"height":237,"url":"https:\/\/www.terraaquatica.com\/wp-content\/uploads\/2019\/07\/stamp-proshop.png","type":"image\/png"}],"twitter_card":"summary_large_image","twitter_misc":{"Dur\u00e9e de lecture estim\u00e9e":"1 minute"},"schema":{"@context":"https:\/\/schema.org","@graph":[{"@type":"WebPage","@id":"https:\/\/www.terraaquatica.com\/fr\/ghe-ta-proshop-fr\/","url":"https:\/\/www.terraaquatica.com\/fr\/ghe-ta-proshop-fr\/","name":"Terra Aquatica-T.A. ProShop - Terra Aquatica","isPartOf":{"@id":"https:\/\/www.terraaquatica.com\/#website"},"primaryImageOfPage":{"@id":"https:\/\/www.terraaquatica.com\/fr\/ghe-ta-proshop-fr\/#primaryimage"},"image":{"@id":"https:\/\/www.terraaquatica.com\/fr\/ghe-ta-proshop-fr\/#primaryimage"},"thumbnailUrl":"https:\/\/www.terraaquatica.com\/wp-content\/uploads\/2019\/07\/stamp-proshop.png","datePublished":"2019-09-25T08:59:19+00:00","breadcrumb":{"@id":"https:\/\/www.terraaquatica.com\/fr\/ghe-ta-proshop-fr\/#breadcrumb"},"inLanguage":"fr-FR","potentialAction":[{"@type":"ReadAction","target":["https:\/\/www.terraaquatica.com\/fr\/ghe-ta-proshop-fr\/"]}]},{"@type":"ImageObject","inLanguage":"fr-FR","@id":"https:\/\/www.terraaquatica.com\/fr\/ghe-ta-proshop-fr\/#primaryimage","url":"https:\/\/www.terraaquatica.com\/wp-content\/uploads\/2019\/07\/stamp-proshop.png","contentUrl":"https:\/\/www.terraaquatica.com\/wp-content\/uploads\/2019\/07\/stamp-proshop.png","width":321,"height":237},{"@type":"BreadcrumbList","@id":"https:\/\/www.terraaquatica.com\/fr\/ghe-ta-proshop-fr\/#breadcrumb","itemListElement":[{"@type":"ListItem","position":1,"name":"Accueil","item":"https:\/\/www.terraaquatica.com\/fr\/"},{"@type":"ListItem","position":2,"name":"Terra Aquatica-T.A. ProShop"}]},{"@type":"WebSite","@id":"https:\/\/www.terraaquatica.com\/#website","url":"https:\/\/www.terraaquatica.com\/","name":"Terra Aquatica","description":"Engrais et syst\u00e8mes de culture depuis 1995","publisher":{"@id":"https:\/\/www.terraaquatica.com\/#organization"},"potentialAction":[{"@type":"SearchAction","target":{"@type":"EntryPoint","urlTemplate":"https:\/\/www.terraaquatica.com\/?s={search_term_string}"},"query-input":{"@type":"PropertyValueSpecification","valueRequired":true,"valueName":"search_term_string"}}],"inLanguage":"fr-FR"},{"@type":"Organization","@id":"https:\/\/www.terraaquatica.com\/#organization","name":"Terra Aquatica","url":"https:\/\/www.terraaquatica.com\/","logo":{"@type":"ImageObject","inLanguage":"fr-FR","@id":"https:\/\/www.terraaquatica.com\/#\/schema\/logo\/image\/","url":"https:\/\/www.terraaquatica.com\/wp-content\/uploads\/2022\/03\/favicon-transpa-big.png","contentUrl":"https:\/\/www.terraaquatica.com\/wp-content\/uploads\/2022\/03\/favicon-transpa-big.png","width":512,"height":512,"caption":"Terra Aquatica"},"image":{"@id":"https:\/\/www.terraaquatica.com\/#\/schema\/logo\/image\/"}}]}},"_links":{"self":[{"href":"https:\/\/www.terraaquatica.com\/fr\/wp-json\/wp\/v2\/pages\/290","targetHints":{"allow":["GET"]}}],"collection":[{"href":"https:\/\/www.terraaquatica.com\/fr\/wp-json\/wp\/v2\/pages"}],"about":[{"href":"https:\/\/www.terraaquatica.com\/fr\/wp-json\/wp\/v2\/types\/page"}],"author":[{"embeddable":true,"href":"https:\/\/www.terraaquatica.com\/fr\/wp-json\/wp\/v2\/users\/139"}],"replies":[{"embeddable":true,"href":"https:\/\/www.terraaquatica.com\/fr\/wp-json\/wp\/v2\/comments?post=290"}],"version-history":[{"count":0,"href":"https:\/\/www.terraaquatica.com\/fr\/wp-json\/wp\/v2\/pages\/290\/revisions"}],"wp:featuredmedia":[{"embeddable":true,"href":"https:\/\/www.terraaquatica.com\/fr\/wp-json\/wp\/v2\/media\/288"}],"wp:attachment":[{"href":"https:\/\/www.terraaquatica.com\/fr\/wp-json\/wp\/v2\/media?parent=290"}],"curies":[{"name":"wp","href":"https:\/\/api.w.org\/{rel}","templated":true}]}}