{"id":17012,"date":"2025-01-13T09:26:12","date_gmt":"2025-01-13T08:26:12","guid":{"rendered":"https:\/\/www.terraaquatica.com\/uncategorized\/organic-drypart"},"modified":"2025-09-25T14:14:44","modified_gmt":"2025-09-25T12:14:44","slug":"organic-drypart","status":"publish","type":"product","link":"https:\/\/www.terraaquatica.com\/fr\/engrais-organique-complet\/organic-drypart","title":{"rendered":"Organic DryPart\u00ae"},"content":{"rendered":"\n<p>Organic DryPart\u00ae est l&#8217;innovation la plus r\u00e9cente de Terra Aquatica, d\u00e9velopp\u00e9e en 2024 par William Texier. Cet engrais complet, sous forme de poudre, est le premier du genre \u00e0 \u00eatre 100 % soluble tout en \u00e9tant utilisable en agriculture biologique.<\/p>\n\n\n\n<p>Organic DryPart\u00ae se d\u00e9cline en deux formules distinctes : Grow pour soutenir la phase de croissance v\u00e9g\u00e9tative et Bloom pour la floraison et fructification. Sa forme en poudre rend son utilisation tr\u00e8s pratique et facilite son transport. <\/p>\n\n\n\n<p>Ce produit a \u00e9t\u00e9 sp\u00e9cialement con\u00e7u pour r\u00e9pondre aux besoins des cultivateurs, qu&#8217;ils soient amateurs ou professionnels, travaillant en serre ou en plein champ. De nombreux tests rigoureux ont \u00e9t\u00e9 men\u00e9s sur diff\u00e9rentes cultures au cours des derni\u00e8res ann\u00e9es, garantissant ainsi des performances optimales d\u00e8s sa mise sur le march\u00e9.<\/p>\n\n\n\n<p><strong>Utilisable en agriculture biologique selon les r\u00e8glements (UE) n\u00b02018\/848 et 2021\/1165<\/strong>, Organic DryPart\u00ae est le premier engrais organique en poudre 100 % soluble \u00e0 offrir une solution nutritive aussi compl\u00e8te.<\/p>\n\n\n\n<p><strong>Points forts :<\/strong><\/p>\n\n\n\n<ul class=\"wp-block-list\">\n<li>Utilisable en agriculture biologique<\/li>\n\n\n\n<li>Sous forme de poudre, il est 100% soluble<\/li>\n\n\n\n<li>Ultra concentr\u00e9<\/li>\n<\/ul>\n\n\n\n<p><\/p>\n\n\n\n<p><\/p>\n","protected":false},"author":710,"template":"","meta":{"_acf_changed":true},"m_thode_de_culture":[32],"substrat":[302,299,300,301],"product_category":[221],"class_list":["post-17012","product","type-product","status-publish","hentry","m_thode_de_culture-organic-en","substrat-bioponics","substrat-coco","substrat-hydro","substrat-soil","product_category-engrais-organique-complet"],"acf":[],"yoast_head":"<!-- This site is optimized with the Yoast SEO plugin v27.3 - https:\/\/yoast.com\/product\/yoast-seo-wordpress\/ -->\n<title>Organic DryPart\u00ae - Terra Aquatica<\/title>\n<meta name=\"robots\" content=\"index, follow, max-snippet:-1, max-image-preview:large, max-video-preview:-1\" \/>\n<link rel=\"canonical\" href=\"https:\/\/www.terraaquatica.com\/fr\/engrais-organique-complet\/organic-drypart\/\" \/>\n<meta property=\"og:locale\" content=\"fr_FR\" \/>\n<meta property=\"og:type\" content=\"article\" \/>\n<meta property=\"og:title\" content=\"Organic DryPart\u00ae - Terra Aquatica\" \/>\n<meta property=\"og:description\" content=\"Organic DryPart\u00ae est l&#8217;innovation la plus r\u00e9cente de Terra Aquatica, d\u00e9velopp\u00e9e en 2024 par William Texier. Cet engrais complet, sous [&hellip;]\" \/>\n<meta property=\"og:url\" content=\"https:\/\/www.terraaquatica.com\/fr\/engrais-organique-complet\/organic-drypart\" \/>\n<meta property=\"og:site_name\" content=\"Terra Aquatica\" \/>\n<meta property=\"article:modified_time\" content=\"2025-09-25T12:14:44+00:00\" \/>\n<meta name=\"twitter:card\" content=\"summary_large_image\" \/>\n<meta name=\"twitter:label1\" content=\"Dur\u00e9e de lecture estim\u00e9e\" \/>\n\t<meta name=\"twitter:data1\" content=\"1 minute\" \/>\n<script type=\"application\/ld+json\" class=\"yoast-schema-graph\">{\"@context\":\"https:\\\/\\\/schema.org\",\"@graph\":[{\"@type\":\"WebPage\",\"@id\":\"https:\\\/\\\/www.terraaquatica.com\\\/fr\\\/engrais-organique-complet\\\/organic-drypart\",\"url\":\"https:\\\/\\\/www.terraaquatica.com\\\/fr\\\/engrais-organique-complet\\\/organic-drypart\",\"name\":\"Organic DryPart\u00ae - Terra Aquatica\",\"isPartOf\":{\"@id\":\"https:\\\/\\\/www.terraaquatica.com\\\/#website\"},\"datePublished\":\"2025-01-13T08:26:12+00:00\",\"dateModified\":\"2025-09-25T12:14:44+00:00\",\"breadcrumb\":{\"@id\":\"https:\\\/\\\/www.terraaquatica.com\\\/fr\\\/engrais-organique-complet\\\/organic-drypart#breadcrumb\"},\"inLanguage\":\"fr-FR\",\"potentialAction\":[{\"@type\":\"ReadAction\",\"target\":[\"https:\\\/\\\/www.terraaquatica.com\\\/fr\\\/engrais-organique-complet\\\/organic-drypart\"]}]},{\"@type\":\"BreadcrumbList\",\"@id\":\"https:\\\/\\\/www.terraaquatica.com\\\/fr\\\/engrais-organique-complet\\\/organic-drypart#breadcrumb\",\"itemListElement\":[{\"@type\":\"ListItem\",\"position\":1,\"name\":\"Accueil\",\"item\":\"https:\\\/\\\/www.terraaquatica.com\\\/fr\\\/\"},{\"@type\":\"ListItem\",\"position\":2,\"name\":\"Products\",\"item\":\"https:\\\/\\\/www.terraaquatica.com\\\/fr\\\/product\\\/\"},{\"@type\":\"ListItem\",\"position\":3,\"name\":\"Organic DryPart\u00ae\"}]},{\"@type\":\"WebSite\",\"@id\":\"https:\\\/\\\/www.terraaquatica.com\\\/#website\",\"url\":\"https:\\\/\\\/www.terraaquatica.com\\\/\",\"name\":\"Terra Aquatica\",\"description\":\"Engrais et syst\u00e8mes de culture depuis 1995\",\"publisher\":{\"@id\":\"https:\\\/\\\/www.terraaquatica.com\\\/#organization\"},\"potentialAction\":[{\"@type\":\"SearchAction\",\"target\":{\"@type\":\"EntryPoint\",\"urlTemplate\":\"https:\\\/\\\/www.terraaquatica.com\\\/?s={search_term_string}\"},\"query-input\":{\"@type\":\"PropertyValueSpecification\",\"valueRequired\":true,\"valueName\":\"search_term_string\"}}],\"inLanguage\":\"fr-FR\"},{\"@type\":\"Organization\",\"@id\":\"https:\\\/\\\/www.terraaquatica.com\\\/#organization\",\"name\":\"Terra Aquatica\",\"url\":\"https:\\\/\\\/www.terraaquatica.com\\\/\",\"logo\":{\"@type\":\"ImageObject\",\"inLanguage\":\"fr-FR\",\"@id\":\"https:\\\/\\\/www.terraaquatica.com\\\/#\\\/schema\\\/logo\\\/image\\\/\",\"url\":\"https:\\\/\\\/www.terraaquatica.com\\\/wp-content\\\/uploads\\\/2022\\\/03\\\/favicon-transpa-big.png\",\"contentUrl\":\"https:\\\/\\\/www.terraaquatica.com\\\/wp-content\\\/uploads\\\/2022\\\/03\\\/favicon-transpa-big.png\",\"width\":512,\"height\":512,\"caption\":\"Terra Aquatica\"},\"image\":{\"@id\":\"https:\\\/\\\/www.terraaquatica.com\\\/#\\\/schema\\\/logo\\\/image\\\/\"}}]}<\/script>\n<!-- \/ Yoast SEO plugin. -->","yoast_head_json":{"title":"Organic DryPart\u00ae - Terra Aquatica","robots":{"index":"index","follow":"follow","max-snippet":"max-snippet:-1","max-image-preview":"max-image-preview:large","max-video-preview":"max-video-preview:-1"},"canonical":"https:\/\/www.terraaquatica.com\/fr\/engrais-organique-complet\/organic-drypart\/","og_locale":"fr_FR","og_type":"article","og_title":"Organic DryPart\u00ae - Terra Aquatica","og_description":"Organic DryPart\u00ae est l&#8217;innovation la plus r\u00e9cente de Terra Aquatica, d\u00e9velopp\u00e9e en 2024 par William Texier. Cet engrais complet, sous [&hellip;]","og_url":"https:\/\/www.terraaquatica.com\/fr\/engrais-organique-complet\/organic-drypart","og_site_name":"Terra Aquatica","article_modified_time":"2025-09-25T12:14:44+00:00","twitter_card":"summary_large_image","twitter_misc":{"Dur\u00e9e de lecture estim\u00e9e":"1 minute"},"schema":{"@context":"https:\/\/schema.org","@graph":[{"@type":"WebPage","@id":"https:\/\/www.terraaquatica.com\/fr\/engrais-organique-complet\/organic-drypart","url":"https:\/\/www.terraaquatica.com\/fr\/engrais-organique-complet\/organic-drypart","name":"Organic DryPart\u00ae - Terra Aquatica","isPartOf":{"@id":"https:\/\/www.terraaquatica.com\/#website"},"datePublished":"2025-01-13T08:26:12+00:00","dateModified":"2025-09-25T12:14:44+00:00","breadcrumb":{"@id":"https:\/\/www.terraaquatica.com\/fr\/engrais-organique-complet\/organic-drypart#breadcrumb"},"inLanguage":"fr-FR","potentialAction":[{"@type":"ReadAction","target":["https:\/\/www.terraaquatica.com\/fr\/engrais-organique-complet\/organic-drypart"]}]},{"@type":"BreadcrumbList","@id":"https:\/\/www.terraaquatica.com\/fr\/engrais-organique-complet\/organic-drypart#breadcrumb","itemListElement":[{"@type":"ListItem","position":1,"name":"Accueil","item":"https:\/\/www.terraaquatica.com\/fr\/"},{"@type":"ListItem","position":2,"name":"Products","item":"https:\/\/www.terraaquatica.com\/fr\/product\/"},{"@type":"ListItem","position":3,"name":"Organic DryPart\u00ae"}]},{"@type":"WebSite","@id":"https:\/\/www.terraaquatica.com\/#website","url":"https:\/\/www.terraaquatica.com\/","name":"Terra Aquatica","description":"Engrais et syst\u00e8mes de culture depuis 1995","publisher":{"@id":"https:\/\/www.terraaquatica.com\/#organization"},"potentialAction":[{"@type":"SearchAction","target":{"@type":"EntryPoint","urlTemplate":"https:\/\/www.terraaquatica.com\/?s={search_term_string}"},"query-input":{"@type":"PropertyValueSpecification","valueRequired":true,"valueName":"search_term_string"}}],"inLanguage":"fr-FR"},{"@type":"Organization","@id":"https:\/\/www.terraaquatica.com\/#organization","name":"Terra Aquatica","url":"https:\/\/www.terraaquatica.com\/","logo":{"@type":"ImageObject","inLanguage":"fr-FR","@id":"https:\/\/www.terraaquatica.com\/#\/schema\/logo\/image\/","url":"https:\/\/www.terraaquatica.com\/wp-content\/uploads\/2022\/03\/favicon-transpa-big.png","contentUrl":"https:\/\/www.terraaquatica.com\/wp-content\/uploads\/2022\/03\/favicon-transpa-big.png","width":512,"height":512,"caption":"Terra Aquatica"},"image":{"@id":"https:\/\/www.terraaquatica.com\/#\/schema\/logo\/image\/"}}]}},"_links":{"self":[{"href":"https:\/\/www.terraaquatica.com\/fr\/wp-json\/wp\/v2\/product\/17012","targetHints":{"allow":["GET"]}}],"collection":[{"href":"https:\/\/www.terraaquatica.com\/fr\/wp-json\/wp\/v2\/product"}],"about":[{"href":"https:\/\/www.terraaquatica.com\/fr\/wp-json\/wp\/v2\/types\/product"}],"author":[{"embeddable":true,"href":"https:\/\/www.terraaquatica.com\/fr\/wp-json\/wp\/v2\/users\/710"}],"wp:attachment":[{"href":"https:\/\/www.terraaquatica.com\/fr\/wp-json\/wp\/v2\/media?parent=17012"}],"wp:term":[{"taxonomy":"m_thode_de_culture","embeddable":true,"href":"https:\/\/www.terraaquatica.com\/fr\/wp-json\/wp\/v2\/m_thode_de_culture?post=17012"},{"taxonomy":"substrat","embeddable":true,"href":"https:\/\/www.terraaquatica.com\/fr\/wp-json\/wp\/v2\/substrat?post=17012"},{"taxonomy":"product_category","embeddable":true,"href":"https:\/\/www.terraaquatica.com\/fr\/wp-json\/wp\/v2\/product_category?post=17012"}],"curies":[{"name":"wp","href":"https:\/\/api.w.org\/{rel}","templated":true}]}}