{"id":1825,"date":"2021-05-02T14:07:00","date_gmt":"2021-05-02T12:07:00","guid":{"rendered":"https:\/\/www.terraaquatica.com\/produits\/tripart-3\/"},"modified":"2025-09-25T14:16:47","modified_gmt":"2025-09-25T12:16:47","slug":"tripart-3","status":"publish","type":"product","link":"https:\/\/www.terraaquatica.com\/fr\/engrais-mineraux-complets\/tripart-3","title":{"rendered":"TriPart\u00ae"},"content":{"rendered":"<p><a href=\"http:\/\/www.terraaquatica.com\/\" target=\"_blank\" rel=\"noopener\"><img decoding=\"async\" class=\" size-full wp-image-1616\" style=\"float: left; opacity: 0.9; width: 250px; height: 250px;\" src=\"https:\/\/www.terraaquatica.com\/wp-content\/uploads\/2017\/06\/colerette.png\" alt=\"\"><\/a><em><strong>Syst\u00e8me d\u2019engrais \u00abBuilding Block\u00bb \u00e0 3 \u00e9l\u00e9ments constituants <\/strong>: avec l\u2019engrais TriPart\u00ae, Terra Aquatica allie concentration et souplesse d\u2019utilisation dans un \u00e9quilibre parfait.<\/em><\/p>\n<p>Pourquoi acheter un engrais favorisant la croissance, un autre qui optimise la floraison, un Calcium Magnesium Supplement et aussi un PK, alors que nos trois flacons TriPart\u00ae couvrent l\u2019ensemble des besoins de vos plantes ?<\/p>\n<p>Nos engrais TriPart\u00ae vous permettent de r\u00e9pondre pr\u00e9cis\u00e9ment aux besoins fluctuants de vos plantes en ajustant les proportions au fil de leur d\u00e9veloppement : une plus grande part de TriPart\u00ae Grow pendant la croissance, et davantage de TriPart\u00ae Bloom pour la floraison et la fructification. Notre trio d\u2019engrais se veut \u00e0 la fois simple \u00e0 utiliser et incroyablement efficace.<\/p>\n<p>Utilis\u00e9s par les universit\u00e9s et les laboratoires de recherche les plus prestigieux, dont la NASA, TriPart\u00ae constitue un syst\u00e8me \u00e9volutif que nous mettons constamment \u00e0 jour \u00e0 l\u2019aune des d\u00e9couvertes scientifiques les plus r\u00e9centes, et que nous am\u00e9liorons gr\u00e2ce \u00e0 nos essais rigoureux en interne et en collaboration avec nos partenaires du monde horticole professionnel.<\/p>\n<p>Nombreux sont les engrais qui affirment garantir le bon d\u00e9veloppement de vos plantes en r\u00e9pondant \u00e0 l\u2019ensemble de leurs besoins. A l\u2019inverse des produits concurrents, TriPart\u00ae contient non seulement les \u00e9l\u00e9ments majeurs et secondaires indispensables \u00e0 la nutrition fondamentale des plantes, mais \u00e9galement toute une gamme d\u2019oligo- et de micro-\u00e9l\u00e9ments g\u00e9n\u00e9ralement ch\u00e9lat\u00e9s afin d\u2019am\u00e9liorer leur absorption et leur stabilit\u00e9. C\u2019est ce qui explique les r\u00e9sultats impressionnants obtenus avec les engrais TriPart\u00ae sur des march\u00e9s de sp\u00e9cialit\u00e9s pour lesquels le degr\u00e9 de saveur, d&#8217;ar\u00f4me, de puissance et la teneur en huile essentielle des plantes sont primordiaux.<\/p>\n<p>TriPart\u00ae existe en formules \u00ab eau douce \u00bb ou \u00ab eau dure\u00bb, notamment pour TriPart\u00ae Micro, ce qui permet d\u2019optimiser la teneur en calcium de la solution nutritive afin d\u2019\u00e9viter les probl\u00e8mes de blocage\/de carences que l\u2019on rencontre parfois avec les engrais universels.<\/p>\n<ol>\n<li><strong>TriPart\u00ae Micro<\/strong> : disponible en formule \u00ab eau douce \u00bb et \u00ab eau dure \u00bb, il est le fondement de notre syst\u00e8me d\u2019engrais. Il contient des micro- et sub-\u00e9l\u00e9ments ainsi que des macro-\u00e9l\u00e9ments compl\u00e9mentaires. Utiliser TriPart\u00ae Micro comme indiqu\u00e9, sur toute la dur\u00e9e de la croissance et de la floraison.<\/li>\n<li><strong>TriPart\u00ae Grow<\/strong>&nbsp;: stimule le d\u00e9veloppement structurel et v\u00e9g\u00e9tatif, renforce le syst\u00e8me racinaire et fournit l\u2019essentiel de l\u2019azote, du potassium et des min\u00e9raux secondaires pr\u00e9sents dans TriPart\u00ae. Utiliser en quantit\u00e9s plus importantes en p\u00e9riode de croissance, et moindres en p\u00e9riode de floraison.<\/li>\n<li><strong>TriPart\u00ae Bloom<\/strong> : fournit le phosphore et le potassium sous la forme requise par les plantes pour favoriser le d\u00e9veloppement racinaire et augmenter la vitalit\u00e9 pendant la croissance. TriPart\u00ae Bloom aide \u00e9galement les plantes \u00e0 donner le meilleur de leur potentiel g\u00e9n\u00e9tique pendant la floraison et la fructification. Utiliser en quantit\u00e9s mod\u00e9r\u00e9es en p\u00e9riode de croissance et en quantit\u00e9s plus importantes pendant la floraison.<\/li>\n<\/ol>\n","protected":false},"author":3,"template":"","meta":{"_acf_changed":true},"m_thode_de_culture":[31],"substrat":[299,300,301],"product_category":[218],"class_list":["post-1825","product","type-product","status-publish","has-post-thumbnail","hentry","m_thode_de_culture-mineral-en","substrat-coco","substrat-hydro","substrat-soil","product_category-engrais-mineraux-complets"],"acf":[],"yoast_head":"<!-- This site is optimized with the Yoast SEO plugin v27.3 - https:\/\/yoast.com\/product\/yoast-seo-wordpress\/ -->\n<title>TriPart\u00ae - Terra Aquatica<\/title>\n<meta name=\"robots\" content=\"index, follow, max-snippet:-1, max-image-preview:large, max-video-preview:-1\" \/>\n<link rel=\"canonical\" href=\"https:\/\/www.terraaquatica.com\/fr\/engrais-mineraux-complets\/tripart-3\/\" \/>\n<meta property=\"og:locale\" content=\"fr_FR\" \/>\n<meta property=\"og:type\" content=\"article\" \/>\n<meta property=\"og:title\" content=\"TriPart\u00ae - Terra Aquatica\" \/>\n<meta property=\"og:description\" content=\"Syst\u00e8me d\u2019engrais \u00abBuilding Block\u00bb \u00e0 3 \u00e9l\u00e9ments constituants : avec l\u2019engrais TriPart\u00ae, Terra Aquatica allie concentration et souplesse d\u2019utilisation dans [&hellip;]\" \/>\n<meta property=\"og:url\" content=\"https:\/\/www.terraaquatica.com\/fr\/engrais-mineraux-complets\/tripart-3\" \/>\n<meta property=\"og:site_name\" content=\"Terra Aquatica\" \/>\n<meta property=\"article:modified_time\" content=\"2025-09-25T12:16:47+00:00\" \/>\n<meta property=\"og:image\" content=\"https:\/\/www.terraaquatica.com\/wp-content\/uploads\/2020\/03\/tripart-3-bottles-720_2.jpg\" \/>\n\t<meta property=\"og:image:width\" content=\"720\" \/>\n\t<meta property=\"og:image:height\" content=\"720\" \/>\n\t<meta property=\"og:image:type\" content=\"image\/jpeg\" \/>\n<meta name=\"twitter:card\" content=\"summary_large_image\" \/>\n<meta name=\"twitter:label1\" content=\"Dur\u00e9e de lecture estim\u00e9e\" \/>\n\t<meta name=\"twitter:data1\" content=\"3 minutes\" \/>\n<script type=\"application\/ld+json\" class=\"yoast-schema-graph\">{\"@context\":\"https:\\\/\\\/schema.org\",\"@graph\":[{\"@type\":\"WebPage\",\"@id\":\"https:\\\/\\\/www.terraaquatica.com\\\/fr\\\/engrais-mineraux-complets\\\/tripart-3\",\"url\":\"https:\\\/\\\/www.terraaquatica.com\\\/fr\\\/engrais-mineraux-complets\\\/tripart-3\",\"name\":\"TriPart\u00ae - Terra Aquatica\",\"isPartOf\":{\"@id\":\"https:\\\/\\\/www.terraaquatica.com\\\/#website\"},\"primaryImageOfPage\":{\"@id\":\"https:\\\/\\\/www.terraaquatica.com\\\/fr\\\/engrais-mineraux-complets\\\/tripart-3#primaryimage\"},\"image\":{\"@id\":\"https:\\\/\\\/www.terraaquatica.com\\\/fr\\\/engrais-mineraux-complets\\\/tripart-3#primaryimage\"},\"thumbnailUrl\":\"https:\\\/\\\/www.terraaquatica.com\\\/wp-content\\\/uploads\\\/2020\\\/03\\\/tripart-3-bottles-720_2.jpg\",\"datePublished\":\"2021-05-02T12:07:00+00:00\",\"dateModified\":\"2025-09-25T12:16:47+00:00\",\"breadcrumb\":{\"@id\":\"https:\\\/\\\/www.terraaquatica.com\\\/fr\\\/engrais-mineraux-complets\\\/tripart-3#breadcrumb\"},\"inLanguage\":\"fr-FR\",\"potentialAction\":[{\"@type\":\"ReadAction\",\"target\":[\"https:\\\/\\\/www.terraaquatica.com\\\/fr\\\/engrais-mineraux-complets\\\/tripart-3\"]}]},{\"@type\":\"ImageObject\",\"inLanguage\":\"fr-FR\",\"@id\":\"https:\\\/\\\/www.terraaquatica.com\\\/fr\\\/engrais-mineraux-complets\\\/tripart-3#primaryimage\",\"url\":\"https:\\\/\\\/www.terraaquatica.com\\\/wp-content\\\/uploads\\\/2020\\\/03\\\/tripart-3-bottles-720_2.jpg\",\"contentUrl\":\"https:\\\/\\\/www.terraaquatica.com\\\/wp-content\\\/uploads\\\/2020\\\/03\\\/tripart-3-bottles-720_2.jpg\",\"width\":720,\"height\":720,\"caption\":\"TriPart\u00ae Grow - Bloom - Micro\"},{\"@type\":\"BreadcrumbList\",\"@id\":\"https:\\\/\\\/www.terraaquatica.com\\\/fr\\\/engrais-mineraux-complets\\\/tripart-3#breadcrumb\",\"itemListElement\":[{\"@type\":\"ListItem\",\"position\":1,\"name\":\"Accueil\",\"item\":\"https:\\\/\\\/www.terraaquatica.com\\\/fr\\\/\"},{\"@type\":\"ListItem\",\"position\":2,\"name\":\"Products\",\"item\":\"https:\\\/\\\/www.terraaquatica.com\\\/fr\\\/product\\\/\"},{\"@type\":\"ListItem\",\"position\":3,\"name\":\"TriPart\u00ae\"}]},{\"@type\":\"WebSite\",\"@id\":\"https:\\\/\\\/www.terraaquatica.com\\\/#website\",\"url\":\"https:\\\/\\\/www.terraaquatica.com\\\/\",\"name\":\"Terra Aquatica\",\"description\":\"Engrais et syst\u00e8mes de culture depuis 1995\",\"publisher\":{\"@id\":\"https:\\\/\\\/www.terraaquatica.com\\\/#organization\"},\"potentialAction\":[{\"@type\":\"SearchAction\",\"target\":{\"@type\":\"EntryPoint\",\"urlTemplate\":\"https:\\\/\\\/www.terraaquatica.com\\\/?s={search_term_string}\"},\"query-input\":{\"@type\":\"PropertyValueSpecification\",\"valueRequired\":true,\"valueName\":\"search_term_string\"}}],\"inLanguage\":\"fr-FR\"},{\"@type\":\"Organization\",\"@id\":\"https:\\\/\\\/www.terraaquatica.com\\\/#organization\",\"name\":\"Terra Aquatica\",\"url\":\"https:\\\/\\\/www.terraaquatica.com\\\/\",\"logo\":{\"@type\":\"ImageObject\",\"inLanguage\":\"fr-FR\",\"@id\":\"https:\\\/\\\/www.terraaquatica.com\\\/#\\\/schema\\\/logo\\\/image\\\/\",\"url\":\"https:\\\/\\\/www.terraaquatica.com\\\/wp-content\\\/uploads\\\/2022\\\/03\\\/favicon-transpa-big.png\",\"contentUrl\":\"https:\\\/\\\/www.terraaquatica.com\\\/wp-content\\\/uploads\\\/2022\\\/03\\\/favicon-transpa-big.png\",\"width\":512,\"height\":512,\"caption\":\"Terra Aquatica\"},\"image\":{\"@id\":\"https:\\\/\\\/www.terraaquatica.com\\\/#\\\/schema\\\/logo\\\/image\\\/\"}}]}<\/script>\n<!-- \/ Yoast SEO plugin. -->","yoast_head_json":{"title":"TriPart\u00ae - Terra Aquatica","robots":{"index":"index","follow":"follow","max-snippet":"max-snippet:-1","max-image-preview":"max-image-preview:large","max-video-preview":"max-video-preview:-1"},"canonical":"https:\/\/www.terraaquatica.com\/fr\/engrais-mineraux-complets\/tripart-3\/","og_locale":"fr_FR","og_type":"article","og_title":"TriPart\u00ae - Terra Aquatica","og_description":"Syst\u00e8me d\u2019engrais \u00abBuilding Block\u00bb \u00e0 3 \u00e9l\u00e9ments constituants : avec l\u2019engrais TriPart\u00ae, Terra Aquatica allie concentration et souplesse d\u2019utilisation dans [&hellip;]","og_url":"https:\/\/www.terraaquatica.com\/fr\/engrais-mineraux-complets\/tripart-3","og_site_name":"Terra Aquatica","article_modified_time":"2025-09-25T12:16:47+00:00","og_image":[{"width":720,"height":720,"url":"https:\/\/www.terraaquatica.com\/wp-content\/uploads\/2020\/03\/tripart-3-bottles-720_2.jpg","type":"image\/jpeg"}],"twitter_card":"summary_large_image","twitter_misc":{"Dur\u00e9e de lecture estim\u00e9e":"3 minutes"},"schema":{"@context":"https:\/\/schema.org","@graph":[{"@type":"WebPage","@id":"https:\/\/www.terraaquatica.com\/fr\/engrais-mineraux-complets\/tripart-3","url":"https:\/\/www.terraaquatica.com\/fr\/engrais-mineraux-complets\/tripart-3","name":"TriPart\u00ae - Terra Aquatica","isPartOf":{"@id":"https:\/\/www.terraaquatica.com\/#website"},"primaryImageOfPage":{"@id":"https:\/\/www.terraaquatica.com\/fr\/engrais-mineraux-complets\/tripart-3#primaryimage"},"image":{"@id":"https:\/\/www.terraaquatica.com\/fr\/engrais-mineraux-complets\/tripart-3#primaryimage"},"thumbnailUrl":"https:\/\/www.terraaquatica.com\/wp-content\/uploads\/2020\/03\/tripart-3-bottles-720_2.jpg","datePublished":"2021-05-02T12:07:00+00:00","dateModified":"2025-09-25T12:16:47+00:00","breadcrumb":{"@id":"https:\/\/www.terraaquatica.com\/fr\/engrais-mineraux-complets\/tripart-3#breadcrumb"},"inLanguage":"fr-FR","potentialAction":[{"@type":"ReadAction","target":["https:\/\/www.terraaquatica.com\/fr\/engrais-mineraux-complets\/tripart-3"]}]},{"@type":"ImageObject","inLanguage":"fr-FR","@id":"https:\/\/www.terraaquatica.com\/fr\/engrais-mineraux-complets\/tripart-3#primaryimage","url":"https:\/\/www.terraaquatica.com\/wp-content\/uploads\/2020\/03\/tripart-3-bottles-720_2.jpg","contentUrl":"https:\/\/www.terraaquatica.com\/wp-content\/uploads\/2020\/03\/tripart-3-bottles-720_2.jpg","width":720,"height":720,"caption":"TriPart\u00ae Grow - Bloom - Micro"},{"@type":"BreadcrumbList","@id":"https:\/\/www.terraaquatica.com\/fr\/engrais-mineraux-complets\/tripart-3#breadcrumb","itemListElement":[{"@type":"ListItem","position":1,"name":"Accueil","item":"https:\/\/www.terraaquatica.com\/fr\/"},{"@type":"ListItem","position":2,"name":"Products","item":"https:\/\/www.terraaquatica.com\/fr\/product\/"},{"@type":"ListItem","position":3,"name":"TriPart\u00ae"}]},{"@type":"WebSite","@id":"https:\/\/www.terraaquatica.com\/#website","url":"https:\/\/www.terraaquatica.com\/","name":"Terra Aquatica","description":"Engrais et syst\u00e8mes de culture depuis 1995","publisher":{"@id":"https:\/\/www.terraaquatica.com\/#organization"},"potentialAction":[{"@type":"SearchAction","target":{"@type":"EntryPoint","urlTemplate":"https:\/\/www.terraaquatica.com\/?s={search_term_string}"},"query-input":{"@type":"PropertyValueSpecification","valueRequired":true,"valueName":"search_term_string"}}],"inLanguage":"fr-FR"},{"@type":"Organization","@id":"https:\/\/www.terraaquatica.com\/#organization","name":"Terra Aquatica","url":"https:\/\/www.terraaquatica.com\/","logo":{"@type":"ImageObject","inLanguage":"fr-FR","@id":"https:\/\/www.terraaquatica.com\/#\/schema\/logo\/image\/","url":"https:\/\/www.terraaquatica.com\/wp-content\/uploads\/2022\/03\/favicon-transpa-big.png","contentUrl":"https:\/\/www.terraaquatica.com\/wp-content\/uploads\/2022\/03\/favicon-transpa-big.png","width":512,"height":512,"caption":"Terra Aquatica"},"image":{"@id":"https:\/\/www.terraaquatica.com\/#\/schema\/logo\/image\/"}}]}},"_links":{"self":[{"href":"https:\/\/www.terraaquatica.com\/fr\/wp-json\/wp\/v2\/product\/1825","targetHints":{"allow":["GET"]}}],"collection":[{"href":"https:\/\/www.terraaquatica.com\/fr\/wp-json\/wp\/v2\/product"}],"about":[{"href":"https:\/\/www.terraaquatica.com\/fr\/wp-json\/wp\/v2\/types\/product"}],"author":[{"embeddable":true,"href":"https:\/\/www.terraaquatica.com\/fr\/wp-json\/wp\/v2\/users\/3"}],"wp:featuredmedia":[{"embeddable":true,"href":"https:\/\/www.terraaquatica.com\/fr\/wp-json\/wp\/v2\/media\/1618"}],"wp:attachment":[{"href":"https:\/\/www.terraaquatica.com\/fr\/wp-json\/wp\/v2\/media?parent=1825"}],"wp:term":[{"taxonomy":"m_thode_de_culture","embeddable":true,"href":"https:\/\/www.terraaquatica.com\/fr\/wp-json\/wp\/v2\/m_thode_de_culture?post=1825"},{"taxonomy":"substrat","embeddable":true,"href":"https:\/\/www.terraaquatica.com\/fr\/wp-json\/wp\/v2\/substrat?post=1825"},{"taxonomy":"product_category","embeddable":true,"href":"https:\/\/www.terraaquatica.com\/fr\/wp-json\/wp\/v2\/product_category?post=1825"}],"curies":[{"name":"wp","href":"https:\/\/api.w.org\/{rel}","templated":true}]}}