{"id":1826,"date":"2018-05-02T14:33:18","date_gmt":"2018-05-02T12:33:18","guid":{"rendered":"https:\/\/www.terraaquatica.com\/produits\/dualpart-3\/"},"modified":"2025-09-25T14:39:10","modified_gmt":"2025-09-25T12:39:10","slug":"dualpart-3","status":"publish","type":"product","link":"https:\/\/www.terraaquatica.com\/fr\/engrais-mineraux-complets\/dualpart-3","title":{"rendered":"DualPart\u00ae"},"content":{"rendered":"<p><a href=\"http:\/\/www.terraaquatica.com\/\" target=\"_blank\" rel=\"noopener\"><img decoding=\"async\" class=\" alignleft size-full wp-image-1616\" style=\"opacity: 0.9; float: left; width: 250px; height: 250px;\" src=\"https:\/\/www.terraaquatica.com\/wp-content\/uploads\/2017\/06\/colerette.png\" alt=\"\" \/><\/a><em>Con\u00e7u \u00e0 partir de notre gamme embl\u00e9matique TriPart\u00ae, DualPart\u00ae est le choix des cultivateurs exigeants cherchant \u00e0 combiner performance et simplicit\u00e9.<\/em><\/p>\n<p>Initialement d\u00e9velopp\u00e9 pour offrir une version plus accessible mais tout aussi puissante de TriPart\u00ae, DualPart\u00ae a b\u00e9n\u00e9fici\u00e9 de l\u2019expertise du chimiste <strong>Cal<\/strong> <strong>Herrmann<\/strong>, anciennement de la NASA et de General Hydroponics. Sa formule unique en deux parties a \u00e9volu\u00e9 pour r\u00e9pondre aux besoins sp\u00e9cifiques des plantes \u00e0 croissance rapide, qui exigent un \u00e9quilibre distinct entre la phase de croissance et celle de floraison.<\/p>\n<p>Nous privil\u00e9gions l\u2019utilisation d\u2019ingr\u00e9dients de la plus haute puret\u00e9, et notre savoir-faire en nutrition v\u00e9g\u00e9tale, soutenu par des ann\u00e9es de recherche, garantit des r\u00e9sultats remarquables. DualPart\u00ae offre aux plantes une croissance vigoureuse et compacte, sans recours \u00e0 des hormones de croissance synth\u00e9tiques, r\u00e9pondant ainsi aux attentes des cultivateurs pour des r\u00e9coltes saines et abondantes.<\/p>\n<p><strong>Points forts :\u00a0<\/strong><\/p>\n<ul>\n<li>Simple d\u2019utilisation<\/li>\n<li>Existe en formule \u00ab\u00a0Hard water\u00a0\u00bb et \u00ab\u00a0Soft water\u00a0\u00bb<\/li>\n<li>Adapt\u00e9 pour les plantes \u00e0 croissance rapide<\/li>\n<\/ul>\n<div><\/div>\n","protected":false},"author":3,"template":"","meta":{"_acf_changed":true},"m_thode_de_culture":[31],"substrat":[299,300,301],"product_category":[218],"class_list":["post-1826","product","type-product","status-publish","has-post-thumbnail","hentry","m_thode_de_culture-mineral-en","substrat-coco","substrat-hydro","substrat-soil","product_category-engrais-mineraux-complets"],"acf":[],"yoast_head":"<!-- This site is optimized with the Yoast SEO plugin v27.3 - https:\/\/yoast.com\/product\/yoast-seo-wordpress\/ -->\n<title>DualPart\u00ae - Terra Aquatica<\/title>\n<meta name=\"robots\" content=\"index, follow, max-snippet:-1, max-image-preview:large, max-video-preview:-1\" \/>\n<link rel=\"canonical\" href=\"https:\/\/www.terraaquatica.com\/fr\/engrais-mineraux-complets\/dualpart-3\/\" \/>\n<meta property=\"og:locale\" content=\"fr_FR\" \/>\n<meta property=\"og:type\" content=\"article\" \/>\n<meta property=\"og:title\" content=\"DualPart\u00ae - Terra Aquatica\" \/>\n<meta property=\"og:description\" content=\"Con\u00e7u \u00e0 partir de notre gamme embl\u00e9matique TriPart\u00ae, DualPart\u00ae est le choix des cultivateurs exigeants cherchant \u00e0 combiner performance et [&hellip;]\" \/>\n<meta property=\"og:url\" content=\"https:\/\/www.terraaquatica.com\/fr\/engrais-mineraux-complets\/dualpart-3\" \/>\n<meta property=\"og:site_name\" content=\"Terra Aquatica\" \/>\n<meta property=\"article:modified_time\" content=\"2025-09-25T12:39:10+00:00\" \/>\n<meta property=\"og:image\" content=\"https:\/\/www.terraaquatica.com\/wp-content\/uploads\/2020\/03\/dualpart-bloom-et-grow_1l-fond-blanc-720.jpg\" \/>\n\t<meta property=\"og:image:width\" content=\"720\" \/>\n\t<meta property=\"og:image:height\" content=\"720\" \/>\n\t<meta property=\"og:image:type\" content=\"image\/jpeg\" \/>\n<meta name=\"twitter:card\" content=\"summary_large_image\" \/>\n<meta name=\"twitter:label1\" content=\"Dur\u00e9e de lecture estim\u00e9e\" \/>\n\t<meta name=\"twitter:data1\" content=\"2 minutes\" \/>\n<script type=\"application\/ld+json\" class=\"yoast-schema-graph\">{\"@context\":\"https:\\\/\\\/schema.org\",\"@graph\":[{\"@type\":\"WebPage\",\"@id\":\"https:\\\/\\\/www.terraaquatica.com\\\/fr\\\/engrais-mineraux-complets\\\/dualpart-3\",\"url\":\"https:\\\/\\\/www.terraaquatica.com\\\/fr\\\/engrais-mineraux-complets\\\/dualpart-3\",\"name\":\"DualPart\u00ae - Terra Aquatica\",\"isPartOf\":{\"@id\":\"https:\\\/\\\/www.terraaquatica.com\\\/#website\"},\"primaryImageOfPage\":{\"@id\":\"https:\\\/\\\/www.terraaquatica.com\\\/fr\\\/engrais-mineraux-complets\\\/dualpart-3#primaryimage\"},\"image\":{\"@id\":\"https:\\\/\\\/www.terraaquatica.com\\\/fr\\\/engrais-mineraux-complets\\\/dualpart-3#primaryimage\"},\"thumbnailUrl\":\"https:\\\/\\\/www.terraaquatica.com\\\/wp-content\\\/uploads\\\/2020\\\/03\\\/dualpart-bloom-et-grow_1l-fond-blanc-720.jpg\",\"datePublished\":\"2018-05-02T12:33:18+00:00\",\"dateModified\":\"2025-09-25T12:39:10+00:00\",\"breadcrumb\":{\"@id\":\"https:\\\/\\\/www.terraaquatica.com\\\/fr\\\/engrais-mineraux-complets\\\/dualpart-3#breadcrumb\"},\"inLanguage\":\"fr-FR\",\"potentialAction\":[{\"@type\":\"ReadAction\",\"target\":[\"https:\\\/\\\/www.terraaquatica.com\\\/fr\\\/engrais-mineraux-complets\\\/dualpart-3\"]}]},{\"@type\":\"ImageObject\",\"inLanguage\":\"fr-FR\",\"@id\":\"https:\\\/\\\/www.terraaquatica.com\\\/fr\\\/engrais-mineraux-complets\\\/dualpart-3#primaryimage\",\"url\":\"https:\\\/\\\/www.terraaquatica.com\\\/wp-content\\\/uploads\\\/2020\\\/03\\\/dualpart-bloom-et-grow_1l-fond-blanc-720.jpg\",\"contentUrl\":\"https:\\\/\\\/www.terraaquatica.com\\\/wp-content\\\/uploads\\\/2020\\\/03\\\/dualpart-bloom-et-grow_1l-fond-blanc-720.jpg\",\"width\":720,\"height\":720,\"caption\":\"DualPart Grow - Bloom 1L\"},{\"@type\":\"BreadcrumbList\",\"@id\":\"https:\\\/\\\/www.terraaquatica.com\\\/fr\\\/engrais-mineraux-complets\\\/dualpart-3#breadcrumb\",\"itemListElement\":[{\"@type\":\"ListItem\",\"position\":1,\"name\":\"Accueil\",\"item\":\"https:\\\/\\\/www.terraaquatica.com\\\/fr\\\/\"},{\"@type\":\"ListItem\",\"position\":2,\"name\":\"Products\",\"item\":\"https:\\\/\\\/www.terraaquatica.com\\\/fr\\\/product\\\/\"},{\"@type\":\"ListItem\",\"position\":3,\"name\":\"DualPart\u00ae\"}]},{\"@type\":\"WebSite\",\"@id\":\"https:\\\/\\\/www.terraaquatica.com\\\/#website\",\"url\":\"https:\\\/\\\/www.terraaquatica.com\\\/\",\"name\":\"Terra Aquatica\",\"description\":\"Engrais et syst\u00e8mes de culture depuis 1995\",\"publisher\":{\"@id\":\"https:\\\/\\\/www.terraaquatica.com\\\/#organization\"},\"potentialAction\":[{\"@type\":\"SearchAction\",\"target\":{\"@type\":\"EntryPoint\",\"urlTemplate\":\"https:\\\/\\\/www.terraaquatica.com\\\/?s={search_term_string}\"},\"query-input\":{\"@type\":\"PropertyValueSpecification\",\"valueRequired\":true,\"valueName\":\"search_term_string\"}}],\"inLanguage\":\"fr-FR\"},{\"@type\":\"Organization\",\"@id\":\"https:\\\/\\\/www.terraaquatica.com\\\/#organization\",\"name\":\"Terra Aquatica\",\"url\":\"https:\\\/\\\/www.terraaquatica.com\\\/\",\"logo\":{\"@type\":\"ImageObject\",\"inLanguage\":\"fr-FR\",\"@id\":\"https:\\\/\\\/www.terraaquatica.com\\\/#\\\/schema\\\/logo\\\/image\\\/\",\"url\":\"https:\\\/\\\/www.terraaquatica.com\\\/wp-content\\\/uploads\\\/2022\\\/03\\\/favicon-transpa-big.png\",\"contentUrl\":\"https:\\\/\\\/www.terraaquatica.com\\\/wp-content\\\/uploads\\\/2022\\\/03\\\/favicon-transpa-big.png\",\"width\":512,\"height\":512,\"caption\":\"Terra Aquatica\"},\"image\":{\"@id\":\"https:\\\/\\\/www.terraaquatica.com\\\/#\\\/schema\\\/logo\\\/image\\\/\"}}]}<\/script>\n<!-- \/ Yoast SEO plugin. -->","yoast_head_json":{"title":"DualPart\u00ae - Terra Aquatica","robots":{"index":"index","follow":"follow","max-snippet":"max-snippet:-1","max-image-preview":"max-image-preview:large","max-video-preview":"max-video-preview:-1"},"canonical":"https:\/\/www.terraaquatica.com\/fr\/engrais-mineraux-complets\/dualpart-3\/","og_locale":"fr_FR","og_type":"article","og_title":"DualPart\u00ae - Terra Aquatica","og_description":"Con\u00e7u \u00e0 partir de notre gamme embl\u00e9matique TriPart\u00ae, DualPart\u00ae est le choix des cultivateurs exigeants cherchant \u00e0 combiner performance et [&hellip;]","og_url":"https:\/\/www.terraaquatica.com\/fr\/engrais-mineraux-complets\/dualpart-3","og_site_name":"Terra Aquatica","article_modified_time":"2025-09-25T12:39:10+00:00","og_image":[{"width":720,"height":720,"url":"https:\/\/www.terraaquatica.com\/wp-content\/uploads\/2020\/03\/dualpart-bloom-et-grow_1l-fond-blanc-720.jpg","type":"image\/jpeg"}],"twitter_card":"summary_large_image","twitter_misc":{"Dur\u00e9e de lecture estim\u00e9e":"2 minutes"},"schema":{"@context":"https:\/\/schema.org","@graph":[{"@type":"WebPage","@id":"https:\/\/www.terraaquatica.com\/fr\/engrais-mineraux-complets\/dualpart-3","url":"https:\/\/www.terraaquatica.com\/fr\/engrais-mineraux-complets\/dualpart-3","name":"DualPart\u00ae - Terra Aquatica","isPartOf":{"@id":"https:\/\/www.terraaquatica.com\/#website"},"primaryImageOfPage":{"@id":"https:\/\/www.terraaquatica.com\/fr\/engrais-mineraux-complets\/dualpart-3#primaryimage"},"image":{"@id":"https:\/\/www.terraaquatica.com\/fr\/engrais-mineraux-complets\/dualpart-3#primaryimage"},"thumbnailUrl":"https:\/\/www.terraaquatica.com\/wp-content\/uploads\/2020\/03\/dualpart-bloom-et-grow_1l-fond-blanc-720.jpg","datePublished":"2018-05-02T12:33:18+00:00","dateModified":"2025-09-25T12:39:10+00:00","breadcrumb":{"@id":"https:\/\/www.terraaquatica.com\/fr\/engrais-mineraux-complets\/dualpart-3#breadcrumb"},"inLanguage":"fr-FR","potentialAction":[{"@type":"ReadAction","target":["https:\/\/www.terraaquatica.com\/fr\/engrais-mineraux-complets\/dualpart-3"]}]},{"@type":"ImageObject","inLanguage":"fr-FR","@id":"https:\/\/www.terraaquatica.com\/fr\/engrais-mineraux-complets\/dualpart-3#primaryimage","url":"https:\/\/www.terraaquatica.com\/wp-content\/uploads\/2020\/03\/dualpart-bloom-et-grow_1l-fond-blanc-720.jpg","contentUrl":"https:\/\/www.terraaquatica.com\/wp-content\/uploads\/2020\/03\/dualpart-bloom-et-grow_1l-fond-blanc-720.jpg","width":720,"height":720,"caption":"DualPart Grow - Bloom 1L"},{"@type":"BreadcrumbList","@id":"https:\/\/www.terraaquatica.com\/fr\/engrais-mineraux-complets\/dualpart-3#breadcrumb","itemListElement":[{"@type":"ListItem","position":1,"name":"Accueil","item":"https:\/\/www.terraaquatica.com\/fr\/"},{"@type":"ListItem","position":2,"name":"Products","item":"https:\/\/www.terraaquatica.com\/fr\/product\/"},{"@type":"ListItem","position":3,"name":"DualPart\u00ae"}]},{"@type":"WebSite","@id":"https:\/\/www.terraaquatica.com\/#website","url":"https:\/\/www.terraaquatica.com\/","name":"Terra Aquatica","description":"Engrais et syst\u00e8mes de culture depuis 1995","publisher":{"@id":"https:\/\/www.terraaquatica.com\/#organization"},"potentialAction":[{"@type":"SearchAction","target":{"@type":"EntryPoint","urlTemplate":"https:\/\/www.terraaquatica.com\/?s={search_term_string}"},"query-input":{"@type":"PropertyValueSpecification","valueRequired":true,"valueName":"search_term_string"}}],"inLanguage":"fr-FR"},{"@type":"Organization","@id":"https:\/\/www.terraaquatica.com\/#organization","name":"Terra Aquatica","url":"https:\/\/www.terraaquatica.com\/","logo":{"@type":"ImageObject","inLanguage":"fr-FR","@id":"https:\/\/www.terraaquatica.com\/#\/schema\/logo\/image\/","url":"https:\/\/www.terraaquatica.com\/wp-content\/uploads\/2022\/03\/favicon-transpa-big.png","contentUrl":"https:\/\/www.terraaquatica.com\/wp-content\/uploads\/2022\/03\/favicon-transpa-big.png","width":512,"height":512,"caption":"Terra Aquatica"},"image":{"@id":"https:\/\/www.terraaquatica.com\/#\/schema\/logo\/image\/"}}]}},"_links":{"self":[{"href":"https:\/\/www.terraaquatica.com\/fr\/wp-json\/wp\/v2\/product\/1826","targetHints":{"allow":["GET"]}}],"collection":[{"href":"https:\/\/www.terraaquatica.com\/fr\/wp-json\/wp\/v2\/product"}],"about":[{"href":"https:\/\/www.terraaquatica.com\/fr\/wp-json\/wp\/v2\/types\/product"}],"author":[{"embeddable":true,"href":"https:\/\/www.terraaquatica.com\/fr\/wp-json\/wp\/v2\/users\/3"}],"wp:featuredmedia":[{"embeddable":true,"href":"https:\/\/www.terraaquatica.com\/fr\/wp-json\/wp\/v2\/media\/1646"}],"wp:attachment":[{"href":"https:\/\/www.terraaquatica.com\/fr\/wp-json\/wp\/v2\/media?parent=1826"}],"wp:term":[{"taxonomy":"m_thode_de_culture","embeddable":true,"href":"https:\/\/www.terraaquatica.com\/fr\/wp-json\/wp\/v2\/m_thode_de_culture?post=1826"},{"taxonomy":"substrat","embeddable":true,"href":"https:\/\/www.terraaquatica.com\/fr\/wp-json\/wp\/v2\/substrat?post=1826"},{"taxonomy":"product_category","embeddable":true,"href":"https:\/\/www.terraaquatica.com\/fr\/wp-json\/wp\/v2\/product_category?post=1826"}],"curies":[{"name":"wp","href":"https:\/\/api.w.org\/{rel}","templated":true}]}}