{"id":1828,"date":"2018-05-02T14:47:45","date_gmt":"2018-05-02T12:47:45","guid":{"rendered":"https:\/\/www.terraaquatica.com\/produits\/novamax-html-3\/"},"modified":"2025-09-25T14:37:44","modified_gmt":"2025-09-25T12:37:44","slug":"engrais-novamax-html-3","status":"publish","type":"product","link":"https:\/\/www.terraaquatica.com\/fr\/engrais-mineraux-complets\/engrais-novamax-html-3","title":{"rendered":"NovaMax\u00ae"},"content":{"rendered":"<p><em>V\u00e9ritable engrais liquide en 1 partie, le plus concentr\u00e9 du march\u00e9<\/em><\/p>\n<p>NovaMax\u00ae est un engrais liquide hautement concentr\u00e9\u00a0; il en faut tr\u00e8s peu pour obtenir les meilleurs r\u00e9sultats. Con\u00e7u pour une fertilisation simple et compl\u00e8te, ce syst\u00e8me unique, en une partie par phase (croissance et floraison), combine la puissance d\u2019un concentr\u00e9 sec et la facilit\u00e9 d\u2019un liquide, tout en int\u00e9grant les nutriments essentiels et les oligo-\u00e9l\u00e9ments n\u00e9cessaires. Gr\u00e2ce \u00e0 sa formulation avanc\u00e9e et brevet\u00e9e, NovaMax\u00ae convient \u00e0 une large gamme de plantes, permettant ainsi un rendement optimal en un seul produit. Sa composition exclusive de min\u00e9raux purifi\u00e9s et d\u2019extraits humiques en fait un choix fiable pour des r\u00e9coltes de haute qualit\u00e9.<\/p>\n<p><strong>Points forts :\u00a0<\/strong><\/p>\n<ul>\n<li>Contient du Fulvic<\/li>\n<li>Engrais en une partie<\/li>\n<\/ul>\n","protected":false},"author":3,"template":"","meta":{"_acf_changed":true},"m_thode_de_culture":[31],"substrat":[299,300,301],"product_category":[218],"class_list":["post-1828","product","type-product","status-publish","has-post-thumbnail","hentry","m_thode_de_culture-mineral-en","substrat-coco","substrat-hydro","substrat-soil","product_category-engrais-mineraux-complets"],"acf":[],"yoast_head":"<!-- This site is optimized with the Yoast SEO plugin v27.3 - https:\/\/yoast.com\/product\/yoast-seo-wordpress\/ -->\n<title>NovaMax\u00ae - Terra Aquatica<\/title>\n<meta name=\"robots\" content=\"index, follow, max-snippet:-1, max-image-preview:large, max-video-preview:-1\" \/>\n<link rel=\"canonical\" href=\"https:\/\/www.terraaquatica.com\/fr\/engrais-mineraux-complets\/engrais-novamax-html-3\/\" \/>\n<meta property=\"og:locale\" content=\"fr_FR\" \/>\n<meta property=\"og:type\" content=\"article\" \/>\n<meta property=\"og:title\" content=\"NovaMax\u00ae - Terra Aquatica\" \/>\n<meta property=\"og:description\" content=\"V\u00e9ritable engrais liquide en 1 partie, le plus concentr\u00e9 du march\u00e9 NovaMax\u00ae est un engrais liquide hautement concentr\u00e9\u00a0; il en [&hellip;]\" \/>\n<meta property=\"og:url\" content=\"https:\/\/www.terraaquatica.com\/fr\/engrais-mineraux-complets\/engrais-novamax-html-3\" \/>\n<meta property=\"og:site_name\" content=\"Terra Aquatica\" \/>\n<meta property=\"article:modified_time\" content=\"2025-09-25T12:37:44+00:00\" \/>\n<meta property=\"og:image\" content=\"https:\/\/www.terraaquatica.com\/wp-content\/uploads\/2020\/10\/novamax-1l.jpg\" \/>\n\t<meta property=\"og:image:width\" content=\"657\" \/>\n\t<meta property=\"og:image:height\" content=\"800\" \/>\n\t<meta property=\"og:image:type\" content=\"image\/jpeg\" \/>\n<meta name=\"twitter:card\" content=\"summary_large_image\" \/>\n<meta name=\"twitter:label1\" content=\"Dur\u00e9e de lecture estim\u00e9e\" \/>\n\t<meta name=\"twitter:data1\" content=\"1 minute\" \/>\n<script type=\"application\/ld+json\" class=\"yoast-schema-graph\">{\"@context\":\"https:\\\/\\\/schema.org\",\"@graph\":[{\"@type\":\"WebPage\",\"@id\":\"https:\\\/\\\/www.terraaquatica.com\\\/fr\\\/engrais-mineraux-complets\\\/engrais-novamax-html-3\",\"url\":\"https:\\\/\\\/www.terraaquatica.com\\\/fr\\\/engrais-mineraux-complets\\\/engrais-novamax-html-3\",\"name\":\"NovaMax\u00ae - Terra Aquatica\",\"isPartOf\":{\"@id\":\"https:\\\/\\\/www.terraaquatica.com\\\/#website\"},\"primaryImageOfPage\":{\"@id\":\"https:\\\/\\\/www.terraaquatica.com\\\/fr\\\/engrais-mineraux-complets\\\/engrais-novamax-html-3#primaryimage\"},\"image\":{\"@id\":\"https:\\\/\\\/www.terraaquatica.com\\\/fr\\\/engrais-mineraux-complets\\\/engrais-novamax-html-3#primaryimage\"},\"thumbnailUrl\":\"https:\\\/\\\/www.terraaquatica.com\\\/wp-content\\\/uploads\\\/2020\\\/10\\\/novamax-1l.jpg\",\"datePublished\":\"2018-05-02T12:47:45+00:00\",\"dateModified\":\"2025-09-25T12:37:44+00:00\",\"breadcrumb\":{\"@id\":\"https:\\\/\\\/www.terraaquatica.com\\\/fr\\\/engrais-mineraux-complets\\\/engrais-novamax-html-3#breadcrumb\"},\"inLanguage\":\"fr-FR\",\"potentialAction\":[{\"@type\":\"ReadAction\",\"target\":[\"https:\\\/\\\/www.terraaquatica.com\\\/fr\\\/engrais-mineraux-complets\\\/engrais-novamax-html-3\"]}]},{\"@type\":\"ImageObject\",\"inLanguage\":\"fr-FR\",\"@id\":\"https:\\\/\\\/www.terraaquatica.com\\\/fr\\\/engrais-mineraux-complets\\\/engrais-novamax-html-3#primaryimage\",\"url\":\"https:\\\/\\\/www.terraaquatica.com\\\/wp-content\\\/uploads\\\/2020\\\/10\\\/novamax-1l.jpg\",\"contentUrl\":\"https:\\\/\\\/www.terraaquatica.com\\\/wp-content\\\/uploads\\\/2020\\\/10\\\/novamax-1l.jpg\",\"width\":657,\"height\":800,\"caption\":\"novamax-1l\"},{\"@type\":\"BreadcrumbList\",\"@id\":\"https:\\\/\\\/www.terraaquatica.com\\\/fr\\\/engrais-mineraux-complets\\\/engrais-novamax-html-3#breadcrumb\",\"itemListElement\":[{\"@type\":\"ListItem\",\"position\":1,\"name\":\"Accueil\",\"item\":\"https:\\\/\\\/www.terraaquatica.com\\\/fr\\\/\"},{\"@type\":\"ListItem\",\"position\":2,\"name\":\"Products\",\"item\":\"https:\\\/\\\/www.terraaquatica.com\\\/fr\\\/product\\\/\"},{\"@type\":\"ListItem\",\"position\":3,\"name\":\"NovaMax\u00ae\"}]},{\"@type\":\"WebSite\",\"@id\":\"https:\\\/\\\/www.terraaquatica.com\\\/#website\",\"url\":\"https:\\\/\\\/www.terraaquatica.com\\\/\",\"name\":\"Terra Aquatica\",\"description\":\"Engrais et syst\u00e8mes de culture depuis 1995\",\"publisher\":{\"@id\":\"https:\\\/\\\/www.terraaquatica.com\\\/#organization\"},\"potentialAction\":[{\"@type\":\"SearchAction\",\"target\":{\"@type\":\"EntryPoint\",\"urlTemplate\":\"https:\\\/\\\/www.terraaquatica.com\\\/?s={search_term_string}\"},\"query-input\":{\"@type\":\"PropertyValueSpecification\",\"valueRequired\":true,\"valueName\":\"search_term_string\"}}],\"inLanguage\":\"fr-FR\"},{\"@type\":\"Organization\",\"@id\":\"https:\\\/\\\/www.terraaquatica.com\\\/#organization\",\"name\":\"Terra Aquatica\",\"url\":\"https:\\\/\\\/www.terraaquatica.com\\\/\",\"logo\":{\"@type\":\"ImageObject\",\"inLanguage\":\"fr-FR\",\"@id\":\"https:\\\/\\\/www.terraaquatica.com\\\/#\\\/schema\\\/logo\\\/image\\\/\",\"url\":\"https:\\\/\\\/www.terraaquatica.com\\\/wp-content\\\/uploads\\\/2022\\\/03\\\/favicon-transpa-big.png\",\"contentUrl\":\"https:\\\/\\\/www.terraaquatica.com\\\/wp-content\\\/uploads\\\/2022\\\/03\\\/favicon-transpa-big.png\",\"width\":512,\"height\":512,\"caption\":\"Terra Aquatica\"},\"image\":{\"@id\":\"https:\\\/\\\/www.terraaquatica.com\\\/#\\\/schema\\\/logo\\\/image\\\/\"}}]}<\/script>\n<!-- \/ Yoast SEO plugin. -->","yoast_head_json":{"title":"NovaMax\u00ae - Terra Aquatica","robots":{"index":"index","follow":"follow","max-snippet":"max-snippet:-1","max-image-preview":"max-image-preview:large","max-video-preview":"max-video-preview:-1"},"canonical":"https:\/\/www.terraaquatica.com\/fr\/engrais-mineraux-complets\/engrais-novamax-html-3\/","og_locale":"fr_FR","og_type":"article","og_title":"NovaMax\u00ae - Terra Aquatica","og_description":"V\u00e9ritable engrais liquide en 1 partie, le plus concentr\u00e9 du march\u00e9 NovaMax\u00ae est un engrais liquide hautement concentr\u00e9\u00a0; il en [&hellip;]","og_url":"https:\/\/www.terraaquatica.com\/fr\/engrais-mineraux-complets\/engrais-novamax-html-3","og_site_name":"Terra Aquatica","article_modified_time":"2025-09-25T12:37:44+00:00","og_image":[{"width":657,"height":800,"url":"https:\/\/www.terraaquatica.com\/wp-content\/uploads\/2020\/10\/novamax-1l.jpg","type":"image\/jpeg"}],"twitter_card":"summary_large_image","twitter_misc":{"Dur\u00e9e de lecture estim\u00e9e":"1 minute"},"schema":{"@context":"https:\/\/schema.org","@graph":[{"@type":"WebPage","@id":"https:\/\/www.terraaquatica.com\/fr\/engrais-mineraux-complets\/engrais-novamax-html-3","url":"https:\/\/www.terraaquatica.com\/fr\/engrais-mineraux-complets\/engrais-novamax-html-3","name":"NovaMax\u00ae - Terra Aquatica","isPartOf":{"@id":"https:\/\/www.terraaquatica.com\/#website"},"primaryImageOfPage":{"@id":"https:\/\/www.terraaquatica.com\/fr\/engrais-mineraux-complets\/engrais-novamax-html-3#primaryimage"},"image":{"@id":"https:\/\/www.terraaquatica.com\/fr\/engrais-mineraux-complets\/engrais-novamax-html-3#primaryimage"},"thumbnailUrl":"https:\/\/www.terraaquatica.com\/wp-content\/uploads\/2020\/10\/novamax-1l.jpg","datePublished":"2018-05-02T12:47:45+00:00","dateModified":"2025-09-25T12:37:44+00:00","breadcrumb":{"@id":"https:\/\/www.terraaquatica.com\/fr\/engrais-mineraux-complets\/engrais-novamax-html-3#breadcrumb"},"inLanguage":"fr-FR","potentialAction":[{"@type":"ReadAction","target":["https:\/\/www.terraaquatica.com\/fr\/engrais-mineraux-complets\/engrais-novamax-html-3"]}]},{"@type":"ImageObject","inLanguage":"fr-FR","@id":"https:\/\/www.terraaquatica.com\/fr\/engrais-mineraux-complets\/engrais-novamax-html-3#primaryimage","url":"https:\/\/www.terraaquatica.com\/wp-content\/uploads\/2020\/10\/novamax-1l.jpg","contentUrl":"https:\/\/www.terraaquatica.com\/wp-content\/uploads\/2020\/10\/novamax-1l.jpg","width":657,"height":800,"caption":"novamax-1l"},{"@type":"BreadcrumbList","@id":"https:\/\/www.terraaquatica.com\/fr\/engrais-mineraux-complets\/engrais-novamax-html-3#breadcrumb","itemListElement":[{"@type":"ListItem","position":1,"name":"Accueil","item":"https:\/\/www.terraaquatica.com\/fr\/"},{"@type":"ListItem","position":2,"name":"Products","item":"https:\/\/www.terraaquatica.com\/fr\/product\/"},{"@type":"ListItem","position":3,"name":"NovaMax\u00ae"}]},{"@type":"WebSite","@id":"https:\/\/www.terraaquatica.com\/#website","url":"https:\/\/www.terraaquatica.com\/","name":"Terra Aquatica","description":"Engrais et syst\u00e8mes de culture depuis 1995","publisher":{"@id":"https:\/\/www.terraaquatica.com\/#organization"},"potentialAction":[{"@type":"SearchAction","target":{"@type":"EntryPoint","urlTemplate":"https:\/\/www.terraaquatica.com\/?s={search_term_string}"},"query-input":{"@type":"PropertyValueSpecification","valueRequired":true,"valueName":"search_term_string"}}],"inLanguage":"fr-FR"},{"@type":"Organization","@id":"https:\/\/www.terraaquatica.com\/#organization","name":"Terra Aquatica","url":"https:\/\/www.terraaquatica.com\/","logo":{"@type":"ImageObject","inLanguage":"fr-FR","@id":"https:\/\/www.terraaquatica.com\/#\/schema\/logo\/image\/","url":"https:\/\/www.terraaquatica.com\/wp-content\/uploads\/2022\/03\/favicon-transpa-big.png","contentUrl":"https:\/\/www.terraaquatica.com\/wp-content\/uploads\/2022\/03\/favicon-transpa-big.png","width":512,"height":512,"caption":"Terra Aquatica"},"image":{"@id":"https:\/\/www.terraaquatica.com\/#\/schema\/logo\/image\/"}}]}},"_links":{"self":[{"href":"https:\/\/www.terraaquatica.com\/fr\/wp-json\/wp\/v2\/product\/1828","targetHints":{"allow":["GET"]}}],"collection":[{"href":"https:\/\/www.terraaquatica.com\/fr\/wp-json\/wp\/v2\/product"}],"about":[{"href":"https:\/\/www.terraaquatica.com\/fr\/wp-json\/wp\/v2\/types\/product"}],"author":[{"embeddable":true,"href":"https:\/\/www.terraaquatica.com\/fr\/wp-json\/wp\/v2\/users\/3"}],"wp:featuredmedia":[{"embeddable":true,"href":"https:\/\/www.terraaquatica.com\/fr\/wp-json\/wp\/v2\/media\/1613"}],"wp:attachment":[{"href":"https:\/\/www.terraaquatica.com\/fr\/wp-json\/wp\/v2\/media?parent=1828"}],"wp:term":[{"taxonomy":"m_thode_de_culture","embeddable":true,"href":"https:\/\/www.terraaquatica.com\/fr\/wp-json\/wp\/v2\/m_thode_de_culture?post=1828"},{"taxonomy":"substrat","embeddable":true,"href":"https:\/\/www.terraaquatica.com\/fr\/wp-json\/wp\/v2\/substrat?post=1828"},{"taxonomy":"product_category","embeddable":true,"href":"https:\/\/www.terraaquatica.com\/fr\/wp-json\/wp\/v2\/product_category?post=1828"}],"curies":[{"name":"wp","href":"https:\/\/api.w.org\/{rel}","templated":true}]}}