{"id":1829,"date":"2018-05-02T14:55:31","date_gmt":"2018-05-02T12:55:31","guid":{"rendered":"https:\/\/www.terraaquatica.com\/produits\/maxi-series-html-3\/"},"modified":"2025-09-25T14:36:59","modified_gmt":"2025-09-25T12:36:59","slug":"drypart","status":"publish","type":"product","link":"https:\/\/www.terraaquatica.com\/fr\/engrais-mineraux-complets\/drypart","title":{"rendered":"DryPart\u00ae"},"content":{"rendered":"\n<p><em>Engrais en 1 partie en poudre<\/em><\/p>\n\n\n\n<p>DryPart\u00ae est notre engrais min\u00e9ral le plus concentr\u00e9, con\u00e7u pour r\u00e9pondre aux besoins de la plante \u00e0 chaque phase de d\u00e9veloppement. Son concept repose sur une solution en deux formules distinctes : DryPart\u00ae Grow pour la croissance et DryPart\u00ae Bloom pour la floraison.<\/p>\n\n\n\n<p>Solubles dans l&#8217;eau, ces formules peuvent \u00eatre utilis\u00e9es ind\u00e9pendamment et contiennent un \u00e9quilibre pr\u00e9cis de nutriments primaires, secondaires et de micro-\u00e9l\u00e9ments premium, assurant des ar\u00f4mes et des rendements optimaux, m\u00eame avec une eau tr\u00e8s douce. Chacune des formules inclut des r\u00e9gulateurs qui stabilisent le pH de la solution nutritive au niveau souhait\u00e9, facilitant l\u2019absorption des nutriments.<\/p>\n\n\n\n<p>La pr\u00e9sentation de DryPart\u00ae sous forme de poudre permet de faciliter et r\u00e9duire les volumes du transport.<\/p>\n\n\n\n<p><strong>Points forts<\/strong> :<\/p>\n\n\n\n<ul class=\"wp-block-list\">\n<li>Stabilisateur de pH<\/li>\n<\/ul>\n\n\n\n<ul class=\"wp-block-list\">\n<li>Tr\u00e8s concentr\u00e9 et complet<\/li>\n<\/ul>\n\n\n\n<ul class=\"wp-block-list\">\n<li>Transport facile<\/li>\n<\/ul>\n\n\n\n<ul class=\"wp-block-list\">\n<li>Utilisation facile<\/li>\n<\/ul>\n","protected":false},"author":3,"template":"","meta":{"_acf_changed":true},"m_thode_de_culture":[31],"substrat":[299,300,301],"product_category":[218],"class_list":["post-1829","product","type-product","status-publish","has-post-thumbnail","hentry","m_thode_de_culture-mineral-en","substrat-coco","substrat-hydro","substrat-soil","product_category-engrais-mineraux-complets"],"acf":[],"yoast_head":"<!-- This site is optimized with the Yoast SEO plugin v27.3 - https:\/\/yoast.com\/product\/yoast-seo-wordpress\/ -->\n<title>DryPart\u00ae - Terra Aquatica<\/title>\n<meta name=\"robots\" content=\"index, follow, max-snippet:-1, max-image-preview:large, max-video-preview:-1\" \/>\n<link rel=\"canonical\" href=\"https:\/\/www.terraaquatica.com\/fr\/engrais-mineraux-complets\/drypart\/\" \/>\n<meta property=\"og:locale\" content=\"fr_FR\" \/>\n<meta property=\"og:type\" content=\"article\" \/>\n<meta property=\"og:title\" content=\"DryPart\u00ae - Terra Aquatica\" \/>\n<meta property=\"og:description\" content=\"Engrais en 1 partie en poudre DryPart\u00ae est notre engrais min\u00e9ral le plus concentr\u00e9, con\u00e7u pour r\u00e9pondre aux besoins de [&hellip;]\" \/>\n<meta property=\"og:url\" content=\"https:\/\/www.terraaquatica.com\/fr\/engrais-mineraux-complets\/drypart\" \/>\n<meta property=\"og:site_name\" content=\"Terra Aquatica\" \/>\n<meta property=\"article:modified_time\" content=\"2025-09-25T12:36:59+00:00\" \/>\n<meta property=\"og:image\" content=\"https:\/\/www.terraaquatica.com\/wp-content\/uploads\/2017\/10\/maxi-series-duo.png\" \/>\n\t<meta property=\"og:image:width\" content=\"720\" \/>\n\t<meta property=\"og:image:height\" content=\"720\" \/>\n\t<meta property=\"og:image:type\" content=\"image\/png\" \/>\n<meta name=\"twitter:card\" content=\"summary_large_image\" \/>\n<meta name=\"twitter:label1\" content=\"Dur\u00e9e de lecture estim\u00e9e\" \/>\n\t<meta name=\"twitter:data1\" content=\"1 minute\" \/>\n<script type=\"application\/ld+json\" class=\"yoast-schema-graph\">{\"@context\":\"https:\\\/\\\/schema.org\",\"@graph\":[{\"@type\":\"WebPage\",\"@id\":\"https:\\\/\\\/www.terraaquatica.com\\\/fr\\\/engrais-mineraux-complets\\\/drypart\",\"url\":\"https:\\\/\\\/www.terraaquatica.com\\\/fr\\\/engrais-mineraux-complets\\\/drypart\",\"name\":\"DryPart\u00ae - Terra Aquatica\",\"isPartOf\":{\"@id\":\"https:\\\/\\\/www.terraaquatica.com\\\/#website\"},\"primaryImageOfPage\":{\"@id\":\"https:\\\/\\\/www.terraaquatica.com\\\/fr\\\/engrais-mineraux-complets\\\/drypart#primaryimage\"},\"image\":{\"@id\":\"https:\\\/\\\/www.terraaquatica.com\\\/fr\\\/engrais-mineraux-complets\\\/drypart#primaryimage\"},\"thumbnailUrl\":\"https:\\\/\\\/www.terraaquatica.com\\\/wp-content\\\/uploads\\\/2017\\\/10\\\/maxi-series-duo.png\",\"datePublished\":\"2018-05-02T12:55:31+00:00\",\"dateModified\":\"2025-09-25T12:36:59+00:00\",\"breadcrumb\":{\"@id\":\"https:\\\/\\\/www.terraaquatica.com\\\/fr\\\/engrais-mineraux-complets\\\/drypart#breadcrumb\"},\"inLanguage\":\"fr-FR\",\"potentialAction\":[{\"@type\":\"ReadAction\",\"target\":[\"https:\\\/\\\/www.terraaquatica.com\\\/fr\\\/engrais-mineraux-complets\\\/drypart\"]}]},{\"@type\":\"ImageObject\",\"inLanguage\":\"fr-FR\",\"@id\":\"https:\\\/\\\/www.terraaquatica.com\\\/fr\\\/engrais-mineraux-complets\\\/drypart#primaryimage\",\"url\":\"https:\\\/\\\/www.terraaquatica.com\\\/wp-content\\\/uploads\\\/2017\\\/10\\\/maxi-series-duo.png\",\"contentUrl\":\"https:\\\/\\\/www.terraaquatica.com\\\/wp-content\\\/uploads\\\/2017\\\/10\\\/maxi-series-duo.png\",\"width\":720,\"height\":720,\"caption\":\"Maxi Series\"},{\"@type\":\"BreadcrumbList\",\"@id\":\"https:\\\/\\\/www.terraaquatica.com\\\/fr\\\/engrais-mineraux-complets\\\/drypart#breadcrumb\",\"itemListElement\":[{\"@type\":\"ListItem\",\"position\":1,\"name\":\"Accueil\",\"item\":\"https:\\\/\\\/www.terraaquatica.com\\\/fr\\\/\"},{\"@type\":\"ListItem\",\"position\":2,\"name\":\"Products\",\"item\":\"https:\\\/\\\/www.terraaquatica.com\\\/fr\\\/product\\\/\"},{\"@type\":\"ListItem\",\"position\":3,\"name\":\"DryPart\u00ae\"}]},{\"@type\":\"WebSite\",\"@id\":\"https:\\\/\\\/www.terraaquatica.com\\\/#website\",\"url\":\"https:\\\/\\\/www.terraaquatica.com\\\/\",\"name\":\"Terra Aquatica\",\"description\":\"Engrais et syst\u00e8mes de culture depuis 1995\",\"publisher\":{\"@id\":\"https:\\\/\\\/www.terraaquatica.com\\\/#organization\"},\"potentialAction\":[{\"@type\":\"SearchAction\",\"target\":{\"@type\":\"EntryPoint\",\"urlTemplate\":\"https:\\\/\\\/www.terraaquatica.com\\\/?s={search_term_string}\"},\"query-input\":{\"@type\":\"PropertyValueSpecification\",\"valueRequired\":true,\"valueName\":\"search_term_string\"}}],\"inLanguage\":\"fr-FR\"},{\"@type\":\"Organization\",\"@id\":\"https:\\\/\\\/www.terraaquatica.com\\\/#organization\",\"name\":\"Terra Aquatica\",\"url\":\"https:\\\/\\\/www.terraaquatica.com\\\/\",\"logo\":{\"@type\":\"ImageObject\",\"inLanguage\":\"fr-FR\",\"@id\":\"https:\\\/\\\/www.terraaquatica.com\\\/#\\\/schema\\\/logo\\\/image\\\/\",\"url\":\"https:\\\/\\\/www.terraaquatica.com\\\/wp-content\\\/uploads\\\/2022\\\/03\\\/favicon-transpa-big.png\",\"contentUrl\":\"https:\\\/\\\/www.terraaquatica.com\\\/wp-content\\\/uploads\\\/2022\\\/03\\\/favicon-transpa-big.png\",\"width\":512,\"height\":512,\"caption\":\"Terra Aquatica\"},\"image\":{\"@id\":\"https:\\\/\\\/www.terraaquatica.com\\\/#\\\/schema\\\/logo\\\/image\\\/\"}}]}<\/script>\n<!-- \/ Yoast SEO plugin. -->","yoast_head_json":{"title":"DryPart\u00ae - Terra Aquatica","robots":{"index":"index","follow":"follow","max-snippet":"max-snippet:-1","max-image-preview":"max-image-preview:large","max-video-preview":"max-video-preview:-1"},"canonical":"https:\/\/www.terraaquatica.com\/fr\/engrais-mineraux-complets\/drypart\/","og_locale":"fr_FR","og_type":"article","og_title":"DryPart\u00ae - Terra Aquatica","og_description":"Engrais en 1 partie en poudre DryPart\u00ae est notre engrais min\u00e9ral le plus concentr\u00e9, con\u00e7u pour r\u00e9pondre aux besoins de [&hellip;]","og_url":"https:\/\/www.terraaquatica.com\/fr\/engrais-mineraux-complets\/drypart","og_site_name":"Terra Aquatica","article_modified_time":"2025-09-25T12:36:59+00:00","og_image":[{"width":720,"height":720,"url":"https:\/\/www.terraaquatica.com\/wp-content\/uploads\/2017\/10\/maxi-series-duo.png","type":"image\/png"}],"twitter_card":"summary_large_image","twitter_misc":{"Dur\u00e9e de lecture estim\u00e9e":"1 minute"},"schema":{"@context":"https:\/\/schema.org","@graph":[{"@type":"WebPage","@id":"https:\/\/www.terraaquatica.com\/fr\/engrais-mineraux-complets\/drypart","url":"https:\/\/www.terraaquatica.com\/fr\/engrais-mineraux-complets\/drypart","name":"DryPart\u00ae - Terra Aquatica","isPartOf":{"@id":"https:\/\/www.terraaquatica.com\/#website"},"primaryImageOfPage":{"@id":"https:\/\/www.terraaquatica.com\/fr\/engrais-mineraux-complets\/drypart#primaryimage"},"image":{"@id":"https:\/\/www.terraaquatica.com\/fr\/engrais-mineraux-complets\/drypart#primaryimage"},"thumbnailUrl":"https:\/\/www.terraaquatica.com\/wp-content\/uploads\/2017\/10\/maxi-series-duo.png","datePublished":"2018-05-02T12:55:31+00:00","dateModified":"2025-09-25T12:36:59+00:00","breadcrumb":{"@id":"https:\/\/www.terraaquatica.com\/fr\/engrais-mineraux-complets\/drypart#breadcrumb"},"inLanguage":"fr-FR","potentialAction":[{"@type":"ReadAction","target":["https:\/\/www.terraaquatica.com\/fr\/engrais-mineraux-complets\/drypart"]}]},{"@type":"ImageObject","inLanguage":"fr-FR","@id":"https:\/\/www.terraaquatica.com\/fr\/engrais-mineraux-complets\/drypart#primaryimage","url":"https:\/\/www.terraaquatica.com\/wp-content\/uploads\/2017\/10\/maxi-series-duo.png","contentUrl":"https:\/\/www.terraaquatica.com\/wp-content\/uploads\/2017\/10\/maxi-series-duo.png","width":720,"height":720,"caption":"Maxi Series"},{"@type":"BreadcrumbList","@id":"https:\/\/www.terraaquatica.com\/fr\/engrais-mineraux-complets\/drypart#breadcrumb","itemListElement":[{"@type":"ListItem","position":1,"name":"Accueil","item":"https:\/\/www.terraaquatica.com\/fr\/"},{"@type":"ListItem","position":2,"name":"Products","item":"https:\/\/www.terraaquatica.com\/fr\/product\/"},{"@type":"ListItem","position":3,"name":"DryPart\u00ae"}]},{"@type":"WebSite","@id":"https:\/\/www.terraaquatica.com\/#website","url":"https:\/\/www.terraaquatica.com\/","name":"Terra Aquatica","description":"Engrais et syst\u00e8mes de culture depuis 1995","publisher":{"@id":"https:\/\/www.terraaquatica.com\/#organization"},"potentialAction":[{"@type":"SearchAction","target":{"@type":"EntryPoint","urlTemplate":"https:\/\/www.terraaquatica.com\/?s={search_term_string}"},"query-input":{"@type":"PropertyValueSpecification","valueRequired":true,"valueName":"search_term_string"}}],"inLanguage":"fr-FR"},{"@type":"Organization","@id":"https:\/\/www.terraaquatica.com\/#organization","name":"Terra Aquatica","url":"https:\/\/www.terraaquatica.com\/","logo":{"@type":"ImageObject","inLanguage":"fr-FR","@id":"https:\/\/www.terraaquatica.com\/#\/schema\/logo\/image\/","url":"https:\/\/www.terraaquatica.com\/wp-content\/uploads\/2022\/03\/favicon-transpa-big.png","contentUrl":"https:\/\/www.terraaquatica.com\/wp-content\/uploads\/2022\/03\/favicon-transpa-big.png","width":512,"height":512,"caption":"Terra Aquatica"},"image":{"@id":"https:\/\/www.terraaquatica.com\/#\/schema\/logo\/image\/"}}]}},"_links":{"self":[{"href":"https:\/\/www.terraaquatica.com\/fr\/wp-json\/wp\/v2\/product\/1829","targetHints":{"allow":["GET"]}}],"collection":[{"href":"https:\/\/www.terraaquatica.com\/fr\/wp-json\/wp\/v2\/product"}],"about":[{"href":"https:\/\/www.terraaquatica.com\/fr\/wp-json\/wp\/v2\/types\/product"}],"author":[{"embeddable":true,"href":"https:\/\/www.terraaquatica.com\/fr\/wp-json\/wp\/v2\/users\/3"}],"wp:featuredmedia":[{"embeddable":true,"href":"https:\/\/www.terraaquatica.com\/fr\/wp-json\/wp\/v2\/media\/1657"}],"wp:attachment":[{"href":"https:\/\/www.terraaquatica.com\/fr\/wp-json\/wp\/v2\/media?parent=1829"}],"wp:term":[{"taxonomy":"m_thode_de_culture","embeddable":true,"href":"https:\/\/www.terraaquatica.com\/fr\/wp-json\/wp\/v2\/m_thode_de_culture?post=1829"},{"taxonomy":"substrat","embeddable":true,"href":"https:\/\/www.terraaquatica.com\/fr\/wp-json\/wp\/v2\/substrat?post=1829"},{"taxonomy":"product_category","embeddable":true,"href":"https:\/\/www.terraaquatica.com\/fr\/wp-json\/wp\/v2\/product_category?post=1829"}],"curies":[{"name":"wp","href":"https:\/\/api.w.org\/{rel}","templated":true}]}}