{"id":1831,"date":"2018-05-02T15:20:22","date_gmt":"2018-05-02T13:20:22","guid":{"rendered":"https:\/\/www.terraaquatica.com\/produits\/ripen-html-2\/"},"modified":"2025-09-25T14:35:19","modified_gmt":"2025-09-25T12:35:19","slug":"finalpart","status":"publish","type":"product","link":"https:\/\/www.terraaquatica.com\/fr\/engrais-complements-forcage\/finalpart","title":{"rendered":"FinalPart\u00ae"},"content":{"rendered":"<p><a href=\"http:\/\/www.terraaquatica.com\/\" target=\"_blank\" rel=\"noopener\"><img decoding=\"async\" class=\" alignleft size-full wp-image-1616\" style=\"opacity: 0.9; float: left; width: 250px; height: 250px;\" src=\"https:\/\/www.terraaquatica.com\/wp-content\/uploads\/2017\/06\/colerette.png\" alt=\"\" \/><\/a><em>Ce sont les atouts de FinalPart\u00ae qui en font le produit-phare de la gamme et notre best-seller Terra Aquatica au plan mondial !<\/em><\/p>\n<p>FinalPart\u00ae est un engrais min\u00e9ral de fin de floraison, con\u00e7u pour optimiser la maturation des plantes \u00e0 leur dernier stade de croissance. Ce produit phare de la gamme Terra Aquatica est largement reconnu \u00e0 l&#8217;international pour ses performances exceptionnelles. En stimulant la production de fleurs et de fruits, il permet non seulement de maximiser les rendements, mais aussi d&#8217;am\u00e9liorer les ar\u00f4mes, huiles essentielles et terp\u00e8nes dans toutes les plantes, et notamment dans les cultures de CBD.<\/p>\n<p>Adapt\u00e9 aussi aux plantes potag\u00e8res, FinalPart\u00ae rehausse le go\u00fbt et la qualit\u00e9 des r\u00e9coltes tout en augmentant leur productivit\u00e9. Il peut \u00e9galement \u00eatre utilis\u00e9 comme solution de for\u00e7age pour anticiper les r\u00e9coltes face \u00e0 des impr\u00e9vus tels que des attaques d&#8217;insectes, des conditions climatiques difficiles ou un d\u00e9part en vacances.<\/p>\n<p>Compatible avec les autres fertilisants min\u00e9raux et organiques de Terra Aquatica, comme <a href=\"https:\/\/www.terraaquatica.com\/fr\/engrais-mineraux-complets\/tripart-3\/\">TriPart<\/a>\u00ae, <a href=\"https:\/\/www.terraaquatica.com\/fr\/engrais-mineraux-complets\/engrais-novamax-html-3\/\">NovaMax<\/a>\u00ae et <a href=\"https:\/\/www.terraaquatica.com\/fr\/engrais-organique-complet\/pro-organic-3\/\">Pro Organic<\/a>, FinalPart\u00ae constitue une solution incontournable pour ceux qui cherchent \u00e0 contr\u00f4ler avec pr\u00e9cision la derni\u00e8re phase de production de leurs cultures.<\/p>\n<p><strong>\u00a0<\/strong><\/p>\n<p><strong>Points forts :<\/strong><\/p>\n<ul>\n<li>Booste le rendement, les ar\u00f4mes, cannabino\u00efdes et les terp\u00e8nes<\/li>\n<li>Compatible avec toutes nos gammes d\u2019engrais<\/li>\n<li>Utilisable sur toutes les cultures<\/li>\n<\/ul>\n\n\n<figure class=\"wp-block-embed is-type-video is-provider-youtube wp-block-embed-youtube wp-embed-aspect-16-9 wp-has-aspect-ratio\"><div class=\"wp-block-embed__wrapper\">\n<iframe title=\"Boost de fin de floraison : FinalPart \ud83c\udf3a\ud83c\udf3a\" width=\"500\" height=\"281\" src=\"https:\/\/www.youtube.com\/embed\/3N4GdMtF59Y?feature=oembed\" frameborder=\"0\" allow=\"accelerometer; autoplay; clipboard-write; encrypted-media; gyroscope; picture-in-picture; web-share\" referrerpolicy=\"strict-origin-when-cross-origin\" allowfullscreen><\/iframe>\n<\/div><\/figure>\n\n\n\n<div data-wp-interactive=\"core\/file\" class=\"wp-block-file\"><object data-wp-bind--hidden=\"!state.hasPdfPreview\" hidden class=\"wp-block-file__embed\" data=\"https:\/\/www.terraaquatica.com\/wp-content\/uploads\/2023\/09\/FinalPart-UserGuide-6pages-A5-FR-2022.pdf\" type=\"application\/pdf\" style=\"width:100%;height:600px\" aria-label=\"Contenu embarqu\u00e9 FinalPart-UserGuide-6pages-A5-FR-2022.\"><\/object><a id=\"wp-block-file--media-692960f4-370b-42c9-ba76-7314af27dbf7\" href=\"https:\/\/www.terraaquatica.com\/wp-content\/uploads\/2023\/09\/FinalPart-UserGuide-6pages-A5-FR-2022.pdf\">FinalPart-UserGuide-6pages-A5-FR-2022<\/a><a href=\"https:\/\/www.terraaquatica.com\/wp-content\/uploads\/2023\/09\/FinalPart-UserGuide-6pages-A5-FR-2022.pdf\" class=\"wp-block-file__button wp-element-button\" download aria-describedby=\"wp-block-file--media-692960f4-370b-42c9-ba76-7314af27dbf7\">Download<\/a><\/div>\n","protected":false},"author":3,"template":"","meta":{"_acf_changed":true},"m_thode_de_culture":[31],"substrat":[299,300,301],"product_category":[223],"class_list":["post-1831","product","type-product","status-publish","has-post-thumbnail","hentry","m_thode_de_culture-mineral-en","substrat-coco","substrat-hydro","substrat-soil","product_category-engrais-complements-forcage"],"acf":[],"yoast_head":"<!-- This site is optimized with the Yoast SEO plugin v27.3 - https:\/\/yoast.com\/product\/yoast-seo-wordpress\/ -->\n<title>FinalPart\u00ae - Terra Aquatica<\/title>\n<meta name=\"robots\" content=\"index, follow, max-snippet:-1, max-image-preview:large, max-video-preview:-1\" \/>\n<link rel=\"canonical\" href=\"https:\/\/www.terraaquatica.com\/fr\/engrais-complements-forcage\/finalpart\/\" \/>\n<meta property=\"og:locale\" content=\"fr_FR\" \/>\n<meta property=\"og:type\" content=\"article\" \/>\n<meta property=\"og:title\" content=\"FinalPart\u00ae - Terra Aquatica\" \/>\n<meta property=\"og:description\" content=\"Ce sont les atouts de FinalPart\u00ae qui en font le produit-phare de la gamme et notre best-seller Terra Aquatica au [&hellip;]\" \/>\n<meta property=\"og:url\" content=\"https:\/\/www.terraaquatica.com\/fr\/engrais-complements-forcage\/finalpart\" \/>\n<meta property=\"og:site_name\" content=\"Terra Aquatica\" \/>\n<meta property=\"article:modified_time\" content=\"2025-09-25T12:35:19+00:00\" \/>\n<meta property=\"og:image\" content=\"https:\/\/www.terraaquatica.com\/wp-content\/uploads\/2020\/03\/finalpart-1l-ripen-720.jpg\" \/>\n\t<meta property=\"og:image:width\" content=\"720\" \/>\n\t<meta property=\"og:image:height\" content=\"720\" \/>\n\t<meta property=\"og:image:type\" content=\"image\/jpeg\" \/>\n<meta name=\"twitter:card\" content=\"summary_large_image\" \/>\n<meta name=\"twitter:label1\" content=\"Dur\u00e9e de lecture estim\u00e9e\" \/>\n\t<meta name=\"twitter:data1\" content=\"2 minutes\" \/>\n<script type=\"application\/ld+json\" class=\"yoast-schema-graph\">{\"@context\":\"https:\\\/\\\/schema.org\",\"@graph\":[{\"@type\":\"WebPage\",\"@id\":\"https:\\\/\\\/www.terraaquatica.com\\\/fr\\\/engrais-complements-forcage\\\/finalpart\",\"url\":\"https:\\\/\\\/www.terraaquatica.com\\\/fr\\\/engrais-complements-forcage\\\/finalpart\",\"name\":\"FinalPart\u00ae - Terra Aquatica\",\"isPartOf\":{\"@id\":\"https:\\\/\\\/www.terraaquatica.com\\\/#website\"},\"primaryImageOfPage\":{\"@id\":\"https:\\\/\\\/www.terraaquatica.com\\\/fr\\\/engrais-complements-forcage\\\/finalpart#primaryimage\"},\"image\":{\"@id\":\"https:\\\/\\\/www.terraaquatica.com\\\/fr\\\/engrais-complements-forcage\\\/finalpart#primaryimage\"},\"thumbnailUrl\":\"https:\\\/\\\/www.terraaquatica.com\\\/wp-content\\\/uploads\\\/2020\\\/03\\\/finalpart-1l-ripen-720.jpg\",\"datePublished\":\"2018-05-02T13:20:22+00:00\",\"dateModified\":\"2025-09-25T12:35:19+00:00\",\"breadcrumb\":{\"@id\":\"https:\\\/\\\/www.terraaquatica.com\\\/fr\\\/engrais-complements-forcage\\\/finalpart#breadcrumb\"},\"inLanguage\":\"fr-FR\",\"potentialAction\":[{\"@type\":\"ReadAction\",\"target\":[\"https:\\\/\\\/www.terraaquatica.com\\\/fr\\\/engrais-complements-forcage\\\/finalpart\"]}]},{\"@type\":\"ImageObject\",\"inLanguage\":\"fr-FR\",\"@id\":\"https:\\\/\\\/www.terraaquatica.com\\\/fr\\\/engrais-complements-forcage\\\/finalpart#primaryimage\",\"url\":\"https:\\\/\\\/www.terraaquatica.com\\\/wp-content\\\/uploads\\\/2020\\\/03\\\/finalpart-1l-ripen-720.jpg\",\"contentUrl\":\"https:\\\/\\\/www.terraaquatica.com\\\/wp-content\\\/uploads\\\/2020\\\/03\\\/finalpart-1l-ripen-720.jpg\",\"width\":720,\"height\":720,\"caption\":\"FinalPart 1L\"},{\"@type\":\"BreadcrumbList\",\"@id\":\"https:\\\/\\\/www.terraaquatica.com\\\/fr\\\/engrais-complements-forcage\\\/finalpart#breadcrumb\",\"itemListElement\":[{\"@type\":\"ListItem\",\"position\":1,\"name\":\"Accueil\",\"item\":\"https:\\\/\\\/www.terraaquatica.com\\\/fr\\\/\"},{\"@type\":\"ListItem\",\"position\":2,\"name\":\"Products\",\"item\":\"https:\\\/\\\/www.terraaquatica.com\\\/fr\\\/product\\\/\"},{\"@type\":\"ListItem\",\"position\":3,\"name\":\"FinalPart\u00ae\"}]},{\"@type\":\"WebSite\",\"@id\":\"https:\\\/\\\/www.terraaquatica.com\\\/#website\",\"url\":\"https:\\\/\\\/www.terraaquatica.com\\\/\",\"name\":\"Terra Aquatica\",\"description\":\"Engrais et syst\u00e8mes de culture depuis 1995\",\"publisher\":{\"@id\":\"https:\\\/\\\/www.terraaquatica.com\\\/#organization\"},\"potentialAction\":[{\"@type\":\"SearchAction\",\"target\":{\"@type\":\"EntryPoint\",\"urlTemplate\":\"https:\\\/\\\/www.terraaquatica.com\\\/?s={search_term_string}\"},\"query-input\":{\"@type\":\"PropertyValueSpecification\",\"valueRequired\":true,\"valueName\":\"search_term_string\"}}],\"inLanguage\":\"fr-FR\"},{\"@type\":\"Organization\",\"@id\":\"https:\\\/\\\/www.terraaquatica.com\\\/#organization\",\"name\":\"Terra Aquatica\",\"url\":\"https:\\\/\\\/www.terraaquatica.com\\\/\",\"logo\":{\"@type\":\"ImageObject\",\"inLanguage\":\"fr-FR\",\"@id\":\"https:\\\/\\\/www.terraaquatica.com\\\/#\\\/schema\\\/logo\\\/image\\\/\",\"url\":\"https:\\\/\\\/www.terraaquatica.com\\\/wp-content\\\/uploads\\\/2022\\\/03\\\/favicon-transpa-big.png\",\"contentUrl\":\"https:\\\/\\\/www.terraaquatica.com\\\/wp-content\\\/uploads\\\/2022\\\/03\\\/favicon-transpa-big.png\",\"width\":512,\"height\":512,\"caption\":\"Terra Aquatica\"},\"image\":{\"@id\":\"https:\\\/\\\/www.terraaquatica.com\\\/#\\\/schema\\\/logo\\\/image\\\/\"}}]}<\/script>\n<!-- \/ Yoast SEO plugin. -->","yoast_head_json":{"title":"FinalPart\u00ae - Terra Aquatica","robots":{"index":"index","follow":"follow","max-snippet":"max-snippet:-1","max-image-preview":"max-image-preview:large","max-video-preview":"max-video-preview:-1"},"canonical":"https:\/\/www.terraaquatica.com\/fr\/engrais-complements-forcage\/finalpart\/","og_locale":"fr_FR","og_type":"article","og_title":"FinalPart\u00ae - Terra Aquatica","og_description":"Ce sont les atouts de FinalPart\u00ae qui en font le produit-phare de la gamme et notre best-seller Terra Aquatica au [&hellip;]","og_url":"https:\/\/www.terraaquatica.com\/fr\/engrais-complements-forcage\/finalpart","og_site_name":"Terra Aquatica","article_modified_time":"2025-09-25T12:35:19+00:00","og_image":[{"width":720,"height":720,"url":"https:\/\/www.terraaquatica.com\/wp-content\/uploads\/2020\/03\/finalpart-1l-ripen-720.jpg","type":"image\/jpeg"}],"twitter_card":"summary_large_image","twitter_misc":{"Dur\u00e9e de lecture estim\u00e9e":"2 minutes"},"schema":{"@context":"https:\/\/schema.org","@graph":[{"@type":"WebPage","@id":"https:\/\/www.terraaquatica.com\/fr\/engrais-complements-forcage\/finalpart","url":"https:\/\/www.terraaquatica.com\/fr\/engrais-complements-forcage\/finalpart","name":"FinalPart\u00ae - Terra Aquatica","isPartOf":{"@id":"https:\/\/www.terraaquatica.com\/#website"},"primaryImageOfPage":{"@id":"https:\/\/www.terraaquatica.com\/fr\/engrais-complements-forcage\/finalpart#primaryimage"},"image":{"@id":"https:\/\/www.terraaquatica.com\/fr\/engrais-complements-forcage\/finalpart#primaryimage"},"thumbnailUrl":"https:\/\/www.terraaquatica.com\/wp-content\/uploads\/2020\/03\/finalpart-1l-ripen-720.jpg","datePublished":"2018-05-02T13:20:22+00:00","dateModified":"2025-09-25T12:35:19+00:00","breadcrumb":{"@id":"https:\/\/www.terraaquatica.com\/fr\/engrais-complements-forcage\/finalpart#breadcrumb"},"inLanguage":"fr-FR","potentialAction":[{"@type":"ReadAction","target":["https:\/\/www.terraaquatica.com\/fr\/engrais-complements-forcage\/finalpart"]}]},{"@type":"ImageObject","inLanguage":"fr-FR","@id":"https:\/\/www.terraaquatica.com\/fr\/engrais-complements-forcage\/finalpart#primaryimage","url":"https:\/\/www.terraaquatica.com\/wp-content\/uploads\/2020\/03\/finalpart-1l-ripen-720.jpg","contentUrl":"https:\/\/www.terraaquatica.com\/wp-content\/uploads\/2020\/03\/finalpart-1l-ripen-720.jpg","width":720,"height":720,"caption":"FinalPart 1L"},{"@type":"BreadcrumbList","@id":"https:\/\/www.terraaquatica.com\/fr\/engrais-complements-forcage\/finalpart#breadcrumb","itemListElement":[{"@type":"ListItem","position":1,"name":"Accueil","item":"https:\/\/www.terraaquatica.com\/fr\/"},{"@type":"ListItem","position":2,"name":"Products","item":"https:\/\/www.terraaquatica.com\/fr\/product\/"},{"@type":"ListItem","position":3,"name":"FinalPart\u00ae"}]},{"@type":"WebSite","@id":"https:\/\/www.terraaquatica.com\/#website","url":"https:\/\/www.terraaquatica.com\/","name":"Terra Aquatica","description":"Engrais et syst\u00e8mes de culture depuis 1995","publisher":{"@id":"https:\/\/www.terraaquatica.com\/#organization"},"potentialAction":[{"@type":"SearchAction","target":{"@type":"EntryPoint","urlTemplate":"https:\/\/www.terraaquatica.com\/?s={search_term_string}"},"query-input":{"@type":"PropertyValueSpecification","valueRequired":true,"valueName":"search_term_string"}}],"inLanguage":"fr-FR"},{"@type":"Organization","@id":"https:\/\/www.terraaquatica.com\/#organization","name":"Terra Aquatica","url":"https:\/\/www.terraaquatica.com\/","logo":{"@type":"ImageObject","inLanguage":"fr-FR","@id":"https:\/\/www.terraaquatica.com\/#\/schema\/logo\/image\/","url":"https:\/\/www.terraaquatica.com\/wp-content\/uploads\/2022\/03\/favicon-transpa-big.png","contentUrl":"https:\/\/www.terraaquatica.com\/wp-content\/uploads\/2022\/03\/favicon-transpa-big.png","width":512,"height":512,"caption":"Terra Aquatica"},"image":{"@id":"https:\/\/www.terraaquatica.com\/#\/schema\/logo\/image\/"}}]}},"_links":{"self":[{"href":"https:\/\/www.terraaquatica.com\/fr\/wp-json\/wp\/v2\/product\/1831","targetHints":{"allow":["GET"]}}],"collection":[{"href":"https:\/\/www.terraaquatica.com\/fr\/wp-json\/wp\/v2\/product"}],"about":[{"href":"https:\/\/www.terraaquatica.com\/fr\/wp-json\/wp\/v2\/types\/product"}],"author":[{"embeddable":true,"href":"https:\/\/www.terraaquatica.com\/fr\/wp-json\/wp\/v2\/users\/3"}],"wp:featuredmedia":[{"embeddable":true,"href":"https:\/\/www.terraaquatica.com\/fr\/wp-json\/wp\/v2\/media\/1665"}],"wp:attachment":[{"href":"https:\/\/www.terraaquatica.com\/fr\/wp-json\/wp\/v2\/media?parent=1831"}],"wp:term":[{"taxonomy":"m_thode_de_culture","embeddable":true,"href":"https:\/\/www.terraaquatica.com\/fr\/wp-json\/wp\/v2\/m_thode_de_culture?post=1831"},{"taxonomy":"substrat","embeddable":true,"href":"https:\/\/www.terraaquatica.com\/fr\/wp-json\/wp\/v2\/substrat?post=1831"},{"taxonomy":"product_category","embeddable":true,"href":"https:\/\/www.terraaquatica.com\/fr\/wp-json\/wp\/v2\/product_category?post=1831"}],"curies":[{"name":"wp","href":"https:\/\/api.w.org\/{rel}","templated":true}]}}