{"id":1837,"date":"2018-05-02T16:01:54","date_gmt":"2018-05-02T14:01:54","guid":{"rendered":"https:\/\/www.terraaquatica.com\/produits\/florakleen-2\/"},"modified":"2025-09-25T14:32:45","modified_gmt":"2025-09-25T12:32:45","slug":"flashclean","status":"publish","type":"product","link":"https:\/\/www.terraaquatica.com\/fr\/rincage-entretien-culture\/flashclean","title":{"rendered":"FlashClean\u00ae"},"content":{"rendered":"<p><a style=\"pointer-events: none;\" tabindex=\"-1\" href=\"http:\/\/www.terraaquatica.com\/\" target=\"_blank\" rel=\"noopener\"><img decoding=\"async\" class=\" alignleft size-full wp-image-1616\" style=\"opacity: 0.9; float: left; width: 250px; height: 250px;\" src=\"https:\/\/www.terraaquatica.com\/wp-content\/uploads\/2017\/06\/colerette.png\" alt=\"\" \/><\/a><\/p>\n<p><em>FlashClean\u00ae : l&#8217;alli\u00e9 indispensable pour des cultures vigoureuses et un support de culture revitalis\u00e9<\/em><\/p>\n<p>Pour les producteurs cherchant \u00e0 redynamiser les plantes ou \u00e0 maximiser les rendements en hydroponie commerciale, FlashClean\u00ae est un outil de choix. Dans les syst\u00e8mes modernes d&#8217;irrigation o\u00f9 les engrais concentr\u00e9s et les niveaux \u00e9lev\u00e9s d&#8217;EC peuvent bloquer progressivement l&#8217;assimilation des nutriments, FlashClean\u00ae agit efficacement pour lib\u00e9rer les racines de ces obstacles.<\/p>\n<p>Contrairement aux solutions de rin\u00e7age traditionnelles, FlashClean\u00ae se d\u00e9marque par sa formulation unique sans min\u00e9raux ind\u00e9sirables. Cette composition permet une flexibilit\u00e9 d\u2019utilisation tout au long du cycle de culture : FlashClean\u00ae peut \u00eatre appliqu\u00e9 \u00e0 tout moment pour rafra\u00eechir le syst\u00e8me et les plantes, favorisant ainsi un environnement de croissance optimal.<\/p>\n<p>Quel que soit le substrat ou le type de culture, FlashClean\u00ae se dilue simplement dans l\u2019eau au pH ajust\u00e9 pour un usage sans complications.<\/p>\n<p><strong>Points forts :<\/strong><\/p>\n<ul>\n<li>\u00c9limine les blocages d\u2019assimilation des nutriments<\/li>\n<li>Adaptable \u00e0 tous types de syst\u00e8mes et substrats<\/li>\n<li>Facile d\u2019utilisation et tr\u00e8s flexible<\/li>\n<\/ul>\n<div><\/div>\n","protected":false},"author":3,"template":"","meta":{"_acf_changed":true},"m_thode_de_culture":[31,32],"substrat":[299,300,301],"product_category":[215],"class_list":["post-1837","product","type-product","status-publish","has-post-thumbnail","hentry","m_thode_de_culture-mineral-en","m_thode_de_culture-organic-en","substrat-coco","substrat-hydro","substrat-soil","product_category-rincage-entretien-culture"],"acf":[],"yoast_head":"<!-- This site is optimized with the Yoast SEO plugin v27.3 - https:\/\/yoast.com\/product\/yoast-seo-wordpress\/ -->\n<title>FlashClean\u00ae - Terra Aquatica<\/title>\n<meta name=\"robots\" content=\"index, follow, max-snippet:-1, max-image-preview:large, max-video-preview:-1\" \/>\n<link rel=\"canonical\" href=\"https:\/\/www.terraaquatica.com\/fr\/rincage-entretien-culture\/flashclean\/\" \/>\n<meta property=\"og:locale\" content=\"fr_FR\" \/>\n<meta property=\"og:type\" content=\"article\" \/>\n<meta property=\"og:title\" content=\"FlashClean\u00ae - Terra Aquatica\" \/>\n<meta property=\"og:description\" content=\"FlashClean\u00ae : l&#8217;alli\u00e9 indispensable pour des cultures vigoureuses et un support de culture revitalis\u00e9 Pour les producteurs cherchant \u00e0 redynamiser [&hellip;]\" \/>\n<meta property=\"og:url\" content=\"https:\/\/www.terraaquatica.com\/fr\/rincage-entretien-culture\/flashclean\" \/>\n<meta property=\"og:site_name\" content=\"Terra Aquatica\" \/>\n<meta property=\"article:modified_time\" content=\"2025-09-25T12:32:45+00:00\" \/>\n<meta property=\"og:image\" content=\"https:\/\/www.terraaquatica.com\/wp-content\/uploads\/2020\/03\/flashclean-1l-florakleen-720.jpg\" \/>\n\t<meta property=\"og:image:width\" content=\"720\" \/>\n\t<meta property=\"og:image:height\" content=\"720\" \/>\n\t<meta property=\"og:image:type\" content=\"image\/jpeg\" \/>\n<meta name=\"twitter:card\" content=\"summary_large_image\" \/>\n<meta name=\"twitter:label1\" content=\"Dur\u00e9e de lecture estim\u00e9e\" \/>\n\t<meta name=\"twitter:data1\" content=\"2 minutes\" \/>\n<script type=\"application\/ld+json\" class=\"yoast-schema-graph\">{\"@context\":\"https:\\\/\\\/schema.org\",\"@graph\":[{\"@type\":\"WebPage\",\"@id\":\"https:\\\/\\\/www.terraaquatica.com\\\/fr\\\/rincage-entretien-culture\\\/flashclean\",\"url\":\"https:\\\/\\\/www.terraaquatica.com\\\/fr\\\/rincage-entretien-culture\\\/flashclean\",\"name\":\"FlashClean\u00ae - Terra Aquatica\",\"isPartOf\":{\"@id\":\"https:\\\/\\\/www.terraaquatica.com\\\/#website\"},\"primaryImageOfPage\":{\"@id\":\"https:\\\/\\\/www.terraaquatica.com\\\/fr\\\/rincage-entretien-culture\\\/flashclean#primaryimage\"},\"image\":{\"@id\":\"https:\\\/\\\/www.terraaquatica.com\\\/fr\\\/rincage-entretien-culture\\\/flashclean#primaryimage\"},\"thumbnailUrl\":\"https:\\\/\\\/www.terraaquatica.com\\\/wp-content\\\/uploads\\\/2020\\\/03\\\/flashclean-1l-florakleen-720.jpg\",\"datePublished\":\"2018-05-02T14:01:54+00:00\",\"dateModified\":\"2025-09-25T12:32:45+00:00\",\"breadcrumb\":{\"@id\":\"https:\\\/\\\/www.terraaquatica.com\\\/fr\\\/rincage-entretien-culture\\\/flashclean#breadcrumb\"},\"inLanguage\":\"fr-FR\",\"potentialAction\":[{\"@type\":\"ReadAction\",\"target\":[\"https:\\\/\\\/www.terraaquatica.com\\\/fr\\\/rincage-entretien-culture\\\/flashclean\"]}]},{\"@type\":\"ImageObject\",\"inLanguage\":\"fr-FR\",\"@id\":\"https:\\\/\\\/www.terraaquatica.com\\\/fr\\\/rincage-entretien-culture\\\/flashclean#primaryimage\",\"url\":\"https:\\\/\\\/www.terraaquatica.com\\\/wp-content\\\/uploads\\\/2020\\\/03\\\/flashclean-1l-florakleen-720.jpg\",\"contentUrl\":\"https:\\\/\\\/www.terraaquatica.com\\\/wp-content\\\/uploads\\\/2020\\\/03\\\/flashclean-1l-florakleen-720.jpg\",\"width\":720,\"height\":720,\"caption\":\"FlashClean 1L\"},{\"@type\":\"BreadcrumbList\",\"@id\":\"https:\\\/\\\/www.terraaquatica.com\\\/fr\\\/rincage-entretien-culture\\\/flashclean#breadcrumb\",\"itemListElement\":[{\"@type\":\"ListItem\",\"position\":1,\"name\":\"Accueil\",\"item\":\"https:\\\/\\\/www.terraaquatica.com\\\/fr\\\/\"},{\"@type\":\"ListItem\",\"position\":2,\"name\":\"Products\",\"item\":\"https:\\\/\\\/www.terraaquatica.com\\\/fr\\\/product\\\/\"},{\"@type\":\"ListItem\",\"position\":3,\"name\":\"FlashClean\u00ae\"}]},{\"@type\":\"WebSite\",\"@id\":\"https:\\\/\\\/www.terraaquatica.com\\\/#website\",\"url\":\"https:\\\/\\\/www.terraaquatica.com\\\/\",\"name\":\"Terra Aquatica\",\"description\":\"Engrais et syst\u00e8mes de culture depuis 1995\",\"publisher\":{\"@id\":\"https:\\\/\\\/www.terraaquatica.com\\\/#organization\"},\"potentialAction\":[{\"@type\":\"SearchAction\",\"target\":{\"@type\":\"EntryPoint\",\"urlTemplate\":\"https:\\\/\\\/www.terraaquatica.com\\\/?s={search_term_string}\"},\"query-input\":{\"@type\":\"PropertyValueSpecification\",\"valueRequired\":true,\"valueName\":\"search_term_string\"}}],\"inLanguage\":\"fr-FR\"},{\"@type\":\"Organization\",\"@id\":\"https:\\\/\\\/www.terraaquatica.com\\\/#organization\",\"name\":\"Terra Aquatica\",\"url\":\"https:\\\/\\\/www.terraaquatica.com\\\/\",\"logo\":{\"@type\":\"ImageObject\",\"inLanguage\":\"fr-FR\",\"@id\":\"https:\\\/\\\/www.terraaquatica.com\\\/#\\\/schema\\\/logo\\\/image\\\/\",\"url\":\"https:\\\/\\\/www.terraaquatica.com\\\/wp-content\\\/uploads\\\/2022\\\/03\\\/favicon-transpa-big.png\",\"contentUrl\":\"https:\\\/\\\/www.terraaquatica.com\\\/wp-content\\\/uploads\\\/2022\\\/03\\\/favicon-transpa-big.png\",\"width\":512,\"height\":512,\"caption\":\"Terra Aquatica\"},\"image\":{\"@id\":\"https:\\\/\\\/www.terraaquatica.com\\\/#\\\/schema\\\/logo\\\/image\\\/\"}}]}<\/script>\n<!-- \/ Yoast SEO plugin. -->","yoast_head_json":{"title":"FlashClean\u00ae - Terra Aquatica","robots":{"index":"index","follow":"follow","max-snippet":"max-snippet:-1","max-image-preview":"max-image-preview:large","max-video-preview":"max-video-preview:-1"},"canonical":"https:\/\/www.terraaquatica.com\/fr\/rincage-entretien-culture\/flashclean\/","og_locale":"fr_FR","og_type":"article","og_title":"FlashClean\u00ae - Terra Aquatica","og_description":"FlashClean\u00ae : l&#8217;alli\u00e9 indispensable pour des cultures vigoureuses et un support de culture revitalis\u00e9 Pour les producteurs cherchant \u00e0 redynamiser [&hellip;]","og_url":"https:\/\/www.terraaquatica.com\/fr\/rincage-entretien-culture\/flashclean","og_site_name":"Terra Aquatica","article_modified_time":"2025-09-25T12:32:45+00:00","og_image":[{"width":720,"height":720,"url":"https:\/\/www.terraaquatica.com\/wp-content\/uploads\/2020\/03\/flashclean-1l-florakleen-720.jpg","type":"image\/jpeg"}],"twitter_card":"summary_large_image","twitter_misc":{"Dur\u00e9e de lecture estim\u00e9e":"2 minutes"},"schema":{"@context":"https:\/\/schema.org","@graph":[{"@type":"WebPage","@id":"https:\/\/www.terraaquatica.com\/fr\/rincage-entretien-culture\/flashclean","url":"https:\/\/www.terraaquatica.com\/fr\/rincage-entretien-culture\/flashclean","name":"FlashClean\u00ae - Terra Aquatica","isPartOf":{"@id":"https:\/\/www.terraaquatica.com\/#website"},"primaryImageOfPage":{"@id":"https:\/\/www.terraaquatica.com\/fr\/rincage-entretien-culture\/flashclean#primaryimage"},"image":{"@id":"https:\/\/www.terraaquatica.com\/fr\/rincage-entretien-culture\/flashclean#primaryimage"},"thumbnailUrl":"https:\/\/www.terraaquatica.com\/wp-content\/uploads\/2020\/03\/flashclean-1l-florakleen-720.jpg","datePublished":"2018-05-02T14:01:54+00:00","dateModified":"2025-09-25T12:32:45+00:00","breadcrumb":{"@id":"https:\/\/www.terraaquatica.com\/fr\/rincage-entretien-culture\/flashclean#breadcrumb"},"inLanguage":"fr-FR","potentialAction":[{"@type":"ReadAction","target":["https:\/\/www.terraaquatica.com\/fr\/rincage-entretien-culture\/flashclean"]}]},{"@type":"ImageObject","inLanguage":"fr-FR","@id":"https:\/\/www.terraaquatica.com\/fr\/rincage-entretien-culture\/flashclean#primaryimage","url":"https:\/\/www.terraaquatica.com\/wp-content\/uploads\/2020\/03\/flashclean-1l-florakleen-720.jpg","contentUrl":"https:\/\/www.terraaquatica.com\/wp-content\/uploads\/2020\/03\/flashclean-1l-florakleen-720.jpg","width":720,"height":720,"caption":"FlashClean 1L"},{"@type":"BreadcrumbList","@id":"https:\/\/www.terraaquatica.com\/fr\/rincage-entretien-culture\/flashclean#breadcrumb","itemListElement":[{"@type":"ListItem","position":1,"name":"Accueil","item":"https:\/\/www.terraaquatica.com\/fr\/"},{"@type":"ListItem","position":2,"name":"Products","item":"https:\/\/www.terraaquatica.com\/fr\/product\/"},{"@type":"ListItem","position":3,"name":"FlashClean\u00ae"}]},{"@type":"WebSite","@id":"https:\/\/www.terraaquatica.com\/#website","url":"https:\/\/www.terraaquatica.com\/","name":"Terra Aquatica","description":"Engrais et syst\u00e8mes de culture depuis 1995","publisher":{"@id":"https:\/\/www.terraaquatica.com\/#organization"},"potentialAction":[{"@type":"SearchAction","target":{"@type":"EntryPoint","urlTemplate":"https:\/\/www.terraaquatica.com\/?s={search_term_string}"},"query-input":{"@type":"PropertyValueSpecification","valueRequired":true,"valueName":"search_term_string"}}],"inLanguage":"fr-FR"},{"@type":"Organization","@id":"https:\/\/www.terraaquatica.com\/#organization","name":"Terra Aquatica","url":"https:\/\/www.terraaquatica.com\/","logo":{"@type":"ImageObject","inLanguage":"fr-FR","@id":"https:\/\/www.terraaquatica.com\/#\/schema\/logo\/image\/","url":"https:\/\/www.terraaquatica.com\/wp-content\/uploads\/2022\/03\/favicon-transpa-big.png","contentUrl":"https:\/\/www.terraaquatica.com\/wp-content\/uploads\/2022\/03\/favicon-transpa-big.png","width":512,"height":512,"caption":"Terra Aquatica"},"image":{"@id":"https:\/\/www.terraaquatica.com\/#\/schema\/logo\/image\/"}}]}},"_links":{"self":[{"href":"https:\/\/www.terraaquatica.com\/fr\/wp-json\/wp\/v2\/product\/1837","targetHints":{"allow":["GET"]}}],"collection":[{"href":"https:\/\/www.terraaquatica.com\/fr\/wp-json\/wp\/v2\/product"}],"about":[{"href":"https:\/\/www.terraaquatica.com\/fr\/wp-json\/wp\/v2\/types\/product"}],"author":[{"embeddable":true,"href":"https:\/\/www.terraaquatica.com\/fr\/wp-json\/wp\/v2\/users\/3"}],"wp:featuredmedia":[{"embeddable":true,"href":"https:\/\/www.terraaquatica.com\/fr\/wp-json\/wp\/v2\/media\/1729"}],"wp:attachment":[{"href":"https:\/\/www.terraaquatica.com\/fr\/wp-json\/wp\/v2\/media?parent=1837"}],"wp:term":[{"taxonomy":"m_thode_de_culture","embeddable":true,"href":"https:\/\/www.terraaquatica.com\/fr\/wp-json\/wp\/v2\/m_thode_de_culture?post=1837"},{"taxonomy":"substrat","embeddable":true,"href":"https:\/\/www.terraaquatica.com\/fr\/wp-json\/wp\/v2\/substrat?post=1837"},{"taxonomy":"product_category","embeddable":true,"href":"https:\/\/www.terraaquatica.com\/fr\/wp-json\/wp\/v2\/product_category?post=1837"}],"curies":[{"name":"wp","href":"https:\/\/api.w.org\/{rel}","templated":true}]}}