{"id":1841,"date":"2018-05-02T16:30:29","date_gmt":"2018-05-02T14:30:29","guid":{"rendered":"https:\/\/www.terraaquatica.com\/produits\/regul_ph-html-3\/"},"modified":"2023-09-19T16:22:24","modified_gmt":"2023-09-19T14:22:24","slug":"regul_ph-html-3","status":"publish","type":"product","link":"https:\/\/www.terraaquatica.com\/fr\/gestion-ph-substrat\/regul_ph-html-3","title":{"rendered":"R\u00e9gulateurs de pH"},"content":{"rendered":"<p><a href=\"http:\/\/www.terraaquatica.com\/\" target=\"_blank\" rel=\"noopener\"><img decoding=\"async\" class=\" alignleft size-full wp-image-1616\" style=\"opacity: 0.9; float: left; width: 250px; height: 250px;\" src=\"https:\/\/www.terraaquatica.com\/wp-content\/uploads\/2017\/06\/colerette.png\" alt=\"\"><\/a>L&#8217;absorption des diff\u00e9rents \u00e9l\u00e9ments min\u00e9raux varie suivant l&#8217;acidit\u00e9 du milieu de culture. L&#8217;optimal de disponibilit\u00e9 se situe dans une fourchette de pH g\u00e9n\u00e9ralement pr\u00e9conis\u00e9e entre 5,5 et 6,5. Nous conseillons de rester dans la tranche inf\u00e9rieure : entre 5,5 et 6,2.<\/p>\n<h2><strong>pH-<\/strong><\/h2>\n<p><strong>Correcteur de pH de haute qualit\u00e9 pour l\u2019hydroponie, la fibre de coco et la terre<\/strong><\/p>\n<p><em>Plus qu\u2019un simple acide, Terra Aquatica pH- contribue r\u00e9ellement \u00e0 la stabilit\u00e9 de la solution<\/em><\/p>\n<p>Terra Aquatica pH- est un savant m\u00e9lange de trois acides fr\u00e9quemment utilis\u00e9s s\u00e9par\u00e9ment en hydroponie, dont nous vous offrons tous les b\u00e9n\u00e9fices \u2013 sans les inconv\u00e9nients.<\/p>\n<ul>\n<li>Pour alt\u00e9rer le pH de votre eau, Terra Aquatica pH- utilise des acides nitrique et phosphorique dont le m\u00e9lange garantit la stabilit\u00e9 des ratios N\/K pendant toute la p\u00e9riode de croissance et de floraison. Un autre avantage est l\u2019absence \u00e0 la surface du r\u00e9servoir de r\u00e9sidus comme ceux que g\u00e9n\u00e8re l\u2019acide phosphorique seul, particuli\u00e8rement en pr\u00e9sence d\u2019eau dure. \u00c0 son tour, gr\u00e2ce \u00e0 ses propri\u00e9t\u00e9s, l\u2019acide citrique biologique prend le relais pour neutraliser les variations de pH dans la dur\u00e9e. Il assure ainsi la stabilit\u00e9 de votre solution nutritive et contribue \u00e0 r\u00e9guler les exc\u00e8s de calcium, particuli\u00e8rement en pr\u00e9sence d\u2019eau dure.<\/li>\n<\/ul>\n<h2><strong>pH+<\/strong><\/h2>\n<p><strong>R\u00e9gulateur de pH de haute qualit\u00e9 et source de silice pour l\u2019hydroponie, la fibre de coco et la terre<\/strong><\/p>\n<p><em>Pour contr\u00f4ler le pH en optimisant les niveaux de silice<\/em><\/p>\n<p>Alors que la n\u00e9cessit\u00e9 d&#8217;une augmentation du pH semble \u00eatre une aberration pour les cultivateurs en eau dure, un pH trop bas est souvent un probl\u00e8me dans les zones o\u00f9 l\u2019eau est tr\u00e8s douce, ou pour les utilisateurs d\u2019eau osmos\u00e9e. Terra Aquatica pH+ permet cette r\u00e9gulation et constitue une source appr\u00e9ciable de silice \u2013 souvent insuffisante en hydroponie &#8211; , du fait de sa tr\u00e8s faible solubilit\u00e9. Des niveaux de silice \u00e9lev\u00e9s contribuent r\u00e9ellement \u00e0 la bonne sant\u00e9 de la plante. C\u2019est pour cette raison que nous en ajoutons autant que possible \u00e0 nos produits.<\/p>\n<h2><strong>pH- Powder<\/strong><\/h2>\n<p><strong>R\u00e9gulateur de pH de qualit\u00e9 pour l\u2019hydroponie, la fibre de coco et la terre<\/strong><\/p>\n<p><em>Le seul r\u00e9gulateur de pH en poudre du march\u00e9<\/em><\/p>\n<p>Terra Aquatica pH- Powder est un produit unique dans notre industrie : inerte tant qu\u2019il est sec, il se transforme en un puissant acide lorsqu\u2019on le dilue dans l\u2019eau.<\/p>\n<p>La r\u00e9gulation du pH est essentielle pour les cultivateurs puisqu\u2019elle favorise la biodisponibilit\u00e9 des sels min\u00e9raux et la stabilit\u00e9 des ch\u00e9lates. En revanche, lorsqu\u2019ils sont achet\u00e9s en ligne ou par correspondance, l\u2019exp\u00e9dition de ce type de produits peut \u00eatre d\u00e9licate, et elle est m\u00eame parfois interdite. Terra Aquatica pH- Powder r\u00e9sout ce probl\u00e8me et rend l\u2019exp\u00e9dition et l\u2019acheminement beaucoup plus simples.<\/p>\n<p>En plus de son r\u00f4le de r\u00e9gulateur de pH, Terra Aquatica pH- Powder peut \u00eatre utilis\u00e9 (\u00e0 forte concentration) pour le nettoyage et la d\u00e9sinfection des lignes d\u2019\u00e9vacuation et des syst\u00e8mes d\u2019irrigation, et \u00e0 faible concentration en pulv\u00e9risation foliaire pour d\u00e9barrasser les feuillages des r\u00e9sidus de pesticides. Enfin, on l\u2019utilise \u00e9galement pour donner aux plantes un coup de pouce nutritionnel en leur offrant :<\/p>\n<ul>\n<li>des nitrates, sous une forme qui favorise la croissance sans compromettre la floraison<\/li>\n<li>des phosphates, pour une floraison vigoureuse, un syst\u00e8me&nbsp;racinaire en pleine sant\u00e9, un feuillage luxuriant et une croissance harmonieuse.<\/li>\n<\/ul>\n<div><\/div>\n","protected":false},"author":3,"template":"","meta":{"_acf_changed":false},"m_thode_de_culture":[31,32],"substrat":[299,300,301],"product_category":[222],"class_list":["post-1841","product","type-product","status-publish","has-post-thumbnail","hentry","m_thode_de_culture-mineral-en","m_thode_de_culture-organic-en","substrat-coco","substrat-hydro","substrat-soil","product_category-gestion-ph-substrat"],"acf":[],"yoast_head":"<!-- This site is optimized with the Yoast SEO plugin v27.3 - https:\/\/yoast.com\/product\/yoast-seo-wordpress\/ -->\n<title>R\u00e9gulateurs de pH - Terra Aquatica<\/title>\n<meta name=\"robots\" content=\"index, follow, max-snippet:-1, max-image-preview:large, max-video-preview:-1\" \/>\n<link rel=\"canonical\" href=\"https:\/\/www.terraaquatica.com\/fr\/gestion-ph-substrat\/regul_ph-html-3\/\" \/>\n<meta property=\"og:locale\" content=\"fr_FR\" \/>\n<meta property=\"og:type\" content=\"article\" \/>\n<meta property=\"og:title\" content=\"R\u00e9gulateurs de pH - Terra Aquatica\" \/>\n<meta property=\"og:description\" content=\"L&#8217;absorption des diff\u00e9rents \u00e9l\u00e9ments min\u00e9raux varie suivant l&#8217;acidit\u00e9 du milieu de culture. L&#8217;optimal de disponibilit\u00e9 se situe dans une fourchette [&hellip;]\" \/>\n<meta property=\"og:url\" content=\"https:\/\/www.terraaquatica.com\/fr\/gestion-ph-substrat\/regul_ph-html-3\" \/>\n<meta property=\"og:site_name\" content=\"Terra Aquatica\" \/>\n<meta property=\"article:modified_time\" content=\"2023-09-19T14:22:24+00:00\" \/>\n<meta property=\"og:image\" content=\"https:\/\/www.terraaquatica.com\/wp-content\/uploads\/2020\/02\/ph-duo.jpg\" \/>\n\t<meta property=\"og:image:width\" content=\"720\" \/>\n\t<meta property=\"og:image:height\" content=\"720\" \/>\n\t<meta property=\"og:image:type\" content=\"image\/jpeg\" \/>\n<meta name=\"twitter:card\" content=\"summary_large_image\" \/>\n<meta name=\"twitter:label1\" content=\"Dur\u00e9e de lecture estim\u00e9e\" \/>\n\t<meta name=\"twitter:data1\" content=\"3 minutes\" \/>\n<script type=\"application\/ld+json\" class=\"yoast-schema-graph\">{\"@context\":\"https:\\\/\\\/schema.org\",\"@graph\":[{\"@type\":\"WebPage\",\"@id\":\"https:\\\/\\\/www.terraaquatica.com\\\/fr\\\/gestion-ph-substrat\\\/regul_ph-html-3\",\"url\":\"https:\\\/\\\/www.terraaquatica.com\\\/fr\\\/gestion-ph-substrat\\\/regul_ph-html-3\",\"name\":\"R\u00e9gulateurs de pH - Terra Aquatica\",\"isPartOf\":{\"@id\":\"https:\\\/\\\/www.terraaquatica.com\\\/#website\"},\"primaryImageOfPage\":{\"@id\":\"https:\\\/\\\/www.terraaquatica.com\\\/fr\\\/gestion-ph-substrat\\\/regul_ph-html-3#primaryimage\"},\"image\":{\"@id\":\"https:\\\/\\\/www.terraaquatica.com\\\/fr\\\/gestion-ph-substrat\\\/regul_ph-html-3#primaryimage\"},\"thumbnailUrl\":\"https:\\\/\\\/www.terraaquatica.com\\\/wp-content\\\/uploads\\\/2020\\\/02\\\/ph-duo.jpg\",\"datePublished\":\"2018-05-02T14:30:29+00:00\",\"dateModified\":\"2023-09-19T14:22:24+00:00\",\"breadcrumb\":{\"@id\":\"https:\\\/\\\/www.terraaquatica.com\\\/fr\\\/gestion-ph-substrat\\\/regul_ph-html-3#breadcrumb\"},\"inLanguage\":\"fr-FR\",\"potentialAction\":[{\"@type\":\"ReadAction\",\"target\":[\"https:\\\/\\\/www.terraaquatica.com\\\/fr\\\/gestion-ph-substrat\\\/regul_ph-html-3\"]}]},{\"@type\":\"ImageObject\",\"inLanguage\":\"fr-FR\",\"@id\":\"https:\\\/\\\/www.terraaquatica.com\\\/fr\\\/gestion-ph-substrat\\\/regul_ph-html-3#primaryimage\",\"url\":\"https:\\\/\\\/www.terraaquatica.com\\\/wp-content\\\/uploads\\\/2020\\\/02\\\/ph-duo.jpg\",\"contentUrl\":\"https:\\\/\\\/www.terraaquatica.com\\\/wp-content\\\/uploads\\\/2020\\\/02\\\/ph-duo.jpg\",\"width\":720,\"height\":720,\"caption\":\"pH - - pH + 1L\"},{\"@type\":\"BreadcrumbList\",\"@id\":\"https:\\\/\\\/www.terraaquatica.com\\\/fr\\\/gestion-ph-substrat\\\/regul_ph-html-3#breadcrumb\",\"itemListElement\":[{\"@type\":\"ListItem\",\"position\":1,\"name\":\"Accueil\",\"item\":\"https:\\\/\\\/www.terraaquatica.com\\\/fr\\\/\"},{\"@type\":\"ListItem\",\"position\":2,\"name\":\"Products\",\"item\":\"https:\\\/\\\/www.terraaquatica.com\\\/fr\\\/product\\\/\"},{\"@type\":\"ListItem\",\"position\":3,\"name\":\"R\u00e9gulateurs de pH\"}]},{\"@type\":\"WebSite\",\"@id\":\"https:\\\/\\\/www.terraaquatica.com\\\/#website\",\"url\":\"https:\\\/\\\/www.terraaquatica.com\\\/\",\"name\":\"Terra Aquatica\",\"description\":\"Engrais et syst\u00e8mes de culture depuis 1995\",\"publisher\":{\"@id\":\"https:\\\/\\\/www.terraaquatica.com\\\/#organization\"},\"potentialAction\":[{\"@type\":\"SearchAction\",\"target\":{\"@type\":\"EntryPoint\",\"urlTemplate\":\"https:\\\/\\\/www.terraaquatica.com\\\/?s={search_term_string}\"},\"query-input\":{\"@type\":\"PropertyValueSpecification\",\"valueRequired\":true,\"valueName\":\"search_term_string\"}}],\"inLanguage\":\"fr-FR\"},{\"@type\":\"Organization\",\"@id\":\"https:\\\/\\\/www.terraaquatica.com\\\/#organization\",\"name\":\"Terra Aquatica\",\"url\":\"https:\\\/\\\/www.terraaquatica.com\\\/\",\"logo\":{\"@type\":\"ImageObject\",\"inLanguage\":\"fr-FR\",\"@id\":\"https:\\\/\\\/www.terraaquatica.com\\\/#\\\/schema\\\/logo\\\/image\\\/\",\"url\":\"https:\\\/\\\/www.terraaquatica.com\\\/wp-content\\\/uploads\\\/2022\\\/03\\\/favicon-transpa-big.png\",\"contentUrl\":\"https:\\\/\\\/www.terraaquatica.com\\\/wp-content\\\/uploads\\\/2022\\\/03\\\/favicon-transpa-big.png\",\"width\":512,\"height\":512,\"caption\":\"Terra Aquatica\"},\"image\":{\"@id\":\"https:\\\/\\\/www.terraaquatica.com\\\/#\\\/schema\\\/logo\\\/image\\\/\"}}]}<\/script>\n<!-- \/ Yoast SEO plugin. -->","yoast_head_json":{"title":"R\u00e9gulateurs de pH - Terra Aquatica","robots":{"index":"index","follow":"follow","max-snippet":"max-snippet:-1","max-image-preview":"max-image-preview:large","max-video-preview":"max-video-preview:-1"},"canonical":"https:\/\/www.terraaquatica.com\/fr\/gestion-ph-substrat\/regul_ph-html-3\/","og_locale":"fr_FR","og_type":"article","og_title":"R\u00e9gulateurs de pH - Terra Aquatica","og_description":"L&#8217;absorption des diff\u00e9rents \u00e9l\u00e9ments min\u00e9raux varie suivant l&#8217;acidit\u00e9 du milieu de culture. L&#8217;optimal de disponibilit\u00e9 se situe dans une fourchette [&hellip;]","og_url":"https:\/\/www.terraaquatica.com\/fr\/gestion-ph-substrat\/regul_ph-html-3","og_site_name":"Terra Aquatica","article_modified_time":"2023-09-19T14:22:24+00:00","og_image":[{"width":720,"height":720,"url":"https:\/\/www.terraaquatica.com\/wp-content\/uploads\/2020\/02\/ph-duo.jpg","type":"image\/jpeg"}],"twitter_card":"summary_large_image","twitter_misc":{"Dur\u00e9e de lecture estim\u00e9e":"3 minutes"},"schema":{"@context":"https:\/\/schema.org","@graph":[{"@type":"WebPage","@id":"https:\/\/www.terraaquatica.com\/fr\/gestion-ph-substrat\/regul_ph-html-3","url":"https:\/\/www.terraaquatica.com\/fr\/gestion-ph-substrat\/regul_ph-html-3","name":"R\u00e9gulateurs de pH - Terra Aquatica","isPartOf":{"@id":"https:\/\/www.terraaquatica.com\/#website"},"primaryImageOfPage":{"@id":"https:\/\/www.terraaquatica.com\/fr\/gestion-ph-substrat\/regul_ph-html-3#primaryimage"},"image":{"@id":"https:\/\/www.terraaquatica.com\/fr\/gestion-ph-substrat\/regul_ph-html-3#primaryimage"},"thumbnailUrl":"https:\/\/www.terraaquatica.com\/wp-content\/uploads\/2020\/02\/ph-duo.jpg","datePublished":"2018-05-02T14:30:29+00:00","dateModified":"2023-09-19T14:22:24+00:00","breadcrumb":{"@id":"https:\/\/www.terraaquatica.com\/fr\/gestion-ph-substrat\/regul_ph-html-3#breadcrumb"},"inLanguage":"fr-FR","potentialAction":[{"@type":"ReadAction","target":["https:\/\/www.terraaquatica.com\/fr\/gestion-ph-substrat\/regul_ph-html-3"]}]},{"@type":"ImageObject","inLanguage":"fr-FR","@id":"https:\/\/www.terraaquatica.com\/fr\/gestion-ph-substrat\/regul_ph-html-3#primaryimage","url":"https:\/\/www.terraaquatica.com\/wp-content\/uploads\/2020\/02\/ph-duo.jpg","contentUrl":"https:\/\/www.terraaquatica.com\/wp-content\/uploads\/2020\/02\/ph-duo.jpg","width":720,"height":720,"caption":"pH - - pH + 1L"},{"@type":"BreadcrumbList","@id":"https:\/\/www.terraaquatica.com\/fr\/gestion-ph-substrat\/regul_ph-html-3#breadcrumb","itemListElement":[{"@type":"ListItem","position":1,"name":"Accueil","item":"https:\/\/www.terraaquatica.com\/fr\/"},{"@type":"ListItem","position":2,"name":"Products","item":"https:\/\/www.terraaquatica.com\/fr\/product\/"},{"@type":"ListItem","position":3,"name":"R\u00e9gulateurs de pH"}]},{"@type":"WebSite","@id":"https:\/\/www.terraaquatica.com\/#website","url":"https:\/\/www.terraaquatica.com\/","name":"Terra Aquatica","description":"Engrais et syst\u00e8mes de culture depuis 1995","publisher":{"@id":"https:\/\/www.terraaquatica.com\/#organization"},"potentialAction":[{"@type":"SearchAction","target":{"@type":"EntryPoint","urlTemplate":"https:\/\/www.terraaquatica.com\/?s={search_term_string}"},"query-input":{"@type":"PropertyValueSpecification","valueRequired":true,"valueName":"search_term_string"}}],"inLanguage":"fr-FR"},{"@type":"Organization","@id":"https:\/\/www.terraaquatica.com\/#organization","name":"Terra Aquatica","url":"https:\/\/www.terraaquatica.com\/","logo":{"@type":"ImageObject","inLanguage":"fr-FR","@id":"https:\/\/www.terraaquatica.com\/#\/schema\/logo\/image\/","url":"https:\/\/www.terraaquatica.com\/wp-content\/uploads\/2022\/03\/favicon-transpa-big.png","contentUrl":"https:\/\/www.terraaquatica.com\/wp-content\/uploads\/2022\/03\/favicon-transpa-big.png","width":512,"height":512,"caption":"Terra Aquatica"},"image":{"@id":"https:\/\/www.terraaquatica.com\/#\/schema\/logo\/image\/"}}]}},"_links":{"self":[{"href":"https:\/\/www.terraaquatica.com\/fr\/wp-json\/wp\/v2\/product\/1841","targetHints":{"allow":["GET"]}}],"collection":[{"href":"https:\/\/www.terraaquatica.com\/fr\/wp-json\/wp\/v2\/product"}],"about":[{"href":"https:\/\/www.terraaquatica.com\/fr\/wp-json\/wp\/v2\/types\/product"}],"author":[{"embeddable":true,"href":"https:\/\/www.terraaquatica.com\/fr\/wp-json\/wp\/v2\/users\/3"}],"wp:featuredmedia":[{"embeddable":true,"href":"https:\/\/www.terraaquatica.com\/fr\/wp-json\/wp\/v2\/media\/1733"}],"wp:attachment":[{"href":"https:\/\/www.terraaquatica.com\/fr\/wp-json\/wp\/v2\/media?parent=1841"}],"wp:term":[{"taxonomy":"m_thode_de_culture","embeddable":true,"href":"https:\/\/www.terraaquatica.com\/fr\/wp-json\/wp\/v2\/m_thode_de_culture?post=1841"},{"taxonomy":"substrat","embeddable":true,"href":"https:\/\/www.terraaquatica.com\/fr\/wp-json\/wp\/v2\/substrat?post=1841"},{"taxonomy":"product_category","embeddable":true,"href":"https:\/\/www.terraaquatica.com\/fr\/wp-json\/wp\/v2\/product_category?post=1841"}],"curies":[{"name":"wp","href":"https:\/\/api.w.org\/{rel}","templated":true}]}}