{"id":1842,"date":"2018-05-02T16:33:52","date_gmt":"2018-05-02T14:33:52","guid":{"rendered":"https:\/\/www.terraaquatica.com\/produits\/ph_test_kit-html-3\/"},"modified":"2025-09-25T14:30:30","modified_gmt":"2025-09-25T12:30:30","slug":"ph_test_kit-html-3","status":"publish","type":"product","link":"https:\/\/www.terraaquatica.com\/fr\/gestion-ph-substrat\/ph_test_kit-html-3","title":{"rendered":"Liquid pH Test kit"},"content":{"rendered":"<p><em>Pour un test de pH simple, fiable et pr\u00e9cis, sans piles<\/em><\/p>\n<p>Alternative facile et \u00e9conomique \u00e0 un syst\u00e8me digital, notre testeur de pH couvre un large spectre de mesure (de 4,0 \u00e0 8,5) et permet jusqu\u2019\u00e0 500 tests par flacon de 30 ml.<\/p>\n\n\n<p class=\"has-normal-font-size\"><strong>Utilisation en vid\u00e9o<\/strong><\/p>\n\n\n\n<figure class=\"wp-block-embed is-type-video is-provider-youtube wp-block-embed-youtube wp-embed-aspect-16-9 wp-has-aspect-ratio\"><div class=\"wp-block-embed__wrapper\">\n<iframe title=\"Tester facilement le pH de l&#039;eau pour la sant\u00e9 des plantes\" width=\"500\" height=\"281\" src=\"https:\/\/www.youtube.com\/embed\/TRWt1r3n060?feature=oembed\" frameborder=\"0\" allow=\"accelerometer; autoplay; clipboard-write; encrypted-media; gyroscope; picture-in-picture; web-share\" referrerpolicy=\"strict-origin-when-cross-origin\" allowfullscreen><\/iframe>\n<\/div><\/figure>\n","protected":false},"author":3,"template":"","meta":{"_acf_changed":true},"m_thode_de_culture":[31,32],"substrat":[],"product_category":[222],"class_list":["post-1842","product","type-product","status-publish","has-post-thumbnail","hentry","m_thode_de_culture-mineral-en","m_thode_de_culture-organic-en","product_category-gestion-ph-substrat"],"acf":[],"yoast_head":"<!-- This site is optimized with the Yoast SEO plugin v27.3 - https:\/\/yoast.com\/product\/yoast-seo-wordpress\/ -->\n<title>Liquid pH Test kit - Terra Aquatica<\/title>\n<meta name=\"robots\" content=\"index, follow, max-snippet:-1, max-image-preview:large, max-video-preview:-1\" \/>\n<link rel=\"canonical\" href=\"https:\/\/www.terraaquatica.com\/fr\/gestion-ph-substrat\/ph_test_kit-html-3\/\" \/>\n<meta property=\"og:locale\" content=\"fr_FR\" \/>\n<meta property=\"og:type\" content=\"article\" \/>\n<meta property=\"og:title\" content=\"Liquid pH Test kit - Terra Aquatica\" \/>\n<meta property=\"og:description\" content=\"Pour un test de pH simple, fiable et pr\u00e9cis, sans piles Alternative facile et \u00e9conomique \u00e0 un syst\u00e8me digital, notre [&hellip;]\" \/>\n<meta property=\"og:url\" content=\"https:\/\/www.terraaquatica.com\/fr\/gestion-ph-substrat\/ph_test_kit-html-3\" \/>\n<meta property=\"og:site_name\" content=\"Terra Aquatica\" \/>\n<meta property=\"article:modified_time\" content=\"2025-09-25T12:30:30+00:00\" \/>\n<meta property=\"og:image\" content=\"https:\/\/www.terraaquatica.com\/wp-content\/uploads\/2018\/03\/ph-test-kit2018_0.png\" \/>\n\t<meta property=\"og:image:width\" content=\"720\" \/>\n\t<meta property=\"og:image:height\" content=\"720\" \/>\n\t<meta property=\"og:image:type\" content=\"image\/png\" \/>\n<meta name=\"twitter:card\" content=\"summary_large_image\" \/>\n<meta name=\"twitter:label1\" content=\"Dur\u00e9e de lecture estim\u00e9e\" \/>\n\t<meta name=\"twitter:data1\" content=\"1 minute\" \/>\n<script type=\"application\/ld+json\" class=\"yoast-schema-graph\">{\"@context\":\"https:\\\/\\\/schema.org\",\"@graph\":[{\"@type\":\"WebPage\",\"@id\":\"https:\\\/\\\/www.terraaquatica.com\\\/fr\\\/gestion-ph-substrat\\\/ph_test_kit-html-3\",\"url\":\"https:\\\/\\\/www.terraaquatica.com\\\/fr\\\/gestion-ph-substrat\\\/ph_test_kit-html-3\",\"name\":\"Liquid pH Test kit - Terra Aquatica\",\"isPartOf\":{\"@id\":\"https:\\\/\\\/www.terraaquatica.com\\\/#website\"},\"primaryImageOfPage\":{\"@id\":\"https:\\\/\\\/www.terraaquatica.com\\\/fr\\\/gestion-ph-substrat\\\/ph_test_kit-html-3#primaryimage\"},\"image\":{\"@id\":\"https:\\\/\\\/www.terraaquatica.com\\\/fr\\\/gestion-ph-substrat\\\/ph_test_kit-html-3#primaryimage\"},\"thumbnailUrl\":\"https:\\\/\\\/www.terraaquatica.com\\\/wp-content\\\/uploads\\\/2018\\\/03\\\/ph-test-kit2018_0.png\",\"datePublished\":\"2018-05-02T14:33:52+00:00\",\"dateModified\":\"2025-09-25T12:30:30+00:00\",\"breadcrumb\":{\"@id\":\"https:\\\/\\\/www.terraaquatica.com\\\/fr\\\/gestion-ph-substrat\\\/ph_test_kit-html-3#breadcrumb\"},\"inLanguage\":\"fr-FR\",\"potentialAction\":[{\"@type\":\"ReadAction\",\"target\":[\"https:\\\/\\\/www.terraaquatica.com\\\/fr\\\/gestion-ph-substrat\\\/ph_test_kit-html-3\"]}]},{\"@type\":\"ImageObject\",\"inLanguage\":\"fr-FR\",\"@id\":\"https:\\\/\\\/www.terraaquatica.com\\\/fr\\\/gestion-ph-substrat\\\/ph_test_kit-html-3#primaryimage\",\"url\":\"https:\\\/\\\/www.terraaquatica.com\\\/wp-content\\\/uploads\\\/2018\\\/03\\\/ph-test-kit2018_0.png\",\"contentUrl\":\"https:\\\/\\\/www.terraaquatica.com\\\/wp-content\\\/uploads\\\/2018\\\/03\\\/ph-test-kit2018_0.png\",\"width\":720,\"height\":720,\"caption\":\"pH Test Kit\"},{\"@type\":\"BreadcrumbList\",\"@id\":\"https:\\\/\\\/www.terraaquatica.com\\\/fr\\\/gestion-ph-substrat\\\/ph_test_kit-html-3#breadcrumb\",\"itemListElement\":[{\"@type\":\"ListItem\",\"position\":1,\"name\":\"Accueil\",\"item\":\"https:\\\/\\\/www.terraaquatica.com\\\/fr\\\/\"},{\"@type\":\"ListItem\",\"position\":2,\"name\":\"Products\",\"item\":\"https:\\\/\\\/www.terraaquatica.com\\\/fr\\\/product\\\/\"},{\"@type\":\"ListItem\",\"position\":3,\"name\":\"Liquid pH Test kit\"}]},{\"@type\":\"WebSite\",\"@id\":\"https:\\\/\\\/www.terraaquatica.com\\\/#website\",\"url\":\"https:\\\/\\\/www.terraaquatica.com\\\/\",\"name\":\"Terra Aquatica\",\"description\":\"Engrais et syst\u00e8mes de culture depuis 1995\",\"publisher\":{\"@id\":\"https:\\\/\\\/www.terraaquatica.com\\\/#organization\"},\"potentialAction\":[{\"@type\":\"SearchAction\",\"target\":{\"@type\":\"EntryPoint\",\"urlTemplate\":\"https:\\\/\\\/www.terraaquatica.com\\\/?s={search_term_string}\"},\"query-input\":{\"@type\":\"PropertyValueSpecification\",\"valueRequired\":true,\"valueName\":\"search_term_string\"}}],\"inLanguage\":\"fr-FR\"},{\"@type\":\"Organization\",\"@id\":\"https:\\\/\\\/www.terraaquatica.com\\\/#organization\",\"name\":\"Terra Aquatica\",\"url\":\"https:\\\/\\\/www.terraaquatica.com\\\/\",\"logo\":{\"@type\":\"ImageObject\",\"inLanguage\":\"fr-FR\",\"@id\":\"https:\\\/\\\/www.terraaquatica.com\\\/#\\\/schema\\\/logo\\\/image\\\/\",\"url\":\"https:\\\/\\\/www.terraaquatica.com\\\/wp-content\\\/uploads\\\/2022\\\/03\\\/favicon-transpa-big.png\",\"contentUrl\":\"https:\\\/\\\/www.terraaquatica.com\\\/wp-content\\\/uploads\\\/2022\\\/03\\\/favicon-transpa-big.png\",\"width\":512,\"height\":512,\"caption\":\"Terra Aquatica\"},\"image\":{\"@id\":\"https:\\\/\\\/www.terraaquatica.com\\\/#\\\/schema\\\/logo\\\/image\\\/\"}}]}<\/script>\n<!-- \/ Yoast SEO plugin. -->","yoast_head_json":{"title":"Liquid pH Test kit - Terra Aquatica","robots":{"index":"index","follow":"follow","max-snippet":"max-snippet:-1","max-image-preview":"max-image-preview:large","max-video-preview":"max-video-preview:-1"},"canonical":"https:\/\/www.terraaquatica.com\/fr\/gestion-ph-substrat\/ph_test_kit-html-3\/","og_locale":"fr_FR","og_type":"article","og_title":"Liquid pH Test kit - Terra Aquatica","og_description":"Pour un test de pH simple, fiable et pr\u00e9cis, sans piles Alternative facile et \u00e9conomique \u00e0 un syst\u00e8me digital, notre [&hellip;]","og_url":"https:\/\/www.terraaquatica.com\/fr\/gestion-ph-substrat\/ph_test_kit-html-3","og_site_name":"Terra Aquatica","article_modified_time":"2025-09-25T12:30:30+00:00","og_image":[{"width":720,"height":720,"url":"https:\/\/www.terraaquatica.com\/wp-content\/uploads\/2018\/03\/ph-test-kit2018_0.png","type":"image\/png"}],"twitter_card":"summary_large_image","twitter_misc":{"Dur\u00e9e de lecture estim\u00e9e":"1 minute"},"schema":{"@context":"https:\/\/schema.org","@graph":[{"@type":"WebPage","@id":"https:\/\/www.terraaquatica.com\/fr\/gestion-ph-substrat\/ph_test_kit-html-3","url":"https:\/\/www.terraaquatica.com\/fr\/gestion-ph-substrat\/ph_test_kit-html-3","name":"Liquid pH Test kit - Terra Aquatica","isPartOf":{"@id":"https:\/\/www.terraaquatica.com\/#website"},"primaryImageOfPage":{"@id":"https:\/\/www.terraaquatica.com\/fr\/gestion-ph-substrat\/ph_test_kit-html-3#primaryimage"},"image":{"@id":"https:\/\/www.terraaquatica.com\/fr\/gestion-ph-substrat\/ph_test_kit-html-3#primaryimage"},"thumbnailUrl":"https:\/\/www.terraaquatica.com\/wp-content\/uploads\/2018\/03\/ph-test-kit2018_0.png","datePublished":"2018-05-02T14:33:52+00:00","dateModified":"2025-09-25T12:30:30+00:00","breadcrumb":{"@id":"https:\/\/www.terraaquatica.com\/fr\/gestion-ph-substrat\/ph_test_kit-html-3#breadcrumb"},"inLanguage":"fr-FR","potentialAction":[{"@type":"ReadAction","target":["https:\/\/www.terraaquatica.com\/fr\/gestion-ph-substrat\/ph_test_kit-html-3"]}]},{"@type":"ImageObject","inLanguage":"fr-FR","@id":"https:\/\/www.terraaquatica.com\/fr\/gestion-ph-substrat\/ph_test_kit-html-3#primaryimage","url":"https:\/\/www.terraaquatica.com\/wp-content\/uploads\/2018\/03\/ph-test-kit2018_0.png","contentUrl":"https:\/\/www.terraaquatica.com\/wp-content\/uploads\/2018\/03\/ph-test-kit2018_0.png","width":720,"height":720,"caption":"pH Test Kit"},{"@type":"BreadcrumbList","@id":"https:\/\/www.terraaquatica.com\/fr\/gestion-ph-substrat\/ph_test_kit-html-3#breadcrumb","itemListElement":[{"@type":"ListItem","position":1,"name":"Accueil","item":"https:\/\/www.terraaquatica.com\/fr\/"},{"@type":"ListItem","position":2,"name":"Products","item":"https:\/\/www.terraaquatica.com\/fr\/product\/"},{"@type":"ListItem","position":3,"name":"Liquid pH Test kit"}]},{"@type":"WebSite","@id":"https:\/\/www.terraaquatica.com\/#website","url":"https:\/\/www.terraaquatica.com\/","name":"Terra Aquatica","description":"Engrais et syst\u00e8mes de culture depuis 1995","publisher":{"@id":"https:\/\/www.terraaquatica.com\/#organization"},"potentialAction":[{"@type":"SearchAction","target":{"@type":"EntryPoint","urlTemplate":"https:\/\/www.terraaquatica.com\/?s={search_term_string}"},"query-input":{"@type":"PropertyValueSpecification","valueRequired":true,"valueName":"search_term_string"}}],"inLanguage":"fr-FR"},{"@type":"Organization","@id":"https:\/\/www.terraaquatica.com\/#organization","name":"Terra Aquatica","url":"https:\/\/www.terraaquatica.com\/","logo":{"@type":"ImageObject","inLanguage":"fr-FR","@id":"https:\/\/www.terraaquatica.com\/#\/schema\/logo\/image\/","url":"https:\/\/www.terraaquatica.com\/wp-content\/uploads\/2022\/03\/favicon-transpa-big.png","contentUrl":"https:\/\/www.terraaquatica.com\/wp-content\/uploads\/2022\/03\/favicon-transpa-big.png","width":512,"height":512,"caption":"Terra Aquatica"},"image":{"@id":"https:\/\/www.terraaquatica.com\/#\/schema\/logo\/image\/"}}]}},"_links":{"self":[{"href":"https:\/\/www.terraaquatica.com\/fr\/wp-json\/wp\/v2\/product\/1842","targetHints":{"allow":["GET"]}}],"collection":[{"href":"https:\/\/www.terraaquatica.com\/fr\/wp-json\/wp\/v2\/product"}],"about":[{"href":"https:\/\/www.terraaquatica.com\/fr\/wp-json\/wp\/v2\/types\/product"}],"author":[{"embeddable":true,"href":"https:\/\/www.terraaquatica.com\/fr\/wp-json\/wp\/v2\/users\/3"}],"wp:featuredmedia":[{"embeddable":true,"href":"https:\/\/www.terraaquatica.com\/fr\/wp-json\/wp\/v2\/media\/1741"}],"wp:attachment":[{"href":"https:\/\/www.terraaquatica.com\/fr\/wp-json\/wp\/v2\/media?parent=1842"}],"wp:term":[{"taxonomy":"m_thode_de_culture","embeddable":true,"href":"https:\/\/www.terraaquatica.com\/fr\/wp-json\/wp\/v2\/m_thode_de_culture?post=1842"},{"taxonomy":"substrat","embeddable":true,"href":"https:\/\/www.terraaquatica.com\/fr\/wp-json\/wp\/v2\/substrat?post=1842"},{"taxonomy":"product_category","embeddable":true,"href":"https:\/\/www.terraaquatica.com\/fr\/wp-json\/wp\/v2\/product_category?post=1842"}],"curies":[{"name":"wp","href":"https:\/\/api.w.org\/{rel}","templated":true}]}}