{"id":1843,"date":"2018-05-02T16:49:40","date_gmt":"2018-05-02T14:49:40","guid":{"rendered":"https:\/\/www.terraaquatica.com\/produits\/pro-organic-3\/"},"modified":"2025-12-15T11:50:37","modified_gmt":"2025-12-15T10:50:37","slug":"pro-organic-3","status":"publish","type":"product","link":"https:\/\/www.terraaquatica.com\/fr\/engrais-organique-complet\/pro-organic-3","title":{"rendered":"Pro Organic"},"content":{"rendered":"<p><em>Pro Organic : L\u2019engrais biologique liquide de r\u00e9f\u00e9rence pour tous types de cultures<\/em><\/p>\n<p>Pro Organic est le premier engrais liquide du march\u00e9, utilisable en culture biologique et compatible avec tous les substrats. D\u00e9velopp\u00e9 en 2004, il est aujourd\u2019hui largement adopt\u00e9 par les exploitations commerciales \u00e0 travers le monde, notamment par nos partenaires <a href=\"https:\/\/www.terraaquatica.com\/fr\/articles\/12770\/\">Les Sourciers<\/a>. Con\u00e7u dans le respect des normes \u00e9cologiques, Pro Organic est formul\u00e9 avec des oligo-\u00e9l\u00e9ments ch\u00e9lat\u00e9s garantissant des r\u00e9sultats optimaux.<\/p>\n<p>Cet engrais complet, v\u00e9gan, et concentr\u00e9, s\u2019adapte aussi bien aux amateurs qu\u2019aux professionnels en agriculture biologique, avec des solutions stables et faciles \u00e0 utiliser pour toutes les \u00e9tapes de d\u00e9veloppement des plantes, de la croissance \u00e0 la fructification.<\/p>\n<p><strong>Utilisable en agriculture biologique selon les r\u00e8glements (UE) N\u00b02018\/848 et 2021\/1165.<\/strong><\/p>\n<p><strong>Points fort s:<\/strong><\/p>\n<ul>\n<li>Complet<\/li>\n<li>Utilisable en agriculture biologique<\/li>\n<li>100% v\u00e9g\u00e9tal<\/li>\n<li>Soluble<\/li>\n<\/ul>\n\n\n<div data-wp-interactive=\"core\/file\" class=\"wp-block-file\"><object data-wp-bind--hidden=\"!state.hasPdfPreview\" hidden class=\"wp-block-file__embed\" data=\"https:\/\/www.terraaquatica.com\/wp-content\/uploads\/2018\/05\/ProOrganic-FR.pdf\" type=\"application\/pdf\" style=\"width:100%;height:600px\" aria-label=\"Contenu embarqu\u00e9 ProOrganic-FR.\"><\/object><a id=\"wp-block-file--media-eaa49329-f736-4c7c-bd7a-b359e1f00dc3\" href=\"https:\/\/www.terraaquatica.com\/wp-content\/uploads\/2018\/05\/ProOrganic-FR.pdf\">ProOrganic-FR<\/a><a href=\"https:\/\/www.terraaquatica.com\/wp-content\/uploads\/2018\/05\/ProOrganic-FR.pdf\" class=\"wp-block-file__button wp-element-button\" download aria-describedby=\"wp-block-file--media-eaa49329-f736-4c7c-bd7a-b359e1f00dc3\">Download<\/a><\/div>\n","protected":false},"author":3,"template":"","meta":{"_acf_changed":true},"m_thode_de_culture":[32],"substrat":[302,299,300,301],"product_category":[221],"class_list":["post-1843","product","type-product","status-publish","has-post-thumbnail","hentry","m_thode_de_culture-organic-en","substrat-bioponics","substrat-coco","substrat-hydro","substrat-soil","product_category-engrais-organique-complet"],"acf":[],"yoast_head":"<!-- This site is optimized with the Yoast SEO plugin v27.3 - https:\/\/yoast.com\/product\/yoast-seo-wordpress\/ -->\n<title>Pro Organic - Terra Aquatica<\/title>\n<meta name=\"robots\" content=\"index, follow, max-snippet:-1, max-image-preview:large, max-video-preview:-1\" \/>\n<link rel=\"canonical\" href=\"https:\/\/www.terraaquatica.com\/fr\/engrais-organique-complet\/pro-organic-3\/\" \/>\n<meta property=\"og:locale\" content=\"fr_FR\" \/>\n<meta property=\"og:type\" content=\"article\" \/>\n<meta property=\"og:title\" content=\"Pro Organic - Terra Aquatica\" \/>\n<meta property=\"og:description\" content=\"Pro Organic : L\u2019engrais biologique liquide de r\u00e9f\u00e9rence pour tous types de cultures Pro Organic est le premier engrais liquide [&hellip;]\" \/>\n<meta property=\"og:url\" content=\"https:\/\/www.terraaquatica.com\/fr\/engrais-organique-complet\/pro-organic-3\" \/>\n<meta property=\"og:site_name\" content=\"Terra Aquatica\" \/>\n<meta property=\"article:modified_time\" content=\"2025-12-15T10:50:37+00:00\" \/>\n<meta property=\"og:image\" content=\"https:\/\/www.terraaquatica.com\/wp-content\/uploads\/2019\/03\/pro-organic.png\" \/>\n\t<meta property=\"og:image:width\" content=\"720\" \/>\n\t<meta property=\"og:image:height\" content=\"720\" \/>\n\t<meta property=\"og:image:type\" content=\"image\/png\" \/>\n<meta name=\"twitter:card\" content=\"summary_large_image\" \/>\n<meta name=\"twitter:label1\" content=\"Dur\u00e9e de lecture estim\u00e9e\" \/>\n\t<meta name=\"twitter:data1\" content=\"2 minutes\" \/>\n<script type=\"application\/ld+json\" class=\"yoast-schema-graph\">{\"@context\":\"https:\\\/\\\/schema.org\",\"@graph\":[{\"@type\":\"WebPage\",\"@id\":\"https:\\\/\\\/www.terraaquatica.com\\\/fr\\\/engrais-organique-complet\\\/pro-organic-3\",\"url\":\"https:\\\/\\\/www.terraaquatica.com\\\/fr\\\/engrais-organique-complet\\\/pro-organic-3\",\"name\":\"Pro Organic - Terra Aquatica\",\"isPartOf\":{\"@id\":\"https:\\\/\\\/www.terraaquatica.com\\\/#website\"},\"primaryImageOfPage\":{\"@id\":\"https:\\\/\\\/www.terraaquatica.com\\\/fr\\\/engrais-organique-complet\\\/pro-organic-3#primaryimage\"},\"image\":{\"@id\":\"https:\\\/\\\/www.terraaquatica.com\\\/fr\\\/engrais-organique-complet\\\/pro-organic-3#primaryimage\"},\"thumbnailUrl\":\"https:\\\/\\\/www.terraaquatica.com\\\/wp-content\\\/uploads\\\/2019\\\/03\\\/pro-organic.png\",\"datePublished\":\"2018-05-02T14:49:40+00:00\",\"dateModified\":\"2025-12-15T10:50:37+00:00\",\"breadcrumb\":{\"@id\":\"https:\\\/\\\/www.terraaquatica.com\\\/fr\\\/engrais-organique-complet\\\/pro-organic-3#breadcrumb\"},\"inLanguage\":\"fr-FR\",\"potentialAction\":[{\"@type\":\"ReadAction\",\"target\":[\"https:\\\/\\\/www.terraaquatica.com\\\/fr\\\/engrais-organique-complet\\\/pro-organic-3\"]}]},{\"@type\":\"ImageObject\",\"inLanguage\":\"fr-FR\",\"@id\":\"https:\\\/\\\/www.terraaquatica.com\\\/fr\\\/engrais-organique-complet\\\/pro-organic-3#primaryimage\",\"url\":\"https:\\\/\\\/www.terraaquatica.com\\\/wp-content\\\/uploads\\\/2019\\\/03\\\/pro-organic.png\",\"contentUrl\":\"https:\\\/\\\/www.terraaquatica.com\\\/wp-content\\\/uploads\\\/2019\\\/03\\\/pro-organic.png\",\"width\":720,\"height\":720,\"caption\":\"Pro Organic\"},{\"@type\":\"BreadcrumbList\",\"@id\":\"https:\\\/\\\/www.terraaquatica.com\\\/fr\\\/engrais-organique-complet\\\/pro-organic-3#breadcrumb\",\"itemListElement\":[{\"@type\":\"ListItem\",\"position\":1,\"name\":\"Accueil\",\"item\":\"https:\\\/\\\/www.terraaquatica.com\\\/fr\\\/\"},{\"@type\":\"ListItem\",\"position\":2,\"name\":\"Products\",\"item\":\"https:\\\/\\\/www.terraaquatica.com\\\/fr\\\/product\\\/\"},{\"@type\":\"ListItem\",\"position\":3,\"name\":\"Pro Organic\"}]},{\"@type\":\"WebSite\",\"@id\":\"https:\\\/\\\/www.terraaquatica.com\\\/#website\",\"url\":\"https:\\\/\\\/www.terraaquatica.com\\\/\",\"name\":\"Terra Aquatica\",\"description\":\"Engrais et syst\u00e8mes de culture depuis 1995\",\"publisher\":{\"@id\":\"https:\\\/\\\/www.terraaquatica.com\\\/#organization\"},\"potentialAction\":[{\"@type\":\"SearchAction\",\"target\":{\"@type\":\"EntryPoint\",\"urlTemplate\":\"https:\\\/\\\/www.terraaquatica.com\\\/?s={search_term_string}\"},\"query-input\":{\"@type\":\"PropertyValueSpecification\",\"valueRequired\":true,\"valueName\":\"search_term_string\"}}],\"inLanguage\":\"fr-FR\"},{\"@type\":\"Organization\",\"@id\":\"https:\\\/\\\/www.terraaquatica.com\\\/#organization\",\"name\":\"Terra Aquatica\",\"url\":\"https:\\\/\\\/www.terraaquatica.com\\\/\",\"logo\":{\"@type\":\"ImageObject\",\"inLanguage\":\"fr-FR\",\"@id\":\"https:\\\/\\\/www.terraaquatica.com\\\/#\\\/schema\\\/logo\\\/image\\\/\",\"url\":\"https:\\\/\\\/www.terraaquatica.com\\\/wp-content\\\/uploads\\\/2022\\\/03\\\/favicon-transpa-big.png\",\"contentUrl\":\"https:\\\/\\\/www.terraaquatica.com\\\/wp-content\\\/uploads\\\/2022\\\/03\\\/favicon-transpa-big.png\",\"width\":512,\"height\":512,\"caption\":\"Terra Aquatica\"},\"image\":{\"@id\":\"https:\\\/\\\/www.terraaquatica.com\\\/#\\\/schema\\\/logo\\\/image\\\/\"}}]}<\/script>\n<!-- \/ Yoast SEO plugin. -->","yoast_head_json":{"title":"Pro Organic - Terra Aquatica","robots":{"index":"index","follow":"follow","max-snippet":"max-snippet:-1","max-image-preview":"max-image-preview:large","max-video-preview":"max-video-preview:-1"},"canonical":"https:\/\/www.terraaquatica.com\/fr\/engrais-organique-complet\/pro-organic-3\/","og_locale":"fr_FR","og_type":"article","og_title":"Pro Organic - Terra Aquatica","og_description":"Pro Organic : L\u2019engrais biologique liquide de r\u00e9f\u00e9rence pour tous types de cultures Pro Organic est le premier engrais liquide [&hellip;]","og_url":"https:\/\/www.terraaquatica.com\/fr\/engrais-organique-complet\/pro-organic-3","og_site_name":"Terra Aquatica","article_modified_time":"2025-12-15T10:50:37+00:00","og_image":[{"width":720,"height":720,"url":"https:\/\/www.terraaquatica.com\/wp-content\/uploads\/2019\/03\/pro-organic.png","type":"image\/png"}],"twitter_card":"summary_large_image","twitter_misc":{"Dur\u00e9e de lecture estim\u00e9e":"2 minutes"},"schema":{"@context":"https:\/\/schema.org","@graph":[{"@type":"WebPage","@id":"https:\/\/www.terraaquatica.com\/fr\/engrais-organique-complet\/pro-organic-3","url":"https:\/\/www.terraaquatica.com\/fr\/engrais-organique-complet\/pro-organic-3","name":"Pro Organic - Terra Aquatica","isPartOf":{"@id":"https:\/\/www.terraaquatica.com\/#website"},"primaryImageOfPage":{"@id":"https:\/\/www.terraaquatica.com\/fr\/engrais-organique-complet\/pro-organic-3#primaryimage"},"image":{"@id":"https:\/\/www.terraaquatica.com\/fr\/engrais-organique-complet\/pro-organic-3#primaryimage"},"thumbnailUrl":"https:\/\/www.terraaquatica.com\/wp-content\/uploads\/2019\/03\/pro-organic.png","datePublished":"2018-05-02T14:49:40+00:00","dateModified":"2025-12-15T10:50:37+00:00","breadcrumb":{"@id":"https:\/\/www.terraaquatica.com\/fr\/engrais-organique-complet\/pro-organic-3#breadcrumb"},"inLanguage":"fr-FR","potentialAction":[{"@type":"ReadAction","target":["https:\/\/www.terraaquatica.com\/fr\/engrais-organique-complet\/pro-organic-3"]}]},{"@type":"ImageObject","inLanguage":"fr-FR","@id":"https:\/\/www.terraaquatica.com\/fr\/engrais-organique-complet\/pro-organic-3#primaryimage","url":"https:\/\/www.terraaquatica.com\/wp-content\/uploads\/2019\/03\/pro-organic.png","contentUrl":"https:\/\/www.terraaquatica.com\/wp-content\/uploads\/2019\/03\/pro-organic.png","width":720,"height":720,"caption":"Pro Organic"},{"@type":"BreadcrumbList","@id":"https:\/\/www.terraaquatica.com\/fr\/engrais-organique-complet\/pro-organic-3#breadcrumb","itemListElement":[{"@type":"ListItem","position":1,"name":"Accueil","item":"https:\/\/www.terraaquatica.com\/fr\/"},{"@type":"ListItem","position":2,"name":"Products","item":"https:\/\/www.terraaquatica.com\/fr\/product\/"},{"@type":"ListItem","position":3,"name":"Pro Organic"}]},{"@type":"WebSite","@id":"https:\/\/www.terraaquatica.com\/#website","url":"https:\/\/www.terraaquatica.com\/","name":"Terra Aquatica","description":"Engrais et syst\u00e8mes de culture depuis 1995","publisher":{"@id":"https:\/\/www.terraaquatica.com\/#organization"},"potentialAction":[{"@type":"SearchAction","target":{"@type":"EntryPoint","urlTemplate":"https:\/\/www.terraaquatica.com\/?s={search_term_string}"},"query-input":{"@type":"PropertyValueSpecification","valueRequired":true,"valueName":"search_term_string"}}],"inLanguage":"fr-FR"},{"@type":"Organization","@id":"https:\/\/www.terraaquatica.com\/#organization","name":"Terra Aquatica","url":"https:\/\/www.terraaquatica.com\/","logo":{"@type":"ImageObject","inLanguage":"fr-FR","@id":"https:\/\/www.terraaquatica.com\/#\/schema\/logo\/image\/","url":"https:\/\/www.terraaquatica.com\/wp-content\/uploads\/2022\/03\/favicon-transpa-big.png","contentUrl":"https:\/\/www.terraaquatica.com\/wp-content\/uploads\/2022\/03\/favicon-transpa-big.png","width":512,"height":512,"caption":"Terra Aquatica"},"image":{"@id":"https:\/\/www.terraaquatica.com\/#\/schema\/logo\/image\/"}}]}},"_links":{"self":[{"href":"https:\/\/www.terraaquatica.com\/fr\/wp-json\/wp\/v2\/product\/1843","targetHints":{"allow":["GET"]}}],"collection":[{"href":"https:\/\/www.terraaquatica.com\/fr\/wp-json\/wp\/v2\/product"}],"about":[{"href":"https:\/\/www.terraaquatica.com\/fr\/wp-json\/wp\/v2\/types\/product"}],"author":[{"embeddable":true,"href":"https:\/\/www.terraaquatica.com\/fr\/wp-json\/wp\/v2\/users\/3"}],"wp:featuredmedia":[{"embeddable":true,"href":"https:\/\/www.terraaquatica.com\/fr\/wp-json\/wp\/v2\/media\/1674"}],"wp:attachment":[{"href":"https:\/\/www.terraaquatica.com\/fr\/wp-json\/wp\/v2\/media?parent=1843"}],"wp:term":[{"taxonomy":"m_thode_de_culture","embeddable":true,"href":"https:\/\/www.terraaquatica.com\/fr\/wp-json\/wp\/v2\/m_thode_de_culture?post=1843"},{"taxonomy":"substrat","embeddable":true,"href":"https:\/\/www.terraaquatica.com\/fr\/wp-json\/wp\/v2\/substrat?post=1843"},{"taxonomy":"product_category","embeddable":true,"href":"https:\/\/www.terraaquatica.com\/fr\/wp-json\/wp\/v2\/product_category?post=1843"}],"curies":[{"name":"wp","href":"https:\/\/api.w.org\/{rel}","templated":true}]}}