{"id":1846,"date":"2018-05-02T17:17:03","date_gmt":"2018-05-02T15:17:03","guid":{"rendered":"https:\/\/www.terraaquatica.com\/produits\/seaweed-3\/"},"modified":"2025-12-15T11:10:37","modified_gmt":"2025-12-15T10:10:37","slug":"seaweed-3","status":"publish","type":"product","link":"https:\/\/www.terraaquatica.com\/fr\/biostimulant-organique-universel\/seaweed-3","title":{"rendered":"Seaweed"},"content":{"rendered":"<p><em>Puissant \u00e9liciteur et biostimulant de pr\u00e9floraison, de source pure s\u00e9lectionn\u00e9e<\/em><\/p>\n<p>Seaweed est un biostimulant liquide enti\u00e8rement naturel qui dynamise les plantes et les milieux de culture en favorisant une croissance racinaire et foliaire optimis\u00e9e, pour une floraison plus dense et des fleurs et fruits de plus grande taille. Adapt\u00e9 aux cultures en terre, en fibre de coco et en hydroponie, il agit en parfaite synergie avec tous les programmes nutritionnels pour renforcer la vitalit\u00e9 des plantes et les maintenir en pleine sant\u00e9.<\/p>\n<p>Extrait de l\u2019<strong>Ascophyllum nodosum<\/strong>, une algue marine reconnue pour ses propri\u00e9t\u00e9s anti-stress et ses nombreux \u00e9l\u00e9ments b\u00e9n\u00e9fiques, Seaweed offre une richesse unique en nutriments, dont un azote organique de haute qualit\u00e9. Cette algue est press\u00e9e \u00e0 froid dans des conditions exceptionnelles, utilisant les eaux les plus pures afin de pr\u00e9server au maximum ses actifs.<\/p>\n<p>En application foliaire, Seaweed stimule la formation des bourgeons et, appliqu\u00e9 pendant les phases de croissance et de pr\u00e9floraison, il favorise des entren\u0153uds plus courts, optimisant ainsi la densit\u00e9 florale. Polyvalent et puissant, Seaweed est id\u00e9al pour encourager une floraison abondante et r\u00e9ussie.<\/p>\n<p><em>\u00a0<\/em><\/p>\n<p><strong>Points forts :<\/strong><\/p>\n<ul>\n<li>Stimule la pr\u00e9floraison<\/li>\n<li>Utilisable en agriculture biologique (r\u00e8glements UE 2018\/848 et 2021\/1165).<\/li>\n<li>Anti-stress naturel<\/li>\n<\/ul>\n<p><strong>Info sp\u00e9ciale<\/strong> : Pour notre Seaweed, nous avons choisi une nouvelle source de mati\u00e8re premi\u00e8re plus concentr\u00e9e. Son aspect diff\u00e8re de la version pr\u00e9c\u00e9dente. S\u00e9lectionn\u00e9e et test\u00e9e avec soin, elle offre une efficacit\u00e9 (bien plus) sup\u00e9rieure !<\/p>\n","protected":false},"author":3,"template":"","meta":{"_acf_changed":true},"m_thode_de_culture":[31,32],"substrat":[302,299,300,301,303],"product_category":[224],"class_list":["post-1846","product","type-product","status-publish","has-post-thumbnail","hentry","m_thode_de_culture-mineral-en","m_thode_de_culture-organic-en","substrat-bioponics","substrat-coco","substrat-hydro","substrat-soil","substrat-spray","product_category-biostimulant-organique-universel"],"acf":[],"yoast_head":"<!-- This site is optimized with the Yoast SEO plugin v27.3 - https:\/\/yoast.com\/product\/yoast-seo-wordpress\/ -->\n<title>Seaweed - Terra Aquatica<\/title>\n<meta name=\"robots\" content=\"index, follow, max-snippet:-1, max-image-preview:large, max-video-preview:-1\" \/>\n<link rel=\"canonical\" href=\"https:\/\/www.terraaquatica.com\/fr\/biostimulant-organique-universel\/seaweed-3\/\" \/>\n<meta property=\"og:locale\" content=\"fr_FR\" \/>\n<meta property=\"og:type\" content=\"article\" \/>\n<meta property=\"og:title\" content=\"Seaweed - Terra Aquatica\" \/>\n<meta property=\"og:description\" content=\"Puissant \u00e9liciteur et biostimulant de pr\u00e9floraison, de source pure s\u00e9lectionn\u00e9e Seaweed est un biostimulant liquide enti\u00e8rement naturel qui dynamise les [&hellip;]\" \/>\n<meta property=\"og:url\" content=\"https:\/\/www.terraaquatica.com\/fr\/biostimulant-organique-universel\/seaweed-3\" \/>\n<meta property=\"og:site_name\" content=\"Terra Aquatica\" \/>\n<meta property=\"article:modified_time\" content=\"2025-12-15T10:10:37+00:00\" \/>\n<meta property=\"og:image\" content=\"https:\/\/www.terraaquatica.com\/wp-content\/uploads\/2019\/03\/seaweed-1l.jpg\" \/>\n\t<meta property=\"og:image:width\" content=\"720\" \/>\n\t<meta property=\"og:image:height\" content=\"720\" \/>\n\t<meta property=\"og:image:type\" content=\"image\/jpeg\" \/>\n<meta name=\"twitter:card\" content=\"summary_large_image\" \/>\n<meta name=\"twitter:label1\" content=\"Dur\u00e9e de lecture estim\u00e9e\" \/>\n\t<meta name=\"twitter:data1\" content=\"1 minute\" \/>\n<script type=\"application\/ld+json\" class=\"yoast-schema-graph\">{\"@context\":\"https:\\\/\\\/schema.org\",\"@graph\":[{\"@type\":\"WebPage\",\"@id\":\"https:\\\/\\\/www.terraaquatica.com\\\/fr\\\/biostimulant-organique-universel\\\/seaweed-3\",\"url\":\"https:\\\/\\\/www.terraaquatica.com\\\/fr\\\/biostimulant-organique-universel\\\/seaweed-3\",\"name\":\"Seaweed - Terra Aquatica\",\"isPartOf\":{\"@id\":\"https:\\\/\\\/www.terraaquatica.com\\\/#website\"},\"primaryImageOfPage\":{\"@id\":\"https:\\\/\\\/www.terraaquatica.com\\\/fr\\\/biostimulant-organique-universel\\\/seaweed-3#primaryimage\"},\"image\":{\"@id\":\"https:\\\/\\\/www.terraaquatica.com\\\/fr\\\/biostimulant-organique-universel\\\/seaweed-3#primaryimage\"},\"thumbnailUrl\":\"https:\\\/\\\/www.terraaquatica.com\\\/wp-content\\\/uploads\\\/2019\\\/03\\\/seaweed-1l.jpg\",\"datePublished\":\"2018-05-02T15:17:03+00:00\",\"dateModified\":\"2025-12-15T10:10:37+00:00\",\"breadcrumb\":{\"@id\":\"https:\\\/\\\/www.terraaquatica.com\\\/fr\\\/biostimulant-organique-universel\\\/seaweed-3#breadcrumb\"},\"inLanguage\":\"fr-FR\",\"potentialAction\":[{\"@type\":\"ReadAction\",\"target\":[\"https:\\\/\\\/www.terraaquatica.com\\\/fr\\\/biostimulant-organique-universel\\\/seaweed-3\"]}]},{\"@type\":\"ImageObject\",\"inLanguage\":\"fr-FR\",\"@id\":\"https:\\\/\\\/www.terraaquatica.com\\\/fr\\\/biostimulant-organique-universel\\\/seaweed-3#primaryimage\",\"url\":\"https:\\\/\\\/www.terraaquatica.com\\\/wp-content\\\/uploads\\\/2019\\\/03\\\/seaweed-1l.jpg\",\"contentUrl\":\"https:\\\/\\\/www.terraaquatica.com\\\/wp-content\\\/uploads\\\/2019\\\/03\\\/seaweed-1l.jpg\",\"width\":720,\"height\":720,\"caption\":\"Seaweed\"},{\"@type\":\"BreadcrumbList\",\"@id\":\"https:\\\/\\\/www.terraaquatica.com\\\/fr\\\/biostimulant-organique-universel\\\/seaweed-3#breadcrumb\",\"itemListElement\":[{\"@type\":\"ListItem\",\"position\":1,\"name\":\"Accueil\",\"item\":\"https:\\\/\\\/www.terraaquatica.com\\\/fr\\\/\"},{\"@type\":\"ListItem\",\"position\":2,\"name\":\"Products\",\"item\":\"https:\\\/\\\/www.terraaquatica.com\\\/fr\\\/product\\\/\"},{\"@type\":\"ListItem\",\"position\":3,\"name\":\"Seaweed\"}]},{\"@type\":\"WebSite\",\"@id\":\"https:\\\/\\\/www.terraaquatica.com\\\/#website\",\"url\":\"https:\\\/\\\/www.terraaquatica.com\\\/\",\"name\":\"Terra Aquatica\",\"description\":\"Engrais et syst\u00e8mes de culture depuis 1995\",\"publisher\":{\"@id\":\"https:\\\/\\\/www.terraaquatica.com\\\/#organization\"},\"potentialAction\":[{\"@type\":\"SearchAction\",\"target\":{\"@type\":\"EntryPoint\",\"urlTemplate\":\"https:\\\/\\\/www.terraaquatica.com\\\/?s={search_term_string}\"},\"query-input\":{\"@type\":\"PropertyValueSpecification\",\"valueRequired\":true,\"valueName\":\"search_term_string\"}}],\"inLanguage\":\"fr-FR\"},{\"@type\":\"Organization\",\"@id\":\"https:\\\/\\\/www.terraaquatica.com\\\/#organization\",\"name\":\"Terra Aquatica\",\"url\":\"https:\\\/\\\/www.terraaquatica.com\\\/\",\"logo\":{\"@type\":\"ImageObject\",\"inLanguage\":\"fr-FR\",\"@id\":\"https:\\\/\\\/www.terraaquatica.com\\\/#\\\/schema\\\/logo\\\/image\\\/\",\"url\":\"https:\\\/\\\/www.terraaquatica.com\\\/wp-content\\\/uploads\\\/2022\\\/03\\\/favicon-transpa-big.png\",\"contentUrl\":\"https:\\\/\\\/www.terraaquatica.com\\\/wp-content\\\/uploads\\\/2022\\\/03\\\/favicon-transpa-big.png\",\"width\":512,\"height\":512,\"caption\":\"Terra Aquatica\"},\"image\":{\"@id\":\"https:\\\/\\\/www.terraaquatica.com\\\/#\\\/schema\\\/logo\\\/image\\\/\"}}]}<\/script>\n<!-- \/ Yoast SEO plugin. -->","yoast_head_json":{"title":"Seaweed - Terra Aquatica","robots":{"index":"index","follow":"follow","max-snippet":"max-snippet:-1","max-image-preview":"max-image-preview:large","max-video-preview":"max-video-preview:-1"},"canonical":"https:\/\/www.terraaquatica.com\/fr\/biostimulant-organique-universel\/seaweed-3\/","og_locale":"fr_FR","og_type":"article","og_title":"Seaweed - Terra Aquatica","og_description":"Puissant \u00e9liciteur et biostimulant de pr\u00e9floraison, de source pure s\u00e9lectionn\u00e9e Seaweed est un biostimulant liquide enti\u00e8rement naturel qui dynamise les [&hellip;]","og_url":"https:\/\/www.terraaquatica.com\/fr\/biostimulant-organique-universel\/seaweed-3","og_site_name":"Terra Aquatica","article_modified_time":"2025-12-15T10:10:37+00:00","og_image":[{"width":720,"height":720,"url":"https:\/\/www.terraaquatica.com\/wp-content\/uploads\/2019\/03\/seaweed-1l.jpg","type":"image\/jpeg"}],"twitter_card":"summary_large_image","twitter_misc":{"Dur\u00e9e de lecture estim\u00e9e":"1 minute"},"schema":{"@context":"https:\/\/schema.org","@graph":[{"@type":"WebPage","@id":"https:\/\/www.terraaquatica.com\/fr\/biostimulant-organique-universel\/seaweed-3","url":"https:\/\/www.terraaquatica.com\/fr\/biostimulant-organique-universel\/seaweed-3","name":"Seaweed - Terra Aquatica","isPartOf":{"@id":"https:\/\/www.terraaquatica.com\/#website"},"primaryImageOfPage":{"@id":"https:\/\/www.terraaquatica.com\/fr\/biostimulant-organique-universel\/seaweed-3#primaryimage"},"image":{"@id":"https:\/\/www.terraaquatica.com\/fr\/biostimulant-organique-universel\/seaweed-3#primaryimage"},"thumbnailUrl":"https:\/\/www.terraaquatica.com\/wp-content\/uploads\/2019\/03\/seaweed-1l.jpg","datePublished":"2018-05-02T15:17:03+00:00","dateModified":"2025-12-15T10:10:37+00:00","breadcrumb":{"@id":"https:\/\/www.terraaquatica.com\/fr\/biostimulant-organique-universel\/seaweed-3#breadcrumb"},"inLanguage":"fr-FR","potentialAction":[{"@type":"ReadAction","target":["https:\/\/www.terraaquatica.com\/fr\/biostimulant-organique-universel\/seaweed-3"]}]},{"@type":"ImageObject","inLanguage":"fr-FR","@id":"https:\/\/www.terraaquatica.com\/fr\/biostimulant-organique-universel\/seaweed-3#primaryimage","url":"https:\/\/www.terraaquatica.com\/wp-content\/uploads\/2019\/03\/seaweed-1l.jpg","contentUrl":"https:\/\/www.terraaquatica.com\/wp-content\/uploads\/2019\/03\/seaweed-1l.jpg","width":720,"height":720,"caption":"Seaweed"},{"@type":"BreadcrumbList","@id":"https:\/\/www.terraaquatica.com\/fr\/biostimulant-organique-universel\/seaweed-3#breadcrumb","itemListElement":[{"@type":"ListItem","position":1,"name":"Accueil","item":"https:\/\/www.terraaquatica.com\/fr\/"},{"@type":"ListItem","position":2,"name":"Products","item":"https:\/\/www.terraaquatica.com\/fr\/product\/"},{"@type":"ListItem","position":3,"name":"Seaweed"}]},{"@type":"WebSite","@id":"https:\/\/www.terraaquatica.com\/#website","url":"https:\/\/www.terraaquatica.com\/","name":"Terra Aquatica","description":"Engrais et syst\u00e8mes de culture depuis 1995","publisher":{"@id":"https:\/\/www.terraaquatica.com\/#organization"},"potentialAction":[{"@type":"SearchAction","target":{"@type":"EntryPoint","urlTemplate":"https:\/\/www.terraaquatica.com\/?s={search_term_string}"},"query-input":{"@type":"PropertyValueSpecification","valueRequired":true,"valueName":"search_term_string"}}],"inLanguage":"fr-FR"},{"@type":"Organization","@id":"https:\/\/www.terraaquatica.com\/#organization","name":"Terra Aquatica","url":"https:\/\/www.terraaquatica.com\/","logo":{"@type":"ImageObject","inLanguage":"fr-FR","@id":"https:\/\/www.terraaquatica.com\/#\/schema\/logo\/image\/","url":"https:\/\/www.terraaquatica.com\/wp-content\/uploads\/2022\/03\/favicon-transpa-big.png","contentUrl":"https:\/\/www.terraaquatica.com\/wp-content\/uploads\/2022\/03\/favicon-transpa-big.png","width":512,"height":512,"caption":"Terra Aquatica"},"image":{"@id":"https:\/\/www.terraaquatica.com\/#\/schema\/logo\/image\/"}}]}},"_links":{"self":[{"href":"https:\/\/www.terraaquatica.com\/fr\/wp-json\/wp\/v2\/product\/1846","targetHints":{"allow":["GET"]}}],"collection":[{"href":"https:\/\/www.terraaquatica.com\/fr\/wp-json\/wp\/v2\/product"}],"about":[{"href":"https:\/\/www.terraaquatica.com\/fr\/wp-json\/wp\/v2\/types\/product"}],"author":[{"embeddable":true,"href":"https:\/\/www.terraaquatica.com\/fr\/wp-json\/wp\/v2\/users\/3"}],"wp:featuredmedia":[{"embeddable":true,"href":"https:\/\/www.terraaquatica.com\/fr\/wp-json\/wp\/v2\/media\/1691"}],"wp:attachment":[{"href":"https:\/\/www.terraaquatica.com\/fr\/wp-json\/wp\/v2\/media?parent=1846"}],"wp:term":[{"taxonomy":"m_thode_de_culture","embeddable":true,"href":"https:\/\/www.terraaquatica.com\/fr\/wp-json\/wp\/v2\/m_thode_de_culture?post=1846"},{"taxonomy":"substrat","embeddable":true,"href":"https:\/\/www.terraaquatica.com\/fr\/wp-json\/wp\/v2\/substrat?post=1846"},{"taxonomy":"product_category","embeddable":true,"href":"https:\/\/www.terraaquatica.com\/fr\/wp-json\/wp\/v2\/product_category?post=1846"}],"curies":[{"name":"wp","href":"https:\/\/api.w.org\/{rel}","templated":true}]}}