{"id":1850,"date":"2018-05-03T08:29:25","date_gmt":"2018-05-03T06:29:25","guid":{"rendered":"https:\/\/www.terraaquatica.com\/produits\/aerofarm-html-3\/"},"modified":"2025-09-25T14:25:24","modified_gmt":"2025-09-25T12:25:24","slug":"cultimate-aero","status":"publish","type":"product","link":"https:\/\/www.terraaquatica.com\/fr\/systemes-hydroponiques-culture\/cultimate-aero","title":{"rendered":"CultiMate\u00ae Aero"},"content":{"rendered":"<p><em>D\u2019une conception bas\u00e9e sur celle de <strong>CultiMate\u00ae <\/strong>\u2013 <\/em><u>notre produit-phare \u00e0 d\u00e9couvrir <a href=\"https:\/\/www.terraaquatica.com\/fr\/systemes-hydroponiques-culture\/cultimate-s-l-solar\/\">ici<\/a><\/u><em> \u2013 , <strong>CultiMate\u00ae Aero<\/strong> permet, simplement et avec tr\u00e8s peu de substrat, la culture hydroponique \u00e0 petite ou moyenne \u00e9chelle<\/em>.<\/p>\n<p>Dot\u00e9 du m\u00eame r\u00e9servoir de 45 litres aussi facile d\u2019acc\u00e8s que celui de CultiMate\u00ae L, CultiMate\u00ae Aero pr\u00e9sente un nombre d\u2019avantages similaires. Gr\u00e2ce \u00e0 ses brumisateurs et aux pots panier o\u00f9 se logent les plantes, CultiMate\u00ae Aero ne n\u00e9cessite comme seul substrat que quelques billes d\u2019argile.<br \/>\nCultiMate\u00ae Aero peut contenir de 1 \u00e0 5 plantes, et il est disponible en pots de 5 cm (2 pouces) et 7,5 cm (3 pouces) de diam\u00e8tre.<\/p>\n<p>Nos CultiMate\u00ae Aero :<\/p>\n<ul>\n<li>sont fabriqu\u00e9s en France, dans un plastique recycl\u00e9 rotomoul\u00e9 extr\u00eamement solide et durable,<\/li>\n<li>contiennent une barri\u00e8re anti-lumi\u00e8re et anti-UV pour la protection des racines,<\/li>\n<li>sont adaptables et durables,<\/li>\n<li>garantis \u00e0 vie.<\/li>\n<\/ul>\n<p>Si vous poss\u00e9dez d\u00e9j\u00e0 un CultiMate\u00ae L et souhaitez essayer \u00e0 la culture sans substrat, il existe un kit de conversion.<\/p>\n<p><span style=\"font-size: 10px;\">*La garantie \u00e0 vie s&#8217;applique \u00e0 un usage normal, et uniquement aux syst\u00e8mes en plastique rotomoul\u00e9 fabriqu\u00e9s en France par Terra Aquatica. Elle exclut les accessoires, les moteurs, etc.<\/span><\/p>\n","protected":false},"author":3,"template":"","meta":{"_acf_changed":true},"m_thode_de_culture":[31,32],"substrat":[],"product_category":[216],"class_list":["post-1850","product","type-product","status-publish","has-post-thumbnail","hentry","m_thode_de_culture-mineral-en","m_thode_de_culture-organic-en","product_category-systemes-hydroponiques-culture"],"acf":[],"yoast_head":"<!-- This site is optimized with the Yoast SEO plugin v27.3 - https:\/\/yoast.com\/product\/yoast-seo-wordpress\/ -->\n<title>CultiMate\u00ae Aero - Terra Aquatica<\/title>\n<meta name=\"robots\" content=\"index, follow, max-snippet:-1, max-image-preview:large, max-video-preview:-1\" \/>\n<link rel=\"canonical\" href=\"https:\/\/www.terraaquatica.com\/fr\/systemes-hydroponiques-culture\/cultimate-aero\/\" \/>\n<meta property=\"og:locale\" content=\"fr_FR\" \/>\n<meta property=\"og:type\" content=\"article\" \/>\n<meta property=\"og:title\" content=\"CultiMate\u00ae Aero - Terra Aquatica\" \/>\n<meta property=\"og:description\" content=\"D\u2019une conception bas\u00e9e sur celle de CultiMate\u00ae \u2013 notre produit-phare \u00e0 d\u00e9couvrir ici \u2013 , CultiMate\u00ae Aero permet, simplement et [&hellip;]\" \/>\n<meta property=\"og:url\" content=\"https:\/\/www.terraaquatica.com\/fr\/systemes-hydroponiques-culture\/cultimate-aero\" \/>\n<meta property=\"og:site_name\" content=\"Terra Aquatica\" \/>\n<meta property=\"article:modified_time\" content=\"2025-09-25T12:25:24+00:00\" \/>\n<meta property=\"og:image\" content=\"https:\/\/www.terraaquatica.com\/wp-content\/uploads\/2017\/11\/aerofarm_2016-7.png\" \/>\n\t<meta property=\"og:image:width\" content=\"720\" \/>\n\t<meta property=\"og:image:height\" content=\"720\" \/>\n\t<meta property=\"og:image:type\" content=\"image\/png\" \/>\n<meta name=\"twitter:card\" content=\"summary_large_image\" \/>\n<meta name=\"twitter:label1\" content=\"Dur\u00e9e de lecture estim\u00e9e\" \/>\n\t<meta name=\"twitter:data1\" content=\"1 minute\" \/>\n<script type=\"application\/ld+json\" class=\"yoast-schema-graph\">{\"@context\":\"https:\\\/\\\/schema.org\",\"@graph\":[{\"@type\":\"WebPage\",\"@id\":\"https:\\\/\\\/www.terraaquatica.com\\\/fr\\\/systemes-hydroponiques-culture\\\/cultimate-aero\",\"url\":\"https:\\\/\\\/www.terraaquatica.com\\\/fr\\\/systemes-hydroponiques-culture\\\/cultimate-aero\",\"name\":\"CultiMate\u00ae Aero - Terra Aquatica\",\"isPartOf\":{\"@id\":\"https:\\\/\\\/www.terraaquatica.com\\\/#website\"},\"primaryImageOfPage\":{\"@id\":\"https:\\\/\\\/www.terraaquatica.com\\\/fr\\\/systemes-hydroponiques-culture\\\/cultimate-aero#primaryimage\"},\"image\":{\"@id\":\"https:\\\/\\\/www.terraaquatica.com\\\/fr\\\/systemes-hydroponiques-culture\\\/cultimate-aero#primaryimage\"},\"thumbnailUrl\":\"https:\\\/\\\/www.terraaquatica.com\\\/wp-content\\\/uploads\\\/2017\\\/11\\\/aerofarm_2016-7.png\",\"datePublished\":\"2018-05-03T06:29:25+00:00\",\"dateModified\":\"2025-09-25T12:25:24+00:00\",\"breadcrumb\":{\"@id\":\"https:\\\/\\\/www.terraaquatica.com\\\/fr\\\/systemes-hydroponiques-culture\\\/cultimate-aero#breadcrumb\"},\"inLanguage\":\"fr-FR\",\"potentialAction\":[{\"@type\":\"ReadAction\",\"target\":[\"https:\\\/\\\/www.terraaquatica.com\\\/fr\\\/systemes-hydroponiques-culture\\\/cultimate-aero\"]}]},{\"@type\":\"ImageObject\",\"inLanguage\":\"fr-FR\",\"@id\":\"https:\\\/\\\/www.terraaquatica.com\\\/fr\\\/systemes-hydroponiques-culture\\\/cultimate-aero#primaryimage\",\"url\":\"https:\\\/\\\/www.terraaquatica.com\\\/wp-content\\\/uploads\\\/2017\\\/11\\\/aerofarm_2016-7.png\",\"contentUrl\":\"https:\\\/\\\/www.terraaquatica.com\\\/wp-content\\\/uploads\\\/2017\\\/11\\\/aerofarm_2016-7.png\",\"width\":720,\"height\":720,\"caption\":\"Aerofarm\"},{\"@type\":\"BreadcrumbList\",\"@id\":\"https:\\\/\\\/www.terraaquatica.com\\\/fr\\\/systemes-hydroponiques-culture\\\/cultimate-aero#breadcrumb\",\"itemListElement\":[{\"@type\":\"ListItem\",\"position\":1,\"name\":\"Accueil\",\"item\":\"https:\\\/\\\/www.terraaquatica.com\\\/fr\\\/\"},{\"@type\":\"ListItem\",\"position\":2,\"name\":\"Products\",\"item\":\"https:\\\/\\\/www.terraaquatica.com\\\/fr\\\/product\\\/\"},{\"@type\":\"ListItem\",\"position\":3,\"name\":\"CultiMate\u00ae Aero\"}]},{\"@type\":\"WebSite\",\"@id\":\"https:\\\/\\\/www.terraaquatica.com\\\/#website\",\"url\":\"https:\\\/\\\/www.terraaquatica.com\\\/\",\"name\":\"Terra Aquatica\",\"description\":\"Engrais et syst\u00e8mes de culture depuis 1995\",\"publisher\":{\"@id\":\"https:\\\/\\\/www.terraaquatica.com\\\/#organization\"},\"potentialAction\":[{\"@type\":\"SearchAction\",\"target\":{\"@type\":\"EntryPoint\",\"urlTemplate\":\"https:\\\/\\\/www.terraaquatica.com\\\/?s={search_term_string}\"},\"query-input\":{\"@type\":\"PropertyValueSpecification\",\"valueRequired\":true,\"valueName\":\"search_term_string\"}}],\"inLanguage\":\"fr-FR\"},{\"@type\":\"Organization\",\"@id\":\"https:\\\/\\\/www.terraaquatica.com\\\/#organization\",\"name\":\"Terra Aquatica\",\"url\":\"https:\\\/\\\/www.terraaquatica.com\\\/\",\"logo\":{\"@type\":\"ImageObject\",\"inLanguage\":\"fr-FR\",\"@id\":\"https:\\\/\\\/www.terraaquatica.com\\\/#\\\/schema\\\/logo\\\/image\\\/\",\"url\":\"https:\\\/\\\/www.terraaquatica.com\\\/wp-content\\\/uploads\\\/2022\\\/03\\\/favicon-transpa-big.png\",\"contentUrl\":\"https:\\\/\\\/www.terraaquatica.com\\\/wp-content\\\/uploads\\\/2022\\\/03\\\/favicon-transpa-big.png\",\"width\":512,\"height\":512,\"caption\":\"Terra Aquatica\"},\"image\":{\"@id\":\"https:\\\/\\\/www.terraaquatica.com\\\/#\\\/schema\\\/logo\\\/image\\\/\"}}]}<\/script>\n<!-- \/ Yoast SEO plugin. -->","yoast_head_json":{"title":"CultiMate\u00ae Aero - Terra Aquatica","robots":{"index":"index","follow":"follow","max-snippet":"max-snippet:-1","max-image-preview":"max-image-preview:large","max-video-preview":"max-video-preview:-1"},"canonical":"https:\/\/www.terraaquatica.com\/fr\/systemes-hydroponiques-culture\/cultimate-aero\/","og_locale":"fr_FR","og_type":"article","og_title":"CultiMate\u00ae Aero - Terra Aquatica","og_description":"D\u2019une conception bas\u00e9e sur celle de CultiMate\u00ae \u2013 notre produit-phare \u00e0 d\u00e9couvrir ici \u2013 , CultiMate\u00ae Aero permet, simplement et [&hellip;]","og_url":"https:\/\/www.terraaquatica.com\/fr\/systemes-hydroponiques-culture\/cultimate-aero","og_site_name":"Terra Aquatica","article_modified_time":"2025-09-25T12:25:24+00:00","og_image":[{"width":720,"height":720,"url":"https:\/\/www.terraaquatica.com\/wp-content\/uploads\/2017\/11\/aerofarm_2016-7.png","type":"image\/png"}],"twitter_card":"summary_large_image","twitter_misc":{"Dur\u00e9e de lecture estim\u00e9e":"1 minute"},"schema":{"@context":"https:\/\/schema.org","@graph":[{"@type":"WebPage","@id":"https:\/\/www.terraaquatica.com\/fr\/systemes-hydroponiques-culture\/cultimate-aero","url":"https:\/\/www.terraaquatica.com\/fr\/systemes-hydroponiques-culture\/cultimate-aero","name":"CultiMate\u00ae Aero - Terra Aquatica","isPartOf":{"@id":"https:\/\/www.terraaquatica.com\/#website"},"primaryImageOfPage":{"@id":"https:\/\/www.terraaquatica.com\/fr\/systemes-hydroponiques-culture\/cultimate-aero#primaryimage"},"image":{"@id":"https:\/\/www.terraaquatica.com\/fr\/systemes-hydroponiques-culture\/cultimate-aero#primaryimage"},"thumbnailUrl":"https:\/\/www.terraaquatica.com\/wp-content\/uploads\/2017\/11\/aerofarm_2016-7.png","datePublished":"2018-05-03T06:29:25+00:00","dateModified":"2025-09-25T12:25:24+00:00","breadcrumb":{"@id":"https:\/\/www.terraaquatica.com\/fr\/systemes-hydroponiques-culture\/cultimate-aero#breadcrumb"},"inLanguage":"fr-FR","potentialAction":[{"@type":"ReadAction","target":["https:\/\/www.terraaquatica.com\/fr\/systemes-hydroponiques-culture\/cultimate-aero"]}]},{"@type":"ImageObject","inLanguage":"fr-FR","@id":"https:\/\/www.terraaquatica.com\/fr\/systemes-hydroponiques-culture\/cultimate-aero#primaryimage","url":"https:\/\/www.terraaquatica.com\/wp-content\/uploads\/2017\/11\/aerofarm_2016-7.png","contentUrl":"https:\/\/www.terraaquatica.com\/wp-content\/uploads\/2017\/11\/aerofarm_2016-7.png","width":720,"height":720,"caption":"Aerofarm"},{"@type":"BreadcrumbList","@id":"https:\/\/www.terraaquatica.com\/fr\/systemes-hydroponiques-culture\/cultimate-aero#breadcrumb","itemListElement":[{"@type":"ListItem","position":1,"name":"Accueil","item":"https:\/\/www.terraaquatica.com\/fr\/"},{"@type":"ListItem","position":2,"name":"Products","item":"https:\/\/www.terraaquatica.com\/fr\/product\/"},{"@type":"ListItem","position":3,"name":"CultiMate\u00ae Aero"}]},{"@type":"WebSite","@id":"https:\/\/www.terraaquatica.com\/#website","url":"https:\/\/www.terraaquatica.com\/","name":"Terra Aquatica","description":"Engrais et syst\u00e8mes de culture depuis 1995","publisher":{"@id":"https:\/\/www.terraaquatica.com\/#organization"},"potentialAction":[{"@type":"SearchAction","target":{"@type":"EntryPoint","urlTemplate":"https:\/\/www.terraaquatica.com\/?s={search_term_string}"},"query-input":{"@type":"PropertyValueSpecification","valueRequired":true,"valueName":"search_term_string"}}],"inLanguage":"fr-FR"},{"@type":"Organization","@id":"https:\/\/www.terraaquatica.com\/#organization","name":"Terra Aquatica","url":"https:\/\/www.terraaquatica.com\/","logo":{"@type":"ImageObject","inLanguage":"fr-FR","@id":"https:\/\/www.terraaquatica.com\/#\/schema\/logo\/image\/","url":"https:\/\/www.terraaquatica.com\/wp-content\/uploads\/2022\/03\/favicon-transpa-big.png","contentUrl":"https:\/\/www.terraaquatica.com\/wp-content\/uploads\/2022\/03\/favicon-transpa-big.png","width":512,"height":512,"caption":"Terra Aquatica"},"image":{"@id":"https:\/\/www.terraaquatica.com\/#\/schema\/logo\/image\/"}}]}},"_links":{"self":[{"href":"https:\/\/www.terraaquatica.com\/fr\/wp-json\/wp\/v2\/product\/1850","targetHints":{"allow":["GET"]}}],"collection":[{"href":"https:\/\/www.terraaquatica.com\/fr\/wp-json\/wp\/v2\/product"}],"about":[{"href":"https:\/\/www.terraaquatica.com\/fr\/wp-json\/wp\/v2\/types\/product"}],"author":[{"embeddable":true,"href":"https:\/\/www.terraaquatica.com\/fr\/wp-json\/wp\/v2\/users\/3"}],"wp:featuredmedia":[{"embeddable":true,"href":"https:\/\/www.terraaquatica.com\/fr\/wp-json\/wp\/v2\/media\/1611"}],"wp:attachment":[{"href":"https:\/\/www.terraaquatica.com\/fr\/wp-json\/wp\/v2\/media?parent=1850"}],"wp:term":[{"taxonomy":"m_thode_de_culture","embeddable":true,"href":"https:\/\/www.terraaquatica.com\/fr\/wp-json\/wp\/v2\/m_thode_de_culture?post=1850"},{"taxonomy":"substrat","embeddable":true,"href":"https:\/\/www.terraaquatica.com\/fr\/wp-json\/wp\/v2\/substrat?post=1850"},{"taxonomy":"product_category","embeddable":true,"href":"https:\/\/www.terraaquatica.com\/fr\/wp-json\/wp\/v2\/product_category?post=1850"}],"curies":[{"name":"wp","href":"https:\/\/api.w.org\/{rel}","templated":true}]}}