{"id":1851,"date":"2018-05-03T08:34:06","date_gmt":"2018-05-03T06:34:06","guid":{"rendered":"https:\/\/www.terraaquatica.com\/produits\/waterpack-acs-html-3\/"},"modified":"2025-09-25T14:24:56","modified_gmt":"2025-09-25T12:24:56","slug":"waterpack-acs-html-3","status":"publish","type":"product","link":"https:\/\/www.terraaquatica.com\/fr\/systemes-hydroponiques-culture\/waterpack-acs-html-3","title":{"rendered":"CultiMate\u00ae 4-pack"},"content":{"rendered":"<p><em>Syst\u00e8me hydroponique \u00e0 recirculation modulable, c\u2019est un syst\u00e8me efficace et simple \u00e0 utiliser.<\/em><\/p>\n<p>Le syst\u00e8me CultiMate\u00ae 4-pack permet de cr\u00e9er une v\u00e9ritable installation hydroponique dans un espace restreint, en modulant sa taille \u00e0 vos besoins. L\u2019ensemble du syst\u00e8me est aliment\u00e9 par un petit compresseur. Cette configuration modulable \u00e0 l\u2019infini gr\u00e2ce \u00e0 nos connecteurs en T permet \u00e0 la solution nutritive de circuler dans la totalit\u00e9 de l\u2019installation des 4 pots.<\/p>\n<p>Fabriqu\u00e9 dans le m\u00eame plastique de haute qualit\u00e9 que celui utilis\u00e9 pour notre produit phare CultiMate\u00ae et \u00e9quip\u00e9 du m\u00eame r\u00e9servoir de 45 litres facile d\u2019acc\u00e8s, CultiMate\u00ae 4-pack est dot\u00e9 d\u2019un r\u00e9servoir \u00e0 couvercle qui permet le remplissage et le vidage en un rien de temps, et facilite l\u2019acc\u00e8s \u00e0 la solution nutritive.<\/p>\n<p>Le CultiMate\u00ae S, L et Solar L :<\/p>\n<ul>\n<li>sont fabriqu\u00e9s en France, dans un plastique recycl\u00e9 rotomoul\u00e9 extr\u00eamement solide et durable<\/li>\n<li>contiennent une barri\u00e8re anti-lumi\u00e8re et anti-UV pour la protection des racines<\/li>\n<li>sont adaptables et modulables<\/li>\n<li>sont garantis \u00e0 vie*<\/li>\n<\/ul>\n<p><span style=\"font-size: 10px; color: initial;\">*La garantie \u00e0 vie s&#8217;applique \u00e0 un usage normal, et uniquement aux syst\u00e8mes en plastique rotomoul\u00e9 fabriqu\u00e9s en France par Terra Aquatica. Elle exclut les accessoires, les moteurs, etc.<\/span><\/p>\n\n\n<p class=\"has-normal-font-size\"><strong>Tutorial de montage<\/strong><\/p>\n\n\n\n<figure class=\"wp-block-embed is-type-video is-provider-youtube wp-block-embed-youtube wp-embed-aspect-16-9 wp-has-aspect-ratio\"><div class=\"wp-block-embed__wrapper\">\n<iframe title=\"Montage du syst\u00e8me hydroponique CultiMate 4 packs\" width=\"500\" height=\"281\" src=\"https:\/\/www.youtube.com\/embed\/n1kAcfLW9YQ?feature=oembed\" frameborder=\"0\" allow=\"accelerometer; autoplay; clipboard-write; encrypted-media; gyroscope; picture-in-picture; web-share\" referrerpolicy=\"strict-origin-when-cross-origin\" allowfullscreen><\/iframe>\n<\/div><\/figure>\n","protected":false},"author":3,"template":"","meta":{"_acf_changed":true},"m_thode_de_culture":[31,32],"substrat":[],"product_category":[216],"class_list":["post-1851","product","type-product","status-publish","has-post-thumbnail","hentry","m_thode_de_culture-mineral-en","m_thode_de_culture-organic-en","product_category-systemes-hydroponiques-culture"],"acf":[],"yoast_head":"<!-- This site is optimized with the Yoast SEO plugin v27.3 - https:\/\/yoast.com\/product\/yoast-seo-wordpress\/ -->\n<title>CultiMate\u00ae 4-pack - Terra Aquatica<\/title>\n<meta name=\"robots\" content=\"index, follow, max-snippet:-1, max-image-preview:large, max-video-preview:-1\" \/>\n<link rel=\"canonical\" href=\"https:\/\/www.terraaquatica.com\/fr\/systemes-hydroponiques-culture\/waterpack-acs-html-3\/\" \/>\n<meta property=\"og:locale\" content=\"fr_FR\" \/>\n<meta property=\"og:type\" content=\"article\" \/>\n<meta property=\"og:title\" content=\"CultiMate\u00ae 4-pack - Terra Aquatica\" \/>\n<meta property=\"og:description\" content=\"Syst\u00e8me hydroponique \u00e0 recirculation modulable, c\u2019est un syst\u00e8me efficace et simple \u00e0 utiliser. Le syst\u00e8me CultiMate\u00ae 4-pack permet de cr\u00e9er [&hellip;]\" \/>\n<meta property=\"og:url\" content=\"https:\/\/www.terraaquatica.com\/fr\/systemes-hydroponiques-culture\/waterpack-acs-html-3\" \/>\n<meta property=\"og:site_name\" content=\"Terra Aquatica\" \/>\n<meta property=\"article:modified_time\" content=\"2025-09-25T12:24:56+00:00\" \/>\n<meta property=\"og:image\" content=\"https:\/\/www.terraaquatica.com\/wp-content\/uploads\/2017\/11\/waterpack-v3_0.png\" \/>\n\t<meta property=\"og:image:width\" content=\"720\" \/>\n\t<meta property=\"og:image:height\" content=\"720\" \/>\n\t<meta property=\"og:image:type\" content=\"image\/png\" \/>\n<meta name=\"twitter:card\" content=\"summary_large_image\" \/>\n<meta name=\"twitter:label1\" content=\"Dur\u00e9e de lecture estim\u00e9e\" \/>\n\t<meta name=\"twitter:data1\" content=\"1 minute\" \/>\n<script type=\"application\/ld+json\" class=\"yoast-schema-graph\">{\"@context\":\"https:\\\/\\\/schema.org\",\"@graph\":[{\"@type\":\"WebPage\",\"@id\":\"https:\\\/\\\/www.terraaquatica.com\\\/fr\\\/systemes-hydroponiques-culture\\\/waterpack-acs-html-3\",\"url\":\"https:\\\/\\\/www.terraaquatica.com\\\/fr\\\/systemes-hydroponiques-culture\\\/waterpack-acs-html-3\",\"name\":\"CultiMate\u00ae 4-pack - Terra Aquatica\",\"isPartOf\":{\"@id\":\"https:\\\/\\\/www.terraaquatica.com\\\/#website\"},\"primaryImageOfPage\":{\"@id\":\"https:\\\/\\\/www.terraaquatica.com\\\/fr\\\/systemes-hydroponiques-culture\\\/waterpack-acs-html-3#primaryimage\"},\"image\":{\"@id\":\"https:\\\/\\\/www.terraaquatica.com\\\/fr\\\/systemes-hydroponiques-culture\\\/waterpack-acs-html-3#primaryimage\"},\"thumbnailUrl\":\"https:\\\/\\\/www.terraaquatica.com\\\/wp-content\\\/uploads\\\/2017\\\/11\\\/waterpack-v3_0.png\",\"datePublished\":\"2018-05-03T06:34:06+00:00\",\"dateModified\":\"2025-09-25T12:24:56+00:00\",\"breadcrumb\":{\"@id\":\"https:\\\/\\\/www.terraaquatica.com\\\/fr\\\/systemes-hydroponiques-culture\\\/waterpack-acs-html-3#breadcrumb\"},\"inLanguage\":\"fr-FR\",\"potentialAction\":[{\"@type\":\"ReadAction\",\"target\":[\"https:\\\/\\\/www.terraaquatica.com\\\/fr\\\/systemes-hydroponiques-culture\\\/waterpack-acs-html-3\"]}]},{\"@type\":\"ImageObject\",\"inLanguage\":\"fr-FR\",\"@id\":\"https:\\\/\\\/www.terraaquatica.com\\\/fr\\\/systemes-hydroponiques-culture\\\/waterpack-acs-html-3#primaryimage\",\"url\":\"https:\\\/\\\/www.terraaquatica.com\\\/wp-content\\\/uploads\\\/2017\\\/11\\\/waterpack-v3_0.png\",\"contentUrl\":\"https:\\\/\\\/www.terraaquatica.com\\\/wp-content\\\/uploads\\\/2017\\\/11\\\/waterpack-v3_0.png\",\"width\":720,\"height\":720,\"caption\":\"waterpack\"},{\"@type\":\"BreadcrumbList\",\"@id\":\"https:\\\/\\\/www.terraaquatica.com\\\/fr\\\/systemes-hydroponiques-culture\\\/waterpack-acs-html-3#breadcrumb\",\"itemListElement\":[{\"@type\":\"ListItem\",\"position\":1,\"name\":\"Accueil\",\"item\":\"https:\\\/\\\/www.terraaquatica.com\\\/fr\\\/\"},{\"@type\":\"ListItem\",\"position\":2,\"name\":\"Products\",\"item\":\"https:\\\/\\\/www.terraaquatica.com\\\/fr\\\/product\\\/\"},{\"@type\":\"ListItem\",\"position\":3,\"name\":\"CultiMate\u00ae 4-pack\"}]},{\"@type\":\"WebSite\",\"@id\":\"https:\\\/\\\/www.terraaquatica.com\\\/#website\",\"url\":\"https:\\\/\\\/www.terraaquatica.com\\\/\",\"name\":\"Terra Aquatica\",\"description\":\"Engrais et syst\u00e8mes de culture depuis 1995\",\"publisher\":{\"@id\":\"https:\\\/\\\/www.terraaquatica.com\\\/#organization\"},\"potentialAction\":[{\"@type\":\"SearchAction\",\"target\":{\"@type\":\"EntryPoint\",\"urlTemplate\":\"https:\\\/\\\/www.terraaquatica.com\\\/?s={search_term_string}\"},\"query-input\":{\"@type\":\"PropertyValueSpecification\",\"valueRequired\":true,\"valueName\":\"search_term_string\"}}],\"inLanguage\":\"fr-FR\"},{\"@type\":\"Organization\",\"@id\":\"https:\\\/\\\/www.terraaquatica.com\\\/#organization\",\"name\":\"Terra Aquatica\",\"url\":\"https:\\\/\\\/www.terraaquatica.com\\\/\",\"logo\":{\"@type\":\"ImageObject\",\"inLanguage\":\"fr-FR\",\"@id\":\"https:\\\/\\\/www.terraaquatica.com\\\/#\\\/schema\\\/logo\\\/image\\\/\",\"url\":\"https:\\\/\\\/www.terraaquatica.com\\\/wp-content\\\/uploads\\\/2022\\\/03\\\/favicon-transpa-big.png\",\"contentUrl\":\"https:\\\/\\\/www.terraaquatica.com\\\/wp-content\\\/uploads\\\/2022\\\/03\\\/favicon-transpa-big.png\",\"width\":512,\"height\":512,\"caption\":\"Terra Aquatica\"},\"image\":{\"@id\":\"https:\\\/\\\/www.terraaquatica.com\\\/#\\\/schema\\\/logo\\\/image\\\/\"}}]}<\/script>\n<!-- \/ Yoast SEO plugin. -->","yoast_head_json":{"title":"CultiMate\u00ae 4-pack - Terra Aquatica","robots":{"index":"index","follow":"follow","max-snippet":"max-snippet:-1","max-image-preview":"max-image-preview:large","max-video-preview":"max-video-preview:-1"},"canonical":"https:\/\/www.terraaquatica.com\/fr\/systemes-hydroponiques-culture\/waterpack-acs-html-3\/","og_locale":"fr_FR","og_type":"article","og_title":"CultiMate\u00ae 4-pack - Terra Aquatica","og_description":"Syst\u00e8me hydroponique \u00e0 recirculation modulable, c\u2019est un syst\u00e8me efficace et simple \u00e0 utiliser. Le syst\u00e8me CultiMate\u00ae 4-pack permet de cr\u00e9er [&hellip;]","og_url":"https:\/\/www.terraaquatica.com\/fr\/systemes-hydroponiques-culture\/waterpack-acs-html-3","og_site_name":"Terra Aquatica","article_modified_time":"2025-09-25T12:24:56+00:00","og_image":[{"width":720,"height":720,"url":"https:\/\/www.terraaquatica.com\/wp-content\/uploads\/2017\/11\/waterpack-v3_0.png","type":"image\/png"}],"twitter_card":"summary_large_image","twitter_misc":{"Dur\u00e9e de lecture estim\u00e9e":"1 minute"},"schema":{"@context":"https:\/\/schema.org","@graph":[{"@type":"WebPage","@id":"https:\/\/www.terraaquatica.com\/fr\/systemes-hydroponiques-culture\/waterpack-acs-html-3","url":"https:\/\/www.terraaquatica.com\/fr\/systemes-hydroponiques-culture\/waterpack-acs-html-3","name":"CultiMate\u00ae 4-pack - Terra Aquatica","isPartOf":{"@id":"https:\/\/www.terraaquatica.com\/#website"},"primaryImageOfPage":{"@id":"https:\/\/www.terraaquatica.com\/fr\/systemes-hydroponiques-culture\/waterpack-acs-html-3#primaryimage"},"image":{"@id":"https:\/\/www.terraaquatica.com\/fr\/systemes-hydroponiques-culture\/waterpack-acs-html-3#primaryimage"},"thumbnailUrl":"https:\/\/www.terraaquatica.com\/wp-content\/uploads\/2017\/11\/waterpack-v3_0.png","datePublished":"2018-05-03T06:34:06+00:00","dateModified":"2025-09-25T12:24:56+00:00","breadcrumb":{"@id":"https:\/\/www.terraaquatica.com\/fr\/systemes-hydroponiques-culture\/waterpack-acs-html-3#breadcrumb"},"inLanguage":"fr-FR","potentialAction":[{"@type":"ReadAction","target":["https:\/\/www.terraaquatica.com\/fr\/systemes-hydroponiques-culture\/waterpack-acs-html-3"]}]},{"@type":"ImageObject","inLanguage":"fr-FR","@id":"https:\/\/www.terraaquatica.com\/fr\/systemes-hydroponiques-culture\/waterpack-acs-html-3#primaryimage","url":"https:\/\/www.terraaquatica.com\/wp-content\/uploads\/2017\/11\/waterpack-v3_0.png","contentUrl":"https:\/\/www.terraaquatica.com\/wp-content\/uploads\/2017\/11\/waterpack-v3_0.png","width":720,"height":720,"caption":"waterpack"},{"@type":"BreadcrumbList","@id":"https:\/\/www.terraaquatica.com\/fr\/systemes-hydroponiques-culture\/waterpack-acs-html-3#breadcrumb","itemListElement":[{"@type":"ListItem","position":1,"name":"Accueil","item":"https:\/\/www.terraaquatica.com\/fr\/"},{"@type":"ListItem","position":2,"name":"Products","item":"https:\/\/www.terraaquatica.com\/fr\/product\/"},{"@type":"ListItem","position":3,"name":"CultiMate\u00ae 4-pack"}]},{"@type":"WebSite","@id":"https:\/\/www.terraaquatica.com\/#website","url":"https:\/\/www.terraaquatica.com\/","name":"Terra Aquatica","description":"Engrais et syst\u00e8mes de culture depuis 1995","publisher":{"@id":"https:\/\/www.terraaquatica.com\/#organization"},"potentialAction":[{"@type":"SearchAction","target":{"@type":"EntryPoint","urlTemplate":"https:\/\/www.terraaquatica.com\/?s={search_term_string}"},"query-input":{"@type":"PropertyValueSpecification","valueRequired":true,"valueName":"search_term_string"}}],"inLanguage":"fr-FR"},{"@type":"Organization","@id":"https:\/\/www.terraaquatica.com\/#organization","name":"Terra Aquatica","url":"https:\/\/www.terraaquatica.com\/","logo":{"@type":"ImageObject","inLanguage":"fr-FR","@id":"https:\/\/www.terraaquatica.com\/#\/schema\/logo\/image\/","url":"https:\/\/www.terraaquatica.com\/wp-content\/uploads\/2022\/03\/favicon-transpa-big.png","contentUrl":"https:\/\/www.terraaquatica.com\/wp-content\/uploads\/2022\/03\/favicon-transpa-big.png","width":512,"height":512,"caption":"Terra Aquatica"},"image":{"@id":"https:\/\/www.terraaquatica.com\/#\/schema\/logo\/image\/"}}]}},"_links":{"self":[{"href":"https:\/\/www.terraaquatica.com\/fr\/wp-json\/wp\/v2\/product\/1851","targetHints":{"allow":["GET"]}}],"collection":[{"href":"https:\/\/www.terraaquatica.com\/fr\/wp-json\/wp\/v2\/product"}],"about":[{"href":"https:\/\/www.terraaquatica.com\/fr\/wp-json\/wp\/v2\/types\/product"}],"author":[{"embeddable":true,"href":"https:\/\/www.terraaquatica.com\/fr\/wp-json\/wp\/v2\/users\/3"}],"wp:featuredmedia":[{"embeddable":true,"href":"https:\/\/www.terraaquatica.com\/fr\/wp-json\/wp\/v2\/media\/1747"}],"wp:attachment":[{"href":"https:\/\/www.terraaquatica.com\/fr\/wp-json\/wp\/v2\/media?parent=1851"}],"wp:term":[{"taxonomy":"m_thode_de_culture","embeddable":true,"href":"https:\/\/www.terraaquatica.com\/fr\/wp-json\/wp\/v2\/m_thode_de_culture?post=1851"},{"taxonomy":"substrat","embeddable":true,"href":"https:\/\/www.terraaquatica.com\/fr\/wp-json\/wp\/v2\/substrat?post=1851"},{"taxonomy":"product_category","embeddable":true,"href":"https:\/\/www.terraaquatica.com\/fr\/wp-json\/wp\/v2\/product_category?post=1851"}],"curies":[{"name":"wp","href":"https:\/\/api.w.org\/{rel}","templated":true}]}}