{"id":1852,"date":"2018-05-03T08:38:05","date_gmt":"2018-05-03T06:38:05","guid":{"rendered":"https:\/\/www.terraaquatica.com\/produits\/growstream-html-3\/"},"modified":"2025-10-27T14:44:45","modified_gmt":"2025-10-27T13:44:45","slug":"growstream-html-3","status":"publish","type":"product","link":"https:\/\/www.terraaquatica.com\/fr\/systemes-hydroponiques-culture\/growstream-html-3","title":{"rendered":"GrowStream\u00ae"},"content":{"rendered":"<p>Le GrowStream\u00ae est la solution id\u00e9ale pour les cultivateurs exigeants. Ce syst\u00e8me a\u00e9ro-hydroponique ultra performant permet de cultiver des plantes de toutes tailles. Disponible en diff\u00e9rentes tailles pour cultiver jusqu\u2019\u00e0 10 plantes, 20 plantes, 40 plantes, 60 plantes, 80 plantes et sur mesure (nous contacter).<\/p>\n<ul>\n<li><strong>Oxyg\u00e9nation optimale :<\/strong> La solution nutritive est constamment a\u00e9r\u00e9e, favorisant un d\u00e9veloppement racinaire exceptionnel.<\/li>\n<li><strong>Adaptabilit\u00e9 :<\/strong> Le syst\u00e8me s&#8217;adapte \u00e0 toutes les tailles de racines gr\u00e2ce \u00e0 un niveau d&#8217;eau r\u00e9glable.<\/li>\n<li><strong>Circuit ferm\u00e9 :<\/strong> \u00c9conomique et \u00e9cologique, le syst\u00e8me r\u00e9utilise l&#8217;eau et limite la quantit\u00e9 d\u2019utilisation d\u2019engrais.<\/li>\n<li><strong>Facilit\u00e9 d&#8217;utilisation :<\/strong> Installation simple et entretien minimal.<\/li>\n<\/ul>\n<p><strong>Pourquoi choisir GrowStream\u00ae ?<\/strong><\/p>\n<ul>\n<li><strong>Rendements \u00e9lev\u00e9s :<\/strong> Obtenez des r\u00e9coltes abondantes et de qualit\u00e9.<\/li>\n<li><strong>Flexibilit\u00e9 :<\/strong> Cultivez une grande vari\u00e9t\u00e9 de plantes.<\/li>\n<li><strong>Durabilit\u00e9 :<\/strong> R\u00e9duisez votre impact environnemental.<\/li>\n<\/ul>\n<p>Ces avantages, et notamment l\u2019incroyable croissance des plantes cultiv\u00e9es selon cette m\u00e9thode, font du GrowStream\u00ae le syst\u00e8me le plus utilis\u00e9 au monde dans les exploitations commerciales. C\u2019est celui qu\u2019ont choisi nos partenaires commerciaux\u00a0<a href=\"https:\/\/www.terraaquatica.com\/fr\/articles\/12770\/\">Les Sourciers<\/a>, D\u2019eau et d\u2019argile,\u00a0<a href=\"https:\/\/aeromate.fr\/\">Aeromates<\/a>, Hydroleb, et d\u2019autres encore.<\/p>\n","protected":false},"author":3,"template":"","meta":{"_acf_changed":true},"m_thode_de_culture":[31,32],"substrat":[],"product_category":[216],"class_list":["post-1852","product","type-product","status-publish","has-post-thumbnail","hentry","m_thode_de_culture-mineral-en","m_thode_de_culture-organic-en","product_category-systemes-hydroponiques-culture"],"acf":[],"yoast_head":"<!-- This site is optimized with the Yoast SEO plugin v27.3 - https:\/\/yoast.com\/product\/yoast-seo-wordpress\/ -->\n<title>GrowStream\u00ae - Terra Aquatica<\/title>\n<meta name=\"robots\" content=\"index, follow, max-snippet:-1, max-image-preview:large, max-video-preview:-1\" \/>\n<link rel=\"canonical\" href=\"https:\/\/www.terraaquatica.com\/fr\/systemes-hydroponiques-culture\/growstream-html-3\/\" \/>\n<meta property=\"og:locale\" content=\"fr_FR\" \/>\n<meta property=\"og:type\" content=\"article\" \/>\n<meta property=\"og:title\" content=\"GrowStream\u00ae - Terra Aquatica\" \/>\n<meta property=\"og:description\" content=\"Le GrowStream\u00ae est la solution id\u00e9ale pour les cultivateurs exigeants. Ce syst\u00e8me a\u00e9ro-hydroponique ultra performant permet de cultiver des plantes [&hellip;]\" \/>\n<meta property=\"og:url\" content=\"https:\/\/www.terraaquatica.com\/fr\/systemes-hydroponiques-culture\/growstream-html-3\" \/>\n<meta property=\"og:site_name\" content=\"Terra Aquatica\" \/>\n<meta property=\"article:modified_time\" content=\"2025-10-27T13:44:45+00:00\" \/>\n<meta property=\"og:image\" content=\"https:\/\/www.terraaquatica.com\/wp-content\/uploads\/2020\/12\/gs40-scaled.jpg\" \/>\n\t<meta property=\"og:image:width\" content=\"2560\" \/>\n\t<meta property=\"og:image:height\" content=\"1920\" \/>\n\t<meta property=\"og:image:type\" content=\"image\/jpeg\" \/>\n<meta name=\"twitter:card\" content=\"summary_large_image\" \/>\n<meta name=\"twitter:label1\" content=\"Dur\u00e9e de lecture estim\u00e9e\" \/>\n\t<meta name=\"twitter:data1\" content=\"2 minutes\" \/>\n<script type=\"application\/ld+json\" class=\"yoast-schema-graph\">{\"@context\":\"https:\\\/\\\/schema.org\",\"@graph\":[{\"@type\":\"WebPage\",\"@id\":\"https:\\\/\\\/www.terraaquatica.com\\\/fr\\\/systemes-hydroponiques-culture\\\/growstream-html-3\",\"url\":\"https:\\\/\\\/www.terraaquatica.com\\\/fr\\\/systemes-hydroponiques-culture\\\/growstream-html-3\",\"name\":\"GrowStream\u00ae - Terra Aquatica\",\"isPartOf\":{\"@id\":\"https:\\\/\\\/www.terraaquatica.com\\\/#website\"},\"primaryImageOfPage\":{\"@id\":\"https:\\\/\\\/www.terraaquatica.com\\\/fr\\\/systemes-hydroponiques-culture\\\/growstream-html-3#primaryimage\"},\"image\":{\"@id\":\"https:\\\/\\\/www.terraaquatica.com\\\/fr\\\/systemes-hydroponiques-culture\\\/growstream-html-3#primaryimage\"},\"thumbnailUrl\":\"https:\\\/\\\/www.terraaquatica.com\\\/wp-content\\\/uploads\\\/2020\\\/12\\\/gs40-scaled.jpg\",\"datePublished\":\"2018-05-03T06:38:05+00:00\",\"dateModified\":\"2025-10-27T13:44:45+00:00\",\"breadcrumb\":{\"@id\":\"https:\\\/\\\/www.terraaquatica.com\\\/fr\\\/systemes-hydroponiques-culture\\\/growstream-html-3#breadcrumb\"},\"inLanguage\":\"fr-FR\",\"potentialAction\":[{\"@type\":\"ReadAction\",\"target\":[\"https:\\\/\\\/www.terraaquatica.com\\\/fr\\\/systemes-hydroponiques-culture\\\/growstream-html-3\"]}]},{\"@type\":\"ImageObject\",\"inLanguage\":\"fr-FR\",\"@id\":\"https:\\\/\\\/www.terraaquatica.com\\\/fr\\\/systemes-hydroponiques-culture\\\/growstream-html-3#primaryimage\",\"url\":\"https:\\\/\\\/www.terraaquatica.com\\\/wp-content\\\/uploads\\\/2020\\\/12\\\/gs40-scaled.jpg\",\"contentUrl\":\"https:\\\/\\\/www.terraaquatica.com\\\/wp-content\\\/uploads\\\/2020\\\/12\\\/gs40-scaled.jpg\",\"width\":2560,\"height\":1920,\"caption\":\"GrowStream 40\"},{\"@type\":\"BreadcrumbList\",\"@id\":\"https:\\\/\\\/www.terraaquatica.com\\\/fr\\\/systemes-hydroponiques-culture\\\/growstream-html-3#breadcrumb\",\"itemListElement\":[{\"@type\":\"ListItem\",\"position\":1,\"name\":\"Accueil\",\"item\":\"https:\\\/\\\/www.terraaquatica.com\\\/fr\\\/\"},{\"@type\":\"ListItem\",\"position\":2,\"name\":\"Products\",\"item\":\"https:\\\/\\\/www.terraaquatica.com\\\/fr\\\/product\\\/\"},{\"@type\":\"ListItem\",\"position\":3,\"name\":\"GrowStream\u00ae\"}]},{\"@type\":\"WebSite\",\"@id\":\"https:\\\/\\\/www.terraaquatica.com\\\/#website\",\"url\":\"https:\\\/\\\/www.terraaquatica.com\\\/\",\"name\":\"Terra Aquatica\",\"description\":\"Engrais et syst\u00e8mes de culture depuis 1995\",\"publisher\":{\"@id\":\"https:\\\/\\\/www.terraaquatica.com\\\/#organization\"},\"potentialAction\":[{\"@type\":\"SearchAction\",\"target\":{\"@type\":\"EntryPoint\",\"urlTemplate\":\"https:\\\/\\\/www.terraaquatica.com\\\/?s={search_term_string}\"},\"query-input\":{\"@type\":\"PropertyValueSpecification\",\"valueRequired\":true,\"valueName\":\"search_term_string\"}}],\"inLanguage\":\"fr-FR\"},{\"@type\":\"Organization\",\"@id\":\"https:\\\/\\\/www.terraaquatica.com\\\/#organization\",\"name\":\"Terra Aquatica\",\"url\":\"https:\\\/\\\/www.terraaquatica.com\\\/\",\"logo\":{\"@type\":\"ImageObject\",\"inLanguage\":\"fr-FR\",\"@id\":\"https:\\\/\\\/www.terraaquatica.com\\\/#\\\/schema\\\/logo\\\/image\\\/\",\"url\":\"https:\\\/\\\/www.terraaquatica.com\\\/wp-content\\\/uploads\\\/2022\\\/03\\\/favicon-transpa-big.png\",\"contentUrl\":\"https:\\\/\\\/www.terraaquatica.com\\\/wp-content\\\/uploads\\\/2022\\\/03\\\/favicon-transpa-big.png\",\"width\":512,\"height\":512,\"caption\":\"Terra Aquatica\"},\"image\":{\"@id\":\"https:\\\/\\\/www.terraaquatica.com\\\/#\\\/schema\\\/logo\\\/image\\\/\"}}]}<\/script>\n<!-- \/ Yoast SEO plugin. -->","yoast_head_json":{"title":"GrowStream\u00ae - Terra Aquatica","robots":{"index":"index","follow":"follow","max-snippet":"max-snippet:-1","max-image-preview":"max-image-preview:large","max-video-preview":"max-video-preview:-1"},"canonical":"https:\/\/www.terraaquatica.com\/fr\/systemes-hydroponiques-culture\/growstream-html-3\/","og_locale":"fr_FR","og_type":"article","og_title":"GrowStream\u00ae - Terra Aquatica","og_description":"Le GrowStream\u00ae est la solution id\u00e9ale pour les cultivateurs exigeants. Ce syst\u00e8me a\u00e9ro-hydroponique ultra performant permet de cultiver des plantes [&hellip;]","og_url":"https:\/\/www.terraaquatica.com\/fr\/systemes-hydroponiques-culture\/growstream-html-3","og_site_name":"Terra Aquatica","article_modified_time":"2025-10-27T13:44:45+00:00","og_image":[{"width":2560,"height":1920,"url":"https:\/\/www.terraaquatica.com\/wp-content\/uploads\/2020\/12\/gs40-scaled.jpg","type":"image\/jpeg"}],"twitter_card":"summary_large_image","twitter_misc":{"Dur\u00e9e de lecture estim\u00e9e":"2 minutes"},"schema":{"@context":"https:\/\/schema.org","@graph":[{"@type":"WebPage","@id":"https:\/\/www.terraaquatica.com\/fr\/systemes-hydroponiques-culture\/growstream-html-3","url":"https:\/\/www.terraaquatica.com\/fr\/systemes-hydroponiques-culture\/growstream-html-3","name":"GrowStream\u00ae - Terra Aquatica","isPartOf":{"@id":"https:\/\/www.terraaquatica.com\/#website"},"primaryImageOfPage":{"@id":"https:\/\/www.terraaquatica.com\/fr\/systemes-hydroponiques-culture\/growstream-html-3#primaryimage"},"image":{"@id":"https:\/\/www.terraaquatica.com\/fr\/systemes-hydroponiques-culture\/growstream-html-3#primaryimage"},"thumbnailUrl":"https:\/\/www.terraaquatica.com\/wp-content\/uploads\/2020\/12\/gs40-scaled.jpg","datePublished":"2018-05-03T06:38:05+00:00","dateModified":"2025-10-27T13:44:45+00:00","breadcrumb":{"@id":"https:\/\/www.terraaquatica.com\/fr\/systemes-hydroponiques-culture\/growstream-html-3#breadcrumb"},"inLanguage":"fr-FR","potentialAction":[{"@type":"ReadAction","target":["https:\/\/www.terraaquatica.com\/fr\/systemes-hydroponiques-culture\/growstream-html-3"]}]},{"@type":"ImageObject","inLanguage":"fr-FR","@id":"https:\/\/www.terraaquatica.com\/fr\/systemes-hydroponiques-culture\/growstream-html-3#primaryimage","url":"https:\/\/www.terraaquatica.com\/wp-content\/uploads\/2020\/12\/gs40-scaled.jpg","contentUrl":"https:\/\/www.terraaquatica.com\/wp-content\/uploads\/2020\/12\/gs40-scaled.jpg","width":2560,"height":1920,"caption":"GrowStream 40"},{"@type":"BreadcrumbList","@id":"https:\/\/www.terraaquatica.com\/fr\/systemes-hydroponiques-culture\/growstream-html-3#breadcrumb","itemListElement":[{"@type":"ListItem","position":1,"name":"Accueil","item":"https:\/\/www.terraaquatica.com\/fr\/"},{"@type":"ListItem","position":2,"name":"Products","item":"https:\/\/www.terraaquatica.com\/fr\/product\/"},{"@type":"ListItem","position":3,"name":"GrowStream\u00ae"}]},{"@type":"WebSite","@id":"https:\/\/www.terraaquatica.com\/#website","url":"https:\/\/www.terraaquatica.com\/","name":"Terra Aquatica","description":"Engrais et syst\u00e8mes de culture depuis 1995","publisher":{"@id":"https:\/\/www.terraaquatica.com\/#organization"},"potentialAction":[{"@type":"SearchAction","target":{"@type":"EntryPoint","urlTemplate":"https:\/\/www.terraaquatica.com\/?s={search_term_string}"},"query-input":{"@type":"PropertyValueSpecification","valueRequired":true,"valueName":"search_term_string"}}],"inLanguage":"fr-FR"},{"@type":"Organization","@id":"https:\/\/www.terraaquatica.com\/#organization","name":"Terra Aquatica","url":"https:\/\/www.terraaquatica.com\/","logo":{"@type":"ImageObject","inLanguage":"fr-FR","@id":"https:\/\/www.terraaquatica.com\/#\/schema\/logo\/image\/","url":"https:\/\/www.terraaquatica.com\/wp-content\/uploads\/2022\/03\/favicon-transpa-big.png","contentUrl":"https:\/\/www.terraaquatica.com\/wp-content\/uploads\/2022\/03\/favicon-transpa-big.png","width":512,"height":512,"caption":"Terra Aquatica"},"image":{"@id":"https:\/\/www.terraaquatica.com\/#\/schema\/logo\/image\/"}}]}},"_links":{"self":[{"href":"https:\/\/www.terraaquatica.com\/fr\/wp-json\/wp\/v2\/product\/1852","targetHints":{"allow":["GET"]}}],"collection":[{"href":"https:\/\/www.terraaquatica.com\/fr\/wp-json\/wp\/v2\/product"}],"about":[{"href":"https:\/\/www.terraaquatica.com\/fr\/wp-json\/wp\/v2\/types\/product"}],"author":[{"embeddable":true,"href":"https:\/\/www.terraaquatica.com\/fr\/wp-json\/wp\/v2\/users\/3"}],"wp:featuredmedia":[{"embeddable":true,"href":"https:\/\/www.terraaquatica.com\/fr\/wp-json\/wp\/v2\/media\/1639"}],"wp:attachment":[{"href":"https:\/\/www.terraaquatica.com\/fr\/wp-json\/wp\/v2\/media?parent=1852"}],"wp:term":[{"taxonomy":"m_thode_de_culture","embeddable":true,"href":"https:\/\/www.terraaquatica.com\/fr\/wp-json\/wp\/v2\/m_thode_de_culture?post=1852"},{"taxonomy":"substrat","embeddable":true,"href":"https:\/\/www.terraaquatica.com\/fr\/wp-json\/wp\/v2\/substrat?post=1852"},{"taxonomy":"product_category","embeddable":true,"href":"https:\/\/www.terraaquatica.com\/fr\/wp-json\/wp\/v2\/product_category?post=1852"}],"curies":[{"name":"wp","href":"https:\/\/api.w.org\/{rel}","templated":true}]}}