{"id":1856,"date":"2018-05-03T09:02:13","date_gmt":"2018-05-03T07:02:13","guid":{"rendered":"https:\/\/www.terraaquatica.com\/produits\/rainforest-html-3\/"},"modified":"2025-09-25T14:21:15","modified_gmt":"2025-09-25T12:21:15","slug":"hydrocloner-l","status":"publish","type":"product","link":"https:\/\/www.terraaquatica.com\/fr\/systemes-hydroponiques-culture\/hydrocloner-l","title":{"rendered":"HydroCloner\u00ae Spinner 72"},"content":{"rendered":"<p><em>De multiples inserts sur un module unique et compact<\/em><\/p>\n<p>HydroCloner\u00ae Spinner 72 est \u00e9quip\u00e9 d\u2019un moteur Vortex et d\u00e9livre une solution nutritive parfaitement oxyg\u00e9n\u00e9e \u00e0 72 boutures, sans qu\u2019il y ait besoin d\u2019un d\u00f4me.<\/p>\n<p>Utilis\u00e9 dans les plus grands labos comme Los Alamos et le Argonne National Laboratory aux Etats-Unis, HydroCloner\u00ae Spinner 72 offre les taux de croissance les plus incroyables de tous les syst\u00e8mes pr\u00e9c\u00e9demment test\u00e9s.<\/p>\n<ul>\n<li>Pour produire 72 boutures sur une surface de 67 cm x 67 cm<\/li>\n<li>R\u00e9servoir grande capacit\u00e9 de 70 litres qui aide \u00e0 stabiliser le pH<\/li>\n<li>Fabriqu\u00e9 en France dans un plastique recycl\u00e9 rotomoul\u00e9 extr\u00eamement solide et durable, qui contient une barri\u00e8re anti-UV<\/li>\n<li>Garanti \u00e0 vie ! *<\/li>\n<\/ul>\n<p><strong>Nouveau !<\/strong>\u00a0Les HydroCloner\u00ae 27 et Spinner 72 sont d\u00e9sormais \u00e9quip\u00e9s de disques n\u00e9opr\u00e8ne, rempla\u00e7ant les pots paniers. Plus simples \u00e0 utiliser et \u00e0 nettoyer, ils sont r\u00e9utilisables \u00e0 l\u2019infini !<\/p>\n<p><span style=\"font-size: 10px;\">*La garantie \u00e0 vie s&#8217;applique \u00e0 un usage normal, et uniquement aux syst\u00e8mes en plastique rotomoul\u00e9 fabriqu\u00e9s en France par Terra Aquatica. Elle exclut les accessoires, les moteurs, etc.<\/span><\/p>\n","protected":false},"author":3,"template":"","meta":{"_acf_changed":true},"m_thode_de_culture":[31,32],"substrat":[],"product_category":[216],"class_list":["post-1856","product","type-product","status-publish","has-post-thumbnail","hentry","m_thode_de_culture-mineral-en","m_thode_de_culture-organic-en","product_category-systemes-hydroponiques-culture"],"acf":[],"yoast_head":"<!-- This site is optimized with the Yoast SEO plugin v27.3 - https:\/\/yoast.com\/product\/yoast-seo-wordpress\/ -->\n<title>HydroCloner\u00ae Spinner 72 - Terra Aquatica<\/title>\n<meta name=\"robots\" content=\"index, follow, max-snippet:-1, max-image-preview:large, max-video-preview:-1\" \/>\n<link rel=\"canonical\" href=\"https:\/\/www.terraaquatica.com\/fr\/systemes-hydroponiques-culture\/hydrocloner-l\/\" \/>\n<meta property=\"og:locale\" content=\"fr_FR\" \/>\n<meta property=\"og:type\" content=\"article\" \/>\n<meta property=\"og:title\" content=\"HydroCloner\u00ae Spinner 72 - Terra Aquatica\" \/>\n<meta property=\"og:description\" content=\"De multiples inserts sur un module unique et compact HydroCloner\u00ae Spinner 72 est \u00e9quip\u00e9 d\u2019un moteur Vortex et d\u00e9livre une [&hellip;]\" \/>\n<meta property=\"og:url\" content=\"https:\/\/www.terraaquatica.com\/fr\/systemes-hydroponiques-culture\/hydrocloner-l\" \/>\n<meta property=\"og:site_name\" content=\"Terra Aquatica\" \/>\n<meta property=\"article:modified_time\" content=\"2025-09-25T12:21:15+00:00\" \/>\n<meta property=\"og:image\" content=\"https:\/\/www.terraaquatica.com\/wp-content\/uploads\/2017\/11\/rainforest72-2017.png\" \/>\n\t<meta property=\"og:image:width\" content=\"720\" \/>\n\t<meta property=\"og:image:height\" content=\"720\" \/>\n\t<meta property=\"og:image:type\" content=\"image\/png\" \/>\n<meta name=\"twitter:card\" content=\"summary_large_image\" \/>\n<meta name=\"twitter:label1\" content=\"Dur\u00e9e de lecture estim\u00e9e\" \/>\n\t<meta name=\"twitter:data1\" content=\"1 minute\" \/>\n<script type=\"application\/ld+json\" class=\"yoast-schema-graph\">{\"@context\":\"https:\\\/\\\/schema.org\",\"@graph\":[{\"@type\":\"WebPage\",\"@id\":\"https:\\\/\\\/www.terraaquatica.com\\\/fr\\\/systemes-hydroponiques-culture\\\/hydrocloner-l\",\"url\":\"https:\\\/\\\/www.terraaquatica.com\\\/fr\\\/systemes-hydroponiques-culture\\\/hydrocloner-l\",\"name\":\"HydroCloner\u00ae Spinner 72 - Terra Aquatica\",\"isPartOf\":{\"@id\":\"https:\\\/\\\/www.terraaquatica.com\\\/#website\"},\"primaryImageOfPage\":{\"@id\":\"https:\\\/\\\/www.terraaquatica.com\\\/fr\\\/systemes-hydroponiques-culture\\\/hydrocloner-l#primaryimage\"},\"image\":{\"@id\":\"https:\\\/\\\/www.terraaquatica.com\\\/fr\\\/systemes-hydroponiques-culture\\\/hydrocloner-l#primaryimage\"},\"thumbnailUrl\":\"https:\\\/\\\/www.terraaquatica.com\\\/wp-content\\\/uploads\\\/2017\\\/11\\\/rainforest72-2017.png\",\"datePublished\":\"2018-05-03T07:02:13+00:00\",\"dateModified\":\"2025-09-25T12:21:15+00:00\",\"breadcrumb\":{\"@id\":\"https:\\\/\\\/www.terraaquatica.com\\\/fr\\\/systemes-hydroponiques-culture\\\/hydrocloner-l#breadcrumb\"},\"inLanguage\":\"fr-FR\",\"potentialAction\":[{\"@type\":\"ReadAction\",\"target\":[\"https:\\\/\\\/www.terraaquatica.com\\\/fr\\\/systemes-hydroponiques-culture\\\/hydrocloner-l\"]}]},{\"@type\":\"ImageObject\",\"inLanguage\":\"fr-FR\",\"@id\":\"https:\\\/\\\/www.terraaquatica.com\\\/fr\\\/systemes-hydroponiques-culture\\\/hydrocloner-l#primaryimage\",\"url\":\"https:\\\/\\\/www.terraaquatica.com\\\/wp-content\\\/uploads\\\/2017\\\/11\\\/rainforest72-2017.png\",\"contentUrl\":\"https:\\\/\\\/www.terraaquatica.com\\\/wp-content\\\/uploads\\\/2017\\\/11\\\/rainforest72-2017.png\",\"width\":720,\"height\":720,\"caption\":\"Rainforest72\"},{\"@type\":\"BreadcrumbList\",\"@id\":\"https:\\\/\\\/www.terraaquatica.com\\\/fr\\\/systemes-hydroponiques-culture\\\/hydrocloner-l#breadcrumb\",\"itemListElement\":[{\"@type\":\"ListItem\",\"position\":1,\"name\":\"Accueil\",\"item\":\"https:\\\/\\\/www.terraaquatica.com\\\/fr\\\/\"},{\"@type\":\"ListItem\",\"position\":2,\"name\":\"Products\",\"item\":\"https:\\\/\\\/www.terraaquatica.com\\\/fr\\\/product\\\/\"},{\"@type\":\"ListItem\",\"position\":3,\"name\":\"HydroCloner\u00ae Spinner 72\"}]},{\"@type\":\"WebSite\",\"@id\":\"https:\\\/\\\/www.terraaquatica.com\\\/#website\",\"url\":\"https:\\\/\\\/www.terraaquatica.com\\\/\",\"name\":\"Terra Aquatica\",\"description\":\"Engrais et syst\u00e8mes de culture depuis 1995\",\"publisher\":{\"@id\":\"https:\\\/\\\/www.terraaquatica.com\\\/#organization\"},\"potentialAction\":[{\"@type\":\"SearchAction\",\"target\":{\"@type\":\"EntryPoint\",\"urlTemplate\":\"https:\\\/\\\/www.terraaquatica.com\\\/?s={search_term_string}\"},\"query-input\":{\"@type\":\"PropertyValueSpecification\",\"valueRequired\":true,\"valueName\":\"search_term_string\"}}],\"inLanguage\":\"fr-FR\"},{\"@type\":\"Organization\",\"@id\":\"https:\\\/\\\/www.terraaquatica.com\\\/#organization\",\"name\":\"Terra Aquatica\",\"url\":\"https:\\\/\\\/www.terraaquatica.com\\\/\",\"logo\":{\"@type\":\"ImageObject\",\"inLanguage\":\"fr-FR\",\"@id\":\"https:\\\/\\\/www.terraaquatica.com\\\/#\\\/schema\\\/logo\\\/image\\\/\",\"url\":\"https:\\\/\\\/www.terraaquatica.com\\\/wp-content\\\/uploads\\\/2022\\\/03\\\/favicon-transpa-big.png\",\"contentUrl\":\"https:\\\/\\\/www.terraaquatica.com\\\/wp-content\\\/uploads\\\/2022\\\/03\\\/favicon-transpa-big.png\",\"width\":512,\"height\":512,\"caption\":\"Terra Aquatica\"},\"image\":{\"@id\":\"https:\\\/\\\/www.terraaquatica.com\\\/#\\\/schema\\\/logo\\\/image\\\/\"}}]}<\/script>\n<!-- \/ Yoast SEO plugin. -->","yoast_head_json":{"title":"HydroCloner\u00ae Spinner 72 - Terra Aquatica","robots":{"index":"index","follow":"follow","max-snippet":"max-snippet:-1","max-image-preview":"max-image-preview:large","max-video-preview":"max-video-preview:-1"},"canonical":"https:\/\/www.terraaquatica.com\/fr\/systemes-hydroponiques-culture\/hydrocloner-l\/","og_locale":"fr_FR","og_type":"article","og_title":"HydroCloner\u00ae Spinner 72 - Terra Aquatica","og_description":"De multiples inserts sur un module unique et compact HydroCloner\u00ae Spinner 72 est \u00e9quip\u00e9 d\u2019un moteur Vortex et d\u00e9livre une [&hellip;]","og_url":"https:\/\/www.terraaquatica.com\/fr\/systemes-hydroponiques-culture\/hydrocloner-l","og_site_name":"Terra Aquatica","article_modified_time":"2025-09-25T12:21:15+00:00","og_image":[{"width":720,"height":720,"url":"https:\/\/www.terraaquatica.com\/wp-content\/uploads\/2017\/11\/rainforest72-2017.png","type":"image\/png"}],"twitter_card":"summary_large_image","twitter_misc":{"Dur\u00e9e de lecture estim\u00e9e":"1 minute"},"schema":{"@context":"https:\/\/schema.org","@graph":[{"@type":"WebPage","@id":"https:\/\/www.terraaquatica.com\/fr\/systemes-hydroponiques-culture\/hydrocloner-l","url":"https:\/\/www.terraaquatica.com\/fr\/systemes-hydroponiques-culture\/hydrocloner-l","name":"HydroCloner\u00ae Spinner 72 - Terra Aquatica","isPartOf":{"@id":"https:\/\/www.terraaquatica.com\/#website"},"primaryImageOfPage":{"@id":"https:\/\/www.terraaquatica.com\/fr\/systemes-hydroponiques-culture\/hydrocloner-l#primaryimage"},"image":{"@id":"https:\/\/www.terraaquatica.com\/fr\/systemes-hydroponiques-culture\/hydrocloner-l#primaryimage"},"thumbnailUrl":"https:\/\/www.terraaquatica.com\/wp-content\/uploads\/2017\/11\/rainforest72-2017.png","datePublished":"2018-05-03T07:02:13+00:00","dateModified":"2025-09-25T12:21:15+00:00","breadcrumb":{"@id":"https:\/\/www.terraaquatica.com\/fr\/systemes-hydroponiques-culture\/hydrocloner-l#breadcrumb"},"inLanguage":"fr-FR","potentialAction":[{"@type":"ReadAction","target":["https:\/\/www.terraaquatica.com\/fr\/systemes-hydroponiques-culture\/hydrocloner-l"]}]},{"@type":"ImageObject","inLanguage":"fr-FR","@id":"https:\/\/www.terraaquatica.com\/fr\/systemes-hydroponiques-culture\/hydrocloner-l#primaryimage","url":"https:\/\/www.terraaquatica.com\/wp-content\/uploads\/2017\/11\/rainforest72-2017.png","contentUrl":"https:\/\/www.terraaquatica.com\/wp-content\/uploads\/2017\/11\/rainforest72-2017.png","width":720,"height":720,"caption":"Rainforest72"},{"@type":"BreadcrumbList","@id":"https:\/\/www.terraaquatica.com\/fr\/systemes-hydroponiques-culture\/hydrocloner-l#breadcrumb","itemListElement":[{"@type":"ListItem","position":1,"name":"Accueil","item":"https:\/\/www.terraaquatica.com\/fr\/"},{"@type":"ListItem","position":2,"name":"Products","item":"https:\/\/www.terraaquatica.com\/fr\/product\/"},{"@type":"ListItem","position":3,"name":"HydroCloner\u00ae Spinner 72"}]},{"@type":"WebSite","@id":"https:\/\/www.terraaquatica.com\/#website","url":"https:\/\/www.terraaquatica.com\/","name":"Terra Aquatica","description":"Engrais et syst\u00e8mes de culture depuis 1995","publisher":{"@id":"https:\/\/www.terraaquatica.com\/#organization"},"potentialAction":[{"@type":"SearchAction","target":{"@type":"EntryPoint","urlTemplate":"https:\/\/www.terraaquatica.com\/?s={search_term_string}"},"query-input":{"@type":"PropertyValueSpecification","valueRequired":true,"valueName":"search_term_string"}}],"inLanguage":"fr-FR"},{"@type":"Organization","@id":"https:\/\/www.terraaquatica.com\/#organization","name":"Terra Aquatica","url":"https:\/\/www.terraaquatica.com\/","logo":{"@type":"ImageObject","inLanguage":"fr-FR","@id":"https:\/\/www.terraaquatica.com\/#\/schema\/logo\/image\/","url":"https:\/\/www.terraaquatica.com\/wp-content\/uploads\/2022\/03\/favicon-transpa-big.png","contentUrl":"https:\/\/www.terraaquatica.com\/wp-content\/uploads\/2022\/03\/favicon-transpa-big.png","width":512,"height":512,"caption":"Terra Aquatica"},"image":{"@id":"https:\/\/www.terraaquatica.com\/#\/schema\/logo\/image\/"}}]}},"_links":{"self":[{"href":"https:\/\/www.terraaquatica.com\/fr\/wp-json\/wp\/v2\/product\/1856","targetHints":{"allow":["GET"]}}],"collection":[{"href":"https:\/\/www.terraaquatica.com\/fr\/wp-json\/wp\/v2\/product"}],"about":[{"href":"https:\/\/www.terraaquatica.com\/fr\/wp-json\/wp\/v2\/types\/product"}],"author":[{"embeddable":true,"href":"https:\/\/www.terraaquatica.com\/fr\/wp-json\/wp\/v2\/users\/3"}],"wp:featuredmedia":[{"embeddable":true,"href":"https:\/\/www.terraaquatica.com\/fr\/wp-json\/wp\/v2\/media\/1758"}],"wp:attachment":[{"href":"https:\/\/www.terraaquatica.com\/fr\/wp-json\/wp\/v2\/media?parent=1856"}],"wp:term":[{"taxonomy":"m_thode_de_culture","embeddable":true,"href":"https:\/\/www.terraaquatica.com\/fr\/wp-json\/wp\/v2\/m_thode_de_culture?post=1856"},{"taxonomy":"substrat","embeddable":true,"href":"https:\/\/www.terraaquatica.com\/fr\/wp-json\/wp\/v2\/substrat?post=1856"},{"taxonomy":"product_category","embeddable":true,"href":"https:\/\/www.terraaquatica.com\/fr\/wp-json\/wp\/v2\/product_category?post=1856"}],"curies":[{"name":"wp","href":"https:\/\/api.w.org\/{rel}","templated":true}]}}