{"id":1857,"date":"2018-05-03T09:05:07","date_gmt":"2018-05-03T07:05:07","guid":{"rendered":"https:\/\/www.terraaquatica.com\/produits\/cuttingboard-html-3\/"},"modified":"2025-09-25T14:20:53","modified_gmt":"2025-09-25T12:20:53","slug":"hydrocloner-s","status":"publish","type":"product","link":"https:\/\/www.terraaquatica.com\/fr\/systemes-hydroponiques-culture\/hydrocloner-s","title":{"rendered":"HydroCloner\u00ae 27"},"content":{"rendered":"<p><em>Id\u00e9al pour les petits projets, c\u2019est aussi le chouchou des collectionneurs !<\/em><\/p>\n<p>Comme l\u2019HydroCloner\u00ae Spinner 72, HydroCloner\u00ae 27 est le syst\u00e8me id\u00e9al pour obtenir un volume racinaire sain et vigoureux, et des plantes capables de s\u2019adapter \u00e0 l\u2019environnement dans lequel elles seront transplant\u00e9es, que ce soit en hydroponie, en coco, ou en terre. Dispositif pratique pour tous, c\u2019est la solution id\u00e9ale pour les petits projets.<\/p>\n<ul>\n<li>Pour produire 27 boutures sur une surface de 63 cm x 30 cm<\/li>\n<li>R\u00e9servoir d\u2019une capacit\u00e9 de 13 litres<\/li>\n<li>Fabriqu\u00e9 en France dans un plastique recycl\u00e9 rotomoul\u00e9 extr\u00eamement solide et durable, qui contient une barri\u00e8re anti-UV<\/li>\n<li>Garanti \u00e0 vie ! *<\/li>\n<\/ul>\n<p>\u00a0<\/p>\n<p><strong>Nouveau !<\/strong> Les HydroCloner\u00ae 27 et Spinner 72 sont d\u00e9sormais \u00e9quip\u00e9s de disques n\u00e9opr\u00e8ne, rempla\u00e7ant les pots paniers. Plus simples \u00e0 utiliser et \u00e0 nettoyer, ils sont r\u00e9utilisables \u00e0 l\u2019infini !<\/p>\n<p><span style=\"font-size: 10px;\">*La garantie \u00e0 vie s&#8217;applique \u00e0 un usage normal, et uniquement aux syst\u00e8mes en plastique rotomoul\u00e9 fabriqu\u00e9s en France par Terra Aquatica. Elle exclut les accessoires, les moteurs, etc.<\/span><\/p>\n\n\n<p><\/p>\n","protected":false},"author":3,"template":"","meta":{"_acf_changed":true},"m_thode_de_culture":[31,32],"substrat":[300],"product_category":[216],"class_list":["post-1857","product","type-product","status-publish","has-post-thumbnail","hentry","m_thode_de_culture-mineral-en","m_thode_de_culture-organic-en","substrat-hydro","product_category-systemes-hydroponiques-culture"],"acf":[],"yoast_head":"<!-- This site is optimized with the Yoast SEO plugin v27.3 - https:\/\/yoast.com\/product\/yoast-seo-wordpress\/ -->\n<title>HydroCloner\u00ae 27 - Terra Aquatica<\/title>\n<meta name=\"robots\" content=\"index, follow, max-snippet:-1, max-image-preview:large, max-video-preview:-1\" \/>\n<link rel=\"canonical\" href=\"https:\/\/www.terraaquatica.com\/fr\/systemes-hydroponiques-culture\/hydrocloner-s\/\" \/>\n<meta property=\"og:locale\" content=\"fr_FR\" \/>\n<meta property=\"og:type\" content=\"article\" \/>\n<meta property=\"og:title\" content=\"HydroCloner\u00ae 27 - Terra Aquatica\" \/>\n<meta property=\"og:description\" content=\"Id\u00e9al pour les petits projets, c\u2019est aussi le chouchou des collectionneurs ! Comme l\u2019HydroCloner\u00ae Spinner 72, HydroCloner\u00ae 27 est le [&hellip;]\" \/>\n<meta property=\"og:url\" content=\"https:\/\/www.terraaquatica.com\/fr\/systemes-hydroponiques-culture\/hydrocloner-s\" \/>\n<meta property=\"og:site_name\" content=\"Terra Aquatica\" \/>\n<meta property=\"article:modified_time\" content=\"2025-09-25T12:20:53+00:00\" \/>\n<meta property=\"og:image\" content=\"https:\/\/www.terraaquatica.com\/wp-content\/uploads\/2018\/03\/cutting_board-2018_1.png\" \/>\n\t<meta property=\"og:image:width\" content=\"720\" \/>\n\t<meta property=\"og:image:height\" content=\"720\" \/>\n\t<meta property=\"og:image:type\" content=\"image\/png\" \/>\n<meta name=\"twitter:card\" content=\"summary_large_image\" \/>\n<meta name=\"twitter:label1\" content=\"Dur\u00e9e de lecture estim\u00e9e\" \/>\n\t<meta name=\"twitter:data1\" content=\"1 minute\" \/>\n<script type=\"application\/ld+json\" class=\"yoast-schema-graph\">{\"@context\":\"https:\\\/\\\/schema.org\",\"@graph\":[{\"@type\":\"WebPage\",\"@id\":\"https:\\\/\\\/www.terraaquatica.com\\\/fr\\\/systemes-hydroponiques-culture\\\/hydrocloner-s\",\"url\":\"https:\\\/\\\/www.terraaquatica.com\\\/fr\\\/systemes-hydroponiques-culture\\\/hydrocloner-s\",\"name\":\"HydroCloner\u00ae 27 - Terra Aquatica\",\"isPartOf\":{\"@id\":\"https:\\\/\\\/www.terraaquatica.com\\\/#website\"},\"primaryImageOfPage\":{\"@id\":\"https:\\\/\\\/www.terraaquatica.com\\\/fr\\\/systemes-hydroponiques-culture\\\/hydrocloner-s#primaryimage\"},\"image\":{\"@id\":\"https:\\\/\\\/www.terraaquatica.com\\\/fr\\\/systemes-hydroponiques-culture\\\/hydrocloner-s#primaryimage\"},\"thumbnailUrl\":\"https:\\\/\\\/www.terraaquatica.com\\\/wp-content\\\/uploads\\\/2018\\\/03\\\/cutting_board-2018_1.png\",\"datePublished\":\"2018-05-03T07:05:07+00:00\",\"dateModified\":\"2025-09-25T12:20:53+00:00\",\"breadcrumb\":{\"@id\":\"https:\\\/\\\/www.terraaquatica.com\\\/fr\\\/systemes-hydroponiques-culture\\\/hydrocloner-s#breadcrumb\"},\"inLanguage\":\"fr-FR\",\"potentialAction\":[{\"@type\":\"ReadAction\",\"target\":[\"https:\\\/\\\/www.terraaquatica.com\\\/fr\\\/systemes-hydroponiques-culture\\\/hydrocloner-s\"]}]},{\"@type\":\"ImageObject\",\"inLanguage\":\"fr-FR\",\"@id\":\"https:\\\/\\\/www.terraaquatica.com\\\/fr\\\/systemes-hydroponiques-culture\\\/hydrocloner-s#primaryimage\",\"url\":\"https:\\\/\\\/www.terraaquatica.com\\\/wp-content\\\/uploads\\\/2018\\\/03\\\/cutting_board-2018_1.png\",\"contentUrl\":\"https:\\\/\\\/www.terraaquatica.com\\\/wp-content\\\/uploads\\\/2018\\\/03\\\/cutting_board-2018_1.png\",\"width\":720,\"height\":720,\"caption\":\"cutting_board-2018\"},{\"@type\":\"BreadcrumbList\",\"@id\":\"https:\\\/\\\/www.terraaquatica.com\\\/fr\\\/systemes-hydroponiques-culture\\\/hydrocloner-s#breadcrumb\",\"itemListElement\":[{\"@type\":\"ListItem\",\"position\":1,\"name\":\"Accueil\",\"item\":\"https:\\\/\\\/www.terraaquatica.com\\\/fr\\\/\"},{\"@type\":\"ListItem\",\"position\":2,\"name\":\"Products\",\"item\":\"https:\\\/\\\/www.terraaquatica.com\\\/fr\\\/product\\\/\"},{\"@type\":\"ListItem\",\"position\":3,\"name\":\"HydroCloner\u00ae 27\"}]},{\"@type\":\"WebSite\",\"@id\":\"https:\\\/\\\/www.terraaquatica.com\\\/#website\",\"url\":\"https:\\\/\\\/www.terraaquatica.com\\\/\",\"name\":\"Terra Aquatica\",\"description\":\"Engrais et syst\u00e8mes de culture depuis 1995\",\"publisher\":{\"@id\":\"https:\\\/\\\/www.terraaquatica.com\\\/#organization\"},\"potentialAction\":[{\"@type\":\"SearchAction\",\"target\":{\"@type\":\"EntryPoint\",\"urlTemplate\":\"https:\\\/\\\/www.terraaquatica.com\\\/?s={search_term_string}\"},\"query-input\":{\"@type\":\"PropertyValueSpecification\",\"valueRequired\":true,\"valueName\":\"search_term_string\"}}],\"inLanguage\":\"fr-FR\"},{\"@type\":\"Organization\",\"@id\":\"https:\\\/\\\/www.terraaquatica.com\\\/#organization\",\"name\":\"Terra Aquatica\",\"url\":\"https:\\\/\\\/www.terraaquatica.com\\\/\",\"logo\":{\"@type\":\"ImageObject\",\"inLanguage\":\"fr-FR\",\"@id\":\"https:\\\/\\\/www.terraaquatica.com\\\/#\\\/schema\\\/logo\\\/image\\\/\",\"url\":\"https:\\\/\\\/www.terraaquatica.com\\\/wp-content\\\/uploads\\\/2022\\\/03\\\/favicon-transpa-big.png\",\"contentUrl\":\"https:\\\/\\\/www.terraaquatica.com\\\/wp-content\\\/uploads\\\/2022\\\/03\\\/favicon-transpa-big.png\",\"width\":512,\"height\":512,\"caption\":\"Terra Aquatica\"},\"image\":{\"@id\":\"https:\\\/\\\/www.terraaquatica.com\\\/#\\\/schema\\\/logo\\\/image\\\/\"}}]}<\/script>\n<!-- \/ Yoast SEO plugin. -->","yoast_head_json":{"title":"HydroCloner\u00ae 27 - Terra Aquatica","robots":{"index":"index","follow":"follow","max-snippet":"max-snippet:-1","max-image-preview":"max-image-preview:large","max-video-preview":"max-video-preview:-1"},"canonical":"https:\/\/www.terraaquatica.com\/fr\/systemes-hydroponiques-culture\/hydrocloner-s\/","og_locale":"fr_FR","og_type":"article","og_title":"HydroCloner\u00ae 27 - Terra Aquatica","og_description":"Id\u00e9al pour les petits projets, c\u2019est aussi le chouchou des collectionneurs ! Comme l\u2019HydroCloner\u00ae Spinner 72, HydroCloner\u00ae 27 est le [&hellip;]","og_url":"https:\/\/www.terraaquatica.com\/fr\/systemes-hydroponiques-culture\/hydrocloner-s","og_site_name":"Terra Aquatica","article_modified_time":"2025-09-25T12:20:53+00:00","og_image":[{"width":720,"height":720,"url":"https:\/\/www.terraaquatica.com\/wp-content\/uploads\/2018\/03\/cutting_board-2018_1.png","type":"image\/png"}],"twitter_card":"summary_large_image","twitter_misc":{"Dur\u00e9e de lecture estim\u00e9e":"1 minute"},"schema":{"@context":"https:\/\/schema.org","@graph":[{"@type":"WebPage","@id":"https:\/\/www.terraaquatica.com\/fr\/systemes-hydroponiques-culture\/hydrocloner-s","url":"https:\/\/www.terraaquatica.com\/fr\/systemes-hydroponiques-culture\/hydrocloner-s","name":"HydroCloner\u00ae 27 - Terra Aquatica","isPartOf":{"@id":"https:\/\/www.terraaquatica.com\/#website"},"primaryImageOfPage":{"@id":"https:\/\/www.terraaquatica.com\/fr\/systemes-hydroponiques-culture\/hydrocloner-s#primaryimage"},"image":{"@id":"https:\/\/www.terraaquatica.com\/fr\/systemes-hydroponiques-culture\/hydrocloner-s#primaryimage"},"thumbnailUrl":"https:\/\/www.terraaquatica.com\/wp-content\/uploads\/2018\/03\/cutting_board-2018_1.png","datePublished":"2018-05-03T07:05:07+00:00","dateModified":"2025-09-25T12:20:53+00:00","breadcrumb":{"@id":"https:\/\/www.terraaquatica.com\/fr\/systemes-hydroponiques-culture\/hydrocloner-s#breadcrumb"},"inLanguage":"fr-FR","potentialAction":[{"@type":"ReadAction","target":["https:\/\/www.terraaquatica.com\/fr\/systemes-hydroponiques-culture\/hydrocloner-s"]}]},{"@type":"ImageObject","inLanguage":"fr-FR","@id":"https:\/\/www.terraaquatica.com\/fr\/systemes-hydroponiques-culture\/hydrocloner-s#primaryimage","url":"https:\/\/www.terraaquatica.com\/wp-content\/uploads\/2018\/03\/cutting_board-2018_1.png","contentUrl":"https:\/\/www.terraaquatica.com\/wp-content\/uploads\/2018\/03\/cutting_board-2018_1.png","width":720,"height":720,"caption":"cutting_board-2018"},{"@type":"BreadcrumbList","@id":"https:\/\/www.terraaquatica.com\/fr\/systemes-hydroponiques-culture\/hydrocloner-s#breadcrumb","itemListElement":[{"@type":"ListItem","position":1,"name":"Accueil","item":"https:\/\/www.terraaquatica.com\/fr\/"},{"@type":"ListItem","position":2,"name":"Products","item":"https:\/\/www.terraaquatica.com\/fr\/product\/"},{"@type":"ListItem","position":3,"name":"HydroCloner\u00ae 27"}]},{"@type":"WebSite","@id":"https:\/\/www.terraaquatica.com\/#website","url":"https:\/\/www.terraaquatica.com\/","name":"Terra Aquatica","description":"Engrais et syst\u00e8mes de culture depuis 1995","publisher":{"@id":"https:\/\/www.terraaquatica.com\/#organization"},"potentialAction":[{"@type":"SearchAction","target":{"@type":"EntryPoint","urlTemplate":"https:\/\/www.terraaquatica.com\/?s={search_term_string}"},"query-input":{"@type":"PropertyValueSpecification","valueRequired":true,"valueName":"search_term_string"}}],"inLanguage":"fr-FR"},{"@type":"Organization","@id":"https:\/\/www.terraaquatica.com\/#organization","name":"Terra Aquatica","url":"https:\/\/www.terraaquatica.com\/","logo":{"@type":"ImageObject","inLanguage":"fr-FR","@id":"https:\/\/www.terraaquatica.com\/#\/schema\/logo\/image\/","url":"https:\/\/www.terraaquatica.com\/wp-content\/uploads\/2022\/03\/favicon-transpa-big.png","contentUrl":"https:\/\/www.terraaquatica.com\/wp-content\/uploads\/2022\/03\/favicon-transpa-big.png","width":512,"height":512,"caption":"Terra Aquatica"},"image":{"@id":"https:\/\/www.terraaquatica.com\/#\/schema\/logo\/image\/"}}]}},"_links":{"self":[{"href":"https:\/\/www.terraaquatica.com\/fr\/wp-json\/wp\/v2\/product\/1857","targetHints":{"allow":["GET"]}}],"collection":[{"href":"https:\/\/www.terraaquatica.com\/fr\/wp-json\/wp\/v2\/product"}],"about":[{"href":"https:\/\/www.terraaquatica.com\/fr\/wp-json\/wp\/v2\/types\/product"}],"author":[{"embeddable":true,"href":"https:\/\/www.terraaquatica.com\/fr\/wp-json\/wp\/v2\/users\/3"}],"wp:featuredmedia":[{"embeddable":true,"href":"https:\/\/www.terraaquatica.com\/fr\/wp-json\/wp\/v2\/media\/1760"}],"wp:attachment":[{"href":"https:\/\/www.terraaquatica.com\/fr\/wp-json\/wp\/v2\/media?parent=1857"}],"wp:term":[{"taxonomy":"m_thode_de_culture","embeddable":true,"href":"https:\/\/www.terraaquatica.com\/fr\/wp-json\/wp\/v2\/m_thode_de_culture?post=1857"},{"taxonomy":"substrat","embeddable":true,"href":"https:\/\/www.terraaquatica.com\/fr\/wp-json\/wp\/v2\/substrat?post=1857"},{"taxonomy":"product_category","embeddable":true,"href":"https:\/\/www.terraaquatica.com\/fr\/wp-json\/wp\/v2\/product_category?post=1857"}],"curies":[{"name":"wp","href":"https:\/\/api.w.org\/{rel}","templated":true}]}}