{"id":1858,"date":"2018-05-03T09:13:34","date_gmt":"2018-05-03T07:13:34","guid":{"rendered":"https:\/\/www.terraaquatica.com\/produits\/cocofiber-html-3\/"},"modified":"2025-09-25T14:20:16","modified_gmt":"2025-09-25T12:20:16","slug":"cocofiber-html-3","status":"publish","type":"product","link":"https:\/\/www.terraaquatica.com\/fr\/substrats-de-culture\/cocofiber-html-3","title":{"rendered":"Coco Fiber &#038; Coco Fiber avec perlite"},"content":{"rendered":"<p><em>Substrats premium, ultra-propres, issus d\u2019une source biologique enti\u00e8rement renouvelable, qui allient la simplicit\u00e9 de la culture en terre et les performances des cultures hors-sol<\/em>.<\/p>\n<p>La gamme Coco Fiber est issue de fibre de coco premium trait\u00e9e pour devenir l\u2019un des supports de culture en fibre de coco les plus propres, l\u00e9gers et performants du march\u00e9 et pr\u00eat \u00e0 l\u2019emploi car utilisable sans rin\u00e7age pr\u00e9alable.<\/p>\n<p>Garantie sans pathog\u00e8nes, sans mauvaises herbes, sans parasites, Coco Fiber est disponible en deux qualit\u00e9s :<\/p>\n<ul>\n<li>Coco Fiber \u2013 100 % pure fibre de coco<\/li>\n<li>Coco Fiber with perlite \u2013 m\u00e9lange 75 % coco &#8211; 25 % perlite<\/li>\n<\/ul>\n<p>Coco Fiber with perlite&nbsp; offre des capacit\u00e9s optimis\u00e9es de drainage et d\u2019oxyg\u00e9nation de la zone racinaire, id\u00e9ales avec le syst\u00e8me Terra Aquatica Ebb&amp;Grow, ainsi que les syst\u00e8mes d\u2019auto-arrosage et d\u2019irrigation au goutte \u00e0 goutte. En configuration d&#8217;arrosage manuel traditionnel, les produits Coco Fiber peuvent remplacer la terre.<\/p>\n<p>Le substrat Coco Fiber peut \u00eatre r\u00e9utilis\u00e9 jusqu\u2019\u00e0 3 fois et il est parfait pour l&#8217;amendement des sols, en jardinage comme en agriculture, notamment pour les sols argileux.<\/p>\n","protected":false},"author":3,"template":"","meta":{"_acf_changed":true},"m_thode_de_culture":[31,32],"substrat":[],"product_category":[225],"class_list":["post-1858","product","type-product","status-publish","has-post-thumbnail","hentry","m_thode_de_culture-mineral-en","m_thode_de_culture-organic-en","product_category-substrats-de-culture"],"acf":[],"yoast_head":"<!-- This site is optimized with the Yoast SEO plugin v27.3 - https:\/\/yoast.com\/product\/yoast-seo-wordpress\/ -->\n<title>Coco Fiber &amp; Coco Fiber avec perlite - Terra Aquatica<\/title>\n<meta name=\"robots\" content=\"index, follow, max-snippet:-1, max-image-preview:large, max-video-preview:-1\" \/>\n<link rel=\"canonical\" href=\"https:\/\/www.terraaquatica.com\/fr\/substrats-de-culture\/cocofiber-html-3\/\" \/>\n<meta property=\"og:locale\" content=\"fr_FR\" \/>\n<meta property=\"og:type\" content=\"article\" \/>\n<meta property=\"og:title\" content=\"Coco Fiber &amp; Coco Fiber avec perlite - Terra Aquatica\" \/>\n<meta property=\"og:description\" content=\"Substrats premium, ultra-propres, issus d\u2019une source biologique enti\u00e8rement renouvelable, qui allient la simplicit\u00e9 de la culture en terre et les [&hellip;]\" \/>\n<meta property=\"og:url\" content=\"https:\/\/www.terraaquatica.com\/fr\/substrats-de-culture\/cocofiber-html-3\" \/>\n<meta property=\"og:site_name\" content=\"Terra Aquatica\" \/>\n<meta property=\"article:modified_time\" content=\"2025-09-25T12:20:16+00:00\" \/>\n<meta property=\"og:image\" content=\"https:\/\/www.terraaquatica.com\/wp-content\/uploads\/2020\/11\/montagecoco.jpg\" \/>\n\t<meta property=\"og:image:width\" content=\"547\" \/>\n\t<meta property=\"og:image:height\" content=\"800\" \/>\n\t<meta property=\"og:image:type\" content=\"image\/jpeg\" \/>\n<meta name=\"twitter:card\" content=\"summary_large_image\" \/>\n<meta name=\"twitter:label1\" content=\"Dur\u00e9e de lecture estim\u00e9e\" \/>\n\t<meta name=\"twitter:data1\" content=\"1 minute\" \/>\n<script type=\"application\/ld+json\" class=\"yoast-schema-graph\">{\"@context\":\"https:\\\/\\\/schema.org\",\"@graph\":[{\"@type\":\"WebPage\",\"@id\":\"https:\\\/\\\/www.terraaquatica.com\\\/fr\\\/substrats-de-culture\\\/cocofiber-html-3\",\"url\":\"https:\\\/\\\/www.terraaquatica.com\\\/fr\\\/substrats-de-culture\\\/cocofiber-html-3\",\"name\":\"Coco Fiber & Coco Fiber avec perlite - Terra Aquatica\",\"isPartOf\":{\"@id\":\"https:\\\/\\\/www.terraaquatica.com\\\/#website\"},\"primaryImageOfPage\":{\"@id\":\"https:\\\/\\\/www.terraaquatica.com\\\/fr\\\/substrats-de-culture\\\/cocofiber-html-3#primaryimage\"},\"image\":{\"@id\":\"https:\\\/\\\/www.terraaquatica.com\\\/fr\\\/substrats-de-culture\\\/cocofiber-html-3#primaryimage\"},\"thumbnailUrl\":\"https:\\\/\\\/www.terraaquatica.com\\\/wp-content\\\/uploads\\\/2020\\\/11\\\/montagecoco.jpg\",\"datePublished\":\"2018-05-03T07:13:34+00:00\",\"dateModified\":\"2025-09-25T12:20:16+00:00\",\"breadcrumb\":{\"@id\":\"https:\\\/\\\/www.terraaquatica.com\\\/fr\\\/substrats-de-culture\\\/cocofiber-html-3#breadcrumb\"},\"inLanguage\":\"fr-FR\",\"potentialAction\":[{\"@type\":\"ReadAction\",\"target\":[\"https:\\\/\\\/www.terraaquatica.com\\\/fr\\\/substrats-de-culture\\\/cocofiber-html-3\"]}]},{\"@type\":\"ImageObject\",\"inLanguage\":\"fr-FR\",\"@id\":\"https:\\\/\\\/www.terraaquatica.com\\\/fr\\\/substrats-de-culture\\\/cocofiber-html-3#primaryimage\",\"url\":\"https:\\\/\\\/www.terraaquatica.com\\\/wp-content\\\/uploads\\\/2020\\\/11\\\/montagecoco.jpg\",\"contentUrl\":\"https:\\\/\\\/www.terraaquatica.com\\\/wp-content\\\/uploads\\\/2020\\\/11\\\/montagecoco.jpg\",\"width\":547,\"height\":800,\"caption\":\"COCO FIBER & COCO FIBER WITH PERLITE\"},{\"@type\":\"BreadcrumbList\",\"@id\":\"https:\\\/\\\/www.terraaquatica.com\\\/fr\\\/substrats-de-culture\\\/cocofiber-html-3#breadcrumb\",\"itemListElement\":[{\"@type\":\"ListItem\",\"position\":1,\"name\":\"Accueil\",\"item\":\"https:\\\/\\\/www.terraaquatica.com\\\/fr\\\/\"},{\"@type\":\"ListItem\",\"position\":2,\"name\":\"Products\",\"item\":\"https:\\\/\\\/www.terraaquatica.com\\\/fr\\\/product\\\/\"},{\"@type\":\"ListItem\",\"position\":3,\"name\":\"Coco Fiber &#038; Coco Fiber avec perlite\"}]},{\"@type\":\"WebSite\",\"@id\":\"https:\\\/\\\/www.terraaquatica.com\\\/#website\",\"url\":\"https:\\\/\\\/www.terraaquatica.com\\\/\",\"name\":\"Terra Aquatica\",\"description\":\"Engrais et syst\u00e8mes de culture depuis 1995\",\"publisher\":{\"@id\":\"https:\\\/\\\/www.terraaquatica.com\\\/#organization\"},\"potentialAction\":[{\"@type\":\"SearchAction\",\"target\":{\"@type\":\"EntryPoint\",\"urlTemplate\":\"https:\\\/\\\/www.terraaquatica.com\\\/?s={search_term_string}\"},\"query-input\":{\"@type\":\"PropertyValueSpecification\",\"valueRequired\":true,\"valueName\":\"search_term_string\"}}],\"inLanguage\":\"fr-FR\"},{\"@type\":\"Organization\",\"@id\":\"https:\\\/\\\/www.terraaquatica.com\\\/#organization\",\"name\":\"Terra Aquatica\",\"url\":\"https:\\\/\\\/www.terraaquatica.com\\\/\",\"logo\":{\"@type\":\"ImageObject\",\"inLanguage\":\"fr-FR\",\"@id\":\"https:\\\/\\\/www.terraaquatica.com\\\/#\\\/schema\\\/logo\\\/image\\\/\",\"url\":\"https:\\\/\\\/www.terraaquatica.com\\\/wp-content\\\/uploads\\\/2022\\\/03\\\/favicon-transpa-big.png\",\"contentUrl\":\"https:\\\/\\\/www.terraaquatica.com\\\/wp-content\\\/uploads\\\/2022\\\/03\\\/favicon-transpa-big.png\",\"width\":512,\"height\":512,\"caption\":\"Terra Aquatica\"},\"image\":{\"@id\":\"https:\\\/\\\/www.terraaquatica.com\\\/#\\\/schema\\\/logo\\\/image\\\/\"}}]}<\/script>\n<!-- \/ Yoast SEO plugin. -->","yoast_head_json":{"title":"Coco Fiber & Coco Fiber avec perlite - Terra Aquatica","robots":{"index":"index","follow":"follow","max-snippet":"max-snippet:-1","max-image-preview":"max-image-preview:large","max-video-preview":"max-video-preview:-1"},"canonical":"https:\/\/www.terraaquatica.com\/fr\/substrats-de-culture\/cocofiber-html-3\/","og_locale":"fr_FR","og_type":"article","og_title":"Coco Fiber & Coco Fiber avec perlite - Terra Aquatica","og_description":"Substrats premium, ultra-propres, issus d\u2019une source biologique enti\u00e8rement renouvelable, qui allient la simplicit\u00e9 de la culture en terre et les [&hellip;]","og_url":"https:\/\/www.terraaquatica.com\/fr\/substrats-de-culture\/cocofiber-html-3","og_site_name":"Terra Aquatica","article_modified_time":"2025-09-25T12:20:16+00:00","og_image":[{"width":547,"height":800,"url":"https:\/\/www.terraaquatica.com\/wp-content\/uploads\/2020\/11\/montagecoco.jpg","type":"image\/jpeg"}],"twitter_card":"summary_large_image","twitter_misc":{"Dur\u00e9e de lecture estim\u00e9e":"1 minute"},"schema":{"@context":"https:\/\/schema.org","@graph":[{"@type":"WebPage","@id":"https:\/\/www.terraaquatica.com\/fr\/substrats-de-culture\/cocofiber-html-3","url":"https:\/\/www.terraaquatica.com\/fr\/substrats-de-culture\/cocofiber-html-3","name":"Coco Fiber & Coco Fiber avec perlite - Terra Aquatica","isPartOf":{"@id":"https:\/\/www.terraaquatica.com\/#website"},"primaryImageOfPage":{"@id":"https:\/\/www.terraaquatica.com\/fr\/substrats-de-culture\/cocofiber-html-3#primaryimage"},"image":{"@id":"https:\/\/www.terraaquatica.com\/fr\/substrats-de-culture\/cocofiber-html-3#primaryimage"},"thumbnailUrl":"https:\/\/www.terraaquatica.com\/wp-content\/uploads\/2020\/11\/montagecoco.jpg","datePublished":"2018-05-03T07:13:34+00:00","dateModified":"2025-09-25T12:20:16+00:00","breadcrumb":{"@id":"https:\/\/www.terraaquatica.com\/fr\/substrats-de-culture\/cocofiber-html-3#breadcrumb"},"inLanguage":"fr-FR","potentialAction":[{"@type":"ReadAction","target":["https:\/\/www.terraaquatica.com\/fr\/substrats-de-culture\/cocofiber-html-3"]}]},{"@type":"ImageObject","inLanguage":"fr-FR","@id":"https:\/\/www.terraaquatica.com\/fr\/substrats-de-culture\/cocofiber-html-3#primaryimage","url":"https:\/\/www.terraaquatica.com\/wp-content\/uploads\/2020\/11\/montagecoco.jpg","contentUrl":"https:\/\/www.terraaquatica.com\/wp-content\/uploads\/2020\/11\/montagecoco.jpg","width":547,"height":800,"caption":"COCO FIBER & COCO FIBER WITH PERLITE"},{"@type":"BreadcrumbList","@id":"https:\/\/www.terraaquatica.com\/fr\/substrats-de-culture\/cocofiber-html-3#breadcrumb","itemListElement":[{"@type":"ListItem","position":1,"name":"Accueil","item":"https:\/\/www.terraaquatica.com\/fr\/"},{"@type":"ListItem","position":2,"name":"Products","item":"https:\/\/www.terraaquatica.com\/fr\/product\/"},{"@type":"ListItem","position":3,"name":"Coco Fiber &#038; Coco Fiber avec perlite"}]},{"@type":"WebSite","@id":"https:\/\/www.terraaquatica.com\/#website","url":"https:\/\/www.terraaquatica.com\/","name":"Terra Aquatica","description":"Engrais et syst\u00e8mes de culture depuis 1995","publisher":{"@id":"https:\/\/www.terraaquatica.com\/#organization"},"potentialAction":[{"@type":"SearchAction","target":{"@type":"EntryPoint","urlTemplate":"https:\/\/www.terraaquatica.com\/?s={search_term_string}"},"query-input":{"@type":"PropertyValueSpecification","valueRequired":true,"valueName":"search_term_string"}}],"inLanguage":"fr-FR"},{"@type":"Organization","@id":"https:\/\/www.terraaquatica.com\/#organization","name":"Terra Aquatica","url":"https:\/\/www.terraaquatica.com\/","logo":{"@type":"ImageObject","inLanguage":"fr-FR","@id":"https:\/\/www.terraaquatica.com\/#\/schema\/logo\/image\/","url":"https:\/\/www.terraaquatica.com\/wp-content\/uploads\/2022\/03\/favicon-transpa-big.png","contentUrl":"https:\/\/www.terraaquatica.com\/wp-content\/uploads\/2022\/03\/favicon-transpa-big.png","width":512,"height":512,"caption":"Terra Aquatica"},"image":{"@id":"https:\/\/www.terraaquatica.com\/#\/schema\/logo\/image\/"}}]}},"_links":{"self":[{"href":"https:\/\/www.terraaquatica.com\/fr\/wp-json\/wp\/v2\/product\/1858","targetHints":{"allow":["GET"]}}],"collection":[{"href":"https:\/\/www.terraaquatica.com\/fr\/wp-json\/wp\/v2\/product"}],"about":[{"href":"https:\/\/www.terraaquatica.com\/fr\/wp-json\/wp\/v2\/types\/product"}],"author":[{"embeddable":true,"href":"https:\/\/www.terraaquatica.com\/fr\/wp-json\/wp\/v2\/users\/3"}],"wp:featuredmedia":[{"embeddable":true,"href":"https:\/\/www.terraaquatica.com\/fr\/wp-json\/wp\/v2\/media\/1765"}],"wp:attachment":[{"href":"https:\/\/www.terraaquatica.com\/fr\/wp-json\/wp\/v2\/media?parent=1858"}],"wp:term":[{"taxonomy":"m_thode_de_culture","embeddable":true,"href":"https:\/\/www.terraaquatica.com\/fr\/wp-json\/wp\/v2\/m_thode_de_culture?post=1858"},{"taxonomy":"substrat","embeddable":true,"href":"https:\/\/www.terraaquatica.com\/fr\/wp-json\/wp\/v2\/substrat?post=1858"},{"taxonomy":"product_category","embeddable":true,"href":"https:\/\/www.terraaquatica.com\/fr\/wp-json\/wp\/v2\/product_category?post=1858"}],"curies":[{"name":"wp","href":"https:\/\/api.w.org\/{rel}","templated":true}]}}